{"id":10128,"date":"2022-11-18T13:45:12","date_gmt":"2022-11-18T13:45:12","guid":{"rendered":"https:\/\/sklep.edudomo.pl\/?post_type=product&#038;p=10128"},"modified":"2025-10-26T05:59:02","modified_gmt":"2025-10-26T05:59:02","slug":"potrzeby-czlowieka-wedlug-maslowa-puzzle","status":"publish","type":"product","link":"https:\/\/sklep.edudomo.pl\/en\/sklep\/potrzeby-czlowieka-wedlug-maslowa-puzzle\/","title":{"rendered":"Potrzeby cz\u0142owieka wed\u0142ug Maslowa. puzzle"},"content":{"rendered":"<p><span class=\"ILfuVd\" lang=\"pl\"><span class=\"hgKElc\">Wed\u0142ug Maslowa (kt\u00f3ry by\u0142 ameryka\u0144skim psychologiem, \u017cyj\u0105cym w latach 1908\u20131970) potrzeby cz\u0142owieka mo\u017cemy podzieli\u0107 na pi\u0119\u0107 kategorii: <b>potrzeby fizjologiczne, bezpiecze\u0144stwa, mi\u0142o\u015bci, szacunku i samorealizacji<\/b><\/span><\/span><\/p>\n<p>oto puzzle EduDoMo &#8211; plakietki na planszy o wymiarach oko\u0142o 16cm x 16 cm<\/p>\n","protected":false},"excerpt":{"rendered":"<p>Wed\u0142ug Maslowa (kt\u00f3ry by\u0142 ameryka\u0144skim psychologiem, \u017cyj\u0105cym w latach 1908\u20131970) potrzeby cz\u0142owieka mo\u017cemy podzieli\u0107 na pi\u0119\u0107 kategorii: potrzeby fizjologiczne, bezpiecze\u0144stwa, mi\u0142o\u015bci, szacunku i samorealizacji oto puzzle EduDoMo &#8211; plakietki na planszy o wymiarach oko\u0142o 16cm x 16 cm<\/p>\n","protected":false},"featured_media":10129,"comment_status":"open","ping_status":"closed","template":"","meta":[],"product_brand":[],"product_cat":[84],"product_tag":[],"class_list":{"0":"post-10128","1":"product","2":"type-product","3":"status-publish","4":"has-post-thumbnail","6":"product_cat-edukacja-kosmiczna","7":"product_shipping_class-inpost-kurier-a","9":"first","10":"onbackorder","11":"taxable","12":"shipping-taxable","13":"purchasable","14":"product-type-simple"},"yoast_head":"<!-- This site is optimized with the Yoast SEO plugin v26.5 - https:\/\/yoast.com\/wordpress\/plugins\/seo\/ -->\n<title>Potrzeby cz\u0142owieka wed\u0142ug Maslowa. puzzle<\/title>\n<meta name=\"robots\" content=\"index, follow, max-snippet:-1, max-image-preview:large, max-video-preview:-1\" \/>\n<link rel=\"canonical\" href=\"https:\/\/sklep.edudomo.pl\/en\/sklep\/potrzeby-czlowieka-wedlug-maslowa-puzzle\/\" \/>\n<meta property=\"og:locale\" content=\"en_GB\" \/>\n<meta property=\"og:locale:alternate\" content=\"pl_PL\" \/>\n<meta property=\"og:type\" content=\"article\" \/>\n<meta property=\"og:title\" content=\"Potrzeby cz\u0142owieka wed\u0142ug Maslowa. puzzle\" \/>\n<meta property=\"og:description\" content=\"Wed\u0142ug Maslowa (kt\u00f3ry by\u0142 ameryka\u0144skim psychologiem, \u017cyj\u0105cym w latach 1908\u20131970) potrzeby cz\u0142owieka mo\u017cemy podzieli\u0107 na pi\u0119\u0107 kategorii: potrzeby fizjologiczne, bezpiecze\u0144stwa, mi\u0142o\u015bci, szacunku i samorealizacji oto puzzle EduDoMo &#8211; plakietki na planszy o wymiarach oko\u0142o 16cm x 16 cm\" \/>\n<meta property=\"og:url\" content=\"https:\/\/sklep.edudomo.pl\/en\/sklep\/potrzeby-czlowieka-wedlug-maslowa-puzzle\/\" \/>\n<meta property=\"og:site_name\" content=\"sklep EduDoMo\" \/>\n<meta property=\"article:modified_time\" content=\"2025-10-26T05:59:02+00:00\" \/>\n<meta property=\"og:image\" content=\"https:\/\/sklep.edudomo.pl\/wp-content\/uploads\/2022\/11\/IMG_9843.jpg\" \/>\n\t<meta property=\"og:image:width\" content=\"640\" \/>\n\t<meta property=\"og:image:height\" content=\"598\" \/>\n\t<meta property=\"og:image:type\" content=\"image\/jpeg\" \/>\n<meta name=\"twitter:card\" content=\"summary_large_image\" \/>\n<meta name=\"twitter:label1\" content=\"Estimated reading time\" \/>\n\t<meta name=\"twitter:data1\" content=\"1 minute\" \/>\n<script type=\"application\/ld+json\" class=\"yoast-schema-graph\">{\"@context\":\"https:\/\/schema.org\",\"@graph\":[{\"@type\":\"WebPage\",\"@id\":\"https:\/\/sklep.edudomo.pl\/sklep\/potrzeby-czlowieka-wedlug-maslowa-puzzle\/\",\"url\":\"https:\/\/sklep.edudomo.pl\/sklep\/potrzeby-czlowieka-wedlug-maslowa-puzzle\/\",\"name\":\"Potrzeby cz\u0142owieka wed\u0142ug Maslowa. puzzle\",\"isPartOf\":{\"@id\":\"https:\/\/sklep.edudomo.pl\/#website\"},\"primaryImageOfPage\":{\"@id\":\"https:\/\/sklep.edudomo.pl\/sklep\/potrzeby-czlowieka-wedlug-maslowa-puzzle\/#primaryimage\"},\"image\":{\"@id\":\"https:\/\/sklep.edudomo.pl\/sklep\/potrzeby-czlowieka-wedlug-maslowa-puzzle\/#primaryimage\"},\"thumbnailUrl\":\"https:\/\/sklep.edudomo.pl\/wp-content\/uploads\/2022\/11\/IMG_9843.jpg\",\"datePublished\":\"2022-11-18T13:45:12+00:00\",\"dateModified\":\"2025-10-26T05:59:02+00:00\",\"breadcrumb\":{\"@id\":\"https:\/\/sklep.edudomo.pl\/sklep\/potrzeby-czlowieka-wedlug-maslowa-puzzle\/#breadcrumb\"},\"inLanguage\":\"en-GB\",\"potentialAction\":[{\"@type\":\"ReadAction\",\"target\":[\"https:\/\/sklep.edudomo.pl\/sklep\/potrzeby-czlowieka-wedlug-maslowa-puzzle\/\"]}]},{\"@type\":\"ImageObject\",\"inLanguage\":\"en-GB\",\"@id\":\"https:\/\/sklep.edudomo.pl\/sklep\/potrzeby-czlowieka-wedlug-maslowa-puzzle\/#primaryimage\",\"url\":\"https:\/\/sklep.edudomo.pl\/wp-content\/uploads\/2022\/11\/IMG_9843.jpg\",\"contentUrl\":\"https:\/\/sklep.edudomo.pl\/wp-content\/uploads\/2022\/11\/IMG_9843.jpg\",\"width\":640,\"height\":598,\"caption\":\"potrzeby cz\u0142owieka wg Maslowa\"},{\"@type\":\"BreadcrumbList\",\"@id\":\"https:\/\/sklep.edudomo.pl\/sklep\/potrzeby-czlowieka-wedlug-maslowa-puzzle\/#breadcrumb\",\"itemListElement\":[{\"@type\":\"ListItem\",\"position\":1,\"name\":\"Strona g\u0142\u00f3wna\",\"item\":\"https:\/\/sklep.edudomo.pl\/\"},{\"@type\":\"ListItem\",\"position\":2,\"name\":\"Sklep\",\"item\":\"https:\/\/sklep.edudomo.pl\/\"},{\"@type\":\"ListItem\",\"position\":3,\"name\":\"Potrzeby cz\u0142owieka wed\u0142ug Maslowa. puzzle\"}]},{\"@type\":\"WebSite\",\"@id\":\"https:\/\/sklep.edudomo.pl\/#website\",\"url\":\"https:\/\/sklep.edudomo.pl\/\",\"name\":\"sklep EduDoMo\",\"description\":\"Edukacja Domowa. Terapia. Wspieranie Talent&oacute;w\",\"publisher\":{\"@id\":\"https:\/\/sklep.edudomo.pl\/#organization\"},\"potentialAction\":[{\"@type\":\"SearchAction\",\"target\":{\"@type\":\"EntryPoint\",\"urlTemplate\":\"https:\/\/sklep.edudomo.pl\/?s={search_term_string}\"},\"query-input\":{\"@type\":\"PropertyValueSpecification\",\"valueRequired\":true,\"valueName\":\"search_term_string\"}}],\"inLanguage\":\"en-GB\"},{\"@type\":\"Organization\",\"@id\":\"https:\/\/sklep.edudomo.pl\/#organization\",\"name\":\"EduDoMo\",\"url\":\"https:\/\/sklep.edudomo.pl\/\",\"logo\":{\"@type\":\"ImageObject\",\"inLanguage\":\"en-GB\",\"@id\":\"https:\/\/sklep.edudomo.pl\/#\/schema\/logo\/image\/\",\"url\":\"https:\/\/sklep.edudomo.pl\/wp-content\/uploads\/2019\/11\/cropped-logo-edudomo-sowa.jpg\",\"contentUrl\":\"https:\/\/sklep.edudomo.pl\/wp-content\/uploads\/2019\/11\/cropped-logo-edudomo-sowa.jpg\",\"width\":120,\"height\":120,\"caption\":\"EduDoMo\"},\"image\":{\"@id\":\"https:\/\/sklep.edudomo.pl\/#\/schema\/logo\/image\/\"}}]}<\/script>\n<!-- \/ Yoast SEO plugin. -->","yoast_head_json":{"title":"Potrzeby cz\u0142owieka wed\u0142ug Maslowa. puzzle","robots":{"index":"index","follow":"follow","max-snippet":"max-snippet:-1","max-image-preview":"max-image-preview:large","max-video-preview":"max-video-preview:-1"},"canonical":"https:\/\/sklep.edudomo.pl\/en\/sklep\/potrzeby-czlowieka-wedlug-maslowa-puzzle\/","og_locale":"en_GB","og_type":"article","og_title":"[:pl]Potrzeby cz\u0142owieka wed\u0142ug Maslowa. puzzle[:] - sklep EduDoMo","og_description":"Wed\u0142ug Maslowa (kt\u00f3ry by\u0142 ameryka\u0144skim psychologiem, \u017cyj\u0105cym w latach 1908\u20131970) potrzeby cz\u0142owieka mo\u017cemy podzieli\u0107 na pi\u0119\u0107 kategorii: potrzeby fizjologiczne, bezpiecze\u0144stwa, mi\u0142o\u015bci, szacunku i samorealizacji oto puzzle EduDoMo &#8211; plakietki na planszy o wymiarach oko\u0142o 16cm x 16 cm","og_url":"https:\/\/sklep.edudomo.pl\/en\/sklep\/potrzeby-czlowieka-wedlug-maslowa-puzzle\/","og_site_name":"sklep EduDoMo","article_modified_time":"2025-10-26T05:59:02+00:00","og_image":[{"width":640,"height":598,"url":"https:\/\/sklep.edudomo.pl\/wp-content\/uploads\/2022\/11\/IMG_9843.jpg","type":"image\/jpeg"}],"twitter_card":"summary_large_image","twitter_misc":{"Estimated reading time":"1 minute"},"schema":{"@context":"https:\/\/schema.org","@graph":[{"@type":"WebPage","@id":"https:\/\/sklep.edudomo.pl\/sklep\/potrzeby-czlowieka-wedlug-maslowa-puzzle\/","url":"https:\/\/sklep.edudomo.pl\/sklep\/potrzeby-czlowieka-wedlug-maslowa-puzzle\/","name":"Potrzeby cz\u0142owieka wed\u0142ug Maslowa. puzzle","isPartOf":{"@id":"https:\/\/sklep.edudomo.pl\/#website"},"primaryImageOfPage":{"@id":"https:\/\/sklep.edudomo.pl\/sklep\/potrzeby-czlowieka-wedlug-maslowa-puzzle\/#primaryimage"},"image":{"@id":"https:\/\/sklep.edudomo.pl\/sklep\/potrzeby-czlowieka-wedlug-maslowa-puzzle\/#primaryimage"},"thumbnailUrl":"https:\/\/sklep.edudomo.pl\/wp-content\/uploads\/2022\/11\/IMG_9843.jpg","datePublished":"2022-11-18T13:45:12+00:00","dateModified":"2025-10-26T05:59:02+00:00","breadcrumb":{"@id":"https:\/\/sklep.edudomo.pl\/sklep\/potrzeby-czlowieka-wedlug-maslowa-puzzle\/#breadcrumb"},"inLanguage":"en-GB","potentialAction":[{"@type":"ReadAction","target":["https:\/\/sklep.edudomo.pl\/sklep\/potrzeby-czlowieka-wedlug-maslowa-puzzle\/"]}]},{"@type":"ImageObject","inLanguage":"en-GB","@id":"https:\/\/sklep.edudomo.pl\/sklep\/potrzeby-czlowieka-wedlug-maslowa-puzzle\/#primaryimage","url":"https:\/\/sklep.edudomo.pl\/wp-content\/uploads\/2022\/11\/IMG_9843.jpg","contentUrl":"https:\/\/sklep.edudomo.pl\/wp-content\/uploads\/2022\/11\/IMG_9843.jpg","width":640,"height":598,"caption":"potrzeby cz\u0142owieka wg Maslowa"},{"@type":"BreadcrumbList","@id":"https:\/\/sklep.edudomo.pl\/sklep\/potrzeby-czlowieka-wedlug-maslowa-puzzle\/#breadcrumb","itemListElement":[{"@type":"ListItem","position":1,"name":"Strona g\u0142\u00f3wna","item":"https:\/\/sklep.edudomo.pl\/"},{"@type":"ListItem","position":2,"name":"Sklep","item":"https:\/\/sklep.edudomo.pl\/"},{"@type":"ListItem","position":3,"name":"Potrzeby cz\u0142owieka wed\u0142ug Maslowa. puzzle"}]},{"@type":"WebSite","@id":"https:\/\/sklep.edudomo.pl\/#website","url":"https:\/\/sklep.edudomo.pl\/","name":"sklep EduDoMo","description":"Edukacja Domowa. Terapia. Wspieranie Talent&oacute;w","publisher":{"@id":"https:\/\/sklep.edudomo.pl\/#organization"},"potentialAction":[{"@type":"SearchAction","target":{"@type":"EntryPoint","urlTemplate":"https:\/\/sklep.edudomo.pl\/?s={search_term_string}"},"query-input":{"@type":"PropertyValueSpecification","valueRequired":true,"valueName":"search_term_string"}}],"inLanguage":"en-GB"},{"@type":"Organization","@id":"https:\/\/sklep.edudomo.pl\/#organization","name":"EduDoMo","url":"https:\/\/sklep.edudomo.pl\/","logo":{"@type":"ImageObject","inLanguage":"en-GB","@id":"https:\/\/sklep.edudomo.pl\/#\/schema\/logo\/image\/","url":"https:\/\/sklep.edudomo.pl\/wp-content\/uploads\/2019\/11\/cropped-logo-edudomo-sowa.jpg","contentUrl":"https:\/\/sklep.edudomo.pl\/wp-content\/uploads\/2019\/11\/cropped-logo-edudomo-sowa.jpg","width":120,"height":120,"caption":"EduDoMo"},"image":{"@id":"https:\/\/sklep.edudomo.pl\/#\/schema\/logo\/image\/"}}]}},"jetpack_sharing_enabled":true,"_links":{"self":[{"href":"https:\/\/sklep.edudomo.pl\/en\/wp-json\/wp\/v2\/product\/10128","targetHints":{"allow":["GET"]}}],"collection":[{"href":"https:\/\/sklep.edudomo.pl\/en\/wp-json\/wp\/v2\/product"}],"about":[{"href":"https:\/\/sklep.edudomo.pl\/en\/wp-json\/wp\/v2\/types\/product"}],"replies":[{"embeddable":true,"href":"https:\/\/sklep.edudomo.pl\/en\/wp-json\/wp\/v2\/comments?post=10128"}],"wp:featuredmedia":[{"embeddable":true,"href":"https:\/\/sklep.edudomo.pl\/en\/wp-json\/wp\/v2\/media\/10129"}],"wp:attachment":[{"href":"https:\/\/sklep.edudomo.pl\/en\/wp-json\/wp\/v2\/media?parent=10128"}],"wp:term":[{"taxonomy":"product_brand","embeddable":true,"href":"https:\/\/sklep.edudomo.pl\/en\/wp-json\/wp\/v2\/product_brand?post=10128"},{"taxonomy":"product_cat","embeddable":true,"href":"https:\/\/sklep.edudomo.pl\/en\/wp-json\/wp\/v2\/product_cat?post=10128"},{"taxonomy":"product_tag","embeddable":true,"href":"https:\/\/sklep.edudomo.pl\/en\/wp-json\/wp\/v2\/product_tag?post=10128"}],"curies":[{"name":"wp","href":"https:\/\/api.w.org\/{rel}","templated":true}]}}