{"id":10508,"date":"2023-02-24T20:25:31","date_gmt":"2023-02-24T20:25:31","guid":{"rendered":"https:\/\/sklep.edudomo.pl\/?post_type=product&#038;p=10508"},"modified":"2025-11-25T16:51:41","modified_gmt":"2025-11-25T16:51:41","slug":"linia-czasu-1-i-2-od-prehistorii-do-dzis","status":"publish","type":"product","link":"https:\/\/sklep.edudomo.pl\/en\/sklep\/linia-czasu-1-i-2-od-prehistorii-do-dzis\/","title":{"rendered":"Linia czasu 1 i 2. Od Prehistorii do dzi\u015b."},"content":{"rendered":"<p>Linia czasu 1 i 2. od Prehistorii do dzi\u015b.<\/p>\n<p>Linia czasu 1. PREHISTORIA<\/p>\n<p>puzzle linia czasu wraz z 2 tablicami kontrolnymi i pude\u0142kami<\/p>\n<p>-d\u0142ugo\u015b\u0107 u\u0142o\u017conej linii to oko\u0142o 4 metry<\/p>\n","protected":false},"excerpt":{"rendered":"<p>Linia czasu 1 i 2. od Prehistorii do dzi\u015b. Linia czasu 1. PREHISTORIA puzzle linia czasu wraz z 2 tablicami kontrolnymi i pude\u0142kami -d\u0142ugo\u015b\u0107 u\u0142o\u017conej linii to oko\u0142o 4 metry<\/p>\n","protected":false},"featured_media":10509,"comment_status":"open","ping_status":"closed","template":"","meta":[],"product_brand":[],"product_cat":[84,120,86],"product_tag":[],"class_list":{"0":"post-10508","1":"product","2":"type-product","3":"status-publish","4":"has-post-thumbnail","6":"product_cat-edukacja-kosmiczna","7":"product_cat-historia","8":"product_cat-material-sensoryczny","10":"first","11":"onbackorder","12":"taxable","13":"shipping-taxable","14":"purchasable","15":"product-type-simple"},"yoast_head":"<!-- This site is optimized with the Yoast SEO plugin v26.5 - https:\/\/yoast.com\/wordpress\/plugins\/seo\/ -->\n<title>Linia czasu 1 i 2. Od Prehistorii do dzi\u015b.<\/title>\n<meta name=\"robots\" content=\"index, follow, max-snippet:-1, max-image-preview:large, max-video-preview:-1\" \/>\n<link rel=\"canonical\" href=\"https:\/\/sklep.edudomo.pl\/en\/sklep\/linia-czasu-1-i-2-od-prehistorii-do-dzis\/\" \/>\n<meta property=\"og:locale\" content=\"en_GB\" \/>\n<meta property=\"og:locale:alternate\" content=\"pl_PL\" \/>\n<meta property=\"og:type\" content=\"article\" \/>\n<meta property=\"og:title\" content=\"Linia czasu 1 i 2. Od Prehistorii do dzi\u015b.\" \/>\n<meta property=\"og:description\" content=\"Linia czasu 1 i 2. od Prehistorii do dzi\u015b. Linia czasu 1. PREHISTORIA puzzle linia czasu wraz z 2 tablicami kontrolnymi i pude\u0142kami -d\u0142ugo\u015b\u0107 u\u0142o\u017conej linii to oko\u0142o 4 metry\" \/>\n<meta property=\"og:url\" content=\"https:\/\/sklep.edudomo.pl\/en\/sklep\/linia-czasu-1-i-2-od-prehistorii-do-dzis\/\" \/>\n<meta property=\"og:site_name\" content=\"sklep EduDoMo\" \/>\n<meta property=\"article:modified_time\" content=\"2025-11-25T16:51:41+00:00\" \/>\n<meta property=\"og:image\" content=\"https:\/\/sklep.edudomo.pl\/wp-content\/uploads\/2023\/02\/IMG_2261.jpg\" \/>\n\t<meta property=\"og:image:width\" content=\"640\" \/>\n\t<meta property=\"og:image:height\" content=\"443\" \/>\n\t<meta property=\"og:image:type\" content=\"image\/jpeg\" \/>\n<meta name=\"twitter:card\" content=\"summary_large_image\" \/>\n<meta name=\"twitter:label1\" content=\"Estimated reading time\" \/>\n\t<meta name=\"twitter:data1\" content=\"1 minute\" \/>\n<script type=\"application\/ld+json\" class=\"yoast-schema-graph\">{\"@context\":\"https:\/\/schema.org\",\"@graph\":[{\"@type\":\"WebPage\",\"@id\":\"https:\/\/sklep.edudomo.pl\/sklep\/linia-czasu-1-i-2-od-prehistorii-do-dzis\/\",\"url\":\"https:\/\/sklep.edudomo.pl\/sklep\/linia-czasu-1-i-2-od-prehistorii-do-dzis\/\",\"name\":\"Linia czasu 1 i 2. Od Prehistorii do dzi\u015b.\",\"isPartOf\":{\"@id\":\"https:\/\/sklep.edudomo.pl\/#website\"},\"primaryImageOfPage\":{\"@id\":\"https:\/\/sklep.edudomo.pl\/sklep\/linia-czasu-1-i-2-od-prehistorii-do-dzis\/#primaryimage\"},\"image\":{\"@id\":\"https:\/\/sklep.edudomo.pl\/sklep\/linia-czasu-1-i-2-od-prehistorii-do-dzis\/#primaryimage\"},\"thumbnailUrl\":\"https:\/\/sklep.edudomo.pl\/wp-content\/uploads\/2023\/02\/IMG_2261.jpg\",\"datePublished\":\"2023-02-24T20:25:31+00:00\",\"dateModified\":\"2025-11-25T16:51:41+00:00\",\"breadcrumb\":{\"@id\":\"https:\/\/sklep.edudomo.pl\/sklep\/linia-czasu-1-i-2-od-prehistorii-do-dzis\/#breadcrumb\"},\"inLanguage\":\"en-GB\",\"potentialAction\":[{\"@type\":\"ReadAction\",\"target\":[\"https:\/\/sklep.edudomo.pl\/sklep\/linia-czasu-1-i-2-od-prehistorii-do-dzis\/\"]}]},{\"@type\":\"ImageObject\",\"inLanguage\":\"en-GB\",\"@id\":\"https:\/\/sklep.edudomo.pl\/sklep\/linia-czasu-1-i-2-od-prehistorii-do-dzis\/#primaryimage\",\"url\":\"https:\/\/sklep.edudomo.pl\/wp-content\/uploads\/2023\/02\/IMG_2261.jpg\",\"contentUrl\":\"https:\/\/sklep.edudomo.pl\/wp-content\/uploads\/2023\/02\/IMG_2261.jpg\",\"width\":640,\"height\":443,\"caption\":\"Linia czasu 1 i 2 od PREHISTORIi do dzi\u015b\"},{\"@type\":\"BreadcrumbList\",\"@id\":\"https:\/\/sklep.edudomo.pl\/sklep\/linia-czasu-1-i-2-od-prehistorii-do-dzis\/#breadcrumb\",\"itemListElement\":[{\"@type\":\"ListItem\",\"position\":1,\"name\":\"Strona g\u0142\u00f3wna\",\"item\":\"https:\/\/sklep.edudomo.pl\/\"},{\"@type\":\"ListItem\",\"position\":2,\"name\":\"Sklep\",\"item\":\"https:\/\/sklep.edudomo.pl\/\"},{\"@type\":\"ListItem\",\"position\":3,\"name\":\"Linia czasu 1 i 2. Od Prehistorii do dzi\u015b.\"}]},{\"@type\":\"WebSite\",\"@id\":\"https:\/\/sklep.edudomo.pl\/#website\",\"url\":\"https:\/\/sklep.edudomo.pl\/\",\"name\":\"sklep EduDoMo\",\"description\":\"Edukacja Domowa. Terapia. Wspieranie Talent&oacute;w\",\"publisher\":{\"@id\":\"https:\/\/sklep.edudomo.pl\/#organization\"},\"potentialAction\":[{\"@type\":\"SearchAction\",\"target\":{\"@type\":\"EntryPoint\",\"urlTemplate\":\"https:\/\/sklep.edudomo.pl\/?s={search_term_string}\"},\"query-input\":{\"@type\":\"PropertyValueSpecification\",\"valueRequired\":true,\"valueName\":\"search_term_string\"}}],\"inLanguage\":\"en-GB\"},{\"@type\":\"Organization\",\"@id\":\"https:\/\/sklep.edudomo.pl\/#organization\",\"name\":\"EduDoMo\",\"url\":\"https:\/\/sklep.edudomo.pl\/\",\"logo\":{\"@type\":\"ImageObject\",\"inLanguage\":\"en-GB\",\"@id\":\"https:\/\/sklep.edudomo.pl\/#\/schema\/logo\/image\/\",\"url\":\"https:\/\/sklep.edudomo.pl\/wp-content\/uploads\/2019\/11\/cropped-logo-edudomo-sowa.jpg\",\"contentUrl\":\"https:\/\/sklep.edudomo.pl\/wp-content\/uploads\/2019\/11\/cropped-logo-edudomo-sowa.jpg\",\"width\":120,\"height\":120,\"caption\":\"EduDoMo\"},\"image\":{\"@id\":\"https:\/\/sklep.edudomo.pl\/#\/schema\/logo\/image\/\"}}]}<\/script>\n<!-- \/ Yoast SEO plugin. -->","yoast_head_json":{"title":"Linia czasu 1 i 2. Od Prehistorii do dzi\u015b.","robots":{"index":"index","follow":"follow","max-snippet":"max-snippet:-1","max-image-preview":"max-image-preview:large","max-video-preview":"max-video-preview:-1"},"canonical":"https:\/\/sklep.edudomo.pl\/en\/sklep\/linia-czasu-1-i-2-od-prehistorii-do-dzis\/","og_locale":"en_GB","og_type":"article","og_title":"[:pl]Linia czasu 1 i 2. Od Prehistorii do dzi\u015b.[:] - sklep EduDoMo","og_description":"Linia czasu 1 i 2. od Prehistorii do dzi\u015b. Linia czasu 1. PREHISTORIA puzzle linia czasu wraz z 2 tablicami kontrolnymi i pude\u0142kami -d\u0142ugo\u015b\u0107 u\u0142o\u017conej linii to oko\u0142o 4 metry","og_url":"https:\/\/sklep.edudomo.pl\/en\/sklep\/linia-czasu-1-i-2-od-prehistorii-do-dzis\/","og_site_name":"sklep EduDoMo","article_modified_time":"2025-11-25T16:51:41+00:00","og_image":[{"width":640,"height":443,"url":"https:\/\/sklep.edudomo.pl\/wp-content\/uploads\/2023\/02\/IMG_2261.jpg","type":"image\/jpeg"}],"twitter_card":"summary_large_image","twitter_misc":{"Estimated reading time":"1 minute"},"schema":{"@context":"https:\/\/schema.org","@graph":[{"@type":"WebPage","@id":"https:\/\/sklep.edudomo.pl\/sklep\/linia-czasu-1-i-2-od-prehistorii-do-dzis\/","url":"https:\/\/sklep.edudomo.pl\/sklep\/linia-czasu-1-i-2-od-prehistorii-do-dzis\/","name":"Linia czasu 1 i 2. Od Prehistorii do dzi\u015b.","isPartOf":{"@id":"https:\/\/sklep.edudomo.pl\/#website"},"primaryImageOfPage":{"@id":"https:\/\/sklep.edudomo.pl\/sklep\/linia-czasu-1-i-2-od-prehistorii-do-dzis\/#primaryimage"},"image":{"@id":"https:\/\/sklep.edudomo.pl\/sklep\/linia-czasu-1-i-2-od-prehistorii-do-dzis\/#primaryimage"},"thumbnailUrl":"https:\/\/sklep.edudomo.pl\/wp-content\/uploads\/2023\/02\/IMG_2261.jpg","datePublished":"2023-02-24T20:25:31+00:00","dateModified":"2025-11-25T16:51:41+00:00","breadcrumb":{"@id":"https:\/\/sklep.edudomo.pl\/sklep\/linia-czasu-1-i-2-od-prehistorii-do-dzis\/#breadcrumb"},"inLanguage":"en-GB","potentialAction":[{"@type":"ReadAction","target":["https:\/\/sklep.edudomo.pl\/sklep\/linia-czasu-1-i-2-od-prehistorii-do-dzis\/"]}]},{"@type":"ImageObject","inLanguage":"en-GB","@id":"https:\/\/sklep.edudomo.pl\/sklep\/linia-czasu-1-i-2-od-prehistorii-do-dzis\/#primaryimage","url":"https:\/\/sklep.edudomo.pl\/wp-content\/uploads\/2023\/02\/IMG_2261.jpg","contentUrl":"https:\/\/sklep.edudomo.pl\/wp-content\/uploads\/2023\/02\/IMG_2261.jpg","width":640,"height":443,"caption":"Linia czasu 1 i 2 od PREHISTORIi do dzi\u015b"},{"@type":"BreadcrumbList","@id":"https:\/\/sklep.edudomo.pl\/sklep\/linia-czasu-1-i-2-od-prehistorii-do-dzis\/#breadcrumb","itemListElement":[{"@type":"ListItem","position":1,"name":"Strona g\u0142\u00f3wna","item":"https:\/\/sklep.edudomo.pl\/"},{"@type":"ListItem","position":2,"name":"Sklep","item":"https:\/\/sklep.edudomo.pl\/"},{"@type":"ListItem","position":3,"name":"Linia czasu 1 i 2. Od Prehistorii do dzi\u015b."}]},{"@type":"WebSite","@id":"https:\/\/sklep.edudomo.pl\/#website","url":"https:\/\/sklep.edudomo.pl\/","name":"sklep EduDoMo","description":"Edukacja Domowa. Terapia. Wspieranie Talent&oacute;w","publisher":{"@id":"https:\/\/sklep.edudomo.pl\/#organization"},"potentialAction":[{"@type":"SearchAction","target":{"@type":"EntryPoint","urlTemplate":"https:\/\/sklep.edudomo.pl\/?s={search_term_string}"},"query-input":{"@type":"PropertyValueSpecification","valueRequired":true,"valueName":"search_term_string"}}],"inLanguage":"en-GB"},{"@type":"Organization","@id":"https:\/\/sklep.edudomo.pl\/#organization","name":"EduDoMo","url":"https:\/\/sklep.edudomo.pl\/","logo":{"@type":"ImageObject","inLanguage":"en-GB","@id":"https:\/\/sklep.edudomo.pl\/#\/schema\/logo\/image\/","url":"https:\/\/sklep.edudomo.pl\/wp-content\/uploads\/2019\/11\/cropped-logo-edudomo-sowa.jpg","contentUrl":"https:\/\/sklep.edudomo.pl\/wp-content\/uploads\/2019\/11\/cropped-logo-edudomo-sowa.jpg","width":120,"height":120,"caption":"EduDoMo"},"image":{"@id":"https:\/\/sklep.edudomo.pl\/#\/schema\/logo\/image\/"}}]}},"jetpack_sharing_enabled":true,"_links":{"self":[{"href":"https:\/\/sklep.edudomo.pl\/en\/wp-json\/wp\/v2\/product\/10508","targetHints":{"allow":["GET"]}}],"collection":[{"href":"https:\/\/sklep.edudomo.pl\/en\/wp-json\/wp\/v2\/product"}],"about":[{"href":"https:\/\/sklep.edudomo.pl\/en\/wp-json\/wp\/v2\/types\/product"}],"replies":[{"embeddable":true,"href":"https:\/\/sklep.edudomo.pl\/en\/wp-json\/wp\/v2\/comments?post=10508"}],"wp:featuredmedia":[{"embeddable":true,"href":"https:\/\/sklep.edudomo.pl\/en\/wp-json\/wp\/v2\/media\/10509"}],"wp:attachment":[{"href":"https:\/\/sklep.edudomo.pl\/en\/wp-json\/wp\/v2\/media?parent=10508"}],"wp:term":[{"taxonomy":"product_brand","embeddable":true,"href":"https:\/\/sklep.edudomo.pl\/en\/wp-json\/wp\/v2\/product_brand?post=10508"},{"taxonomy":"product_cat","embeddable":true,"href":"https:\/\/sklep.edudomo.pl\/en\/wp-json\/wp\/v2\/product_cat?post=10508"},{"taxonomy":"product_tag","embeddable":true,"href":"https:\/\/sklep.edudomo.pl\/en\/wp-json\/wp\/v2\/product_tag?post=10508"}],"curies":[{"name":"wp","href":"https:\/\/api.w.org\/{rel}","templated":true}]}}