{"id":10586,"date":"2023-03-22T10:42:15","date_gmt":"2023-03-22T10:42:15","guid":{"rendered":"https:\/\/sklep.edudomo.pl\/?post_type=product&#038;p=10586"},"modified":"2025-11-25T16:51:11","modified_gmt":"2025-11-25T16:51:11","slug":"pierwsze-proby-liczenia-najstarsze-artefakty","status":"publish","type":"product","link":"https:\/\/sklep.edudomo.pl\/en\/sklep\/pierwsze-proby-liczenia-najstarsze-artefakty\/","title":{"rendered":"\u201ePierwsze pr\u00f3by liczenia\u201d. Najstarsze artefakty."},"content":{"rendered":"<p>Przewa\u017cnie wszystko rodzi si\u0119 z potrzeby\u2026<\/p>\n<p>\u017beby zna\u0107 Ilo\u015b\u0107 Karibu, aby oszacowa\u0107 sytuacj\u0119 przed polowaniem.<\/p>\n<p>\u017beby zna\u0107 Ilo\u015b\u0107 owiec wychodz\u0105cych z jaskini, aby \u017cadna si\u0119 nie zgubi\u0142a wracaj\u0105c do niej wieczorem.<\/p>\n<p>\u017beby zaobserwowa\u0107 cykl up\u0142ywaj\u0105cych dni, aby przewidzie\u0107 urodzaj.<\/p>\n<p>Aby zmierzy\u0107 Czas.<\/p>\n<p>Ta najstarsza zasada jak\u0105 prawdopodobnie stosowano to zasada odpowiednio\u015bci. Polega\u0142a ona na tym, \u017ce \u201eprzedstawiano ilo\u015b\u0107\u201d, za pomoc\u0105 wszelkiego rodzaju liczman\u00f3w: czy to kamyk\u00f3w, muszli, paciork\u00f3w, twardych owoc\u00f3w, z\u0119b\u00f3w s\u0142onia, orzech\u00f3w kokosu, glinianych kulek, ziarna kakao czy suszonych kulek nawozu.<\/p>\n<p>Aby wyobrazi\u0107 sobie lub przekaza\u0107 komu\u015b \u201ekonkretnie: ile to jest\u201d, robiono te\u017c r\u00f3wnoliczne w\u0119ze\u0142ki ze sznurka.<\/p>\n<p>Obserwowano r\u00f3wnie\u017c Ksi\u0119\u017cyc a jego wygl\u0105d codziennie malowano na skale czy te\u017c \u017c\u0142obiono na ko\u015bci.<\/p>\n<p>U\u017cywano te\u017c w\u0142asnego cia\u0142a, aby dany jego punkt, przedstawia\u0142 konkretn\u0105 \u201eilo\u015b\u0107\u201d.<\/p>\n<p>Za pomoc\u0105 krzemienia wykonywano naci\u0119cia na ko\u015bci lub patyku i tak \u201eliczono\u201d i \u201eodliczano\u201d w\u0142a\u015bnie wtedy kiedy nie umiano liczy\u0107.<\/p>\n<p>A oto nasze \u201ePierwsze pr\u00f3by liczenia\u201d<\/p>\n<p>&nbsp;<\/p>\n<p>zestaw zawiera:<\/p>\n<p>-plansza o wymiarach 29cm na 29cm z elementami\u2013 z jednej strony ilustracje pierwszych znalezisk matematycznych z drugiej ich wyja\u015bnienia<\/p>\n<p>-strza\u0142ki z datami oraz podpisy do ilustracji.<\/p>\n<p>Uk\u0142adanka tworzona z my\u015bl\u0105 jako materia\u0142 pomocniczy do \u201c5 Wielkiej lekcji\u201d.<\/p>\n<p>mo\u017ce by\u0107 doskona\u0142ym wprowadzeniem do temat\u00f3w takich historia liczby czy pierwszy kalendarz.<\/p>\n","protected":false},"excerpt":{"rendered":"<p>Przewa\u017cnie wszystko rodzi si\u0119 z potrzeby\u2026 \u017beby zna\u0107 Ilo\u015b\u0107 Karibu, aby oszacowa\u0107 sytuacj\u0119 przed polowaniem. \u017beby zna\u0107 Ilo\u015b\u0107 owiec wychodz\u0105cych z jaskini, aby \u017cadna si\u0119 nie zgubi\u0142a wracaj\u0105c do niej wieczorem. \u017beby zaobserwowa\u0107 cykl up\u0142ywaj\u0105cych dni, aby przewidzie\u0107 urodzaj. Aby zmierzy\u0107 Czas. Ta najstarsza zasada jak\u0105 prawdopodobnie stosowano to zasada odpowiednio\u015bci. Polega\u0142a ona na tym,<span class=\"read-more-faq\"><a href=\"https:\/\/sklep.edudomo.pl\/en\/sklep\/pierwsze-proby-liczenia-najstarsze-artefakty\/\">Read More<\/a><\/span><\/p>\n","protected":false},"featured_media":10595,"comment_status":"open","ping_status":"closed","template":"","meta":[],"product_brand":[],"product_cat":[84,85,120],"product_tag":[],"class_list":{"0":"post-10586","1":"product","2":"type-product","3":"status-publish","4":"has-post-thumbnail","6":"product_cat-edukacja-kosmiczna","7":"product_cat-eukacja-matematyczna","8":"product_cat-historia","9":"product_shipping_class-inpost-kurier-a","11":"first","12":"onbackorder","13":"taxable","14":"shipping-taxable","15":"purchasable","16":"product-type-simple"},"yoast_head":"<!-- This site is optimized with the Yoast SEO plugin v26.5 - https:\/\/yoast.com\/wordpress\/plugins\/seo\/ -->\n<title>\u201ePierwsze pr\u00f3by liczenia\u201d. Najstarsze artefakty.<\/title>\n<meta name=\"robots\" content=\"index, follow, max-snippet:-1, max-image-preview:large, max-video-preview:-1\" \/>\n<link rel=\"canonical\" href=\"https:\/\/sklep.edudomo.pl\/en\/sklep\/pierwsze-proby-liczenia-najstarsze-artefakty\/\" \/>\n<meta property=\"og:locale\" content=\"en_GB\" \/>\n<meta property=\"og:locale:alternate\" content=\"pl_PL\" \/>\n<meta property=\"og:type\" content=\"article\" \/>\n<meta property=\"og:title\" content=\"\u201ePierwsze pr\u00f3by liczenia\u201d. Najstarsze artefakty.\" \/>\n<meta property=\"og:description\" content=\"Przewa\u017cnie wszystko rodzi si\u0119 z potrzeby\u2026 \u017beby zna\u0107 Ilo\u015b\u0107 Karibu, aby oszacowa\u0107 sytuacj\u0119 przed polowaniem. \u017beby zna\u0107 Ilo\u015b\u0107 owiec wychodz\u0105cych z jaskini, aby \u017cadna si\u0119 nie zgubi\u0142a wracaj\u0105c do niej wieczorem. \u017beby zaobserwowa\u0107 cykl up\u0142ywaj\u0105cych dni, aby przewidzie\u0107 urodzaj. Aby zmierzy\u0107 Czas. Ta najstarsza zasada jak\u0105 prawdopodobnie stosowano to zasada odpowiednio\u015bci. Polega\u0142a ona na tym,Read More\" \/>\n<meta property=\"og:url\" content=\"https:\/\/sklep.edudomo.pl\/en\/sklep\/pierwsze-proby-liczenia-najstarsze-artefakty\/\" \/>\n<meta property=\"og:site_name\" content=\"sklep EduDoMo\" \/>\n<meta property=\"article:modified_time\" content=\"2025-11-25T16:51:11+00:00\" \/>\n<meta property=\"og:image\" content=\"https:\/\/sklep.edudomo.pl\/wp-content\/uploads\/2023\/03\/IMG_2769.jpg\" \/>\n\t<meta property=\"og:image:width\" content=\"640\" \/>\n\t<meta property=\"og:image:height\" content=\"592\" \/>\n\t<meta property=\"og:image:type\" content=\"image\/jpeg\" \/>\n<meta name=\"twitter:card\" content=\"summary_large_image\" \/>\n<meta name=\"twitter:label1\" content=\"Estimated reading time\" \/>\n\t<meta name=\"twitter:data1\" content=\"2 minutes\" \/>\n<script type=\"application\/ld+json\" class=\"yoast-schema-graph\">{\"@context\":\"https:\/\/schema.org\",\"@graph\":[{\"@type\":\"WebPage\",\"@id\":\"https:\/\/sklep.edudomo.pl\/sklep\/pierwsze-proby-liczenia-najstarsze-artefakty\/\",\"url\":\"https:\/\/sklep.edudomo.pl\/sklep\/pierwsze-proby-liczenia-najstarsze-artefakty\/\",\"name\":\"\u201ePierwsze pr\u00f3by liczenia\u201d. Najstarsze artefakty.\",\"isPartOf\":{\"@id\":\"https:\/\/sklep.edudomo.pl\/#website\"},\"primaryImageOfPage\":{\"@id\":\"https:\/\/sklep.edudomo.pl\/sklep\/pierwsze-proby-liczenia-najstarsze-artefakty\/#primaryimage\"},\"image\":{\"@id\":\"https:\/\/sklep.edudomo.pl\/sklep\/pierwsze-proby-liczenia-najstarsze-artefakty\/#primaryimage\"},\"thumbnailUrl\":\"https:\/\/sklep.edudomo.pl\/wp-content\/uploads\/2023\/03\/IMG_2769.jpg\",\"datePublished\":\"2023-03-22T10:42:15+00:00\",\"dateModified\":\"2025-11-25T16:51:11+00:00\",\"breadcrumb\":{\"@id\":\"https:\/\/sklep.edudomo.pl\/sklep\/pierwsze-proby-liczenia-najstarsze-artefakty\/#breadcrumb\"},\"inLanguage\":\"en-GB\",\"potentialAction\":[{\"@type\":\"ReadAction\",\"target\":[\"https:\/\/sklep.edudomo.pl\/sklep\/pierwsze-proby-liczenia-najstarsze-artefakty\/\"]}]},{\"@type\":\"ImageObject\",\"inLanguage\":\"en-GB\",\"@id\":\"https:\/\/sklep.edudomo.pl\/sklep\/pierwsze-proby-liczenia-najstarsze-artefakty\/#primaryimage\",\"url\":\"https:\/\/sklep.edudomo.pl\/wp-content\/uploads\/2023\/03\/IMG_2769.jpg\",\"contentUrl\":\"https:\/\/sklep.edudomo.pl\/wp-content\/uploads\/2023\/03\/IMG_2769.jpg\",\"width\":640,\"height\":592,\"caption\":\"Pierwsze pr\u00f3by liczenia. Artefakty\"},{\"@type\":\"BreadcrumbList\",\"@id\":\"https:\/\/sklep.edudomo.pl\/sklep\/pierwsze-proby-liczenia-najstarsze-artefakty\/#breadcrumb\",\"itemListElement\":[{\"@type\":\"ListItem\",\"position\":1,\"name\":\"Strona g\u0142\u00f3wna\",\"item\":\"https:\/\/sklep.edudomo.pl\/\"},{\"@type\":\"ListItem\",\"position\":2,\"name\":\"Sklep\",\"item\":\"https:\/\/sklep.edudomo.pl\/\"},{\"@type\":\"ListItem\",\"position\":3,\"name\":\"\u201ePierwsze pr\u00f3by liczenia\u201d. Najstarsze artefakty.\"}]},{\"@type\":\"WebSite\",\"@id\":\"https:\/\/sklep.edudomo.pl\/#website\",\"url\":\"https:\/\/sklep.edudomo.pl\/\",\"name\":\"sklep EduDoMo\",\"description\":\"Edukacja Domowa. Terapia. Wspieranie Talent&oacute;w\",\"publisher\":{\"@id\":\"https:\/\/sklep.edudomo.pl\/#organization\"},\"potentialAction\":[{\"@type\":\"SearchAction\",\"target\":{\"@type\":\"EntryPoint\",\"urlTemplate\":\"https:\/\/sklep.edudomo.pl\/?s={search_term_string}\"},\"query-input\":{\"@type\":\"PropertyValueSpecification\",\"valueRequired\":true,\"valueName\":\"search_term_string\"}}],\"inLanguage\":\"en-GB\"},{\"@type\":\"Organization\",\"@id\":\"https:\/\/sklep.edudomo.pl\/#organization\",\"name\":\"EduDoMo\",\"url\":\"https:\/\/sklep.edudomo.pl\/\",\"logo\":{\"@type\":\"ImageObject\",\"inLanguage\":\"en-GB\",\"@id\":\"https:\/\/sklep.edudomo.pl\/#\/schema\/logo\/image\/\",\"url\":\"https:\/\/sklep.edudomo.pl\/wp-content\/uploads\/2019\/11\/cropped-logo-edudomo-sowa.jpg\",\"contentUrl\":\"https:\/\/sklep.edudomo.pl\/wp-content\/uploads\/2019\/11\/cropped-logo-edudomo-sowa.jpg\",\"width\":120,\"height\":120,\"caption\":\"EduDoMo\"},\"image\":{\"@id\":\"https:\/\/sklep.edudomo.pl\/#\/schema\/logo\/image\/\"}}]}<\/script>\n<!-- \/ Yoast SEO plugin. -->","yoast_head_json":{"title":"\u201ePierwsze pr\u00f3by liczenia\u201d. Najstarsze artefakty.","robots":{"index":"index","follow":"follow","max-snippet":"max-snippet:-1","max-image-preview":"max-image-preview:large","max-video-preview":"max-video-preview:-1"},"canonical":"https:\/\/sklep.edudomo.pl\/en\/sklep\/pierwsze-proby-liczenia-najstarsze-artefakty\/","og_locale":"en_GB","og_type":"article","og_title":"[:pl]\u201ePierwsze pr\u00f3by liczenia\u201d. Najstarsze artefakty.[:] - sklep EduDoMo","og_description":"Przewa\u017cnie wszystko rodzi si\u0119 z potrzeby\u2026 \u017beby zna\u0107 Ilo\u015b\u0107 Karibu, aby oszacowa\u0107 sytuacj\u0119 przed polowaniem. \u017beby zna\u0107 Ilo\u015b\u0107 owiec wychodz\u0105cych z jaskini, aby \u017cadna si\u0119 nie zgubi\u0142a wracaj\u0105c do niej wieczorem. \u017beby zaobserwowa\u0107 cykl up\u0142ywaj\u0105cych dni, aby przewidzie\u0107 urodzaj. Aby zmierzy\u0107 Czas. Ta najstarsza zasada jak\u0105 prawdopodobnie stosowano to zasada odpowiednio\u015bci. Polega\u0142a ona na tym,Read More","og_url":"https:\/\/sklep.edudomo.pl\/en\/sklep\/pierwsze-proby-liczenia-najstarsze-artefakty\/","og_site_name":"sklep EduDoMo","article_modified_time":"2025-11-25T16:51:11+00:00","og_image":[{"width":640,"height":592,"url":"https:\/\/sklep.edudomo.pl\/wp-content\/uploads\/2023\/03\/IMG_2769.jpg","type":"image\/jpeg"}],"twitter_card":"summary_large_image","twitter_misc":{"Estimated reading time":"2 minutes"},"schema":{"@context":"https:\/\/schema.org","@graph":[{"@type":"WebPage","@id":"https:\/\/sklep.edudomo.pl\/sklep\/pierwsze-proby-liczenia-najstarsze-artefakty\/","url":"https:\/\/sklep.edudomo.pl\/sklep\/pierwsze-proby-liczenia-najstarsze-artefakty\/","name":"\u201ePierwsze pr\u00f3by liczenia\u201d. Najstarsze artefakty.","isPartOf":{"@id":"https:\/\/sklep.edudomo.pl\/#website"},"primaryImageOfPage":{"@id":"https:\/\/sklep.edudomo.pl\/sklep\/pierwsze-proby-liczenia-najstarsze-artefakty\/#primaryimage"},"image":{"@id":"https:\/\/sklep.edudomo.pl\/sklep\/pierwsze-proby-liczenia-najstarsze-artefakty\/#primaryimage"},"thumbnailUrl":"https:\/\/sklep.edudomo.pl\/wp-content\/uploads\/2023\/03\/IMG_2769.jpg","datePublished":"2023-03-22T10:42:15+00:00","dateModified":"2025-11-25T16:51:11+00:00","breadcrumb":{"@id":"https:\/\/sklep.edudomo.pl\/sklep\/pierwsze-proby-liczenia-najstarsze-artefakty\/#breadcrumb"},"inLanguage":"en-GB","potentialAction":[{"@type":"ReadAction","target":["https:\/\/sklep.edudomo.pl\/sklep\/pierwsze-proby-liczenia-najstarsze-artefakty\/"]}]},{"@type":"ImageObject","inLanguage":"en-GB","@id":"https:\/\/sklep.edudomo.pl\/sklep\/pierwsze-proby-liczenia-najstarsze-artefakty\/#primaryimage","url":"https:\/\/sklep.edudomo.pl\/wp-content\/uploads\/2023\/03\/IMG_2769.jpg","contentUrl":"https:\/\/sklep.edudomo.pl\/wp-content\/uploads\/2023\/03\/IMG_2769.jpg","width":640,"height":592,"caption":"Pierwsze pr\u00f3by liczenia. Artefakty"},{"@type":"BreadcrumbList","@id":"https:\/\/sklep.edudomo.pl\/sklep\/pierwsze-proby-liczenia-najstarsze-artefakty\/#breadcrumb","itemListElement":[{"@type":"ListItem","position":1,"name":"Strona g\u0142\u00f3wna","item":"https:\/\/sklep.edudomo.pl\/"},{"@type":"ListItem","position":2,"name":"Sklep","item":"https:\/\/sklep.edudomo.pl\/"},{"@type":"ListItem","position":3,"name":"\u201ePierwsze pr\u00f3by liczenia\u201d. Najstarsze artefakty."}]},{"@type":"WebSite","@id":"https:\/\/sklep.edudomo.pl\/#website","url":"https:\/\/sklep.edudomo.pl\/","name":"sklep EduDoMo","description":"Edukacja Domowa. Terapia. Wspieranie Talent&oacute;w","publisher":{"@id":"https:\/\/sklep.edudomo.pl\/#organization"},"potentialAction":[{"@type":"SearchAction","target":{"@type":"EntryPoint","urlTemplate":"https:\/\/sklep.edudomo.pl\/?s={search_term_string}"},"query-input":{"@type":"PropertyValueSpecification","valueRequired":true,"valueName":"search_term_string"}}],"inLanguage":"en-GB"},{"@type":"Organization","@id":"https:\/\/sklep.edudomo.pl\/#organization","name":"EduDoMo","url":"https:\/\/sklep.edudomo.pl\/","logo":{"@type":"ImageObject","inLanguage":"en-GB","@id":"https:\/\/sklep.edudomo.pl\/#\/schema\/logo\/image\/","url":"https:\/\/sklep.edudomo.pl\/wp-content\/uploads\/2019\/11\/cropped-logo-edudomo-sowa.jpg","contentUrl":"https:\/\/sklep.edudomo.pl\/wp-content\/uploads\/2019\/11\/cropped-logo-edudomo-sowa.jpg","width":120,"height":120,"caption":"EduDoMo"},"image":{"@id":"https:\/\/sklep.edudomo.pl\/#\/schema\/logo\/image\/"}}]}},"jetpack_sharing_enabled":true,"_links":{"self":[{"href":"https:\/\/sklep.edudomo.pl\/en\/wp-json\/wp\/v2\/product\/10586","targetHints":{"allow":["GET"]}}],"collection":[{"href":"https:\/\/sklep.edudomo.pl\/en\/wp-json\/wp\/v2\/product"}],"about":[{"href":"https:\/\/sklep.edudomo.pl\/en\/wp-json\/wp\/v2\/types\/product"}],"replies":[{"embeddable":true,"href":"https:\/\/sklep.edudomo.pl\/en\/wp-json\/wp\/v2\/comments?post=10586"}],"wp:featuredmedia":[{"embeddable":true,"href":"https:\/\/sklep.edudomo.pl\/en\/wp-json\/wp\/v2\/media\/10595"}],"wp:attachment":[{"href":"https:\/\/sklep.edudomo.pl\/en\/wp-json\/wp\/v2\/media?parent=10586"}],"wp:term":[{"taxonomy":"product_brand","embeddable":true,"href":"https:\/\/sklep.edudomo.pl\/en\/wp-json\/wp\/v2\/product_brand?post=10586"},{"taxonomy":"product_cat","embeddable":true,"href":"https:\/\/sklep.edudomo.pl\/en\/wp-json\/wp\/v2\/product_cat?post=10586"},{"taxonomy":"product_tag","embeddable":true,"href":"https:\/\/sklep.edudomo.pl\/en\/wp-json\/wp\/v2\/product_tag?post=10586"}],"curies":[{"name":"wp","href":"https:\/\/api.w.org\/{rel}","templated":true}]}}