{"id":10646,"date":"2023-04-03T19:32:55","date_gmt":"2023-04-03T19:32:55","guid":{"rendered":"https:\/\/sklep.edudomo.pl\/?post_type=product&#038;p=10646"},"modified":"2025-11-25T16:49:19","modified_gmt":"2025-11-25T16:49:19","slug":"cyfry-znaki-chinskie-historia-chinskiego-pisma","status":"publish","type":"product","link":"https:\/\/sklep.edudomo.pl\/en\/sklep\/cyfry-znaki-chinskie-historia-chinskiego-pisma\/","title":{"rendered":"Cyfry. Znaki chi\u0144skie Historia Chi\u0144skiego pisma"},"content":{"rendered":"<p>Cyfry. Znaki chi\u0144skie<br \/>\nHistoria Chi\u0144skiego pisma<br \/>\n-plansza informacyjna o wymiarach 29cm x 29cm<br \/>\nNa planszy widnieje zarys historii chi\u0144skich cyfr oraz instrukcja tworzenia liczb z cyfr wsp\u00f3\u0142czesnych.<br \/>\n-15 tabliczek ( 10x10cm ) z do nauki kaligrafii przedstawiaj\u0105ce wsp\u00f3\u0142czesne cyfry chi\u0144skie<\/p>\n","protected":false},"excerpt":{"rendered":"<p>Cyfry. Znaki chi\u0144skie Historia Chi\u0144skiego pisma -plansza informacyjna o wymiarach 29cm x 29cm Na planszy widnieje zarys historii chi\u0144skich cyfr oraz instrukcja tworzenia liczb z cyfr wsp\u00f3\u0142czesnych. -15 tabliczek ( 10x10cm ) z do nauki kaligrafii przedstawiaj\u0105ce wsp\u00f3\u0142czesne cyfry chi\u0144skie<\/p>\n","protected":false},"featured_media":10647,"comment_status":"open","ping_status":"closed","template":"","meta":[],"product_brand":[],"product_cat":[85,120,88,86],"product_tag":[],"class_list":{"0":"post-10646","1":"product","2":"type-product","3":"status-publish","4":"has-post-thumbnail","6":"product_cat-eukacja-matematyczna","7":"product_cat-historia","8":"product_cat-material-jezykowy","9":"product_cat-material-sensoryczny","10":"product_shipping_class-inpost-kurier-a","12":"first","13":"onbackorder","14":"taxable","15":"shipping-taxable","16":"purchasable","17":"product-type-simple"},"yoast_head":"<!-- This site is optimized with the Yoast SEO plugin v26.5 - https:\/\/yoast.com\/wordpress\/plugins\/seo\/ -->\n<title>Cyfry. Znaki chi\u0144skie Historia Chi\u0144skiego pisma<\/title>\n<meta name=\"robots\" content=\"index, follow, max-snippet:-1, max-image-preview:large, max-video-preview:-1\" \/>\n<link rel=\"canonical\" href=\"https:\/\/sklep.edudomo.pl\/en\/sklep\/cyfry-znaki-chinskie-historia-chinskiego-pisma\/\" \/>\n<meta property=\"og:locale\" content=\"en_GB\" \/>\n<meta property=\"og:locale:alternate\" content=\"pl_PL\" \/>\n<meta property=\"og:type\" content=\"article\" \/>\n<meta property=\"og:title\" content=\"Cyfry. Znaki chi\u0144skie Historia Chi\u0144skiego pisma\" \/>\n<meta property=\"og:description\" content=\"Cyfry. Znaki chi\u0144skie Historia Chi\u0144skiego pisma -plansza informacyjna o wymiarach 29cm x 29cm Na planszy widnieje zarys historii chi\u0144skich cyfr oraz instrukcja tworzenia liczb z cyfr wsp\u00f3\u0142czesnych. -15 tabliczek ( 10x10cm ) z do nauki kaligrafii przedstawiaj\u0105ce wsp\u00f3\u0142czesne cyfry chi\u0144skie\" \/>\n<meta property=\"og:url\" content=\"https:\/\/sklep.edudomo.pl\/en\/sklep\/cyfry-znaki-chinskie-historia-chinskiego-pisma\/\" \/>\n<meta property=\"og:site_name\" content=\"sklep EduDoMo\" \/>\n<meta property=\"article:modified_time\" content=\"2025-11-25T16:49:19+00:00\" \/>\n<meta property=\"og:image\" content=\"https:\/\/sklep.edudomo.pl\/wp-content\/uploads\/2023\/04\/1111.jpg\" \/>\n\t<meta property=\"og:image:width\" content=\"640\" \/>\n\t<meta property=\"og:image:height\" content=\"600\" \/>\n\t<meta property=\"og:image:type\" content=\"image\/jpeg\" \/>\n<meta name=\"twitter:card\" content=\"summary_large_image\" \/>\n<meta name=\"twitter:label1\" content=\"Estimated reading time\" \/>\n\t<meta name=\"twitter:data1\" content=\"1 minute\" \/>\n<script type=\"application\/ld+json\" class=\"yoast-schema-graph\">{\"@context\":\"https:\/\/schema.org\",\"@graph\":[{\"@type\":\"WebPage\",\"@id\":\"https:\/\/sklep.edudomo.pl\/sklep\/cyfry-znaki-chinskie-historia-chinskiego-pisma\/\",\"url\":\"https:\/\/sklep.edudomo.pl\/sklep\/cyfry-znaki-chinskie-historia-chinskiego-pisma\/\",\"name\":\"Cyfry. Znaki chi\u0144skie Historia Chi\u0144skiego pisma\",\"isPartOf\":{\"@id\":\"https:\/\/sklep.edudomo.pl\/#website\"},\"primaryImageOfPage\":{\"@id\":\"https:\/\/sklep.edudomo.pl\/sklep\/cyfry-znaki-chinskie-historia-chinskiego-pisma\/#primaryimage\"},\"image\":{\"@id\":\"https:\/\/sklep.edudomo.pl\/sklep\/cyfry-znaki-chinskie-historia-chinskiego-pisma\/#primaryimage\"},\"thumbnailUrl\":\"https:\/\/sklep.edudomo.pl\/wp-content\/uploads\/2023\/04\/1111.jpg\",\"datePublished\":\"2023-04-03T19:32:55+00:00\",\"dateModified\":\"2025-11-25T16:49:19+00:00\",\"breadcrumb\":{\"@id\":\"https:\/\/sklep.edudomo.pl\/sklep\/cyfry-znaki-chinskie-historia-chinskiego-pisma\/#breadcrumb\"},\"inLanguage\":\"en-GB\",\"potentialAction\":[{\"@type\":\"ReadAction\",\"target\":[\"https:\/\/sklep.edudomo.pl\/sklep\/cyfry-znaki-chinskie-historia-chinskiego-pisma\/\"]}]},{\"@type\":\"ImageObject\",\"inLanguage\":\"en-GB\",\"@id\":\"https:\/\/sklep.edudomo.pl\/sklep\/cyfry-znaki-chinskie-historia-chinskiego-pisma\/#primaryimage\",\"url\":\"https:\/\/sklep.edudomo.pl\/wp-content\/uploads\/2023\/04\/1111.jpg\",\"contentUrl\":\"https:\/\/sklep.edudomo.pl\/wp-content\/uploads\/2023\/04\/1111.jpg\",\"width\":640,\"height\":600,\"caption\":\"Cyfry. Znaki chi\u0144skie Historia Chi\u0144skiego pisma\"},{\"@type\":\"BreadcrumbList\",\"@id\":\"https:\/\/sklep.edudomo.pl\/sklep\/cyfry-znaki-chinskie-historia-chinskiego-pisma\/#breadcrumb\",\"itemListElement\":[{\"@type\":\"ListItem\",\"position\":1,\"name\":\"Strona g\u0142\u00f3wna\",\"item\":\"https:\/\/sklep.edudomo.pl\/\"},{\"@type\":\"ListItem\",\"position\":2,\"name\":\"Sklep\",\"item\":\"https:\/\/sklep.edudomo.pl\/\"},{\"@type\":\"ListItem\",\"position\":3,\"name\":\"Cyfry. Znaki chi\u0144skie Historia Chi\u0144skiego pisma\"}]},{\"@type\":\"WebSite\",\"@id\":\"https:\/\/sklep.edudomo.pl\/#website\",\"url\":\"https:\/\/sklep.edudomo.pl\/\",\"name\":\"sklep EduDoMo\",\"description\":\"Edukacja Domowa. Terapia. Wspieranie Talent&oacute;w\",\"publisher\":{\"@id\":\"https:\/\/sklep.edudomo.pl\/#organization\"},\"potentialAction\":[{\"@type\":\"SearchAction\",\"target\":{\"@type\":\"EntryPoint\",\"urlTemplate\":\"https:\/\/sklep.edudomo.pl\/?s={search_term_string}\"},\"query-input\":{\"@type\":\"PropertyValueSpecification\",\"valueRequired\":true,\"valueName\":\"search_term_string\"}}],\"inLanguage\":\"en-GB\"},{\"@type\":\"Organization\",\"@id\":\"https:\/\/sklep.edudomo.pl\/#organization\",\"name\":\"EduDoMo\",\"url\":\"https:\/\/sklep.edudomo.pl\/\",\"logo\":{\"@type\":\"ImageObject\",\"inLanguage\":\"en-GB\",\"@id\":\"https:\/\/sklep.edudomo.pl\/#\/schema\/logo\/image\/\",\"url\":\"https:\/\/sklep.edudomo.pl\/wp-content\/uploads\/2019\/11\/cropped-logo-edudomo-sowa.jpg\",\"contentUrl\":\"https:\/\/sklep.edudomo.pl\/wp-content\/uploads\/2019\/11\/cropped-logo-edudomo-sowa.jpg\",\"width\":120,\"height\":120,\"caption\":\"EduDoMo\"},\"image\":{\"@id\":\"https:\/\/sklep.edudomo.pl\/#\/schema\/logo\/image\/\"}}]}<\/script>\n<!-- \/ Yoast SEO plugin. -->","yoast_head_json":{"title":"Cyfry. Znaki chi\u0144skie Historia Chi\u0144skiego pisma","robots":{"index":"index","follow":"follow","max-snippet":"max-snippet:-1","max-image-preview":"max-image-preview:large","max-video-preview":"max-video-preview:-1"},"canonical":"https:\/\/sklep.edudomo.pl\/en\/sklep\/cyfry-znaki-chinskie-historia-chinskiego-pisma\/","og_locale":"en_GB","og_type":"article","og_title":"[:pl]Cyfry. Znaki chi\u0144skie Historia Chi\u0144skiego pisma[:] - sklep EduDoMo","og_description":"Cyfry. Znaki chi\u0144skie Historia Chi\u0144skiego pisma -plansza informacyjna o wymiarach 29cm x 29cm Na planszy widnieje zarys historii chi\u0144skich cyfr oraz instrukcja tworzenia liczb z cyfr wsp\u00f3\u0142czesnych. -15 tabliczek ( 10x10cm ) z do nauki kaligrafii przedstawiaj\u0105ce wsp\u00f3\u0142czesne cyfry chi\u0144skie","og_url":"https:\/\/sklep.edudomo.pl\/en\/sklep\/cyfry-znaki-chinskie-historia-chinskiego-pisma\/","og_site_name":"sklep EduDoMo","article_modified_time":"2025-11-25T16:49:19+00:00","og_image":[{"width":640,"height":600,"url":"https:\/\/sklep.edudomo.pl\/wp-content\/uploads\/2023\/04\/1111.jpg","type":"image\/jpeg"}],"twitter_card":"summary_large_image","twitter_misc":{"Estimated reading time":"1 minute"},"schema":{"@context":"https:\/\/schema.org","@graph":[{"@type":"WebPage","@id":"https:\/\/sklep.edudomo.pl\/sklep\/cyfry-znaki-chinskie-historia-chinskiego-pisma\/","url":"https:\/\/sklep.edudomo.pl\/sklep\/cyfry-znaki-chinskie-historia-chinskiego-pisma\/","name":"Cyfry. Znaki chi\u0144skie Historia Chi\u0144skiego pisma","isPartOf":{"@id":"https:\/\/sklep.edudomo.pl\/#website"},"primaryImageOfPage":{"@id":"https:\/\/sklep.edudomo.pl\/sklep\/cyfry-znaki-chinskie-historia-chinskiego-pisma\/#primaryimage"},"image":{"@id":"https:\/\/sklep.edudomo.pl\/sklep\/cyfry-znaki-chinskie-historia-chinskiego-pisma\/#primaryimage"},"thumbnailUrl":"https:\/\/sklep.edudomo.pl\/wp-content\/uploads\/2023\/04\/1111.jpg","datePublished":"2023-04-03T19:32:55+00:00","dateModified":"2025-11-25T16:49:19+00:00","breadcrumb":{"@id":"https:\/\/sklep.edudomo.pl\/sklep\/cyfry-znaki-chinskie-historia-chinskiego-pisma\/#breadcrumb"},"inLanguage":"en-GB","potentialAction":[{"@type":"ReadAction","target":["https:\/\/sklep.edudomo.pl\/sklep\/cyfry-znaki-chinskie-historia-chinskiego-pisma\/"]}]},{"@type":"ImageObject","inLanguage":"en-GB","@id":"https:\/\/sklep.edudomo.pl\/sklep\/cyfry-znaki-chinskie-historia-chinskiego-pisma\/#primaryimage","url":"https:\/\/sklep.edudomo.pl\/wp-content\/uploads\/2023\/04\/1111.jpg","contentUrl":"https:\/\/sklep.edudomo.pl\/wp-content\/uploads\/2023\/04\/1111.jpg","width":640,"height":600,"caption":"Cyfry. Znaki chi\u0144skie Historia Chi\u0144skiego pisma"},{"@type":"BreadcrumbList","@id":"https:\/\/sklep.edudomo.pl\/sklep\/cyfry-znaki-chinskie-historia-chinskiego-pisma\/#breadcrumb","itemListElement":[{"@type":"ListItem","position":1,"name":"Strona g\u0142\u00f3wna","item":"https:\/\/sklep.edudomo.pl\/"},{"@type":"ListItem","position":2,"name":"Sklep","item":"https:\/\/sklep.edudomo.pl\/"},{"@type":"ListItem","position":3,"name":"Cyfry. Znaki chi\u0144skie Historia Chi\u0144skiego pisma"}]},{"@type":"WebSite","@id":"https:\/\/sklep.edudomo.pl\/#website","url":"https:\/\/sklep.edudomo.pl\/","name":"sklep EduDoMo","description":"Edukacja Domowa. Terapia. Wspieranie Talent&oacute;w","publisher":{"@id":"https:\/\/sklep.edudomo.pl\/#organization"},"potentialAction":[{"@type":"SearchAction","target":{"@type":"EntryPoint","urlTemplate":"https:\/\/sklep.edudomo.pl\/?s={search_term_string}"},"query-input":{"@type":"PropertyValueSpecification","valueRequired":true,"valueName":"search_term_string"}}],"inLanguage":"en-GB"},{"@type":"Organization","@id":"https:\/\/sklep.edudomo.pl\/#organization","name":"EduDoMo","url":"https:\/\/sklep.edudomo.pl\/","logo":{"@type":"ImageObject","inLanguage":"en-GB","@id":"https:\/\/sklep.edudomo.pl\/#\/schema\/logo\/image\/","url":"https:\/\/sklep.edudomo.pl\/wp-content\/uploads\/2019\/11\/cropped-logo-edudomo-sowa.jpg","contentUrl":"https:\/\/sklep.edudomo.pl\/wp-content\/uploads\/2019\/11\/cropped-logo-edudomo-sowa.jpg","width":120,"height":120,"caption":"EduDoMo"},"image":{"@id":"https:\/\/sklep.edudomo.pl\/#\/schema\/logo\/image\/"}}]}},"jetpack_sharing_enabled":true,"_links":{"self":[{"href":"https:\/\/sklep.edudomo.pl\/en\/wp-json\/wp\/v2\/product\/10646","targetHints":{"allow":["GET"]}}],"collection":[{"href":"https:\/\/sklep.edudomo.pl\/en\/wp-json\/wp\/v2\/product"}],"about":[{"href":"https:\/\/sklep.edudomo.pl\/en\/wp-json\/wp\/v2\/types\/product"}],"replies":[{"embeddable":true,"href":"https:\/\/sklep.edudomo.pl\/en\/wp-json\/wp\/v2\/comments?post=10646"}],"wp:featuredmedia":[{"embeddable":true,"href":"https:\/\/sklep.edudomo.pl\/en\/wp-json\/wp\/v2\/media\/10647"}],"wp:attachment":[{"href":"https:\/\/sklep.edudomo.pl\/en\/wp-json\/wp\/v2\/media?parent=10646"}],"wp:term":[{"taxonomy":"product_brand","embeddable":true,"href":"https:\/\/sklep.edudomo.pl\/en\/wp-json\/wp\/v2\/product_brand?post=10646"},{"taxonomy":"product_cat","embeddable":true,"href":"https:\/\/sklep.edudomo.pl\/en\/wp-json\/wp\/v2\/product_cat?post=10646"},{"taxonomy":"product_tag","embeddable":true,"href":"https:\/\/sklep.edudomo.pl\/en\/wp-json\/wp\/v2\/product_tag?post=10646"}],"curies":[{"name":"wp","href":"https:\/\/api.w.org\/{rel}","templated":true}]}}