{"id":10657,"date":"2023-04-10T10:11:17","date_gmt":"2023-04-10T10:11:17","guid":{"rendered":"https:\/\/sklep.edudomo.pl\/?post_type=product&#038;p=10657"},"modified":"2025-11-25T16:48:57","modified_gmt":"2025-11-25T16:48:57","slug":"najstarsza-astrologia-babilonskie-mapy-nieba-tabliczki-planispheres","status":"publish","type":"product","link":"https:\/\/sklep.edudomo.pl\/en\/sklep\/najstarsza-astrologia-babilonskie-mapy-nieba-tabliczki-planispheres\/","title":{"rendered":"Najstarsza astrologia. Babilo\u0144skie Mapy Nieba.Tabliczki planispheres"},"content":{"rendered":"<p><strong>Babilo\u0144skie Mapy Nieba<\/strong><\/p>\n<p>Tabliczki planispheres:<\/p>\n<p><strong>Cz\u0119\u015bci Mapy Nieba z oko\u0142o 900\u2013611 pne<\/strong>,\u00a0 Sm. 162 (4.1.1.1)\u00a0 ii K.14943+ (4.1.1.2)<\/p>\n<p><strong>Sumeryjska Mapa Gwiezdna K8538<\/strong> -opisuje zdarzenie\u00a0 z 29 czerwca 3123 r. p.n.e.<\/p>\n<p><strong>Virgo zodiac cycle z oko\u0142o 2100 pne<\/strong> -zilustrowany przekr\u00f3j ekliptyki przedstawiaj\u0105cy konstelacje Panny, Hydry, Kruka, a tak\u017ce planet\u0119 Merkury<\/p>\n<p>Taca o wymiarach 29cm x 29cm<\/p>\n<p>W staro\u017cytnej Mezopotamii znano i badano wszystkie pi\u0119\u0107 planet widocznych go\u0142ym okiem, a tak\u017ce Ksi\u0119\u017cyc, S\u0142o\u0144ce, gwiazdy i inne zjawiska niebieskie. We wszystkich mezopotamskich<br \/>\n\u017ar\u00f3d\u0142ach dotycz\u0105cych Ksi\u0119\u017cyca i planet, czy to tekstowych, czy ikonograficznych, przeplataj\u0105 si\u0119 aspekty astronomiczne, astrologiczne i religijne. Termin \u201enauka astralna\u201d obejmuje wszystkie<br \/>\nformy mezopotamskiego naukowego zaanga\u017cowania w istoty niebieskie, w tym niebia\u0144skie wr\u00f3\u017cbiarstwo i astrologi\u0119. Wsp\u00f3\u0142czesne badania nad mezopotamsk\u0105 nauk\u0105 astraln\u0105 rozpocz\u0119\u0142y<br \/>\nsi\u0119 w XIX wieku. Wiele bada\u0144 pozostaje do zrobienia, poniewa\u017c wa\u017cne \u017ar\u00f3d\u0142a pozostaj\u0105 nieopublikowane, a opublikowanym \u017ar\u00f3d\u0142om postawiono nowe pytania.<\/p>\n<p>Od ok. Od 3000 lat pne mieszka\u0144cy Mezopotamii u\u017cywali kalendarza z miesi\u0105cami i latami, co wskazuje, \u017ce Ksi\u0119\u017cyc by\u0142 badany w tak m\u0142odym wieku. W pi\u015bmie klinowym sumeryjskie<br \/>\ni akadyjskie imiona boga ksi\u0119\u017cyca, Nanna\/Sin, s\u0105 po\u015bwiadczone od ok. 2500 pne. Najpowszechniejsze akadyjskie nazwy pi\u0119ciu planet, \u0160i\u1e2b\u1e6du (Merkury), Dilbat (Wenus),<br \/>\n\u1e62albat\u0101nu (Mars), Bia\u0142a Gwiazda (Jowisz) i Kayy\u0101m\u0101nu (Saturn), zosta\u0142y potwierdzone po raz pierwszy w latach 1800\u20131000 pne. Ksi\u0119\u017cyc, S\u0142o\u0144ce i planety by\u0142y postrzegane jako bogowie lub manifestacje bog\u00f3w.<br \/>\nOd ok. Od 1800 r. p.n.e. badano zjawiska Ksi\u0119\u017cyca, S\u0142o\u0144ca i planet jako znaki stworzone przez bog\u00f3w w celu komunikowania si\u0119 z ludzko\u015bci\u0105.<\/p>\n<p>Mi\u0119dzy ok. 600 pne i 100 ne babilo\u0144scy uczeni opisywali zjawiska ksi\u0119\u017cycowe i planetarne w dziennikach astronomicznych i powi\u0105zanych tekstach. Ich celem by\u0142o umo\u017cliwienie predykcji<br \/>\nzg\u0142aszanych zjawisk za pomoc\u0105 okresowych, tzw. metod Goal-Year. Po ko\u0144cu V wieku p.n.e. astronomowie babilo\u0144scy wprowadzili znak zodiaku i opracowali nowe metody przewidywania zjawisk ksi\u0119\u017cycowych i planetarnych, znane jako astronomia matematyczna. oraz planety do przewidywania wydarze\u0144 na Ziemi.<\/p>\n<p><strong>Cz\u0119\u015bci Mapy Nieba z oko\u0142o 900\u2013611 pne,\u00a0 Sm. 162 (4.1.1.1)\u00a0 i K.14943+ (4.1.1.2<\/strong>)<\/p>\n<p>Oba diagramy ko\u0142owe przedstawiaj\u0105 liniow\u0105 list\u0119 gwiazd w kolisty ci\u0105g\u0142y wz\u00f3r. Na dw\u00f3ch diagramach dodano r\u00f3wnie\u017c liczby wstawek do ka\u017cdej kom\u00f3rki ich promieni. Liczby s\u0105 zgodne z dobrze znanym wzorem przypisywania stosunku 2: 1 dla d\u0142ugo\u015bci dnia i nocy podczas rocznych przesile\u0144. Ka\u017cdej \u015bcie\u017cce nieba (Ea, Anu, Enlil) przypisano numer, przy czym \u015bcie\u017cka Ea otrzyma\u0142a najwi\u0119ksz\u0105 liczb\u0119, Anu po\u0142ow\u0119 tej liczby, a Enlil ponownie po\u0142ow\u0119 tej liczby (\u0107wiartka Ea). Zatem maksimum wynosi 4,0 dla d\u0142ugo\u015bci dnia podczas przesilenia letniego, kt\u00f3re znajduje si\u0119 na \u015bcie\u017cce Ea w miesi\u0105cu III.<br \/>\nMinimum 2,0 znajduje si\u0119 na \u015bcie\u017cce Ea podczas przesilenia zimowego w miesi\u0105cu IX. Po\u0142\u00f3wki i \u0107wiartki znalezione na \u015bcie\u017ckach Anu i Enlila dla ka\u017cdego promienia mog\u0105 wskazywa\u0107 wag\u0119 wody<br \/>\npotrzebn\u0105 do odmierzania po\u0142owy lub \u0107wier\u0107 cz\u0119\u015bci dnia w zegarze wodnym.<br \/>\n<strong>Tekst sm. 162<\/strong> to ma\u0142y fragment wi\u0119kszej tabliczki. Jego oryginalnym kontekstem jest prawdopodobnie jedna z r\u00f3\u017cnych staro\u017cytnych bibliotek i prywatnych<br \/>\nkolekcji z neoasyryjskiego miasta Niniwa, kt\u00f3re obecnie tworz\u0105 grup\u0119 znan\u0105 jako \u201eBiblioteka Assurbanipala\u201d. \u015bcie\u017cki gwiazd na niebie. Rewers zawiera cz\u0119\u015b\u0107 \u201e<br \/>\nTekstu Hilprechta\u201d, matematycznego tekstu problemowego dotycz\u0105cego odleg\u0142o\u015bci mi\u0119dzygwiezdnych, potwierdzonego w jednym tek\u015bcie z okresu kasyckiego i innym ma\u0142ym fragmencie,<br \/>\nr\u00f3wnie\u017c datowanym na okres neoasyryjski<\/p>\n<p><strong>Sumeryjska Mapa Gwiezdna K8538<\/strong> -opisuje zdarzenie\u00a0 z 29 czerwca 3123 r. p.n.e.<\/p>\n<p>Ta sumeryjska mapa nieba sprzed 5500 lat zarejestrowa\u0142a uderzenie ogromnej asteroidy. Staro\u017cytna gliniana tabliczka znajduj\u0105ca si\u0119 obecnie w British<br \/>\nMuseum intryguje ekspert\u00f3w od ponad 150 lat. Przet\u0142umaczona ponad 10 lat temu gliniana tabliczka jest rzeczywist\u0105 staro\u017cytn\u0105 Sumeryjsk\u0105 Map\u0105 Gwiezdn\u0105. Gliniana tabliczka zosta\u0142a<br \/>\nodzyskana w XIX wieku z podziemnej biblioteki kr\u00f3la Aszurbanipala w Niniwie w Iraku przez Sir. Henryka Layarda. T\u0142umaczenia i ostateczna analiza ujawni\u0142y osza\u0142amiaj\u0105ce szczeg\u00f3\u0142y. Staro\u017cytni Sumerowie wyryli na powierzchni glinianych tabliczek szczeg\u00f3\u0142y ujawniaj\u0105ce, \u017ce zaobserwowali masywny obiekt widoczny w kosmosie, kt\u00f3ry przebi\u0142 si\u0119 przez ziemsk\u0105<br \/>\natmosfer\u0119 i ostatecznie zderzy\u0142 si\u0119 z planet\u0105. Tabliczka jest\u00a0 kopi\u0105 zestawu notatek sporz\u0105dzonych przez staro\u017cytnego sumeryjskiego astronoma, kt\u00f3ry obserwowa\u0142 niebo. Odni\u00f3s\u0142<br \/>\nsi\u0119 do obiektu nadlatuj\u0105cego z nieba jako \u201ezbli\u017caj\u0105cej si\u0119 misy z bia\u0142ego kamienia\u2026\u201d. Tabliczka jest dzie\u0142em astronomicznym, poniewa\u017c zawiera zestaw skomplikowanych<br \/>\nrysunk\u00f3w gwiazdozbior\u00f3w i ich nazw. Od czasu jego odkrycia eksperci nie byli w stanie zrozumie\u0107, co sumeryjski astronom chcia\u0142 w pe\u0142ni przekaza\u0107. Zmieni\u0142o si\u0119 to wraz z pojawieniem si\u0119 program\u00f3w komputerowych, kt\u00f3re mog\u0105 pom\u00f3c w symulacji trajektorii i rekonstrukcji nocnego nieba tysi\u0105ce lat temu. I w\u0142a\u015bnie w ten spos\u00f3b eksperci wreszcie zrozumieli, do czego odnosi si\u0119 tabliczka Planisphere. Okazuje si\u0119, \u017ce obiektem zaobserwowanym przez sumeryjskiego astronoma by\u0142a najprawdopodobniej asteroida, kt\u00f3ra uderzy\u0142a w K\u00f6fels w Austrii. Wed\u0142ug ekspert\u00f3w astronom zanotowa\u0142 trajektori\u0119 obiektu z dok\u0142adno\u015bci\u0105 wi\u0119ksz\u0105 ni\u017c jeden stopie\u0144.<\/p>\n<p><strong>Virgo zodiac cycle<\/strong>. Zodiak powsta\u0142 w Babilonie oko\u0142o 2100 pne -zilustrowany przekr\u00f3j ekliptyki przedstawiaj\u0105cy konstelacje Panny, Hydry, Kruka, a tak\u017ce planet\u0119 Merkury.<\/p>\n<p>Ta tabliczka by\u0142a cz\u0119\u015bci\u0105 dzie\u0142a sk\u0142adaj\u0105cego si\u0119 z dwunastu tom\u00f3w, z kt\u00f3rych ka\u017cdy dotyczy\u0142 znaku zodiaku.<br \/>\nRewers przedstawia kobiet\u0119 trzymaj\u0105c\u0105 k\u0142os zbo\u017ca; jest to konstelacja znana jako \u201eBruzda\u201d (Panna). Po\u015brodku o\u015bmioramienna gwiazda jest identyfikowana przez napis jako planeta Merkury. Po lewej stronie znajduje si\u0119 konstelacja Corvus (kruka lub wrony). Ptak dziobie koniec ogona Hydry, nale\u017c\u0105cego do poprzedniego znaku. Zwr\u00f3\u0107 uwag\u0119 na podzia\u0142 na dwana\u015bcie p\u00f3l, z kt\u00f3rych ka\u017cde odpowiada miesi\u0105cowi w roku.<br \/>\nAstrologia wywodzi si\u0119 z babilo\u0144skich praktyk religijnych. Istniej\u0105 mocne dowody na to, \u017ce zodiak powsta\u0142 w Babilonie oko\u0142o 2100 pne.<\/p>\n<p>Kilka staro\u017cytnych postaci konstelacji maj\u0105 wybitnie babilo\u0144ski charakter i prawie wszystko mo\u017cna wyja\u015bni\u0107 na podstawie mitologii babilo\u0144skiej.<br \/>\nMorrisa Jastrowa<br \/>\nW kr\u00f3tkim czasie astrologia mia\u0142a zaj\u0105\u0107 czo\u0142owe miejsce w kulcie i sztuce wr\u00f3\u017cbiarstwa. S\u0142o\u0144ce, Ksi\u0119\u017cyc i planety by\u0142y uwa\u017cane za siedzib\u0119 bog\u00f3w. Planeta Jowisz by\u0142a uto\u017csamiana z Mardukiem, Wenus z Isztar, Saturn z Ninurt\u0105, Merkury z Nebi, a Mars z Nergalem. Kap\u0142ani, zwani p\u00f3\u017aniej mathematici, wierzyli, \u017ce dok\u0142adna interpretacja ruch\u00f3w tych cia\u0142 niebieskich ujawnia zamiary bog\u00f3w.<br \/>\n\u201eWr\u00f3\u017cenie \u201epoprzez pismo\u201d by\u0142o typowo mezopotamskie i pozostawiono nam liczne \u015blady tego, [&#8230;] od pocz\u0105tku drugiego tysi\u0105clecia. Jedynymi, kt\u00f3rzy znali ten kod wr\u00f3\u017cbiarski, byli zawodowi wr\u00f3\u017cbici zwani baru \u2013 \u201eegzaminatorzy\u201d \u2013poniewa\u017c ich rol\u0105 by\u0142o badanie nieoczekiwanych lub nienormalnych zdarze\u0144 lub obiekt\u00f3w w celu ich rozszyfrowania i odczytania fragment\u00f3w przysz\u0142o\u015bci, kt\u00f3re bogowie w nich wpisali\u201d. Jeana Bott\u00e9ro<br \/>\nW czasach proroka Daniela, astrologia by\u0142a tak rozpowszechniona w Chaldei (Babilonii), \u017ce \u201eChaldejczycy\u201d byli praktycznie synonimami z \u201eastrologami\u201d (Biblia Ksi\u0119ga Daniela 4:7; 5:7, 11).<br \/>\nDaniel by\u0142 \u015bwiadkiem ich niezdolno\u015bci \u201ekap\u0142an\u00f3w-mag\u00f3w\u201d, kt\u00f3rzy przepowiadali upadek Babilonu. Zwr\u00f3\u0107 uwag\u0119, \u017ce Izajasz 47:13 og\u0142osi\u0142 dwa wieki wcze\u015bniej<\/p>\n<p>Taca o wymiarach 29cm x 29cm<\/p>\n","protected":false},"excerpt":{"rendered":"<p>Babilo\u0144skie Mapy Nieba Tabliczki planispheres: Cz\u0119\u015bci Mapy Nieba z oko\u0142o 900\u2013611 pne,\u00a0 Sm. 162 (4.1.1.1)\u00a0 ii K.14943+ (4.1.1.2) Sumeryjska Mapa Gwiezdna K8538 -opisuje zdarzenie\u00a0 z 29 czerwca 3123 r. p.n.e. Virgo zodiac cycle z oko\u0142o 2100 pne -zilustrowany przekr\u00f3j ekliptyki przedstawiaj\u0105cy konstelacje Panny, Hydry, Kruka, a tak\u017ce planet\u0119 Merkury Taca o wymiarach 29cm x 29cm<span class=\"read-more-faq\"><a href=\"https:\/\/sklep.edudomo.pl\/en\/sklep\/najstarsza-astrologia-babilonskie-mapy-nieba-tabliczki-planispheres\/\">Read More<\/a><\/span><\/p>\n","protected":false},"featured_media":10665,"comment_status":"open","ping_status":"closed","template":"","meta":[],"product_brand":[],"product_cat":[84,87,85,120],"product_tag":[],"class_list":{"0":"post-10657","1":"product","2":"type-product","3":"status-publish","4":"has-post-thumbnail","6":"product_cat-edukacja-kosmiczna","7":"product_cat-edukacja-przyrodnicza","8":"product_cat-eukacja-matematyczna","9":"product_cat-historia","10":"product_shipping_class-inpost-kurier-a","12":"first","13":"onbackorder","14":"taxable","15":"shipping-taxable","16":"purchasable","17":"product-type-simple"},"yoast_head":"<!-- This site is optimized with the Yoast SEO plugin v26.5 - https:\/\/yoast.com\/wordpress\/plugins\/seo\/ -->\n<title>Najstarsza astrologia. Babilo\u0144skie Mapy Nieba.Tabliczki planispheres<\/title>\n<meta name=\"robots\" content=\"index, follow, max-snippet:-1, max-image-preview:large, max-video-preview:-1\" \/>\n<link rel=\"canonical\" href=\"https:\/\/sklep.edudomo.pl\/en\/sklep\/najstarsza-astrologia-babilonskie-mapy-nieba-tabliczki-planispheres\/\" \/>\n<meta property=\"og:locale\" content=\"en_GB\" \/>\n<meta property=\"og:locale:alternate\" content=\"pl_PL\" \/>\n<meta property=\"og:type\" content=\"article\" \/>\n<meta property=\"og:title\" content=\"Najstarsza astrologia. Babilo\u0144skie Mapy Nieba.Tabliczki planispheres\" \/>\n<meta property=\"og:description\" content=\"Babilo\u0144skie Mapy Nieba Tabliczki planispheres: Cz\u0119\u015bci Mapy Nieba z oko\u0142o 900\u2013611 pne,\u00a0 Sm. 162 (4.1.1.1)\u00a0 ii K.14943+ (4.1.1.2) Sumeryjska Mapa Gwiezdna K8538 -opisuje zdarzenie\u00a0 z 29 czerwca 3123 r. p.n.e. Virgo zodiac cycle z oko\u0142o 2100 pne -zilustrowany przekr\u00f3j ekliptyki przedstawiaj\u0105cy konstelacje Panny, Hydry, Kruka, a tak\u017ce planet\u0119 Merkury Taca o wymiarach 29cm x 29cmRead More\" \/>\n<meta property=\"og:url\" content=\"https:\/\/sklep.edudomo.pl\/en\/sklep\/najstarsza-astrologia-babilonskie-mapy-nieba-tabliczki-planispheres\/\" \/>\n<meta property=\"og:site_name\" content=\"sklep EduDoMo\" \/>\n<meta property=\"article:modified_time\" content=\"2025-11-25T16:48:57+00:00\" \/>\n<meta property=\"og:image\" content=\"https:\/\/sklep.edudomo.pl\/wp-content\/uploads\/2023\/04\/IMG_3460.jpg\" \/>\n\t<meta property=\"og:image:width\" content=\"640\" \/>\n\t<meta property=\"og:image:height\" content=\"578\" \/>\n\t<meta property=\"og:image:type\" content=\"image\/jpeg\" \/>\n<meta name=\"twitter:card\" content=\"summary_large_image\" \/>\n<meta name=\"twitter:label1\" content=\"Estimated reading time\" \/>\n\t<meta name=\"twitter:data1\" content=\"7 minutes\" \/>\n<script type=\"application\/ld+json\" class=\"yoast-schema-graph\">{\"@context\":\"https:\/\/schema.org\",\"@graph\":[{\"@type\":\"WebPage\",\"@id\":\"https:\/\/sklep.edudomo.pl\/sklep\/najstarsza-astrologia-babilonskie-mapy-nieba-tabliczki-planispheres\/\",\"url\":\"https:\/\/sklep.edudomo.pl\/sklep\/najstarsza-astrologia-babilonskie-mapy-nieba-tabliczki-planispheres\/\",\"name\":\"Najstarsza astrologia. Babilo\u0144skie Mapy Nieba.Tabliczki planispheres\",\"isPartOf\":{\"@id\":\"https:\/\/sklep.edudomo.pl\/#website\"},\"primaryImageOfPage\":{\"@id\":\"https:\/\/sklep.edudomo.pl\/sklep\/najstarsza-astrologia-babilonskie-mapy-nieba-tabliczki-planispheres\/#primaryimage\"},\"image\":{\"@id\":\"https:\/\/sklep.edudomo.pl\/sklep\/najstarsza-astrologia-babilonskie-mapy-nieba-tabliczki-planispheres\/#primaryimage\"},\"thumbnailUrl\":\"https:\/\/sklep.edudomo.pl\/wp-content\/uploads\/2023\/04\/IMG_3460.jpg\",\"datePublished\":\"2023-04-10T10:11:17+00:00\",\"dateModified\":\"2025-11-25T16:48:57+00:00\",\"breadcrumb\":{\"@id\":\"https:\/\/sklep.edudomo.pl\/sklep\/najstarsza-astrologia-babilonskie-mapy-nieba-tabliczki-planispheres\/#breadcrumb\"},\"inLanguage\":\"en-GB\",\"potentialAction\":[{\"@type\":\"ReadAction\",\"target\":[\"https:\/\/sklep.edudomo.pl\/sklep\/najstarsza-astrologia-babilonskie-mapy-nieba-tabliczki-planispheres\/\"]}]},{\"@type\":\"ImageObject\",\"inLanguage\":\"en-GB\",\"@id\":\"https:\/\/sklep.edudomo.pl\/sklep\/najstarsza-astrologia-babilonskie-mapy-nieba-tabliczki-planispheres\/#primaryimage\",\"url\":\"https:\/\/sklep.edudomo.pl\/wp-content\/uploads\/2023\/04\/IMG_3460.jpg\",\"contentUrl\":\"https:\/\/sklep.edudomo.pl\/wp-content\/uploads\/2023\/04\/IMG_3460.jpg\",\"width\":640,\"height\":578,\"caption\":\"Babilo\u0144skie Mapy Nieba\"},{\"@type\":\"BreadcrumbList\",\"@id\":\"https:\/\/sklep.edudomo.pl\/sklep\/najstarsza-astrologia-babilonskie-mapy-nieba-tabliczki-planispheres\/#breadcrumb\",\"itemListElement\":[{\"@type\":\"ListItem\",\"position\":1,\"name\":\"Strona g\u0142\u00f3wna\",\"item\":\"https:\/\/sklep.edudomo.pl\/\"},{\"@type\":\"ListItem\",\"position\":2,\"name\":\"Sklep\",\"item\":\"https:\/\/sklep.edudomo.pl\/\"},{\"@type\":\"ListItem\",\"position\":3,\"name\":\"Najstarsza astrologia. Babilo\u0144skie Mapy Nieba.Tabliczki planispheres\"}]},{\"@type\":\"WebSite\",\"@id\":\"https:\/\/sklep.edudomo.pl\/#website\",\"url\":\"https:\/\/sklep.edudomo.pl\/\",\"name\":\"sklep EduDoMo\",\"description\":\"Edukacja Domowa. Terapia. Wspieranie Talent&oacute;w\",\"publisher\":{\"@id\":\"https:\/\/sklep.edudomo.pl\/#organization\"},\"potentialAction\":[{\"@type\":\"SearchAction\",\"target\":{\"@type\":\"EntryPoint\",\"urlTemplate\":\"https:\/\/sklep.edudomo.pl\/?s={search_term_string}\"},\"query-input\":{\"@type\":\"PropertyValueSpecification\",\"valueRequired\":true,\"valueName\":\"search_term_string\"}}],\"inLanguage\":\"en-GB\"},{\"@type\":\"Organization\",\"@id\":\"https:\/\/sklep.edudomo.pl\/#organization\",\"name\":\"EduDoMo\",\"url\":\"https:\/\/sklep.edudomo.pl\/\",\"logo\":{\"@type\":\"ImageObject\",\"inLanguage\":\"en-GB\",\"@id\":\"https:\/\/sklep.edudomo.pl\/#\/schema\/logo\/image\/\",\"url\":\"https:\/\/sklep.edudomo.pl\/wp-content\/uploads\/2019\/11\/cropped-logo-edudomo-sowa.jpg\",\"contentUrl\":\"https:\/\/sklep.edudomo.pl\/wp-content\/uploads\/2019\/11\/cropped-logo-edudomo-sowa.jpg\",\"width\":120,\"height\":120,\"caption\":\"EduDoMo\"},\"image\":{\"@id\":\"https:\/\/sklep.edudomo.pl\/#\/schema\/logo\/image\/\"}}]}<\/script>\n<!-- \/ Yoast SEO plugin. -->","yoast_head_json":{"title":"Najstarsza astrologia. Babilo\u0144skie Mapy Nieba.Tabliczki planispheres","robots":{"index":"index","follow":"follow","max-snippet":"max-snippet:-1","max-image-preview":"max-image-preview:large","max-video-preview":"max-video-preview:-1"},"canonical":"https:\/\/sklep.edudomo.pl\/en\/sklep\/najstarsza-astrologia-babilonskie-mapy-nieba-tabliczki-planispheres\/","og_locale":"en_GB","og_type":"article","og_title":"[:pl]Najstarsza astrologia. Babilo\u0144skie Mapy Nieba.Tabliczki planispheres[:] - sklep EduDoMo","og_description":"Babilo\u0144skie Mapy Nieba Tabliczki planispheres: Cz\u0119\u015bci Mapy Nieba z oko\u0142o 900\u2013611 pne,\u00a0 Sm. 162 (4.1.1.1)\u00a0 ii K.14943+ (4.1.1.2) Sumeryjska Mapa Gwiezdna K8538 -opisuje zdarzenie\u00a0 z 29 czerwca 3123 r. p.n.e. Virgo zodiac cycle z oko\u0142o 2100 pne -zilustrowany przekr\u00f3j ekliptyki przedstawiaj\u0105cy konstelacje Panny, Hydry, Kruka, a tak\u017ce planet\u0119 Merkury Taca o wymiarach 29cm x 29cmRead More","og_url":"https:\/\/sklep.edudomo.pl\/en\/sklep\/najstarsza-astrologia-babilonskie-mapy-nieba-tabliczki-planispheres\/","og_site_name":"sklep EduDoMo","article_modified_time":"2025-11-25T16:48:57+00:00","og_image":[{"width":640,"height":578,"url":"https:\/\/sklep.edudomo.pl\/wp-content\/uploads\/2023\/04\/IMG_3460.jpg","type":"image\/jpeg"}],"twitter_card":"summary_large_image","twitter_misc":{"Estimated reading time":"7 minutes"},"schema":{"@context":"https:\/\/schema.org","@graph":[{"@type":"WebPage","@id":"https:\/\/sklep.edudomo.pl\/sklep\/najstarsza-astrologia-babilonskie-mapy-nieba-tabliczki-planispheres\/","url":"https:\/\/sklep.edudomo.pl\/sklep\/najstarsza-astrologia-babilonskie-mapy-nieba-tabliczki-planispheres\/","name":"Najstarsza astrologia. Babilo\u0144skie Mapy Nieba.Tabliczki planispheres","isPartOf":{"@id":"https:\/\/sklep.edudomo.pl\/#website"},"primaryImageOfPage":{"@id":"https:\/\/sklep.edudomo.pl\/sklep\/najstarsza-astrologia-babilonskie-mapy-nieba-tabliczki-planispheres\/#primaryimage"},"image":{"@id":"https:\/\/sklep.edudomo.pl\/sklep\/najstarsza-astrologia-babilonskie-mapy-nieba-tabliczki-planispheres\/#primaryimage"},"thumbnailUrl":"https:\/\/sklep.edudomo.pl\/wp-content\/uploads\/2023\/04\/IMG_3460.jpg","datePublished":"2023-04-10T10:11:17+00:00","dateModified":"2025-11-25T16:48:57+00:00","breadcrumb":{"@id":"https:\/\/sklep.edudomo.pl\/sklep\/najstarsza-astrologia-babilonskie-mapy-nieba-tabliczki-planispheres\/#breadcrumb"},"inLanguage":"en-GB","potentialAction":[{"@type":"ReadAction","target":["https:\/\/sklep.edudomo.pl\/sklep\/najstarsza-astrologia-babilonskie-mapy-nieba-tabliczki-planispheres\/"]}]},{"@type":"ImageObject","inLanguage":"en-GB","@id":"https:\/\/sklep.edudomo.pl\/sklep\/najstarsza-astrologia-babilonskie-mapy-nieba-tabliczki-planispheres\/#primaryimage","url":"https:\/\/sklep.edudomo.pl\/wp-content\/uploads\/2023\/04\/IMG_3460.jpg","contentUrl":"https:\/\/sklep.edudomo.pl\/wp-content\/uploads\/2023\/04\/IMG_3460.jpg","width":640,"height":578,"caption":"Babilo\u0144skie Mapy Nieba"},{"@type":"BreadcrumbList","@id":"https:\/\/sklep.edudomo.pl\/sklep\/najstarsza-astrologia-babilonskie-mapy-nieba-tabliczki-planispheres\/#breadcrumb","itemListElement":[{"@type":"ListItem","position":1,"name":"Strona g\u0142\u00f3wna","item":"https:\/\/sklep.edudomo.pl\/"},{"@type":"ListItem","position":2,"name":"Sklep","item":"https:\/\/sklep.edudomo.pl\/"},{"@type":"ListItem","position":3,"name":"Najstarsza astrologia. Babilo\u0144skie Mapy Nieba.Tabliczki planispheres"}]},{"@type":"WebSite","@id":"https:\/\/sklep.edudomo.pl\/#website","url":"https:\/\/sklep.edudomo.pl\/","name":"sklep EduDoMo","description":"Edukacja Domowa. Terapia. Wspieranie Talent&oacute;w","publisher":{"@id":"https:\/\/sklep.edudomo.pl\/#organization"},"potentialAction":[{"@type":"SearchAction","target":{"@type":"EntryPoint","urlTemplate":"https:\/\/sklep.edudomo.pl\/?s={search_term_string}"},"query-input":{"@type":"PropertyValueSpecification","valueRequired":true,"valueName":"search_term_string"}}],"inLanguage":"en-GB"},{"@type":"Organization","@id":"https:\/\/sklep.edudomo.pl\/#organization","name":"EduDoMo","url":"https:\/\/sklep.edudomo.pl\/","logo":{"@type":"ImageObject","inLanguage":"en-GB","@id":"https:\/\/sklep.edudomo.pl\/#\/schema\/logo\/image\/","url":"https:\/\/sklep.edudomo.pl\/wp-content\/uploads\/2019\/11\/cropped-logo-edudomo-sowa.jpg","contentUrl":"https:\/\/sklep.edudomo.pl\/wp-content\/uploads\/2019\/11\/cropped-logo-edudomo-sowa.jpg","width":120,"height":120,"caption":"EduDoMo"},"image":{"@id":"https:\/\/sklep.edudomo.pl\/#\/schema\/logo\/image\/"}}]}},"jetpack_sharing_enabled":true,"_links":{"self":[{"href":"https:\/\/sklep.edudomo.pl\/en\/wp-json\/wp\/v2\/product\/10657","targetHints":{"allow":["GET"]}}],"collection":[{"href":"https:\/\/sklep.edudomo.pl\/en\/wp-json\/wp\/v2\/product"}],"about":[{"href":"https:\/\/sklep.edudomo.pl\/en\/wp-json\/wp\/v2\/types\/product"}],"replies":[{"embeddable":true,"href":"https:\/\/sklep.edudomo.pl\/en\/wp-json\/wp\/v2\/comments?post=10657"}],"wp:featuredmedia":[{"embeddable":true,"href":"https:\/\/sklep.edudomo.pl\/en\/wp-json\/wp\/v2\/media\/10665"}],"wp:attachment":[{"href":"https:\/\/sklep.edudomo.pl\/en\/wp-json\/wp\/v2\/media?parent=10657"}],"wp:term":[{"taxonomy":"product_brand","embeddable":true,"href":"https:\/\/sklep.edudomo.pl\/en\/wp-json\/wp\/v2\/product_brand?post=10657"},{"taxonomy":"product_cat","embeddable":true,"href":"https:\/\/sklep.edudomo.pl\/en\/wp-json\/wp\/v2\/product_cat?post=10657"},{"taxonomy":"product_tag","embeddable":true,"href":"https:\/\/sklep.edudomo.pl\/en\/wp-json\/wp\/v2\/product_tag?post=10657"}],"curies":[{"name":"wp","href":"https:\/\/api.w.org\/{rel}","templated":true}]}}