{"id":10668,"date":"2023-04-11T17:34:59","date_gmt":"2023-04-11T17:34:59","guid":{"rendered":"https:\/\/sklep.edudomo.pl\/?post_type=product&#038;p=10668"},"modified":"2025-11-25T16:48:50","modified_gmt":"2025-11-25T16:48:50","slug":"cyfry-greckie-znaki-greckie","status":"publish","type":"product","link":"https:\/\/sklep.edudomo.pl\/en\/sklep\/cyfry-greckie-znaki-greckie\/","title":{"rendered":"Cyfry greckie. Znaki greckie"},"content":{"rendered":"<p>Cyfry greckie. Znaki greckie<\/p>\n<p>Cyfry greckie. Znali greckie<\/p>\n<p>Plansza o wymiarach 29x29cm<\/p>\n<p>Na rewersie znaczk\u00f3w widniej\u0105 podpowiedzi w pistacji naszych cyfr.<\/p>\n<p>&nbsp;<\/p>\n<p>W staro\u017cytnej Grecji liczby wykorzystywano g\u0142\u00f3wnie do transakcji handlowych. Istnia\u0142y r\u00f3\u017cne systemy liczbowe zaproponowane przez r\u00f3\u017cnych greckich matematyk\u00f3w, ale nie wesz\u0142y one do powszechnego zastosowania.<\/p>\n<p>&nbsp;<\/p>\n<p>Jednym z greckich system\u00f3w liczbowych, by\u0142 system akrofoniczny, kt\u00f3ry stosowany by\u0142 w pierwszym milenium przed nasz\u0105 er\u0105.<\/p>\n<p>&nbsp;<\/p>\n<p>\u201dAkrofoniczny\u201d oznacza, i\u017c symbole liczb pochodz\u0105 od pierwszej litery nazwy liczby, tak wi\u0119c symbol pochodzi od skr\u00f3tu nazwy liczby.<\/p>\n<p>\u201c|\u201d, kt\u00f3ra jest naturaln\u0105 prost\u0105 notacj\u0105 nie pochodzi z \u017cadnej pierwszej litery cyfry.<\/p>\n<p>&nbsp;<\/p>\n<p>Dla cyfry 5 symbolem by\u0142o Gente.<\/p>\n<p>Dla 10 Deka,<\/p>\n<p>100: Hekaton,<\/p>\n<p>1000 Khilioi (x) oraz 10000 Murioi<\/p>\n<p>System liczbowy by\u0142 oparty o zasad\u0119 addytywno\u015bci, podobnie jak liczby rzymskie.<\/p>\n<p>Aby znacznie skr\u00f3ci\u0107 notacj\u0119 du\u017cych liczb Grecki system liczbowy mia\u0142 specjalny symbol dla 5.<\/p>\n<p>Dzi\u0119ki temu skr\u00f3ceniu uleg\u0142a ilo\u015b\u0107 wymaganych znak\u00f3w.<\/p>\n<p>&nbsp;<\/p>\n<p>Ponadto, w greckim systemie istnia\u0142y po\u015brednie symbole dla 50, 500, 5000 oraz 50000, ale nie by\u0142y to nowe symbole a raczej symbole z\u0142o\u017cone utworzone z liczby 5.<\/p>\n<p>&nbsp;<\/p>\n<p>Nale\u017cy zauwa\u017cy\u0107, \u017ce system zapisu liczb nie by\u0142 systemem pozycyjnym nie istnia\u0142a wi\u0119c potrzeba istnienia znaku zera.<\/p>\n<p>Symbol H reprezentowa\u0142 100 i nie ma tu problemu z zerami ani dziesi\u0105tkami.<\/p>\n<p>Wsp\u00f3\u0142cze\u015bnie uwa\u017camy, \u017ce liczby stanowi\u0105 zbiory przedmiot\u00f3w, np. liczba 2 to zbi\u00f3r dw\u00f3ch przedmiot\u00f3w. Natomiast staro\u017cytni Grecy mieli inn\u0105 ide\u0119 liczby, ni\u017c my dzisiaj. Najcz\u0119\u015bciej stosowano ten szczeg\u00f3lny system liczbowy w rachunkach pieni\u0119\u017cnych.<\/p>\n<p>Podstawow\u0105 jednostk\u0105 monetarn\u0105 by\u0142a drachma; wi\u0119ksza jednostka to talent r\u00f3wny 6000 drachm. Drachma dzieli\u0142a si\u0119 na mniejsz\u0105 jednostk\u0119 zwan\u0105 obolem.<\/p>\n<p>Jeden obol stanowi\u0142 1\/6 drachmy.<\/p>\n<p>System akrofoniczny by\u0142 u\u017cywany nie tylko w systemie monetarnym, ale r\u00f3wnie\u017c w systemie wag i miar.<\/p>\n<p>System monetarny wywodzi si\u0119 ze systemu wagowego. Dowodem na to jest to, i\u017c drachma by\u0142a nazw\u0105 r\u00f3wnie\u017c jednostki wagi.<\/p>\n","protected":false},"excerpt":{"rendered":"<p>Cyfry greckie. Znaki greckie Cyfry greckie. Znali greckie Plansza o wymiarach 29x29cm Na rewersie znaczk\u00f3w widniej\u0105 podpowiedzi w pistacji naszych cyfr. &nbsp; W staro\u017cytnej Grecji liczby wykorzystywano g\u0142\u00f3wnie do transakcji handlowych. Istnia\u0142y r\u00f3\u017cne systemy liczbowe zaproponowane przez r\u00f3\u017cnych greckich matematyk\u00f3w, ale nie wesz\u0142y one do powszechnego zastosowania. &nbsp; Jednym z greckich system\u00f3w liczbowych, by\u0142 system<span class=\"read-more-faq\"><a href=\"https:\/\/sklep.edudomo.pl\/en\/sklep\/cyfry-greckie-znaki-greckie\/\">Read More<\/a><\/span><\/p>\n","protected":false},"featured_media":10793,"comment_status":"open","ping_status":"closed","template":"","meta":[],"product_brand":[],"product_cat":[84,85,120,86],"product_tag":[],"class_list":{"0":"post-10668","1":"product","2":"type-product","3":"status-publish","4":"has-post-thumbnail","6":"product_cat-edukacja-kosmiczna","7":"product_cat-eukacja-matematyczna","8":"product_cat-historia","9":"product_cat-material-sensoryczny","10":"product_shipping_class-inpost-kurier-a","12":"first","13":"onbackorder","14":"taxable","15":"shipping-taxable","16":"purchasable","17":"product-type-simple"},"yoast_head":"<!-- This site is optimized with the Yoast SEO plugin v26.5 - https:\/\/yoast.com\/wordpress\/plugins\/seo\/ -->\n<title>Cyfry greckie. Znaki greckie<\/title>\n<meta name=\"robots\" content=\"index, follow, max-snippet:-1, max-image-preview:large, max-video-preview:-1\" \/>\n<link rel=\"canonical\" href=\"https:\/\/sklep.edudomo.pl\/en\/sklep\/cyfry-greckie-znaki-greckie\/\" \/>\n<meta property=\"og:locale\" content=\"en_GB\" \/>\n<meta property=\"og:locale:alternate\" content=\"pl_PL\" \/>\n<meta property=\"og:type\" content=\"article\" \/>\n<meta property=\"og:title\" content=\"Cyfry greckie. Znaki greckie\" \/>\n<meta property=\"og:description\" content=\"Cyfry greckie. Znaki greckie Cyfry greckie. Znali greckie Plansza o wymiarach 29x29cm Na rewersie znaczk\u00f3w widniej\u0105 podpowiedzi w pistacji naszych cyfr. &nbsp; W staro\u017cytnej Grecji liczby wykorzystywano g\u0142\u00f3wnie do transakcji handlowych. Istnia\u0142y r\u00f3\u017cne systemy liczbowe zaproponowane przez r\u00f3\u017cnych greckich matematyk\u00f3w, ale nie wesz\u0142y one do powszechnego zastosowania. &nbsp; Jednym z greckich system\u00f3w liczbowych, by\u0142 systemRead More\" \/>\n<meta property=\"og:url\" content=\"https:\/\/sklep.edudomo.pl\/en\/sklep\/cyfry-greckie-znaki-greckie\/\" \/>\n<meta property=\"og:site_name\" content=\"sklep EduDoMo\" \/>\n<meta property=\"article:modified_time\" content=\"2025-11-25T16:48:50+00:00\" \/>\n<meta property=\"og:image\" content=\"https:\/\/sklep.edudomo.pl\/wp-content\/uploads\/2023\/04\/IMG_5187-scaled.jpeg\" \/>\n\t<meta property=\"og:image:width\" content=\"2423\" \/>\n\t<meta property=\"og:image:height\" content=\"2560\" \/>\n\t<meta property=\"og:image:type\" content=\"image\/jpeg\" \/>\n<meta name=\"twitter:card\" content=\"summary_large_image\" \/>\n<meta name=\"twitter:label1\" content=\"Estimated reading time\" \/>\n\t<meta name=\"twitter:data1\" content=\"2 minutes\" \/>\n<script type=\"application\/ld+json\" class=\"yoast-schema-graph\">{\"@context\":\"https:\/\/schema.org\",\"@graph\":[{\"@type\":\"WebPage\",\"@id\":\"https:\/\/sklep.edudomo.pl\/sklep\/cyfry-greckie-znaki-greckie\/\",\"url\":\"https:\/\/sklep.edudomo.pl\/sklep\/cyfry-greckie-znaki-greckie\/\",\"name\":\"Cyfry greckie. Znaki greckie\",\"isPartOf\":{\"@id\":\"https:\/\/sklep.edudomo.pl\/#website\"},\"primaryImageOfPage\":{\"@id\":\"https:\/\/sklep.edudomo.pl\/sklep\/cyfry-greckie-znaki-greckie\/#primaryimage\"},\"image\":{\"@id\":\"https:\/\/sklep.edudomo.pl\/sklep\/cyfry-greckie-znaki-greckie\/#primaryimage\"},\"thumbnailUrl\":\"https:\/\/sklep.edudomo.pl\/wp-content\/uploads\/2023\/04\/IMG_5187-scaled.jpeg\",\"datePublished\":\"2023-04-11T17:34:59+00:00\",\"dateModified\":\"2025-11-25T16:48:50+00:00\",\"breadcrumb\":{\"@id\":\"https:\/\/sklep.edudomo.pl\/sklep\/cyfry-greckie-znaki-greckie\/#breadcrumb\"},\"inLanguage\":\"en-GB\",\"potentialAction\":[{\"@type\":\"ReadAction\",\"target\":[\"https:\/\/sklep.edudomo.pl\/sklep\/cyfry-greckie-znaki-greckie\/\"]}]},{\"@type\":\"ImageObject\",\"inLanguage\":\"en-GB\",\"@id\":\"https:\/\/sklep.edudomo.pl\/sklep\/cyfry-greckie-znaki-greckie\/#primaryimage\",\"url\":\"https:\/\/sklep.edudomo.pl\/wp-content\/uploads\/2023\/04\/IMG_5187-scaled.jpeg\",\"contentUrl\":\"https:\/\/sklep.edudomo.pl\/wp-content\/uploads\/2023\/04\/IMG_5187-scaled.jpeg\",\"width\":2423,\"height\":2560},{\"@type\":\"BreadcrumbList\",\"@id\":\"https:\/\/sklep.edudomo.pl\/sklep\/cyfry-greckie-znaki-greckie\/#breadcrumb\",\"itemListElement\":[{\"@type\":\"ListItem\",\"position\":1,\"name\":\"Strona g\u0142\u00f3wna\",\"item\":\"https:\/\/sklep.edudomo.pl\/\"},{\"@type\":\"ListItem\",\"position\":2,\"name\":\"Sklep\",\"item\":\"https:\/\/sklep.edudomo.pl\/\"},{\"@type\":\"ListItem\",\"position\":3,\"name\":\"Cyfry greckie. Znaki greckie\"}]},{\"@type\":\"WebSite\",\"@id\":\"https:\/\/sklep.edudomo.pl\/#website\",\"url\":\"https:\/\/sklep.edudomo.pl\/\",\"name\":\"sklep EduDoMo\",\"description\":\"Edukacja Domowa. Terapia. Wspieranie Talent&oacute;w\",\"publisher\":{\"@id\":\"https:\/\/sklep.edudomo.pl\/#organization\"},\"potentialAction\":[{\"@type\":\"SearchAction\",\"target\":{\"@type\":\"EntryPoint\",\"urlTemplate\":\"https:\/\/sklep.edudomo.pl\/?s={search_term_string}\"},\"query-input\":{\"@type\":\"PropertyValueSpecification\",\"valueRequired\":true,\"valueName\":\"search_term_string\"}}],\"inLanguage\":\"en-GB\"},{\"@type\":\"Organization\",\"@id\":\"https:\/\/sklep.edudomo.pl\/#organization\",\"name\":\"EduDoMo\",\"url\":\"https:\/\/sklep.edudomo.pl\/\",\"logo\":{\"@type\":\"ImageObject\",\"inLanguage\":\"en-GB\",\"@id\":\"https:\/\/sklep.edudomo.pl\/#\/schema\/logo\/image\/\",\"url\":\"https:\/\/sklep.edudomo.pl\/wp-content\/uploads\/2019\/11\/cropped-logo-edudomo-sowa.jpg\",\"contentUrl\":\"https:\/\/sklep.edudomo.pl\/wp-content\/uploads\/2019\/11\/cropped-logo-edudomo-sowa.jpg\",\"width\":120,\"height\":120,\"caption\":\"EduDoMo\"},\"image\":{\"@id\":\"https:\/\/sklep.edudomo.pl\/#\/schema\/logo\/image\/\"}}]}<\/script>\n<!-- \/ Yoast SEO plugin. -->","yoast_head_json":{"title":"Cyfry greckie. Znaki greckie","robots":{"index":"index","follow":"follow","max-snippet":"max-snippet:-1","max-image-preview":"max-image-preview:large","max-video-preview":"max-video-preview:-1"},"canonical":"https:\/\/sklep.edudomo.pl\/en\/sklep\/cyfry-greckie-znaki-greckie\/","og_locale":"en_GB","og_type":"article","og_title":"[:pl]Cyfry greckie. Znaki greckie[:] - sklep EduDoMo","og_description":"Cyfry greckie. Znaki greckie Cyfry greckie. Znali greckie Plansza o wymiarach 29x29cm Na rewersie znaczk\u00f3w widniej\u0105 podpowiedzi w pistacji naszych cyfr. &nbsp; W staro\u017cytnej Grecji liczby wykorzystywano g\u0142\u00f3wnie do transakcji handlowych. Istnia\u0142y r\u00f3\u017cne systemy liczbowe zaproponowane przez r\u00f3\u017cnych greckich matematyk\u00f3w, ale nie wesz\u0142y one do powszechnego zastosowania. &nbsp; Jednym z greckich system\u00f3w liczbowych, by\u0142 systemRead More","og_url":"https:\/\/sklep.edudomo.pl\/en\/sklep\/cyfry-greckie-znaki-greckie\/","og_site_name":"sklep EduDoMo","article_modified_time":"2025-11-25T16:48:50+00:00","og_image":[{"width":2423,"height":2560,"url":"https:\/\/sklep.edudomo.pl\/wp-content\/uploads\/2023\/04\/IMG_5187-scaled.jpeg","type":"image\/jpeg"}],"twitter_card":"summary_large_image","twitter_misc":{"Estimated reading time":"2 minutes"},"schema":{"@context":"https:\/\/schema.org","@graph":[{"@type":"WebPage","@id":"https:\/\/sklep.edudomo.pl\/sklep\/cyfry-greckie-znaki-greckie\/","url":"https:\/\/sklep.edudomo.pl\/sklep\/cyfry-greckie-znaki-greckie\/","name":"Cyfry greckie. Znaki greckie","isPartOf":{"@id":"https:\/\/sklep.edudomo.pl\/#website"},"primaryImageOfPage":{"@id":"https:\/\/sklep.edudomo.pl\/sklep\/cyfry-greckie-znaki-greckie\/#primaryimage"},"image":{"@id":"https:\/\/sklep.edudomo.pl\/sklep\/cyfry-greckie-znaki-greckie\/#primaryimage"},"thumbnailUrl":"https:\/\/sklep.edudomo.pl\/wp-content\/uploads\/2023\/04\/IMG_5187-scaled.jpeg","datePublished":"2023-04-11T17:34:59+00:00","dateModified":"2025-11-25T16:48:50+00:00","breadcrumb":{"@id":"https:\/\/sklep.edudomo.pl\/sklep\/cyfry-greckie-znaki-greckie\/#breadcrumb"},"inLanguage":"en-GB","potentialAction":[{"@type":"ReadAction","target":["https:\/\/sklep.edudomo.pl\/sklep\/cyfry-greckie-znaki-greckie\/"]}]},{"@type":"ImageObject","inLanguage":"en-GB","@id":"https:\/\/sklep.edudomo.pl\/sklep\/cyfry-greckie-znaki-greckie\/#primaryimage","url":"https:\/\/sklep.edudomo.pl\/wp-content\/uploads\/2023\/04\/IMG_5187-scaled.jpeg","contentUrl":"https:\/\/sklep.edudomo.pl\/wp-content\/uploads\/2023\/04\/IMG_5187-scaled.jpeg","width":2423,"height":2560},{"@type":"BreadcrumbList","@id":"https:\/\/sklep.edudomo.pl\/sklep\/cyfry-greckie-znaki-greckie\/#breadcrumb","itemListElement":[{"@type":"ListItem","position":1,"name":"Strona g\u0142\u00f3wna","item":"https:\/\/sklep.edudomo.pl\/"},{"@type":"ListItem","position":2,"name":"Sklep","item":"https:\/\/sklep.edudomo.pl\/"},{"@type":"ListItem","position":3,"name":"Cyfry greckie. Znaki greckie"}]},{"@type":"WebSite","@id":"https:\/\/sklep.edudomo.pl\/#website","url":"https:\/\/sklep.edudomo.pl\/","name":"sklep EduDoMo","description":"Edukacja Domowa. Terapia. Wspieranie Talent&oacute;w","publisher":{"@id":"https:\/\/sklep.edudomo.pl\/#organization"},"potentialAction":[{"@type":"SearchAction","target":{"@type":"EntryPoint","urlTemplate":"https:\/\/sklep.edudomo.pl\/?s={search_term_string}"},"query-input":{"@type":"PropertyValueSpecification","valueRequired":true,"valueName":"search_term_string"}}],"inLanguage":"en-GB"},{"@type":"Organization","@id":"https:\/\/sklep.edudomo.pl\/#organization","name":"EduDoMo","url":"https:\/\/sklep.edudomo.pl\/","logo":{"@type":"ImageObject","inLanguage":"en-GB","@id":"https:\/\/sklep.edudomo.pl\/#\/schema\/logo\/image\/","url":"https:\/\/sklep.edudomo.pl\/wp-content\/uploads\/2019\/11\/cropped-logo-edudomo-sowa.jpg","contentUrl":"https:\/\/sklep.edudomo.pl\/wp-content\/uploads\/2019\/11\/cropped-logo-edudomo-sowa.jpg","width":120,"height":120,"caption":"EduDoMo"},"image":{"@id":"https:\/\/sklep.edudomo.pl\/#\/schema\/logo\/image\/"}}]}},"jetpack_sharing_enabled":true,"_links":{"self":[{"href":"https:\/\/sklep.edudomo.pl\/en\/wp-json\/wp\/v2\/product\/10668","targetHints":{"allow":["GET"]}}],"collection":[{"href":"https:\/\/sklep.edudomo.pl\/en\/wp-json\/wp\/v2\/product"}],"about":[{"href":"https:\/\/sklep.edudomo.pl\/en\/wp-json\/wp\/v2\/types\/product"}],"replies":[{"embeddable":true,"href":"https:\/\/sklep.edudomo.pl\/en\/wp-json\/wp\/v2\/comments?post=10668"}],"wp:featuredmedia":[{"embeddable":true,"href":"https:\/\/sklep.edudomo.pl\/en\/wp-json\/wp\/v2\/media\/10793"}],"wp:attachment":[{"href":"https:\/\/sklep.edudomo.pl\/en\/wp-json\/wp\/v2\/media?parent=10668"}],"wp:term":[{"taxonomy":"product_brand","embeddable":true,"href":"https:\/\/sklep.edudomo.pl\/en\/wp-json\/wp\/v2\/product_brand?post=10668"},{"taxonomy":"product_cat","embeddable":true,"href":"https:\/\/sklep.edudomo.pl\/en\/wp-json\/wp\/v2\/product_cat?post=10668"},{"taxonomy":"product_tag","embeddable":true,"href":"https:\/\/sklep.edudomo.pl\/en\/wp-json\/wp\/v2\/product_tag?post=10668"}],"curies":[{"name":"wp","href":"https:\/\/api.w.org\/{rel}","templated":true}]}}