{"id":10670,"date":"2023-04-11T18:41:00","date_gmt":"2023-04-11T18:41:00","guid":{"rendered":"https:\/\/sklep.edudomo.pl\/?post_type=product&#038;p=10670"},"modified":"2025-11-25T16:48:41","modified_gmt":"2025-11-25T16:48:41","slug":"alfabet-i-liczby-greckie","status":"publish","type":"product","link":"https:\/\/sklep.edudomo.pl\/en\/sklep\/alfabet-i-liczby-greckie\/","title":{"rendered":"Alfabet i liczby greckie"},"content":{"rendered":"<p>Alfabet i liczby greckie<\/p>\n<p>Zestaw zawiera plansz\u0119 z bloczkami z alfabetem greckim<\/p>\n<p>wym 29cm x 29cm<\/p>\n<p>oraz dodatek:<\/p>\n<p>-plansza edukacyjna z alfabetem i warto\u015bciami numerycznymi oraz 3 litery archaiczne, kt\u00f3re zosta\u0142y u\u017cyte do systemu greckiej numeracji<\/p>\n","protected":false},"excerpt":{"rendered":"<p>Alfabet i liczby greckie Zestaw zawiera plansz\u0119 z bloczkami z alfabetem greckim wym 29cm x 29cm oraz dodatek: -plansza edukacyjna z alfabetem i warto\u015bciami numerycznymi oraz 3 litery archaiczne, kt\u00f3re zosta\u0142y u\u017cyte do systemu greckiej numeracji<\/p>\n","protected":false},"featured_media":10672,"comment_status":"open","ping_status":"closed","template":"","meta":[],"product_brand":[],"product_cat":[84,87,85],"product_tag":[],"class_list":{"0":"post-10670","1":"product","2":"type-product","3":"status-publish","4":"has-post-thumbnail","6":"product_cat-edukacja-kosmiczna","7":"product_cat-edukacja-przyrodnicza","8":"product_cat-eukacja-matematyczna","9":"product_shipping_class-inpost-kurier-a","11":"first","12":"onbackorder","13":"taxable","14":"shipping-taxable","15":"purchasable","16":"product-type-simple"},"yoast_head":"<!-- This site is optimized with the Yoast SEO plugin v26.5 - https:\/\/yoast.com\/wordpress\/plugins\/seo\/ -->\n<title>Alfabet i liczby greckie<\/title>\n<meta name=\"robots\" content=\"index, follow, max-snippet:-1, max-image-preview:large, max-video-preview:-1\" \/>\n<link rel=\"canonical\" href=\"https:\/\/sklep.edudomo.pl\/en\/sklep\/alfabet-i-liczby-greckie\/\" \/>\n<meta property=\"og:locale\" content=\"en_GB\" \/>\n<meta property=\"og:locale:alternate\" content=\"pl_PL\" \/>\n<meta property=\"og:type\" content=\"article\" \/>\n<meta property=\"og:title\" content=\"Alfabet i liczby greckie\" \/>\n<meta property=\"og:description\" content=\"Alfabet i liczby greckie Zestaw zawiera plansz\u0119 z bloczkami z alfabetem greckim wym 29cm x 29cm oraz dodatek: -plansza edukacyjna z alfabetem i warto\u015bciami numerycznymi oraz 3 litery archaiczne, kt\u00f3re zosta\u0142y u\u017cyte do systemu greckiej numeracji\" \/>\n<meta property=\"og:url\" content=\"https:\/\/sklep.edudomo.pl\/en\/sklep\/alfabet-i-liczby-greckie\/\" \/>\n<meta property=\"og:site_name\" content=\"sklep EduDoMo\" \/>\n<meta property=\"article:modified_time\" content=\"2025-11-25T16:48:41+00:00\" \/>\n<meta property=\"og:image\" content=\"https:\/\/sklep.edudomo.pl\/wp-content\/uploads\/2023\/04\/bbbb.jpg\" \/>\n\t<meta property=\"og:image:width\" content=\"640\" \/>\n\t<meta property=\"og:image:height\" content=\"581\" \/>\n\t<meta property=\"og:image:type\" content=\"image\/jpeg\" \/>\n<meta name=\"twitter:card\" content=\"summary_large_image\" \/>\n<meta name=\"twitter:label1\" content=\"Estimated reading time\" \/>\n\t<meta name=\"twitter:data1\" content=\"1 minute\" \/>\n<script type=\"application\/ld+json\" class=\"yoast-schema-graph\">{\"@context\":\"https:\/\/schema.org\",\"@graph\":[{\"@type\":\"WebPage\",\"@id\":\"https:\/\/sklep.edudomo.pl\/sklep\/alfabet-i-liczby-greckie\/\",\"url\":\"https:\/\/sklep.edudomo.pl\/sklep\/alfabet-i-liczby-greckie\/\",\"name\":\"Alfabet i liczby greckie\",\"isPartOf\":{\"@id\":\"https:\/\/sklep.edudomo.pl\/#website\"},\"primaryImageOfPage\":{\"@id\":\"https:\/\/sklep.edudomo.pl\/sklep\/alfabet-i-liczby-greckie\/#primaryimage\"},\"image\":{\"@id\":\"https:\/\/sklep.edudomo.pl\/sklep\/alfabet-i-liczby-greckie\/#primaryimage\"},\"thumbnailUrl\":\"https:\/\/sklep.edudomo.pl\/wp-content\/uploads\/2023\/04\/bbbb.jpg\",\"datePublished\":\"2023-04-11T18:41:00+00:00\",\"dateModified\":\"2025-11-25T16:48:41+00:00\",\"breadcrumb\":{\"@id\":\"https:\/\/sklep.edudomo.pl\/sklep\/alfabet-i-liczby-greckie\/#breadcrumb\"},\"inLanguage\":\"en-GB\",\"potentialAction\":[{\"@type\":\"ReadAction\",\"target\":[\"https:\/\/sklep.edudomo.pl\/sklep\/alfabet-i-liczby-greckie\/\"]}]},{\"@type\":\"ImageObject\",\"inLanguage\":\"en-GB\",\"@id\":\"https:\/\/sklep.edudomo.pl\/sklep\/alfabet-i-liczby-greckie\/#primaryimage\",\"url\":\"https:\/\/sklep.edudomo.pl\/wp-content\/uploads\/2023\/04\/bbbb.jpg\",\"contentUrl\":\"https:\/\/sklep.edudomo.pl\/wp-content\/uploads\/2023\/04\/bbbb.jpg\",\"width\":640,\"height\":581,\"caption\":\"Alfabet i liczby greckie\"},{\"@type\":\"BreadcrumbList\",\"@id\":\"https:\/\/sklep.edudomo.pl\/sklep\/alfabet-i-liczby-greckie\/#breadcrumb\",\"itemListElement\":[{\"@type\":\"ListItem\",\"position\":1,\"name\":\"Strona g\u0142\u00f3wna\",\"item\":\"https:\/\/sklep.edudomo.pl\/\"},{\"@type\":\"ListItem\",\"position\":2,\"name\":\"Sklep\",\"item\":\"https:\/\/sklep.edudomo.pl\/\"},{\"@type\":\"ListItem\",\"position\":3,\"name\":\"Alfabet i liczby greckie\"}]},{\"@type\":\"WebSite\",\"@id\":\"https:\/\/sklep.edudomo.pl\/#website\",\"url\":\"https:\/\/sklep.edudomo.pl\/\",\"name\":\"sklep EduDoMo\",\"description\":\"Edukacja Domowa. Terapia. Wspieranie Talent&oacute;w\",\"publisher\":{\"@id\":\"https:\/\/sklep.edudomo.pl\/#organization\"},\"potentialAction\":[{\"@type\":\"SearchAction\",\"target\":{\"@type\":\"EntryPoint\",\"urlTemplate\":\"https:\/\/sklep.edudomo.pl\/?s={search_term_string}\"},\"query-input\":{\"@type\":\"PropertyValueSpecification\",\"valueRequired\":true,\"valueName\":\"search_term_string\"}}],\"inLanguage\":\"en-GB\"},{\"@type\":\"Organization\",\"@id\":\"https:\/\/sklep.edudomo.pl\/#organization\",\"name\":\"EduDoMo\",\"url\":\"https:\/\/sklep.edudomo.pl\/\",\"logo\":{\"@type\":\"ImageObject\",\"inLanguage\":\"en-GB\",\"@id\":\"https:\/\/sklep.edudomo.pl\/#\/schema\/logo\/image\/\",\"url\":\"https:\/\/sklep.edudomo.pl\/wp-content\/uploads\/2019\/11\/cropped-logo-edudomo-sowa.jpg\",\"contentUrl\":\"https:\/\/sklep.edudomo.pl\/wp-content\/uploads\/2019\/11\/cropped-logo-edudomo-sowa.jpg\",\"width\":120,\"height\":120,\"caption\":\"EduDoMo\"},\"image\":{\"@id\":\"https:\/\/sklep.edudomo.pl\/#\/schema\/logo\/image\/\"}}]}<\/script>\n<!-- \/ Yoast SEO plugin. -->","yoast_head_json":{"title":"Alfabet i liczby greckie","robots":{"index":"index","follow":"follow","max-snippet":"max-snippet:-1","max-image-preview":"max-image-preview:large","max-video-preview":"max-video-preview:-1"},"canonical":"https:\/\/sklep.edudomo.pl\/en\/sklep\/alfabet-i-liczby-greckie\/","og_locale":"en_GB","og_type":"article","og_title":"[:pl]Alfabet i liczby greckie[:] - sklep EduDoMo","og_description":"Alfabet i liczby greckie Zestaw zawiera plansz\u0119 z bloczkami z alfabetem greckim wym 29cm x 29cm oraz dodatek: -plansza edukacyjna z alfabetem i warto\u015bciami numerycznymi oraz 3 litery archaiczne, kt\u00f3re zosta\u0142y u\u017cyte do systemu greckiej numeracji","og_url":"https:\/\/sklep.edudomo.pl\/en\/sklep\/alfabet-i-liczby-greckie\/","og_site_name":"sklep EduDoMo","article_modified_time":"2025-11-25T16:48:41+00:00","og_image":[{"width":640,"height":581,"url":"https:\/\/sklep.edudomo.pl\/wp-content\/uploads\/2023\/04\/bbbb.jpg","type":"image\/jpeg"}],"twitter_card":"summary_large_image","twitter_misc":{"Estimated reading time":"1 minute"},"schema":{"@context":"https:\/\/schema.org","@graph":[{"@type":"WebPage","@id":"https:\/\/sklep.edudomo.pl\/sklep\/alfabet-i-liczby-greckie\/","url":"https:\/\/sklep.edudomo.pl\/sklep\/alfabet-i-liczby-greckie\/","name":"Alfabet i liczby greckie","isPartOf":{"@id":"https:\/\/sklep.edudomo.pl\/#website"},"primaryImageOfPage":{"@id":"https:\/\/sklep.edudomo.pl\/sklep\/alfabet-i-liczby-greckie\/#primaryimage"},"image":{"@id":"https:\/\/sklep.edudomo.pl\/sklep\/alfabet-i-liczby-greckie\/#primaryimage"},"thumbnailUrl":"https:\/\/sklep.edudomo.pl\/wp-content\/uploads\/2023\/04\/bbbb.jpg","datePublished":"2023-04-11T18:41:00+00:00","dateModified":"2025-11-25T16:48:41+00:00","breadcrumb":{"@id":"https:\/\/sklep.edudomo.pl\/sklep\/alfabet-i-liczby-greckie\/#breadcrumb"},"inLanguage":"en-GB","potentialAction":[{"@type":"ReadAction","target":["https:\/\/sklep.edudomo.pl\/sklep\/alfabet-i-liczby-greckie\/"]}]},{"@type":"ImageObject","inLanguage":"en-GB","@id":"https:\/\/sklep.edudomo.pl\/sklep\/alfabet-i-liczby-greckie\/#primaryimage","url":"https:\/\/sklep.edudomo.pl\/wp-content\/uploads\/2023\/04\/bbbb.jpg","contentUrl":"https:\/\/sklep.edudomo.pl\/wp-content\/uploads\/2023\/04\/bbbb.jpg","width":640,"height":581,"caption":"Alfabet i liczby greckie"},{"@type":"BreadcrumbList","@id":"https:\/\/sklep.edudomo.pl\/sklep\/alfabet-i-liczby-greckie\/#breadcrumb","itemListElement":[{"@type":"ListItem","position":1,"name":"Strona g\u0142\u00f3wna","item":"https:\/\/sklep.edudomo.pl\/"},{"@type":"ListItem","position":2,"name":"Sklep","item":"https:\/\/sklep.edudomo.pl\/"},{"@type":"ListItem","position":3,"name":"Alfabet i liczby greckie"}]},{"@type":"WebSite","@id":"https:\/\/sklep.edudomo.pl\/#website","url":"https:\/\/sklep.edudomo.pl\/","name":"sklep EduDoMo","description":"Edukacja Domowa. Terapia. Wspieranie Talent&oacute;w","publisher":{"@id":"https:\/\/sklep.edudomo.pl\/#organization"},"potentialAction":[{"@type":"SearchAction","target":{"@type":"EntryPoint","urlTemplate":"https:\/\/sklep.edudomo.pl\/?s={search_term_string}"},"query-input":{"@type":"PropertyValueSpecification","valueRequired":true,"valueName":"search_term_string"}}],"inLanguage":"en-GB"},{"@type":"Organization","@id":"https:\/\/sklep.edudomo.pl\/#organization","name":"EduDoMo","url":"https:\/\/sklep.edudomo.pl\/","logo":{"@type":"ImageObject","inLanguage":"en-GB","@id":"https:\/\/sklep.edudomo.pl\/#\/schema\/logo\/image\/","url":"https:\/\/sklep.edudomo.pl\/wp-content\/uploads\/2019\/11\/cropped-logo-edudomo-sowa.jpg","contentUrl":"https:\/\/sklep.edudomo.pl\/wp-content\/uploads\/2019\/11\/cropped-logo-edudomo-sowa.jpg","width":120,"height":120,"caption":"EduDoMo"},"image":{"@id":"https:\/\/sklep.edudomo.pl\/#\/schema\/logo\/image\/"}}]}},"jetpack_sharing_enabled":true,"_links":{"self":[{"href":"https:\/\/sklep.edudomo.pl\/en\/wp-json\/wp\/v2\/product\/10670","targetHints":{"allow":["GET"]}}],"collection":[{"href":"https:\/\/sklep.edudomo.pl\/en\/wp-json\/wp\/v2\/product"}],"about":[{"href":"https:\/\/sklep.edudomo.pl\/en\/wp-json\/wp\/v2\/types\/product"}],"replies":[{"embeddable":true,"href":"https:\/\/sklep.edudomo.pl\/en\/wp-json\/wp\/v2\/comments?post=10670"}],"wp:featuredmedia":[{"embeddable":true,"href":"https:\/\/sklep.edudomo.pl\/en\/wp-json\/wp\/v2\/media\/10672"}],"wp:attachment":[{"href":"https:\/\/sklep.edudomo.pl\/en\/wp-json\/wp\/v2\/media?parent=10670"}],"wp:term":[{"taxonomy":"product_brand","embeddable":true,"href":"https:\/\/sklep.edudomo.pl\/en\/wp-json\/wp\/v2\/product_brand?post=10670"},{"taxonomy":"product_cat","embeddable":true,"href":"https:\/\/sklep.edudomo.pl\/en\/wp-json\/wp\/v2\/product_cat?post=10670"},{"taxonomy":"product_tag","embeddable":true,"href":"https:\/\/sklep.edudomo.pl\/en\/wp-json\/wp\/v2\/product_tag?post=10670"}],"curies":[{"name":"wp","href":"https:\/\/api.w.org\/{rel}","templated":true}]}}