{"id":10677,"date":"2023-04-12T13:58:49","date_gmt":"2023-04-12T13:58:49","guid":{"rendered":"https:\/\/sklep.edudomo.pl\/?post_type=product&#038;p=10677"},"modified":"2025-11-25T16:48:16","modified_gmt":"2025-11-25T16:48:16","slug":"alfabet-hebrajski-i-jego-wartosc-numeryczna","status":"publish","type":"product","link":"https:\/\/sklep.edudomo.pl\/en\/sklep\/alfabet-hebrajski-i-jego-wartosc-numeryczna\/","title":{"rendered":"Alfabet hebrajski i jego warto\u015b\u0107 numeryczna"},"content":{"rendered":"<p>Alfabet hebrajski i jego warto\u015b\u0107 numeryczna<\/p>\n<p>plansza\u00a0 o wymiarach 29cm x 29cm<\/p>\n<p>\u017bydzi do dzi\u015b pos\u0142uguj\u0105 si\u0119 numeracj\u0105 alfabetyczn\u0105 przy pisaniu dat wed\u0142ug swojego kalendarza oraz przy numerowaniu ust\u0119p\u00f3w i werset\u00f3w<br \/>\nStarego Testamentu lub stronic dzie\u0142 wydanych po hebrajsku.<br \/>\nNumeracja ta ma baz\u0119 dziesi\u0119tn\u0105 i polega na przypisaniu okre\u015blonych liczb okre\u015blonym literom.<br \/>\n9 pierwszym liter alfabetu odpowiada 9 pierwszych liczb naturalnych.<br \/>\n9 nast\u0119pnym literom odpowiadaj\u0105 kolejne wielokrotno\u015bci dziesi\u0105tki.<br \/>\n4 ostatnim literom alfabetu odpowiadaj\u0105 liczby 100, 200, 300, i 400.<br \/>\nKolejno liczby 500, 600, 700, 800 i 900 odpowiadaj\u0105 drugiej formie liter: kaf, mem, num, pe, cade u\u017cywanych na ko\u0144cu s\u0142owa.<br \/>\nKa\u017cda litera z dwiema kropkami u g\u00f3ry oznacza odpowiedni\u0105 liczb\u0119 pomno\u017con\u0105 przez 100.<\/p>\n<p>System ten jest oparty na zasadzie dodawania, przedstawia inne liczby pisz\u0105c po kolei litery oznaczaj\u0105ce ilo\u015b\u0107\u2005setek, dziesi\u0105tek i jedno\u015bci. Pisze si\u0119 te cyfry z prawej<br \/>\ndo lewej.<\/p>\n<p>Wyst\u0119puj\u0105 wyj\u0105tki w liczbach 15 i 16, nie u\u017cywa si\u0119 5 i 10 oraz 6 i 10 tylko 6 i 9 oraz 7 i 9.<\/p>\n<p>W religii \u017cydowskiej imi\u0119 z\u0142o\u017cone z liter jod, he, waw, he ( HVHY, JH, JH, HV, JHV itd.) uwa\u017cane jest wg tradycji za \u201eprawdziwe i \u015bci\u015ble osobiste imi\u0119 Boga\u201d, imi\u0119 kryj\u0105ce w sobie pot\u0119g\u0119.<br \/>\nW tym boskim tetragramie tkwi rozwi\u0105zanie wszystkich zagadek \u015bwiata i nikomu nie wolno go wymawia\u0107 ani pisa\u0107 pod gro\u017ab\u0105 ekskomuniki.<\/p>\n<p>&nbsp;<\/p>\n<p>&nbsp;<\/p>\n","protected":false},"excerpt":{"rendered":"<p>Alfabet hebrajski i jego warto\u015b\u0107 numeryczna plansza\u00a0 o wymiarach 29cm x 29cm \u017bydzi do dzi\u015b pos\u0142uguj\u0105 si\u0119 numeracj\u0105 alfabetyczn\u0105 przy pisaniu dat wed\u0142ug swojego kalendarza oraz przy numerowaniu ust\u0119p\u00f3w i werset\u00f3w Starego Testamentu lub stronic dzie\u0142 wydanych po hebrajsku. Numeracja ta ma baz\u0119 dziesi\u0119tn\u0105 i polega na przypisaniu okre\u015blonych liczb okre\u015blonym literom. 9 pierwszym liter<span class=\"read-more-faq\"><a href=\"https:\/\/sklep.edudomo.pl\/en\/sklep\/alfabet-hebrajski-i-jego-wartosc-numeryczna\/\">Read More<\/a><\/span><\/p>\n","protected":false},"featured_media":10681,"comment_status":"open","ping_status":"closed","template":"","meta":[],"product_brand":[],"product_cat":[85,120,88,86],"product_tag":[],"class_list":{"0":"post-10677","1":"product","2":"type-product","3":"status-publish","4":"has-post-thumbnail","6":"product_cat-eukacja-matematyczna","7":"product_cat-historia","8":"product_cat-material-jezykowy","9":"product_cat-material-sensoryczny","10":"product_shipping_class-inpost-kurier-a","12":"first","13":"onbackorder","14":"taxable","15":"shipping-taxable","16":"purchasable","17":"product-type-simple"},"yoast_head":"<!-- This site is optimized with the Yoast SEO plugin v26.5 - https:\/\/yoast.com\/wordpress\/plugins\/seo\/ -->\n<title>Alfabet hebrajski i jego warto\u015b\u0107 numeryczna<\/title>\n<meta name=\"robots\" content=\"index, follow, max-snippet:-1, max-image-preview:large, max-video-preview:-1\" \/>\n<link rel=\"canonical\" href=\"https:\/\/sklep.edudomo.pl\/en\/sklep\/alfabet-hebrajski-i-jego-wartosc-numeryczna\/\" \/>\n<meta property=\"og:locale\" content=\"en_GB\" \/>\n<meta property=\"og:locale:alternate\" content=\"pl_PL\" \/>\n<meta property=\"og:type\" content=\"article\" \/>\n<meta property=\"og:title\" content=\"Alfabet hebrajski i jego warto\u015b\u0107 numeryczna\" \/>\n<meta property=\"og:description\" content=\"Alfabet hebrajski i jego warto\u015b\u0107 numeryczna plansza\u00a0 o wymiarach 29cm x 29cm \u017bydzi do dzi\u015b pos\u0142uguj\u0105 si\u0119 numeracj\u0105 alfabetyczn\u0105 przy pisaniu dat wed\u0142ug swojego kalendarza oraz przy numerowaniu ust\u0119p\u00f3w i werset\u00f3w Starego Testamentu lub stronic dzie\u0142 wydanych po hebrajsku. Numeracja ta ma baz\u0119 dziesi\u0119tn\u0105 i polega na przypisaniu okre\u015blonych liczb okre\u015blonym literom. 9 pierwszym literRead More\" \/>\n<meta property=\"og:url\" content=\"https:\/\/sklep.edudomo.pl\/en\/sklep\/alfabet-hebrajski-i-jego-wartosc-numeryczna\/\" \/>\n<meta property=\"og:site_name\" content=\"sklep EduDoMo\" \/>\n<meta property=\"article:modified_time\" content=\"2025-11-25T16:48:16+00:00\" \/>\n<meta property=\"og:image\" content=\"https:\/\/sklep.edudomo.pl\/wp-content\/uploads\/2023\/04\/IMG_3534.jpg\" \/>\n\t<meta property=\"og:image:width\" content=\"592\" \/>\n\t<meta property=\"og:image:height\" content=\"640\" \/>\n\t<meta property=\"og:image:type\" content=\"image\/jpeg\" \/>\n<meta name=\"twitter:card\" content=\"summary_large_image\" \/>\n<meta name=\"twitter:label1\" content=\"Estimated reading time\" \/>\n\t<meta name=\"twitter:data1\" content=\"2 minutes\" \/>\n<script type=\"application\/ld+json\" class=\"yoast-schema-graph\">{\"@context\":\"https:\/\/schema.org\",\"@graph\":[{\"@type\":\"WebPage\",\"@id\":\"https:\/\/sklep.edudomo.pl\/sklep\/alfabet-hebrajski-i-jego-wartosc-numeryczna\/\",\"url\":\"https:\/\/sklep.edudomo.pl\/sklep\/alfabet-hebrajski-i-jego-wartosc-numeryczna\/\",\"name\":\"Alfabet hebrajski i jego warto\u015b\u0107 numeryczna\",\"isPartOf\":{\"@id\":\"https:\/\/sklep.edudomo.pl\/#website\"},\"primaryImageOfPage\":{\"@id\":\"https:\/\/sklep.edudomo.pl\/sklep\/alfabet-hebrajski-i-jego-wartosc-numeryczna\/#primaryimage\"},\"image\":{\"@id\":\"https:\/\/sklep.edudomo.pl\/sklep\/alfabet-hebrajski-i-jego-wartosc-numeryczna\/#primaryimage\"},\"thumbnailUrl\":\"https:\/\/sklep.edudomo.pl\/wp-content\/uploads\/2023\/04\/IMG_3534.jpg\",\"datePublished\":\"2023-04-12T13:58:49+00:00\",\"dateModified\":\"2025-11-25T16:48:16+00:00\",\"breadcrumb\":{\"@id\":\"https:\/\/sklep.edudomo.pl\/sklep\/alfabet-hebrajski-i-jego-wartosc-numeryczna\/#breadcrumb\"},\"inLanguage\":\"en-GB\",\"potentialAction\":[{\"@type\":\"ReadAction\",\"target\":[\"https:\/\/sklep.edudomo.pl\/sklep\/alfabet-hebrajski-i-jego-wartosc-numeryczna\/\"]}]},{\"@type\":\"ImageObject\",\"inLanguage\":\"en-GB\",\"@id\":\"https:\/\/sklep.edudomo.pl\/sklep\/alfabet-hebrajski-i-jego-wartosc-numeryczna\/#primaryimage\",\"url\":\"https:\/\/sklep.edudomo.pl\/wp-content\/uploads\/2023\/04\/IMG_3534.jpg\",\"contentUrl\":\"https:\/\/sklep.edudomo.pl\/wp-content\/uploads\/2023\/04\/IMG_3534.jpg\",\"width\":592,\"height\":640,\"caption\":\"Alfabet hebrajski i jego warto\u015b\u0107 numeryczna\"},{\"@type\":\"BreadcrumbList\",\"@id\":\"https:\/\/sklep.edudomo.pl\/sklep\/alfabet-hebrajski-i-jego-wartosc-numeryczna\/#breadcrumb\",\"itemListElement\":[{\"@type\":\"ListItem\",\"position\":1,\"name\":\"Strona g\u0142\u00f3wna\",\"item\":\"https:\/\/sklep.edudomo.pl\/\"},{\"@type\":\"ListItem\",\"position\":2,\"name\":\"Sklep\",\"item\":\"https:\/\/sklep.edudomo.pl\/\"},{\"@type\":\"ListItem\",\"position\":3,\"name\":\"Alfabet hebrajski i jego warto\u015b\u0107 numeryczna\"}]},{\"@type\":\"WebSite\",\"@id\":\"https:\/\/sklep.edudomo.pl\/#website\",\"url\":\"https:\/\/sklep.edudomo.pl\/\",\"name\":\"sklep EduDoMo\",\"description\":\"Edukacja Domowa. Terapia. Wspieranie Talent&oacute;w\",\"publisher\":{\"@id\":\"https:\/\/sklep.edudomo.pl\/#organization\"},\"potentialAction\":[{\"@type\":\"SearchAction\",\"target\":{\"@type\":\"EntryPoint\",\"urlTemplate\":\"https:\/\/sklep.edudomo.pl\/?s={search_term_string}\"},\"query-input\":{\"@type\":\"PropertyValueSpecification\",\"valueRequired\":true,\"valueName\":\"search_term_string\"}}],\"inLanguage\":\"en-GB\"},{\"@type\":\"Organization\",\"@id\":\"https:\/\/sklep.edudomo.pl\/#organization\",\"name\":\"EduDoMo\",\"url\":\"https:\/\/sklep.edudomo.pl\/\",\"logo\":{\"@type\":\"ImageObject\",\"inLanguage\":\"en-GB\",\"@id\":\"https:\/\/sklep.edudomo.pl\/#\/schema\/logo\/image\/\",\"url\":\"https:\/\/sklep.edudomo.pl\/wp-content\/uploads\/2019\/11\/cropped-logo-edudomo-sowa.jpg\",\"contentUrl\":\"https:\/\/sklep.edudomo.pl\/wp-content\/uploads\/2019\/11\/cropped-logo-edudomo-sowa.jpg\",\"width\":120,\"height\":120,\"caption\":\"EduDoMo\"},\"image\":{\"@id\":\"https:\/\/sklep.edudomo.pl\/#\/schema\/logo\/image\/\"}}]}<\/script>\n<!-- \/ Yoast SEO plugin. -->","yoast_head_json":{"title":"Alfabet hebrajski i jego warto\u015b\u0107 numeryczna","robots":{"index":"index","follow":"follow","max-snippet":"max-snippet:-1","max-image-preview":"max-image-preview:large","max-video-preview":"max-video-preview:-1"},"canonical":"https:\/\/sklep.edudomo.pl\/en\/sklep\/alfabet-hebrajski-i-jego-wartosc-numeryczna\/","og_locale":"en_GB","og_type":"article","og_title":"[:pl]Alfabet hebrajski i jego warto\u015b\u0107 numeryczna[:] - sklep EduDoMo","og_description":"Alfabet hebrajski i jego warto\u015b\u0107 numeryczna plansza\u00a0 o wymiarach 29cm x 29cm \u017bydzi do dzi\u015b pos\u0142uguj\u0105 si\u0119 numeracj\u0105 alfabetyczn\u0105 przy pisaniu dat wed\u0142ug swojego kalendarza oraz przy numerowaniu ust\u0119p\u00f3w i werset\u00f3w Starego Testamentu lub stronic dzie\u0142 wydanych po hebrajsku. Numeracja ta ma baz\u0119 dziesi\u0119tn\u0105 i polega na przypisaniu okre\u015blonych liczb okre\u015blonym literom. 9 pierwszym literRead More","og_url":"https:\/\/sklep.edudomo.pl\/en\/sklep\/alfabet-hebrajski-i-jego-wartosc-numeryczna\/","og_site_name":"sklep EduDoMo","article_modified_time":"2025-11-25T16:48:16+00:00","og_image":[{"width":592,"height":640,"url":"https:\/\/sklep.edudomo.pl\/wp-content\/uploads\/2023\/04\/IMG_3534.jpg","type":"image\/jpeg"}],"twitter_card":"summary_large_image","twitter_misc":{"Estimated reading time":"2 minutes"},"schema":{"@context":"https:\/\/schema.org","@graph":[{"@type":"WebPage","@id":"https:\/\/sklep.edudomo.pl\/sklep\/alfabet-hebrajski-i-jego-wartosc-numeryczna\/","url":"https:\/\/sklep.edudomo.pl\/sklep\/alfabet-hebrajski-i-jego-wartosc-numeryczna\/","name":"Alfabet hebrajski i jego warto\u015b\u0107 numeryczna","isPartOf":{"@id":"https:\/\/sklep.edudomo.pl\/#website"},"primaryImageOfPage":{"@id":"https:\/\/sklep.edudomo.pl\/sklep\/alfabet-hebrajski-i-jego-wartosc-numeryczna\/#primaryimage"},"image":{"@id":"https:\/\/sklep.edudomo.pl\/sklep\/alfabet-hebrajski-i-jego-wartosc-numeryczna\/#primaryimage"},"thumbnailUrl":"https:\/\/sklep.edudomo.pl\/wp-content\/uploads\/2023\/04\/IMG_3534.jpg","datePublished":"2023-04-12T13:58:49+00:00","dateModified":"2025-11-25T16:48:16+00:00","breadcrumb":{"@id":"https:\/\/sklep.edudomo.pl\/sklep\/alfabet-hebrajski-i-jego-wartosc-numeryczna\/#breadcrumb"},"inLanguage":"en-GB","potentialAction":[{"@type":"ReadAction","target":["https:\/\/sklep.edudomo.pl\/sklep\/alfabet-hebrajski-i-jego-wartosc-numeryczna\/"]}]},{"@type":"ImageObject","inLanguage":"en-GB","@id":"https:\/\/sklep.edudomo.pl\/sklep\/alfabet-hebrajski-i-jego-wartosc-numeryczna\/#primaryimage","url":"https:\/\/sklep.edudomo.pl\/wp-content\/uploads\/2023\/04\/IMG_3534.jpg","contentUrl":"https:\/\/sklep.edudomo.pl\/wp-content\/uploads\/2023\/04\/IMG_3534.jpg","width":592,"height":640,"caption":"Alfabet hebrajski i jego warto\u015b\u0107 numeryczna"},{"@type":"BreadcrumbList","@id":"https:\/\/sklep.edudomo.pl\/sklep\/alfabet-hebrajski-i-jego-wartosc-numeryczna\/#breadcrumb","itemListElement":[{"@type":"ListItem","position":1,"name":"Strona g\u0142\u00f3wna","item":"https:\/\/sklep.edudomo.pl\/"},{"@type":"ListItem","position":2,"name":"Sklep","item":"https:\/\/sklep.edudomo.pl\/"},{"@type":"ListItem","position":3,"name":"Alfabet hebrajski i jego warto\u015b\u0107 numeryczna"}]},{"@type":"WebSite","@id":"https:\/\/sklep.edudomo.pl\/#website","url":"https:\/\/sklep.edudomo.pl\/","name":"sklep EduDoMo","description":"Edukacja Domowa. Terapia. Wspieranie Talent&oacute;w","publisher":{"@id":"https:\/\/sklep.edudomo.pl\/#organization"},"potentialAction":[{"@type":"SearchAction","target":{"@type":"EntryPoint","urlTemplate":"https:\/\/sklep.edudomo.pl\/?s={search_term_string}"},"query-input":{"@type":"PropertyValueSpecification","valueRequired":true,"valueName":"search_term_string"}}],"inLanguage":"en-GB"},{"@type":"Organization","@id":"https:\/\/sklep.edudomo.pl\/#organization","name":"EduDoMo","url":"https:\/\/sklep.edudomo.pl\/","logo":{"@type":"ImageObject","inLanguage":"en-GB","@id":"https:\/\/sklep.edudomo.pl\/#\/schema\/logo\/image\/","url":"https:\/\/sklep.edudomo.pl\/wp-content\/uploads\/2019\/11\/cropped-logo-edudomo-sowa.jpg","contentUrl":"https:\/\/sklep.edudomo.pl\/wp-content\/uploads\/2019\/11\/cropped-logo-edudomo-sowa.jpg","width":120,"height":120,"caption":"EduDoMo"},"image":{"@id":"https:\/\/sklep.edudomo.pl\/#\/schema\/logo\/image\/"}}]}},"jetpack_sharing_enabled":true,"_links":{"self":[{"href":"https:\/\/sklep.edudomo.pl\/en\/wp-json\/wp\/v2\/product\/10677","targetHints":{"allow":["GET"]}}],"collection":[{"href":"https:\/\/sklep.edudomo.pl\/en\/wp-json\/wp\/v2\/product"}],"about":[{"href":"https:\/\/sklep.edudomo.pl\/en\/wp-json\/wp\/v2\/types\/product"}],"replies":[{"embeddable":true,"href":"https:\/\/sklep.edudomo.pl\/en\/wp-json\/wp\/v2\/comments?post=10677"}],"wp:featuredmedia":[{"embeddable":true,"href":"https:\/\/sklep.edudomo.pl\/en\/wp-json\/wp\/v2\/media\/10681"}],"wp:attachment":[{"href":"https:\/\/sklep.edudomo.pl\/en\/wp-json\/wp\/v2\/media?parent=10677"}],"wp:term":[{"taxonomy":"product_brand","embeddable":true,"href":"https:\/\/sklep.edudomo.pl\/en\/wp-json\/wp\/v2\/product_brand?post=10677"},{"taxonomy":"product_cat","embeddable":true,"href":"https:\/\/sklep.edudomo.pl\/en\/wp-json\/wp\/v2\/product_cat?post=10677"},{"taxonomy":"product_tag","embeddable":true,"href":"https:\/\/sklep.edudomo.pl\/en\/wp-json\/wp\/v2\/product_tag?post=10677"}],"curies":[{"name":"wp","href":"https:\/\/api.w.org\/{rel}","templated":true}]}}