{"id":10705,"date":"2023-04-16T07:42:06","date_gmt":"2023-04-16T07:42:06","guid":{"rendered":"https:\/\/sklep.edudomo.pl\/?post_type=product&#038;p=10705"},"modified":"2025-11-25T16:47:08","modified_gmt":"2025-11-25T16:47:08","slug":"kolo-liczbowe-edudomo-historia-liczb","status":"publish","type":"product","link":"https:\/\/sklep.edudomo.pl\/en\/sklep\/kolo-liczbowe-edudomo-historia-liczb\/","title":{"rendered":"Ko\u0142o liczbowe EduDoMo &#8211; historia liczby"},"content":{"rendered":"<p><strong>Ko\u0142o liczbowe EduDoMo &#8211; historia liczby<\/strong><\/p>\n<p>Przypominamy sobie chronologi\u0119 pojawienia si\u0119 liczb i uk\u0142adamy nasze ko\u0142o liczbowe.<\/p>\n<p>&#8211; na rewersach widnieje kr\u00f3tki opis i daty archeologicznych znalezisk.<\/p>\n<p><strong>Propozycja do opisu uk\u0142adanki:<\/strong><\/p>\n<p>Mo\u017cemy by\u0107 teraz wdzi\u0119czni wszystkim tym, kt\u00f3rzy liczyli i tym kt\u00f3rzy pojawili si\u0119<\/p>\n<p>w naszej historii.<\/p>\n<p>Tym, kt\u00f3rzy wywarli ogromny wp\u0142yw na nasz\u0105 tera\u017aniejszo\u015b\u0107.<\/p>\n<p>Dzi\u0119kujemy <strong>pradawnym ludziom<\/strong> za ich liczenie za pomoc\u0105 kamieni, za w\u0119ze\u0142ki i ich kreski na ko\u015bciach i kijach, za ich punkty na ciele.<\/p>\n<p><strong>Egipcjanom<\/strong> za hieroglify.<\/p>\n<p><strong>Babilo\u0144czykom<\/strong> za system 60, ich kliny, pomiar ko\u0142a i k\u0105ty, za astrologi\u0119: za podzia\u0142 doby na 12 podw\u00f3jnie liczonych godzin a roku sk\u0142adaj\u0105cego si\u0119 z 12 miesi\u0119cy.<\/p>\n<p><strong>Chi\u0144czykom<\/strong> za ich pierwsze znaki przedstawiaj\u0105ce liczby.<\/p>\n<p><strong>Grekom, \u017bydom i Arabom<\/strong> za ich pomys\u0142 u\u017cywania liter na oznaczenie cyfr.<\/p>\n<p>Plemieniu <strong>Quipu<\/strong> za ich w\u0119ze\u0142ki w systemie dziesi\u0119tnym.<\/p>\n<p><strong>Rzymianom<\/strong> za ich liczby rzymskie, kt\u00f3rych u\u017cywamy do dzi\u015b.<\/p>\n<p><strong>Majom<\/strong> za poznanie ich systemu liczbowego o bazie 20,<\/p>\n<p><strong>Hindusom<\/strong> za wymy\u015blenie zera.<\/p>\n<p><strong>Arabom<\/strong>, kt\u00f3rzy uwierzyli w zero i rozprzestrzenili je wraz z 9 cyframi po \u015bwiecie\u2026.<\/p>\n<p>Jest dziewi\u0119\u0107 znak\u00f3w hinduskich, oto one: 9, 8, 7, 6, 5, 4, 3, 2, 1.Za pomoc\u0105 tych znak\u00f3w i znaku 0, kt\u00f3ry po arabsku zwie si\u0119 sifr, mo\u017cna napisa\u0107 wszelk\u0105, jak\u0105 kto chce, liczb\u0119\u201d -mawia\u0142 Leonardo Fibonacci.<\/p>\n<p>B\u0105d\u017amy wdzi\u0119czni wszystkim, kt\u00f3rzy dokonali matematycznych odkry\u0107 i podzielili si\u0119 nimi z nami.<\/p>\n<p>A mo\u017ce w\u015br\u00f3d Was jest r\u00f3wnie\u017c kto\u015b kto dokona wa\u017cnego matematycznego odkrycia?<\/p>\n<p>\u017bycz\u0119 mi\u0142ej zabawy,<\/p>\n<p>autor,\u00a0 Joanna Dubiecka- Zabierzowska<\/p>\n<p>Uk\u0142adanka powsta\u0142a na potrzeby realizacji 5 Wielkiej Lekcji,<\/p>\n<p>-umieszcza si\u0119 j\u0105 jako ostatni\u0105 na osi czasu powstania liczb w celu przypomnienia omawianych wcze\u015bniej cywilizacji okazuj\u0105c im wdzi\u0119czno\u015b\u0107.<\/p>\n<p>ko\u0142o o wymiarach oko\u0142o fi 38cm<\/p>\n","protected":false},"excerpt":{"rendered":"<p>Ko\u0142o liczbowe EduDoMo &#8211; historia liczby Przypominamy sobie chronologi\u0119 pojawienia si\u0119 liczb i uk\u0142adamy nasze ko\u0142o liczbowe. &#8211; na rewersach widnieje kr\u00f3tki opis i daty archeologicznych znalezisk. Propozycja do opisu uk\u0142adanki: Mo\u017cemy by\u0107 teraz wdzi\u0119czni wszystkim tym, kt\u00f3rzy liczyli i tym kt\u00f3rzy pojawili si\u0119 w naszej historii. Tym, kt\u00f3rzy wywarli ogromny wp\u0142yw na nasz\u0105 tera\u017aniejszo\u015b\u0107.<span class=\"read-more-faq\"><a href=\"https:\/\/sklep.edudomo.pl\/en\/sklep\/kolo-liczbowe-edudomo-historia-liczb\/\">Read More<\/a><\/span><\/p>\n","protected":false},"featured_media":10706,"comment_status":"open","ping_status":"closed","template":"","meta":[],"product_brand":[],"product_cat":[],"product_tag":[],"class_list":{"0":"post-10705","1":"product","2":"type-product","3":"status-publish","4":"has-post-thumbnail","6":"product_shipping_class-inpost-kurier-a","8":"first","9":"onbackorder","10":"taxable","11":"shipping-taxable","12":"purchasable","13":"product-type-simple"},"yoast_head":"<!-- This site is optimized with the Yoast SEO plugin v26.5 - https:\/\/yoast.com\/wordpress\/plugins\/seo\/ -->\n<title>Ko\u0142o liczbowe EduDoMo - historia liczby<\/title>\n<meta name=\"robots\" content=\"index, follow, max-snippet:-1, max-image-preview:large, max-video-preview:-1\" \/>\n<link rel=\"canonical\" href=\"https:\/\/sklep.edudomo.pl\/en\/sklep\/kolo-liczbowe-edudomo-historia-liczb\/\" \/>\n<meta property=\"og:locale\" content=\"en_GB\" \/>\n<meta property=\"og:locale:alternate\" content=\"pl_PL\" \/>\n<meta property=\"og:type\" content=\"article\" \/>\n<meta property=\"og:title\" content=\"Ko\u0142o liczbowe EduDoMo - historia liczby\" \/>\n<meta property=\"og:description\" content=\"Ko\u0142o liczbowe EduDoMo &#8211; historia liczby Przypominamy sobie chronologi\u0119 pojawienia si\u0119 liczb i uk\u0142adamy nasze ko\u0142o liczbowe. &#8211; na rewersach widnieje kr\u00f3tki opis i daty archeologicznych znalezisk. Propozycja do opisu uk\u0142adanki: Mo\u017cemy by\u0107 teraz wdzi\u0119czni wszystkim tym, kt\u00f3rzy liczyli i tym kt\u00f3rzy pojawili si\u0119 w naszej historii. Tym, kt\u00f3rzy wywarli ogromny wp\u0142yw na nasz\u0105 tera\u017aniejszo\u015b\u0107.Read More\" \/>\n<meta property=\"og:url\" content=\"https:\/\/sklep.edudomo.pl\/en\/sklep\/kolo-liczbowe-edudomo-historia-liczb\/\" \/>\n<meta property=\"og:site_name\" content=\"sklep EduDoMo\" \/>\n<meta property=\"article:modified_time\" content=\"2025-11-25T16:47:08+00:00\" \/>\n<meta property=\"og:image\" content=\"https:\/\/sklep.edudomo.pl\/wp-content\/uploads\/2023\/04\/kolooo.jpeg\" \/>\n\t<meta property=\"og:image:width\" content=\"640\" \/>\n\t<meta property=\"og:image:height\" content=\"621\" \/>\n\t<meta property=\"og:image:type\" content=\"image\/jpeg\" \/>\n<meta name=\"twitter:card\" content=\"summary_large_image\" \/>\n<meta name=\"twitter:label1\" content=\"Estimated reading time\" \/>\n\t<meta name=\"twitter:data1\" content=\"2 minutes\" \/>\n<script type=\"application\/ld+json\" class=\"yoast-schema-graph\">{\"@context\":\"https:\/\/schema.org\",\"@graph\":[{\"@type\":\"WebPage\",\"@id\":\"https:\/\/sklep.edudomo.pl\/sklep\/kolo-liczbowe-edudomo-historia-liczb\/\",\"url\":\"https:\/\/sklep.edudomo.pl\/sklep\/kolo-liczbowe-edudomo-historia-liczb\/\",\"name\":\"Ko\u0142o liczbowe EduDoMo - historia liczby\",\"isPartOf\":{\"@id\":\"https:\/\/sklep.edudomo.pl\/#website\"},\"primaryImageOfPage\":{\"@id\":\"https:\/\/sklep.edudomo.pl\/sklep\/kolo-liczbowe-edudomo-historia-liczb\/#primaryimage\"},\"image\":{\"@id\":\"https:\/\/sklep.edudomo.pl\/sklep\/kolo-liczbowe-edudomo-historia-liczb\/#primaryimage\"},\"thumbnailUrl\":\"https:\/\/sklep.edudomo.pl\/wp-content\/uploads\/2023\/04\/kolooo.jpeg\",\"datePublished\":\"2023-04-16T07:42:06+00:00\",\"dateModified\":\"2025-11-25T16:47:08+00:00\",\"breadcrumb\":{\"@id\":\"https:\/\/sklep.edudomo.pl\/sklep\/kolo-liczbowe-edudomo-historia-liczb\/#breadcrumb\"},\"inLanguage\":\"en-GB\",\"potentialAction\":[{\"@type\":\"ReadAction\",\"target\":[\"https:\/\/sklep.edudomo.pl\/sklep\/kolo-liczbowe-edudomo-historia-liczb\/\"]}]},{\"@type\":\"ImageObject\",\"inLanguage\":\"en-GB\",\"@id\":\"https:\/\/sklep.edudomo.pl\/sklep\/kolo-liczbowe-edudomo-historia-liczb\/#primaryimage\",\"url\":\"https:\/\/sklep.edudomo.pl\/wp-content\/uploads\/2023\/04\/kolooo.jpeg\",\"contentUrl\":\"https:\/\/sklep.edudomo.pl\/wp-content\/uploads\/2023\/04\/kolooo.jpeg\",\"width\":640,\"height\":621,\"caption\":\"Ko\u0142o liczbowe EduDoMo. Historia Liczb\"},{\"@type\":\"BreadcrumbList\",\"@id\":\"https:\/\/sklep.edudomo.pl\/sklep\/kolo-liczbowe-edudomo-historia-liczb\/#breadcrumb\",\"itemListElement\":[{\"@type\":\"ListItem\",\"position\":1,\"name\":\"Strona g\u0142\u00f3wna\",\"item\":\"https:\/\/sklep.edudomo.pl\/\"},{\"@type\":\"ListItem\",\"position\":2,\"name\":\"Sklep\",\"item\":\"https:\/\/sklep.edudomo.pl\/\"},{\"@type\":\"ListItem\",\"position\":3,\"name\":\"Ko\u0142o liczbowe EduDoMo &#8211; historia liczby\"}]},{\"@type\":\"WebSite\",\"@id\":\"https:\/\/sklep.edudomo.pl\/#website\",\"url\":\"https:\/\/sklep.edudomo.pl\/\",\"name\":\"sklep EduDoMo\",\"description\":\"Edukacja Domowa. Terapia. Wspieranie Talent&oacute;w\",\"publisher\":{\"@id\":\"https:\/\/sklep.edudomo.pl\/#organization\"},\"potentialAction\":[{\"@type\":\"SearchAction\",\"target\":{\"@type\":\"EntryPoint\",\"urlTemplate\":\"https:\/\/sklep.edudomo.pl\/?s={search_term_string}\"},\"query-input\":{\"@type\":\"PropertyValueSpecification\",\"valueRequired\":true,\"valueName\":\"search_term_string\"}}],\"inLanguage\":\"en-GB\"},{\"@type\":\"Organization\",\"@id\":\"https:\/\/sklep.edudomo.pl\/#organization\",\"name\":\"EduDoMo\",\"url\":\"https:\/\/sklep.edudomo.pl\/\",\"logo\":{\"@type\":\"ImageObject\",\"inLanguage\":\"en-GB\",\"@id\":\"https:\/\/sklep.edudomo.pl\/#\/schema\/logo\/image\/\",\"url\":\"https:\/\/sklep.edudomo.pl\/wp-content\/uploads\/2019\/11\/cropped-logo-edudomo-sowa.jpg\",\"contentUrl\":\"https:\/\/sklep.edudomo.pl\/wp-content\/uploads\/2019\/11\/cropped-logo-edudomo-sowa.jpg\",\"width\":120,\"height\":120,\"caption\":\"EduDoMo\"},\"image\":{\"@id\":\"https:\/\/sklep.edudomo.pl\/#\/schema\/logo\/image\/\"}}]}<\/script>\n<!-- \/ Yoast SEO plugin. -->","yoast_head_json":{"title":"Ko\u0142o liczbowe EduDoMo - historia liczby","robots":{"index":"index","follow":"follow","max-snippet":"max-snippet:-1","max-image-preview":"max-image-preview:large","max-video-preview":"max-video-preview:-1"},"canonical":"https:\/\/sklep.edudomo.pl\/en\/sklep\/kolo-liczbowe-edudomo-historia-liczb\/","og_locale":"en_GB","og_type":"article","og_title":"[:pl]Ko\u0142o liczbowe EduDoMo - historia liczby[:] - sklep EduDoMo","og_description":"Ko\u0142o liczbowe EduDoMo &#8211; historia liczby Przypominamy sobie chronologi\u0119 pojawienia si\u0119 liczb i uk\u0142adamy nasze ko\u0142o liczbowe. &#8211; na rewersach widnieje kr\u00f3tki opis i daty archeologicznych znalezisk. Propozycja do opisu uk\u0142adanki: Mo\u017cemy by\u0107 teraz wdzi\u0119czni wszystkim tym, kt\u00f3rzy liczyli i tym kt\u00f3rzy pojawili si\u0119 w naszej historii. Tym, kt\u00f3rzy wywarli ogromny wp\u0142yw na nasz\u0105 tera\u017aniejszo\u015b\u0107.Read More","og_url":"https:\/\/sklep.edudomo.pl\/en\/sklep\/kolo-liczbowe-edudomo-historia-liczb\/","og_site_name":"sklep EduDoMo","article_modified_time":"2025-11-25T16:47:08+00:00","og_image":[{"width":640,"height":621,"url":"https:\/\/sklep.edudomo.pl\/wp-content\/uploads\/2023\/04\/kolooo.jpeg","type":"image\/jpeg"}],"twitter_card":"summary_large_image","twitter_misc":{"Estimated reading time":"2 minutes"},"schema":{"@context":"https:\/\/schema.org","@graph":[{"@type":"WebPage","@id":"https:\/\/sklep.edudomo.pl\/sklep\/kolo-liczbowe-edudomo-historia-liczb\/","url":"https:\/\/sklep.edudomo.pl\/sklep\/kolo-liczbowe-edudomo-historia-liczb\/","name":"Ko\u0142o liczbowe EduDoMo - historia liczby","isPartOf":{"@id":"https:\/\/sklep.edudomo.pl\/#website"},"primaryImageOfPage":{"@id":"https:\/\/sklep.edudomo.pl\/sklep\/kolo-liczbowe-edudomo-historia-liczb\/#primaryimage"},"image":{"@id":"https:\/\/sklep.edudomo.pl\/sklep\/kolo-liczbowe-edudomo-historia-liczb\/#primaryimage"},"thumbnailUrl":"https:\/\/sklep.edudomo.pl\/wp-content\/uploads\/2023\/04\/kolooo.jpeg","datePublished":"2023-04-16T07:42:06+00:00","dateModified":"2025-11-25T16:47:08+00:00","breadcrumb":{"@id":"https:\/\/sklep.edudomo.pl\/sklep\/kolo-liczbowe-edudomo-historia-liczb\/#breadcrumb"},"inLanguage":"en-GB","potentialAction":[{"@type":"ReadAction","target":["https:\/\/sklep.edudomo.pl\/sklep\/kolo-liczbowe-edudomo-historia-liczb\/"]}]},{"@type":"ImageObject","inLanguage":"en-GB","@id":"https:\/\/sklep.edudomo.pl\/sklep\/kolo-liczbowe-edudomo-historia-liczb\/#primaryimage","url":"https:\/\/sklep.edudomo.pl\/wp-content\/uploads\/2023\/04\/kolooo.jpeg","contentUrl":"https:\/\/sklep.edudomo.pl\/wp-content\/uploads\/2023\/04\/kolooo.jpeg","width":640,"height":621,"caption":"Ko\u0142o liczbowe EduDoMo. Historia Liczb"},{"@type":"BreadcrumbList","@id":"https:\/\/sklep.edudomo.pl\/sklep\/kolo-liczbowe-edudomo-historia-liczb\/#breadcrumb","itemListElement":[{"@type":"ListItem","position":1,"name":"Strona g\u0142\u00f3wna","item":"https:\/\/sklep.edudomo.pl\/"},{"@type":"ListItem","position":2,"name":"Sklep","item":"https:\/\/sklep.edudomo.pl\/"},{"@type":"ListItem","position":3,"name":"Ko\u0142o liczbowe EduDoMo &#8211; historia liczby"}]},{"@type":"WebSite","@id":"https:\/\/sklep.edudomo.pl\/#website","url":"https:\/\/sklep.edudomo.pl\/","name":"sklep EduDoMo","description":"Edukacja Domowa. Terapia. Wspieranie Talent&oacute;w","publisher":{"@id":"https:\/\/sklep.edudomo.pl\/#organization"},"potentialAction":[{"@type":"SearchAction","target":{"@type":"EntryPoint","urlTemplate":"https:\/\/sklep.edudomo.pl\/?s={search_term_string}"},"query-input":{"@type":"PropertyValueSpecification","valueRequired":true,"valueName":"search_term_string"}}],"inLanguage":"en-GB"},{"@type":"Organization","@id":"https:\/\/sklep.edudomo.pl\/#organization","name":"EduDoMo","url":"https:\/\/sklep.edudomo.pl\/","logo":{"@type":"ImageObject","inLanguage":"en-GB","@id":"https:\/\/sklep.edudomo.pl\/#\/schema\/logo\/image\/","url":"https:\/\/sklep.edudomo.pl\/wp-content\/uploads\/2019\/11\/cropped-logo-edudomo-sowa.jpg","contentUrl":"https:\/\/sklep.edudomo.pl\/wp-content\/uploads\/2019\/11\/cropped-logo-edudomo-sowa.jpg","width":120,"height":120,"caption":"EduDoMo"},"image":{"@id":"https:\/\/sklep.edudomo.pl\/#\/schema\/logo\/image\/"}}]}},"jetpack_sharing_enabled":true,"_links":{"self":[{"href":"https:\/\/sklep.edudomo.pl\/en\/wp-json\/wp\/v2\/product\/10705","targetHints":{"allow":["GET"]}}],"collection":[{"href":"https:\/\/sklep.edudomo.pl\/en\/wp-json\/wp\/v2\/product"}],"about":[{"href":"https:\/\/sklep.edudomo.pl\/en\/wp-json\/wp\/v2\/types\/product"}],"replies":[{"embeddable":true,"href":"https:\/\/sklep.edudomo.pl\/en\/wp-json\/wp\/v2\/comments?post=10705"}],"wp:featuredmedia":[{"embeddable":true,"href":"https:\/\/sklep.edudomo.pl\/en\/wp-json\/wp\/v2\/media\/10706"}],"wp:attachment":[{"href":"https:\/\/sklep.edudomo.pl\/en\/wp-json\/wp\/v2\/media?parent=10705"}],"wp:term":[{"taxonomy":"product_brand","embeddable":true,"href":"https:\/\/sklep.edudomo.pl\/en\/wp-json\/wp\/v2\/product_brand?post=10705"},{"taxonomy":"product_cat","embeddable":true,"href":"https:\/\/sklep.edudomo.pl\/en\/wp-json\/wp\/v2\/product_cat?post=10705"},{"taxonomy":"product_tag","embeddable":true,"href":"https:\/\/sklep.edudomo.pl\/en\/wp-json\/wp\/v2\/product_tag?post=10705"}],"curies":[{"name":"wp","href":"https:\/\/api.w.org\/{rel}","templated":true}]}}