{"id":10728,"date":"2023-04-21T18:48:03","date_gmt":"2023-04-21T18:48:03","guid":{"rendered":"https:\/\/sklep.edudomo.pl\/?post_type=product&#038;p=10728"},"modified":"2025-11-25T16:47:00","modified_gmt":"2025-11-25T16:47:00","slug":"hadeik-ukladanka-o-pierwszych-etapach-powstania-ziemi","status":"publish","type":"product","link":"https:\/\/sklep.edudomo.pl\/en\/sklep\/hadeik-ukladanka-o-pierwszych-etapach-powstania-ziemi\/","title":{"rendered":"Hadeik. Uk\u0142adanka o pierwszych etapach powstania Ziemi"},"content":{"rendered":"<pre class=\"moz-quote-pre\">\ud83d\udca5Nazwa pierwszego Eonu nawi\u0105zuje do Mitologicznego Hadesu: Hadeik. \r\n\ud83c\udf0eTak w\u0142a\u015bnie nazywa si\u0119 nasza uk\u0142adanka. \r\nWtedy to narodzi\u0142a si\u0119 nasza planeta.\r\n\ud83c\udf0eIstnieje wiele teorii na temat jak powsta\u0142a, ka\u017cda z nich m\u00f3wi, \u017ce by\u0142o to oko\u0142o 600\/ 700 miliard\u00f3w lat temu. \r\n\ud83c\udf0dNasza uk\u0142adanka Hadeik to materia\u0142, kt\u00f3ry powsta\u0142 w celu pomocy w opowiadaniu o Ziemi. \r\nTo forma obrazkowej historii a 7 etap\u00f3w narodzin Ziemi mog\u0105 by\u0107 tytu\u0142ami poszczeg\u00f3lnych cz\u0119\u015bci opowie\u015bci. \r\n1. Gor\u0105ca Ziemia pe\u0142na wybuch\u00f3w i piorun\u00f3w.\r\n2. Ziemia bombardowana przez meteory i asteroidy.\r\n3. Ziemia stabilizuje si\u0119, wych\u0142adza si\u0119 i powstaj\u0105 jej warstwy.\r\n4. Z Dwutlenku w\u0119gla i azotu powstaje atmosfera.\r\n5. Pojawiaj\u0105 si\u0119 pierwsze krople wody.\r\n6. Sztormy na oceanach. \r\n7. Powstanie kontynent\u00f3w i pojawienie si\u0119 \u017cycia.<\/pre>\n","protected":false},"excerpt":{"rendered":"<p>\ud83d\udca5Nazwa pierwszego Eonu nawi\u0105zuje do Mitologicznego Hadesu: Hadeik. \ud83c\udf0eTak w\u0142a\u015bnie nazywa si\u0119 nasza uk\u0142adanka. Wtedy to narodzi\u0142a si\u0119 nasza planeta. \ud83c\udf0eIstnieje wiele teorii na temat jak powsta\u0142a, ka\u017cda z nich m\u00f3wi, \u017ce by\u0142o to oko\u0142o 600\/ 700 miliard\u00f3w lat temu. \ud83c\udf0dNasza uk\u0142adanka Hadeik to materia\u0142, kt\u00f3ry powsta\u0142 w celu pomocy w opowiadaniu o Ziemi. To<span class=\"read-more-faq\"><a href=\"https:\/\/sklep.edudomo.pl\/en\/sklep\/hadeik-ukladanka-o-pierwszych-etapach-powstania-ziemi\/\">Read More<\/a><\/span><\/p>\n","protected":false},"featured_media":10730,"comment_status":"open","ping_status":"closed","template":"","meta":[],"product_brand":[],"product_cat":[84,87,86],"product_tag":[],"class_list":{"0":"post-10728","1":"product","2":"type-product","3":"status-publish","4":"has-post-thumbnail","6":"product_cat-edukacja-kosmiczna","7":"product_cat-edukacja-przyrodnicza","8":"product_cat-material-sensoryczny","9":"product_shipping_class-inpost-kurier-a","11":"first","12":"onbackorder","13":"taxable","14":"shipping-taxable","15":"purchasable","16":"product-type-simple"},"yoast_head":"<!-- This site is optimized with the Yoast SEO plugin v26.5 - https:\/\/yoast.com\/wordpress\/plugins\/seo\/ -->\n<title>Hadeik. Uk\u0142adanka o pierwszych etapach powstania Ziemi<\/title>\n<meta name=\"robots\" content=\"index, follow, max-snippet:-1, max-image-preview:large, max-video-preview:-1\" \/>\n<link rel=\"canonical\" href=\"https:\/\/sklep.edudomo.pl\/en\/sklep\/hadeik-ukladanka-o-pierwszych-etapach-powstania-ziemi\/\" \/>\n<meta property=\"og:locale\" content=\"en_GB\" \/>\n<meta property=\"og:locale:alternate\" content=\"pl_PL\" \/>\n<meta property=\"og:type\" content=\"article\" \/>\n<meta property=\"og:title\" content=\"Hadeik. Uk\u0142adanka o pierwszych etapach powstania Ziemi\" \/>\n<meta property=\"og:description\" content=\"\ud83d\udca5Nazwa pierwszego Eonu nawi\u0105zuje do Mitologicznego Hadesu: Hadeik. \ud83c\udf0eTak w\u0142a\u015bnie nazywa si\u0119 nasza uk\u0142adanka. Wtedy to narodzi\u0142a si\u0119 nasza planeta. \ud83c\udf0eIstnieje wiele teorii na temat jak powsta\u0142a, ka\u017cda z nich m\u00f3wi, \u017ce by\u0142o to oko\u0142o 600\/ 700 miliard\u00f3w lat temu. \ud83c\udf0dNasza uk\u0142adanka Hadeik to materia\u0142, kt\u00f3ry powsta\u0142 w celu pomocy w opowiadaniu o Ziemi. ToRead More\" \/>\n<meta property=\"og:url\" content=\"https:\/\/sklep.edudomo.pl\/en\/sklep\/hadeik-ukladanka-o-pierwszych-etapach-powstania-ziemi\/\" \/>\n<meta property=\"og:site_name\" content=\"sklep EduDoMo\" \/>\n<meta property=\"article:modified_time\" content=\"2025-11-25T16:47:00+00:00\" \/>\n<meta property=\"og:image\" content=\"https:\/\/sklep.edudomo.pl\/wp-content\/uploads\/2023\/04\/image1.jpeg\" \/>\n\t<meta property=\"og:image:width\" content=\"640\" \/>\n\t<meta property=\"og:image:height\" content=\"514\" \/>\n\t<meta property=\"og:image:type\" content=\"image\/jpeg\" \/>\n<meta name=\"twitter:card\" content=\"summary_large_image\" \/>\n<meta name=\"twitter:label1\" content=\"Estimated reading time\" \/>\n\t<meta name=\"twitter:data1\" content=\"1 minute\" \/>\n<script type=\"application\/ld+json\" class=\"yoast-schema-graph\">{\"@context\":\"https:\/\/schema.org\",\"@graph\":[{\"@type\":\"WebPage\",\"@id\":\"https:\/\/sklep.edudomo.pl\/sklep\/hadeik-ukladanka-o-pierwszych-etapach-powstania-ziemi\/\",\"url\":\"https:\/\/sklep.edudomo.pl\/sklep\/hadeik-ukladanka-o-pierwszych-etapach-powstania-ziemi\/\",\"name\":\"Hadeik. Uk\u0142adanka o pierwszych etapach powstania Ziemi\",\"isPartOf\":{\"@id\":\"https:\/\/sklep.edudomo.pl\/#website\"},\"primaryImageOfPage\":{\"@id\":\"https:\/\/sklep.edudomo.pl\/sklep\/hadeik-ukladanka-o-pierwszych-etapach-powstania-ziemi\/#primaryimage\"},\"image\":{\"@id\":\"https:\/\/sklep.edudomo.pl\/sklep\/hadeik-ukladanka-o-pierwszych-etapach-powstania-ziemi\/#primaryimage\"},\"thumbnailUrl\":\"https:\/\/sklep.edudomo.pl\/wp-content\/uploads\/2023\/04\/image1.jpeg\",\"datePublished\":\"2023-04-21T18:48:03+00:00\",\"dateModified\":\"2025-11-25T16:47:00+00:00\",\"breadcrumb\":{\"@id\":\"https:\/\/sklep.edudomo.pl\/sklep\/hadeik-ukladanka-o-pierwszych-etapach-powstania-ziemi\/#breadcrumb\"},\"inLanguage\":\"en-GB\",\"potentialAction\":[{\"@type\":\"ReadAction\",\"target\":[\"https:\/\/sklep.edudomo.pl\/sklep\/hadeik-ukladanka-o-pierwszych-etapach-powstania-ziemi\/\"]}]},{\"@type\":\"ImageObject\",\"inLanguage\":\"en-GB\",\"@id\":\"https:\/\/sklep.edudomo.pl\/sklep\/hadeik-ukladanka-o-pierwszych-etapach-powstania-ziemi\/#primaryimage\",\"url\":\"https:\/\/sklep.edudomo.pl\/wp-content\/uploads\/2023\/04\/image1.jpeg\",\"contentUrl\":\"https:\/\/sklep.edudomo.pl\/wp-content\/uploads\/2023\/04\/image1.jpeg\",\"width\":640,\"height\":514,\"caption\":\"Hadeik. Etapy powstawania Ziemi\"},{\"@type\":\"BreadcrumbList\",\"@id\":\"https:\/\/sklep.edudomo.pl\/sklep\/hadeik-ukladanka-o-pierwszych-etapach-powstania-ziemi\/#breadcrumb\",\"itemListElement\":[{\"@type\":\"ListItem\",\"position\":1,\"name\":\"Strona g\u0142\u00f3wna\",\"item\":\"https:\/\/sklep.edudomo.pl\/\"},{\"@type\":\"ListItem\",\"position\":2,\"name\":\"Sklep\",\"item\":\"https:\/\/sklep.edudomo.pl\/\"},{\"@type\":\"ListItem\",\"position\":3,\"name\":\"Hadeik. Uk\u0142adanka o pierwszych etapach powstania Ziemi\"}]},{\"@type\":\"WebSite\",\"@id\":\"https:\/\/sklep.edudomo.pl\/#website\",\"url\":\"https:\/\/sklep.edudomo.pl\/\",\"name\":\"sklep EduDoMo\",\"description\":\"Edukacja Domowa. Terapia. Wspieranie Talent&oacute;w\",\"publisher\":{\"@id\":\"https:\/\/sklep.edudomo.pl\/#organization\"},\"potentialAction\":[{\"@type\":\"SearchAction\",\"target\":{\"@type\":\"EntryPoint\",\"urlTemplate\":\"https:\/\/sklep.edudomo.pl\/?s={search_term_string}\"},\"query-input\":{\"@type\":\"PropertyValueSpecification\",\"valueRequired\":true,\"valueName\":\"search_term_string\"}}],\"inLanguage\":\"en-GB\"},{\"@type\":\"Organization\",\"@id\":\"https:\/\/sklep.edudomo.pl\/#organization\",\"name\":\"EduDoMo\",\"url\":\"https:\/\/sklep.edudomo.pl\/\",\"logo\":{\"@type\":\"ImageObject\",\"inLanguage\":\"en-GB\",\"@id\":\"https:\/\/sklep.edudomo.pl\/#\/schema\/logo\/image\/\",\"url\":\"https:\/\/sklep.edudomo.pl\/wp-content\/uploads\/2019\/11\/cropped-logo-edudomo-sowa.jpg\",\"contentUrl\":\"https:\/\/sklep.edudomo.pl\/wp-content\/uploads\/2019\/11\/cropped-logo-edudomo-sowa.jpg\",\"width\":120,\"height\":120,\"caption\":\"EduDoMo\"},\"image\":{\"@id\":\"https:\/\/sklep.edudomo.pl\/#\/schema\/logo\/image\/\"}}]}<\/script>\n<!-- \/ Yoast SEO plugin. -->","yoast_head_json":{"title":"Hadeik. Uk\u0142adanka o pierwszych etapach powstania Ziemi","robots":{"index":"index","follow":"follow","max-snippet":"max-snippet:-1","max-image-preview":"max-image-preview:large","max-video-preview":"max-video-preview:-1"},"canonical":"https:\/\/sklep.edudomo.pl\/en\/sklep\/hadeik-ukladanka-o-pierwszych-etapach-powstania-ziemi\/","og_locale":"en_GB","og_type":"article","og_title":"[:pl]Hadeik. Uk\u0142adanka o pierwszych etapach powstania Ziemi[:] - sklep EduDoMo","og_description":"\ud83d\udca5Nazwa pierwszego Eonu nawi\u0105zuje do Mitologicznego Hadesu: Hadeik. \ud83c\udf0eTak w\u0142a\u015bnie nazywa si\u0119 nasza uk\u0142adanka. Wtedy to narodzi\u0142a si\u0119 nasza planeta. \ud83c\udf0eIstnieje wiele teorii na temat jak powsta\u0142a, ka\u017cda z nich m\u00f3wi, \u017ce by\u0142o to oko\u0142o 600\/ 700 miliard\u00f3w lat temu. \ud83c\udf0dNasza uk\u0142adanka Hadeik to materia\u0142, kt\u00f3ry powsta\u0142 w celu pomocy w opowiadaniu o Ziemi. ToRead More","og_url":"https:\/\/sklep.edudomo.pl\/en\/sklep\/hadeik-ukladanka-o-pierwszych-etapach-powstania-ziemi\/","og_site_name":"sklep EduDoMo","article_modified_time":"2025-11-25T16:47:00+00:00","og_image":[{"width":640,"height":514,"url":"https:\/\/sklep.edudomo.pl\/wp-content\/uploads\/2023\/04\/image1.jpeg","type":"image\/jpeg"}],"twitter_card":"summary_large_image","twitter_misc":{"Estimated reading time":"1 minute"},"schema":{"@context":"https:\/\/schema.org","@graph":[{"@type":"WebPage","@id":"https:\/\/sklep.edudomo.pl\/sklep\/hadeik-ukladanka-o-pierwszych-etapach-powstania-ziemi\/","url":"https:\/\/sklep.edudomo.pl\/sklep\/hadeik-ukladanka-o-pierwszych-etapach-powstania-ziemi\/","name":"Hadeik. Uk\u0142adanka o pierwszych etapach powstania Ziemi","isPartOf":{"@id":"https:\/\/sklep.edudomo.pl\/#website"},"primaryImageOfPage":{"@id":"https:\/\/sklep.edudomo.pl\/sklep\/hadeik-ukladanka-o-pierwszych-etapach-powstania-ziemi\/#primaryimage"},"image":{"@id":"https:\/\/sklep.edudomo.pl\/sklep\/hadeik-ukladanka-o-pierwszych-etapach-powstania-ziemi\/#primaryimage"},"thumbnailUrl":"https:\/\/sklep.edudomo.pl\/wp-content\/uploads\/2023\/04\/image1.jpeg","datePublished":"2023-04-21T18:48:03+00:00","dateModified":"2025-11-25T16:47:00+00:00","breadcrumb":{"@id":"https:\/\/sklep.edudomo.pl\/sklep\/hadeik-ukladanka-o-pierwszych-etapach-powstania-ziemi\/#breadcrumb"},"inLanguage":"en-GB","potentialAction":[{"@type":"ReadAction","target":["https:\/\/sklep.edudomo.pl\/sklep\/hadeik-ukladanka-o-pierwszych-etapach-powstania-ziemi\/"]}]},{"@type":"ImageObject","inLanguage":"en-GB","@id":"https:\/\/sklep.edudomo.pl\/sklep\/hadeik-ukladanka-o-pierwszych-etapach-powstania-ziemi\/#primaryimage","url":"https:\/\/sklep.edudomo.pl\/wp-content\/uploads\/2023\/04\/image1.jpeg","contentUrl":"https:\/\/sklep.edudomo.pl\/wp-content\/uploads\/2023\/04\/image1.jpeg","width":640,"height":514,"caption":"Hadeik. Etapy powstawania Ziemi"},{"@type":"BreadcrumbList","@id":"https:\/\/sklep.edudomo.pl\/sklep\/hadeik-ukladanka-o-pierwszych-etapach-powstania-ziemi\/#breadcrumb","itemListElement":[{"@type":"ListItem","position":1,"name":"Strona g\u0142\u00f3wna","item":"https:\/\/sklep.edudomo.pl\/"},{"@type":"ListItem","position":2,"name":"Sklep","item":"https:\/\/sklep.edudomo.pl\/"},{"@type":"ListItem","position":3,"name":"Hadeik. Uk\u0142adanka o pierwszych etapach powstania Ziemi"}]},{"@type":"WebSite","@id":"https:\/\/sklep.edudomo.pl\/#website","url":"https:\/\/sklep.edudomo.pl\/","name":"sklep EduDoMo","description":"Edukacja Domowa. Terapia. Wspieranie Talent&oacute;w","publisher":{"@id":"https:\/\/sklep.edudomo.pl\/#organization"},"potentialAction":[{"@type":"SearchAction","target":{"@type":"EntryPoint","urlTemplate":"https:\/\/sklep.edudomo.pl\/?s={search_term_string}"},"query-input":{"@type":"PropertyValueSpecification","valueRequired":true,"valueName":"search_term_string"}}],"inLanguage":"en-GB"},{"@type":"Organization","@id":"https:\/\/sklep.edudomo.pl\/#organization","name":"EduDoMo","url":"https:\/\/sklep.edudomo.pl\/","logo":{"@type":"ImageObject","inLanguage":"en-GB","@id":"https:\/\/sklep.edudomo.pl\/#\/schema\/logo\/image\/","url":"https:\/\/sklep.edudomo.pl\/wp-content\/uploads\/2019\/11\/cropped-logo-edudomo-sowa.jpg","contentUrl":"https:\/\/sklep.edudomo.pl\/wp-content\/uploads\/2019\/11\/cropped-logo-edudomo-sowa.jpg","width":120,"height":120,"caption":"EduDoMo"},"image":{"@id":"https:\/\/sklep.edudomo.pl\/#\/schema\/logo\/image\/"}}]}},"jetpack_sharing_enabled":true,"_links":{"self":[{"href":"https:\/\/sklep.edudomo.pl\/en\/wp-json\/wp\/v2\/product\/10728","targetHints":{"allow":["GET"]}}],"collection":[{"href":"https:\/\/sklep.edudomo.pl\/en\/wp-json\/wp\/v2\/product"}],"about":[{"href":"https:\/\/sklep.edudomo.pl\/en\/wp-json\/wp\/v2\/types\/product"}],"replies":[{"embeddable":true,"href":"https:\/\/sklep.edudomo.pl\/en\/wp-json\/wp\/v2\/comments?post=10728"}],"wp:featuredmedia":[{"embeddable":true,"href":"https:\/\/sklep.edudomo.pl\/en\/wp-json\/wp\/v2\/media\/10730"}],"wp:attachment":[{"href":"https:\/\/sklep.edudomo.pl\/en\/wp-json\/wp\/v2\/media?parent=10728"}],"wp:term":[{"taxonomy":"product_brand","embeddable":true,"href":"https:\/\/sklep.edudomo.pl\/en\/wp-json\/wp\/v2\/product_brand?post=10728"},{"taxonomy":"product_cat","embeddable":true,"href":"https:\/\/sklep.edudomo.pl\/en\/wp-json\/wp\/v2\/product_cat?post=10728"},{"taxonomy":"product_tag","embeddable":true,"href":"https:\/\/sklep.edudomo.pl\/en\/wp-json\/wp\/v2\/product_tag?post=10728"}],"curies":[{"name":"wp","href":"https:\/\/api.w.org\/{rel}","templated":true}]}}