{"id":10732,"date":"2023-04-22T18:35:20","date_gmt":"2023-04-22T18:35:20","guid":{"rendered":"https:\/\/sklep.edudomo.pl\/?post_type=product&#038;p=10732"},"modified":"2025-11-25T16:46:50","modified_gmt":"2025-11-25T16:46:50","slug":"atmosfera","status":"publish","type":"product","link":"https:\/\/sklep.edudomo.pl\/en\/sklep\/atmosfera\/","title":{"rendered":"Atmosfera"},"content":{"rendered":"<pre class=\"moz-quote-pre\">Atmosfera\r\nPuzzle edukacyjne EduDoMo z 6 bloczkami przedstawiaj\u0105cymi pojazdy kt\u00f3re mo\u017cna spotka\u0107 na danej wysoko\u015bci nad nasz\u0105 Ziemi\u0105. \r\n\r\nPlansza o wymiarach 29cm x 29 cm\r\n\r\nCiekawostka<\/pre>\n<div dir=\"auto\">Linia K\u00e1rm\u00e1na to umowna granica pomi\u0119dzy atmosfer\u0105 Ziemi i przestrzeni\u0105 kosmiczn\u0105 przebiegaj\u0105ca na wysoko\u015bci 100 km (328 084 st\u00f3p) n.p.m.<\/div>\n<div dir=\"auto\">&#8211; definicja ta, zosta\u0142a przyj\u0119ta przez Mi\u0119dzynarodow\u0105 Federacj\u0119 Lotnicz\u0105 (FAI)<\/div>\n<div dir=\"auto\">*Wed\u0142ug standard\u00f3w F\u00e9d\u00e9ration A\u00e9ronautique Internationale, granica pomi\u0119dzy atmosfer\u0105 a przestrzeni\u0105 kosmiczn\u0105 znajduje si\u0119 na wysoko\u015bci 100 km n.p.m.,<\/div>\n<div dir=\"auto\"><span class=\"x3nfvp2 x1j61x8r x1fcty0u xdj266r xhhsvwb xat24cr xgzva0m xxymvpz xlup9mm x1kky2od\">*<\/span>Natomiast w Stanach Zjednoczonych za granic\u0119 t\u0119 przyjmuje si\u0119 koniec mezosfery, czyli wysoko\u015b\u0107 50 mil (ok. 80 km).<\/div>\n<div dir=\"auto\"><span class=\"x3nfvp2 x1j61x8r x1fcty0u xdj266r xhhsvwb xat24cr xgzva0m xxymvpz xlup9mm x1kky2od\">*<\/span>Linia nazwana zosta\u0142a nazwiskiem Theodore&#8217;a von K\u00e1rm\u00e1na, ameryka\u0144skiego in\u017cyniera i fizyka pochodzenia w\u0119gierskiego, kt\u00f3ry ustali\u0142 granic\u0119 powy\u017cej, kt\u00f3rej atmosfera Ziemi staje si\u0119 zbyt rozrzedzona by mog\u0142a wyst\u0119powa\u0107 si\u0142a no\u015bna. Poda\u0142 on jednak liczb\u0119 275 000 ft (83,82 km). Zgadza si\u0119 to z obecnymi wyliczenia granicy mi\u0119dzy mezosfer\u0105 i termosfer\u0105 (czyli po\u0142o\u017cenie mezopauzy ok. 80-90 km).<\/div>\n<div dir=\"auto\"><span class=\"x3nfvp2 x1j61x8r x1fcty0u xdj266r xhhsvwb xat24cr xgzva0m xxymvpz xlup9mm x1kky2od\">*<\/span>Nie jest jasne dlaczego FAI wybra\u0142o inn\u0105 warto\u015b\u0107 mimo nazwania jej nazwiskiem K\u00e1rm\u00e1na. Andrew G. Haley (ameryka\u0144ski prawnik zajmuj\u0105cy si\u0119 kosmosem) sugerowa\u0142, \u017ce linia 100 km zosta\u0142a ustalona przez delegat\u00f3w FAI z USA i ZSRR.<\/div>\n<div dir=\"auto\"><span class=\"x3nfvp2 x1j61x8r x1fcty0u xdj266r xhhsvwb xat24cr xgzva0m xxymvpz xlup9mm x1kky2od\">*<\/span>Na wysoko\u015bci ok. 100 km znajduje si\u0119 natomiast granica mi\u0119dzy homosfer\u0105 i heterosfer\u0105, czyli homopauza. W homosferze sk\u0142ad chemiczny gaz\u00f3w (azot, tlen itp) jest stosunkowo jednolity, a w heterosferze mieszanie jest s\u0142abe przez co sk\u0142ad jest zmienny i zale\u017cny od wysoko\u015bci (w dolnych warstwach heterosfery zalegaj\u0105 ci\u0119\u017csze cz\u0105steczki).<\/div>\n<div dir=\"auto\"><span class=\"x3nfvp2 x1j61x8r x1fcty0u xdj266r xhhsvwb xat24cr xgzva0m xxymvpz xlup9mm x1kky2od\">*<\/span>Chocia\u017c oficjalnie Stany Zjednoczone nie definiuj\u0105 w\u0142asnej \u201egranicy Kosmosu\u201d, definicja astronauty, u\u017cywana do dzisiaj przez Si\u0142y Zbrojne USA, opisuje osob\u0119, kt\u00f3ra polecia\u0142a powy\u017cej 50 mil (ok. 80,5 km) n.p.m. Jest to warto\u015b\u0107 bliska granicy pomi\u0119dzy mezosfer\u0105 i termosfer\u0105.<\/div>\n<div dir=\"auto\"><span class=\"x3nfvp2 x1j61x8r x1fcty0u xdj266r xhhsvwb xat24cr xgzva0m xxymvpz xlup9mm x1kky2od\">*<\/span>Ta definicja by\u0142a w pewnym sensie kontrowersyjna ze wzgl\u0119du na r\u00f3\u017cnice pogl\u0105d\u00f3w co do tej granicy pomi\u0119dzy Si\u0142ami Zbrojnymi USA i NASA, kt\u00f3ra jej nie uznaje. W roku 2005 trzech pilot\u00f3w (w tym dw\u00f3ch po\u015bmiertnie), kt\u00f3rzy w trakcie lot\u00f3w X-15 w latach 60. XX wieku pracowali dla NASA, zosta\u0142o uhonorowanych odznaczeniami astronaut\u00f3w za ich lot na wysoko\u015bci powy\u017cej 50 mil, poniewa\u017c w tamtym czasie nie zostali uznani przez t\u0119 agencj\u0119 za astronaut\u00f3w.<\/div>\n","protected":false},"excerpt":{"rendered":"<p>Atmosfera Puzzle edukacyjne EduDoMo z 6 bloczkami przedstawiaj\u0105cymi pojazdy kt\u00f3re mo\u017cna spotka\u0107 na danej wysoko\u015bci nad nasz\u0105 Ziemi\u0105. Plansza o wymiarach 29cm x 29 cm Ciekawostka Linia K\u00e1rm\u00e1na to umowna granica pomi\u0119dzy atmosfer\u0105 Ziemi i przestrzeni\u0105 kosmiczn\u0105 przebiegaj\u0105ca na wysoko\u015bci 100 km (328 084 st\u00f3p) n.p.m. &#8211; definicja ta, zosta\u0142a przyj\u0119ta przez Mi\u0119dzynarodow\u0105 Federacj\u0119 Lotnicz\u0105<span class=\"read-more-faq\"><a href=\"https:\/\/sklep.edudomo.pl\/en\/sklep\/atmosfera\/\">Read More<\/a><\/span><\/p>\n","protected":false},"featured_media":10737,"comment_status":"open","ping_status":"closed","template":"","meta":[],"product_brand":[],"product_cat":[84,87,86],"product_tag":[],"class_list":{"0":"post-10732","1":"product","2":"type-product","3":"status-publish","4":"has-post-thumbnail","6":"product_cat-edukacja-kosmiczna","7":"product_cat-edukacja-przyrodnicza","8":"product_cat-material-sensoryczny","9":"product_shipping_class-inpost-kurier-a","11":"first","12":"onbackorder","13":"taxable","14":"shipping-taxable","15":"purchasable","16":"product-type-simple"},"yoast_head":"<!-- This site is optimized with the Yoast SEO plugin v26.5 - https:\/\/yoast.com\/wordpress\/plugins\/seo\/ -->\n<title>Atmosfera<\/title>\n<meta name=\"robots\" content=\"index, follow, max-snippet:-1, max-image-preview:large, max-video-preview:-1\" \/>\n<link rel=\"canonical\" href=\"https:\/\/sklep.edudomo.pl\/en\/sklep\/atmosfera\/\" \/>\n<meta property=\"og:locale\" content=\"en_GB\" \/>\n<meta property=\"og:locale:alternate\" content=\"pl_PL\" \/>\n<meta property=\"og:type\" content=\"article\" \/>\n<meta property=\"og:title\" content=\"Atmosfera\" \/>\n<meta property=\"og:description\" content=\"Atmosfera Puzzle edukacyjne EduDoMo z 6 bloczkami przedstawiaj\u0105cymi pojazdy kt\u00f3re mo\u017cna spotka\u0107 na danej wysoko\u015bci nad nasz\u0105 Ziemi\u0105. Plansza o wymiarach 29cm x 29 cm Ciekawostka Linia K\u00e1rm\u00e1na to umowna granica pomi\u0119dzy atmosfer\u0105 Ziemi i przestrzeni\u0105 kosmiczn\u0105 przebiegaj\u0105ca na wysoko\u015bci 100 km (328 084 st\u00f3p) n.p.m. &#8211; definicja ta, zosta\u0142a przyj\u0119ta przez Mi\u0119dzynarodow\u0105 Federacj\u0119 Lotnicz\u0105Read More\" \/>\n<meta property=\"og:url\" content=\"https:\/\/sklep.edudomo.pl\/en\/sklep\/atmosfera\/\" \/>\n<meta property=\"og:site_name\" content=\"sklep EduDoMo\" \/>\n<meta property=\"article:modified_time\" content=\"2025-11-25T16:46:50+00:00\" \/>\n<meta property=\"og:image\" content=\"https:\/\/sklep.edudomo.pl\/wp-content\/uploads\/2023\/04\/IMG_4018.jpg\" \/>\n\t<meta property=\"og:image:width\" content=\"640\" \/>\n\t<meta property=\"og:image:height\" content=\"638\" \/>\n\t<meta property=\"og:image:type\" content=\"image\/jpeg\" \/>\n<meta name=\"twitter:card\" content=\"summary_large_image\" \/>\n<meta name=\"twitter:label1\" content=\"Estimated reading time\" \/>\n\t<meta name=\"twitter:data1\" content=\"2 minutes\" \/>\n<script type=\"application\/ld+json\" class=\"yoast-schema-graph\">{\"@context\":\"https:\/\/schema.org\",\"@graph\":[{\"@type\":\"WebPage\",\"@id\":\"https:\/\/sklep.edudomo.pl\/sklep\/atmosfera\/\",\"url\":\"https:\/\/sklep.edudomo.pl\/sklep\/atmosfera\/\",\"name\":\"Atmosfera\",\"isPartOf\":{\"@id\":\"https:\/\/sklep.edudomo.pl\/#website\"},\"primaryImageOfPage\":{\"@id\":\"https:\/\/sklep.edudomo.pl\/sklep\/atmosfera\/#primaryimage\"},\"image\":{\"@id\":\"https:\/\/sklep.edudomo.pl\/sklep\/atmosfera\/#primaryimage\"},\"thumbnailUrl\":\"https:\/\/sklep.edudomo.pl\/wp-content\/uploads\/2023\/04\/IMG_4018.jpg\",\"datePublished\":\"2023-04-22T18:35:20+00:00\",\"dateModified\":\"2025-11-25T16:46:50+00:00\",\"breadcrumb\":{\"@id\":\"https:\/\/sklep.edudomo.pl\/sklep\/atmosfera\/#breadcrumb\"},\"inLanguage\":\"en-GB\",\"potentialAction\":[{\"@type\":\"ReadAction\",\"target\":[\"https:\/\/sklep.edudomo.pl\/sklep\/atmosfera\/\"]}]},{\"@type\":\"ImageObject\",\"inLanguage\":\"en-GB\",\"@id\":\"https:\/\/sklep.edudomo.pl\/sklep\/atmosfera\/#primaryimage\",\"url\":\"https:\/\/sklep.edudomo.pl\/wp-content\/uploads\/2023\/04\/IMG_4018.jpg\",\"contentUrl\":\"https:\/\/sklep.edudomo.pl\/wp-content\/uploads\/2023\/04\/IMG_4018.jpg\",\"width\":640,\"height\":638,\"caption\":\"Atmosfera\"},{\"@type\":\"BreadcrumbList\",\"@id\":\"https:\/\/sklep.edudomo.pl\/sklep\/atmosfera\/#breadcrumb\",\"itemListElement\":[{\"@type\":\"ListItem\",\"position\":1,\"name\":\"Strona g\u0142\u00f3wna\",\"item\":\"https:\/\/sklep.edudomo.pl\/\"},{\"@type\":\"ListItem\",\"position\":2,\"name\":\"Sklep\",\"item\":\"https:\/\/sklep.edudomo.pl\/\"},{\"@type\":\"ListItem\",\"position\":3,\"name\":\"Atmosfera\"}]},{\"@type\":\"WebSite\",\"@id\":\"https:\/\/sklep.edudomo.pl\/#website\",\"url\":\"https:\/\/sklep.edudomo.pl\/\",\"name\":\"sklep EduDoMo\",\"description\":\"Edukacja Domowa. Terapia. Wspieranie Talent&oacute;w\",\"publisher\":{\"@id\":\"https:\/\/sklep.edudomo.pl\/#organization\"},\"potentialAction\":[{\"@type\":\"SearchAction\",\"target\":{\"@type\":\"EntryPoint\",\"urlTemplate\":\"https:\/\/sklep.edudomo.pl\/?s={search_term_string}\"},\"query-input\":{\"@type\":\"PropertyValueSpecification\",\"valueRequired\":true,\"valueName\":\"search_term_string\"}}],\"inLanguage\":\"en-GB\"},{\"@type\":\"Organization\",\"@id\":\"https:\/\/sklep.edudomo.pl\/#organization\",\"name\":\"EduDoMo\",\"url\":\"https:\/\/sklep.edudomo.pl\/\",\"logo\":{\"@type\":\"ImageObject\",\"inLanguage\":\"en-GB\",\"@id\":\"https:\/\/sklep.edudomo.pl\/#\/schema\/logo\/image\/\",\"url\":\"https:\/\/sklep.edudomo.pl\/wp-content\/uploads\/2019\/11\/cropped-logo-edudomo-sowa.jpg\",\"contentUrl\":\"https:\/\/sklep.edudomo.pl\/wp-content\/uploads\/2019\/11\/cropped-logo-edudomo-sowa.jpg\",\"width\":120,\"height\":120,\"caption\":\"EduDoMo\"},\"image\":{\"@id\":\"https:\/\/sklep.edudomo.pl\/#\/schema\/logo\/image\/\"}}]}<\/script>\n<!-- \/ Yoast SEO plugin. -->","yoast_head_json":{"title":"Atmosfera","robots":{"index":"index","follow":"follow","max-snippet":"max-snippet:-1","max-image-preview":"max-image-preview:large","max-video-preview":"max-video-preview:-1"},"canonical":"https:\/\/sklep.edudomo.pl\/en\/sklep\/atmosfera\/","og_locale":"en_GB","og_type":"article","og_title":"[:pl]Atmosfera[:en]Atmosfera[:] - sklep EduDoMo","og_description":"Atmosfera Puzzle edukacyjne EduDoMo z 6 bloczkami przedstawiaj\u0105cymi pojazdy kt\u00f3re mo\u017cna spotka\u0107 na danej wysoko\u015bci nad nasz\u0105 Ziemi\u0105. Plansza o wymiarach 29cm x 29 cm Ciekawostka Linia K\u00e1rm\u00e1na to umowna granica pomi\u0119dzy atmosfer\u0105 Ziemi i przestrzeni\u0105 kosmiczn\u0105 przebiegaj\u0105ca na wysoko\u015bci 100 km (328 084 st\u00f3p) n.p.m. &#8211; definicja ta, zosta\u0142a przyj\u0119ta przez Mi\u0119dzynarodow\u0105 Federacj\u0119 Lotnicz\u0105Read More","og_url":"https:\/\/sklep.edudomo.pl\/en\/sklep\/atmosfera\/","og_site_name":"sklep EduDoMo","article_modified_time":"2025-11-25T16:46:50+00:00","og_image":[{"width":640,"height":638,"url":"https:\/\/sklep.edudomo.pl\/wp-content\/uploads\/2023\/04\/IMG_4018.jpg","type":"image\/jpeg"}],"twitter_card":"summary_large_image","twitter_misc":{"Estimated reading time":"2 minutes"},"schema":{"@context":"https:\/\/schema.org","@graph":[{"@type":"WebPage","@id":"https:\/\/sklep.edudomo.pl\/sklep\/atmosfera\/","url":"https:\/\/sklep.edudomo.pl\/sklep\/atmosfera\/","name":"Atmosfera","isPartOf":{"@id":"https:\/\/sklep.edudomo.pl\/#website"},"primaryImageOfPage":{"@id":"https:\/\/sklep.edudomo.pl\/sklep\/atmosfera\/#primaryimage"},"image":{"@id":"https:\/\/sklep.edudomo.pl\/sklep\/atmosfera\/#primaryimage"},"thumbnailUrl":"https:\/\/sklep.edudomo.pl\/wp-content\/uploads\/2023\/04\/IMG_4018.jpg","datePublished":"2023-04-22T18:35:20+00:00","dateModified":"2025-11-25T16:46:50+00:00","breadcrumb":{"@id":"https:\/\/sklep.edudomo.pl\/sklep\/atmosfera\/#breadcrumb"},"inLanguage":"en-GB","potentialAction":[{"@type":"ReadAction","target":["https:\/\/sklep.edudomo.pl\/sklep\/atmosfera\/"]}]},{"@type":"ImageObject","inLanguage":"en-GB","@id":"https:\/\/sklep.edudomo.pl\/sklep\/atmosfera\/#primaryimage","url":"https:\/\/sklep.edudomo.pl\/wp-content\/uploads\/2023\/04\/IMG_4018.jpg","contentUrl":"https:\/\/sklep.edudomo.pl\/wp-content\/uploads\/2023\/04\/IMG_4018.jpg","width":640,"height":638,"caption":"Atmosfera"},{"@type":"BreadcrumbList","@id":"https:\/\/sklep.edudomo.pl\/sklep\/atmosfera\/#breadcrumb","itemListElement":[{"@type":"ListItem","position":1,"name":"Strona g\u0142\u00f3wna","item":"https:\/\/sklep.edudomo.pl\/"},{"@type":"ListItem","position":2,"name":"Sklep","item":"https:\/\/sklep.edudomo.pl\/"},{"@type":"ListItem","position":3,"name":"Atmosfera"}]},{"@type":"WebSite","@id":"https:\/\/sklep.edudomo.pl\/#website","url":"https:\/\/sklep.edudomo.pl\/","name":"sklep EduDoMo","description":"Edukacja Domowa. Terapia. Wspieranie Talent&oacute;w","publisher":{"@id":"https:\/\/sklep.edudomo.pl\/#organization"},"potentialAction":[{"@type":"SearchAction","target":{"@type":"EntryPoint","urlTemplate":"https:\/\/sklep.edudomo.pl\/?s={search_term_string}"},"query-input":{"@type":"PropertyValueSpecification","valueRequired":true,"valueName":"search_term_string"}}],"inLanguage":"en-GB"},{"@type":"Organization","@id":"https:\/\/sklep.edudomo.pl\/#organization","name":"EduDoMo","url":"https:\/\/sklep.edudomo.pl\/","logo":{"@type":"ImageObject","inLanguage":"en-GB","@id":"https:\/\/sklep.edudomo.pl\/#\/schema\/logo\/image\/","url":"https:\/\/sklep.edudomo.pl\/wp-content\/uploads\/2019\/11\/cropped-logo-edudomo-sowa.jpg","contentUrl":"https:\/\/sklep.edudomo.pl\/wp-content\/uploads\/2019\/11\/cropped-logo-edudomo-sowa.jpg","width":120,"height":120,"caption":"EduDoMo"},"image":{"@id":"https:\/\/sklep.edudomo.pl\/#\/schema\/logo\/image\/"}}]}},"jetpack_sharing_enabled":true,"_links":{"self":[{"href":"https:\/\/sklep.edudomo.pl\/en\/wp-json\/wp\/v2\/product\/10732","targetHints":{"allow":["GET"]}}],"collection":[{"href":"https:\/\/sklep.edudomo.pl\/en\/wp-json\/wp\/v2\/product"}],"about":[{"href":"https:\/\/sklep.edudomo.pl\/en\/wp-json\/wp\/v2\/types\/product"}],"replies":[{"embeddable":true,"href":"https:\/\/sklep.edudomo.pl\/en\/wp-json\/wp\/v2\/comments?post=10732"}],"wp:featuredmedia":[{"embeddable":true,"href":"https:\/\/sklep.edudomo.pl\/en\/wp-json\/wp\/v2\/media\/10737"}],"wp:attachment":[{"href":"https:\/\/sklep.edudomo.pl\/en\/wp-json\/wp\/v2\/media?parent=10732"}],"wp:term":[{"taxonomy":"product_brand","embeddable":true,"href":"https:\/\/sklep.edudomo.pl\/en\/wp-json\/wp\/v2\/product_brand?post=10732"},{"taxonomy":"product_cat","embeddable":true,"href":"https:\/\/sklep.edudomo.pl\/en\/wp-json\/wp\/v2\/product_cat?post=10732"},{"taxonomy":"product_tag","embeddable":true,"href":"https:\/\/sklep.edudomo.pl\/en\/wp-json\/wp\/v2\/product_tag?post=10732"}],"curies":[{"name":"wp","href":"https:\/\/api.w.org\/{rel}","templated":true}]}}