{"id":10828,"date":"2023-07-01T19:12:40","date_gmt":"2023-07-01T19:12:40","guid":{"rendered":"https:\/\/sklep.edudomo.pl\/?post_type=product&#038;p=10828"},"modified":"2025-08-19T12:28:07","modified_gmt":"2025-08-19T12:28:07","slug":"the-deep-well-of-time-the-transformative-power-of-storytelling-in-the-classroom","status":"publish","type":"product","link":"https:\/\/sklep.edudomo.pl\/en\/sklep\/the-deep-well-of-time-the-transformative-power-of-storytelling-in-the-classroom\/","title":{"rendered":"The Deep Well of Time: The Transformative Power of Storytelling in the Classroom"},"content":{"rendered":"<div><strong>Realizacja 23 sierpnia!!!<\/strong><\/div>\n<div><\/div>\n<div>Chcesz wnie\u015b\u0107 rado\u015b\u0107 i energi\u0119 opowiadania historii do swojej klasy lub domu dzi\u0119ki temu wszechstronnemu przewodnikowi?<\/div>\n<div>Chcesz zdoby\u0107 wgl\u0105d, kt\u00f3ry pomo\u017ce Ci sta\u0107 si\u0119 znakomitym gaw\u0119dziarzem, niezb\u0119dn\u0105 umiej\u0119tno\u015bci\u0105 dla praktyk\u00f3w Montessori?<\/div>\n<div>Chcesz wesprze\u0107 to, co Maria Montessori nazwa\u0142a \u201ewielk\u0105 si\u0142\u0105 wyobra\u017ani\u201d dziecka, a dziecko \u201esi\u0142\u0105 odkrywania prawdy\u201d?<\/div>\n<div>Je\u015bli tak-to ta ksi\u0105\u017cka jest dla Ciebie!<\/div>\n<div>Dzieci b\u0119d\u0105 zachwycone Twoimi opowie\u015bciami i b\u0119d\u0105 przychodzi\u0107 na lekcje z nowo odkrytym entuzjazmem.<\/div>\n<div>Ta obszerna ksi\u0105\u017cka, napisana przez mistrza Montessori, Michaela Dorera, stanowi podr\u00f3\u017c od podstaw opowiadania historii do tworzenia w\u0142asnych historii.<\/div>\n<div>Zawiera ponad 40 kompletnych historii dopasowanych do programu nauczania i materia\u0142\u00f3w Montessori.<\/div>\n<div>Liczne ilustracje, diagramy i wykresy zwi\u0119kszaj\u0105 atrakcyjno\u015b\u0107 tego nieocenionego dodatku do ka\u017cdej Montessoria\u0144skiej biblioteki.<\/div>\n<div><\/div>\n<div>Ju\u017c 1 wrze\u015bnia, ale od dzi\u015b zaczynamy przedsprzeda\u017c W super cenie!<\/div>\n<div><\/div>\n<div>Mi\u0119kka oprawa, 356 stron.<\/div>\n<div><strong>Podr\u0119cznik napisany w j\u0119zyku angielskim.<\/strong><\/div>\n","protected":false},"excerpt":{"rendered":"<p>Realizacja 23 sierpnia!!! Chcesz wnie\u015b\u0107 rado\u015b\u0107 i energi\u0119 opowiadania historii do swojej klasy lub domu dzi\u0119ki temu wszechstronnemu przewodnikowi? Chcesz zdoby\u0107 wgl\u0105d, kt\u00f3ry pomo\u017ce Ci sta\u0107 si\u0119 znakomitym gaw\u0119dziarzem, niezb\u0119dn\u0105 umiej\u0119tno\u015bci\u0105 dla praktyk\u00f3w Montessori? Chcesz wesprze\u0107 to, co Maria Montessori nazwa\u0142a \u201ewielk\u0105 si\u0142\u0105 wyobra\u017ani\u201d dziecka, a dziecko \u201esi\u0142\u0105 odkrywania prawdy\u201d? Je\u015bli tak-to ta ksi\u0105\u017cka jest<span class=\"read-more-faq\"><a href=\"https:\/\/sklep.edudomo.pl\/en\/sklep\/the-deep-well-of-time-the-transformative-power-of-storytelling-in-the-classroom\/\">Read More<\/a><\/span><\/p>\n","protected":false},"featured_media":10829,"comment_status":"open","ping_status":"closed","template":"","meta":[],"product_brand":[],"product_cat":[84],"product_tag":[],"class_list":{"0":"post-10828","1":"product","2":"type-product","3":"status-publish","4":"has-post-thumbnail","6":"product_cat-edukacja-kosmiczna","7":"product_shipping_class-inpost-kurier-a","9":"first","10":"outofstock","11":"taxable","12":"shipping-taxable","13":"purchasable","14":"product-type-simple"},"yoast_head":"<!-- This site is optimized with the Yoast SEO plugin v26.5 - https:\/\/yoast.com\/wordpress\/plugins\/seo\/ -->\n<title>The Deep Well of Time: The Transformative Power of Storytelling in the Classroom<\/title>\n<meta name=\"robots\" content=\"index, follow, max-snippet:-1, max-image-preview:large, max-video-preview:-1\" \/>\n<link rel=\"canonical\" href=\"https:\/\/sklep.edudomo.pl\/en\/sklep\/the-deep-well-of-time-the-transformative-power-of-storytelling-in-the-classroom\/\" \/>\n<meta property=\"og:locale\" content=\"en_GB\" \/>\n<meta property=\"og:locale:alternate\" content=\"pl_PL\" \/>\n<meta property=\"og:type\" content=\"article\" \/>\n<meta property=\"og:title\" content=\"The Deep Well of Time: The Transformative Power of Storytelling in the Classroom\" \/>\n<meta property=\"og:description\" content=\"Realizacja 23 sierpnia!!! Chcesz wnie\u015b\u0107 rado\u015b\u0107 i energi\u0119 opowiadania historii do swojej klasy lub domu dzi\u0119ki temu wszechstronnemu przewodnikowi? Chcesz zdoby\u0107 wgl\u0105d, kt\u00f3ry pomo\u017ce Ci sta\u0107 si\u0119 znakomitym gaw\u0119dziarzem, niezb\u0119dn\u0105 umiej\u0119tno\u015bci\u0105 dla praktyk\u00f3w Montessori? Chcesz wesprze\u0107 to, co Maria Montessori nazwa\u0142a \u201ewielk\u0105 si\u0142\u0105 wyobra\u017ani\u201d dziecka, a dziecko \u201esi\u0142\u0105 odkrywania prawdy\u201d? Je\u015bli tak-to ta ksi\u0105\u017cka jestRead More\" \/>\n<meta property=\"og:url\" content=\"https:\/\/sklep.edudomo.pl\/en\/sklep\/the-deep-well-of-time-the-transformative-power-of-storytelling-in-the-classroom\/\" \/>\n<meta property=\"og:site_name\" content=\"sklep EduDoMo\" \/>\n<meta property=\"article:modified_time\" content=\"2025-08-19T12:28:07+00:00\" \/>\n<meta property=\"og:image\" content=\"https:\/\/sklep.edudomo.pl\/wp-content\/uploads\/2023\/07\/IMG_6343.jpeg\" \/>\n\t<meta property=\"og:image:width\" content=\"313\" \/>\n\t<meta property=\"og:image:height\" content=\"500\" \/>\n\t<meta property=\"og:image:type\" content=\"image\/jpeg\" \/>\n<meta name=\"twitter:card\" content=\"summary_large_image\" \/>\n<meta name=\"twitter:label1\" content=\"Estimated reading time\" \/>\n\t<meta name=\"twitter:data1\" content=\"1 minute\" \/>\n<script type=\"application\/ld+json\" class=\"yoast-schema-graph\">{\"@context\":\"https:\/\/schema.org\",\"@graph\":[{\"@type\":\"WebPage\",\"@id\":\"https:\/\/sklep.edudomo.pl\/sklep\/the-deep-well-of-time-the-transformative-power-of-storytelling-in-the-classroom\/\",\"url\":\"https:\/\/sklep.edudomo.pl\/sklep\/the-deep-well-of-time-the-transformative-power-of-storytelling-in-the-classroom\/\",\"name\":\"The Deep Well of Time: The Transformative Power of Storytelling in the Classroom\",\"isPartOf\":{\"@id\":\"https:\/\/sklep.edudomo.pl\/#website\"},\"primaryImageOfPage\":{\"@id\":\"https:\/\/sklep.edudomo.pl\/sklep\/the-deep-well-of-time-the-transformative-power-of-storytelling-in-the-classroom\/#primaryimage\"},\"image\":{\"@id\":\"https:\/\/sklep.edudomo.pl\/sklep\/the-deep-well-of-time-the-transformative-power-of-storytelling-in-the-classroom\/#primaryimage\"},\"thumbnailUrl\":\"https:\/\/sklep.edudomo.pl\/wp-content\/uploads\/2023\/07\/IMG_6343.jpeg\",\"datePublished\":\"2023-07-01T19:12:40+00:00\",\"dateModified\":\"2025-08-19T12:28:07+00:00\",\"breadcrumb\":{\"@id\":\"https:\/\/sklep.edudomo.pl\/sklep\/the-deep-well-of-time-the-transformative-power-of-storytelling-in-the-classroom\/#breadcrumb\"},\"inLanguage\":\"en-GB\",\"potentialAction\":[{\"@type\":\"ReadAction\",\"target\":[\"https:\/\/sklep.edudomo.pl\/sklep\/the-deep-well-of-time-the-transformative-power-of-storytelling-in-the-classroom\/\"]}]},{\"@type\":\"ImageObject\",\"inLanguage\":\"en-GB\",\"@id\":\"https:\/\/sklep.edudomo.pl\/sklep\/the-deep-well-of-time-the-transformative-power-of-storytelling-in-the-classroom\/#primaryimage\",\"url\":\"https:\/\/sklep.edudomo.pl\/wp-content\/uploads\/2023\/07\/IMG_6343.jpeg\",\"contentUrl\":\"https:\/\/sklep.edudomo.pl\/wp-content\/uploads\/2023\/07\/IMG_6343.jpeg\",\"width\":313,\"height\":500},{\"@type\":\"BreadcrumbList\",\"@id\":\"https:\/\/sklep.edudomo.pl\/sklep\/the-deep-well-of-time-the-transformative-power-of-storytelling-in-the-classroom\/#breadcrumb\",\"itemListElement\":[{\"@type\":\"ListItem\",\"position\":1,\"name\":\"Strona g\u0142\u00f3wna\",\"item\":\"https:\/\/sklep.edudomo.pl\/\"},{\"@type\":\"ListItem\",\"position\":2,\"name\":\"Sklep\",\"item\":\"https:\/\/sklep.edudomo.pl\/\"},{\"@type\":\"ListItem\",\"position\":3,\"name\":\"The Deep Well of Time: The Transformative Power of Storytelling in the Classroom\"}]},{\"@type\":\"WebSite\",\"@id\":\"https:\/\/sklep.edudomo.pl\/#website\",\"url\":\"https:\/\/sklep.edudomo.pl\/\",\"name\":\"sklep EduDoMo\",\"description\":\"Edukacja Domowa. Terapia. Wspieranie Talent&oacute;w\",\"publisher\":{\"@id\":\"https:\/\/sklep.edudomo.pl\/#organization\"},\"potentialAction\":[{\"@type\":\"SearchAction\",\"target\":{\"@type\":\"EntryPoint\",\"urlTemplate\":\"https:\/\/sklep.edudomo.pl\/?s={search_term_string}\"},\"query-input\":{\"@type\":\"PropertyValueSpecification\",\"valueRequired\":true,\"valueName\":\"search_term_string\"}}],\"inLanguage\":\"en-GB\"},{\"@type\":\"Organization\",\"@id\":\"https:\/\/sklep.edudomo.pl\/#organization\",\"name\":\"EduDoMo\",\"url\":\"https:\/\/sklep.edudomo.pl\/\",\"logo\":{\"@type\":\"ImageObject\",\"inLanguage\":\"en-GB\",\"@id\":\"https:\/\/sklep.edudomo.pl\/#\/schema\/logo\/image\/\",\"url\":\"https:\/\/sklep.edudomo.pl\/wp-content\/uploads\/2019\/11\/cropped-logo-edudomo-sowa.jpg\",\"contentUrl\":\"https:\/\/sklep.edudomo.pl\/wp-content\/uploads\/2019\/11\/cropped-logo-edudomo-sowa.jpg\",\"width\":120,\"height\":120,\"caption\":\"EduDoMo\"},\"image\":{\"@id\":\"https:\/\/sklep.edudomo.pl\/#\/schema\/logo\/image\/\"}}]}<\/script>\n<!-- \/ Yoast SEO plugin. -->","yoast_head_json":{"title":"The Deep Well of Time: The Transformative Power of Storytelling in the Classroom","robots":{"index":"index","follow":"follow","max-snippet":"max-snippet:-1","max-image-preview":"max-image-preview:large","max-video-preview":"max-video-preview:-1"},"canonical":"https:\/\/sklep.edudomo.pl\/en\/sklep\/the-deep-well-of-time-the-transformative-power-of-storytelling-in-the-classroom\/","og_locale":"en_GB","og_type":"article","og_title":"[:pl]The Deep Well of Time: The Transformative Power of Storytelling in the Classroom[:en]The Deep Well of Time: The Transformative Power of Storytelling in the Classroom[:] - sklep EduDoMo","og_description":"Realizacja 23 sierpnia!!! Chcesz wnie\u015b\u0107 rado\u015b\u0107 i energi\u0119 opowiadania historii do swojej klasy lub domu dzi\u0119ki temu wszechstronnemu przewodnikowi? Chcesz zdoby\u0107 wgl\u0105d, kt\u00f3ry pomo\u017ce Ci sta\u0107 si\u0119 znakomitym gaw\u0119dziarzem, niezb\u0119dn\u0105 umiej\u0119tno\u015bci\u0105 dla praktyk\u00f3w Montessori? Chcesz wesprze\u0107 to, co Maria Montessori nazwa\u0142a \u201ewielk\u0105 si\u0142\u0105 wyobra\u017ani\u201d dziecka, a dziecko \u201esi\u0142\u0105 odkrywania prawdy\u201d? Je\u015bli tak-to ta ksi\u0105\u017cka jestRead More","og_url":"https:\/\/sklep.edudomo.pl\/en\/sklep\/the-deep-well-of-time-the-transformative-power-of-storytelling-in-the-classroom\/","og_site_name":"sklep EduDoMo","article_modified_time":"2025-08-19T12:28:07+00:00","og_image":[{"width":313,"height":500,"url":"https:\/\/sklep.edudomo.pl\/wp-content\/uploads\/2023\/07\/IMG_6343.jpeg","type":"image\/jpeg"}],"twitter_card":"summary_large_image","twitter_misc":{"Estimated reading time":"1 minute"},"schema":{"@context":"https:\/\/schema.org","@graph":[{"@type":"WebPage","@id":"https:\/\/sklep.edudomo.pl\/sklep\/the-deep-well-of-time-the-transformative-power-of-storytelling-in-the-classroom\/","url":"https:\/\/sklep.edudomo.pl\/sklep\/the-deep-well-of-time-the-transformative-power-of-storytelling-in-the-classroom\/","name":"The Deep Well of Time: The Transformative Power of Storytelling in the Classroom","isPartOf":{"@id":"https:\/\/sklep.edudomo.pl\/#website"},"primaryImageOfPage":{"@id":"https:\/\/sklep.edudomo.pl\/sklep\/the-deep-well-of-time-the-transformative-power-of-storytelling-in-the-classroom\/#primaryimage"},"image":{"@id":"https:\/\/sklep.edudomo.pl\/sklep\/the-deep-well-of-time-the-transformative-power-of-storytelling-in-the-classroom\/#primaryimage"},"thumbnailUrl":"https:\/\/sklep.edudomo.pl\/wp-content\/uploads\/2023\/07\/IMG_6343.jpeg","datePublished":"2023-07-01T19:12:40+00:00","dateModified":"2025-08-19T12:28:07+00:00","breadcrumb":{"@id":"https:\/\/sklep.edudomo.pl\/sklep\/the-deep-well-of-time-the-transformative-power-of-storytelling-in-the-classroom\/#breadcrumb"},"inLanguage":"en-GB","potentialAction":[{"@type":"ReadAction","target":["https:\/\/sklep.edudomo.pl\/sklep\/the-deep-well-of-time-the-transformative-power-of-storytelling-in-the-classroom\/"]}]},{"@type":"ImageObject","inLanguage":"en-GB","@id":"https:\/\/sklep.edudomo.pl\/sklep\/the-deep-well-of-time-the-transformative-power-of-storytelling-in-the-classroom\/#primaryimage","url":"https:\/\/sklep.edudomo.pl\/wp-content\/uploads\/2023\/07\/IMG_6343.jpeg","contentUrl":"https:\/\/sklep.edudomo.pl\/wp-content\/uploads\/2023\/07\/IMG_6343.jpeg","width":313,"height":500},{"@type":"BreadcrumbList","@id":"https:\/\/sklep.edudomo.pl\/sklep\/the-deep-well-of-time-the-transformative-power-of-storytelling-in-the-classroom\/#breadcrumb","itemListElement":[{"@type":"ListItem","position":1,"name":"Strona g\u0142\u00f3wna","item":"https:\/\/sklep.edudomo.pl\/"},{"@type":"ListItem","position":2,"name":"Sklep","item":"https:\/\/sklep.edudomo.pl\/"},{"@type":"ListItem","position":3,"name":"The Deep Well of Time: The Transformative Power of Storytelling in the Classroom"}]},{"@type":"WebSite","@id":"https:\/\/sklep.edudomo.pl\/#website","url":"https:\/\/sklep.edudomo.pl\/","name":"sklep EduDoMo","description":"Edukacja Domowa. Terapia. Wspieranie Talent&oacute;w","publisher":{"@id":"https:\/\/sklep.edudomo.pl\/#organization"},"potentialAction":[{"@type":"SearchAction","target":{"@type":"EntryPoint","urlTemplate":"https:\/\/sklep.edudomo.pl\/?s={search_term_string}"},"query-input":{"@type":"PropertyValueSpecification","valueRequired":true,"valueName":"search_term_string"}}],"inLanguage":"en-GB"},{"@type":"Organization","@id":"https:\/\/sklep.edudomo.pl\/#organization","name":"EduDoMo","url":"https:\/\/sklep.edudomo.pl\/","logo":{"@type":"ImageObject","inLanguage":"en-GB","@id":"https:\/\/sklep.edudomo.pl\/#\/schema\/logo\/image\/","url":"https:\/\/sklep.edudomo.pl\/wp-content\/uploads\/2019\/11\/cropped-logo-edudomo-sowa.jpg","contentUrl":"https:\/\/sklep.edudomo.pl\/wp-content\/uploads\/2019\/11\/cropped-logo-edudomo-sowa.jpg","width":120,"height":120,"caption":"EduDoMo"},"image":{"@id":"https:\/\/sklep.edudomo.pl\/#\/schema\/logo\/image\/"}}]}},"jetpack_sharing_enabled":true,"_links":{"self":[{"href":"https:\/\/sklep.edudomo.pl\/en\/wp-json\/wp\/v2\/product\/10828","targetHints":{"allow":["GET"]}}],"collection":[{"href":"https:\/\/sklep.edudomo.pl\/en\/wp-json\/wp\/v2\/product"}],"about":[{"href":"https:\/\/sklep.edudomo.pl\/en\/wp-json\/wp\/v2\/types\/product"}],"replies":[{"embeddable":true,"href":"https:\/\/sklep.edudomo.pl\/en\/wp-json\/wp\/v2\/comments?post=10828"}],"wp:featuredmedia":[{"embeddable":true,"href":"https:\/\/sklep.edudomo.pl\/en\/wp-json\/wp\/v2\/media\/10829"}],"wp:attachment":[{"href":"https:\/\/sklep.edudomo.pl\/en\/wp-json\/wp\/v2\/media?parent=10828"}],"wp:term":[{"taxonomy":"product_brand","embeddable":true,"href":"https:\/\/sklep.edudomo.pl\/en\/wp-json\/wp\/v2\/product_brand?post=10828"},{"taxonomy":"product_cat","embeddable":true,"href":"https:\/\/sklep.edudomo.pl\/en\/wp-json\/wp\/v2\/product_cat?post=10828"},{"taxonomy":"product_tag","embeddable":true,"href":"https:\/\/sklep.edudomo.pl\/en\/wp-json\/wp\/v2\/product_tag?post=10828"}],"curies":[{"name":"wp","href":"https:\/\/api.w.org\/{rel}","templated":true}]}}