{"id":10840,"date":"2023-07-04T12:00:53","date_gmt":"2023-07-04T12:00:53","guid":{"rendered":"https:\/\/sklep.edudomo.pl\/?post_type=product&#038;p=10840"},"modified":"2025-11-25T16:44:02","modified_gmt":"2025-11-25T16:44:02","slug":"zaimek-ukladanka-edudomo","status":"publish","type":"product","link":"https:\/\/sklep.edudomo.pl\/en\/sklep\/zaimek-ukladanka-edudomo\/","title":{"rendered":"Zaimek uk\u0142adanka EduDoMo"},"content":{"rendered":"<p>Zaimek uk\u0142adanka EduDoMo<\/p>\n<p>Uk\u0142adanka o wymiarach 25cmx20cm,<\/p>\n<p>Puzzle przedstawiaj\u0105ce fioletowy tr\u00f3jk\u0105t z zapisanym przyk\u0142adami zaimk\u00f3w wg podzia\u0142u ze wzgl\u0119du na to, jak\u0105 cz\u0119\u015b\u0107 mowy zast\u0119puj\u0105,<\/p>\n<p>-pomoc s\u0142u\u017cy jako wprowadzenie tej cz\u0119\u015bci mowy poprzez utrwalenie wizualne oraz tworzenie opowiada\u0144 w my\u015bl pedagogiki Montessori.<\/p>\n<h5><strong>Zielony z zazdro\u015bci, fioletowy z w\u015bciek\u0142o\u015bci tak zwany zaimek buntowniczy wg idei Montessori. Ta historia opowiada o rodzinie, gdzie kr\u00f3lem jest rzeczownik, kt\u00f3ry jest bardzo z tego dumny. Cz\u0119sto, kiedy jest kr\u00f3l, mo\u017ce pojawi\u0107 si\u0119 kto\u015b zazdrosny o jego w\u0142adz\u0119, kto\u015b kto, chce przej\u0105\u0107 w\u0142adz\u0119, kto\u015b, kto nie mo\u017ce zrozumie\u0107 swojego w\u0142a\u015bciwego miejsca w rodzinie. W rodzinie rzeczownik\u00f3w jest to ksi\u0105\u017c\u0119. Ten Ksi\u0105\u017c\u0119 chce by\u0107 kr\u00f3lem i rz\u0105dzi\u0107 -chce przej\u0105\u0107 kontrol\u0119. Ten zbuntowany ksi\u0105\u017c\u0119 to zaimek, kt\u00f3ry chce przej\u0105\u0107 w\u0142adz\u0119 i wyrzuci\u0107 kr\u00f3la, by\u0107 odpowiedzialnym i rz\u0105dzi\u0107. Tak w\u0142a\u015bnie dzieje si\u0119 kiedy Kr\u00f3l rzeczownik m\u00f3wi \u201eAnna\u201d, zaimek chce szybko wskoczy\u0107 i powiedzie\u0107 ona. Zgadza si\u0119, zaimek po prostu m\u00f3wi ona. Uwa\u017ca, \u017ce ma lepszy spos\u00f3b na wym\u00f3wienie tego imienia. Po co zawraca\u0107 sobie g\u0142ow\u0119 m\u00f3wieniem Anna? Zaimek m\u00f3wi, \u017ce pro\u015bciej jest zrobi\u0107 to po swojemu, po prostu powiedzie\u0107 ona. Zaimek my\u015bli, \u017ce na jego drodze nie by\u0142oby tak wielu s\u0142\u00f3w, o kt\u00f3re mo\u017cna by si\u0119 martwi\u0107. Czy nie wydaje si\u0119, \u017ce zaimek pr\u00f3buje zaj\u0105\u0107 szczeg\u00f3lne miejsce rzeczownika? Kiedy kr\u00f3l m\u00f3wi Susan, zaimek nadal m\u00f3wi ona. A kiedy kr\u00f3l m\u00f3wi Heidi, znowu zaimek po prostu m\u00f3wi ona. Zaimek nie ma zbyt du\u017cego zasobu s\u0142ownictwa &#8211; prawie w og\u00f3le nie posiada s\u0142\u00f3w, m\u00f3wi: &#8220;Jestem bardzo prosty, ale chc\u0119 rz\u0105dzi\u0107, mog\u0119 zaj\u0105\u0107 miejsce rzeczownika\u201d. Tak wi\u0119c zaimek stoi bardzo wysoko, stara si\u0119 by\u0107 wy\u017cszy ni\u017c jego Kr\u00f3l: rzeczownik, i jest fioletowy, fioletowy z w\u015bciek\u0142o\u015bci albo zielony, zielony z zazdro\u015bci. \u00a0Chce zaj\u0105\u0107 nale\u017cne mu miejsce swojego w\u0142adcy, rzeczownika, a w\u0142a\u015bciwie cz\u0119sto mu si\u0119 to udaje. Rzeczownik nalega na posiadanie ogromnego s\u0142ownictwa &#8211; posiadanie wielu, wielu s\u0142\u00f3w i wypowiadanie ich wszystkich, mimo \u017ce zaimek stara si\u0119 upro\u015bci\u0107 spraw\u0119 i u\u017cywa tylko kilku s\u0142\u00f3w. &#8211; rzeczownik zawsze nalega na m\u00f3wienie najpierw, przed zaimkiem, tak \u017ce zaimek zawsze musi si\u0119 do niego odnosi\u0107 W rezultacie rzeczownik wyrzuci\u0142 zaimek ze swojej rodziny. Zaimek zosta\u0142 wyrzucony\u203c<\/strong> <strong>Kr\u00f3l Rzeczownik nie dopu\u015bci ju\u017c zaimka w swojej rodziny, a zaimek nawet nie chce ju\u017c tam by\u0107. Czy wiesz, gdzie poszed\u0142? Kr\u00f3l i ksi\u0105\u017c\u0119 s\u0105 w sprzeczno\u015bci i zawsze b\u0119d\u0105\u2026.<\/strong><\/h5>\n<p>\u017bycz\u0119 mi\u0142ej zabawy,<\/p>\n<p>autor,\u00a0 Joanna Dubiecka- Zabierzowska<\/p>\n<h5 class=\"moz-quote-pre\"><strong>\u00a0<\/strong><\/h5>\n","protected":false},"excerpt":{"rendered":"<p>Zaimek uk\u0142adanka EduDoMo Uk\u0142adanka o wymiarach 25cmx20cm, Puzzle przedstawiaj\u0105ce fioletowy tr\u00f3jk\u0105t z zapisanym przyk\u0142adami zaimk\u00f3w wg podzia\u0142u ze wzgl\u0119du na to, jak\u0105 cz\u0119\u015b\u0107 mowy zast\u0119puj\u0105, -pomoc s\u0142u\u017cy jako wprowadzenie tej cz\u0119\u015bci mowy poprzez utrwalenie wizualne oraz tworzenie opowiada\u0144 w my\u015bl pedagogiki Montessori. Zielony z zazdro\u015bci, fioletowy z w\u015bciek\u0142o\u015bci tak zwany zaimek buntowniczy wg idei Montessori.<span class=\"read-more-faq\"><a href=\"https:\/\/sklep.edudomo.pl\/en\/sklep\/zaimek-ukladanka-edudomo\/\">Read More<\/a><\/span><\/p>\n","protected":false},"featured_media":10841,"comment_status":"open","ping_status":"closed","template":"","meta":[],"product_brand":[],"product_cat":[88,86],"product_tag":[],"class_list":{"0":"post-10840","1":"product","2":"type-product","3":"status-publish","4":"has-post-thumbnail","6":"product_cat-material-jezykowy","7":"product_cat-material-sensoryczny","8":"product_shipping_class-inpost-kurier-a","10":"first","11":"onbackorder","12":"taxable","13":"shipping-taxable","14":"purchasable","15":"product-type-simple"},"yoast_head":"<!-- This site is optimized with the Yoast SEO plugin v26.5 - https:\/\/yoast.com\/wordpress\/plugins\/seo\/ -->\n<title>Zaimek uk\u0142adanka EduDoMo<\/title>\n<meta name=\"robots\" content=\"index, follow, max-snippet:-1, max-image-preview:large, max-video-preview:-1\" \/>\n<link rel=\"canonical\" href=\"https:\/\/sklep.edudomo.pl\/en\/sklep\/zaimek-ukladanka-edudomo\/\" \/>\n<meta property=\"og:locale\" content=\"en_GB\" \/>\n<meta property=\"og:locale:alternate\" content=\"pl_PL\" \/>\n<meta property=\"og:type\" content=\"article\" \/>\n<meta property=\"og:title\" content=\"Zaimek uk\u0142adanka EduDoMo\" \/>\n<meta property=\"og:description\" content=\"Zaimek uk\u0142adanka EduDoMo Uk\u0142adanka o wymiarach 25cmx20cm, Puzzle przedstawiaj\u0105ce fioletowy tr\u00f3jk\u0105t z zapisanym przyk\u0142adami zaimk\u00f3w wg podzia\u0142u ze wzgl\u0119du na to, jak\u0105 cz\u0119\u015b\u0107 mowy zast\u0119puj\u0105, -pomoc s\u0142u\u017cy jako wprowadzenie tej cz\u0119\u015bci mowy poprzez utrwalenie wizualne oraz tworzenie opowiada\u0144 w my\u015bl pedagogiki Montessori. Zielony z zazdro\u015bci, fioletowy z w\u015bciek\u0142o\u015bci tak zwany zaimek buntowniczy wg idei Montessori.Read More\" \/>\n<meta property=\"og:url\" content=\"https:\/\/sklep.edudomo.pl\/en\/sklep\/zaimek-ukladanka-edudomo\/\" \/>\n<meta property=\"og:site_name\" content=\"sklep EduDoMo\" \/>\n<meta property=\"article:modified_time\" content=\"2025-11-25T16:44:02+00:00\" \/>\n<meta property=\"og:image\" content=\"https:\/\/sklep.edudomo.pl\/wp-content\/uploads\/2023\/07\/IMG_6447-scaled.jpg\" \/>\n\t<meta property=\"og:image:width\" content=\"2173\" \/>\n\t<meta property=\"og:image:height\" content=\"2560\" \/>\n\t<meta property=\"og:image:type\" content=\"image\/jpeg\" \/>\n<meta name=\"twitter:card\" content=\"summary_large_image\" \/>\n<meta name=\"twitter:label1\" content=\"Estimated reading time\" \/>\n\t<meta name=\"twitter:data1\" content=\"3 minutes\" \/>\n<script type=\"application\/ld+json\" class=\"yoast-schema-graph\">{\"@context\":\"https:\/\/schema.org\",\"@graph\":[{\"@type\":\"WebPage\",\"@id\":\"https:\/\/sklep.edudomo.pl\/sklep\/zaimek-ukladanka-edudomo\/\",\"url\":\"https:\/\/sklep.edudomo.pl\/sklep\/zaimek-ukladanka-edudomo\/\",\"name\":\"Zaimek uk\u0142adanka EduDoMo\",\"isPartOf\":{\"@id\":\"https:\/\/sklep.edudomo.pl\/#website\"},\"primaryImageOfPage\":{\"@id\":\"https:\/\/sklep.edudomo.pl\/sklep\/zaimek-ukladanka-edudomo\/#primaryimage\"},\"image\":{\"@id\":\"https:\/\/sklep.edudomo.pl\/sklep\/zaimek-ukladanka-edudomo\/#primaryimage\"},\"thumbnailUrl\":\"https:\/\/sklep.edudomo.pl\/wp-content\/uploads\/2023\/07\/IMG_6447-scaled.jpg\",\"datePublished\":\"2023-07-04T12:00:53+00:00\",\"dateModified\":\"2025-11-25T16:44:02+00:00\",\"breadcrumb\":{\"@id\":\"https:\/\/sklep.edudomo.pl\/sklep\/zaimek-ukladanka-edudomo\/#breadcrumb\"},\"inLanguage\":\"en-GB\",\"potentialAction\":[{\"@type\":\"ReadAction\",\"target\":[\"https:\/\/sklep.edudomo.pl\/sklep\/zaimek-ukladanka-edudomo\/\"]}]},{\"@type\":\"ImageObject\",\"inLanguage\":\"en-GB\",\"@id\":\"https:\/\/sklep.edudomo.pl\/sklep\/zaimek-ukladanka-edudomo\/#primaryimage\",\"url\":\"https:\/\/sklep.edudomo.pl\/wp-content\/uploads\/2023\/07\/IMG_6447-scaled.jpg\",\"contentUrl\":\"https:\/\/sklep.edudomo.pl\/wp-content\/uploads\/2023\/07\/IMG_6447-scaled.jpg\",\"width\":2173,\"height\":2560,\"caption\":\"Zaimek uk\u0142adanka EduDoMo\"},{\"@type\":\"BreadcrumbList\",\"@id\":\"https:\/\/sklep.edudomo.pl\/sklep\/zaimek-ukladanka-edudomo\/#breadcrumb\",\"itemListElement\":[{\"@type\":\"ListItem\",\"position\":1,\"name\":\"Strona g\u0142\u00f3wna\",\"item\":\"https:\/\/sklep.edudomo.pl\/\"},{\"@type\":\"ListItem\",\"position\":2,\"name\":\"Sklep\",\"item\":\"https:\/\/sklep.edudomo.pl\/\"},{\"@type\":\"ListItem\",\"position\":3,\"name\":\"Zaimek uk\u0142adanka EduDoMo\"}]},{\"@type\":\"WebSite\",\"@id\":\"https:\/\/sklep.edudomo.pl\/#website\",\"url\":\"https:\/\/sklep.edudomo.pl\/\",\"name\":\"sklep EduDoMo\",\"description\":\"Edukacja Domowa. Terapia. Wspieranie Talent&oacute;w\",\"publisher\":{\"@id\":\"https:\/\/sklep.edudomo.pl\/#organization\"},\"potentialAction\":[{\"@type\":\"SearchAction\",\"target\":{\"@type\":\"EntryPoint\",\"urlTemplate\":\"https:\/\/sklep.edudomo.pl\/?s={search_term_string}\"},\"query-input\":{\"@type\":\"PropertyValueSpecification\",\"valueRequired\":true,\"valueName\":\"search_term_string\"}}],\"inLanguage\":\"en-GB\"},{\"@type\":\"Organization\",\"@id\":\"https:\/\/sklep.edudomo.pl\/#organization\",\"name\":\"EduDoMo\",\"url\":\"https:\/\/sklep.edudomo.pl\/\",\"logo\":{\"@type\":\"ImageObject\",\"inLanguage\":\"en-GB\",\"@id\":\"https:\/\/sklep.edudomo.pl\/#\/schema\/logo\/image\/\",\"url\":\"https:\/\/sklep.edudomo.pl\/wp-content\/uploads\/2019\/11\/cropped-logo-edudomo-sowa.jpg\",\"contentUrl\":\"https:\/\/sklep.edudomo.pl\/wp-content\/uploads\/2019\/11\/cropped-logo-edudomo-sowa.jpg\",\"width\":120,\"height\":120,\"caption\":\"EduDoMo\"},\"image\":{\"@id\":\"https:\/\/sklep.edudomo.pl\/#\/schema\/logo\/image\/\"}}]}<\/script>\n<!-- \/ Yoast SEO plugin. -->","yoast_head_json":{"title":"Zaimek uk\u0142adanka EduDoMo","robots":{"index":"index","follow":"follow","max-snippet":"max-snippet:-1","max-image-preview":"max-image-preview:large","max-video-preview":"max-video-preview:-1"},"canonical":"https:\/\/sklep.edudomo.pl\/en\/sklep\/zaimek-ukladanka-edudomo\/","og_locale":"en_GB","og_type":"article","og_title":"[:pl]Zaimek uk\u0142adanka EduDoMo[:en]Zaimek uk\u0142adanka EduDoMo[:] - sklep EduDoMo","og_description":"Zaimek uk\u0142adanka EduDoMo Uk\u0142adanka o wymiarach 25cmx20cm, Puzzle przedstawiaj\u0105ce fioletowy tr\u00f3jk\u0105t z zapisanym przyk\u0142adami zaimk\u00f3w wg podzia\u0142u ze wzgl\u0119du na to, jak\u0105 cz\u0119\u015b\u0107 mowy zast\u0119puj\u0105, -pomoc s\u0142u\u017cy jako wprowadzenie tej cz\u0119\u015bci mowy poprzez utrwalenie wizualne oraz tworzenie opowiada\u0144 w my\u015bl pedagogiki Montessori. Zielony z zazdro\u015bci, fioletowy z w\u015bciek\u0142o\u015bci tak zwany zaimek buntowniczy wg idei Montessori.Read More","og_url":"https:\/\/sklep.edudomo.pl\/en\/sklep\/zaimek-ukladanka-edudomo\/","og_site_name":"sklep EduDoMo","article_modified_time":"2025-11-25T16:44:02+00:00","og_image":[{"width":2173,"height":2560,"url":"https:\/\/sklep.edudomo.pl\/wp-content\/uploads\/2023\/07\/IMG_6447-scaled.jpg","type":"image\/jpeg"}],"twitter_card":"summary_large_image","twitter_misc":{"Estimated reading time":"3 minutes"},"schema":{"@context":"https:\/\/schema.org","@graph":[{"@type":"WebPage","@id":"https:\/\/sklep.edudomo.pl\/sklep\/zaimek-ukladanka-edudomo\/","url":"https:\/\/sklep.edudomo.pl\/sklep\/zaimek-ukladanka-edudomo\/","name":"Zaimek uk\u0142adanka EduDoMo","isPartOf":{"@id":"https:\/\/sklep.edudomo.pl\/#website"},"primaryImageOfPage":{"@id":"https:\/\/sklep.edudomo.pl\/sklep\/zaimek-ukladanka-edudomo\/#primaryimage"},"image":{"@id":"https:\/\/sklep.edudomo.pl\/sklep\/zaimek-ukladanka-edudomo\/#primaryimage"},"thumbnailUrl":"https:\/\/sklep.edudomo.pl\/wp-content\/uploads\/2023\/07\/IMG_6447-scaled.jpg","datePublished":"2023-07-04T12:00:53+00:00","dateModified":"2025-11-25T16:44:02+00:00","breadcrumb":{"@id":"https:\/\/sklep.edudomo.pl\/sklep\/zaimek-ukladanka-edudomo\/#breadcrumb"},"inLanguage":"en-GB","potentialAction":[{"@type":"ReadAction","target":["https:\/\/sklep.edudomo.pl\/sklep\/zaimek-ukladanka-edudomo\/"]}]},{"@type":"ImageObject","inLanguage":"en-GB","@id":"https:\/\/sklep.edudomo.pl\/sklep\/zaimek-ukladanka-edudomo\/#primaryimage","url":"https:\/\/sklep.edudomo.pl\/wp-content\/uploads\/2023\/07\/IMG_6447-scaled.jpg","contentUrl":"https:\/\/sklep.edudomo.pl\/wp-content\/uploads\/2023\/07\/IMG_6447-scaled.jpg","width":2173,"height":2560,"caption":"Zaimek uk\u0142adanka EduDoMo"},{"@type":"BreadcrumbList","@id":"https:\/\/sklep.edudomo.pl\/sklep\/zaimek-ukladanka-edudomo\/#breadcrumb","itemListElement":[{"@type":"ListItem","position":1,"name":"Strona g\u0142\u00f3wna","item":"https:\/\/sklep.edudomo.pl\/"},{"@type":"ListItem","position":2,"name":"Sklep","item":"https:\/\/sklep.edudomo.pl\/"},{"@type":"ListItem","position":3,"name":"Zaimek uk\u0142adanka EduDoMo"}]},{"@type":"WebSite","@id":"https:\/\/sklep.edudomo.pl\/#website","url":"https:\/\/sklep.edudomo.pl\/","name":"sklep EduDoMo","description":"Edukacja Domowa. Terapia. Wspieranie Talent&oacute;w","publisher":{"@id":"https:\/\/sklep.edudomo.pl\/#organization"},"potentialAction":[{"@type":"SearchAction","target":{"@type":"EntryPoint","urlTemplate":"https:\/\/sklep.edudomo.pl\/?s={search_term_string}"},"query-input":{"@type":"PropertyValueSpecification","valueRequired":true,"valueName":"search_term_string"}}],"inLanguage":"en-GB"},{"@type":"Organization","@id":"https:\/\/sklep.edudomo.pl\/#organization","name":"EduDoMo","url":"https:\/\/sklep.edudomo.pl\/","logo":{"@type":"ImageObject","inLanguage":"en-GB","@id":"https:\/\/sklep.edudomo.pl\/#\/schema\/logo\/image\/","url":"https:\/\/sklep.edudomo.pl\/wp-content\/uploads\/2019\/11\/cropped-logo-edudomo-sowa.jpg","contentUrl":"https:\/\/sklep.edudomo.pl\/wp-content\/uploads\/2019\/11\/cropped-logo-edudomo-sowa.jpg","width":120,"height":120,"caption":"EduDoMo"},"image":{"@id":"https:\/\/sklep.edudomo.pl\/#\/schema\/logo\/image\/"}}]}},"jetpack_sharing_enabled":true,"_links":{"self":[{"href":"https:\/\/sklep.edudomo.pl\/en\/wp-json\/wp\/v2\/product\/10840","targetHints":{"allow":["GET"]}}],"collection":[{"href":"https:\/\/sklep.edudomo.pl\/en\/wp-json\/wp\/v2\/product"}],"about":[{"href":"https:\/\/sklep.edudomo.pl\/en\/wp-json\/wp\/v2\/types\/product"}],"replies":[{"embeddable":true,"href":"https:\/\/sklep.edudomo.pl\/en\/wp-json\/wp\/v2\/comments?post=10840"}],"wp:featuredmedia":[{"embeddable":true,"href":"https:\/\/sklep.edudomo.pl\/en\/wp-json\/wp\/v2\/media\/10841"}],"wp:attachment":[{"href":"https:\/\/sklep.edudomo.pl\/en\/wp-json\/wp\/v2\/media?parent=10840"}],"wp:term":[{"taxonomy":"product_brand","embeddable":true,"href":"https:\/\/sklep.edudomo.pl\/en\/wp-json\/wp\/v2\/product_brand?post=10840"},{"taxonomy":"product_cat","embeddable":true,"href":"https:\/\/sklep.edudomo.pl\/en\/wp-json\/wp\/v2\/product_cat?post=10840"},{"taxonomy":"product_tag","embeddable":true,"href":"https:\/\/sklep.edudomo.pl\/en\/wp-json\/wp\/v2\/product_tag?post=10840"}],"curies":[{"name":"wp","href":"https:\/\/api.w.org\/{rel}","templated":true}]}}