{"id":10869,"date":"2023-07-10T16:40:06","date_gmt":"2023-07-10T16:40:06","guid":{"rendered":"https:\/\/sklep.edudomo.pl\/?post_type=product&#038;p=10869"},"modified":"2025-11-25T16:46:01","modified_gmt":"2025-11-25T16:46:01","slug":"krakow-poradnia-eduprimo-logopeda-oligofrenopedagog-terapia-pedagogiczna-korepetycje","status":"publish","type":"product","link":"https:\/\/sklep.edudomo.pl\/en\/sklep\/krakow-poradnia-eduprimo-logopeda-oligofrenopedagog-terapia-pedagogiczna-korepetycje\/","title":{"rendered":"KRAK\u00d3W: PORADNIA EDUPRiMO -Logopeda, oligofrenopedagog, terapia pedagogiczna, korepetycje"},"content":{"rendered":"<p>Niepubliczna Specjalistyczna Poradnia Psychologiczno- Pedagogiczna oferuje pomoc specjalist\u00f3w takich jak:<\/p>\n<p>Logopeda, oligofrenopedagog, terapia pedagogiczna, korepetycje, nauka czytania<\/p>\n<p>Poradnia realizuje bezp\u0142atne zaj\u0119cia w ramach Wczesnego Wspomagania Rozwoju Dziecka<\/p>\n<p>&nbsp;<\/p>\n<p>Krak\u00f3w. ul Sodowas34b, 30-376<\/p>\n<p>tel 696852797<\/p>\n<p>&nbsp;<\/p>\n","protected":false},"excerpt":{"rendered":"<p>Niepubliczna Specjalistyczna Poradnia Psychologiczno- Pedagogiczna oferuje pomoc specjalist\u00f3w takich jak: Logopeda, oligofrenopedagog, terapia pedagogiczna, korepetycje, nauka czytania Poradnia realizuje bezp\u0142atne zaj\u0119cia w ramach Wczesnego Wspomagania Rozwoju Dziecka &nbsp; Krak\u00f3w. ul Sodowas34b, 30-376 tel 696852797 &nbsp;<\/p>\n","protected":false},"featured_media":10871,"comment_status":"open","ping_status":"closed","template":"","meta":[],"product_brand":[],"product_cat":[],"product_tag":[],"class_list":{"0":"post-10869","1":"product","2":"type-product","3":"status-publish","4":"has-post-thumbnail","7":"first","8":"onbackorder","9":"purchasable","10":"product-type-simple"},"yoast_head":"<!-- This site is optimized with the Yoast SEO plugin v26.5 - https:\/\/yoast.com\/wordpress\/plugins\/seo\/ -->\n<title>KRAK\u00d3W: PORADNIA EDUPRiMO -Logopeda, oligofrenopedagog, terapia pedagogiczna, korepetycje<\/title>\n<meta name=\"description\" content=\"Niepubliczna Specjalistyczna Poradnia Psychologiczno- Pedagogiczna oferuje pomoc specjalist\u00f3w takich jak:Logopeda, oligofrenopedagog, terapia pedagogiczna, korepetycje, nauka czytania. Poradnia realizuje bezp\u0142atne zaj\u0119cia w ramach Wczesnego Wspomagania Rozwoju Dziecka: WWRD\" \/>\n<meta name=\"robots\" content=\"index, follow, max-snippet:-1, max-image-preview:large, max-video-preview:-1\" \/>\n<link rel=\"canonical\" href=\"https:\/\/sklep.edudomo.pl\/en\/sklep\/krakow-poradnia-eduprimo-logopeda-oligofrenopedagog-terapia-pedagogiczna-korepetycje\/\" \/>\n<meta property=\"og:locale\" content=\"en_GB\" \/>\n<meta property=\"og:locale:alternate\" content=\"pl_PL\" \/>\n<meta property=\"og:type\" content=\"article\" \/>\n<meta property=\"og:title\" content=\"KRAK\u00d3W: PORADNIA EDUPRiMO -Logopeda, oligofrenopedagog, terapia pedagogiczna, korepetycje\" \/>\n<meta property=\"og:description\" content=\"Niepubliczna Specjalistyczna Poradnia Psychologiczno- Pedagogiczna oferuje pomoc specjalist\u00f3w takich jak:Logopeda, oligofrenopedagog, terapia pedagogiczna, korepetycje, nauka czytania. Poradnia realizuje bezp\u0142atne zaj\u0119cia w ramach Wczesnego Wspomagania Rozwoju Dziecka: WWRD\" \/>\n<meta property=\"og:url\" content=\"https:\/\/sklep.edudomo.pl\/en\/sklep\/krakow-poradnia-eduprimo-logopeda-oligofrenopedagog-terapia-pedagogiczna-korepetycje\/\" \/>\n<meta property=\"og:site_name\" content=\"sklep EduDoMo\" \/>\n<meta property=\"article:modified_time\" content=\"2025-11-25T16:46:01+00:00\" \/>\n<meta property=\"og:image\" content=\"https:\/\/sklep.edudomo.pl\/wp-content\/uploads\/2023\/07\/D8512A23-B46E-47A4-B20F-B2E8134CBCB3.jpg\" \/>\n\t<meta property=\"og:image:width\" content=\"1162\" \/>\n\t<meta property=\"og:image:height\" content=\"1332\" \/>\n\t<meta property=\"og:image:type\" content=\"image\/jpeg\" \/>\n<meta name=\"twitter:card\" content=\"summary_large_image\" \/>\n<meta name=\"twitter:label1\" content=\"Estimated reading time\" \/>\n\t<meta name=\"twitter:data1\" content=\"1 minute\" \/>\n<script type=\"application\/ld+json\" class=\"yoast-schema-graph\">{\"@context\":\"https:\/\/schema.org\",\"@graph\":[{\"@type\":\"WebPage\",\"@id\":\"https:\/\/sklep.edudomo.pl\/sklep\/krakow-poradnia-eduprimo-logopeda-oligofrenopedagog-terapia-pedagogiczna-korepetycje\/\",\"url\":\"https:\/\/sklep.edudomo.pl\/sklep\/krakow-poradnia-eduprimo-logopeda-oligofrenopedagog-terapia-pedagogiczna-korepetycje\/\",\"name\":\"KRAK\u00d3W: PORADNIA EDUPRiMO -Logopeda, oligofrenopedagog, terapia pedagogiczna, korepetycje\",\"isPartOf\":{\"@id\":\"https:\/\/sklep.edudomo.pl\/#website\"},\"primaryImageOfPage\":{\"@id\":\"https:\/\/sklep.edudomo.pl\/sklep\/krakow-poradnia-eduprimo-logopeda-oligofrenopedagog-terapia-pedagogiczna-korepetycje\/#primaryimage\"},\"image\":{\"@id\":\"https:\/\/sklep.edudomo.pl\/sklep\/krakow-poradnia-eduprimo-logopeda-oligofrenopedagog-terapia-pedagogiczna-korepetycje\/#primaryimage\"},\"thumbnailUrl\":\"https:\/\/sklep.edudomo.pl\/wp-content\/uploads\/2023\/07\/D8512A23-B46E-47A4-B20F-B2E8134CBCB3.jpg\",\"datePublished\":\"2023-07-10T16:40:06+00:00\",\"dateModified\":\"2025-11-25T16:46:01+00:00\",\"description\":\"Niepubliczna Specjalistyczna Poradnia Psychologiczno- Pedagogiczna oferuje pomoc specjalist\u00f3w takich jak:Logopeda, oligofrenopedagog, terapia pedagogiczna, korepetycje, nauka czytania. Poradnia realizuje bezp\u0142atne zaj\u0119cia w ramach Wczesnego Wspomagania Rozwoju Dziecka: WWRD\",\"breadcrumb\":{\"@id\":\"https:\/\/sklep.edudomo.pl\/sklep\/krakow-poradnia-eduprimo-logopeda-oligofrenopedagog-terapia-pedagogiczna-korepetycje\/#breadcrumb\"},\"inLanguage\":\"en-GB\",\"potentialAction\":[{\"@type\":\"ReadAction\",\"target\":[\"https:\/\/sklep.edudomo.pl\/sklep\/krakow-poradnia-eduprimo-logopeda-oligofrenopedagog-terapia-pedagogiczna-korepetycje\/\"]}]},{\"@type\":\"ImageObject\",\"inLanguage\":\"en-GB\",\"@id\":\"https:\/\/sklep.edudomo.pl\/sklep\/krakow-poradnia-eduprimo-logopeda-oligofrenopedagog-terapia-pedagogiczna-korepetycje\/#primaryimage\",\"url\":\"https:\/\/sklep.edudomo.pl\/wp-content\/uploads\/2023\/07\/D8512A23-B46E-47A4-B20F-B2E8134CBCB3.jpg\",\"contentUrl\":\"https:\/\/sklep.edudomo.pl\/wp-content\/uploads\/2023\/07\/D8512A23-B46E-47A4-B20F-B2E8134CBCB3.jpg\",\"width\":1162,\"height\":1332,\"caption\":\"niepubliczna specjalistyczna poradnia szko\u0142a talent\u00f3w eduprimo\"},{\"@type\":\"BreadcrumbList\",\"@id\":\"https:\/\/sklep.edudomo.pl\/sklep\/krakow-poradnia-eduprimo-logopeda-oligofrenopedagog-terapia-pedagogiczna-korepetycje\/#breadcrumb\",\"itemListElement\":[{\"@type\":\"ListItem\",\"position\":1,\"name\":\"Strona g\u0142\u00f3wna\",\"item\":\"https:\/\/sklep.edudomo.pl\/\"},{\"@type\":\"ListItem\",\"position\":2,\"name\":\"Sklep\",\"item\":\"https:\/\/sklep.edudomo.pl\/\"},{\"@type\":\"ListItem\",\"position\":3,\"name\":\"KRAK\u00d3W: PORADNIA EDUPRiMO -Logopeda, oligofrenopedagog, terapia pedagogiczna, korepetycje\"}]},{\"@type\":\"WebSite\",\"@id\":\"https:\/\/sklep.edudomo.pl\/#website\",\"url\":\"https:\/\/sklep.edudomo.pl\/\",\"name\":\"sklep EduDoMo\",\"description\":\"Edukacja Domowa. Terapia. Wspieranie Talent&oacute;w\",\"publisher\":{\"@id\":\"https:\/\/sklep.edudomo.pl\/#organization\"},\"potentialAction\":[{\"@type\":\"SearchAction\",\"target\":{\"@type\":\"EntryPoint\",\"urlTemplate\":\"https:\/\/sklep.edudomo.pl\/?s={search_term_string}\"},\"query-input\":{\"@type\":\"PropertyValueSpecification\",\"valueRequired\":true,\"valueName\":\"search_term_string\"}}],\"inLanguage\":\"en-GB\"},{\"@type\":\"Organization\",\"@id\":\"https:\/\/sklep.edudomo.pl\/#organization\",\"name\":\"EduDoMo\",\"url\":\"https:\/\/sklep.edudomo.pl\/\",\"logo\":{\"@type\":\"ImageObject\",\"inLanguage\":\"en-GB\",\"@id\":\"https:\/\/sklep.edudomo.pl\/#\/schema\/logo\/image\/\",\"url\":\"https:\/\/sklep.edudomo.pl\/wp-content\/uploads\/2019\/11\/cropped-logo-edudomo-sowa.jpg\",\"contentUrl\":\"https:\/\/sklep.edudomo.pl\/wp-content\/uploads\/2019\/11\/cropped-logo-edudomo-sowa.jpg\",\"width\":120,\"height\":120,\"caption\":\"EduDoMo\"},\"image\":{\"@id\":\"https:\/\/sklep.edudomo.pl\/#\/schema\/logo\/image\/\"}}]}<\/script>\n<!-- \/ Yoast SEO plugin. -->","yoast_head_json":{"title":"KRAK\u00d3W: PORADNIA EDUPRiMO -Logopeda, oligofrenopedagog, terapia pedagogiczna, korepetycje","description":"Niepubliczna Specjalistyczna Poradnia Psychologiczno- Pedagogiczna oferuje pomoc specjalist\u00f3w takich jak:Logopeda, oligofrenopedagog, terapia pedagogiczna, korepetycje, nauka czytania. Poradnia realizuje bezp\u0142atne zaj\u0119cia w ramach Wczesnego Wspomagania Rozwoju Dziecka: WWRD","robots":{"index":"index","follow":"follow","max-snippet":"max-snippet:-1","max-image-preview":"max-image-preview:large","max-video-preview":"max-video-preview:-1"},"canonical":"https:\/\/sklep.edudomo.pl\/en\/sklep\/krakow-poradnia-eduprimo-logopeda-oligofrenopedagog-terapia-pedagogiczna-korepetycje\/","og_locale":"en_GB","og_type":"article","og_title":"[:pl]KRAK\u00d3W: PORADNIA EDUPRiMO -Logopeda, oligofrenopedagog, terapia pedagogiczna, korepetycje[:] - sklep EduDoMo","og_description":"Niepubliczna Specjalistyczna Poradnia Psychologiczno- Pedagogiczna oferuje pomoc specjalist\u00f3w takich jak:Logopeda, oligofrenopedagog, terapia pedagogiczna, korepetycje, nauka czytania. Poradnia realizuje bezp\u0142atne zaj\u0119cia w ramach Wczesnego Wspomagania Rozwoju Dziecka: WWRD","og_url":"https:\/\/sklep.edudomo.pl\/en\/sklep\/krakow-poradnia-eduprimo-logopeda-oligofrenopedagog-terapia-pedagogiczna-korepetycje\/","og_site_name":"sklep EduDoMo","article_modified_time":"2025-11-25T16:46:01+00:00","og_image":[{"width":1162,"height":1332,"url":"https:\/\/sklep.edudomo.pl\/wp-content\/uploads\/2023\/07\/D8512A23-B46E-47A4-B20F-B2E8134CBCB3.jpg","type":"image\/jpeg"}],"twitter_card":"summary_large_image","twitter_misc":{"Estimated reading time":"1 minute"},"schema":{"@context":"https:\/\/schema.org","@graph":[{"@type":"WebPage","@id":"https:\/\/sklep.edudomo.pl\/sklep\/krakow-poradnia-eduprimo-logopeda-oligofrenopedagog-terapia-pedagogiczna-korepetycje\/","url":"https:\/\/sklep.edudomo.pl\/sklep\/krakow-poradnia-eduprimo-logopeda-oligofrenopedagog-terapia-pedagogiczna-korepetycje\/","name":"KRAK\u00d3W: PORADNIA EDUPRiMO -Logopeda, oligofrenopedagog, terapia pedagogiczna, korepetycje","isPartOf":{"@id":"https:\/\/sklep.edudomo.pl\/#website"},"primaryImageOfPage":{"@id":"https:\/\/sklep.edudomo.pl\/sklep\/krakow-poradnia-eduprimo-logopeda-oligofrenopedagog-terapia-pedagogiczna-korepetycje\/#primaryimage"},"image":{"@id":"https:\/\/sklep.edudomo.pl\/sklep\/krakow-poradnia-eduprimo-logopeda-oligofrenopedagog-terapia-pedagogiczna-korepetycje\/#primaryimage"},"thumbnailUrl":"https:\/\/sklep.edudomo.pl\/wp-content\/uploads\/2023\/07\/D8512A23-B46E-47A4-B20F-B2E8134CBCB3.jpg","datePublished":"2023-07-10T16:40:06+00:00","dateModified":"2025-11-25T16:46:01+00:00","description":"Niepubliczna Specjalistyczna Poradnia Psychologiczno- Pedagogiczna oferuje pomoc specjalist\u00f3w takich jak:Logopeda, oligofrenopedagog, terapia pedagogiczna, korepetycje, nauka czytania. Poradnia realizuje bezp\u0142atne zaj\u0119cia w ramach Wczesnego Wspomagania Rozwoju Dziecka: WWRD","breadcrumb":{"@id":"https:\/\/sklep.edudomo.pl\/sklep\/krakow-poradnia-eduprimo-logopeda-oligofrenopedagog-terapia-pedagogiczna-korepetycje\/#breadcrumb"},"inLanguage":"en-GB","potentialAction":[{"@type":"ReadAction","target":["https:\/\/sklep.edudomo.pl\/sklep\/krakow-poradnia-eduprimo-logopeda-oligofrenopedagog-terapia-pedagogiczna-korepetycje\/"]}]},{"@type":"ImageObject","inLanguage":"en-GB","@id":"https:\/\/sklep.edudomo.pl\/sklep\/krakow-poradnia-eduprimo-logopeda-oligofrenopedagog-terapia-pedagogiczna-korepetycje\/#primaryimage","url":"https:\/\/sklep.edudomo.pl\/wp-content\/uploads\/2023\/07\/D8512A23-B46E-47A4-B20F-B2E8134CBCB3.jpg","contentUrl":"https:\/\/sklep.edudomo.pl\/wp-content\/uploads\/2023\/07\/D8512A23-B46E-47A4-B20F-B2E8134CBCB3.jpg","width":1162,"height":1332,"caption":"niepubliczna specjalistyczna poradnia szko\u0142a talent\u00f3w eduprimo"},{"@type":"BreadcrumbList","@id":"https:\/\/sklep.edudomo.pl\/sklep\/krakow-poradnia-eduprimo-logopeda-oligofrenopedagog-terapia-pedagogiczna-korepetycje\/#breadcrumb","itemListElement":[{"@type":"ListItem","position":1,"name":"Strona g\u0142\u00f3wna","item":"https:\/\/sklep.edudomo.pl\/"},{"@type":"ListItem","position":2,"name":"Sklep","item":"https:\/\/sklep.edudomo.pl\/"},{"@type":"ListItem","position":3,"name":"KRAK\u00d3W: PORADNIA EDUPRiMO -Logopeda, oligofrenopedagog, terapia pedagogiczna, korepetycje"}]},{"@type":"WebSite","@id":"https:\/\/sklep.edudomo.pl\/#website","url":"https:\/\/sklep.edudomo.pl\/","name":"sklep EduDoMo","description":"Edukacja Domowa. Terapia. Wspieranie Talent&oacute;w","publisher":{"@id":"https:\/\/sklep.edudomo.pl\/#organization"},"potentialAction":[{"@type":"SearchAction","target":{"@type":"EntryPoint","urlTemplate":"https:\/\/sklep.edudomo.pl\/?s={search_term_string}"},"query-input":{"@type":"PropertyValueSpecification","valueRequired":true,"valueName":"search_term_string"}}],"inLanguage":"en-GB"},{"@type":"Organization","@id":"https:\/\/sklep.edudomo.pl\/#organization","name":"EduDoMo","url":"https:\/\/sklep.edudomo.pl\/","logo":{"@type":"ImageObject","inLanguage":"en-GB","@id":"https:\/\/sklep.edudomo.pl\/#\/schema\/logo\/image\/","url":"https:\/\/sklep.edudomo.pl\/wp-content\/uploads\/2019\/11\/cropped-logo-edudomo-sowa.jpg","contentUrl":"https:\/\/sklep.edudomo.pl\/wp-content\/uploads\/2019\/11\/cropped-logo-edudomo-sowa.jpg","width":120,"height":120,"caption":"EduDoMo"},"image":{"@id":"https:\/\/sklep.edudomo.pl\/#\/schema\/logo\/image\/"}}]}},"jetpack_sharing_enabled":true,"_links":{"self":[{"href":"https:\/\/sklep.edudomo.pl\/en\/wp-json\/wp\/v2\/product\/10869","targetHints":{"allow":["GET"]}}],"collection":[{"href":"https:\/\/sklep.edudomo.pl\/en\/wp-json\/wp\/v2\/product"}],"about":[{"href":"https:\/\/sklep.edudomo.pl\/en\/wp-json\/wp\/v2\/types\/product"}],"replies":[{"embeddable":true,"href":"https:\/\/sklep.edudomo.pl\/en\/wp-json\/wp\/v2\/comments?post=10869"}],"wp:featuredmedia":[{"embeddable":true,"href":"https:\/\/sklep.edudomo.pl\/en\/wp-json\/wp\/v2\/media\/10871"}],"wp:attachment":[{"href":"https:\/\/sklep.edudomo.pl\/en\/wp-json\/wp\/v2\/media?parent=10869"}],"wp:term":[{"taxonomy":"product_brand","embeddable":true,"href":"https:\/\/sklep.edudomo.pl\/en\/wp-json\/wp\/v2\/product_brand?post=10869"},{"taxonomy":"product_cat","embeddable":true,"href":"https:\/\/sklep.edudomo.pl\/en\/wp-json\/wp\/v2\/product_cat?post=10869"},{"taxonomy":"product_tag","embeddable":true,"href":"https:\/\/sklep.edudomo.pl\/en\/wp-json\/wp\/v2\/product_tag?post=10869"}],"curies":[{"name":"wp","href":"https:\/\/api.w.org\/{rel}","templated":true}]}}