{"id":11175,"date":"2023-11-11T14:25:44","date_gmt":"2023-11-11T14:25:44","guid":{"rendered":"https:\/\/sklep.edudomo.pl\/?post_type=product&#038;p=11175"},"modified":"2025-11-25T16:45:11","modified_gmt":"2025-11-25T16:45:11","slug":"pomaranczowy-przyslowek","status":"publish","type":"product","link":"https:\/\/sklep.edudomo.pl\/en\/sklep\/pomaranczowy-przyslowek\/","title":{"rendered":"Pomara\u0144czowy przys\u0142\u00f3wek."},"content":{"rendered":"<p><strong>Pomara\u0144czowy przys\u0142\u00f3wek. \u00a0Rodzaje przys\u0142\u00f3wk\u00f3w<\/strong><\/p>\n<p>Uk\u0142adanka o wymiarach 20cmx20cm, kt\u00f3ra przedstawia ko\u0142o podzielone na cz\u0119\u015bci.<\/p>\n<p>Pomara\u0144czowe elementy, kt\u00f3re nale\u017cy u\u0142o\u017cy\u0107 to cz\u0119\u015bci z zapisanymi przyk\u0142adami przys\u0142\u00f3wk\u00f3w, kt\u00f3re nak\u0142ada si\u0119 na poszczeg\u00f3lnych miejsca opisane pytaniami oraz nazwami ze wzgl\u0119du na ich rodzaj.<\/p>\n<p>Kontrol\u0105 b\u0142\u0119du jest prawid\u0142owe u\u0142o\u017cenie puzzli.<\/p>\n<p>\u017bycz\u0119 mi\u0142ej zabawy,<\/p>\n<p>autor,\u00a0 Joanna Dubiecka- Zabierzowska<\/p>\n","protected":false},"excerpt":{"rendered":"<p>Pomara\u0144czowy przys\u0142\u00f3wek. \u00a0Rodzaje przys\u0142\u00f3wk\u00f3w Uk\u0142adanka o wymiarach 20cmx20cm, kt\u00f3ra przedstawia ko\u0142o podzielone na cz\u0119\u015bci. Pomara\u0144czowe elementy, kt\u00f3re nale\u017cy u\u0142o\u017cy\u0107 to cz\u0119\u015bci z zapisanymi przyk\u0142adami przys\u0142\u00f3wk\u00f3w, kt\u00f3re nak\u0142ada si\u0119 na poszczeg\u00f3lnych miejsca opisane pytaniami oraz nazwami ze wzgl\u0119du na ich rodzaj. Kontrol\u0105 b\u0142\u0119du jest prawid\u0142owe u\u0142o\u017cenie puzzli. \u017bycz\u0119 mi\u0142ej zabawy, autor,\u00a0 Joanna Dubiecka- Zabierzowska<\/p>\n","protected":false},"featured_media":11181,"comment_status":"open","ping_status":"closed","template":"","meta":[],"product_brand":[],"product_cat":[136,88,86],"product_tag":[],"class_list":{"0":"post-11175","1":"product","2":"type-product","3":"status-publish","4":"has-post-thumbnail","6":"product_cat-logopedia","7":"product_cat-material-jezykowy","8":"product_cat-material-sensoryczny","9":"product_shipping_class-inpost-kurier-a","11":"first","12":"onbackorder","13":"taxable","14":"shipping-taxable","15":"purchasable","16":"product-type-simple"},"yoast_head":"<!-- This site is optimized with the Yoast SEO plugin v26.5 - https:\/\/yoast.com\/wordpress\/plugins\/seo\/ -->\n<title>Pomara\u0144czowy przys\u0142\u00f3wek.<\/title>\n<meta name=\"robots\" content=\"index, follow, max-snippet:-1, max-image-preview:large, max-video-preview:-1\" \/>\n<link rel=\"canonical\" href=\"https:\/\/sklep.edudomo.pl\/en\/sklep\/pomaranczowy-przyslowek\/\" \/>\n<meta property=\"og:locale\" content=\"en_GB\" \/>\n<meta property=\"og:locale:alternate\" content=\"pl_PL\" \/>\n<meta property=\"og:type\" content=\"article\" \/>\n<meta property=\"og:title\" content=\"Pomara\u0144czowy przys\u0142\u00f3wek.\" \/>\n<meta property=\"og:description\" content=\"Pomara\u0144czowy przys\u0142\u00f3wek. \u00a0Rodzaje przys\u0142\u00f3wk\u00f3w Uk\u0142adanka o wymiarach 20cmx20cm, kt\u00f3ra przedstawia ko\u0142o podzielone na cz\u0119\u015bci. Pomara\u0144czowe elementy, kt\u00f3re nale\u017cy u\u0142o\u017cy\u0107 to cz\u0119\u015bci z zapisanymi przyk\u0142adami przys\u0142\u00f3wk\u00f3w, kt\u00f3re nak\u0142ada si\u0119 na poszczeg\u00f3lnych miejsca opisane pytaniami oraz nazwami ze wzgl\u0119du na ich rodzaj. Kontrol\u0105 b\u0142\u0119du jest prawid\u0142owe u\u0142o\u017cenie puzzli. \u017bycz\u0119 mi\u0142ej zabawy, autor,\u00a0 Joanna Dubiecka- Zabierzowska\" \/>\n<meta property=\"og:url\" content=\"https:\/\/sklep.edudomo.pl\/en\/sklep\/pomaranczowy-przyslowek\/\" \/>\n<meta property=\"og:site_name\" content=\"sklep EduDoMo\" \/>\n<meta property=\"article:modified_time\" content=\"2025-11-25T16:45:11+00:00\" \/>\n<meta property=\"og:image\" content=\"https:\/\/sklep.edudomo.pl\/wp-content\/uploads\/2023\/11\/IMG_0966.jpeg\" \/>\n\t<meta property=\"og:image:width\" content=\"2029\" \/>\n\t<meta property=\"og:image:height\" content=\"2195\" \/>\n\t<meta property=\"og:image:type\" content=\"image\/jpeg\" \/>\n<meta name=\"twitter:card\" content=\"summary_large_image\" \/>\n<meta name=\"twitter:label1\" content=\"Estimated reading time\" \/>\n\t<meta name=\"twitter:data1\" content=\"1 minute\" \/>\n<script type=\"application\/ld+json\" class=\"yoast-schema-graph\">{\"@context\":\"https:\/\/schema.org\",\"@graph\":[{\"@type\":\"WebPage\",\"@id\":\"https:\/\/sklep.edudomo.pl\/sklep\/pomaranczowy-przyslowek\/\",\"url\":\"https:\/\/sklep.edudomo.pl\/sklep\/pomaranczowy-przyslowek\/\",\"name\":\"Pomara\u0144czowy przys\u0142\u00f3wek.\",\"isPartOf\":{\"@id\":\"https:\/\/sklep.edudomo.pl\/#website\"},\"primaryImageOfPage\":{\"@id\":\"https:\/\/sklep.edudomo.pl\/sklep\/pomaranczowy-przyslowek\/#primaryimage\"},\"image\":{\"@id\":\"https:\/\/sklep.edudomo.pl\/sklep\/pomaranczowy-przyslowek\/#primaryimage\"},\"thumbnailUrl\":\"https:\/\/sklep.edudomo.pl\/wp-content\/uploads\/2023\/11\/IMG_0966.jpeg\",\"datePublished\":\"2023-11-11T14:25:44+00:00\",\"dateModified\":\"2025-11-25T16:45:11+00:00\",\"breadcrumb\":{\"@id\":\"https:\/\/sklep.edudomo.pl\/sklep\/pomaranczowy-przyslowek\/#breadcrumb\"},\"inLanguage\":\"en-GB\",\"potentialAction\":[{\"@type\":\"ReadAction\",\"target\":[\"https:\/\/sklep.edudomo.pl\/sklep\/pomaranczowy-przyslowek\/\"]}]},{\"@type\":\"ImageObject\",\"inLanguage\":\"en-GB\",\"@id\":\"https:\/\/sklep.edudomo.pl\/sklep\/pomaranczowy-przyslowek\/#primaryimage\",\"url\":\"https:\/\/sklep.edudomo.pl\/wp-content\/uploads\/2023\/11\/IMG_0966.jpeg\",\"contentUrl\":\"https:\/\/sklep.edudomo.pl\/wp-content\/uploads\/2023\/11\/IMG_0966.jpeg\",\"width\":2029,\"height\":2195},{\"@type\":\"BreadcrumbList\",\"@id\":\"https:\/\/sklep.edudomo.pl\/sklep\/pomaranczowy-przyslowek\/#breadcrumb\",\"itemListElement\":[{\"@type\":\"ListItem\",\"position\":1,\"name\":\"Strona g\u0142\u00f3wna\",\"item\":\"https:\/\/sklep.edudomo.pl\/\"},{\"@type\":\"ListItem\",\"position\":2,\"name\":\"Sklep\",\"item\":\"https:\/\/sklep.edudomo.pl\/\"},{\"@type\":\"ListItem\",\"position\":3,\"name\":\"Pomara\u0144czowy przys\u0142\u00f3wek.\"}]},{\"@type\":\"WebSite\",\"@id\":\"https:\/\/sklep.edudomo.pl\/#website\",\"url\":\"https:\/\/sklep.edudomo.pl\/\",\"name\":\"sklep EduDoMo\",\"description\":\"Edukacja Domowa. Terapia. Wspieranie Talent&oacute;w\",\"publisher\":{\"@id\":\"https:\/\/sklep.edudomo.pl\/#organization\"},\"potentialAction\":[{\"@type\":\"SearchAction\",\"target\":{\"@type\":\"EntryPoint\",\"urlTemplate\":\"https:\/\/sklep.edudomo.pl\/?s={search_term_string}\"},\"query-input\":{\"@type\":\"PropertyValueSpecification\",\"valueRequired\":true,\"valueName\":\"search_term_string\"}}],\"inLanguage\":\"en-GB\"},{\"@type\":\"Organization\",\"@id\":\"https:\/\/sklep.edudomo.pl\/#organization\",\"name\":\"EduDoMo\",\"url\":\"https:\/\/sklep.edudomo.pl\/\",\"logo\":{\"@type\":\"ImageObject\",\"inLanguage\":\"en-GB\",\"@id\":\"https:\/\/sklep.edudomo.pl\/#\/schema\/logo\/image\/\",\"url\":\"https:\/\/sklep.edudomo.pl\/wp-content\/uploads\/2019\/11\/cropped-logo-edudomo-sowa.jpg\",\"contentUrl\":\"https:\/\/sklep.edudomo.pl\/wp-content\/uploads\/2019\/11\/cropped-logo-edudomo-sowa.jpg\",\"width\":120,\"height\":120,\"caption\":\"EduDoMo\"},\"image\":{\"@id\":\"https:\/\/sklep.edudomo.pl\/#\/schema\/logo\/image\/\"}}]}<\/script>\n<!-- \/ Yoast SEO plugin. -->","yoast_head_json":{"title":"Pomara\u0144czowy przys\u0142\u00f3wek.","robots":{"index":"index","follow":"follow","max-snippet":"max-snippet:-1","max-image-preview":"max-image-preview:large","max-video-preview":"max-video-preview:-1"},"canonical":"https:\/\/sklep.edudomo.pl\/en\/sklep\/pomaranczowy-przyslowek\/","og_locale":"en_GB","og_type":"article","og_title":"[:pl]Pomara\u0144czowy przys\u0142\u00f3wek.[:en]Pomara\u0144czowy przys\u0142\u00f3wek.[:] - sklep EduDoMo","og_description":"Pomara\u0144czowy przys\u0142\u00f3wek. \u00a0Rodzaje przys\u0142\u00f3wk\u00f3w Uk\u0142adanka o wymiarach 20cmx20cm, kt\u00f3ra przedstawia ko\u0142o podzielone na cz\u0119\u015bci. Pomara\u0144czowe elementy, kt\u00f3re nale\u017cy u\u0142o\u017cy\u0107 to cz\u0119\u015bci z zapisanymi przyk\u0142adami przys\u0142\u00f3wk\u00f3w, kt\u00f3re nak\u0142ada si\u0119 na poszczeg\u00f3lnych miejsca opisane pytaniami oraz nazwami ze wzgl\u0119du na ich rodzaj. Kontrol\u0105 b\u0142\u0119du jest prawid\u0142owe u\u0142o\u017cenie puzzli. \u017bycz\u0119 mi\u0142ej zabawy, autor,\u00a0 Joanna Dubiecka- Zabierzowska","og_url":"https:\/\/sklep.edudomo.pl\/en\/sklep\/pomaranczowy-przyslowek\/","og_site_name":"sklep EduDoMo","article_modified_time":"2025-11-25T16:45:11+00:00","og_image":[{"width":2029,"height":2195,"url":"https:\/\/sklep.edudomo.pl\/wp-content\/uploads\/2023\/11\/IMG_0966.jpeg","type":"image\/jpeg"}],"twitter_card":"summary_large_image","twitter_misc":{"Estimated reading time":"1 minute"},"schema":{"@context":"https:\/\/schema.org","@graph":[{"@type":"WebPage","@id":"https:\/\/sklep.edudomo.pl\/sklep\/pomaranczowy-przyslowek\/","url":"https:\/\/sklep.edudomo.pl\/sklep\/pomaranczowy-przyslowek\/","name":"Pomara\u0144czowy przys\u0142\u00f3wek.","isPartOf":{"@id":"https:\/\/sklep.edudomo.pl\/#website"},"primaryImageOfPage":{"@id":"https:\/\/sklep.edudomo.pl\/sklep\/pomaranczowy-przyslowek\/#primaryimage"},"image":{"@id":"https:\/\/sklep.edudomo.pl\/sklep\/pomaranczowy-przyslowek\/#primaryimage"},"thumbnailUrl":"https:\/\/sklep.edudomo.pl\/wp-content\/uploads\/2023\/11\/IMG_0966.jpeg","datePublished":"2023-11-11T14:25:44+00:00","dateModified":"2025-11-25T16:45:11+00:00","breadcrumb":{"@id":"https:\/\/sklep.edudomo.pl\/sklep\/pomaranczowy-przyslowek\/#breadcrumb"},"inLanguage":"en-GB","potentialAction":[{"@type":"ReadAction","target":["https:\/\/sklep.edudomo.pl\/sklep\/pomaranczowy-przyslowek\/"]}]},{"@type":"ImageObject","inLanguage":"en-GB","@id":"https:\/\/sklep.edudomo.pl\/sklep\/pomaranczowy-przyslowek\/#primaryimage","url":"https:\/\/sklep.edudomo.pl\/wp-content\/uploads\/2023\/11\/IMG_0966.jpeg","contentUrl":"https:\/\/sklep.edudomo.pl\/wp-content\/uploads\/2023\/11\/IMG_0966.jpeg","width":2029,"height":2195},{"@type":"BreadcrumbList","@id":"https:\/\/sklep.edudomo.pl\/sklep\/pomaranczowy-przyslowek\/#breadcrumb","itemListElement":[{"@type":"ListItem","position":1,"name":"Strona g\u0142\u00f3wna","item":"https:\/\/sklep.edudomo.pl\/"},{"@type":"ListItem","position":2,"name":"Sklep","item":"https:\/\/sklep.edudomo.pl\/"},{"@type":"ListItem","position":3,"name":"Pomara\u0144czowy przys\u0142\u00f3wek."}]},{"@type":"WebSite","@id":"https:\/\/sklep.edudomo.pl\/#website","url":"https:\/\/sklep.edudomo.pl\/","name":"sklep EduDoMo","description":"Edukacja Domowa. Terapia. Wspieranie Talent&oacute;w","publisher":{"@id":"https:\/\/sklep.edudomo.pl\/#organization"},"potentialAction":[{"@type":"SearchAction","target":{"@type":"EntryPoint","urlTemplate":"https:\/\/sklep.edudomo.pl\/?s={search_term_string}"},"query-input":{"@type":"PropertyValueSpecification","valueRequired":true,"valueName":"search_term_string"}}],"inLanguage":"en-GB"},{"@type":"Organization","@id":"https:\/\/sklep.edudomo.pl\/#organization","name":"EduDoMo","url":"https:\/\/sklep.edudomo.pl\/","logo":{"@type":"ImageObject","inLanguage":"en-GB","@id":"https:\/\/sklep.edudomo.pl\/#\/schema\/logo\/image\/","url":"https:\/\/sklep.edudomo.pl\/wp-content\/uploads\/2019\/11\/cropped-logo-edudomo-sowa.jpg","contentUrl":"https:\/\/sklep.edudomo.pl\/wp-content\/uploads\/2019\/11\/cropped-logo-edudomo-sowa.jpg","width":120,"height":120,"caption":"EduDoMo"},"image":{"@id":"https:\/\/sklep.edudomo.pl\/#\/schema\/logo\/image\/"}}]}},"jetpack_sharing_enabled":true,"_links":{"self":[{"href":"https:\/\/sklep.edudomo.pl\/en\/wp-json\/wp\/v2\/product\/11175","targetHints":{"allow":["GET"]}}],"collection":[{"href":"https:\/\/sklep.edudomo.pl\/en\/wp-json\/wp\/v2\/product"}],"about":[{"href":"https:\/\/sklep.edudomo.pl\/en\/wp-json\/wp\/v2\/types\/product"}],"replies":[{"embeddable":true,"href":"https:\/\/sklep.edudomo.pl\/en\/wp-json\/wp\/v2\/comments?post=11175"}],"wp:featuredmedia":[{"embeddable":true,"href":"https:\/\/sklep.edudomo.pl\/en\/wp-json\/wp\/v2\/media\/11181"}],"wp:attachment":[{"href":"https:\/\/sklep.edudomo.pl\/en\/wp-json\/wp\/v2\/media?parent=11175"}],"wp:term":[{"taxonomy":"product_brand","embeddable":true,"href":"https:\/\/sklep.edudomo.pl\/en\/wp-json\/wp\/v2\/product_brand?post=11175"},{"taxonomy":"product_cat","embeddable":true,"href":"https:\/\/sklep.edudomo.pl\/en\/wp-json\/wp\/v2\/product_cat?post=11175"},{"taxonomy":"product_tag","embeddable":true,"href":"https:\/\/sklep.edudomo.pl\/en\/wp-json\/wp\/v2\/product_tag?post=11175"}],"curies":[{"name":"wp","href":"https:\/\/api.w.org\/{rel}","templated":true}]}}