{"id":14331,"date":"2025-02-09T10:37:44","date_gmt":"2025-02-09T10:37:44","guid":{"rendered":"https:\/\/sklep.edudomo.pl\/?post_type=product&#038;p=14331"},"modified":"2025-11-25T16:40:21","modified_gmt":"2025-11-25T16:40:21","slug":"zolta-ulica-nieskonczonosci-11-domkow-2","status":"publish","type":"product","link":"https:\/\/sklep.edudomo.pl\/en\/sklep\/zolta-ulica-nieskonczonosci-11-domkow-2\/","title":{"rendered":"\u017b\u00f3\u0142ta ulica niesko\u0144czono\u015bci EduDoMo &#8211; 11 domk\u00f3w"},"content":{"rendered":"<p>\u017b\u00f3\u0142ta ulica niesko\u0144czono\u015bci &#8211; 11 domk\u00f3w<\/p>\n<p>&#8211; produkt Montessori, nie posiada instrukcji<\/p>\n","protected":false},"excerpt":{"rendered":"<p>\u017b\u00f3\u0142ta ulica niesko\u0144czono\u015bci &#8211; 11 domk\u00f3w &#8211; produkt Montessori, nie posiada instrukcji<\/p>\n","protected":false},"featured_media":14323,"comment_status":"open","ping_status":"closed","template":"","meta":[],"product_brand":[],"product_cat":[85],"product_tag":[],"class_list":{"0":"post-14331","1":"product","2":"type-product","3":"status-publish","4":"has-post-thumbnail","6":"product_cat-eukacja-matematyczna","7":"product_shipping_class-inpost-kurier-a","9":"first","10":"onbackorder","11":"taxable","12":"shipping-taxable","13":"purchasable","14":"product-type-simple"},"yoast_head":"<!-- This site is optimized with the Yoast SEO plugin v26.5 - https:\/\/yoast.com\/wordpress\/plugins\/seo\/ -->\n<title>\u017b\u00f3\u0142ta ulica niesko\u0144czono\u015bci EduDoMo - 11 domk\u00f3w<\/title>\n<meta name=\"robots\" content=\"index, follow, max-snippet:-1, max-image-preview:large, max-video-preview:-1\" \/>\n<link rel=\"canonical\" href=\"https:\/\/sklep.edudomo.pl\/en\/sklep\/zolta-ulica-nieskonczonosci-11-domkow-2\/\" \/>\n<meta property=\"og:locale\" content=\"en_GB\" \/>\n<meta property=\"og:locale:alternate\" content=\"pl_PL\" \/>\n<meta property=\"og:type\" content=\"article\" \/>\n<meta property=\"og:title\" content=\"\u017b\u00f3\u0142ta ulica niesko\u0144czono\u015bci EduDoMo - 11 domk\u00f3w\" \/>\n<meta property=\"og:description\" content=\"\u017b\u00f3\u0142ta ulica niesko\u0144czono\u015bci &#8211; 11 domk\u00f3w &#8211; produkt Montessori, nie posiada instrukcji\" \/>\n<meta property=\"og:url\" content=\"https:\/\/sklep.edudomo.pl\/en\/sklep\/zolta-ulica-nieskonczonosci-11-domkow-2\/\" \/>\n<meta property=\"og:site_name\" content=\"sklep EduDoMo\" \/>\n<meta property=\"article:modified_time\" content=\"2025-11-25T16:40:21+00:00\" \/>\n<meta property=\"og:image\" content=\"https:\/\/sklep.edudomo.pl\/wp-content\/uploads\/2025\/02\/IMG_6108-scaled.jpeg\" \/>\n\t<meta property=\"og:image:width\" content=\"2124\" \/>\n\t<meta property=\"og:image:height\" content=\"2560\" \/>\n\t<meta property=\"og:image:type\" content=\"image\/jpeg\" \/>\n<meta name=\"twitter:card\" content=\"summary_large_image\" \/>\n<meta name=\"twitter:label1\" content=\"Estimated reading time\" \/>\n\t<meta name=\"twitter:data1\" content=\"1 minute\" \/>\n<script type=\"application\/ld+json\" class=\"yoast-schema-graph\">{\"@context\":\"https:\/\/schema.org\",\"@graph\":[{\"@type\":\"WebPage\",\"@id\":\"https:\/\/sklep.edudomo.pl\/sklep\/zolta-ulica-nieskonczonosci-11-domkow-2\/\",\"url\":\"https:\/\/sklep.edudomo.pl\/sklep\/zolta-ulica-nieskonczonosci-11-domkow-2\/\",\"name\":\"\u017b\u00f3\u0142ta ulica niesko\u0144czono\u015bci EduDoMo - 11 domk\u00f3w\",\"isPartOf\":{\"@id\":\"https:\/\/sklep.edudomo.pl\/#website\"},\"primaryImageOfPage\":{\"@id\":\"https:\/\/sklep.edudomo.pl\/sklep\/zolta-ulica-nieskonczonosci-11-domkow-2\/#primaryimage\"},\"image\":{\"@id\":\"https:\/\/sklep.edudomo.pl\/sklep\/zolta-ulica-nieskonczonosci-11-domkow-2\/#primaryimage\"},\"thumbnailUrl\":\"https:\/\/sklep.edudomo.pl\/wp-content\/uploads\/2025\/02\/IMG_6108-scaled.jpeg\",\"datePublished\":\"2025-02-09T10:37:44+00:00\",\"dateModified\":\"2025-11-25T16:40:21+00:00\",\"breadcrumb\":{\"@id\":\"https:\/\/sklep.edudomo.pl\/sklep\/zolta-ulica-nieskonczonosci-11-domkow-2\/#breadcrumb\"},\"inLanguage\":\"en-GB\",\"potentialAction\":[{\"@type\":\"ReadAction\",\"target\":[\"https:\/\/sklep.edudomo.pl\/sklep\/zolta-ulica-nieskonczonosci-11-domkow-2\/\"]}]},{\"@type\":\"ImageObject\",\"inLanguage\":\"en-GB\",\"@id\":\"https:\/\/sklep.edudomo.pl\/sklep\/zolta-ulica-nieskonczonosci-11-domkow-2\/#primaryimage\",\"url\":\"https:\/\/sklep.edudomo.pl\/wp-content\/uploads\/2025\/02\/IMG_6108-scaled.jpeg\",\"contentUrl\":\"https:\/\/sklep.edudomo.pl\/wp-content\/uploads\/2025\/02\/IMG_6108-scaled.jpeg\",\"width\":2124,\"height\":2560,\"caption\":\"\u017b\u00f3\u0142ta ulica niesko\u0144czono\u015bci - 11 domk\u00f3w - produkt Montessori, nie posiada instrukcji\"},{\"@type\":\"BreadcrumbList\",\"@id\":\"https:\/\/sklep.edudomo.pl\/sklep\/zolta-ulica-nieskonczonosci-11-domkow-2\/#breadcrumb\",\"itemListElement\":[{\"@type\":\"ListItem\",\"position\":1,\"name\":\"Strona g\u0142\u00f3wna\",\"item\":\"https:\/\/sklep.edudomo.pl\/\"},{\"@type\":\"ListItem\",\"position\":2,\"name\":\"Sklep\",\"item\":\"https:\/\/sklep.edudomo.pl\/\"},{\"@type\":\"ListItem\",\"position\":3,\"name\":\"\u017b\u00f3\u0142ta ulica niesko\u0144czono\u015bci EduDoMo &#8211; 11 domk\u00f3w\"}]},{\"@type\":\"WebSite\",\"@id\":\"https:\/\/sklep.edudomo.pl\/#website\",\"url\":\"https:\/\/sklep.edudomo.pl\/\",\"name\":\"sklep EduDoMo\",\"description\":\"Edukacja Domowa. Terapia. Wspieranie Talent&oacute;w\",\"publisher\":{\"@id\":\"https:\/\/sklep.edudomo.pl\/#organization\"},\"potentialAction\":[{\"@type\":\"SearchAction\",\"target\":{\"@type\":\"EntryPoint\",\"urlTemplate\":\"https:\/\/sklep.edudomo.pl\/?s={search_term_string}\"},\"query-input\":{\"@type\":\"PropertyValueSpecification\",\"valueRequired\":true,\"valueName\":\"search_term_string\"}}],\"inLanguage\":\"en-GB\"},{\"@type\":\"Organization\",\"@id\":\"https:\/\/sklep.edudomo.pl\/#organization\",\"name\":\"EduDoMo\",\"url\":\"https:\/\/sklep.edudomo.pl\/\",\"logo\":{\"@type\":\"ImageObject\",\"inLanguage\":\"en-GB\",\"@id\":\"https:\/\/sklep.edudomo.pl\/#\/schema\/logo\/image\/\",\"url\":\"https:\/\/sklep.edudomo.pl\/wp-content\/uploads\/2019\/11\/cropped-logo-edudomo-sowa.jpg\",\"contentUrl\":\"https:\/\/sklep.edudomo.pl\/wp-content\/uploads\/2019\/11\/cropped-logo-edudomo-sowa.jpg\",\"width\":120,\"height\":120,\"caption\":\"EduDoMo\"},\"image\":{\"@id\":\"https:\/\/sklep.edudomo.pl\/#\/schema\/logo\/image\/\"}}]}<\/script>\n<!-- \/ Yoast SEO plugin. -->","yoast_head_json":{"title":"\u017b\u00f3\u0142ta ulica niesko\u0144czono\u015bci EduDoMo - 11 domk\u00f3w","robots":{"index":"index","follow":"follow","max-snippet":"max-snippet:-1","max-image-preview":"max-image-preview:large","max-video-preview":"max-video-preview:-1"},"canonical":"https:\/\/sklep.edudomo.pl\/en\/sklep\/zolta-ulica-nieskonczonosci-11-domkow-2\/","og_locale":"en_GB","og_type":"article","og_title":"[:pl]\u017b\u00f3\u0142ta ulica niesko\u0144czono\u015bci EduDoMo - 11 domk\u00f3w[:] - sklep EduDoMo","og_description":"\u017b\u00f3\u0142ta ulica niesko\u0144czono\u015bci &#8211; 11 domk\u00f3w &#8211; produkt Montessori, nie posiada instrukcji","og_url":"https:\/\/sklep.edudomo.pl\/en\/sklep\/zolta-ulica-nieskonczonosci-11-domkow-2\/","og_site_name":"sklep EduDoMo","article_modified_time":"2025-11-25T16:40:21+00:00","og_image":[{"width":2124,"height":2560,"url":"https:\/\/sklep.edudomo.pl\/wp-content\/uploads\/2025\/02\/IMG_6108-scaled.jpeg","type":"image\/jpeg"}],"twitter_card":"summary_large_image","twitter_misc":{"Estimated reading time":"1 minute"},"schema":{"@context":"https:\/\/schema.org","@graph":[{"@type":"WebPage","@id":"https:\/\/sklep.edudomo.pl\/sklep\/zolta-ulica-nieskonczonosci-11-domkow-2\/","url":"https:\/\/sklep.edudomo.pl\/sklep\/zolta-ulica-nieskonczonosci-11-domkow-2\/","name":"\u017b\u00f3\u0142ta ulica niesko\u0144czono\u015bci EduDoMo - 11 domk\u00f3w","isPartOf":{"@id":"https:\/\/sklep.edudomo.pl\/#website"},"primaryImageOfPage":{"@id":"https:\/\/sklep.edudomo.pl\/sklep\/zolta-ulica-nieskonczonosci-11-domkow-2\/#primaryimage"},"image":{"@id":"https:\/\/sklep.edudomo.pl\/sklep\/zolta-ulica-nieskonczonosci-11-domkow-2\/#primaryimage"},"thumbnailUrl":"https:\/\/sklep.edudomo.pl\/wp-content\/uploads\/2025\/02\/IMG_6108-scaled.jpeg","datePublished":"2025-02-09T10:37:44+00:00","dateModified":"2025-11-25T16:40:21+00:00","breadcrumb":{"@id":"https:\/\/sklep.edudomo.pl\/sklep\/zolta-ulica-nieskonczonosci-11-domkow-2\/#breadcrumb"},"inLanguage":"en-GB","potentialAction":[{"@type":"ReadAction","target":["https:\/\/sklep.edudomo.pl\/sklep\/zolta-ulica-nieskonczonosci-11-domkow-2\/"]}]},{"@type":"ImageObject","inLanguage":"en-GB","@id":"https:\/\/sklep.edudomo.pl\/sklep\/zolta-ulica-nieskonczonosci-11-domkow-2\/#primaryimage","url":"https:\/\/sklep.edudomo.pl\/wp-content\/uploads\/2025\/02\/IMG_6108-scaled.jpeg","contentUrl":"https:\/\/sklep.edudomo.pl\/wp-content\/uploads\/2025\/02\/IMG_6108-scaled.jpeg","width":2124,"height":2560,"caption":"\u017b\u00f3\u0142ta ulica niesko\u0144czono\u015bci - 11 domk\u00f3w - produkt Montessori, nie posiada instrukcji"},{"@type":"BreadcrumbList","@id":"https:\/\/sklep.edudomo.pl\/sklep\/zolta-ulica-nieskonczonosci-11-domkow-2\/#breadcrumb","itemListElement":[{"@type":"ListItem","position":1,"name":"Strona g\u0142\u00f3wna","item":"https:\/\/sklep.edudomo.pl\/"},{"@type":"ListItem","position":2,"name":"Sklep","item":"https:\/\/sklep.edudomo.pl\/"},{"@type":"ListItem","position":3,"name":"\u017b\u00f3\u0142ta ulica niesko\u0144czono\u015bci EduDoMo &#8211; 11 domk\u00f3w"}]},{"@type":"WebSite","@id":"https:\/\/sklep.edudomo.pl\/#website","url":"https:\/\/sklep.edudomo.pl\/","name":"sklep EduDoMo","description":"Edukacja Domowa. Terapia. Wspieranie Talent&oacute;w","publisher":{"@id":"https:\/\/sklep.edudomo.pl\/#organization"},"potentialAction":[{"@type":"SearchAction","target":{"@type":"EntryPoint","urlTemplate":"https:\/\/sklep.edudomo.pl\/?s={search_term_string}"},"query-input":{"@type":"PropertyValueSpecification","valueRequired":true,"valueName":"search_term_string"}}],"inLanguage":"en-GB"},{"@type":"Organization","@id":"https:\/\/sklep.edudomo.pl\/#organization","name":"EduDoMo","url":"https:\/\/sklep.edudomo.pl\/","logo":{"@type":"ImageObject","inLanguage":"en-GB","@id":"https:\/\/sklep.edudomo.pl\/#\/schema\/logo\/image\/","url":"https:\/\/sklep.edudomo.pl\/wp-content\/uploads\/2019\/11\/cropped-logo-edudomo-sowa.jpg","contentUrl":"https:\/\/sklep.edudomo.pl\/wp-content\/uploads\/2019\/11\/cropped-logo-edudomo-sowa.jpg","width":120,"height":120,"caption":"EduDoMo"},"image":{"@id":"https:\/\/sklep.edudomo.pl\/#\/schema\/logo\/image\/"}}]}},"jetpack_sharing_enabled":true,"_links":{"self":[{"href":"https:\/\/sklep.edudomo.pl\/en\/wp-json\/wp\/v2\/product\/14331","targetHints":{"allow":["GET"]}}],"collection":[{"href":"https:\/\/sklep.edudomo.pl\/en\/wp-json\/wp\/v2\/product"}],"about":[{"href":"https:\/\/sklep.edudomo.pl\/en\/wp-json\/wp\/v2\/types\/product"}],"replies":[{"embeddable":true,"href":"https:\/\/sklep.edudomo.pl\/en\/wp-json\/wp\/v2\/comments?post=14331"}],"wp:featuredmedia":[{"embeddable":true,"href":"https:\/\/sklep.edudomo.pl\/en\/wp-json\/wp\/v2\/media\/14323"}],"wp:attachment":[{"href":"https:\/\/sklep.edudomo.pl\/en\/wp-json\/wp\/v2\/media?parent=14331"}],"wp:term":[{"taxonomy":"product_brand","embeddable":true,"href":"https:\/\/sklep.edudomo.pl\/en\/wp-json\/wp\/v2\/product_brand?post=14331"},{"taxonomy":"product_cat","embeddable":true,"href":"https:\/\/sklep.edudomo.pl\/en\/wp-json\/wp\/v2\/product_cat?post=14331"},{"taxonomy":"product_tag","embeddable":true,"href":"https:\/\/sklep.edudomo.pl\/en\/wp-json\/wp\/v2\/product_tag?post=14331"}],"curies":[{"name":"wp","href":"https:\/\/api.w.org\/{rel}","templated":true}]}}