{"id":14355,"date":"2025-02-09T16:07:41","date_gmt":"2025-02-09T16:07:41","guid":{"rendered":"https:\/\/sklep.edudomo.pl\/?post_type=product&#038;p=14355"},"modified":"2025-11-25T16:40:05","modified_gmt":"2025-11-25T16:40:05","slug":"ulica-nieskonczonosci-puzzle-edudomo","status":"publish","type":"product","link":"https:\/\/sklep.edudomo.pl\/en\/sklep\/ulica-nieskonczonosci-puzzle-edudomo\/","title":{"rendered":"Ulica niesko\u0144czono\u015bci -puzzle EduDoMo"},"content":{"rendered":"<p>Ulica niesko\u0144czono\u015bci -puzzle EduDoMo<\/p>\n<ul>\n<li>istnieje mo\u017cliwo\u015b\u0107 zmiany lub braku napisu &#8211; wystarczy podczas zam\u00f3wienia wpisa\u0107 uwag\u0119 w formularzu<\/li>\n<\/ul>\n","protected":false},"excerpt":{"rendered":"<p>Ulica niesko\u0144czono\u015bci -puzzle EduDoMo istnieje mo\u017cliwo\u015b\u0107 zmiany lub braku napisu &#8211; wystarczy podczas zam\u00f3wienia wpisa\u0107 uwag\u0119 w formularzu<\/p>\n","protected":false},"featured_media":14357,"comment_status":"open","ping_status":"closed","template":"","meta":[],"product_brand":[],"product_cat":[85],"product_tag":[],"class_list":{"0":"post-14355","1":"product","2":"type-product","3":"status-publish","4":"has-post-thumbnail","6":"product_cat-eukacja-matematyczna","7":"product_shipping_class-inpost-kurier-a","9":"first","10":"onbackorder","11":"taxable","12":"shipping-taxable","13":"purchasable","14":"product-type-simple"},"yoast_head":"<!-- This site is optimized with the Yoast SEO plugin v26.5 - https:\/\/yoast.com\/wordpress\/plugins\/seo\/ -->\n<title>Ulica niesko\u0144czono\u015bci -puzzle EduDoMo<\/title>\n<meta name=\"robots\" content=\"index, follow, max-snippet:-1, max-image-preview:large, max-video-preview:-1\" \/>\n<link rel=\"canonical\" href=\"https:\/\/sklep.edudomo.pl\/en\/sklep\/ulica-nieskonczonosci-puzzle-edudomo\/\" \/>\n<meta property=\"og:locale\" content=\"en_GB\" \/>\n<meta property=\"og:locale:alternate\" content=\"pl_PL\" \/>\n<meta property=\"og:type\" content=\"article\" \/>\n<meta property=\"og:title\" content=\"Ulica niesko\u0144czono\u015bci -puzzle EduDoMo\" \/>\n<meta property=\"og:description\" content=\"Ulica niesko\u0144czono\u015bci -puzzle EduDoMo istnieje mo\u017cliwo\u015b\u0107 zmiany lub braku napisu &#8211; wystarczy podczas zam\u00f3wienia wpisa\u0107 uwag\u0119 w formularzu\" \/>\n<meta property=\"og:url\" content=\"https:\/\/sklep.edudomo.pl\/en\/sklep\/ulica-nieskonczonosci-puzzle-edudomo\/\" \/>\n<meta property=\"og:site_name\" content=\"sklep EduDoMo\" \/>\n<meta property=\"article:modified_time\" content=\"2025-11-25T16:40:05+00:00\" \/>\n<meta property=\"og:image\" content=\"https:\/\/sklep.edudomo.pl\/wp-content\/uploads\/2025\/02\/IMG_6118.jpeg\" \/>\n\t<meta property=\"og:image:width\" content=\"2334\" \/>\n\t<meta property=\"og:image:height\" content=\"2286\" \/>\n\t<meta property=\"og:image:type\" content=\"image\/jpeg\" \/>\n<meta name=\"twitter:card\" content=\"summary_large_image\" \/>\n<meta name=\"twitter:label1\" content=\"Estimated reading time\" \/>\n\t<meta name=\"twitter:data1\" content=\"1 minute\" \/>\n<script type=\"application\/ld+json\" class=\"yoast-schema-graph\">{\"@context\":\"https:\/\/schema.org\",\"@graph\":[{\"@type\":\"WebPage\",\"@id\":\"https:\/\/sklep.edudomo.pl\/sklep\/ulica-nieskonczonosci-puzzle-edudomo\/\",\"url\":\"https:\/\/sklep.edudomo.pl\/sklep\/ulica-nieskonczonosci-puzzle-edudomo\/\",\"name\":\"Ulica niesko\u0144czono\u015bci -puzzle EduDoMo\",\"isPartOf\":{\"@id\":\"https:\/\/sklep.edudomo.pl\/#website\"},\"primaryImageOfPage\":{\"@id\":\"https:\/\/sklep.edudomo.pl\/sklep\/ulica-nieskonczonosci-puzzle-edudomo\/#primaryimage\"},\"image\":{\"@id\":\"https:\/\/sklep.edudomo.pl\/sklep\/ulica-nieskonczonosci-puzzle-edudomo\/#primaryimage\"},\"thumbnailUrl\":\"https:\/\/sklep.edudomo.pl\/wp-content\/uploads\/2025\/02\/IMG_6118.jpeg\",\"datePublished\":\"2025-02-09T16:07:41+00:00\",\"dateModified\":\"2025-11-25T16:40:05+00:00\",\"breadcrumb\":{\"@id\":\"https:\/\/sklep.edudomo.pl\/sklep\/ulica-nieskonczonosci-puzzle-edudomo\/#breadcrumb\"},\"inLanguage\":\"en-GB\",\"potentialAction\":[{\"@type\":\"ReadAction\",\"target\":[\"https:\/\/sklep.edudomo.pl\/sklep\/ulica-nieskonczonosci-puzzle-edudomo\/\"]}]},{\"@type\":\"ImageObject\",\"inLanguage\":\"en-GB\",\"@id\":\"https:\/\/sklep.edudomo.pl\/sklep\/ulica-nieskonczonosci-puzzle-edudomo\/#primaryimage\",\"url\":\"https:\/\/sklep.edudomo.pl\/wp-content\/uploads\/2025\/02\/IMG_6118.jpeg\",\"contentUrl\":\"https:\/\/sklep.edudomo.pl\/wp-content\/uploads\/2025\/02\/IMG_6118.jpeg\",\"width\":2334,\"height\":2286},{\"@type\":\"BreadcrumbList\",\"@id\":\"https:\/\/sklep.edudomo.pl\/sklep\/ulica-nieskonczonosci-puzzle-edudomo\/#breadcrumb\",\"itemListElement\":[{\"@type\":\"ListItem\",\"position\":1,\"name\":\"Strona g\u0142\u00f3wna\",\"item\":\"https:\/\/sklep.edudomo.pl\/\"},{\"@type\":\"ListItem\",\"position\":2,\"name\":\"Sklep\",\"item\":\"https:\/\/sklep.edudomo.pl\/\"},{\"@type\":\"ListItem\",\"position\":3,\"name\":\"Ulica niesko\u0144czono\u015bci -puzzle EduDoMo\"}]},{\"@type\":\"WebSite\",\"@id\":\"https:\/\/sklep.edudomo.pl\/#website\",\"url\":\"https:\/\/sklep.edudomo.pl\/\",\"name\":\"sklep EduDoMo\",\"description\":\"Edukacja Domowa. Terapia. Wspieranie Talent&oacute;w\",\"publisher\":{\"@id\":\"https:\/\/sklep.edudomo.pl\/#organization\"},\"potentialAction\":[{\"@type\":\"SearchAction\",\"target\":{\"@type\":\"EntryPoint\",\"urlTemplate\":\"https:\/\/sklep.edudomo.pl\/?s={search_term_string}\"},\"query-input\":{\"@type\":\"PropertyValueSpecification\",\"valueRequired\":true,\"valueName\":\"search_term_string\"}}],\"inLanguage\":\"en-GB\"},{\"@type\":\"Organization\",\"@id\":\"https:\/\/sklep.edudomo.pl\/#organization\",\"name\":\"EduDoMo\",\"url\":\"https:\/\/sklep.edudomo.pl\/\",\"logo\":{\"@type\":\"ImageObject\",\"inLanguage\":\"en-GB\",\"@id\":\"https:\/\/sklep.edudomo.pl\/#\/schema\/logo\/image\/\",\"url\":\"https:\/\/sklep.edudomo.pl\/wp-content\/uploads\/2019\/11\/cropped-logo-edudomo-sowa.jpg\",\"contentUrl\":\"https:\/\/sklep.edudomo.pl\/wp-content\/uploads\/2019\/11\/cropped-logo-edudomo-sowa.jpg\",\"width\":120,\"height\":120,\"caption\":\"EduDoMo\"},\"image\":{\"@id\":\"https:\/\/sklep.edudomo.pl\/#\/schema\/logo\/image\/\"}}]}<\/script>\n<!-- \/ Yoast SEO plugin. -->","yoast_head_json":{"title":"Ulica niesko\u0144czono\u015bci -puzzle EduDoMo","robots":{"index":"index","follow":"follow","max-snippet":"max-snippet:-1","max-image-preview":"max-image-preview:large","max-video-preview":"max-video-preview:-1"},"canonical":"https:\/\/sklep.edudomo.pl\/en\/sklep\/ulica-nieskonczonosci-puzzle-edudomo\/","og_locale":"en_GB","og_type":"article","og_title":"[:pl]Ulica niesko\u0144czono\u015bci -puzzle EduDoMo[:] - sklep EduDoMo","og_description":"Ulica niesko\u0144czono\u015bci -puzzle EduDoMo istnieje mo\u017cliwo\u015b\u0107 zmiany lub braku napisu &#8211; wystarczy podczas zam\u00f3wienia wpisa\u0107 uwag\u0119 w formularzu","og_url":"https:\/\/sklep.edudomo.pl\/en\/sklep\/ulica-nieskonczonosci-puzzle-edudomo\/","og_site_name":"sklep EduDoMo","article_modified_time":"2025-11-25T16:40:05+00:00","og_image":[{"width":2334,"height":2286,"url":"https:\/\/sklep.edudomo.pl\/wp-content\/uploads\/2025\/02\/IMG_6118.jpeg","type":"image\/jpeg"}],"twitter_card":"summary_large_image","twitter_misc":{"Estimated reading time":"1 minute"},"schema":{"@context":"https:\/\/schema.org","@graph":[{"@type":"WebPage","@id":"https:\/\/sklep.edudomo.pl\/sklep\/ulica-nieskonczonosci-puzzle-edudomo\/","url":"https:\/\/sklep.edudomo.pl\/sklep\/ulica-nieskonczonosci-puzzle-edudomo\/","name":"Ulica niesko\u0144czono\u015bci -puzzle EduDoMo","isPartOf":{"@id":"https:\/\/sklep.edudomo.pl\/#website"},"primaryImageOfPage":{"@id":"https:\/\/sklep.edudomo.pl\/sklep\/ulica-nieskonczonosci-puzzle-edudomo\/#primaryimage"},"image":{"@id":"https:\/\/sklep.edudomo.pl\/sklep\/ulica-nieskonczonosci-puzzle-edudomo\/#primaryimage"},"thumbnailUrl":"https:\/\/sklep.edudomo.pl\/wp-content\/uploads\/2025\/02\/IMG_6118.jpeg","datePublished":"2025-02-09T16:07:41+00:00","dateModified":"2025-11-25T16:40:05+00:00","breadcrumb":{"@id":"https:\/\/sklep.edudomo.pl\/sklep\/ulica-nieskonczonosci-puzzle-edudomo\/#breadcrumb"},"inLanguage":"en-GB","potentialAction":[{"@type":"ReadAction","target":["https:\/\/sklep.edudomo.pl\/sklep\/ulica-nieskonczonosci-puzzle-edudomo\/"]}]},{"@type":"ImageObject","inLanguage":"en-GB","@id":"https:\/\/sklep.edudomo.pl\/sklep\/ulica-nieskonczonosci-puzzle-edudomo\/#primaryimage","url":"https:\/\/sklep.edudomo.pl\/wp-content\/uploads\/2025\/02\/IMG_6118.jpeg","contentUrl":"https:\/\/sklep.edudomo.pl\/wp-content\/uploads\/2025\/02\/IMG_6118.jpeg","width":2334,"height":2286},{"@type":"BreadcrumbList","@id":"https:\/\/sklep.edudomo.pl\/sklep\/ulica-nieskonczonosci-puzzle-edudomo\/#breadcrumb","itemListElement":[{"@type":"ListItem","position":1,"name":"Strona g\u0142\u00f3wna","item":"https:\/\/sklep.edudomo.pl\/"},{"@type":"ListItem","position":2,"name":"Sklep","item":"https:\/\/sklep.edudomo.pl\/"},{"@type":"ListItem","position":3,"name":"Ulica niesko\u0144czono\u015bci -puzzle EduDoMo"}]},{"@type":"WebSite","@id":"https:\/\/sklep.edudomo.pl\/#website","url":"https:\/\/sklep.edudomo.pl\/","name":"sklep EduDoMo","description":"Edukacja Domowa. Terapia. Wspieranie Talent&oacute;w","publisher":{"@id":"https:\/\/sklep.edudomo.pl\/#organization"},"potentialAction":[{"@type":"SearchAction","target":{"@type":"EntryPoint","urlTemplate":"https:\/\/sklep.edudomo.pl\/?s={search_term_string}"},"query-input":{"@type":"PropertyValueSpecification","valueRequired":true,"valueName":"search_term_string"}}],"inLanguage":"en-GB"},{"@type":"Organization","@id":"https:\/\/sklep.edudomo.pl\/#organization","name":"EduDoMo","url":"https:\/\/sklep.edudomo.pl\/","logo":{"@type":"ImageObject","inLanguage":"en-GB","@id":"https:\/\/sklep.edudomo.pl\/#\/schema\/logo\/image\/","url":"https:\/\/sklep.edudomo.pl\/wp-content\/uploads\/2019\/11\/cropped-logo-edudomo-sowa.jpg","contentUrl":"https:\/\/sklep.edudomo.pl\/wp-content\/uploads\/2019\/11\/cropped-logo-edudomo-sowa.jpg","width":120,"height":120,"caption":"EduDoMo"},"image":{"@id":"https:\/\/sklep.edudomo.pl\/#\/schema\/logo\/image\/"}}]}},"jetpack_sharing_enabled":true,"_links":{"self":[{"href":"https:\/\/sklep.edudomo.pl\/en\/wp-json\/wp\/v2\/product\/14355","targetHints":{"allow":["GET"]}}],"collection":[{"href":"https:\/\/sklep.edudomo.pl\/en\/wp-json\/wp\/v2\/product"}],"about":[{"href":"https:\/\/sklep.edudomo.pl\/en\/wp-json\/wp\/v2\/types\/product"}],"replies":[{"embeddable":true,"href":"https:\/\/sklep.edudomo.pl\/en\/wp-json\/wp\/v2\/comments?post=14355"}],"wp:featuredmedia":[{"embeddable":true,"href":"https:\/\/sklep.edudomo.pl\/en\/wp-json\/wp\/v2\/media\/14357"}],"wp:attachment":[{"href":"https:\/\/sklep.edudomo.pl\/en\/wp-json\/wp\/v2\/media?parent=14355"}],"wp:term":[{"taxonomy":"product_brand","embeddable":true,"href":"https:\/\/sklep.edudomo.pl\/en\/wp-json\/wp\/v2\/product_brand?post=14355"},{"taxonomy":"product_cat","embeddable":true,"href":"https:\/\/sklep.edudomo.pl\/en\/wp-json\/wp\/v2\/product_cat?post=14355"},{"taxonomy":"product_tag","embeddable":true,"href":"https:\/\/sklep.edudomo.pl\/en\/wp-json\/wp\/v2\/product_tag?post=14355"}],"curies":[{"name":"wp","href":"https:\/\/api.w.org\/{rel}","templated":true}]}}