{"id":1630,"date":"2020-03-03T23:07:48","date_gmt":"2020-03-03T23:07:48","guid":{"rendered":"https:\/\/sklep.edudomo.pl\/?post_type=product&#038;p=1630"},"modified":"2025-11-25T17:35:25","modified_gmt":"2025-11-25T17:35:25","slug":"katomierz-edudomo","status":"publish","type":"product","link":"https:\/\/sklep.edudomo.pl\/en\/sklep\/katomierz-edudomo\/","title":{"rendered":"The EduDoMo protractor"},"content":{"rendered":"<p>The EduDoMo protractor is an excellent educational tool for learning through play. The objective is to understand what measuring angles is \u2013 the child is learning how to measure and set angles in a simple way.<\/p>\n<p>There are two strings with beads attached to the centre \u2013 put one of them on \u201c0\u201d. Use the second string to set angles.<\/p>\n<p>&nbsp;<\/p>\n<p>IT<\/p>\n<p>Il goniometro EduDoMo \u00e8 un eccellente dispositivo educativo per l&#8217;apprendimento attraverso il gioco. Lo scopo del gioco \u00e8 che il bambino capisca cosa significa misurare gli angoli. Il bambino impara facilmente a misurare e determinare gli angoli.<\/p>\n<p>Il goniometro ha un diametro di 27 cm condelle perline filettate su una cordicella rossa.<\/p>\n<p>&nbsp;<\/p>\n<p>EduDoMo vi augura buon divertimento<\/p>\n<p>&nbsp;<\/p>\n","protected":false},"excerpt":{"rendered":"<p>K\u0105tomierz EduDoMo, to znakomity edukacyjny przyrz\u0105d do nauki przez zabaw\u0119. Celem zabawy jest zrozumienie przez dziecko czym jest pomiar kat\u00f3w. Dziecko w prosty spos\u00f3b uczy si\u0119 mierzy\u0107 i wyznacza\u0107 k\u0105ty.<\/p>\n<p>K\u0105tomierz o \u015brednicy 27cm oraz przewleczone koraliki na czerwonym sznureczku.<\/p>\n","protected":false},"featured_media":2475,"comment_status":"open","ping_status":"closed","template":"","meta":[],"product_brand":[],"product_cat":[85],"product_tag":[47],"class_list":{"0":"post-1630","1":"product","2":"type-product","3":"status-publish","4":"has-post-thumbnail","6":"product_cat-eukacja-matematyczna","7":"product_tag-matematyka-katomierz-edudomo-pomiar-katy-miarka","8":"product_shipping_class-stawka-niska","10":"first","11":"onbackorder","12":"taxable","13":"shipping-taxable","14":"purchasable","15":"product-type-simple"},"yoast_head":"<!-- This site is optimized with the Yoast SEO plugin v26.5 - https:\/\/yoast.com\/wordpress\/plugins\/seo\/ -->\n<title>The EduDoMo protractor<\/title>\n<meta name=\"robots\" content=\"index, follow, max-snippet:-1, max-image-preview:large, max-video-preview:-1\" \/>\n<link rel=\"canonical\" href=\"https:\/\/sklep.edudomo.pl\/en\/sklep\/katomierz-edudomo\/\" \/>\n<meta property=\"og:locale\" content=\"en_GB\" \/>\n<meta property=\"og:locale:alternate\" content=\"pl_PL\" \/>\n<meta property=\"og:type\" content=\"article\" \/>\n<meta property=\"og:title\" content=\"The EduDoMo protractor\" \/>\n<meta property=\"og:description\" content=\"K\u0105tomierz EduDoMo, to znakomity edukacyjny przyrz\u0105d do nauki przez zabaw\u0119. Celem zabawy jest zrozumienie przez dziecko czym jest pomiar kat\u00f3w. Dziecko w prosty spos\u00f3b uczy si\u0119 mierzy\u0107 i wyznacza\u0107 k\u0105ty.  K\u0105tomierz o \u015brednicy 27cm oraz przewleczone koraliki na czerwonym sznureczku.\" \/>\n<meta property=\"og:url\" content=\"https:\/\/sklep.edudomo.pl\/en\/sklep\/katomierz-edudomo\/\" \/>\n<meta property=\"og:site_name\" content=\"sklep EduDoMo\" \/>\n<meta property=\"article:modified_time\" content=\"2025-11-25T17:35:25+00:00\" \/>\n<meta property=\"og:image\" content=\"https:\/\/sklep.edudomo.pl\/wp-content\/uploads\/2020\/03\/1596C3A3-68D5-445F-AB6B-813949821395.jpg\" \/>\n\t<meta property=\"og:image:width\" content=\"1055\" \/>\n\t<meta property=\"og:image:height\" content=\"1072\" \/>\n\t<meta property=\"og:image:type\" content=\"image\/jpeg\" \/>\n<meta name=\"twitter:card\" content=\"summary_large_image\" \/>\n<meta name=\"twitter:label1\" content=\"Estimated reading time\" \/>\n\t<meta name=\"twitter:data1\" content=\"1 minute\" \/>\n<script type=\"application\/ld+json\" class=\"yoast-schema-graph\">{\"@context\":\"https:\/\/schema.org\",\"@graph\":[{\"@type\":\"WebPage\",\"@id\":\"https:\/\/sklep.edudomo.pl\/sklep\/katomierz-edudomo\/\",\"url\":\"https:\/\/sklep.edudomo.pl\/sklep\/katomierz-edudomo\/\",\"name\":\"The EduDoMo protractor\",\"isPartOf\":{\"@id\":\"https:\/\/sklep.edudomo.pl\/#website\"},\"primaryImageOfPage\":{\"@id\":\"https:\/\/sklep.edudomo.pl\/sklep\/katomierz-edudomo\/#primaryimage\"},\"image\":{\"@id\":\"https:\/\/sklep.edudomo.pl\/sklep\/katomierz-edudomo\/#primaryimage\"},\"thumbnailUrl\":\"https:\/\/sklep.edudomo.pl\/wp-content\/uploads\/2020\/03\/1596C3A3-68D5-445F-AB6B-813949821395.jpg\",\"datePublished\":\"2020-03-03T23:07:48+00:00\",\"dateModified\":\"2025-11-25T17:35:25+00:00\",\"breadcrumb\":{\"@id\":\"https:\/\/sklep.edudomo.pl\/sklep\/katomierz-edudomo\/#breadcrumb\"},\"inLanguage\":\"en-GB\",\"potentialAction\":[{\"@type\":\"ReadAction\",\"target\":[\"https:\/\/sklep.edudomo.pl\/sklep\/katomierz-edudomo\/\"]}]},{\"@type\":\"ImageObject\",\"inLanguage\":\"en-GB\",\"@id\":\"https:\/\/sklep.edudomo.pl\/sklep\/katomierz-edudomo\/#primaryimage\",\"url\":\"https:\/\/sklep.edudomo.pl\/wp-content\/uploads\/2020\/03\/1596C3A3-68D5-445F-AB6B-813949821395.jpg\",\"contentUrl\":\"https:\/\/sklep.edudomo.pl\/wp-content\/uploads\/2020\/03\/1596C3A3-68D5-445F-AB6B-813949821395.jpg\",\"width\":1055,\"height\":1072,\"caption\":\"K\u0105tomierz EduDoMo\"},{\"@type\":\"BreadcrumbList\",\"@id\":\"https:\/\/sklep.edudomo.pl\/sklep\/katomierz-edudomo\/#breadcrumb\",\"itemListElement\":[{\"@type\":\"ListItem\",\"position\":1,\"name\":\"Strona g\u0142\u00f3wna\",\"item\":\"https:\/\/sklep.edudomo.pl\/\"},{\"@type\":\"ListItem\",\"position\":2,\"name\":\"Sklep\",\"item\":\"https:\/\/sklep.edudomo.pl\/\"},{\"@type\":\"ListItem\",\"position\":3,\"name\":\"The EduDoMo protractor\"}]},{\"@type\":\"WebSite\",\"@id\":\"https:\/\/sklep.edudomo.pl\/#website\",\"url\":\"https:\/\/sklep.edudomo.pl\/\",\"name\":\"sklep EduDoMo\",\"description\":\"Edukacja Domowa. Terapia. Wspieranie Talent&oacute;w\",\"publisher\":{\"@id\":\"https:\/\/sklep.edudomo.pl\/#organization\"},\"potentialAction\":[{\"@type\":\"SearchAction\",\"target\":{\"@type\":\"EntryPoint\",\"urlTemplate\":\"https:\/\/sklep.edudomo.pl\/?s={search_term_string}\"},\"query-input\":{\"@type\":\"PropertyValueSpecification\",\"valueRequired\":true,\"valueName\":\"search_term_string\"}}],\"inLanguage\":\"en-GB\"},{\"@type\":\"Organization\",\"@id\":\"https:\/\/sklep.edudomo.pl\/#organization\",\"name\":\"EduDoMo\",\"url\":\"https:\/\/sklep.edudomo.pl\/\",\"logo\":{\"@type\":\"ImageObject\",\"inLanguage\":\"en-GB\",\"@id\":\"https:\/\/sklep.edudomo.pl\/#\/schema\/logo\/image\/\",\"url\":\"https:\/\/sklep.edudomo.pl\/wp-content\/uploads\/2019\/11\/cropped-logo-edudomo-sowa.jpg\",\"contentUrl\":\"https:\/\/sklep.edudomo.pl\/wp-content\/uploads\/2019\/11\/cropped-logo-edudomo-sowa.jpg\",\"width\":120,\"height\":120,\"caption\":\"EduDoMo\"},\"image\":{\"@id\":\"https:\/\/sklep.edudomo.pl\/#\/schema\/logo\/image\/\"}}]}<\/script>\n<!-- \/ Yoast SEO plugin. -->","yoast_head_json":{"title":"The EduDoMo protractor","robots":{"index":"index","follow":"follow","max-snippet":"max-snippet:-1","max-image-preview":"max-image-preview:large","max-video-preview":"max-video-preview:-1"},"canonical":"https:\/\/sklep.edudomo.pl\/en\/sklep\/katomierz-edudomo\/","og_locale":"en_GB","og_type":"article","og_title":"[:pl]The EduDoMo protractor[:] - sklep EduDoMo","og_description":"K\u0105tomierz EduDoMo, to znakomity edukacyjny przyrz\u0105d do nauki przez zabaw\u0119. Celem zabawy jest zrozumienie przez dziecko czym jest pomiar kat\u00f3w. Dziecko w prosty spos\u00f3b uczy si\u0119 mierzy\u0107 i wyznacza\u0107 k\u0105ty.  K\u0105tomierz o \u015brednicy 27cm oraz przewleczone koraliki na czerwonym sznureczku.","og_url":"https:\/\/sklep.edudomo.pl\/en\/sklep\/katomierz-edudomo\/","og_site_name":"sklep EduDoMo","article_modified_time":"2025-11-25T17:35:25+00:00","og_image":[{"width":1055,"height":1072,"url":"https:\/\/sklep.edudomo.pl\/wp-content\/uploads\/2020\/03\/1596C3A3-68D5-445F-AB6B-813949821395.jpg","type":"image\/jpeg"}],"twitter_card":"summary_large_image","twitter_misc":{"Estimated reading time":"1 minute"},"schema":{"@context":"https:\/\/schema.org","@graph":[{"@type":"WebPage","@id":"https:\/\/sklep.edudomo.pl\/sklep\/katomierz-edudomo\/","url":"https:\/\/sklep.edudomo.pl\/sklep\/katomierz-edudomo\/","name":"The EduDoMo protractor","isPartOf":{"@id":"https:\/\/sklep.edudomo.pl\/#website"},"primaryImageOfPage":{"@id":"https:\/\/sklep.edudomo.pl\/sklep\/katomierz-edudomo\/#primaryimage"},"image":{"@id":"https:\/\/sklep.edudomo.pl\/sklep\/katomierz-edudomo\/#primaryimage"},"thumbnailUrl":"https:\/\/sklep.edudomo.pl\/wp-content\/uploads\/2020\/03\/1596C3A3-68D5-445F-AB6B-813949821395.jpg","datePublished":"2020-03-03T23:07:48+00:00","dateModified":"2025-11-25T17:35:25+00:00","breadcrumb":{"@id":"https:\/\/sklep.edudomo.pl\/sklep\/katomierz-edudomo\/#breadcrumb"},"inLanguage":"en-GB","potentialAction":[{"@type":"ReadAction","target":["https:\/\/sklep.edudomo.pl\/sklep\/katomierz-edudomo\/"]}]},{"@type":"ImageObject","inLanguage":"en-GB","@id":"https:\/\/sklep.edudomo.pl\/sklep\/katomierz-edudomo\/#primaryimage","url":"https:\/\/sklep.edudomo.pl\/wp-content\/uploads\/2020\/03\/1596C3A3-68D5-445F-AB6B-813949821395.jpg","contentUrl":"https:\/\/sklep.edudomo.pl\/wp-content\/uploads\/2020\/03\/1596C3A3-68D5-445F-AB6B-813949821395.jpg","width":1055,"height":1072,"caption":"K\u0105tomierz EduDoMo"},{"@type":"BreadcrumbList","@id":"https:\/\/sklep.edudomo.pl\/sklep\/katomierz-edudomo\/#breadcrumb","itemListElement":[{"@type":"ListItem","position":1,"name":"Strona g\u0142\u00f3wna","item":"https:\/\/sklep.edudomo.pl\/"},{"@type":"ListItem","position":2,"name":"Sklep","item":"https:\/\/sklep.edudomo.pl\/"},{"@type":"ListItem","position":3,"name":"The EduDoMo protractor"}]},{"@type":"WebSite","@id":"https:\/\/sklep.edudomo.pl\/#website","url":"https:\/\/sklep.edudomo.pl\/","name":"sklep EduDoMo","description":"Edukacja Domowa. Terapia. Wspieranie Talent&oacute;w","publisher":{"@id":"https:\/\/sklep.edudomo.pl\/#organization"},"potentialAction":[{"@type":"SearchAction","target":{"@type":"EntryPoint","urlTemplate":"https:\/\/sklep.edudomo.pl\/?s={search_term_string}"},"query-input":{"@type":"PropertyValueSpecification","valueRequired":true,"valueName":"search_term_string"}}],"inLanguage":"en-GB"},{"@type":"Organization","@id":"https:\/\/sklep.edudomo.pl\/#organization","name":"EduDoMo","url":"https:\/\/sklep.edudomo.pl\/","logo":{"@type":"ImageObject","inLanguage":"en-GB","@id":"https:\/\/sklep.edudomo.pl\/#\/schema\/logo\/image\/","url":"https:\/\/sklep.edudomo.pl\/wp-content\/uploads\/2019\/11\/cropped-logo-edudomo-sowa.jpg","contentUrl":"https:\/\/sklep.edudomo.pl\/wp-content\/uploads\/2019\/11\/cropped-logo-edudomo-sowa.jpg","width":120,"height":120,"caption":"EduDoMo"},"image":{"@id":"https:\/\/sklep.edudomo.pl\/#\/schema\/logo\/image\/"}}]}},"jetpack_sharing_enabled":true,"_links":{"self":[{"href":"https:\/\/sklep.edudomo.pl\/en\/wp-json\/wp\/v2\/product\/1630","targetHints":{"allow":["GET"]}}],"collection":[{"href":"https:\/\/sklep.edudomo.pl\/en\/wp-json\/wp\/v2\/product"}],"about":[{"href":"https:\/\/sklep.edudomo.pl\/en\/wp-json\/wp\/v2\/types\/product"}],"replies":[{"embeddable":true,"href":"https:\/\/sklep.edudomo.pl\/en\/wp-json\/wp\/v2\/comments?post=1630"}],"wp:featuredmedia":[{"embeddable":true,"href":"https:\/\/sklep.edudomo.pl\/en\/wp-json\/wp\/v2\/media\/2475"}],"wp:attachment":[{"href":"https:\/\/sklep.edudomo.pl\/en\/wp-json\/wp\/v2\/media?parent=1630"}],"wp:term":[{"taxonomy":"product_brand","embeddable":true,"href":"https:\/\/sklep.edudomo.pl\/en\/wp-json\/wp\/v2\/product_brand?post=1630"},{"taxonomy":"product_cat","embeddable":true,"href":"https:\/\/sklep.edudomo.pl\/en\/wp-json\/wp\/v2\/product_cat?post=1630"},{"taxonomy":"product_tag","embeddable":true,"href":"https:\/\/sklep.edudomo.pl\/en\/wp-json\/wp\/v2\/product_tag?post=1630"}],"curies":[{"name":"wp","href":"https:\/\/api.w.org\/{rel}","templated":true}]}}