{"id":1691,"date":"2020-03-07T19:02:50","date_gmt":"2020-03-07T19:02:50","guid":{"rendered":"https:\/\/sklep.edudomo.pl\/?post_type=product&#038;p=1691"},"modified":"2025-10-26T06:11:03","modified_gmt":"2025-10-26T06:11:03","slug":"fazy-ksiezyca","status":"publish","type":"product","link":"https:\/\/sklep.edudomo.pl\/en\/sklep\/fazy-ksiezyca\/","title":{"rendered":"Fazy Ksi\u0119\u017cyca"},"content":{"rendered":"<p>Fazy Ksi\u0119\u017cyca to uniwersalna pomoc edukacyjna dla dziecka w ka\u017cdym wieku.<\/p>\n<p>S\u0105 to puzzle do uk\u0142adania wygl\u0105du ksi\u0119\u017cyca w kolejnych o\u015bmiu Fazach. Ponadto Fazy te s\u0105 podpisane czcionk\u0105 szkoln\u0105.<\/p>\n<p>&nbsp;<\/p>\n<p>Zestaw zawiera:<\/p>\n<p>&#8211; puzzle: plansza o wymiarach 28cm x 57cm<\/p>\n<p>&#8211; 8 puzzli przedstawiaj\u0105cych Fazy ksi\u0119\u017cyca (puzzle tworz\u0105ce ko\u0142a o \u015brednicy 4,7cm)<\/p>\n<p>&#8211; 8 podpis\u00f3w z nazwali Faz Ksi\u0119\u017cyca (11,5cm x 2cm)<\/p>\n<p>&#8211; Ziemia (element o \u015brednicy 11,6cm)<\/p>\n","protected":false},"excerpt":{"rendered":"<p>Fazy Ksi\u0119\u017cyca od EduDoMo<\/p>\n","protected":false},"featured_media":9077,"comment_status":"open","ping_status":"closed","template":"","meta":[],"product_brand":[],"product_cat":[84],"product_tag":[48],"class_list":{"0":"post-1691","1":"product","2":"type-product","3":"status-publish","4":"has-post-thumbnail","6":"product_cat-edukacja-kosmiczna","7":"product_tag-fazy-ksiezyca","8":"product_shipping_class-stawka-niska","10":"first","11":"onbackorder","12":"taxable","13":"shipping-taxable","14":"purchasable","15":"product-type-simple"},"yoast_head":"<!-- This site is optimized with the Yoast SEO plugin v26.5 - https:\/\/yoast.com\/wordpress\/plugins\/seo\/ -->\n<title>Fazy Ksi\u0119\u017cyca<\/title>\n<meta name=\"robots\" content=\"index, follow, max-snippet:-1, max-image-preview:large, max-video-preview:-1\" \/>\n<link rel=\"canonical\" href=\"https:\/\/sklep.edudomo.pl\/en\/sklep\/fazy-ksiezyca\/\" \/>\n<meta property=\"og:locale\" content=\"en_GB\" \/>\n<meta property=\"og:locale:alternate\" content=\"pl_PL\" \/>\n<meta property=\"og:type\" content=\"article\" \/>\n<meta property=\"og:title\" content=\"Fazy Ksi\u0119\u017cyca\" \/>\n<meta property=\"og:description\" content=\"Fazy Ksi\u0119\u017cyca od EduDoMo\" \/>\n<meta property=\"og:url\" content=\"https:\/\/sklep.edudomo.pl\/en\/sklep\/fazy-ksiezyca\/\" \/>\n<meta property=\"og:site_name\" content=\"sklep EduDoMo\" \/>\n<meta property=\"article:modified_time\" content=\"2025-10-26T06:11:03+00:00\" \/>\n<meta property=\"og:image\" content=\"https:\/\/sklep.edudomo.pl\/wp-content\/uploads\/2020\/03\/IMG_5794.jpg\" \/>\n\t<meta property=\"og:image:width\" content=\"640\" \/>\n\t<meta property=\"og:image:height\" content=\"482\" \/>\n\t<meta property=\"og:image:type\" content=\"image\/jpeg\" \/>\n<meta name=\"twitter:card\" content=\"summary_large_image\" \/>\n<script type=\"application\/ld+json\" class=\"yoast-schema-graph\">{\"@context\":\"https:\/\/schema.org\",\"@graph\":[{\"@type\":\"WebPage\",\"@id\":\"https:\/\/sklep.edudomo.pl\/sklep\/fazy-ksiezyca\/\",\"url\":\"https:\/\/sklep.edudomo.pl\/sklep\/fazy-ksiezyca\/\",\"name\":\"Fazy Ksi\u0119\u017cyca\",\"isPartOf\":{\"@id\":\"https:\/\/sklep.edudomo.pl\/#website\"},\"primaryImageOfPage\":{\"@id\":\"https:\/\/sklep.edudomo.pl\/sklep\/fazy-ksiezyca\/#primaryimage\"},\"image\":{\"@id\":\"https:\/\/sklep.edudomo.pl\/sklep\/fazy-ksiezyca\/#primaryimage\"},\"thumbnailUrl\":\"https:\/\/sklep.edudomo.pl\/wp-content\/uploads\/2020\/03\/IMG_5794.jpg\",\"datePublished\":\"2020-03-07T19:02:50+00:00\",\"dateModified\":\"2025-10-26T06:11:03+00:00\",\"breadcrumb\":{\"@id\":\"https:\/\/sklep.edudomo.pl\/sklep\/fazy-ksiezyca\/#breadcrumb\"},\"inLanguage\":\"en-GB\",\"potentialAction\":[{\"@type\":\"ReadAction\",\"target\":[\"https:\/\/sklep.edudomo.pl\/sklep\/fazy-ksiezyca\/\"]}]},{\"@type\":\"ImageObject\",\"inLanguage\":\"en-GB\",\"@id\":\"https:\/\/sklep.edudomo.pl\/sklep\/fazy-ksiezyca\/#primaryimage\",\"url\":\"https:\/\/sklep.edudomo.pl\/wp-content\/uploads\/2020\/03\/IMG_5794.jpg\",\"contentUrl\":\"https:\/\/sklep.edudomo.pl\/wp-content\/uploads\/2020\/03\/IMG_5794.jpg\",\"width\":640,\"height\":482,\"caption\":\"Fazy Ksi\u0119\u017cyca\"},{\"@type\":\"BreadcrumbList\",\"@id\":\"https:\/\/sklep.edudomo.pl\/sklep\/fazy-ksiezyca\/#breadcrumb\",\"itemListElement\":[{\"@type\":\"ListItem\",\"position\":1,\"name\":\"Strona g\u0142\u00f3wna\",\"item\":\"https:\/\/sklep.edudomo.pl\/\"},{\"@type\":\"ListItem\",\"position\":2,\"name\":\"Sklep\",\"item\":\"https:\/\/sklep.edudomo.pl\/\"},{\"@type\":\"ListItem\",\"position\":3,\"name\":\"Fazy Ksi\u0119\u017cyca\"}]},{\"@type\":\"WebSite\",\"@id\":\"https:\/\/sklep.edudomo.pl\/#website\",\"url\":\"https:\/\/sklep.edudomo.pl\/\",\"name\":\"sklep EduDoMo\",\"description\":\"Edukacja Domowa. Terapia. Wspieranie Talent&oacute;w\",\"publisher\":{\"@id\":\"https:\/\/sklep.edudomo.pl\/#organization\"},\"potentialAction\":[{\"@type\":\"SearchAction\",\"target\":{\"@type\":\"EntryPoint\",\"urlTemplate\":\"https:\/\/sklep.edudomo.pl\/?s={search_term_string}\"},\"query-input\":{\"@type\":\"PropertyValueSpecification\",\"valueRequired\":true,\"valueName\":\"search_term_string\"}}],\"inLanguage\":\"en-GB\"},{\"@type\":\"Organization\",\"@id\":\"https:\/\/sklep.edudomo.pl\/#organization\",\"name\":\"EduDoMo\",\"url\":\"https:\/\/sklep.edudomo.pl\/\",\"logo\":{\"@type\":\"ImageObject\",\"inLanguage\":\"en-GB\",\"@id\":\"https:\/\/sklep.edudomo.pl\/#\/schema\/logo\/image\/\",\"url\":\"https:\/\/sklep.edudomo.pl\/wp-content\/uploads\/2019\/11\/cropped-logo-edudomo-sowa.jpg\",\"contentUrl\":\"https:\/\/sklep.edudomo.pl\/wp-content\/uploads\/2019\/11\/cropped-logo-edudomo-sowa.jpg\",\"width\":120,\"height\":120,\"caption\":\"EduDoMo\"},\"image\":{\"@id\":\"https:\/\/sklep.edudomo.pl\/#\/schema\/logo\/image\/\"}}]}<\/script>\n<!-- \/ Yoast SEO plugin. -->","yoast_head_json":{"title":"Fazy Ksi\u0119\u017cyca","robots":{"index":"index","follow":"follow","max-snippet":"max-snippet:-1","max-image-preview":"max-image-preview:large","max-video-preview":"max-video-preview:-1"},"canonical":"https:\/\/sklep.edudomo.pl\/en\/sklep\/fazy-ksiezyca\/","og_locale":"en_GB","og_type":"article","og_title":"[:pl]Fazy Ksi\u0119\u017cyca[:] - sklep EduDoMo","og_description":"Fazy Ksi\u0119\u017cyca od EduDoMo","og_url":"https:\/\/sklep.edudomo.pl\/en\/sklep\/fazy-ksiezyca\/","og_site_name":"sklep EduDoMo","article_modified_time":"2025-10-26T06:11:03+00:00","og_image":[{"width":640,"height":482,"url":"https:\/\/sklep.edudomo.pl\/wp-content\/uploads\/2020\/03\/IMG_5794.jpg","type":"image\/jpeg"}],"twitter_card":"summary_large_image","schema":{"@context":"https:\/\/schema.org","@graph":[{"@type":"WebPage","@id":"https:\/\/sklep.edudomo.pl\/sklep\/fazy-ksiezyca\/","url":"https:\/\/sklep.edudomo.pl\/sklep\/fazy-ksiezyca\/","name":"Fazy Ksi\u0119\u017cyca","isPartOf":{"@id":"https:\/\/sklep.edudomo.pl\/#website"},"primaryImageOfPage":{"@id":"https:\/\/sklep.edudomo.pl\/sklep\/fazy-ksiezyca\/#primaryimage"},"image":{"@id":"https:\/\/sklep.edudomo.pl\/sklep\/fazy-ksiezyca\/#primaryimage"},"thumbnailUrl":"https:\/\/sklep.edudomo.pl\/wp-content\/uploads\/2020\/03\/IMG_5794.jpg","datePublished":"2020-03-07T19:02:50+00:00","dateModified":"2025-10-26T06:11:03+00:00","breadcrumb":{"@id":"https:\/\/sklep.edudomo.pl\/sklep\/fazy-ksiezyca\/#breadcrumb"},"inLanguage":"en-GB","potentialAction":[{"@type":"ReadAction","target":["https:\/\/sklep.edudomo.pl\/sklep\/fazy-ksiezyca\/"]}]},{"@type":"ImageObject","inLanguage":"en-GB","@id":"https:\/\/sklep.edudomo.pl\/sklep\/fazy-ksiezyca\/#primaryimage","url":"https:\/\/sklep.edudomo.pl\/wp-content\/uploads\/2020\/03\/IMG_5794.jpg","contentUrl":"https:\/\/sklep.edudomo.pl\/wp-content\/uploads\/2020\/03\/IMG_5794.jpg","width":640,"height":482,"caption":"Fazy Ksi\u0119\u017cyca"},{"@type":"BreadcrumbList","@id":"https:\/\/sklep.edudomo.pl\/sklep\/fazy-ksiezyca\/#breadcrumb","itemListElement":[{"@type":"ListItem","position":1,"name":"Strona g\u0142\u00f3wna","item":"https:\/\/sklep.edudomo.pl\/"},{"@type":"ListItem","position":2,"name":"Sklep","item":"https:\/\/sklep.edudomo.pl\/"},{"@type":"ListItem","position":3,"name":"Fazy Ksi\u0119\u017cyca"}]},{"@type":"WebSite","@id":"https:\/\/sklep.edudomo.pl\/#website","url":"https:\/\/sklep.edudomo.pl\/","name":"sklep EduDoMo","description":"Edukacja Domowa. Terapia. Wspieranie Talent&oacute;w","publisher":{"@id":"https:\/\/sklep.edudomo.pl\/#organization"},"potentialAction":[{"@type":"SearchAction","target":{"@type":"EntryPoint","urlTemplate":"https:\/\/sklep.edudomo.pl\/?s={search_term_string}"},"query-input":{"@type":"PropertyValueSpecification","valueRequired":true,"valueName":"search_term_string"}}],"inLanguage":"en-GB"},{"@type":"Organization","@id":"https:\/\/sklep.edudomo.pl\/#organization","name":"EduDoMo","url":"https:\/\/sklep.edudomo.pl\/","logo":{"@type":"ImageObject","inLanguage":"en-GB","@id":"https:\/\/sklep.edudomo.pl\/#\/schema\/logo\/image\/","url":"https:\/\/sklep.edudomo.pl\/wp-content\/uploads\/2019\/11\/cropped-logo-edudomo-sowa.jpg","contentUrl":"https:\/\/sklep.edudomo.pl\/wp-content\/uploads\/2019\/11\/cropped-logo-edudomo-sowa.jpg","width":120,"height":120,"caption":"EduDoMo"},"image":{"@id":"https:\/\/sklep.edudomo.pl\/#\/schema\/logo\/image\/"}}]}},"jetpack_sharing_enabled":true,"_links":{"self":[{"href":"https:\/\/sklep.edudomo.pl\/en\/wp-json\/wp\/v2\/product\/1691","targetHints":{"allow":["GET"]}}],"collection":[{"href":"https:\/\/sklep.edudomo.pl\/en\/wp-json\/wp\/v2\/product"}],"about":[{"href":"https:\/\/sklep.edudomo.pl\/en\/wp-json\/wp\/v2\/types\/product"}],"replies":[{"embeddable":true,"href":"https:\/\/sklep.edudomo.pl\/en\/wp-json\/wp\/v2\/comments?post=1691"}],"wp:featuredmedia":[{"embeddable":true,"href":"https:\/\/sklep.edudomo.pl\/en\/wp-json\/wp\/v2\/media\/9077"}],"wp:attachment":[{"href":"https:\/\/sklep.edudomo.pl\/en\/wp-json\/wp\/v2\/media?parent=1691"}],"wp:term":[{"taxonomy":"product_brand","embeddable":true,"href":"https:\/\/sklep.edudomo.pl\/en\/wp-json\/wp\/v2\/product_brand?post=1691"},{"taxonomy":"product_cat","embeddable":true,"href":"https:\/\/sklep.edudomo.pl\/en\/wp-json\/wp\/v2\/product_cat?post=1691"},{"taxonomy":"product_tag","embeddable":true,"href":"https:\/\/sklep.edudomo.pl\/en\/wp-json\/wp\/v2\/product_tag?post=1691"}],"curies":[{"name":"wp","href":"https:\/\/api.w.org\/{rel}","templated":true}]}}