{"id":1737,"date":"2020-03-11T20:09:17","date_gmt":"2020-03-11T20:09:17","guid":{"rendered":"https:\/\/sklep.edudomo.pl\/?post_type=product&#038;p=1737"},"modified":"2025-11-25T17:35:41","modified_gmt":"2025-11-25T17:35:41","slug":"obserwatorium-edudomo-fazy-ksiezyca","status":"publish","type":"product","link":"https:\/\/sklep.edudomo.pl\/en\/sklep\/obserwatorium-edudomo-fazy-ksiezyca\/","title":{"rendered":"OBSERWATORIUM EduDoMo. Fazy Ksi\u0119\u017cyca"},"content":{"rendered":"<p>OBSERWATORIUM. Fazy Ksi\u0119\u017cyca<\/p>\n<p>to uniwersalna pomoc edukacyjna dla dziecka w ka\u017cdym wieku.<\/p>\n<p>S\u0105 to dwie plansze puzzli. Jedna do obserwacji, druga natomiast do uk\u0142adania wizerunku ksi\u0119\u017cyca w kolejnych o\u015bmiu Fazach.<\/p>\n<p>Zestaw zawiera:<\/p>\n<p>\u2013 2 plansze puzzli: plansza o wymiarach 46 cm x 6,5cm oraz plansza 29cm x 29 cm<\/p>\n<p>\u2013 8 element\u00f3w przedstawiaj\u0105cych Fazy ksi\u0119\u017cyca (puzzle tworz\u0105ce ko\u0142a o \u015brednicy 4,7cm)<\/p>\n<p>\u2013 8 proporczyk\u00f3w<\/p>\n<p>\u2013 Ziemia (element o \u015brednicy 11,6cm), do osadzenia na planszy do obserwacji. Element jest ruchomy po to by osadzi\u0107 go odpowiednio wzgl\u0119dem obserwatora do ksi\u0119\u017cyca.<\/p>\n<p>z drugiej strony Ziemi wydrukowana jest karta kontrolna z poszczeg\u00f3lnymi fazami Ksi\u0119\u017cyca<\/p>\n<p>&#8211; dwie kule przedstawiaj\u0105ce ksi\u0119\u017cyc, kt\u00f3re osadzamy kolejno na planszy do obserwacji.<\/p>\n<p>&#8211; proporczyki<\/p>\n","protected":false},"excerpt":{"rendered":"<p>OBSERWATORIUM EduDoMo. Fazy Ksi\u0119\u017cyca<\/p>\n","protected":false},"featured_media":9087,"comment_status":"open","ping_status":"closed","template":"","meta":[],"product_brand":[],"product_cat":[84],"product_tag":[50],"class_list":{"0":"post-1737","1":"product","2":"type-product","3":"status-publish","4":"has-post-thumbnail","6":"product_cat-edukacja-kosmiczna","7":"product_tag-obserwatorium-edudomo-fazy-ksiezyca","8":"product_shipping_class-stawka-niska","10":"first","11":"onbackorder","12":"taxable","13":"shipping-taxable","14":"purchasable","15":"product-type-simple"},"yoast_head":"<!-- This site is optimized with the Yoast SEO plugin v26.5 - https:\/\/yoast.com\/wordpress\/plugins\/seo\/ -->\n<title>OBSERWATORIUM EduDoMo. Fazy Ksi\u0119\u017cyca<\/title>\n<meta name=\"description\" content=\"OBSERWATORIUM. Fazy Ksi\u0119\u017cyca to uniwersalna pomoc edukacyjna dla dziecka w ka\u017cdym wieku.S\u0105 to dwie plansze puzzli. Jedna do obserwacji, druga natomiast do uk\u0142adania wizerunku ksi\u0119\u017cyca w kolejnych o\u015bmiu Fazach.\" \/>\n<meta name=\"robots\" content=\"index, follow, max-snippet:-1, max-image-preview:large, max-video-preview:-1\" \/>\n<link rel=\"canonical\" href=\"https:\/\/sklep.edudomo.pl\/en\/sklep\/obserwatorium-edudomo-fazy-ksiezyca\/\" \/>\n<meta property=\"og:locale\" content=\"en_GB\" \/>\n<meta property=\"og:locale:alternate\" content=\"pl_PL\" \/>\n<meta property=\"og:type\" content=\"article\" \/>\n<meta property=\"og:title\" content=\"OBSERWATORIUM EduDoMo. Fazy Ksi\u0119\u017cyca\" \/>\n<meta property=\"og:description\" content=\"OBSERWATORIUM. Fazy Ksi\u0119\u017cyca to uniwersalna pomoc edukacyjna dla dziecka w ka\u017cdym wieku.S\u0105 to dwie plansze puzzli. Jedna do obserwacji, druga natomiast do uk\u0142adania wizerunku ksi\u0119\u017cyca w kolejnych o\u015bmiu Fazach.\" \/>\n<meta property=\"og:url\" content=\"https:\/\/sklep.edudomo.pl\/en\/sklep\/obserwatorium-edudomo-fazy-ksiezyca\/\" \/>\n<meta property=\"og:site_name\" content=\"sklep EduDoMo\" \/>\n<meta property=\"article:modified_time\" content=\"2025-11-25T17:35:41+00:00\" \/>\n<meta property=\"og:image\" content=\"https:\/\/sklep.edudomo.pl\/wp-content\/uploads\/2020\/03\/IMG_5859.jpg\" \/>\n\t<meta property=\"og:image:width\" content=\"592\" \/>\n\t<meta property=\"og:image:height\" content=\"640\" \/>\n\t<meta property=\"og:image:type\" content=\"image\/jpeg\" \/>\n<meta name=\"twitter:card\" content=\"summary_large_image\" \/>\n<meta name=\"twitter:label1\" content=\"Estimated reading time\" \/>\n\t<meta name=\"twitter:data1\" content=\"1 minute\" \/>\n<script type=\"application\/ld+json\" class=\"yoast-schema-graph\">{\"@context\":\"https:\/\/schema.org\",\"@graph\":[{\"@type\":\"WebPage\",\"@id\":\"https:\/\/sklep.edudomo.pl\/sklep\/obserwatorium-edudomo-fazy-ksiezyca\/\",\"url\":\"https:\/\/sklep.edudomo.pl\/sklep\/obserwatorium-edudomo-fazy-ksiezyca\/\",\"name\":\"OBSERWATORIUM EduDoMo. Fazy Ksi\u0119\u017cyca\",\"isPartOf\":{\"@id\":\"https:\/\/sklep.edudomo.pl\/#website\"},\"primaryImageOfPage\":{\"@id\":\"https:\/\/sklep.edudomo.pl\/sklep\/obserwatorium-edudomo-fazy-ksiezyca\/#primaryimage\"},\"image\":{\"@id\":\"https:\/\/sklep.edudomo.pl\/sklep\/obserwatorium-edudomo-fazy-ksiezyca\/#primaryimage\"},\"thumbnailUrl\":\"https:\/\/sklep.edudomo.pl\/wp-content\/uploads\/2020\/03\/IMG_5859.jpg\",\"datePublished\":\"2020-03-11T20:09:17+00:00\",\"dateModified\":\"2025-11-25T17:35:41+00:00\",\"description\":\"OBSERWATORIUM. Fazy Ksi\u0119\u017cyca to uniwersalna pomoc edukacyjna dla dziecka w ka\u017cdym wieku.S\u0105 to dwie plansze puzzli. Jedna do obserwacji, druga natomiast do uk\u0142adania wizerunku ksi\u0119\u017cyca w kolejnych o\u015bmiu Fazach.\",\"breadcrumb\":{\"@id\":\"https:\/\/sklep.edudomo.pl\/sklep\/obserwatorium-edudomo-fazy-ksiezyca\/#breadcrumb\"},\"inLanguage\":\"en-GB\",\"potentialAction\":[{\"@type\":\"ReadAction\",\"target\":[\"https:\/\/sklep.edudomo.pl\/sklep\/obserwatorium-edudomo-fazy-ksiezyca\/\"]}]},{\"@type\":\"ImageObject\",\"inLanguage\":\"en-GB\",\"@id\":\"https:\/\/sklep.edudomo.pl\/sklep\/obserwatorium-edudomo-fazy-ksiezyca\/#primaryimage\",\"url\":\"https:\/\/sklep.edudomo.pl\/wp-content\/uploads\/2020\/03\/IMG_5859.jpg\",\"contentUrl\":\"https:\/\/sklep.edudomo.pl\/wp-content\/uploads\/2020\/03\/IMG_5859.jpg\",\"width\":592,\"height\":640,\"caption\":\"obserwatorium EduDoMo Fazy Ksi\u0119\u017cyca\"},{\"@type\":\"BreadcrumbList\",\"@id\":\"https:\/\/sklep.edudomo.pl\/sklep\/obserwatorium-edudomo-fazy-ksiezyca\/#breadcrumb\",\"itemListElement\":[{\"@type\":\"ListItem\",\"position\":1,\"name\":\"Strona g\u0142\u00f3wna\",\"item\":\"https:\/\/sklep.edudomo.pl\/\"},{\"@type\":\"ListItem\",\"position\":2,\"name\":\"Sklep\",\"item\":\"https:\/\/sklep.edudomo.pl\/\"},{\"@type\":\"ListItem\",\"position\":3,\"name\":\"OBSERWATORIUM EduDoMo. Fazy Ksi\u0119\u017cyca\"}]},{\"@type\":\"WebSite\",\"@id\":\"https:\/\/sklep.edudomo.pl\/#website\",\"url\":\"https:\/\/sklep.edudomo.pl\/\",\"name\":\"sklep EduDoMo\",\"description\":\"Edukacja Domowa. Terapia. Wspieranie Talent&oacute;w\",\"publisher\":{\"@id\":\"https:\/\/sklep.edudomo.pl\/#organization\"},\"potentialAction\":[{\"@type\":\"SearchAction\",\"target\":{\"@type\":\"EntryPoint\",\"urlTemplate\":\"https:\/\/sklep.edudomo.pl\/?s={search_term_string}\"},\"query-input\":{\"@type\":\"PropertyValueSpecification\",\"valueRequired\":true,\"valueName\":\"search_term_string\"}}],\"inLanguage\":\"en-GB\"},{\"@type\":\"Organization\",\"@id\":\"https:\/\/sklep.edudomo.pl\/#organization\",\"name\":\"EduDoMo\",\"url\":\"https:\/\/sklep.edudomo.pl\/\",\"logo\":{\"@type\":\"ImageObject\",\"inLanguage\":\"en-GB\",\"@id\":\"https:\/\/sklep.edudomo.pl\/#\/schema\/logo\/image\/\",\"url\":\"https:\/\/sklep.edudomo.pl\/wp-content\/uploads\/2019\/11\/cropped-logo-edudomo-sowa.jpg\",\"contentUrl\":\"https:\/\/sklep.edudomo.pl\/wp-content\/uploads\/2019\/11\/cropped-logo-edudomo-sowa.jpg\",\"width\":120,\"height\":120,\"caption\":\"EduDoMo\"},\"image\":{\"@id\":\"https:\/\/sklep.edudomo.pl\/#\/schema\/logo\/image\/\"}}]}<\/script>\n<!-- \/ Yoast SEO plugin. -->","yoast_head_json":{"title":"OBSERWATORIUM EduDoMo. Fazy Ksi\u0119\u017cyca","description":"OBSERWATORIUM. Fazy Ksi\u0119\u017cyca to uniwersalna pomoc edukacyjna dla dziecka w ka\u017cdym wieku.S\u0105 to dwie plansze puzzli. Jedna do obserwacji, druga natomiast do uk\u0142adania wizerunku ksi\u0119\u017cyca w kolejnych o\u015bmiu Fazach.","robots":{"index":"index","follow":"follow","max-snippet":"max-snippet:-1","max-image-preview":"max-image-preview:large","max-video-preview":"max-video-preview:-1"},"canonical":"https:\/\/sklep.edudomo.pl\/en\/sklep\/obserwatorium-edudomo-fazy-ksiezyca\/","og_locale":"en_GB","og_type":"article","og_title":"[:pl]OBSERWATORIUM EduDoMo. Fazy Ksi\u0119\u017cyca[:] - sklep EduDoMo","og_description":"OBSERWATORIUM. Fazy Ksi\u0119\u017cyca to uniwersalna pomoc edukacyjna dla dziecka w ka\u017cdym wieku.S\u0105 to dwie plansze puzzli. Jedna do obserwacji, druga natomiast do uk\u0142adania wizerunku ksi\u0119\u017cyca w kolejnych o\u015bmiu Fazach.","og_url":"https:\/\/sklep.edudomo.pl\/en\/sklep\/obserwatorium-edudomo-fazy-ksiezyca\/","og_site_name":"sklep EduDoMo","article_modified_time":"2025-11-25T17:35:41+00:00","og_image":[{"width":592,"height":640,"url":"https:\/\/sklep.edudomo.pl\/wp-content\/uploads\/2020\/03\/IMG_5859.jpg","type":"image\/jpeg"}],"twitter_card":"summary_large_image","twitter_misc":{"Estimated reading time":"1 minute"},"schema":{"@context":"https:\/\/schema.org","@graph":[{"@type":"WebPage","@id":"https:\/\/sklep.edudomo.pl\/sklep\/obserwatorium-edudomo-fazy-ksiezyca\/","url":"https:\/\/sklep.edudomo.pl\/sklep\/obserwatorium-edudomo-fazy-ksiezyca\/","name":"OBSERWATORIUM EduDoMo. Fazy Ksi\u0119\u017cyca","isPartOf":{"@id":"https:\/\/sklep.edudomo.pl\/#website"},"primaryImageOfPage":{"@id":"https:\/\/sklep.edudomo.pl\/sklep\/obserwatorium-edudomo-fazy-ksiezyca\/#primaryimage"},"image":{"@id":"https:\/\/sklep.edudomo.pl\/sklep\/obserwatorium-edudomo-fazy-ksiezyca\/#primaryimage"},"thumbnailUrl":"https:\/\/sklep.edudomo.pl\/wp-content\/uploads\/2020\/03\/IMG_5859.jpg","datePublished":"2020-03-11T20:09:17+00:00","dateModified":"2025-11-25T17:35:41+00:00","description":"OBSERWATORIUM. Fazy Ksi\u0119\u017cyca to uniwersalna pomoc edukacyjna dla dziecka w ka\u017cdym wieku.S\u0105 to dwie plansze puzzli. Jedna do obserwacji, druga natomiast do uk\u0142adania wizerunku ksi\u0119\u017cyca w kolejnych o\u015bmiu Fazach.","breadcrumb":{"@id":"https:\/\/sklep.edudomo.pl\/sklep\/obserwatorium-edudomo-fazy-ksiezyca\/#breadcrumb"},"inLanguage":"en-GB","potentialAction":[{"@type":"ReadAction","target":["https:\/\/sklep.edudomo.pl\/sklep\/obserwatorium-edudomo-fazy-ksiezyca\/"]}]},{"@type":"ImageObject","inLanguage":"en-GB","@id":"https:\/\/sklep.edudomo.pl\/sklep\/obserwatorium-edudomo-fazy-ksiezyca\/#primaryimage","url":"https:\/\/sklep.edudomo.pl\/wp-content\/uploads\/2020\/03\/IMG_5859.jpg","contentUrl":"https:\/\/sklep.edudomo.pl\/wp-content\/uploads\/2020\/03\/IMG_5859.jpg","width":592,"height":640,"caption":"obserwatorium EduDoMo Fazy Ksi\u0119\u017cyca"},{"@type":"BreadcrumbList","@id":"https:\/\/sklep.edudomo.pl\/sklep\/obserwatorium-edudomo-fazy-ksiezyca\/#breadcrumb","itemListElement":[{"@type":"ListItem","position":1,"name":"Strona g\u0142\u00f3wna","item":"https:\/\/sklep.edudomo.pl\/"},{"@type":"ListItem","position":2,"name":"Sklep","item":"https:\/\/sklep.edudomo.pl\/"},{"@type":"ListItem","position":3,"name":"OBSERWATORIUM EduDoMo. Fazy Ksi\u0119\u017cyca"}]},{"@type":"WebSite","@id":"https:\/\/sklep.edudomo.pl\/#website","url":"https:\/\/sklep.edudomo.pl\/","name":"sklep EduDoMo","description":"Edukacja Domowa. Terapia. Wspieranie Talent&oacute;w","publisher":{"@id":"https:\/\/sklep.edudomo.pl\/#organization"},"potentialAction":[{"@type":"SearchAction","target":{"@type":"EntryPoint","urlTemplate":"https:\/\/sklep.edudomo.pl\/?s={search_term_string}"},"query-input":{"@type":"PropertyValueSpecification","valueRequired":true,"valueName":"search_term_string"}}],"inLanguage":"en-GB"},{"@type":"Organization","@id":"https:\/\/sklep.edudomo.pl\/#organization","name":"EduDoMo","url":"https:\/\/sklep.edudomo.pl\/","logo":{"@type":"ImageObject","inLanguage":"en-GB","@id":"https:\/\/sklep.edudomo.pl\/#\/schema\/logo\/image\/","url":"https:\/\/sklep.edudomo.pl\/wp-content\/uploads\/2019\/11\/cropped-logo-edudomo-sowa.jpg","contentUrl":"https:\/\/sklep.edudomo.pl\/wp-content\/uploads\/2019\/11\/cropped-logo-edudomo-sowa.jpg","width":120,"height":120,"caption":"EduDoMo"},"image":{"@id":"https:\/\/sklep.edudomo.pl\/#\/schema\/logo\/image\/"}}]}},"jetpack_sharing_enabled":true,"_links":{"self":[{"href":"https:\/\/sklep.edudomo.pl\/en\/wp-json\/wp\/v2\/product\/1737","targetHints":{"allow":["GET"]}}],"collection":[{"href":"https:\/\/sklep.edudomo.pl\/en\/wp-json\/wp\/v2\/product"}],"about":[{"href":"https:\/\/sklep.edudomo.pl\/en\/wp-json\/wp\/v2\/types\/product"}],"replies":[{"embeddable":true,"href":"https:\/\/sklep.edudomo.pl\/en\/wp-json\/wp\/v2\/comments?post=1737"}],"wp:featuredmedia":[{"embeddable":true,"href":"https:\/\/sklep.edudomo.pl\/en\/wp-json\/wp\/v2\/media\/9087"}],"wp:attachment":[{"href":"https:\/\/sklep.edudomo.pl\/en\/wp-json\/wp\/v2\/media?parent=1737"}],"wp:term":[{"taxonomy":"product_brand","embeddable":true,"href":"https:\/\/sklep.edudomo.pl\/en\/wp-json\/wp\/v2\/product_brand?post=1737"},{"taxonomy":"product_cat","embeddable":true,"href":"https:\/\/sklep.edudomo.pl\/en\/wp-json\/wp\/v2\/product_cat?post=1737"},{"taxonomy":"product_tag","embeddable":true,"href":"https:\/\/sklep.edudomo.pl\/en\/wp-json\/wp\/v2\/product_tag?post=1737"}],"curies":[{"name":"wp","href":"https:\/\/api.w.org\/{rel}","templated":true}]}}