{"id":1754,"date":"2020-03-12T15:30:42","date_gmt":"2020-03-12T15:30:42","guid":{"rendered":"https:\/\/sklep.edudomo.pl\/?post_type=product&#038;p=1754"},"modified":"2025-11-25T17:36:28","modified_gmt":"2025-11-25T17:36:28","slug":"fazy-ksiezyca-moon-phases-puzzle-z-kartami-trojdzielnymi","status":"publish","type":"product","link":"https:\/\/sklep.edudomo.pl\/en\/sklep\/fazy-ksiezyca-moon-phases-puzzle-z-kartami-trojdzielnymi\/","title":{"rendered":"Fazy Ksi\u0119\u017cyca. \/Moon Phases. PUZZLE z kartami tr\u00f3jdzielnymi"},"content":{"rendered":"<p>Fazy Ksi\u0119\u017cyca. Moon Phases. PUZZLE z kartami tr\u00f3jdzielnymi<\/p>\n<p>to uniwersalna pomoc edukacyjna dla dziecka w ka\u017cdym wieku. Dziecko obserwuje, uk\u0142ada i uczy si\u0119 nazw Faz Ksi\u0119\u017cyca.<\/p>\n<p>Zestaw zawiera:<\/p>\n<p>\u2013 plansza puzzli o wymiarach 46 cm x 6,5cm<\/p>\n<p>\u2013 8 element\u00f3w przedstawiaj\u0105cych Fazy ksi\u0119\u017cyca (puzzle tworz\u0105ce ko\u0142a o \u015brednicy 4,7cm)<\/p>\n<p>\u2013 8 drewnianych kart z podpisami o wymiarach 9,3cm x 6,8cm<\/p>\n<p>\u2013 8 drewnianych zestaw\u00f3w Faza Ksi\u0119\u017cyca 5cm x 9,3cm i podpis 9,3cm x 1,9cm<\/p>\n","protected":false},"excerpt":{"rendered":"<p>Fazy Ksi\u0119\u017cyca. Moon Phases. PUZZLE z kartami tr\u00f3jdzielnymi to uniwersalna pomoc edukacyjna dla dziecka w ka\u017cdym wieku. Dziecko obserwuje, uk\u0142ada i uczy si\u0119 nazw Faz Ksi\u0119\u017cyca. Zestaw zawiera: \u2013 plansza puzzli o wymiarach 46 cm x 6,5cm \u2013 8 element\u00f3w przedstawiaj\u0105cych Fazy ksi\u0119\u017cyca (puzzle tworz\u0105ce ko\u0142a o \u015brednicy 4,7cm) \u2013 8 drewnianych kart z podpisami<span class=\"read-more-faq\"><a href=\"https:\/\/sklep.edudomo.pl\/en\/sklep\/fazy-ksiezyca-moon-phases-puzzle-z-kartami-trojdzielnymi\/\">Read More<\/a><\/span><\/p>\n","protected":false},"featured_media":1756,"comment_status":"open","ping_status":"closed","template":"","meta":[],"product_brand":[],"product_cat":[84],"product_tag":[54],"class_list":{"0":"post-1754","1":"product","2":"type-product","3":"status-publish","4":"has-post-thumbnail","6":"product_cat-edukacja-kosmiczna","7":"product_tag-fazy-ksiezyca-moon-phases-puzzle-z-kartami-trojdzielnymi","8":"product_shipping_class-stawka-niska","10":"first","11":"onbackorder","12":"taxable","13":"shipping-taxable","14":"purchasable","15":"product-type-simple"},"yoast_head":"<!-- This site is optimized with the Yoast SEO plugin v26.5 - https:\/\/yoast.com\/wordpress\/plugins\/seo\/ -->\n<title>Fazy Ksi\u0119\u017cyca. \/Moon Phases. PUZZLE z kartami tr\u00f3jdzielnymi<\/title>\n<meta name=\"robots\" content=\"index, follow, max-snippet:-1, max-image-preview:large, max-video-preview:-1\" \/>\n<link rel=\"canonical\" href=\"https:\/\/sklep.edudomo.pl\/en\/sklep\/fazy-ksiezyca-moon-phases-puzzle-z-kartami-trojdzielnymi\/\" \/>\n<meta property=\"og:locale\" content=\"en_GB\" \/>\n<meta property=\"og:locale:alternate\" content=\"pl_PL\" \/>\n<meta property=\"og:type\" content=\"article\" \/>\n<meta property=\"og:title\" content=\"Fazy Ksi\u0119\u017cyca. \/Moon Phases. PUZZLE z kartami tr\u00f3jdzielnymi\" \/>\n<meta property=\"og:description\" content=\"Fazy Ksi\u0119\u017cyca. Moon Phases. PUZZLE z kartami tr\u00f3jdzielnymi to uniwersalna pomoc edukacyjna dla dziecka w ka\u017cdym wieku. Dziecko obserwuje, uk\u0142ada i uczy si\u0119 nazw Faz Ksi\u0119\u017cyca. Zestaw zawiera: \u2013 plansza puzzli o wymiarach 46 cm x 6,5cm \u2013 8 element\u00f3w przedstawiaj\u0105cych Fazy ksi\u0119\u017cyca (puzzle tworz\u0105ce ko\u0142a o \u015brednicy 4,7cm) \u2013 8 drewnianych kart z podpisamiRead More\" \/>\n<meta property=\"og:url\" content=\"https:\/\/sklep.edudomo.pl\/en\/sklep\/fazy-ksiezyca-moon-phases-puzzle-z-kartami-trojdzielnymi\/\" \/>\n<meta property=\"og:site_name\" content=\"sklep EduDoMo\" \/>\n<meta property=\"article:modified_time\" content=\"2025-11-25T17:36:28+00:00\" \/>\n<meta property=\"og:image\" content=\"https:\/\/sklep.edudomo.pl\/wp-content\/uploads\/2020\/03\/37E81081-806D-4A1C-846F-81318407952D.jpg\" \/>\n\t<meta property=\"og:image:width\" content=\"883\" \/>\n\t<meta property=\"og:image:height\" content=\"640\" \/>\n\t<meta property=\"og:image:type\" content=\"image\/jpeg\" \/>\n<meta name=\"twitter:card\" content=\"summary_large_image\" \/>\n<script type=\"application\/ld+json\" class=\"yoast-schema-graph\">{\"@context\":\"https:\/\/schema.org\",\"@graph\":[{\"@type\":\"WebPage\",\"@id\":\"https:\/\/sklep.edudomo.pl\/sklep\/fazy-ksiezyca-moon-phases-puzzle-z-kartami-trojdzielnymi\/\",\"url\":\"https:\/\/sklep.edudomo.pl\/sklep\/fazy-ksiezyca-moon-phases-puzzle-z-kartami-trojdzielnymi\/\",\"name\":\"Fazy Ksi\u0119\u017cyca. \/Moon Phases. PUZZLE z kartami tr\u00f3jdzielnymi\",\"isPartOf\":{\"@id\":\"https:\/\/sklep.edudomo.pl\/#website\"},\"primaryImageOfPage\":{\"@id\":\"https:\/\/sklep.edudomo.pl\/sklep\/fazy-ksiezyca-moon-phases-puzzle-z-kartami-trojdzielnymi\/#primaryimage\"},\"image\":{\"@id\":\"https:\/\/sklep.edudomo.pl\/sklep\/fazy-ksiezyca-moon-phases-puzzle-z-kartami-trojdzielnymi\/#primaryimage\"},\"thumbnailUrl\":\"https:\/\/sklep.edudomo.pl\/wp-content\/uploads\/2020\/03\/37E81081-806D-4A1C-846F-81318407952D.jpg\",\"datePublished\":\"2020-03-12T15:30:42+00:00\",\"dateModified\":\"2025-11-25T17:36:28+00:00\",\"breadcrumb\":{\"@id\":\"https:\/\/sklep.edudomo.pl\/sklep\/fazy-ksiezyca-moon-phases-puzzle-z-kartami-trojdzielnymi\/#breadcrumb\"},\"inLanguage\":\"en-GB\",\"potentialAction\":[{\"@type\":\"ReadAction\",\"target\":[\"https:\/\/sklep.edudomo.pl\/sklep\/fazy-ksiezyca-moon-phases-puzzle-z-kartami-trojdzielnymi\/\"]}]},{\"@type\":\"ImageObject\",\"inLanguage\":\"en-GB\",\"@id\":\"https:\/\/sklep.edudomo.pl\/sklep\/fazy-ksiezyca-moon-phases-puzzle-z-kartami-trojdzielnymi\/#primaryimage\",\"url\":\"https:\/\/sklep.edudomo.pl\/wp-content\/uploads\/2020\/03\/37E81081-806D-4A1C-846F-81318407952D.jpg\",\"contentUrl\":\"https:\/\/sklep.edudomo.pl\/wp-content\/uploads\/2020\/03\/37E81081-806D-4A1C-846F-81318407952D.jpg\",\"width\":883,\"height\":640,\"caption\":\"Fazy Ksi\u0119\u017cyca. Moon Phases. PUZZLE z kartami tr\u00f3jdzielnymi\"},{\"@type\":\"BreadcrumbList\",\"@id\":\"https:\/\/sklep.edudomo.pl\/sklep\/fazy-ksiezyca-moon-phases-puzzle-z-kartami-trojdzielnymi\/#breadcrumb\",\"itemListElement\":[{\"@type\":\"ListItem\",\"position\":1,\"name\":\"Strona g\u0142\u00f3wna\",\"item\":\"https:\/\/sklep.edudomo.pl\/\"},{\"@type\":\"ListItem\",\"position\":2,\"name\":\"Sklep\",\"item\":\"https:\/\/sklep.edudomo.pl\/\"},{\"@type\":\"ListItem\",\"position\":3,\"name\":\"Fazy Ksi\u0119\u017cyca. \/Moon Phases. PUZZLE z kartami tr\u00f3jdzielnymi\"}]},{\"@type\":\"WebSite\",\"@id\":\"https:\/\/sklep.edudomo.pl\/#website\",\"url\":\"https:\/\/sklep.edudomo.pl\/\",\"name\":\"sklep EduDoMo\",\"description\":\"Edukacja Domowa. Terapia. Wspieranie Talent&oacute;w\",\"publisher\":{\"@id\":\"https:\/\/sklep.edudomo.pl\/#organization\"},\"potentialAction\":[{\"@type\":\"SearchAction\",\"target\":{\"@type\":\"EntryPoint\",\"urlTemplate\":\"https:\/\/sklep.edudomo.pl\/?s={search_term_string}\"},\"query-input\":{\"@type\":\"PropertyValueSpecification\",\"valueRequired\":true,\"valueName\":\"search_term_string\"}}],\"inLanguage\":\"en-GB\"},{\"@type\":\"Organization\",\"@id\":\"https:\/\/sklep.edudomo.pl\/#organization\",\"name\":\"EduDoMo\",\"url\":\"https:\/\/sklep.edudomo.pl\/\",\"logo\":{\"@type\":\"ImageObject\",\"inLanguage\":\"en-GB\",\"@id\":\"https:\/\/sklep.edudomo.pl\/#\/schema\/logo\/image\/\",\"url\":\"https:\/\/sklep.edudomo.pl\/wp-content\/uploads\/2019\/11\/cropped-logo-edudomo-sowa.jpg\",\"contentUrl\":\"https:\/\/sklep.edudomo.pl\/wp-content\/uploads\/2019\/11\/cropped-logo-edudomo-sowa.jpg\",\"width\":120,\"height\":120,\"caption\":\"EduDoMo\"},\"image\":{\"@id\":\"https:\/\/sklep.edudomo.pl\/#\/schema\/logo\/image\/\"}}]}<\/script>\n<!-- \/ Yoast SEO plugin. -->","yoast_head_json":{"title":"Fazy Ksi\u0119\u017cyca. \/Moon Phases. PUZZLE z kartami tr\u00f3jdzielnymi","robots":{"index":"index","follow":"follow","max-snippet":"max-snippet:-1","max-image-preview":"max-image-preview:large","max-video-preview":"max-video-preview:-1"},"canonical":"https:\/\/sklep.edudomo.pl\/en\/sklep\/fazy-ksiezyca-moon-phases-puzzle-z-kartami-trojdzielnymi\/","og_locale":"en_GB","og_type":"article","og_title":"[:pl]Fazy Ksi\u0119\u017cyca. \/Moon Phases. PUZZLE z kartami tr\u00f3jdzielnymi[:] - sklep EduDoMo","og_description":"Fazy Ksi\u0119\u017cyca. Moon Phases. PUZZLE z kartami tr\u00f3jdzielnymi to uniwersalna pomoc edukacyjna dla dziecka w ka\u017cdym wieku. Dziecko obserwuje, uk\u0142ada i uczy si\u0119 nazw Faz Ksi\u0119\u017cyca. Zestaw zawiera: \u2013 plansza puzzli o wymiarach 46 cm x 6,5cm \u2013 8 element\u00f3w przedstawiaj\u0105cych Fazy ksi\u0119\u017cyca (puzzle tworz\u0105ce ko\u0142a o \u015brednicy 4,7cm) \u2013 8 drewnianych kart z podpisamiRead More","og_url":"https:\/\/sklep.edudomo.pl\/en\/sklep\/fazy-ksiezyca-moon-phases-puzzle-z-kartami-trojdzielnymi\/","og_site_name":"sklep EduDoMo","article_modified_time":"2025-11-25T17:36:28+00:00","og_image":[{"width":883,"height":640,"url":"https:\/\/sklep.edudomo.pl\/wp-content\/uploads\/2020\/03\/37E81081-806D-4A1C-846F-81318407952D.jpg","type":"image\/jpeg"}],"twitter_card":"summary_large_image","schema":{"@context":"https:\/\/schema.org","@graph":[{"@type":"WebPage","@id":"https:\/\/sklep.edudomo.pl\/sklep\/fazy-ksiezyca-moon-phases-puzzle-z-kartami-trojdzielnymi\/","url":"https:\/\/sklep.edudomo.pl\/sklep\/fazy-ksiezyca-moon-phases-puzzle-z-kartami-trojdzielnymi\/","name":"Fazy Ksi\u0119\u017cyca. \/Moon Phases. PUZZLE z kartami tr\u00f3jdzielnymi","isPartOf":{"@id":"https:\/\/sklep.edudomo.pl\/#website"},"primaryImageOfPage":{"@id":"https:\/\/sklep.edudomo.pl\/sklep\/fazy-ksiezyca-moon-phases-puzzle-z-kartami-trojdzielnymi\/#primaryimage"},"image":{"@id":"https:\/\/sklep.edudomo.pl\/sklep\/fazy-ksiezyca-moon-phases-puzzle-z-kartami-trojdzielnymi\/#primaryimage"},"thumbnailUrl":"https:\/\/sklep.edudomo.pl\/wp-content\/uploads\/2020\/03\/37E81081-806D-4A1C-846F-81318407952D.jpg","datePublished":"2020-03-12T15:30:42+00:00","dateModified":"2025-11-25T17:36:28+00:00","breadcrumb":{"@id":"https:\/\/sklep.edudomo.pl\/sklep\/fazy-ksiezyca-moon-phases-puzzle-z-kartami-trojdzielnymi\/#breadcrumb"},"inLanguage":"en-GB","potentialAction":[{"@type":"ReadAction","target":["https:\/\/sklep.edudomo.pl\/sklep\/fazy-ksiezyca-moon-phases-puzzle-z-kartami-trojdzielnymi\/"]}]},{"@type":"ImageObject","inLanguage":"en-GB","@id":"https:\/\/sklep.edudomo.pl\/sklep\/fazy-ksiezyca-moon-phases-puzzle-z-kartami-trojdzielnymi\/#primaryimage","url":"https:\/\/sklep.edudomo.pl\/wp-content\/uploads\/2020\/03\/37E81081-806D-4A1C-846F-81318407952D.jpg","contentUrl":"https:\/\/sklep.edudomo.pl\/wp-content\/uploads\/2020\/03\/37E81081-806D-4A1C-846F-81318407952D.jpg","width":883,"height":640,"caption":"Fazy Ksi\u0119\u017cyca. Moon Phases. PUZZLE z kartami tr\u00f3jdzielnymi"},{"@type":"BreadcrumbList","@id":"https:\/\/sklep.edudomo.pl\/sklep\/fazy-ksiezyca-moon-phases-puzzle-z-kartami-trojdzielnymi\/#breadcrumb","itemListElement":[{"@type":"ListItem","position":1,"name":"Strona g\u0142\u00f3wna","item":"https:\/\/sklep.edudomo.pl\/"},{"@type":"ListItem","position":2,"name":"Sklep","item":"https:\/\/sklep.edudomo.pl\/"},{"@type":"ListItem","position":3,"name":"Fazy Ksi\u0119\u017cyca. \/Moon Phases. PUZZLE z kartami tr\u00f3jdzielnymi"}]},{"@type":"WebSite","@id":"https:\/\/sklep.edudomo.pl\/#website","url":"https:\/\/sklep.edudomo.pl\/","name":"sklep EduDoMo","description":"Edukacja Domowa. Terapia. Wspieranie Talent&oacute;w","publisher":{"@id":"https:\/\/sklep.edudomo.pl\/#organization"},"potentialAction":[{"@type":"SearchAction","target":{"@type":"EntryPoint","urlTemplate":"https:\/\/sklep.edudomo.pl\/?s={search_term_string}"},"query-input":{"@type":"PropertyValueSpecification","valueRequired":true,"valueName":"search_term_string"}}],"inLanguage":"en-GB"},{"@type":"Organization","@id":"https:\/\/sklep.edudomo.pl\/#organization","name":"EduDoMo","url":"https:\/\/sklep.edudomo.pl\/","logo":{"@type":"ImageObject","inLanguage":"en-GB","@id":"https:\/\/sklep.edudomo.pl\/#\/schema\/logo\/image\/","url":"https:\/\/sklep.edudomo.pl\/wp-content\/uploads\/2019\/11\/cropped-logo-edudomo-sowa.jpg","contentUrl":"https:\/\/sklep.edudomo.pl\/wp-content\/uploads\/2019\/11\/cropped-logo-edudomo-sowa.jpg","width":120,"height":120,"caption":"EduDoMo"},"image":{"@id":"https:\/\/sklep.edudomo.pl\/#\/schema\/logo\/image\/"}}]}},"jetpack_sharing_enabled":true,"_links":{"self":[{"href":"https:\/\/sklep.edudomo.pl\/en\/wp-json\/wp\/v2\/product\/1754","targetHints":{"allow":["GET"]}}],"collection":[{"href":"https:\/\/sklep.edudomo.pl\/en\/wp-json\/wp\/v2\/product"}],"about":[{"href":"https:\/\/sklep.edudomo.pl\/en\/wp-json\/wp\/v2\/types\/product"}],"replies":[{"embeddable":true,"href":"https:\/\/sklep.edudomo.pl\/en\/wp-json\/wp\/v2\/comments?post=1754"}],"wp:featuredmedia":[{"embeddable":true,"href":"https:\/\/sklep.edudomo.pl\/en\/wp-json\/wp\/v2\/media\/1756"}],"wp:attachment":[{"href":"https:\/\/sklep.edudomo.pl\/en\/wp-json\/wp\/v2\/media?parent=1754"}],"wp:term":[{"taxonomy":"product_brand","embeddable":true,"href":"https:\/\/sklep.edudomo.pl\/en\/wp-json\/wp\/v2\/product_brand?post=1754"},{"taxonomy":"product_cat","embeddable":true,"href":"https:\/\/sklep.edudomo.pl\/en\/wp-json\/wp\/v2\/product_cat?post=1754"},{"taxonomy":"product_tag","embeddable":true,"href":"https:\/\/sklep.edudomo.pl\/en\/wp-json\/wp\/v2\/product_tag?post=1754"}],"curies":[{"name":"wp","href":"https:\/\/api.w.org\/{rel}","templated":true}]}}