{"id":1762,"date":"2020-03-12T18:09:00","date_gmt":"2020-03-12T18:09:00","guid":{"rendered":"https:\/\/sklep.edudomo.pl\/?post_type=product&#038;p=1762"},"modified":"2025-11-25T17:36:36","modified_gmt":"2025-11-25T17:36:36","slug":"1762","status":"publish","type":"product","link":"https:\/\/sklep.edudomo.pl\/en\/sklep\/1762\/","title":{"rendered":"Termometr edukacyjny EduDoMo. Wersja angielska."},"content":{"rendered":"<p>Termometr edukacyjny EduDoMo. Wersja angielska.<\/p>\n<p>To uniwersalna pomoc edukacyjna. S\u0105 to puzzle do nauki odczytu oraz wskazywania temperatury. Uk\u0142adanka zawiera dwie skale: Celsjusza oraz Fahrenheita.<\/p>\n<p>Wyznaczone jest 6 punkt\u00f3w temperatury, gdzie dziecko musi wskaza\u0107 za pomoc\u0105 kolorowego elementu przedstawiaj\u0105cego rt\u0119\u0107 oraz dopasowa\u0107 opis i zapis w stopniach. Puzzle zawieraj\u0105 karty kontrolne, gdzie dziecko mo\u017ce samodzielnie sprawdzi\u0107 poprawno\u015b\u0107 wykonanego zadania.<\/p>\n<p>Ponadto do\u0142\u0105czone s\u0105 wska\u017aniki niebieskie i czerwone przedstawiaj\u0105ce rt\u0119\u0107, gdzie dziecko samodzielnie wskazuje dan\u0105 temperatur\u0119.<\/p>\n<p>Zestaw zawiera:<\/p>\n<p>\u2013 12 etykietek wielko\u015bci 6,5cm x2,6cm<\/p>\n<p>\u2013 5 kart kontrolnych 6,6cm x 5,4cm<\/p>\n<p>\u2013 8 kolorowych element\u00f3w przedstawiaj\u0105cych rt\u0119\u0107<\/p>\n<p>\u2013 plansza z termometrem o wielko\u015bci 34,5cm x 34,5cm<\/p>\n<p>ang<\/p>\n<p><u>The educational EduDoMo thermometer<\/u><\/p>\n<p>The EduDoMo thermometer is an universal educational help. It\u2019s a puzzle set for learning how to read the temperature. The thermometer has two scales: Celsius and Fahrenheit.<\/p>\n<p>There are six temperature points for the child to identify using coulored elements that symbolise mercury. Description and correlating temperature should also be matched.<\/p>\n<p>The puzzle contains answer charts that can be used to check answers. Moreover, the coloured (blue and red) elements depicting mercury are also included.<\/p>\n<p>The set consists of:<\/p>\n<p>&#8211; 12 labels (6,5cm x 2,6cm)<\/p>\n<p>&#8211; 5 answer charts (6,6cm x 5,4cm)<\/p>\n<p>&#8211; 8 coloured elements symbolizing mercury<\/p>\n<p>&#8211; a board with the thermometer (34,5cm x 34,5cm)<\/p>\n","protected":false},"excerpt":{"rendered":"<p>Termometr edukacyjny EduDoMo. Wersja angielska. To uniwersalna pomoc edukacyjna. S\u0105 to puzzle do nauki odczytu oraz wskazywania temperatury. Uk\u0142adanka zawiera dwie skale: Celsjusza oraz Fahrenheita. Wyznaczone jest 6 punkt\u00f3w temperatury, gdzie dziecko musi wskaza\u0107 za pomoc\u0105 kolorowego elementu przedstawiaj\u0105cego rt\u0119\u0107 oraz dopasowa\u0107 opis i zapis w stopniach. Puzzle zawieraj\u0105 karty kontrolne, gdzie dziecko mo\u017ce samodzielnie<span class=\"read-more-faq\"><a href=\"https:\/\/sklep.edudomo.pl\/en\/sklep\/1762\/\">Read More<\/a><\/span><\/p>\n","protected":false},"featured_media":5826,"comment_status":"open","ping_status":"closed","template":"","meta":[],"product_brand":[],"product_cat":[85],"product_tag":[55],"class_list":{"0":"post-1762","1":"product","2":"type-product","3":"status-publish","4":"has-post-thumbnail","6":"product_cat-eukacja-matematyczna","7":"product_tag-termometr-edukacyjny-edudomo-wersja-angielska","8":"product_shipping_class-stawka-niska","10":"first","11":"onbackorder","12":"taxable","13":"shipping-taxable","14":"purchasable","15":"product-type-simple"},"yoast_head":"<!-- This site is optimized with the Yoast SEO plugin v26.5 - https:\/\/yoast.com\/wordpress\/plugins\/seo\/ -->\n<title>Termometr edukacyjny EduDoMo. Wersja angielska.<\/title>\n<meta name=\"description\" content=\"The educational EduDoMo thermometerThe EduDoMo thermometer is an universal educational help. It\u2019s a puzzle set for learning how to read the temperature. The thermometer has two scales: Celsius and Fahrenheit.There are six temperature points for the child to identify using coulored elements that symbolise mercury. Description and correlating temperature should also be matched.The puzzle contains answer charts that can be used to check answers. Moreover, the coloured (blue and red) elements depicting mercury are also included.\" \/>\n<meta name=\"robots\" content=\"index, follow, max-snippet:-1, max-image-preview:large, max-video-preview:-1\" \/>\n<link rel=\"canonical\" href=\"https:\/\/sklep.edudomo.pl\/en\/sklep\/1762\/\" \/>\n<meta property=\"og:locale\" content=\"en_GB\" \/>\n<meta property=\"og:locale:alternate\" content=\"pl_PL\" \/>\n<meta property=\"og:type\" content=\"article\" \/>\n<meta property=\"og:title\" content=\"Termometr edukacyjny EduDoMo. Wersja angielska.\" \/>\n<meta property=\"og:description\" content=\"The educational EduDoMo thermometerThe EduDoMo thermometer is an universal educational help. It\u2019s a puzzle set for learning how to read the temperature. The thermometer has two scales: Celsius and Fahrenheit.There are six temperature points for the child to identify using coulored elements that symbolise mercury. Description and correlating temperature should also be matched.The puzzle contains answer charts that can be used to check answers. Moreover, the coloured (blue and red) elements depicting mercury are also included.\" \/>\n<meta property=\"og:url\" content=\"https:\/\/sklep.edudomo.pl\/en\/sklep\/1762\/\" \/>\n<meta property=\"og:site_name\" content=\"sklep EduDoMo\" \/>\n<meta property=\"article:modified_time\" content=\"2025-11-25T17:36:36+00:00\" \/>\n<meta property=\"og:image\" content=\"https:\/\/sklep.edudomo.pl\/wp-content\/uploads\/2020\/03\/IMG_8104.jpg\" \/>\n\t<meta property=\"og:image:width\" content=\"640\" \/>\n\t<meta property=\"og:image:height\" content=\"596\" \/>\n\t<meta property=\"og:image:type\" content=\"image\/jpeg\" \/>\n<meta name=\"twitter:card\" content=\"summary_large_image\" \/>\n<meta name=\"twitter:label1\" content=\"Estimated reading time\" \/>\n\t<meta name=\"twitter:data1\" content=\"1 minute\" \/>\n<script type=\"application\/ld+json\" class=\"yoast-schema-graph\">{\"@context\":\"https:\/\/schema.org\",\"@graph\":[{\"@type\":\"WebPage\",\"@id\":\"https:\/\/sklep.edudomo.pl\/sklep\/1762\/\",\"url\":\"https:\/\/sklep.edudomo.pl\/sklep\/1762\/\",\"name\":\"Termometr edukacyjny EduDoMo. Wersja angielska.\",\"isPartOf\":{\"@id\":\"https:\/\/sklep.edudomo.pl\/#website\"},\"primaryImageOfPage\":{\"@id\":\"https:\/\/sklep.edudomo.pl\/sklep\/1762\/#primaryimage\"},\"image\":{\"@id\":\"https:\/\/sklep.edudomo.pl\/sklep\/1762\/#primaryimage\"},\"thumbnailUrl\":\"https:\/\/sklep.edudomo.pl\/wp-content\/uploads\/2020\/03\/IMG_8104.jpg\",\"datePublished\":\"2020-03-12T18:09:00+00:00\",\"dateModified\":\"2025-11-25T17:36:36+00:00\",\"description\":\"The educational EduDoMo thermometerThe EduDoMo thermometer is an universal educational help. It\u2019s a puzzle set for learning how to read the temperature. The thermometer has two scales: Celsius and Fahrenheit.There are six temperature points for the child to identify using coulored elements that symbolise mercury. Description and correlating temperature should also be matched.The puzzle contains answer charts that can be used to check answers. Moreover, the coloured (blue and red) elements depicting mercury are also included.\",\"breadcrumb\":{\"@id\":\"https:\/\/sklep.edudomo.pl\/sklep\/1762\/#breadcrumb\"},\"inLanguage\":\"en-GB\",\"potentialAction\":[{\"@type\":\"ReadAction\",\"target\":[\"https:\/\/sklep.edudomo.pl\/sklep\/1762\/\"]}]},{\"@type\":\"ImageObject\",\"inLanguage\":\"en-GB\",\"@id\":\"https:\/\/sklep.edudomo.pl\/sklep\/1762\/#primaryimage\",\"url\":\"https:\/\/sklep.edudomo.pl\/wp-content\/uploads\/2020\/03\/IMG_8104.jpg\",\"contentUrl\":\"https:\/\/sklep.edudomo.pl\/wp-content\/uploads\/2020\/03\/IMG_8104.jpg\",\"width\":640,\"height\":596,\"caption\":\"Eng termometr EduDoMo\"},{\"@type\":\"BreadcrumbList\",\"@id\":\"https:\/\/sklep.edudomo.pl\/sklep\/1762\/#breadcrumb\",\"itemListElement\":[{\"@type\":\"ListItem\",\"position\":1,\"name\":\"Strona g\u0142\u00f3wna\",\"item\":\"https:\/\/sklep.edudomo.pl\/\"},{\"@type\":\"ListItem\",\"position\":2,\"name\":\"Sklep\",\"item\":\"https:\/\/sklep.edudomo.pl\/\"},{\"@type\":\"ListItem\",\"position\":3,\"name\":\"Termometr edukacyjny EduDoMo. Wersja angielska.\"}]},{\"@type\":\"WebSite\",\"@id\":\"https:\/\/sklep.edudomo.pl\/#website\",\"url\":\"https:\/\/sklep.edudomo.pl\/\",\"name\":\"sklep EduDoMo\",\"description\":\"Edukacja Domowa. Terapia. Wspieranie Talent&oacute;w\",\"publisher\":{\"@id\":\"https:\/\/sklep.edudomo.pl\/#organization\"},\"potentialAction\":[{\"@type\":\"SearchAction\",\"target\":{\"@type\":\"EntryPoint\",\"urlTemplate\":\"https:\/\/sklep.edudomo.pl\/?s={search_term_string}\"},\"query-input\":{\"@type\":\"PropertyValueSpecification\",\"valueRequired\":true,\"valueName\":\"search_term_string\"}}],\"inLanguage\":\"en-GB\"},{\"@type\":\"Organization\",\"@id\":\"https:\/\/sklep.edudomo.pl\/#organization\",\"name\":\"EduDoMo\",\"url\":\"https:\/\/sklep.edudomo.pl\/\",\"logo\":{\"@type\":\"ImageObject\",\"inLanguage\":\"en-GB\",\"@id\":\"https:\/\/sklep.edudomo.pl\/#\/schema\/logo\/image\/\",\"url\":\"https:\/\/sklep.edudomo.pl\/wp-content\/uploads\/2019\/11\/cropped-logo-edudomo-sowa.jpg\",\"contentUrl\":\"https:\/\/sklep.edudomo.pl\/wp-content\/uploads\/2019\/11\/cropped-logo-edudomo-sowa.jpg\",\"width\":120,\"height\":120,\"caption\":\"EduDoMo\"},\"image\":{\"@id\":\"https:\/\/sklep.edudomo.pl\/#\/schema\/logo\/image\/\"}}]}<\/script>\n<!-- \/ Yoast SEO plugin. -->","yoast_head_json":{"title":"Termometr edukacyjny EduDoMo. Wersja angielska.","description":"The educational EduDoMo thermometerThe EduDoMo thermometer is an universal educational help. It\u2019s a puzzle set for learning how to read the temperature. The thermometer has two scales: Celsius and Fahrenheit.There are six temperature points for the child to identify using coulored elements that symbolise mercury. Description and correlating temperature should also be matched.The puzzle contains answer charts that can be used to check answers. Moreover, the coloured (blue and red) elements depicting mercury are also included.","robots":{"index":"index","follow":"follow","max-snippet":"max-snippet:-1","max-image-preview":"max-image-preview:large","max-video-preview":"max-video-preview:-1"},"canonical":"https:\/\/sklep.edudomo.pl\/en\/sklep\/1762\/","og_locale":"en_GB","og_type":"article","og_title":"[:pl]Termometr edukacyjny EduDoMo. Wersja angielska.[:] - sklep EduDoMo","og_description":"The educational EduDoMo thermometerThe EduDoMo thermometer is an universal educational help. It\u2019s a puzzle set for learning how to read the temperature. The thermometer has two scales: Celsius and Fahrenheit.There are six temperature points for the child to identify using coulored elements that symbolise mercury. Description and correlating temperature should also be matched.The puzzle contains answer charts that can be used to check answers. Moreover, the coloured (blue and red) elements depicting mercury are also included.","og_url":"https:\/\/sklep.edudomo.pl\/en\/sklep\/1762\/","og_site_name":"sklep EduDoMo","article_modified_time":"2025-11-25T17:36:36+00:00","og_image":[{"width":640,"height":596,"url":"https:\/\/sklep.edudomo.pl\/wp-content\/uploads\/2020\/03\/IMG_8104.jpg","type":"image\/jpeg"}],"twitter_card":"summary_large_image","twitter_misc":{"Estimated reading time":"1 minute"},"schema":{"@context":"https:\/\/schema.org","@graph":[{"@type":"WebPage","@id":"https:\/\/sklep.edudomo.pl\/sklep\/1762\/","url":"https:\/\/sklep.edudomo.pl\/sklep\/1762\/","name":"Termometr edukacyjny EduDoMo. Wersja angielska.","isPartOf":{"@id":"https:\/\/sklep.edudomo.pl\/#website"},"primaryImageOfPage":{"@id":"https:\/\/sklep.edudomo.pl\/sklep\/1762\/#primaryimage"},"image":{"@id":"https:\/\/sklep.edudomo.pl\/sklep\/1762\/#primaryimage"},"thumbnailUrl":"https:\/\/sklep.edudomo.pl\/wp-content\/uploads\/2020\/03\/IMG_8104.jpg","datePublished":"2020-03-12T18:09:00+00:00","dateModified":"2025-11-25T17:36:36+00:00","description":"The educational EduDoMo thermometerThe EduDoMo thermometer is an universal educational help. It\u2019s a puzzle set for learning how to read the temperature. The thermometer has two scales: Celsius and Fahrenheit.There are six temperature points for the child to identify using coulored elements that symbolise mercury. Description and correlating temperature should also be matched.The puzzle contains answer charts that can be used to check answers. Moreover, the coloured (blue and red) elements depicting mercury are also included.","breadcrumb":{"@id":"https:\/\/sklep.edudomo.pl\/sklep\/1762\/#breadcrumb"},"inLanguage":"en-GB","potentialAction":[{"@type":"ReadAction","target":["https:\/\/sklep.edudomo.pl\/sklep\/1762\/"]}]},{"@type":"ImageObject","inLanguage":"en-GB","@id":"https:\/\/sklep.edudomo.pl\/sklep\/1762\/#primaryimage","url":"https:\/\/sklep.edudomo.pl\/wp-content\/uploads\/2020\/03\/IMG_8104.jpg","contentUrl":"https:\/\/sklep.edudomo.pl\/wp-content\/uploads\/2020\/03\/IMG_8104.jpg","width":640,"height":596,"caption":"Eng termometr EduDoMo"},{"@type":"BreadcrumbList","@id":"https:\/\/sklep.edudomo.pl\/sklep\/1762\/#breadcrumb","itemListElement":[{"@type":"ListItem","position":1,"name":"Strona g\u0142\u00f3wna","item":"https:\/\/sklep.edudomo.pl\/"},{"@type":"ListItem","position":2,"name":"Sklep","item":"https:\/\/sklep.edudomo.pl\/"},{"@type":"ListItem","position":3,"name":"Termometr edukacyjny EduDoMo. Wersja angielska."}]},{"@type":"WebSite","@id":"https:\/\/sklep.edudomo.pl\/#website","url":"https:\/\/sklep.edudomo.pl\/","name":"sklep EduDoMo","description":"Edukacja Domowa. Terapia. Wspieranie Talent&oacute;w","publisher":{"@id":"https:\/\/sklep.edudomo.pl\/#organization"},"potentialAction":[{"@type":"SearchAction","target":{"@type":"EntryPoint","urlTemplate":"https:\/\/sklep.edudomo.pl\/?s={search_term_string}"},"query-input":{"@type":"PropertyValueSpecification","valueRequired":true,"valueName":"search_term_string"}}],"inLanguage":"en-GB"},{"@type":"Organization","@id":"https:\/\/sklep.edudomo.pl\/#organization","name":"EduDoMo","url":"https:\/\/sklep.edudomo.pl\/","logo":{"@type":"ImageObject","inLanguage":"en-GB","@id":"https:\/\/sklep.edudomo.pl\/#\/schema\/logo\/image\/","url":"https:\/\/sklep.edudomo.pl\/wp-content\/uploads\/2019\/11\/cropped-logo-edudomo-sowa.jpg","contentUrl":"https:\/\/sklep.edudomo.pl\/wp-content\/uploads\/2019\/11\/cropped-logo-edudomo-sowa.jpg","width":120,"height":120,"caption":"EduDoMo"},"image":{"@id":"https:\/\/sklep.edudomo.pl\/#\/schema\/logo\/image\/"}}]}},"jetpack_sharing_enabled":true,"_links":{"self":[{"href":"https:\/\/sklep.edudomo.pl\/en\/wp-json\/wp\/v2\/product\/1762","targetHints":{"allow":["GET"]}}],"collection":[{"href":"https:\/\/sklep.edudomo.pl\/en\/wp-json\/wp\/v2\/product"}],"about":[{"href":"https:\/\/sklep.edudomo.pl\/en\/wp-json\/wp\/v2\/types\/product"}],"replies":[{"embeddable":true,"href":"https:\/\/sklep.edudomo.pl\/en\/wp-json\/wp\/v2\/comments?post=1762"}],"wp:featuredmedia":[{"embeddable":true,"href":"https:\/\/sklep.edudomo.pl\/en\/wp-json\/wp\/v2\/media\/5826"}],"wp:attachment":[{"href":"https:\/\/sklep.edudomo.pl\/en\/wp-json\/wp\/v2\/media?parent=1762"}],"wp:term":[{"taxonomy":"product_brand","embeddable":true,"href":"https:\/\/sklep.edudomo.pl\/en\/wp-json\/wp\/v2\/product_brand?post=1762"},{"taxonomy":"product_cat","embeddable":true,"href":"https:\/\/sklep.edudomo.pl\/en\/wp-json\/wp\/v2\/product_cat?post=1762"},{"taxonomy":"product_tag","embeddable":true,"href":"https:\/\/sklep.edudomo.pl\/en\/wp-json\/wp\/v2\/product_tag?post=1762"}],"curies":[{"name":"wp","href":"https:\/\/api.w.org\/{rel}","templated":true}]}}