{"id":1786,"date":"2020-03-19T14:38:38","date_gmt":"2020-03-19T14:38:38","guid":{"rendered":"https:\/\/sklep.edudomo.pl\/?post_type=product&#038;p=1786"},"modified":"2025-10-26T06:11:02","modified_gmt":"2025-10-26T06:11:02","slug":"ruch-obrotowy-ziemi","status":"publish","type":"product","link":"https:\/\/sklep.edudomo.pl\/en\/sklep\/ruch-obrotowy-ziemi\/","title":{"rendered":"Ruch obiegowy Ziemi."},"content":{"rendered":"<p>Ruch obiegowy Ziemi. To puzzle EduDoMo, kt\u00f3re maj\u0105 za zadanie przedstawi\u0107 i zrozumie\u0107 podstawowe poj\u0119cia (aphelium i peryhelium), przybli\u017cy\u0107 wiedz\u0119 w jaki spos\u00f3b kr\u0119ci si\u0119 Ziemia i jak obiega S\u0142o\u0144ce.<\/p>\n<p>Jak podczas w\u0119dr\u00f3wki Ziemi po swojej orbicie jest o\u015bwietlona przez S\u0142o\u0144ce?<\/p>\n<p>Jak to si\u0119 dzieje, \u017ce mamy 4 pory roku?<\/p>\n<p>W kt\u00f3rych miejscach w\u0119dr\u00f3wki Ziemi po orbicie wyst\u0119puj\u0105 kolejne miesi\u0105ce?<\/p>\n<p>Ponadto, zestaw zawiera dwa komplety dwustronnych etykietek. Na awersach nazwy miesi\u0119cy a na rewersach ich system numeryczny. 1 komplet \u2013 zapis w postaci cyfr arabskich, 2 komplet zapis w postaci cyfr rzymskich. To znakomity zestaw kart do gry w MEMO.<\/p>\n<p>Zestaw zawiera:<\/p>\n<p>-1plansza o wymiarach 55cm x 27cm (dost\u0119pna w wersji niemalowanej na czarno)<\/p>\n<p>&#8211; 4 ko\u0142a o \u015brednicy 7,5cm. Na awersie mapa Ziemi z kontynentami oraz r\u00f3wnikiem, r\u00f3wnole\u017cnikami (Zwrotnik Raka oraz Zwrotnik Kozioro\u017cca)i osi\u0105 ziemi. Na rewersie pomalowana Ziemia przedstawiaj\u0105ca zacienione oraz o\u015bwietlenie przez S\u0142o\u0144ce)<\/p>\n<p>&#8211; 24 etykiety o wymiarach 8,3cm x 2,2cm. 1 komplet z nazwami miesi\u0119cy oraz zapisem numerycznym w postaci cyfr arabskich, 2 komplet z nazwami miesi\u0119cy oraz zapisem numerycznym w postaci cyfr rzymskimi.<\/p>\n","protected":false},"excerpt":{"rendered":"<p>Ruch obiegowy Ziemi. To puzzle EduDoMo, kt\u00f3re maj\u0105 za zadanie przedstawi\u0107 i zrozumie\u0107 podstawowe poj\u0119cia (aphelium i peryhelium), przybli\u017cy\u0107 wiedz\u0119 w jaki spos\u00f3b kr\u0119ci si\u0119 Ziemia i jak obiega S\u0142o\u0144ce. Jak podczas w\u0119dr\u00f3wki Ziemi po swojej orbicie jest o\u015bwietlona przez S\u0142o\u0144ce? Jak to si\u0119 dzieje, \u017ce mamy 4 pory roku? W kt\u00f3rych miejscach w\u0119dr\u00f3wki Ziemi<span class=\"read-more-faq\"><a href=\"https:\/\/sklep.edudomo.pl\/en\/sklep\/ruch-obrotowy-ziemi\/\">Read More<\/a><\/span><\/p>\n","protected":false},"featured_media":9241,"comment_status":"open","ping_status":"closed","template":"","meta":[],"product_brand":[],"product_cat":[84],"product_tag":[59],"class_list":{"0":"post-1786","1":"product","2":"type-product","3":"status-publish","4":"has-post-thumbnail","6":"product_cat-edukacja-kosmiczna","7":"product_tag-ruch-obrotowy-ziemi-nazwy-miesiecy","8":"product_shipping_class-stawka-niska","10":"first","11":"onbackorder","12":"taxable","13":"shipping-taxable","14":"purchasable","15":"product-type-simple"},"yoast_head":"<!-- This site is optimized with the Yoast SEO plugin v26.5 - https:\/\/yoast.com\/wordpress\/plugins\/seo\/ -->\n<title>Ruch obiegowy Ziemi.<\/title>\n<meta name=\"robots\" content=\"index, follow, max-snippet:-1, max-image-preview:large, max-video-preview:-1\" \/>\n<link rel=\"canonical\" href=\"https:\/\/sklep.edudomo.pl\/en\/sklep\/ruch-obrotowy-ziemi\/\" \/>\n<meta property=\"og:locale\" content=\"en_GB\" \/>\n<meta property=\"og:locale:alternate\" content=\"pl_PL\" \/>\n<meta property=\"og:type\" content=\"article\" \/>\n<meta property=\"og:title\" content=\"Ruch obiegowy Ziemi.\" \/>\n<meta property=\"og:description\" content=\"Ruch obiegowy Ziemi. To puzzle EduDoMo, kt\u00f3re maj\u0105 za zadanie przedstawi\u0107 i zrozumie\u0107 podstawowe poj\u0119cia (aphelium i peryhelium), przybli\u017cy\u0107 wiedz\u0119 w jaki spos\u00f3b kr\u0119ci si\u0119 Ziemia i jak obiega S\u0142o\u0144ce. Jak podczas w\u0119dr\u00f3wki Ziemi po swojej orbicie jest o\u015bwietlona przez S\u0142o\u0144ce? Jak to si\u0119 dzieje, \u017ce mamy 4 pory roku? W kt\u00f3rych miejscach w\u0119dr\u00f3wki ZiemiRead More\" \/>\n<meta property=\"og:url\" content=\"https:\/\/sklep.edudomo.pl\/en\/sklep\/ruch-obrotowy-ziemi\/\" \/>\n<meta property=\"og:site_name\" content=\"sklep EduDoMo\" \/>\n<meta property=\"article:modified_time\" content=\"2025-10-26T06:11:02+00:00\" \/>\n<meta property=\"og:image\" content=\"https:\/\/sklep.edudomo.pl\/wp-content\/uploads\/2020\/03\/IMG_6290.jpg\" \/>\n\t<meta property=\"og:image:width\" content=\"640\" \/>\n\t<meta property=\"og:image:height\" content=\"480\" \/>\n\t<meta property=\"og:image:type\" content=\"image\/jpeg\" \/>\n<meta name=\"twitter:card\" content=\"summary_large_image\" \/>\n<meta name=\"twitter:label1\" content=\"Estimated reading time\" \/>\n\t<meta name=\"twitter:data1\" content=\"1 minute\" \/>\n<script type=\"application\/ld+json\" class=\"yoast-schema-graph\">{\"@context\":\"https:\/\/schema.org\",\"@graph\":[{\"@type\":\"WebPage\",\"@id\":\"https:\/\/sklep.edudomo.pl\/sklep\/ruch-obrotowy-ziemi\/\",\"url\":\"https:\/\/sklep.edudomo.pl\/sklep\/ruch-obrotowy-ziemi\/\",\"name\":\"Ruch obiegowy Ziemi.\",\"isPartOf\":{\"@id\":\"https:\/\/sklep.edudomo.pl\/#website\"},\"primaryImageOfPage\":{\"@id\":\"https:\/\/sklep.edudomo.pl\/sklep\/ruch-obrotowy-ziemi\/#primaryimage\"},\"image\":{\"@id\":\"https:\/\/sklep.edudomo.pl\/sklep\/ruch-obrotowy-ziemi\/#primaryimage\"},\"thumbnailUrl\":\"https:\/\/sklep.edudomo.pl\/wp-content\/uploads\/2020\/03\/IMG_6290.jpg\",\"datePublished\":\"2020-03-19T14:38:38+00:00\",\"dateModified\":\"2025-10-26T06:11:02+00:00\",\"breadcrumb\":{\"@id\":\"https:\/\/sklep.edudomo.pl\/sklep\/ruch-obrotowy-ziemi\/#breadcrumb\"},\"inLanguage\":\"en-GB\",\"potentialAction\":[{\"@type\":\"ReadAction\",\"target\":[\"https:\/\/sklep.edudomo.pl\/sklep\/ruch-obrotowy-ziemi\/\"]}]},{\"@type\":\"ImageObject\",\"inLanguage\":\"en-GB\",\"@id\":\"https:\/\/sklep.edudomo.pl\/sklep\/ruch-obrotowy-ziemi\/#primaryimage\",\"url\":\"https:\/\/sklep.edudomo.pl\/wp-content\/uploads\/2020\/03\/IMG_6290.jpg\",\"contentUrl\":\"https:\/\/sklep.edudomo.pl\/wp-content\/uploads\/2020\/03\/IMG_6290.jpg\",\"width\":640,\"height\":480,\"caption\":\"Ruch obiegowy Ziemi\"},{\"@type\":\"BreadcrumbList\",\"@id\":\"https:\/\/sklep.edudomo.pl\/sklep\/ruch-obrotowy-ziemi\/#breadcrumb\",\"itemListElement\":[{\"@type\":\"ListItem\",\"position\":1,\"name\":\"Strona g\u0142\u00f3wna\",\"item\":\"https:\/\/sklep.edudomo.pl\/\"},{\"@type\":\"ListItem\",\"position\":2,\"name\":\"Sklep\",\"item\":\"https:\/\/sklep.edudomo.pl\/\"},{\"@type\":\"ListItem\",\"position\":3,\"name\":\"Ruch Obrotowy Ziemi.\"}]},{\"@type\":\"WebSite\",\"@id\":\"https:\/\/sklep.edudomo.pl\/#website\",\"url\":\"https:\/\/sklep.edudomo.pl\/\",\"name\":\"sklep EduDoMo\",\"description\":\"Edukacja Domowa. Terapia. Wspieranie Talent&oacute;w\",\"publisher\":{\"@id\":\"https:\/\/sklep.edudomo.pl\/#organization\"},\"potentialAction\":[{\"@type\":\"SearchAction\",\"target\":{\"@type\":\"EntryPoint\",\"urlTemplate\":\"https:\/\/sklep.edudomo.pl\/?s={search_term_string}\"},\"query-input\":{\"@type\":\"PropertyValueSpecification\",\"valueRequired\":true,\"valueName\":\"search_term_string\"}}],\"inLanguage\":\"en-GB\"},{\"@type\":\"Organization\",\"@id\":\"https:\/\/sklep.edudomo.pl\/#organization\",\"name\":\"EduDoMo\",\"url\":\"https:\/\/sklep.edudomo.pl\/\",\"logo\":{\"@type\":\"ImageObject\",\"inLanguage\":\"en-GB\",\"@id\":\"https:\/\/sklep.edudomo.pl\/#\/schema\/logo\/image\/\",\"url\":\"https:\/\/sklep.edudomo.pl\/wp-content\/uploads\/2019\/11\/cropped-logo-edudomo-sowa.jpg\",\"contentUrl\":\"https:\/\/sklep.edudomo.pl\/wp-content\/uploads\/2019\/11\/cropped-logo-edudomo-sowa.jpg\",\"width\":120,\"height\":120,\"caption\":\"EduDoMo\"},\"image\":{\"@id\":\"https:\/\/sklep.edudomo.pl\/#\/schema\/logo\/image\/\"}}]}<\/script>\n<!-- \/ Yoast SEO plugin. -->","yoast_head_json":{"title":"Ruch obiegowy Ziemi.","robots":{"index":"index","follow":"follow","max-snippet":"max-snippet:-1","max-image-preview":"max-image-preview:large","max-video-preview":"max-video-preview:-1"},"canonical":"https:\/\/sklep.edudomo.pl\/en\/sklep\/ruch-obrotowy-ziemi\/","og_locale":"en_GB","og_type":"article","og_title":"[:pl]Ruch Obrotowy Ziemi.[:en]Ruch obiegowy Ziemi.[:] - sklep EduDoMo","og_description":"Ruch obiegowy Ziemi. To puzzle EduDoMo, kt\u00f3re maj\u0105 za zadanie przedstawi\u0107 i zrozumie\u0107 podstawowe poj\u0119cia (aphelium i peryhelium), przybli\u017cy\u0107 wiedz\u0119 w jaki spos\u00f3b kr\u0119ci si\u0119 Ziemia i jak obiega S\u0142o\u0144ce. Jak podczas w\u0119dr\u00f3wki Ziemi po swojej orbicie jest o\u015bwietlona przez S\u0142o\u0144ce? Jak to si\u0119 dzieje, \u017ce mamy 4 pory roku? W kt\u00f3rych miejscach w\u0119dr\u00f3wki ZiemiRead More","og_url":"https:\/\/sklep.edudomo.pl\/en\/sklep\/ruch-obrotowy-ziemi\/","og_site_name":"sklep EduDoMo","article_modified_time":"2025-10-26T06:11:02+00:00","og_image":[{"width":640,"height":480,"url":"https:\/\/sklep.edudomo.pl\/wp-content\/uploads\/2020\/03\/IMG_6290.jpg","type":"image\/jpeg"}],"twitter_card":"summary_large_image","twitter_misc":{"Estimated reading time":"1 minute"},"schema":{"@context":"https:\/\/schema.org","@graph":[{"@type":"WebPage","@id":"https:\/\/sklep.edudomo.pl\/sklep\/ruch-obrotowy-ziemi\/","url":"https:\/\/sklep.edudomo.pl\/sklep\/ruch-obrotowy-ziemi\/","name":"Ruch obiegowy Ziemi.","isPartOf":{"@id":"https:\/\/sklep.edudomo.pl\/#website"},"primaryImageOfPage":{"@id":"https:\/\/sklep.edudomo.pl\/sklep\/ruch-obrotowy-ziemi\/#primaryimage"},"image":{"@id":"https:\/\/sklep.edudomo.pl\/sklep\/ruch-obrotowy-ziemi\/#primaryimage"},"thumbnailUrl":"https:\/\/sklep.edudomo.pl\/wp-content\/uploads\/2020\/03\/IMG_6290.jpg","datePublished":"2020-03-19T14:38:38+00:00","dateModified":"2025-10-26T06:11:02+00:00","breadcrumb":{"@id":"https:\/\/sklep.edudomo.pl\/sklep\/ruch-obrotowy-ziemi\/#breadcrumb"},"inLanguage":"en-GB","potentialAction":[{"@type":"ReadAction","target":["https:\/\/sklep.edudomo.pl\/sklep\/ruch-obrotowy-ziemi\/"]}]},{"@type":"ImageObject","inLanguage":"en-GB","@id":"https:\/\/sklep.edudomo.pl\/sklep\/ruch-obrotowy-ziemi\/#primaryimage","url":"https:\/\/sklep.edudomo.pl\/wp-content\/uploads\/2020\/03\/IMG_6290.jpg","contentUrl":"https:\/\/sklep.edudomo.pl\/wp-content\/uploads\/2020\/03\/IMG_6290.jpg","width":640,"height":480,"caption":"Ruch obiegowy Ziemi"},{"@type":"BreadcrumbList","@id":"https:\/\/sklep.edudomo.pl\/sklep\/ruch-obrotowy-ziemi\/#breadcrumb","itemListElement":[{"@type":"ListItem","position":1,"name":"Strona g\u0142\u00f3wna","item":"https:\/\/sklep.edudomo.pl\/"},{"@type":"ListItem","position":2,"name":"Sklep","item":"https:\/\/sklep.edudomo.pl\/"},{"@type":"ListItem","position":3,"name":"Ruch Obrotowy Ziemi."}]},{"@type":"WebSite","@id":"https:\/\/sklep.edudomo.pl\/#website","url":"https:\/\/sklep.edudomo.pl\/","name":"sklep EduDoMo","description":"Edukacja Domowa. Terapia. Wspieranie Talent&oacute;w","publisher":{"@id":"https:\/\/sklep.edudomo.pl\/#organization"},"potentialAction":[{"@type":"SearchAction","target":{"@type":"EntryPoint","urlTemplate":"https:\/\/sklep.edudomo.pl\/?s={search_term_string}"},"query-input":{"@type":"PropertyValueSpecification","valueRequired":true,"valueName":"search_term_string"}}],"inLanguage":"en-GB"},{"@type":"Organization","@id":"https:\/\/sklep.edudomo.pl\/#organization","name":"EduDoMo","url":"https:\/\/sklep.edudomo.pl\/","logo":{"@type":"ImageObject","inLanguage":"en-GB","@id":"https:\/\/sklep.edudomo.pl\/#\/schema\/logo\/image\/","url":"https:\/\/sklep.edudomo.pl\/wp-content\/uploads\/2019\/11\/cropped-logo-edudomo-sowa.jpg","contentUrl":"https:\/\/sklep.edudomo.pl\/wp-content\/uploads\/2019\/11\/cropped-logo-edudomo-sowa.jpg","width":120,"height":120,"caption":"EduDoMo"},"image":{"@id":"https:\/\/sklep.edudomo.pl\/#\/schema\/logo\/image\/"}}]}},"jetpack_sharing_enabled":true,"_links":{"self":[{"href":"https:\/\/sklep.edudomo.pl\/en\/wp-json\/wp\/v2\/product\/1786","targetHints":{"allow":["GET"]}}],"collection":[{"href":"https:\/\/sklep.edudomo.pl\/en\/wp-json\/wp\/v2\/product"}],"about":[{"href":"https:\/\/sklep.edudomo.pl\/en\/wp-json\/wp\/v2\/types\/product"}],"replies":[{"embeddable":true,"href":"https:\/\/sklep.edudomo.pl\/en\/wp-json\/wp\/v2\/comments?post=1786"}],"wp:featuredmedia":[{"embeddable":true,"href":"https:\/\/sklep.edudomo.pl\/en\/wp-json\/wp\/v2\/media\/9241"}],"wp:attachment":[{"href":"https:\/\/sklep.edudomo.pl\/en\/wp-json\/wp\/v2\/media?parent=1786"}],"wp:term":[{"taxonomy":"product_brand","embeddable":true,"href":"https:\/\/sklep.edudomo.pl\/en\/wp-json\/wp\/v2\/product_brand?post=1786"},{"taxonomy":"product_cat","embeddable":true,"href":"https:\/\/sklep.edudomo.pl\/en\/wp-json\/wp\/v2\/product_cat?post=1786"},{"taxonomy":"product_tag","embeddable":true,"href":"https:\/\/sklep.edudomo.pl\/en\/wp-json\/wp\/v2\/product_tag?post=1786"}],"curies":[{"name":"wp","href":"https:\/\/api.w.org\/{rel}","templated":true}]}}