{"id":1810,"date":"2020-03-19T15:06:47","date_gmt":"2020-03-19T15:06:47","guid":{"rendered":"https:\/\/sklep.edudomo.pl\/?post_type=product&#038;p=1810"},"modified":"2025-11-25T17:37:47","modified_gmt":"2025-11-25T17:37:47","slug":"oswietlenie-ziemi-w-ciagu-roku","status":"publish","type":"product","link":"https:\/\/sklep.edudomo.pl\/en\/sklep\/oswietlenie-ziemi-w-ciagu-roku\/","title":{"rendered":"O\u015bwietlenie Ziemi w ci\u0105gu roku."},"content":{"rendered":"<p>O\u015bwietlenie Ziemi w ci\u0105gu roku. To puzzle EduDoMo, kt\u00f3re mog\u0105 by\u0107 uzupe\u0142nieniem do zestawu &#8220;Ruch Obrotowy Ziemi&#8221;.<\/p>\n<p>Puzzle maj\u0105 za zadanie przedstawi\u0107 i zrozumie\u0107 podstawowe poj\u0119cia: przesilenie zimowe, przesilenie letnie, r\u00f3wnonoc jesienna, r\u00f3wnonoc wiosenna). Przybli\u017cy\u0107 wiedz\u0119 w jaki spos\u00f3b w danym czasie o\u015bwietlona jest Ziemia.<\/p>\n<p>Jak podczas w\u0119dr\u00f3wki Ziemi po swojej orbicie jest o\u015bwietlona przez S\u0142o\u0144ce?<\/p>\n<p>Jak to si\u0119 dzieje, \u017ce mamy 4 pory roku?<\/p>\n<p>Wskaza\u0107 kiedy mamy Dzie\u0144 Polarny a kiedy Noc Polarn\u0105. Kiedy Biegun p\u00f3\u0142nocny jest o\u015bwietlony a kiedy Biegun po\u0142udniowy.<\/p>\n<p>Gdzie znajduje si\u0119 zwrotnik Raka, r\u00f3wnik, zwrotnik Kozioro\u017cca, jak zaznaczamy o\u015b Ziemi?<\/p>\n<p>na te i wiele wiele pyta\u0144 mo\u017cemy sobie odpowiedzie\u0107 maj\u0105c owe puzzle.<\/p>\n<p>Zestaw zawiera:<\/p>\n<p>-plansza o wymiarach 47cm x 27cm<\/p>\n<ul>\n<li>karta kontrolna<\/li>\n<li>4 etykiety o wymiarach 15cm x 2cm z nazwami: przesilenie letnie i zimowe, r\u00f3wnonoc jesienna i wiosenna a na odwrotach ich daty.<\/li>\n<li>4 kola o \u015brednicy 15 cm.<\/li>\n<li>1ca\u0142e ko\u0142o: ziemia z zaznaczonymi r\u00f3wnole\u017cnikami i osi\u0105 Ziemi na odwrocie po\u0142owa ko\u0142a DZIE\u0143 a po\u0142owa ko\u0142a NOC<\/li>\n<li>2 komplety przeci\u0119tych k\u00f3\u0142 na po\u0142ow\u0119: z jednej strony DZIE\u0143, z drugiej strony NOC<\/li>\n<li>3 ko\u0142a przeci\u0119te na po\u0142ow\u0119 wzgl\u0119dem osi Ziemi, kt\u00f3re r\u00f3\u017cni\u0105 si\u0119 jej nachyleniem<\/li>\n<\/ul>\n","protected":false},"excerpt":{"rendered":"<p>O\u015bwietlenie Ziemi w ci\u0105gu roku. To puzzle EduDoMo, kt\u00f3re mog\u0105 by\u0107 uzupe\u0142nieniem do zestawu &#8220;Ruch Obrotowy Ziemi&#8221;. Puzzle maj\u0105 za zadanie przedstawi\u0107 i zrozumie\u0107 podstawowe poj\u0119cia: przesilenie zimowe, przesilenie letnie, r\u00f3wnonoc jesienna, r\u00f3wnonoc wiosenna). Przybli\u017cy\u0107 wiedz\u0119 w jaki spos\u00f3b w danym czasie o\u015bwietlona jest Ziemia. Jak podczas w\u0119dr\u00f3wki Ziemi po swojej orbicie jest o\u015bwietlona przez<span class=\"read-more-faq\"><a href=\"https:\/\/sklep.edudomo.pl\/en\/sklep\/oswietlenie-ziemi-w-ciagu-roku\/\">Read More<\/a><\/span><\/p>\n","protected":false},"featured_media":2497,"comment_status":"open","ping_status":"closed","template":"","meta":[],"product_brand":[],"product_cat":[84],"product_tag":[60],"class_list":{"0":"post-1810","1":"product","2":"type-product","3":"status-publish","4":"has-post-thumbnail","6":"product_cat-edukacja-kosmiczna","7":"product_tag-oswietlenie-ziemi-w-ciagu-roku","8":"product_shipping_class-stawka-niska","10":"first","11":"onbackorder","12":"taxable","13":"shipping-taxable","14":"purchasable","15":"product-type-simple"},"yoast_head":"<!-- This site is optimized with the Yoast SEO plugin v26.5 - https:\/\/yoast.com\/wordpress\/plugins\/seo\/ -->\n<title>O\u015bwietlenie Ziemi w ci\u0105gu roku.<\/title>\n<meta name=\"robots\" content=\"index, follow, max-snippet:-1, max-image-preview:large, max-video-preview:-1\" \/>\n<link rel=\"canonical\" href=\"https:\/\/sklep.edudomo.pl\/en\/sklep\/oswietlenie-ziemi-w-ciagu-roku\/\" \/>\n<meta property=\"og:locale\" content=\"en_GB\" \/>\n<meta property=\"og:locale:alternate\" content=\"pl_PL\" \/>\n<meta property=\"og:type\" content=\"article\" \/>\n<meta property=\"og:title\" content=\"O\u015bwietlenie Ziemi w ci\u0105gu roku.\" \/>\n<meta property=\"og:description\" content=\"O\u015bwietlenie Ziemi w ci\u0105gu roku. To puzzle EduDoMo, kt\u00f3re mog\u0105 by\u0107 uzupe\u0142nieniem do zestawu &#8220;Ruch Obrotowy Ziemi&#8221;. Puzzle maj\u0105 za zadanie przedstawi\u0107 i zrozumie\u0107 podstawowe poj\u0119cia: przesilenie zimowe, przesilenie letnie, r\u00f3wnonoc jesienna, r\u00f3wnonoc wiosenna). Przybli\u017cy\u0107 wiedz\u0119 w jaki spos\u00f3b w danym czasie o\u015bwietlona jest Ziemia. Jak podczas w\u0119dr\u00f3wki Ziemi po swojej orbicie jest o\u015bwietlona przezRead More\" \/>\n<meta property=\"og:url\" content=\"https:\/\/sklep.edudomo.pl\/en\/sklep\/oswietlenie-ziemi-w-ciagu-roku\/\" \/>\n<meta property=\"og:site_name\" content=\"sklep EduDoMo\" \/>\n<meta property=\"article:modified_time\" content=\"2025-11-25T17:37:47+00:00\" \/>\n<meta property=\"og:image\" content=\"https:\/\/sklep.edudomo.pl\/wp-content\/uploads\/2020\/03\/o\u015bwietlenie.jpg\" \/>\n\t<meta property=\"og:image:width\" content=\"1080\" \/>\n\t<meta property=\"og:image:height\" content=\"1075\" \/>\n\t<meta property=\"og:image:type\" content=\"image\/jpeg\" \/>\n<meta name=\"twitter:card\" content=\"summary_large_image\" \/>\n<meta name=\"twitter:label1\" content=\"Estimated reading time\" \/>\n\t<meta name=\"twitter:data1\" content=\"1 minute\" \/>\n<script type=\"application\/ld+json\" class=\"yoast-schema-graph\">{\"@context\":\"https:\/\/schema.org\",\"@graph\":[{\"@type\":\"WebPage\",\"@id\":\"https:\/\/sklep.edudomo.pl\/sklep\/oswietlenie-ziemi-w-ciagu-roku\/\",\"url\":\"https:\/\/sklep.edudomo.pl\/sklep\/oswietlenie-ziemi-w-ciagu-roku\/\",\"name\":\"O\u015bwietlenie Ziemi w ci\u0105gu roku.\",\"isPartOf\":{\"@id\":\"https:\/\/sklep.edudomo.pl\/#website\"},\"primaryImageOfPage\":{\"@id\":\"https:\/\/sklep.edudomo.pl\/sklep\/oswietlenie-ziemi-w-ciagu-roku\/#primaryimage\"},\"image\":{\"@id\":\"https:\/\/sklep.edudomo.pl\/sklep\/oswietlenie-ziemi-w-ciagu-roku\/#primaryimage\"},\"thumbnailUrl\":\"https:\/\/sklep.edudomo.pl\/wp-content\/uploads\/2020\/03\/o\u015bwietlenie.jpg\",\"datePublished\":\"2020-03-19T15:06:47+00:00\",\"dateModified\":\"2025-11-25T17:37:47+00:00\",\"breadcrumb\":{\"@id\":\"https:\/\/sklep.edudomo.pl\/sklep\/oswietlenie-ziemi-w-ciagu-roku\/#breadcrumb\"},\"inLanguage\":\"en-GB\",\"potentialAction\":[{\"@type\":\"ReadAction\",\"target\":[\"https:\/\/sklep.edudomo.pl\/sklep\/oswietlenie-ziemi-w-ciagu-roku\/\"]}]},{\"@type\":\"ImageObject\",\"inLanguage\":\"en-GB\",\"@id\":\"https:\/\/sklep.edudomo.pl\/sklep\/oswietlenie-ziemi-w-ciagu-roku\/#primaryimage\",\"url\":\"https:\/\/sklep.edudomo.pl\/wp-content\/uploads\/2020\/03\/o\u015bwietlenie.jpg\",\"contentUrl\":\"https:\/\/sklep.edudomo.pl\/wp-content\/uploads\/2020\/03\/o\u015bwietlenie.jpg\",\"width\":1080,\"height\":1075,\"caption\":\"O\u015bwietlenie Ziemi EduDoMo\"},{\"@type\":\"BreadcrumbList\",\"@id\":\"https:\/\/sklep.edudomo.pl\/sklep\/oswietlenie-ziemi-w-ciagu-roku\/#breadcrumb\",\"itemListElement\":[{\"@type\":\"ListItem\",\"position\":1,\"name\":\"Strona g\u0142\u00f3wna\",\"item\":\"https:\/\/sklep.edudomo.pl\/\"},{\"@type\":\"ListItem\",\"position\":2,\"name\":\"Sklep\",\"item\":\"https:\/\/sklep.edudomo.pl\/\"},{\"@type\":\"ListItem\",\"position\":3,\"name\":\"O\u015bwietlenie Ziemi w ci\u0105gu roku.\"}]},{\"@type\":\"WebSite\",\"@id\":\"https:\/\/sklep.edudomo.pl\/#website\",\"url\":\"https:\/\/sklep.edudomo.pl\/\",\"name\":\"sklep EduDoMo\",\"description\":\"Edukacja Domowa. Terapia. Wspieranie Talent&oacute;w\",\"publisher\":{\"@id\":\"https:\/\/sklep.edudomo.pl\/#organization\"},\"potentialAction\":[{\"@type\":\"SearchAction\",\"target\":{\"@type\":\"EntryPoint\",\"urlTemplate\":\"https:\/\/sklep.edudomo.pl\/?s={search_term_string}\"},\"query-input\":{\"@type\":\"PropertyValueSpecification\",\"valueRequired\":true,\"valueName\":\"search_term_string\"}}],\"inLanguage\":\"en-GB\"},{\"@type\":\"Organization\",\"@id\":\"https:\/\/sklep.edudomo.pl\/#organization\",\"name\":\"EduDoMo\",\"url\":\"https:\/\/sklep.edudomo.pl\/\",\"logo\":{\"@type\":\"ImageObject\",\"inLanguage\":\"en-GB\",\"@id\":\"https:\/\/sklep.edudomo.pl\/#\/schema\/logo\/image\/\",\"url\":\"https:\/\/sklep.edudomo.pl\/wp-content\/uploads\/2019\/11\/cropped-logo-edudomo-sowa.jpg\",\"contentUrl\":\"https:\/\/sklep.edudomo.pl\/wp-content\/uploads\/2019\/11\/cropped-logo-edudomo-sowa.jpg\",\"width\":120,\"height\":120,\"caption\":\"EduDoMo\"},\"image\":{\"@id\":\"https:\/\/sklep.edudomo.pl\/#\/schema\/logo\/image\/\"}}]}<\/script>\n<!-- \/ Yoast SEO plugin. -->","yoast_head_json":{"title":"O\u015bwietlenie Ziemi w ci\u0105gu roku.","robots":{"index":"index","follow":"follow","max-snippet":"max-snippet:-1","max-image-preview":"max-image-preview:large","max-video-preview":"max-video-preview:-1"},"canonical":"https:\/\/sklep.edudomo.pl\/en\/sklep\/oswietlenie-ziemi-w-ciagu-roku\/","og_locale":"en_GB","og_type":"article","og_title":"[:pl]O\u015bwietlenie Ziemi w ci\u0105gu roku.[:] - sklep EduDoMo","og_description":"O\u015bwietlenie Ziemi w ci\u0105gu roku. To puzzle EduDoMo, kt\u00f3re mog\u0105 by\u0107 uzupe\u0142nieniem do zestawu &#8220;Ruch Obrotowy Ziemi&#8221;. Puzzle maj\u0105 za zadanie przedstawi\u0107 i zrozumie\u0107 podstawowe poj\u0119cia: przesilenie zimowe, przesilenie letnie, r\u00f3wnonoc jesienna, r\u00f3wnonoc wiosenna). Przybli\u017cy\u0107 wiedz\u0119 w jaki spos\u00f3b w danym czasie o\u015bwietlona jest Ziemia. Jak podczas w\u0119dr\u00f3wki Ziemi po swojej orbicie jest o\u015bwietlona przezRead More","og_url":"https:\/\/sklep.edudomo.pl\/en\/sklep\/oswietlenie-ziemi-w-ciagu-roku\/","og_site_name":"sklep EduDoMo","article_modified_time":"2025-11-25T17:37:47+00:00","og_image":[{"width":1080,"height":1075,"url":"https:\/\/sklep.edudomo.pl\/wp-content\/uploads\/2020\/03\/o\u015bwietlenie.jpg","type":"image\/jpeg"}],"twitter_card":"summary_large_image","twitter_misc":{"Estimated reading time":"1 minute"},"schema":{"@context":"https:\/\/schema.org","@graph":[{"@type":"WebPage","@id":"https:\/\/sklep.edudomo.pl\/sklep\/oswietlenie-ziemi-w-ciagu-roku\/","url":"https:\/\/sklep.edudomo.pl\/sklep\/oswietlenie-ziemi-w-ciagu-roku\/","name":"O\u015bwietlenie Ziemi w ci\u0105gu roku.","isPartOf":{"@id":"https:\/\/sklep.edudomo.pl\/#website"},"primaryImageOfPage":{"@id":"https:\/\/sklep.edudomo.pl\/sklep\/oswietlenie-ziemi-w-ciagu-roku\/#primaryimage"},"image":{"@id":"https:\/\/sklep.edudomo.pl\/sklep\/oswietlenie-ziemi-w-ciagu-roku\/#primaryimage"},"thumbnailUrl":"https:\/\/sklep.edudomo.pl\/wp-content\/uploads\/2020\/03\/o\u015bwietlenie.jpg","datePublished":"2020-03-19T15:06:47+00:00","dateModified":"2025-11-25T17:37:47+00:00","breadcrumb":{"@id":"https:\/\/sklep.edudomo.pl\/sklep\/oswietlenie-ziemi-w-ciagu-roku\/#breadcrumb"},"inLanguage":"en-GB","potentialAction":[{"@type":"ReadAction","target":["https:\/\/sklep.edudomo.pl\/sklep\/oswietlenie-ziemi-w-ciagu-roku\/"]}]},{"@type":"ImageObject","inLanguage":"en-GB","@id":"https:\/\/sklep.edudomo.pl\/sklep\/oswietlenie-ziemi-w-ciagu-roku\/#primaryimage","url":"https:\/\/sklep.edudomo.pl\/wp-content\/uploads\/2020\/03\/o\u015bwietlenie.jpg","contentUrl":"https:\/\/sklep.edudomo.pl\/wp-content\/uploads\/2020\/03\/o\u015bwietlenie.jpg","width":1080,"height":1075,"caption":"O\u015bwietlenie Ziemi EduDoMo"},{"@type":"BreadcrumbList","@id":"https:\/\/sklep.edudomo.pl\/sklep\/oswietlenie-ziemi-w-ciagu-roku\/#breadcrumb","itemListElement":[{"@type":"ListItem","position":1,"name":"Strona g\u0142\u00f3wna","item":"https:\/\/sklep.edudomo.pl\/"},{"@type":"ListItem","position":2,"name":"Sklep","item":"https:\/\/sklep.edudomo.pl\/"},{"@type":"ListItem","position":3,"name":"O\u015bwietlenie Ziemi w ci\u0105gu roku."}]},{"@type":"WebSite","@id":"https:\/\/sklep.edudomo.pl\/#website","url":"https:\/\/sklep.edudomo.pl\/","name":"sklep EduDoMo","description":"Edukacja Domowa. Terapia. Wspieranie Talent&oacute;w","publisher":{"@id":"https:\/\/sklep.edudomo.pl\/#organization"},"potentialAction":[{"@type":"SearchAction","target":{"@type":"EntryPoint","urlTemplate":"https:\/\/sklep.edudomo.pl\/?s={search_term_string}"},"query-input":{"@type":"PropertyValueSpecification","valueRequired":true,"valueName":"search_term_string"}}],"inLanguage":"en-GB"},{"@type":"Organization","@id":"https:\/\/sklep.edudomo.pl\/#organization","name":"EduDoMo","url":"https:\/\/sklep.edudomo.pl\/","logo":{"@type":"ImageObject","inLanguage":"en-GB","@id":"https:\/\/sklep.edudomo.pl\/#\/schema\/logo\/image\/","url":"https:\/\/sklep.edudomo.pl\/wp-content\/uploads\/2019\/11\/cropped-logo-edudomo-sowa.jpg","contentUrl":"https:\/\/sklep.edudomo.pl\/wp-content\/uploads\/2019\/11\/cropped-logo-edudomo-sowa.jpg","width":120,"height":120,"caption":"EduDoMo"},"image":{"@id":"https:\/\/sklep.edudomo.pl\/#\/schema\/logo\/image\/"}}]}},"jetpack_sharing_enabled":true,"_links":{"self":[{"href":"https:\/\/sklep.edudomo.pl\/en\/wp-json\/wp\/v2\/product\/1810","targetHints":{"allow":["GET"]}}],"collection":[{"href":"https:\/\/sklep.edudomo.pl\/en\/wp-json\/wp\/v2\/product"}],"about":[{"href":"https:\/\/sklep.edudomo.pl\/en\/wp-json\/wp\/v2\/types\/product"}],"replies":[{"embeddable":true,"href":"https:\/\/sklep.edudomo.pl\/en\/wp-json\/wp\/v2\/comments?post=1810"}],"wp:featuredmedia":[{"embeddable":true,"href":"https:\/\/sklep.edudomo.pl\/en\/wp-json\/wp\/v2\/media\/2497"}],"wp:attachment":[{"href":"https:\/\/sklep.edudomo.pl\/en\/wp-json\/wp\/v2\/media?parent=1810"}],"wp:term":[{"taxonomy":"product_brand","embeddable":true,"href":"https:\/\/sklep.edudomo.pl\/en\/wp-json\/wp\/v2\/product_brand?post=1810"},{"taxonomy":"product_cat","embeddable":true,"href":"https:\/\/sklep.edudomo.pl\/en\/wp-json\/wp\/v2\/product_cat?post=1810"},{"taxonomy":"product_tag","embeddable":true,"href":"https:\/\/sklep.edudomo.pl\/en\/wp-json\/wp\/v2\/product_tag?post=1810"}],"curies":[{"name":"wp","href":"https:\/\/api.w.org\/{rel}","templated":true}]}}