{"id":1824,"date":"2020-03-20T15:20:46","date_gmt":"2020-03-20T15:20:46","guid":{"rendered":"https:\/\/sklep.edudomo.pl\/?post_type=product&#038;p=1824"},"modified":"2025-12-30T09:34:20","modified_gmt":"2025-12-30T09:34:20","slug":"edukompas-kompas-edudomo","status":"publish","type":"product","link":"https:\/\/sklep.edudomo.pl\/en\/sklep\/edukompas-kompas-edudomo\/","title":{"rendered":"EduKompas. Kompas EduDoMo. &#8211; wersja PL (r\u00f3wnie\u017c ang, hiszp)"},"content":{"rendered":"<p>EduKompas. Kompas EduDoMo. &#8211; wersja PL (r\u00f3wnie\u017c ang, hiszp: wystarczy wpisa\u0107 w uwagach: &#8211; wybrany j\u0119zyk na bloczkach, wybrany j\u0119zyk na r\u00f3\u017cy wiatr\u00f3w, jako pomocnicze nazwy kierunk\u00f3w)<\/p>\n<p>&nbsp;<\/p>\n<div>To pomoc, kt\u00f3ra nauczy Wasze Dziecko wyznacza\u0107 oraz odczytywa\u0107 podstawowe kierunki geograficzne.<\/div>\n<div><\/div>\n<div>Alby pozna\u0107 kierunki \u015awiata na awersie r\u00f3\u017cy zapisana jest podpowied\u017a z kt\u00f3rej mo\u017cna skorzysta\u0107 i uzupe\u0142nia\u0107 prawid\u0142owo nazwy na planszy.<\/div>\n<div><\/div>\n<div>Jest to zabawka, kt\u00f3r\u0105 mo\u017cna wykorzysta\u0107 zar\u00f3wno przy biurku jak i w terenie.<\/div>\n<div>R\u00f3wnie\u017c znakomita do zabaw animacyjnych.<\/div>\n<div>Zasada jest prosta- jedna osoba wyznacza kierunek a gracz porusza si\u0119 wg instrukcji.<\/div>\n<div><\/div>\n<div>Zestaw zawiera:<\/div>\n<div>&#8211; plansza o \u015brednicy 38cm,<\/div>\n<div>&#8211; r\u00f3\u017ca wiatr\u00f3w o \u015brednicy 18cm ( na rewersie naklejona jest ig\u0142a magnetyczna w kolorze czerwono- niebieskim a na awersie pomocnicze nazwy kierunk\u00f3w.<\/div>\n<div>&#8211; 8 bloczk\u00f3w z nazwami wielko\u015bci \u00a09,6cm x 1,7cm<\/div>\n<div>ang<\/div>\n<div>\n<p>EduDoMo Compass is an educational help that will teach your child how to read the cardinal and intercardinal directions.<\/p>\n<p>On the back of the compass rose you can find a hint that you can use to learn and correctly complete directions\u2019 names on the board.<\/p>\n<p>It is a tool that you can use both at the desk, as well as in the field. It\u2019s also great for an activity. The rule is simple: one player sets the direction and the other one has to follow the instructions.<\/p>\n<p>The set consists of:<\/p>\n<p>&#8211; A round board (diameter: 38cm)<\/p>\n<p>&#8211; The compass rose (diameter: 18cm) with a red and blue magnetic needle on one side and the names of the directions on the other side<\/p>\n<p>&#8211; 8 pieces with the names of the directions (9,6cm x 1,7cm)<\/p>\n<\/div>\n","protected":false},"excerpt":{"rendered":"<p>EduKompas. Kompas EduDoMo. &#8211; wersja PL (r\u00f3wnie\u017c ang, hiszp: wystarczy wpisa\u0107 w uwagach: &#8211; wybrany j\u0119zyk na bloczkach, wybrany j\u0119zyk na r\u00f3\u017cy wiatr\u00f3w, jako pomocnicze nazwy kierunk\u00f3w) &nbsp; To pomoc, kt\u00f3ra nauczy Wasze Dziecko wyznacza\u0107 oraz odczytywa\u0107 podstawowe kierunki geograficzne. Alby pozna\u0107 kierunki \u015awiata na awersie r\u00f3\u017cy zapisana jest podpowied\u017a z kt\u00f3rej mo\u017cna skorzysta\u0107 i<span class=\"read-more-faq\"><a href=\"https:\/\/sklep.edudomo.pl\/en\/sklep\/edukompas-kompas-edudomo\/\">Read More<\/a><\/span><\/p>\n","protected":false},"featured_media":8740,"comment_status":"open","ping_status":"closed","template":"","meta":[],"product_brand":[],"product_cat":[87],"product_tag":[62],"class_list":{"0":"post-1824","1":"product","2":"type-product","3":"status-publish","4":"has-post-thumbnail","6":"product_cat-edukacja-przyrodnicza","7":"product_tag-edukompas-kompas-edudomo","8":"product_shipping_class-stawka-niska","10":"first","11":"onbackorder","12":"taxable","13":"shipping-taxable","14":"purchasable","15":"product-type-simple"},"yoast_head":"<!-- This site is optimized with the Yoast SEO plugin v26.5 - https:\/\/yoast.com\/wordpress\/plugins\/seo\/ -->\n<title>EduKompas. Kompas EduDoMo. - wersja PL (r\u00f3wnie\u017c ang, hiszp)<\/title>\n<meta name=\"robots\" content=\"index, follow, max-snippet:-1, max-image-preview:large, max-video-preview:-1\" \/>\n<link rel=\"canonical\" href=\"https:\/\/sklep.edudomo.pl\/en\/sklep\/edukompas-kompas-edudomo\/\" \/>\n<meta property=\"og:locale\" content=\"en_GB\" \/>\n<meta property=\"og:locale:alternate\" content=\"pl_PL\" \/>\n<meta property=\"og:type\" content=\"article\" \/>\n<meta property=\"og:title\" content=\"EduKompas. Kompas EduDoMo. - wersja PL (r\u00f3wnie\u017c ang, hiszp)\" \/>\n<meta property=\"og:description\" content=\"EduKompas. Kompas EduDoMo. &#8211; wersja PL (r\u00f3wnie\u017c ang, hiszp: wystarczy wpisa\u0107 w uwagach: &#8211; wybrany j\u0119zyk na bloczkach, wybrany j\u0119zyk na r\u00f3\u017cy wiatr\u00f3w, jako pomocnicze nazwy kierunk\u00f3w) &nbsp; To pomoc, kt\u00f3ra nauczy Wasze Dziecko wyznacza\u0107 oraz odczytywa\u0107 podstawowe kierunki geograficzne. Alby pozna\u0107 kierunki \u015awiata na awersie r\u00f3\u017cy zapisana jest podpowied\u017a z kt\u00f3rej mo\u017cna skorzysta\u0107 iRead More\" \/>\n<meta property=\"og:url\" content=\"https:\/\/sklep.edudomo.pl\/en\/sklep\/edukompas-kompas-edudomo\/\" \/>\n<meta property=\"og:site_name\" content=\"sklep EduDoMo\" \/>\n<meta property=\"article:modified_time\" content=\"2025-12-30T09:34:20+00:00\" \/>\n<meta property=\"og:image\" content=\"https:\/\/sklep.edudomo.pl\/wp-content\/uploads\/2020\/03\/IMG_4732.jpg\" \/>\n\t<meta property=\"og:image:width\" content=\"2103\" \/>\n\t<meta property=\"og:image:height\" content=\"2060\" \/>\n\t<meta property=\"og:image:type\" content=\"image\/jpeg\" \/>\n<meta name=\"twitter:card\" content=\"summary_large_image\" \/>\n<meta name=\"twitter:label1\" content=\"Estimated reading time\" \/>\n\t<meta name=\"twitter:data1\" content=\"2 minutes\" \/>\n<script type=\"application\/ld+json\" class=\"yoast-schema-graph\">{\"@context\":\"https:\/\/schema.org\",\"@graph\":[{\"@type\":\"WebPage\",\"@id\":\"https:\/\/sklep.edudomo.pl\/en\/sklep\/edukompas-kompas-edudomo\/\",\"url\":\"https:\/\/sklep.edudomo.pl\/en\/sklep\/edukompas-kompas-edudomo\/\",\"name\":\"EduKompas. Kompas EduDoMo. - wersja PL (r\u00f3wnie\u017c ang, hiszp)\",\"isPartOf\":{\"@id\":\"https:\/\/sklep.edudomo.pl\/#website\"},\"primaryImageOfPage\":{\"@id\":\"https:\/\/sklep.edudomo.pl\/en\/sklep\/edukompas-kompas-edudomo\/#primaryimage\"},\"image\":{\"@id\":\"https:\/\/sklep.edudomo.pl\/en\/sklep\/edukompas-kompas-edudomo\/#primaryimage\"},\"thumbnailUrl\":\"https:\/\/sklep.edudomo.pl\/wp-content\/uploads\/2020\/03\/IMG_4732.jpg\",\"datePublished\":\"2020-03-20T15:20:46+00:00\",\"dateModified\":\"2025-12-30T09:34:20+00:00\",\"breadcrumb\":{\"@id\":\"https:\/\/sklep.edudomo.pl\/en\/sklep\/edukompas-kompas-edudomo\/#breadcrumb\"},\"inLanguage\":\"en-GB\",\"potentialAction\":[{\"@type\":\"ReadAction\",\"target\":[\"https:\/\/sklep.edudomo.pl\/en\/sklep\/edukompas-kompas-edudomo\/\"]}]},{\"@type\":\"ImageObject\",\"inLanguage\":\"en-GB\",\"@id\":\"https:\/\/sklep.edudomo.pl\/en\/sklep\/edukompas-kompas-edudomo\/#primaryimage\",\"url\":\"https:\/\/sklep.edudomo.pl\/wp-content\/uploads\/2020\/03\/IMG_4732.jpg\",\"contentUrl\":\"https:\/\/sklep.edudomo.pl\/wp-content\/uploads\/2020\/03\/IMG_4732.jpg\",\"width\":2103,\"height\":2060,\"caption\":\"kompas\"},{\"@type\":\"BreadcrumbList\",\"@id\":\"https:\/\/sklep.edudomo.pl\/en\/sklep\/edukompas-kompas-edudomo\/#breadcrumb\",\"itemListElement\":[{\"@type\":\"ListItem\",\"position\":1,\"name\":\"Strona g\u0142\u00f3wna\",\"item\":\"https:\/\/sklep.edudomo.pl\/\"},{\"@type\":\"ListItem\",\"position\":2,\"name\":\"Sklep\",\"item\":\"https:\/\/sklep.edudomo.pl\/\"},{\"@type\":\"ListItem\",\"position\":3,\"name\":\"EduKompas. Kompas EduDoMo. &#8211; wersja PL (r\u00f3wnie\u017c ang, hiszp)\"}]},{\"@type\":\"WebSite\",\"@id\":\"https:\/\/sklep.edudomo.pl\/#website\",\"url\":\"https:\/\/sklep.edudomo.pl\/\",\"name\":\"sklep EduDoMo\",\"description\":\"Edukacja Domowa. Terapia. Wspieranie Talent&oacute;w\",\"publisher\":{\"@id\":\"https:\/\/sklep.edudomo.pl\/#organization\"},\"potentialAction\":[{\"@type\":\"SearchAction\",\"target\":{\"@type\":\"EntryPoint\",\"urlTemplate\":\"https:\/\/sklep.edudomo.pl\/?s={search_term_string}\"},\"query-input\":{\"@type\":\"PropertyValueSpecification\",\"valueRequired\":true,\"valueName\":\"search_term_string\"}}],\"inLanguage\":\"en-GB\"},{\"@type\":\"Organization\",\"@id\":\"https:\/\/sklep.edudomo.pl\/#organization\",\"name\":\"EduDoMo\",\"url\":\"https:\/\/sklep.edudomo.pl\/\",\"logo\":{\"@type\":\"ImageObject\",\"inLanguage\":\"en-GB\",\"@id\":\"https:\/\/sklep.edudomo.pl\/#\/schema\/logo\/image\/\",\"url\":\"https:\/\/sklep.edudomo.pl\/wp-content\/uploads\/2019\/11\/cropped-logo-edudomo-sowa.jpg\",\"contentUrl\":\"https:\/\/sklep.edudomo.pl\/wp-content\/uploads\/2019\/11\/cropped-logo-edudomo-sowa.jpg\",\"width\":120,\"height\":120,\"caption\":\"EduDoMo\"},\"image\":{\"@id\":\"https:\/\/sklep.edudomo.pl\/#\/schema\/logo\/image\/\"}}]}<\/script>\n<!-- \/ Yoast SEO plugin. -->","yoast_head_json":{"title":"EduKompas. Kompas EduDoMo. - wersja PL (r\u00f3wnie\u017c ang, hiszp)","robots":{"index":"index","follow":"follow","max-snippet":"max-snippet:-1","max-image-preview":"max-image-preview:large","max-video-preview":"max-video-preview:-1"},"canonical":"https:\/\/sklep.edudomo.pl\/en\/sklep\/edukompas-kompas-edudomo\/","og_locale":"en_GB","og_type":"article","og_title":"[:pl]EduKompas. Kompas EduDoMo. - wersja PL (r\u00f3wnie\u017c ang, hiszp)[:en]EduKompas. Kompas EduDoMo. - wersja PL (r\u00f3wnie\u017c ang, hiszp)[:] - sklep EduDoMo","og_description":"EduKompas. Kompas EduDoMo. &#8211; wersja PL (r\u00f3wnie\u017c ang, hiszp: wystarczy wpisa\u0107 w uwagach: &#8211; wybrany j\u0119zyk na bloczkach, wybrany j\u0119zyk na r\u00f3\u017cy wiatr\u00f3w, jako pomocnicze nazwy kierunk\u00f3w) &nbsp; To pomoc, kt\u00f3ra nauczy Wasze Dziecko wyznacza\u0107 oraz odczytywa\u0107 podstawowe kierunki geograficzne. Alby pozna\u0107 kierunki \u015awiata na awersie r\u00f3\u017cy zapisana jest podpowied\u017a z kt\u00f3rej mo\u017cna skorzysta\u0107 iRead More","og_url":"https:\/\/sklep.edudomo.pl\/en\/sklep\/edukompas-kompas-edudomo\/","og_site_name":"sklep EduDoMo","article_modified_time":"2025-12-30T09:34:20+00:00","og_image":[{"width":2103,"height":2060,"url":"https:\/\/sklep.edudomo.pl\/wp-content\/uploads\/2020\/03\/IMG_4732.jpg","type":"image\/jpeg"}],"twitter_card":"summary_large_image","twitter_misc":{"Estimated reading time":"2 minutes"},"schema":{"@context":"https:\/\/schema.org","@graph":[{"@type":"WebPage","@id":"https:\/\/sklep.edudomo.pl\/en\/sklep\/edukompas-kompas-edudomo\/","url":"https:\/\/sklep.edudomo.pl\/en\/sklep\/edukompas-kompas-edudomo\/","name":"EduKompas. Kompas EduDoMo. - wersja PL (r\u00f3wnie\u017c ang, hiszp)","isPartOf":{"@id":"https:\/\/sklep.edudomo.pl\/#website"},"primaryImageOfPage":{"@id":"https:\/\/sklep.edudomo.pl\/en\/sklep\/edukompas-kompas-edudomo\/#primaryimage"},"image":{"@id":"https:\/\/sklep.edudomo.pl\/en\/sklep\/edukompas-kompas-edudomo\/#primaryimage"},"thumbnailUrl":"https:\/\/sklep.edudomo.pl\/wp-content\/uploads\/2020\/03\/IMG_4732.jpg","datePublished":"2020-03-20T15:20:46+00:00","dateModified":"2025-12-30T09:34:20+00:00","breadcrumb":{"@id":"https:\/\/sklep.edudomo.pl\/en\/sklep\/edukompas-kompas-edudomo\/#breadcrumb"},"inLanguage":"en-GB","potentialAction":[{"@type":"ReadAction","target":["https:\/\/sklep.edudomo.pl\/en\/sklep\/edukompas-kompas-edudomo\/"]}]},{"@type":"ImageObject","inLanguage":"en-GB","@id":"https:\/\/sklep.edudomo.pl\/en\/sklep\/edukompas-kompas-edudomo\/#primaryimage","url":"https:\/\/sklep.edudomo.pl\/wp-content\/uploads\/2020\/03\/IMG_4732.jpg","contentUrl":"https:\/\/sklep.edudomo.pl\/wp-content\/uploads\/2020\/03\/IMG_4732.jpg","width":2103,"height":2060,"caption":"kompas"},{"@type":"BreadcrumbList","@id":"https:\/\/sklep.edudomo.pl\/en\/sklep\/edukompas-kompas-edudomo\/#breadcrumb","itemListElement":[{"@type":"ListItem","position":1,"name":"Strona g\u0142\u00f3wna","item":"https:\/\/sklep.edudomo.pl\/"},{"@type":"ListItem","position":2,"name":"Sklep","item":"https:\/\/sklep.edudomo.pl\/"},{"@type":"ListItem","position":3,"name":"EduKompas. Kompas EduDoMo. &#8211; wersja PL (r\u00f3wnie\u017c ang, hiszp)"}]},{"@type":"WebSite","@id":"https:\/\/sklep.edudomo.pl\/#website","url":"https:\/\/sklep.edudomo.pl\/","name":"sklep EduDoMo","description":"Edukacja Domowa. Terapia. Wspieranie Talent&oacute;w","publisher":{"@id":"https:\/\/sklep.edudomo.pl\/#organization"},"potentialAction":[{"@type":"SearchAction","target":{"@type":"EntryPoint","urlTemplate":"https:\/\/sklep.edudomo.pl\/?s={search_term_string}"},"query-input":{"@type":"PropertyValueSpecification","valueRequired":true,"valueName":"search_term_string"}}],"inLanguage":"en-GB"},{"@type":"Organization","@id":"https:\/\/sklep.edudomo.pl\/#organization","name":"EduDoMo","url":"https:\/\/sklep.edudomo.pl\/","logo":{"@type":"ImageObject","inLanguage":"en-GB","@id":"https:\/\/sklep.edudomo.pl\/#\/schema\/logo\/image\/","url":"https:\/\/sklep.edudomo.pl\/wp-content\/uploads\/2019\/11\/cropped-logo-edudomo-sowa.jpg","contentUrl":"https:\/\/sklep.edudomo.pl\/wp-content\/uploads\/2019\/11\/cropped-logo-edudomo-sowa.jpg","width":120,"height":120,"caption":"EduDoMo"},"image":{"@id":"https:\/\/sklep.edudomo.pl\/#\/schema\/logo\/image\/"}}]}},"jetpack_sharing_enabled":true,"_links":{"self":[{"href":"https:\/\/sklep.edudomo.pl\/en\/wp-json\/wp\/v2\/product\/1824","targetHints":{"allow":["GET"]}}],"collection":[{"href":"https:\/\/sklep.edudomo.pl\/en\/wp-json\/wp\/v2\/product"}],"about":[{"href":"https:\/\/sklep.edudomo.pl\/en\/wp-json\/wp\/v2\/types\/product"}],"replies":[{"embeddable":true,"href":"https:\/\/sklep.edudomo.pl\/en\/wp-json\/wp\/v2\/comments?post=1824"}],"wp:featuredmedia":[{"embeddable":true,"href":"https:\/\/sklep.edudomo.pl\/en\/wp-json\/wp\/v2\/media\/8740"}],"wp:attachment":[{"href":"https:\/\/sklep.edudomo.pl\/en\/wp-json\/wp\/v2\/media?parent=1824"}],"wp:term":[{"taxonomy":"product_brand","embeddable":true,"href":"https:\/\/sklep.edudomo.pl\/en\/wp-json\/wp\/v2\/product_brand?post=1824"},{"taxonomy":"product_cat","embeddable":true,"href":"https:\/\/sklep.edudomo.pl\/en\/wp-json\/wp\/v2\/product_cat?post=1824"},{"taxonomy":"product_tag","embeddable":true,"href":"https:\/\/sklep.edudomo.pl\/en\/wp-json\/wp\/v2\/product_tag?post=1824"}],"curies":[{"name":"wp","href":"https:\/\/api.w.org\/{rel}","templated":true}]}}