{"id":1878,"date":"2020-03-24T17:22:58","date_gmt":"2020-03-24T17:22:58","guid":{"rendered":"https:\/\/sklep.edudomo.pl\/?post_type=product&#038;p=1878"},"modified":"2025-11-25T17:47:21","modified_gmt":"2025-11-25T17:47:21","slug":"formy-geograficzne-wersja-niebieska-10-par","status":"publish","type":"product","link":"https:\/\/sklep.edudomo.pl\/en\/sklep\/formy-geograficzne-wersja-niebieska-10-par\/","title":{"rendered":"Formy geograficzne. Wersja NIEBIESKA 10 par. Landforms 10 pairs."},"content":{"rendered":"<p><strong>Formy geograficzne. Wersja NIEBIESKA 10 par.<\/strong><\/p>\n<p>To idealna pomoc edukacyjna dla przyswojenia form geograficznych, czyli ukszta\u0142towania terenu, kt\u00f3re przybiera l\u0105d, gdy styka si\u0119 ze wszelkiego rodzaju obszarem wodnym: oceanem, morzem lub jeziorem.<\/p>\n<p>Zadaniem gracza jest zabra\u0107 niepotrzebny\u00a0 element z puzzli i stworzy\u0107 now\u0105 form\u0119 geograficzn\u0105 na niebieskiej tabliczce.<\/p>\n<p>Na przyk\u0142ad z puzzli z nazw\u0105 pojezierze gracz wyjmuje elementy i uk\u0142ada z tych element\u00f3w na niebieskiej tabliczce z etykiet\u0105 archipelag, elementy przedstawiaj\u0105ce wyspy.<\/p>\n<p>Natomiast z puzzli z nazw\u0105 archipelag gracz wyjmuje element zewn\u0119trzny i uk\u0142ada go na niebieskiej tabliczce z etykiet\u0105 pojezierze, element przedstawiaj\u0105cy l\u0105d z jeziorami.<\/p>\n<p>W ten spos\u00f3b gracz uk\u0142adaj\u0105c elementy puzzli, bawi\u0105c uczy si\u0119 nazw form geograficznych i dostrzega zale\u017cno\u015bci mi\u0119dzy l\u0105dem a wod\u0105.<\/p>\n<p><strong>Zestaw zawiera:<\/strong><\/p>\n<p><strong>-10 puzzli tworz\u0105cych 20 form<\/strong><\/p>\n<p><strong>-20 niebieskich tabliczek o wielko\u015bci 12cm x 12cm<\/strong><\/p>\n<p><strong>-20 podpis\u00f3w do utworzonych form<\/strong><\/p>\n<p><strong>-10 grawerowanych tabliczek przedstawiaj\u0105cych formy geograficzne<\/strong><\/p>\n<p>&nbsp;<\/p>\n<p><img loading=\"lazy\" decoding=\"async\" class=\"n3VNCb\" src=\"https:\/\/upload.wikimedia.org\/wikipedia\/en\/thumb\/a\/ae\/Flag_of_the_United_Kingdom.svg\/1200px-Flag_of_the_United_Kingdom.svg.png\" alt=\"Flag of the United Kingdom - Wikipedia\" width=\"192\" height=\"96\" data-noaft=\"1\" \/><\/p>\n<p>Landforms. Blue version \u2013 10 pairs.<\/p>\n<p>&nbsp;<\/p>\n<p>It\u2019s a perfect educational tool for understanding landforms \u2013 the forms that land may take when meeting bodies of water: oceans, seas and lakes.<\/p>\n<p>The player has to remove the unnecessary piece, which isn\u2019t glued to the board, and create a new landform on the blue board.<\/p>\n<p>The set consists of 10 landforms and 10 empty blue boards with caption on which the player creates 10 new landforms.<\/p>\n<p>For example, by removing the outer piece of the landform \u2018archipelago\u2019 and placing it on the blue board captioned \u2018lakeland\u2019, the player can create the latter landform.<\/p>\n<p>In this way, the player can learn through play the names of landforms and see interdependences between land and water.<\/p>\n<p>&nbsp;<\/p>\n<p>The set consists of:<\/p>\n<p>\u2013 10 \u2018land\u2019 pieces with captions (12 cm x 12 cm)<\/p>\n<p>\u2013 10 \u2018water\u2019 pieces with captions (12 cm x 12 cm)<\/p>\n<p>\u2013 manual with correctly assembled pieces<\/p>\n<p>&nbsp;<\/p>\n<p>Different versions available:<\/p>\n<p>\u2013 Basic set<\/p>\n<p>\u2013 5 pair set (10 different landforms)<\/p>\n","protected":false},"excerpt":{"rendered":"<p>Formy geograficzne. Wersja NIEBIESKA 10 par. To idealna pomoc edukacyjna dla przyswojenia form geograficznych, czyli ukszta\u0142towania terenu, kt\u00f3re przybiera l\u0105d, gdy styka si\u0119 ze wszelkiego rodzaju obszarem wodnym: oceanem, morzem lub jeziorem. Zadaniem gracza jest zabra\u0107 niepotrzebny\u00a0 element z puzzli i stworzy\u0107 now\u0105 form\u0119 geograficzn\u0105 na niebieskiej tabliczce. Na przyk\u0142ad z puzzli z nazw\u0105 pojezierze<span class=\"read-more-faq\"><a href=\"https:\/\/sklep.edudomo.pl\/en\/sklep\/formy-geograficzne-wersja-niebieska-10-par\/\">Read More<\/a><\/span><\/p>\n","protected":false},"featured_media":5234,"comment_status":"open","ping_status":"closed","template":"","meta":[],"product_brand":[],"product_cat":[87],"product_tag":[65],"class_list":{"0":"post-1878","1":"product","2":"type-product","3":"status-publish","4":"has-post-thumbnail","6":"product_cat-edukacja-przyrodnicza","7":"product_tag-formy-geograficzne-uksztaltowanie-terenu-ciesnina-pomoce","8":"product_shipping_class-stawka-niska","10":"first","11":"onbackorder","12":"taxable","13":"shipping-taxable","14":"purchasable","15":"product-type-simple"},"yoast_head":"<!-- This site is optimized with the Yoast SEO plugin v26.5 - https:\/\/yoast.com\/wordpress\/plugins\/seo\/ -->\n<title>Formy geograficzne. Wersja NIEBIESKA 10 par. Landforms 10 pairs.<\/title>\n<meta name=\"robots\" content=\"index, follow, max-snippet:-1, max-image-preview:large, max-video-preview:-1\" \/>\n<link rel=\"canonical\" href=\"https:\/\/sklep.edudomo.pl\/en\/sklep\/formy-geograficzne-wersja-niebieska-10-par\/\" \/>\n<meta property=\"og:locale\" content=\"en_GB\" \/>\n<meta property=\"og:locale:alternate\" content=\"pl_PL\" \/>\n<meta property=\"og:type\" content=\"article\" \/>\n<meta property=\"og:title\" content=\"Formy geograficzne. Wersja NIEBIESKA 10 par. Landforms 10 pairs.\" \/>\n<meta property=\"og:description\" content=\"Formy geograficzne. Wersja NIEBIESKA 10 par. To idealna pomoc edukacyjna dla przyswojenia form geograficznych, czyli ukszta\u0142towania terenu, kt\u00f3re przybiera l\u0105d, gdy styka si\u0119 ze wszelkiego rodzaju obszarem wodnym: oceanem, morzem lub jeziorem. Zadaniem gracza jest zabra\u0107 niepotrzebny\u00a0 element z puzzli i stworzy\u0107 now\u0105 form\u0119 geograficzn\u0105 na niebieskiej tabliczce. Na przyk\u0142ad z puzzli z nazw\u0105 pojezierzeRead More\" \/>\n<meta property=\"og:url\" content=\"https:\/\/sklep.edudomo.pl\/en\/sklep\/formy-geograficzne-wersja-niebieska-10-par\/\" \/>\n<meta property=\"og:site_name\" content=\"sklep EduDoMo\" \/>\n<meta property=\"article:modified_time\" content=\"2025-11-25T17:47:21+00:00\" \/>\n<meta property=\"og:image\" content=\"https:\/\/sklep.edudomo.pl\/wp-content\/uploads\/2020\/03\/IMG_6929.jpg\" \/>\n\t<meta property=\"og:image:width\" content=\"640\" \/>\n\t<meta property=\"og:image:height\" content=\"447\" \/>\n\t<meta property=\"og:image:type\" content=\"image\/jpeg\" \/>\n<meta name=\"twitter:card\" content=\"summary_large_image\" \/>\n<meta name=\"twitter:label1\" content=\"Estimated reading time\" \/>\n\t<meta name=\"twitter:data1\" content=\"2 minutes\" \/>\n<script type=\"application\/ld+json\" class=\"yoast-schema-graph\">{\"@context\":\"https:\/\/schema.org\",\"@graph\":[{\"@type\":\"WebPage\",\"@id\":\"https:\/\/sklep.edudomo.pl\/sklep\/formy-geograficzne-wersja-niebieska-10-par\/\",\"url\":\"https:\/\/sklep.edudomo.pl\/sklep\/formy-geograficzne-wersja-niebieska-10-par\/\",\"name\":\"Formy geograficzne. Wersja NIEBIESKA 10 par. Landforms 10 pairs.\",\"isPartOf\":{\"@id\":\"https:\/\/sklep.edudomo.pl\/#website\"},\"primaryImageOfPage\":{\"@id\":\"https:\/\/sklep.edudomo.pl\/sklep\/formy-geograficzne-wersja-niebieska-10-par\/#primaryimage\"},\"image\":{\"@id\":\"https:\/\/sklep.edudomo.pl\/sklep\/formy-geograficzne-wersja-niebieska-10-par\/#primaryimage\"},\"thumbnailUrl\":\"https:\/\/sklep.edudomo.pl\/wp-content\/uploads\/2020\/03\/IMG_6929.jpg\",\"datePublished\":\"2020-03-24T17:22:58+00:00\",\"dateModified\":\"2025-11-25T17:47:21+00:00\",\"breadcrumb\":{\"@id\":\"https:\/\/sklep.edudomo.pl\/sklep\/formy-geograficzne-wersja-niebieska-10-par\/#breadcrumb\"},\"inLanguage\":\"en-GB\",\"potentialAction\":[{\"@type\":\"ReadAction\",\"target\":[\"https:\/\/sklep.edudomo.pl\/sklep\/formy-geograficzne-wersja-niebieska-10-par\/\"]}]},{\"@type\":\"ImageObject\",\"inLanguage\":\"en-GB\",\"@id\":\"https:\/\/sklep.edudomo.pl\/sklep\/formy-geograficzne-wersja-niebieska-10-par\/#primaryimage\",\"url\":\"https:\/\/sklep.edudomo.pl\/wp-content\/uploads\/2020\/03\/IMG_6929.jpg\",\"contentUrl\":\"https:\/\/sklep.edudomo.pl\/wp-content\/uploads\/2020\/03\/IMG_6929.jpg\",\"width\":640,\"height\":447,\"caption\":\"formy geograficzne\"},{\"@type\":\"BreadcrumbList\",\"@id\":\"https:\/\/sklep.edudomo.pl\/sklep\/formy-geograficzne-wersja-niebieska-10-par\/#breadcrumb\",\"itemListElement\":[{\"@type\":\"ListItem\",\"position\":1,\"name\":\"Strona g\u0142\u00f3wna\",\"item\":\"https:\/\/sklep.edudomo.pl\/\"},{\"@type\":\"ListItem\",\"position\":2,\"name\":\"Sklep\",\"item\":\"https:\/\/sklep.edudomo.pl\/\"},{\"@type\":\"ListItem\",\"position\":3,\"name\":\"Formy geograficzne. Wersja NIEBIESKA 10 par. Landforms 10 pairs.\"}]},{\"@type\":\"WebSite\",\"@id\":\"https:\/\/sklep.edudomo.pl\/#website\",\"url\":\"https:\/\/sklep.edudomo.pl\/\",\"name\":\"sklep EduDoMo\",\"description\":\"Edukacja Domowa. Terapia. Wspieranie Talent&oacute;w\",\"publisher\":{\"@id\":\"https:\/\/sklep.edudomo.pl\/#organization\"},\"potentialAction\":[{\"@type\":\"SearchAction\",\"target\":{\"@type\":\"EntryPoint\",\"urlTemplate\":\"https:\/\/sklep.edudomo.pl\/?s={search_term_string}\"},\"query-input\":{\"@type\":\"PropertyValueSpecification\",\"valueRequired\":true,\"valueName\":\"search_term_string\"}}],\"inLanguage\":\"en-GB\"},{\"@type\":\"Organization\",\"@id\":\"https:\/\/sklep.edudomo.pl\/#organization\",\"name\":\"EduDoMo\",\"url\":\"https:\/\/sklep.edudomo.pl\/\",\"logo\":{\"@type\":\"ImageObject\",\"inLanguage\":\"en-GB\",\"@id\":\"https:\/\/sklep.edudomo.pl\/#\/schema\/logo\/image\/\",\"url\":\"https:\/\/sklep.edudomo.pl\/wp-content\/uploads\/2019\/11\/cropped-logo-edudomo-sowa.jpg\",\"contentUrl\":\"https:\/\/sklep.edudomo.pl\/wp-content\/uploads\/2019\/11\/cropped-logo-edudomo-sowa.jpg\",\"width\":120,\"height\":120,\"caption\":\"EduDoMo\"},\"image\":{\"@id\":\"https:\/\/sklep.edudomo.pl\/#\/schema\/logo\/image\/\"}}]}<\/script>\n<!-- \/ Yoast SEO plugin. -->","yoast_head_json":{"title":"Formy geograficzne. Wersja NIEBIESKA 10 par. Landforms 10 pairs.","robots":{"index":"index","follow":"follow","max-snippet":"max-snippet:-1","max-image-preview":"max-image-preview:large","max-video-preview":"max-video-preview:-1"},"canonical":"https:\/\/sklep.edudomo.pl\/en\/sklep\/formy-geograficzne-wersja-niebieska-10-par\/","og_locale":"en_GB","og_type":"article","og_title":"[:pl]Formy geograficzne. Wersja NIEBIESKA 10 par. Landforms 10 pairs.[:] - sklep EduDoMo","og_description":"Formy geograficzne. Wersja NIEBIESKA 10 par. To idealna pomoc edukacyjna dla przyswojenia form geograficznych, czyli ukszta\u0142towania terenu, kt\u00f3re przybiera l\u0105d, gdy styka si\u0119 ze wszelkiego rodzaju obszarem wodnym: oceanem, morzem lub jeziorem. Zadaniem gracza jest zabra\u0107 niepotrzebny\u00a0 element z puzzli i stworzy\u0107 now\u0105 form\u0119 geograficzn\u0105 na niebieskiej tabliczce. Na przyk\u0142ad z puzzli z nazw\u0105 pojezierzeRead More","og_url":"https:\/\/sklep.edudomo.pl\/en\/sklep\/formy-geograficzne-wersja-niebieska-10-par\/","og_site_name":"sklep EduDoMo","article_modified_time":"2025-11-25T17:47:21+00:00","og_image":[{"width":640,"height":447,"url":"https:\/\/sklep.edudomo.pl\/wp-content\/uploads\/2020\/03\/IMG_6929.jpg","type":"image\/jpeg"}],"twitter_card":"summary_large_image","twitter_misc":{"Estimated reading time":"2 minutes"},"schema":{"@context":"https:\/\/schema.org","@graph":[{"@type":"WebPage","@id":"https:\/\/sklep.edudomo.pl\/sklep\/formy-geograficzne-wersja-niebieska-10-par\/","url":"https:\/\/sklep.edudomo.pl\/sklep\/formy-geograficzne-wersja-niebieska-10-par\/","name":"Formy geograficzne. Wersja NIEBIESKA 10 par. Landforms 10 pairs.","isPartOf":{"@id":"https:\/\/sklep.edudomo.pl\/#website"},"primaryImageOfPage":{"@id":"https:\/\/sklep.edudomo.pl\/sklep\/formy-geograficzne-wersja-niebieska-10-par\/#primaryimage"},"image":{"@id":"https:\/\/sklep.edudomo.pl\/sklep\/formy-geograficzne-wersja-niebieska-10-par\/#primaryimage"},"thumbnailUrl":"https:\/\/sklep.edudomo.pl\/wp-content\/uploads\/2020\/03\/IMG_6929.jpg","datePublished":"2020-03-24T17:22:58+00:00","dateModified":"2025-11-25T17:47:21+00:00","breadcrumb":{"@id":"https:\/\/sklep.edudomo.pl\/sklep\/formy-geograficzne-wersja-niebieska-10-par\/#breadcrumb"},"inLanguage":"en-GB","potentialAction":[{"@type":"ReadAction","target":["https:\/\/sklep.edudomo.pl\/sklep\/formy-geograficzne-wersja-niebieska-10-par\/"]}]},{"@type":"ImageObject","inLanguage":"en-GB","@id":"https:\/\/sklep.edudomo.pl\/sklep\/formy-geograficzne-wersja-niebieska-10-par\/#primaryimage","url":"https:\/\/sklep.edudomo.pl\/wp-content\/uploads\/2020\/03\/IMG_6929.jpg","contentUrl":"https:\/\/sklep.edudomo.pl\/wp-content\/uploads\/2020\/03\/IMG_6929.jpg","width":640,"height":447,"caption":"formy geograficzne"},{"@type":"BreadcrumbList","@id":"https:\/\/sklep.edudomo.pl\/sklep\/formy-geograficzne-wersja-niebieska-10-par\/#breadcrumb","itemListElement":[{"@type":"ListItem","position":1,"name":"Strona g\u0142\u00f3wna","item":"https:\/\/sklep.edudomo.pl\/"},{"@type":"ListItem","position":2,"name":"Sklep","item":"https:\/\/sklep.edudomo.pl\/"},{"@type":"ListItem","position":3,"name":"Formy geograficzne. Wersja NIEBIESKA 10 par. Landforms 10 pairs."}]},{"@type":"WebSite","@id":"https:\/\/sklep.edudomo.pl\/#website","url":"https:\/\/sklep.edudomo.pl\/","name":"sklep EduDoMo","description":"Edukacja Domowa. Terapia. Wspieranie Talent&oacute;w","publisher":{"@id":"https:\/\/sklep.edudomo.pl\/#organization"},"potentialAction":[{"@type":"SearchAction","target":{"@type":"EntryPoint","urlTemplate":"https:\/\/sklep.edudomo.pl\/?s={search_term_string}"},"query-input":{"@type":"PropertyValueSpecification","valueRequired":true,"valueName":"search_term_string"}}],"inLanguage":"en-GB"},{"@type":"Organization","@id":"https:\/\/sklep.edudomo.pl\/#organization","name":"EduDoMo","url":"https:\/\/sklep.edudomo.pl\/","logo":{"@type":"ImageObject","inLanguage":"en-GB","@id":"https:\/\/sklep.edudomo.pl\/#\/schema\/logo\/image\/","url":"https:\/\/sklep.edudomo.pl\/wp-content\/uploads\/2019\/11\/cropped-logo-edudomo-sowa.jpg","contentUrl":"https:\/\/sklep.edudomo.pl\/wp-content\/uploads\/2019\/11\/cropped-logo-edudomo-sowa.jpg","width":120,"height":120,"caption":"EduDoMo"},"image":{"@id":"https:\/\/sklep.edudomo.pl\/#\/schema\/logo\/image\/"}}]}},"jetpack_sharing_enabled":true,"_links":{"self":[{"href":"https:\/\/sklep.edudomo.pl\/en\/wp-json\/wp\/v2\/product\/1878","targetHints":{"allow":["GET"]}}],"collection":[{"href":"https:\/\/sklep.edudomo.pl\/en\/wp-json\/wp\/v2\/product"}],"about":[{"href":"https:\/\/sklep.edudomo.pl\/en\/wp-json\/wp\/v2\/types\/product"}],"replies":[{"embeddable":true,"href":"https:\/\/sklep.edudomo.pl\/en\/wp-json\/wp\/v2\/comments?post=1878"}],"wp:featuredmedia":[{"embeddable":true,"href":"https:\/\/sklep.edudomo.pl\/en\/wp-json\/wp\/v2\/media\/5234"}],"wp:attachment":[{"href":"https:\/\/sklep.edudomo.pl\/en\/wp-json\/wp\/v2\/media?parent=1878"}],"wp:term":[{"taxonomy":"product_brand","embeddable":true,"href":"https:\/\/sklep.edudomo.pl\/en\/wp-json\/wp\/v2\/product_brand?post=1878"},{"taxonomy":"product_cat","embeddable":true,"href":"https:\/\/sklep.edudomo.pl\/en\/wp-json\/wp\/v2\/product_cat?post=1878"},{"taxonomy":"product_tag","embeddable":true,"href":"https:\/\/sklep.edudomo.pl\/en\/wp-json\/wp\/v2\/product_tag?post=1878"}],"curies":[{"name":"wp","href":"https:\/\/api.w.org\/{rel}","templated":true}]}}