{"id":1893,"date":"2020-03-25T08:38:57","date_gmt":"2020-03-25T08:38:57","guid":{"rendered":"https:\/\/sklep.edudomo.pl\/?post_type=product&#038;p=1893"},"modified":"2025-11-25T17:47:09","modified_gmt":"2025-11-25T17:47:09","slug":"formy-geograficzne-na-swiecie","status":"publish","type":"product","link":"https:\/\/sklep.edudomo.pl\/en\/sklep\/formy-geograficzne-na-swiecie\/","title":{"rendered":"Formy geograficzne na \u015awiecie."},"content":{"rendered":"<p>Formy geograficzne na \u015awiecie.<br \/>\nTo puzzle, kt\u00f3re przedstawiaj\u0105 27 obiekt\u00f3w z ca\u0142ego \u015awiata, nale\u017c\u0105ce do jednych z dziewi\u0119ciu form geograficznych.<\/p>\n<p>Gracz uk\u0142ada kolejno 9 kart z formami geograficznymi tworz\u0105c na du\u017cej powierzchni tabel\u0119, tak by tworzy\u0142y kolumny a do ich wierszy kolejno pod spodem przyporz\u0105dkowuje 3 karty z odpowiednim obiektem.<br \/>\nWylosowan\u0105 kart\u0119 z obiektem gracz uk\u0142ada pod odpowiedni\u0105 form\u0105 geograficzn\u0105, odczytuje i wyszukuje bloczek z numerem obiektu, kt\u00f3rym wype\u0142nia plansz\u0119 z map\u0105 \u015bwiata.<br \/>\nPoprawno\u015b\u0107 u\u0142o\u017conych obiekt\u00f3w lub rozpocz\u0119cie nauki mo\u017cna weryfikowa\u0107 na karcie kontrolnej z map\u0105 z uzupe\u0142nionymi bloczkami.<\/p>\n<p>Zestaw zawiera:<br \/>\n&#8211; plansza mapa \u015bwiata wielko\u015bci 51cm x 34cm<br \/>\n&#8211; 9 kart w formami geograficznymi (12cm x 12cm)<br \/>\n&#8211; 27 kart z obiektami z ca\u0142ego \u015awiata (8cm x 11,7cm)<br \/>\n&#8211; plansza kontrolna mapy \u015awiata z numerkami (29,5cm x 45cm)<\/p>\n<p>Nasza gra r\u00f3wnie\u017c w wersji PDF.<\/p>\n<p>ang<\/p>\n<p>Landforms of the world is a set that presents 27 examples of nine different landforms from around the world.<\/p>\n<p>The player creates a table: the first row consists of nine pieces with landform names. Next, the player matches three examples to each landform, creating columns.<\/p>\n<p>Examples should be chosen at random and after they are matched, the player assigns the number from the example to the map on the board with a numbered peg.<\/p>\n<p>Answer chart is provided \u2013 you may use it to verify the matches or to start learning.<\/p>\n<p>The set consists of:<\/p>\n<ul>\n<li>World map board (51 cm x 34 cm)<\/li>\n<li>9 cards with landforms (12 cm x 12 cm)<\/li>\n<li>27 cards with examples from around the world (8 cm x 11,7 cm)<\/li>\n<li>Answer chart (29,5 cm x 45 cm)<\/li>\n<\/ul>\n","protected":false},"excerpt":{"rendered":"<p>Formy geograficzne na \u015awiecie. To puzzle, kt\u00f3re przedstawiaj\u0105 27 obiekt\u00f3w z ca\u0142ego \u015awiata, nale\u017c\u0105ce do jednych z dziewi\u0119ciu form geograficznych. Gracz uk\u0142ada kolejno 9 kart z formami geograficznymi tworz\u0105c na du\u017cej powierzchni tabel\u0119, tak by tworzy\u0142y kolumny a do ich wierszy kolejno pod spodem przyporz\u0105dkowuje 3 karty z odpowiednim obiektem. Wylosowan\u0105 kart\u0119 z obiektem gracz<span class=\"read-more-faq\"><a href=\"https:\/\/sklep.edudomo.pl\/en\/sklep\/formy-geograficzne-na-swiecie\/\">Read More<\/a><\/span><\/p>\n","protected":false},"featured_media":6058,"comment_status":"open","ping_status":"closed","template":"","meta":[],"product_brand":[],"product_cat":[87],"product_tag":[67],"class_list":{"0":"post-1893","1":"product","2":"type-product","3":"status-publish","4":"has-post-thumbnail","6":"product_cat-edukacja-przyrodnicza","7":"product_tag-krainy-geogradiczne-swiat","8":"product_shipping_class-stawka-niska","10":"first","11":"onbackorder","12":"taxable","13":"shipping-taxable","14":"purchasable","15":"product-type-simple"},"yoast_head":"<!-- This site is optimized with the Yoast SEO plugin v26.5 - https:\/\/yoast.com\/wordpress\/plugins\/seo\/ -->\n<title>Formy geograficzne na \u015awiecie.<\/title>\n<meta name=\"description\" content=\"Formy geograficzne na \u015awiecie.To puzzle, kt\u00f3re przedstawiaj\u0105 27 obiekt\u00f3w z ca\u0142ego \u015awiata, nale\u017c\u0105ce do jednych z dziewi\u0119ciu form geograficznych.Gracz uk\u0142ada kolejno 9 kart z formami geograficznymi tworz\u0105c na du\u017cej powierzchni tabel\u0119, tak by tworzy\u0142y kolumny a do ich wierszy kolejno pod spodem przyporz\u0105dkowuje 3 karty z odpowiednim obiektem.Wylosowan\u0105 kart\u0119 z obiektem gracz uk\u0142ada pod odpowiedni\u0105 form\u0105 geograficzn\u0105, odczytuje i wyszukuje bloczek z numerem obiektu, kt\u00f3rym wype\u0142nia plansz\u0119 z map\u0105 \u015bwiata.Poprawno\u015b\u0107 u\u0142o\u017conych obiekt\u00f3w lub rozpocz\u0119cie nauki mo\u017cna weryfikowa\u0107 na karcie kontrolnej z map\u0105 z uzupe\u0142nionymi bloczkami.Zestaw zawiera:- plansza mapa \u015bwiata wielko\u015bci 51cm x 34cm- 9 kart w formami geograficznymi (12cm x 12cm)- 27 kart z obiektami z ca\u0142ego \u015awiata (8cm x 11,7cm)- plansza kontrolna mapy \u015awiata z numerkami (29,5cm x 45cm)Nasza gra r\u00f3wnie\u017c w wersji PDF.angLandforms of the world is a set that presents 27 examples of nine different landforms from around the world.The player creates a table: the first row consists of nine pieces with landform names. Next, the player matches three examples to each landform, creating columns.Examples should be chosen at random and after they are matched, the player assigns the number from the example to the map on the board with a numbered peg.Answer chart is provided \u2013 you may use it to verify the matches or to start learning.\" \/>\n<meta name=\"robots\" content=\"index, follow, max-snippet:-1, max-image-preview:large, max-video-preview:-1\" \/>\n<link rel=\"canonical\" href=\"https:\/\/sklep.edudomo.pl\/en\/sklep\/formy-geograficzne-na-swiecie\/\" \/>\n<meta property=\"og:locale\" content=\"en_GB\" \/>\n<meta property=\"og:locale:alternate\" content=\"pl_PL\" \/>\n<meta property=\"og:type\" content=\"article\" \/>\n<meta property=\"og:title\" content=\"Formy geograficzne na \u015awiecie.\" \/>\n<meta property=\"og:description\" content=\"Formy geograficzne na \u015awiecie. To puzzle, kt\u00f3re przedstawiaj\u0105 27 obiekt\u00f3w z ca\u0142ego \u015awiata, nale\u017c\u0105ce do jednych z dziewi\u0119ciu form geograficznych. Gracz uk\u0142ada kolejno 9 kart z formami geograficznymi tworz\u0105c na du\u017cej powierzchni tabel\u0119, tak by tworzy\u0142y kolumny a do ich wierszy kolejno pod spodem przyporz\u0105dkowuje 3 karty z odpowiednim obiektem. Wylosowan\u0105 kart\u0119 z obiektem graczRead More\" \/>\n<meta property=\"og:url\" content=\"https:\/\/sklep.edudomo.pl\/en\/sklep\/formy-geograficzne-na-swiecie\/\" \/>\n<meta property=\"og:site_name\" content=\"sklep EduDoMo\" \/>\n<meta property=\"article:modified_time\" content=\"2025-11-25T17:47:09+00:00\" \/>\n<meta property=\"og:image\" content=\"https:\/\/sklep.edudomo.pl\/wp-content\/uploads\/2020\/03\/IMG_8433.jpg\" \/>\n\t<meta property=\"og:image:width\" content=\"640\" \/>\n\t<meta property=\"og:image:height\" content=\"472\" \/>\n\t<meta property=\"og:image:type\" content=\"image\/jpeg\" \/>\n<meta name=\"twitter:card\" content=\"summary_large_image\" \/>\n<meta name=\"twitter:label1\" content=\"Estimated reading time\" \/>\n\t<meta name=\"twitter:data1\" content=\"2 minutes\" \/>\n<script type=\"application\/ld+json\" class=\"yoast-schema-graph\">{\"@context\":\"https:\/\/schema.org\",\"@graph\":[{\"@type\":\"WebPage\",\"@id\":\"https:\/\/sklep.edudomo.pl\/sklep\/formy-geograficzne-na-swiecie\/\",\"url\":\"https:\/\/sklep.edudomo.pl\/sklep\/formy-geograficzne-na-swiecie\/\",\"name\":\"Formy geograficzne na \u015awiecie.\",\"isPartOf\":{\"@id\":\"https:\/\/sklep.edudomo.pl\/#website\"},\"primaryImageOfPage\":{\"@id\":\"https:\/\/sklep.edudomo.pl\/sklep\/formy-geograficzne-na-swiecie\/#primaryimage\"},\"image\":{\"@id\":\"https:\/\/sklep.edudomo.pl\/sklep\/formy-geograficzne-na-swiecie\/#primaryimage\"},\"thumbnailUrl\":\"https:\/\/sklep.edudomo.pl\/wp-content\/uploads\/2020\/03\/IMG_8433.jpg\",\"datePublished\":\"2020-03-25T08:38:57+00:00\",\"dateModified\":\"2025-11-25T17:47:09+00:00\",\"breadcrumb\":{\"@id\":\"https:\/\/sklep.edudomo.pl\/sklep\/formy-geograficzne-na-swiecie\/#breadcrumb\"},\"inLanguage\":\"en-GB\",\"potentialAction\":[{\"@type\":\"ReadAction\",\"target\":[\"https:\/\/sklep.edudomo.pl\/sklep\/formy-geograficzne-na-swiecie\/\"]}]},{\"@type\":\"ImageObject\",\"inLanguage\":\"en-GB\",\"@id\":\"https:\/\/sklep.edudomo.pl\/sklep\/formy-geograficzne-na-swiecie\/#primaryimage\",\"url\":\"https:\/\/sklep.edudomo.pl\/wp-content\/uploads\/2020\/03\/IMG_8433.jpg\",\"contentUrl\":\"https:\/\/sklep.edudomo.pl\/wp-content\/uploads\/2020\/03\/IMG_8433.jpg\",\"width\":640,\"height\":472,\"caption\":\"Ukszta\u0142towanie terenu na \u015bwiecie\"},{\"@type\":\"BreadcrumbList\",\"@id\":\"https:\/\/sklep.edudomo.pl\/sklep\/formy-geograficzne-na-swiecie\/#breadcrumb\",\"itemListElement\":[{\"@type\":\"ListItem\",\"position\":1,\"name\":\"Strona g\u0142\u00f3wna\",\"item\":\"https:\/\/sklep.edudomo.pl\/\"},{\"@type\":\"ListItem\",\"position\":2,\"name\":\"Sklep\",\"item\":\"https:\/\/sklep.edudomo.pl\/\"},{\"@type\":\"ListItem\",\"position\":3,\"name\":\"Formy geograficzne na \u015bwiecie.\"}]},{\"@type\":\"WebSite\",\"@id\":\"https:\/\/sklep.edudomo.pl\/#website\",\"url\":\"https:\/\/sklep.edudomo.pl\/\",\"name\":\"sklep EduDoMo\",\"description\":\"Edukacja Domowa. Terapia. Wspieranie Talent&oacute;w\",\"publisher\":{\"@id\":\"https:\/\/sklep.edudomo.pl\/#organization\"},\"potentialAction\":[{\"@type\":\"SearchAction\",\"target\":{\"@type\":\"EntryPoint\",\"urlTemplate\":\"https:\/\/sklep.edudomo.pl\/?s={search_term_string}\"},\"query-input\":{\"@type\":\"PropertyValueSpecification\",\"valueRequired\":true,\"valueName\":\"search_term_string\"}}],\"inLanguage\":\"en-GB\"},{\"@type\":\"Organization\",\"@id\":\"https:\/\/sklep.edudomo.pl\/#organization\",\"name\":\"EduDoMo\",\"url\":\"https:\/\/sklep.edudomo.pl\/\",\"logo\":{\"@type\":\"ImageObject\",\"inLanguage\":\"en-GB\",\"@id\":\"https:\/\/sklep.edudomo.pl\/#\/schema\/logo\/image\/\",\"url\":\"https:\/\/sklep.edudomo.pl\/wp-content\/uploads\/2019\/11\/cropped-logo-edudomo-sowa.jpg\",\"contentUrl\":\"https:\/\/sklep.edudomo.pl\/wp-content\/uploads\/2019\/11\/cropped-logo-edudomo-sowa.jpg\",\"width\":120,\"height\":120,\"caption\":\"EduDoMo\"},\"image\":{\"@id\":\"https:\/\/sklep.edudomo.pl\/#\/schema\/logo\/image\/\"}}]}<\/script>\n<!-- \/ Yoast SEO plugin. -->","yoast_head_json":{"title":"Formy geograficzne na \u015awiecie.","description":"Formy geograficzne na \u015awiecie.To puzzle, kt\u00f3re przedstawiaj\u0105 27 obiekt\u00f3w z ca\u0142ego \u015awiata, nale\u017c\u0105ce do jednych z dziewi\u0119ciu form geograficznych.Gracz uk\u0142ada kolejno 9 kart z formami geograficznymi tworz\u0105c na du\u017cej powierzchni tabel\u0119, tak by tworzy\u0142y kolumny a do ich wierszy kolejno pod spodem przyporz\u0105dkowuje 3 karty z odpowiednim obiektem.Wylosowan\u0105 kart\u0119 z obiektem gracz uk\u0142ada pod odpowiedni\u0105 form\u0105 geograficzn\u0105, odczytuje i wyszukuje bloczek z numerem obiektu, kt\u00f3rym wype\u0142nia plansz\u0119 z map\u0105 \u015bwiata.Poprawno\u015b\u0107 u\u0142o\u017conych obiekt\u00f3w lub rozpocz\u0119cie nauki mo\u017cna weryfikowa\u0107 na karcie kontrolnej z map\u0105 z uzupe\u0142nionymi bloczkami.Zestaw zawiera:- plansza mapa \u015bwiata wielko\u015bci 51cm x 34cm- 9 kart w formami geograficznymi (12cm x 12cm)- 27 kart z obiektami z ca\u0142ego \u015awiata (8cm x 11,7cm)- plansza kontrolna mapy \u015awiata z numerkami (29,5cm x 45cm)Nasza gra r\u00f3wnie\u017c w wersji PDF.angLandforms of the world is a set that presents 27 examples of nine different landforms from around the world.The player creates a table: the first row consists of nine pieces with landform names. Next, the player matches three examples to each landform, creating columns.Examples should be chosen at random and after they are matched, the player assigns the number from the example to the map on the board with a numbered peg.Answer chart is provided \u2013 you may use it to verify the matches or to start learning.","robots":{"index":"index","follow":"follow","max-snippet":"max-snippet:-1","max-image-preview":"max-image-preview:large","max-video-preview":"max-video-preview:-1"},"canonical":"https:\/\/sklep.edudomo.pl\/en\/sklep\/formy-geograficzne-na-swiecie\/","og_locale":"en_GB","og_type":"article","og_title":"[:pl]Formy geograficzne na \u015bwiecie.[:en]Formy geograficzne na \u015awiecie.[:] - sklep EduDoMo","og_description":"Formy geograficzne na \u015awiecie. To puzzle, kt\u00f3re przedstawiaj\u0105 27 obiekt\u00f3w z ca\u0142ego \u015awiata, nale\u017c\u0105ce do jednych z dziewi\u0119ciu form geograficznych. Gracz uk\u0142ada kolejno 9 kart z formami geograficznymi tworz\u0105c na du\u017cej powierzchni tabel\u0119, tak by tworzy\u0142y kolumny a do ich wierszy kolejno pod spodem przyporz\u0105dkowuje 3 karty z odpowiednim obiektem. Wylosowan\u0105 kart\u0119 z obiektem graczRead More","og_url":"https:\/\/sklep.edudomo.pl\/en\/sklep\/formy-geograficzne-na-swiecie\/","og_site_name":"sklep EduDoMo","article_modified_time":"2025-11-25T17:47:09+00:00","og_image":[{"width":640,"height":472,"url":"https:\/\/sklep.edudomo.pl\/wp-content\/uploads\/2020\/03\/IMG_8433.jpg","type":"image\/jpeg"}],"twitter_card":"summary_large_image","twitter_misc":{"Estimated reading time":"2 minutes"},"schema":{"@context":"https:\/\/schema.org","@graph":[{"@type":"WebPage","@id":"https:\/\/sklep.edudomo.pl\/sklep\/formy-geograficzne-na-swiecie\/","url":"https:\/\/sklep.edudomo.pl\/sklep\/formy-geograficzne-na-swiecie\/","name":"Formy geograficzne na \u015awiecie.","isPartOf":{"@id":"https:\/\/sklep.edudomo.pl\/#website"},"primaryImageOfPage":{"@id":"https:\/\/sklep.edudomo.pl\/sklep\/formy-geograficzne-na-swiecie\/#primaryimage"},"image":{"@id":"https:\/\/sklep.edudomo.pl\/sklep\/formy-geograficzne-na-swiecie\/#primaryimage"},"thumbnailUrl":"https:\/\/sklep.edudomo.pl\/wp-content\/uploads\/2020\/03\/IMG_8433.jpg","datePublished":"2020-03-25T08:38:57+00:00","dateModified":"2025-11-25T17:47:09+00:00","breadcrumb":{"@id":"https:\/\/sklep.edudomo.pl\/sklep\/formy-geograficzne-na-swiecie\/#breadcrumb"},"inLanguage":"en-GB","potentialAction":[{"@type":"ReadAction","target":["https:\/\/sklep.edudomo.pl\/sklep\/formy-geograficzne-na-swiecie\/"]}]},{"@type":"ImageObject","inLanguage":"en-GB","@id":"https:\/\/sklep.edudomo.pl\/sklep\/formy-geograficzne-na-swiecie\/#primaryimage","url":"https:\/\/sklep.edudomo.pl\/wp-content\/uploads\/2020\/03\/IMG_8433.jpg","contentUrl":"https:\/\/sklep.edudomo.pl\/wp-content\/uploads\/2020\/03\/IMG_8433.jpg","width":640,"height":472,"caption":"Ukszta\u0142towanie terenu na \u015bwiecie"},{"@type":"BreadcrumbList","@id":"https:\/\/sklep.edudomo.pl\/sklep\/formy-geograficzne-na-swiecie\/#breadcrumb","itemListElement":[{"@type":"ListItem","position":1,"name":"Strona g\u0142\u00f3wna","item":"https:\/\/sklep.edudomo.pl\/"},{"@type":"ListItem","position":2,"name":"Sklep","item":"https:\/\/sklep.edudomo.pl\/"},{"@type":"ListItem","position":3,"name":"Formy geograficzne na \u015bwiecie."}]},{"@type":"WebSite","@id":"https:\/\/sklep.edudomo.pl\/#website","url":"https:\/\/sklep.edudomo.pl\/","name":"sklep EduDoMo","description":"Edukacja Domowa. Terapia. Wspieranie Talent&oacute;w","publisher":{"@id":"https:\/\/sklep.edudomo.pl\/#organization"},"potentialAction":[{"@type":"SearchAction","target":{"@type":"EntryPoint","urlTemplate":"https:\/\/sklep.edudomo.pl\/?s={search_term_string}"},"query-input":{"@type":"PropertyValueSpecification","valueRequired":true,"valueName":"search_term_string"}}],"inLanguage":"en-GB"},{"@type":"Organization","@id":"https:\/\/sklep.edudomo.pl\/#organization","name":"EduDoMo","url":"https:\/\/sklep.edudomo.pl\/","logo":{"@type":"ImageObject","inLanguage":"en-GB","@id":"https:\/\/sklep.edudomo.pl\/#\/schema\/logo\/image\/","url":"https:\/\/sklep.edudomo.pl\/wp-content\/uploads\/2019\/11\/cropped-logo-edudomo-sowa.jpg","contentUrl":"https:\/\/sklep.edudomo.pl\/wp-content\/uploads\/2019\/11\/cropped-logo-edudomo-sowa.jpg","width":120,"height":120,"caption":"EduDoMo"},"image":{"@id":"https:\/\/sklep.edudomo.pl\/#\/schema\/logo\/image\/"}}]}},"jetpack_sharing_enabled":true,"_links":{"self":[{"href":"https:\/\/sklep.edudomo.pl\/en\/wp-json\/wp\/v2\/product\/1893","targetHints":{"allow":["GET"]}}],"collection":[{"href":"https:\/\/sklep.edudomo.pl\/en\/wp-json\/wp\/v2\/product"}],"about":[{"href":"https:\/\/sklep.edudomo.pl\/en\/wp-json\/wp\/v2\/types\/product"}],"replies":[{"embeddable":true,"href":"https:\/\/sklep.edudomo.pl\/en\/wp-json\/wp\/v2\/comments?post=1893"}],"wp:featuredmedia":[{"embeddable":true,"href":"https:\/\/sklep.edudomo.pl\/en\/wp-json\/wp\/v2\/media\/6058"}],"wp:attachment":[{"href":"https:\/\/sklep.edudomo.pl\/en\/wp-json\/wp\/v2\/media?parent=1893"}],"wp:term":[{"taxonomy":"product_brand","embeddable":true,"href":"https:\/\/sklep.edudomo.pl\/en\/wp-json\/wp\/v2\/product_brand?post=1893"},{"taxonomy":"product_cat","embeddable":true,"href":"https:\/\/sklep.edudomo.pl\/en\/wp-json\/wp\/v2\/product_cat?post=1893"},{"taxonomy":"product_tag","embeddable":true,"href":"https:\/\/sklep.edudomo.pl\/en\/wp-json\/wp\/v2\/product_tag?post=1893"}],"curies":[{"name":"wp","href":"https:\/\/api.w.org\/{rel}","templated":true}]}}