{"id":1901,"date":"2020-03-26T19:18:34","date_gmt":"2020-03-26T19:18:34","guid":{"rendered":"https:\/\/sklep.edudomo.pl\/?post_type=product&#038;p=1901"},"modified":"2025-11-25T17:38:43","modified_gmt":"2025-11-25T17:38:43","slug":"krainy-geograficzne-w-polsce-puzzle-warstwowe","status":"publish","type":"product","link":"https:\/\/sklep.edudomo.pl\/en\/sklep\/krainy-geograficzne-w-polsce-puzzle-warstwowe\/","title":{"rendered":"Krainy geograficzne w Polsce. Polska. PUZZLE WARSTWOWE."},"content":{"rendered":"<p>Krainy geograficzne w Polsce. PUZZLE WARSTWOWE.<\/p>\n<p>Puzzle modu\u0142owe. Wersja I, podstawowa.<\/p>\n<p>Jest to materia\u0142 sensoryczny, kt\u00f3ry mo\u017cna zbada\u0107. Mo\u017cemy doszuka\u0107 si\u0119 w naszych puzzlach \u201ewarstw\u201d, jedne s\u0105 ciemniejsze, drugie ja\u015bniejsze, jedne ci\u0119\u017csze a drugie l\u017cejsze. A co najbardziej istotne, maj\u0105 r\u00f3\u017cn\u0105 wysoko\u015b\u0107 \u2013 adekwatnie do wysoko\u015bci ukszta\u0142towania terenu w Polsce. . Po od\u0142o\u017ceniu uk\u0142adanki ukazuj\u0105 si\u0119 nazwy g\u0142\u00f3wnych rzek w Polsce.<\/p>\n<p>Dodatkowo do\u0142\u0105czone s\u0105 tabliczki z profilem hipsometrycznym pasm Polski wraz ze skal\u0105 pomiarow\u0105 do sprawdzenia ich wysoko\u015bci n.p.m, dla uzupe\u0142nienia i por\u00f3wnania wszystkich pasm do\u0142\u0105czona jest r\u00f3wnie\u017c tabliczka: Sudety. Na tabliczkach w tej serii produktu mog\u0105 powstawa\u0107 zacienienia- zwi\u0105zane jest to z g\u0142\u0119boko\u015bci\u0105 graweru. Im grubszy grawer tym bardziej sensoryczny, ale i rustykalny wygl\u0105d tabliczek.<\/p>\n<p>Po od\u0142o\u017ceniu uk\u0142adanki ukazuj\u0105 si\u0119 nazwy g\u0142\u00f3wnych rzek w Polsce.<\/p>\n<ul>\n<li>wielko\u015b\u0107 mapy: oko\u0142o 38cm x 41cm<\/li>\n<\/ul>\n<p>Zestaw zawiera<\/p>\n<p>&#8211; puzzle na tacy w kszta\u0142cie mapy<\/p>\n<p>&#8211; tabliczki hipsometryczne<\/p>\n<p>&#8211; karty<\/p>\n","protected":false},"excerpt":{"rendered":"<p>Krainy geograficzne w Polsce. PUZZLE WARSTWOWE. Puzzle modu\u0142owe. Wersja I, podstawowa. Jest to materia\u0142 sensoryczny, kt\u00f3ry mo\u017cna zbada\u0107. Mo\u017cemy doszuka\u0107 si\u0119 w naszych puzzlach \u201ewarstw\u201d, jedne s\u0105 ciemniejsze, drugie ja\u015bniejsze, jedne ci\u0119\u017csze a drugie l\u017cejsze. A co najbardziej istotne, maj\u0105 r\u00f3\u017cn\u0105 wysoko\u015b\u0107 \u2013 adekwatnie do wysoko\u015bci ukszta\u0142towania terenu w Polsce. . Po od\u0142o\u017ceniu uk\u0142adanki ukazuj\u0105<span class=\"read-more-faq\"><a href=\"https:\/\/sklep.edudomo.pl\/en\/sklep\/krainy-geograficzne-w-polsce-puzzle-warstwowe\/\">Read More<\/a><\/span><\/p>\n","protected":false},"featured_media":2317,"comment_status":"open","ping_status":"closed","template":"","meta":[],"product_brand":[],"product_cat":[87,31],"product_tag":[71],"class_list":{"0":"post-1901","1":"product","2":"type-product","3":"status-publish","4":"has-post-thumbnail","6":"product_cat-edukacja-przyrodnicza","7":"product_cat-polska","8":"product_tag-pasma-uksztaltowanie-terenu-formy-geograficzne-polski","9":"product_shipping_class-stawka-niska","11":"first","12":"onbackorder","13":"taxable","14":"shipping-taxable","15":"purchasable","16":"product-type-simple"},"yoast_head":"<!-- This site is optimized with the Yoast SEO plugin v26.5 - https:\/\/yoast.com\/wordpress\/plugins\/seo\/ -->\n<title>Krainy geograficzne w Polsce. Polska. PUZZLE WARSTWOWE.<\/title>\n<meta name=\"robots\" content=\"index, follow, max-snippet:-1, max-image-preview:large, max-video-preview:-1\" \/>\n<link rel=\"canonical\" href=\"https:\/\/sklep.edudomo.pl\/en\/sklep\/krainy-geograficzne-w-polsce-puzzle-warstwowe\/\" \/>\n<meta property=\"og:locale\" content=\"en_GB\" \/>\n<meta property=\"og:locale:alternate\" content=\"pl_PL\" \/>\n<meta property=\"og:type\" content=\"article\" \/>\n<meta property=\"og:title\" content=\"Krainy geograficzne w Polsce. Polska. PUZZLE WARSTWOWE.\" \/>\n<meta property=\"og:description\" content=\"Krainy geograficzne w Polsce. PUZZLE WARSTWOWE. Puzzle modu\u0142owe. Wersja I, podstawowa. Jest to materia\u0142 sensoryczny, kt\u00f3ry mo\u017cna zbada\u0107. Mo\u017cemy doszuka\u0107 si\u0119 w naszych puzzlach \u201ewarstw\u201d, jedne s\u0105 ciemniejsze, drugie ja\u015bniejsze, jedne ci\u0119\u017csze a drugie l\u017cejsze. A co najbardziej istotne, maj\u0105 r\u00f3\u017cn\u0105 wysoko\u015b\u0107 \u2013 adekwatnie do wysoko\u015bci ukszta\u0142towania terenu w Polsce. . Po od\u0142o\u017ceniu uk\u0142adanki ukazuj\u0105Read More\" \/>\n<meta property=\"og:url\" content=\"https:\/\/sklep.edudomo.pl\/en\/sklep\/krainy-geograficzne-w-polsce-puzzle-warstwowe\/\" \/>\n<meta property=\"og:site_name\" content=\"sklep EduDoMo\" \/>\n<meta property=\"article:modified_time\" content=\"2025-11-25T17:38:43+00:00\" \/>\n<meta property=\"og:image\" content=\"https:\/\/sklep.edudomo.pl\/wp-content\/uploads\/2020\/03\/image1.jpeg\" \/>\n\t<meta property=\"og:image:width\" content=\"575\" \/>\n\t<meta property=\"og:image:height\" content=\"564\" \/>\n\t<meta property=\"og:image:type\" content=\"image\/jpeg\" \/>\n<meta name=\"twitter:card\" content=\"summary_large_image\" \/>\n<meta name=\"twitter:label1\" content=\"Estimated reading time\" \/>\n\t<meta name=\"twitter:data1\" content=\"1 minute\" \/>\n<script type=\"application\/ld+json\" class=\"yoast-schema-graph\">{\"@context\":\"https:\/\/schema.org\",\"@graph\":[{\"@type\":\"WebPage\",\"@id\":\"https:\/\/sklep.edudomo.pl\/sklep\/krainy-geograficzne-w-polsce-puzzle-warstwowe\/\",\"url\":\"https:\/\/sklep.edudomo.pl\/sklep\/krainy-geograficzne-w-polsce-puzzle-warstwowe\/\",\"name\":\"Krainy geograficzne w Polsce. Polska. PUZZLE WARSTWOWE.\",\"isPartOf\":{\"@id\":\"https:\/\/sklep.edudomo.pl\/#website\"},\"primaryImageOfPage\":{\"@id\":\"https:\/\/sklep.edudomo.pl\/sklep\/krainy-geograficzne-w-polsce-puzzle-warstwowe\/#primaryimage\"},\"image\":{\"@id\":\"https:\/\/sklep.edudomo.pl\/sklep\/krainy-geograficzne-w-polsce-puzzle-warstwowe\/#primaryimage\"},\"thumbnailUrl\":\"https:\/\/sklep.edudomo.pl\/wp-content\/uploads\/2020\/03\/image1.jpeg\",\"datePublished\":\"2020-03-26T19:18:34+00:00\",\"dateModified\":\"2025-11-25T17:38:43+00:00\",\"breadcrumb\":{\"@id\":\"https:\/\/sklep.edudomo.pl\/sklep\/krainy-geograficzne-w-polsce-puzzle-warstwowe\/#breadcrumb\"},\"inLanguage\":\"en-GB\",\"potentialAction\":[{\"@type\":\"ReadAction\",\"target\":[\"https:\/\/sklep.edudomo.pl\/sklep\/krainy-geograficzne-w-polsce-puzzle-warstwowe\/\"]}]},{\"@type\":\"ImageObject\",\"inLanguage\":\"en-GB\",\"@id\":\"https:\/\/sklep.edudomo.pl\/sklep\/krainy-geograficzne-w-polsce-puzzle-warstwowe\/#primaryimage\",\"url\":\"https:\/\/sklep.edudomo.pl\/wp-content\/uploads\/2020\/03\/image1.jpeg\",\"contentUrl\":\"https:\/\/sklep.edudomo.pl\/wp-content\/uploads\/2020\/03\/image1.jpeg\",\"width\":575,\"height\":564,\"caption\":\"formy ukszta\u0142towania terenu w Polsce. formy geograficzne. Pasma Polski\"},{\"@type\":\"BreadcrumbList\",\"@id\":\"https:\/\/sklep.edudomo.pl\/sklep\/krainy-geograficzne-w-polsce-puzzle-warstwowe\/#breadcrumb\",\"itemListElement\":[{\"@type\":\"ListItem\",\"position\":1,\"name\":\"Strona g\u0142\u00f3wna\",\"item\":\"https:\/\/sklep.edudomo.pl\/\"},{\"@type\":\"ListItem\",\"position\":2,\"name\":\"Sklep\",\"item\":\"https:\/\/sklep.edudomo.pl\/\"},{\"@type\":\"ListItem\",\"position\":3,\"name\":\"Krainy geograficzne w Polsce. Polska. PUZZLE WARSTWOWE.\"}]},{\"@type\":\"WebSite\",\"@id\":\"https:\/\/sklep.edudomo.pl\/#website\",\"url\":\"https:\/\/sklep.edudomo.pl\/\",\"name\":\"sklep EduDoMo\",\"description\":\"Edukacja Domowa. Terapia. Wspieranie Talent&oacute;w\",\"publisher\":{\"@id\":\"https:\/\/sklep.edudomo.pl\/#organization\"},\"potentialAction\":[{\"@type\":\"SearchAction\",\"target\":{\"@type\":\"EntryPoint\",\"urlTemplate\":\"https:\/\/sklep.edudomo.pl\/?s={search_term_string}\"},\"query-input\":{\"@type\":\"PropertyValueSpecification\",\"valueRequired\":true,\"valueName\":\"search_term_string\"}}],\"inLanguage\":\"en-GB\"},{\"@type\":\"Organization\",\"@id\":\"https:\/\/sklep.edudomo.pl\/#organization\",\"name\":\"EduDoMo\",\"url\":\"https:\/\/sklep.edudomo.pl\/\",\"logo\":{\"@type\":\"ImageObject\",\"inLanguage\":\"en-GB\",\"@id\":\"https:\/\/sklep.edudomo.pl\/#\/schema\/logo\/image\/\",\"url\":\"https:\/\/sklep.edudomo.pl\/wp-content\/uploads\/2019\/11\/cropped-logo-edudomo-sowa.jpg\",\"contentUrl\":\"https:\/\/sklep.edudomo.pl\/wp-content\/uploads\/2019\/11\/cropped-logo-edudomo-sowa.jpg\",\"width\":120,\"height\":120,\"caption\":\"EduDoMo\"},\"image\":{\"@id\":\"https:\/\/sklep.edudomo.pl\/#\/schema\/logo\/image\/\"}}]}<\/script>\n<!-- \/ Yoast SEO plugin. -->","yoast_head_json":{"title":"Krainy geograficzne w Polsce. Polska. PUZZLE WARSTWOWE.","robots":{"index":"index","follow":"follow","max-snippet":"max-snippet:-1","max-image-preview":"max-image-preview:large","max-video-preview":"max-video-preview:-1"},"canonical":"https:\/\/sklep.edudomo.pl\/en\/sklep\/krainy-geograficzne-w-polsce-puzzle-warstwowe\/","og_locale":"en_GB","og_type":"article","og_title":"[:pl]Krainy geograficzne w Polsce. Polska. PUZZLE WARSTWOWE.[:] - sklep EduDoMo","og_description":"Krainy geograficzne w Polsce. PUZZLE WARSTWOWE. Puzzle modu\u0142owe. Wersja I, podstawowa. Jest to materia\u0142 sensoryczny, kt\u00f3ry mo\u017cna zbada\u0107. Mo\u017cemy doszuka\u0107 si\u0119 w naszych puzzlach \u201ewarstw\u201d, jedne s\u0105 ciemniejsze, drugie ja\u015bniejsze, jedne ci\u0119\u017csze a drugie l\u017cejsze. A co najbardziej istotne, maj\u0105 r\u00f3\u017cn\u0105 wysoko\u015b\u0107 \u2013 adekwatnie do wysoko\u015bci ukszta\u0142towania terenu w Polsce. . Po od\u0142o\u017ceniu uk\u0142adanki ukazuj\u0105Read More","og_url":"https:\/\/sklep.edudomo.pl\/en\/sklep\/krainy-geograficzne-w-polsce-puzzle-warstwowe\/","og_site_name":"sklep EduDoMo","article_modified_time":"2025-11-25T17:38:43+00:00","og_image":[{"width":575,"height":564,"url":"https:\/\/sklep.edudomo.pl\/wp-content\/uploads\/2020\/03\/image1.jpeg","type":"image\/jpeg"}],"twitter_card":"summary_large_image","twitter_misc":{"Estimated reading time":"1 minute"},"schema":{"@context":"https:\/\/schema.org","@graph":[{"@type":"WebPage","@id":"https:\/\/sklep.edudomo.pl\/sklep\/krainy-geograficzne-w-polsce-puzzle-warstwowe\/","url":"https:\/\/sklep.edudomo.pl\/sklep\/krainy-geograficzne-w-polsce-puzzle-warstwowe\/","name":"Krainy geograficzne w Polsce. Polska. PUZZLE WARSTWOWE.","isPartOf":{"@id":"https:\/\/sklep.edudomo.pl\/#website"},"primaryImageOfPage":{"@id":"https:\/\/sklep.edudomo.pl\/sklep\/krainy-geograficzne-w-polsce-puzzle-warstwowe\/#primaryimage"},"image":{"@id":"https:\/\/sklep.edudomo.pl\/sklep\/krainy-geograficzne-w-polsce-puzzle-warstwowe\/#primaryimage"},"thumbnailUrl":"https:\/\/sklep.edudomo.pl\/wp-content\/uploads\/2020\/03\/image1.jpeg","datePublished":"2020-03-26T19:18:34+00:00","dateModified":"2025-11-25T17:38:43+00:00","breadcrumb":{"@id":"https:\/\/sklep.edudomo.pl\/sklep\/krainy-geograficzne-w-polsce-puzzle-warstwowe\/#breadcrumb"},"inLanguage":"en-GB","potentialAction":[{"@type":"ReadAction","target":["https:\/\/sklep.edudomo.pl\/sklep\/krainy-geograficzne-w-polsce-puzzle-warstwowe\/"]}]},{"@type":"ImageObject","inLanguage":"en-GB","@id":"https:\/\/sklep.edudomo.pl\/sklep\/krainy-geograficzne-w-polsce-puzzle-warstwowe\/#primaryimage","url":"https:\/\/sklep.edudomo.pl\/wp-content\/uploads\/2020\/03\/image1.jpeg","contentUrl":"https:\/\/sklep.edudomo.pl\/wp-content\/uploads\/2020\/03\/image1.jpeg","width":575,"height":564,"caption":"formy ukszta\u0142towania terenu w Polsce. formy geograficzne. Pasma Polski"},{"@type":"BreadcrumbList","@id":"https:\/\/sklep.edudomo.pl\/sklep\/krainy-geograficzne-w-polsce-puzzle-warstwowe\/#breadcrumb","itemListElement":[{"@type":"ListItem","position":1,"name":"Strona g\u0142\u00f3wna","item":"https:\/\/sklep.edudomo.pl\/"},{"@type":"ListItem","position":2,"name":"Sklep","item":"https:\/\/sklep.edudomo.pl\/"},{"@type":"ListItem","position":3,"name":"Krainy geograficzne w Polsce. Polska. PUZZLE WARSTWOWE."}]},{"@type":"WebSite","@id":"https:\/\/sklep.edudomo.pl\/#website","url":"https:\/\/sklep.edudomo.pl\/","name":"sklep EduDoMo","description":"Edukacja Domowa. Terapia. Wspieranie Talent&oacute;w","publisher":{"@id":"https:\/\/sklep.edudomo.pl\/#organization"},"potentialAction":[{"@type":"SearchAction","target":{"@type":"EntryPoint","urlTemplate":"https:\/\/sklep.edudomo.pl\/?s={search_term_string}"},"query-input":{"@type":"PropertyValueSpecification","valueRequired":true,"valueName":"search_term_string"}}],"inLanguage":"en-GB"},{"@type":"Organization","@id":"https:\/\/sklep.edudomo.pl\/#organization","name":"EduDoMo","url":"https:\/\/sklep.edudomo.pl\/","logo":{"@type":"ImageObject","inLanguage":"en-GB","@id":"https:\/\/sklep.edudomo.pl\/#\/schema\/logo\/image\/","url":"https:\/\/sklep.edudomo.pl\/wp-content\/uploads\/2019\/11\/cropped-logo-edudomo-sowa.jpg","contentUrl":"https:\/\/sklep.edudomo.pl\/wp-content\/uploads\/2019\/11\/cropped-logo-edudomo-sowa.jpg","width":120,"height":120,"caption":"EduDoMo"},"image":{"@id":"https:\/\/sklep.edudomo.pl\/#\/schema\/logo\/image\/"}}]}},"jetpack_sharing_enabled":true,"_links":{"self":[{"href":"https:\/\/sklep.edudomo.pl\/en\/wp-json\/wp\/v2\/product\/1901","targetHints":{"allow":["GET"]}}],"collection":[{"href":"https:\/\/sklep.edudomo.pl\/en\/wp-json\/wp\/v2\/product"}],"about":[{"href":"https:\/\/sklep.edudomo.pl\/en\/wp-json\/wp\/v2\/types\/product"}],"replies":[{"embeddable":true,"href":"https:\/\/sklep.edudomo.pl\/en\/wp-json\/wp\/v2\/comments?post=1901"}],"wp:featuredmedia":[{"embeddable":true,"href":"https:\/\/sklep.edudomo.pl\/en\/wp-json\/wp\/v2\/media\/2317"}],"wp:attachment":[{"href":"https:\/\/sklep.edudomo.pl\/en\/wp-json\/wp\/v2\/media?parent=1901"}],"wp:term":[{"taxonomy":"product_brand","embeddable":true,"href":"https:\/\/sklep.edudomo.pl\/en\/wp-json\/wp\/v2\/product_brand?post=1901"},{"taxonomy":"product_cat","embeddable":true,"href":"https:\/\/sklep.edudomo.pl\/en\/wp-json\/wp\/v2\/product_cat?post=1901"},{"taxonomy":"product_tag","embeddable":true,"href":"https:\/\/sklep.edudomo.pl\/en\/wp-json\/wp\/v2\/product_tag?post=1901"}],"curies":[{"name":"wp","href":"https:\/\/api.w.org\/{rel}","templated":true}]}}