{"id":1958,"date":"2020-04-08T12:07:38","date_gmt":"2020-04-08T12:07:38","guid":{"rendered":"https:\/\/sklep.edudomo.pl\/?post_type=product&#038;p=1958"},"modified":"2025-11-25T17:42:15","modified_gmt":"2025-11-25T17:42:15","slug":"sensoryczny-zestaw-mozaik-do-plaskich-kwadratow-18-kart-na-5-figur","status":"publish","type":"product","link":"https:\/\/sklep.edudomo.pl\/en\/sklep\/sensoryczny-zestaw-mozaik-do-plaskich-kwadratow-18-kart-na-5-figur\/","title":{"rendered":"Mozaiki sensoryczne. Sensoryczny zestaw mozaik do p\u0142askich kwadrat\u00f3w. 18 Kart na 5 figur."},"content":{"rendered":"<p><strong>Mozaiki sensoryczne<\/strong> to grawerowane p\u0142ytki z wzorami.<\/p>\n<p>To uk\u0142adanka lewop\u00f3\u0142kulowa, kt\u00f3ra \u0107wiczy analiz\u0119 i syntez\u0119 oraz pami\u0119\u0107 na materiale atematycznym.<\/p>\n<p>Polega na odtworzeniu danego wzoru \u00a0poprzez uprzednie do\u015bwiadczenie go wizualnie oraz za pomoc\u0105 dotyku.<\/p>\n<p>Uk\u0142adanka ta pozwala uczy\u0107 dokonywania kategoryzacji oraz \u0107wiczy\u0107 zapami\u0119tywanie rozmieszczenia szeregu kwadrat\u00f3w tworz\u0105cych dany wz\u00f3r.<\/p>\n<p>&nbsp;<\/p>\n<p>Pocz\u0105tkowo dana karta mo\u017ce by\u0107 odtwarzana patrz\u0105c na wz\u00f3r. Nast\u0119pnie, kart\u0119 nale\u017cy zakry\u0107 (albo uk\u0142ada\u0107 w wz\u00f3r na niej), aby odtwarzanie wzoru nast\u0119powa\u0142o z \u00a0pami\u0119ci.<\/p>\n<p>&nbsp;<\/p>\n<p>zestaw zawiera:<\/p>\n<p>2 szeregi kwadrat\u00f3w\u00a0 (r\u00f3\u017cowe i br\u0105zowe) o wymiarach jednostkowych od 1cm do 10cm.<\/p>\n<p>18 tabliczek sensorycznych z wzorami dla 5 kwadrat\u00f3w o wymiarach 10cm, 8cm, 6cm, 4cm oraz 2cm<\/p>\n<p>&nbsp;<\/p>\n<p>-Wersja PDF to karty, kt\u00f3re mog\u0105 s\u0142u\u017cy\u0107 jako alternatywa naszego sensorycznego materia\u0142u. Czyli \u0107wiczenia odtwarzania i na\u015bladowania wzoru.<\/p>\n","protected":false},"excerpt":{"rendered":"<p>Mozaiki sensoryczne to grawerowane p\u0142ytki z wzorami. To uk\u0142adanka lewop\u00f3\u0142kulowa, kt\u00f3ra \u0107wiczy analiz\u0119 i syntez\u0119 oraz pami\u0119\u0107 na materiale atematycznym. Polega na odtworzeniu danego wzoru \u00a0poprzez uprzednie do\u015bwiadczenie go wizualnie oraz za pomoc\u0105 dotyku. Uk\u0142adanka ta pozwala uczy\u0107 dokonywania kategoryzacji oraz \u0107wiczy\u0107 zapami\u0119tywanie rozmieszczenia szeregu kwadrat\u00f3w tworz\u0105cych dany wz\u00f3r. &nbsp; Pocz\u0105tkowo dana karta mo\u017ce by\u0107<span class=\"read-more-faq\"><a href=\"https:\/\/sklep.edudomo.pl\/en\/sklep\/sensoryczny-zestaw-mozaik-do-plaskich-kwadratow-18-kart-na-5-figur\/\">Read More<\/a><\/span><\/p>\n","protected":false},"featured_media":1961,"comment_status":"open","ping_status":"closed","template":"","meta":[],"product_brand":[],"product_cat":[85,86],"product_tag":[],"class_list":{"0":"post-1958","1":"product","2":"type-product","3":"status-publish","4":"has-post-thumbnail","6":"product_cat-eukacja-matematyczna","7":"product_cat-material-sensoryczny","9":"first","10":"onbackorder","11":"taxable","12":"shipping-taxable","13":"purchasable","14":"product-type-simple"},"yoast_head":"<!-- This site is optimized with the Yoast SEO plugin v26.5 - https:\/\/yoast.com\/wordpress\/plugins\/seo\/ -->\n<title>Mozaiki sensoryczne. Sensoryczny zestaw mozaik do p\u0142askich kwadrat\u00f3w. 18 Kart na 5 figur.<\/title>\n<meta name=\"robots\" content=\"index, follow, max-snippet:-1, max-image-preview:large, max-video-preview:-1\" \/>\n<link rel=\"canonical\" href=\"https:\/\/sklep.edudomo.pl\/en\/sklep\/sensoryczny-zestaw-mozaik-do-plaskich-kwadratow-18-kart-na-5-figur\/\" \/>\n<meta property=\"og:locale\" content=\"en_GB\" \/>\n<meta property=\"og:locale:alternate\" content=\"pl_PL\" \/>\n<meta property=\"og:type\" content=\"article\" \/>\n<meta property=\"og:title\" content=\"Mozaiki sensoryczne. Sensoryczny zestaw mozaik do p\u0142askich kwadrat\u00f3w. 18 Kart na 5 figur.\" \/>\n<meta property=\"og:description\" content=\"Mozaiki sensoryczne to grawerowane p\u0142ytki z wzorami. To uk\u0142adanka lewop\u00f3\u0142kulowa, kt\u00f3ra \u0107wiczy analiz\u0119 i syntez\u0119 oraz pami\u0119\u0107 na materiale atematycznym. Polega na odtworzeniu danego wzoru \u00a0poprzez uprzednie do\u015bwiadczenie go wizualnie oraz za pomoc\u0105 dotyku. Uk\u0142adanka ta pozwala uczy\u0107 dokonywania kategoryzacji oraz \u0107wiczy\u0107 zapami\u0119tywanie rozmieszczenia szeregu kwadrat\u00f3w tworz\u0105cych dany wz\u00f3r. &nbsp; Pocz\u0105tkowo dana karta mo\u017ce by\u0107Read More\" \/>\n<meta property=\"og:url\" content=\"https:\/\/sklep.edudomo.pl\/en\/sklep\/sensoryczny-zestaw-mozaik-do-plaskich-kwadratow-18-kart-na-5-figur\/\" \/>\n<meta property=\"og:site_name\" content=\"sklep EduDoMo\" \/>\n<meta property=\"article:modified_time\" content=\"2025-11-25T17:42:15+00:00\" \/>\n<meta property=\"og:image\" content=\"https:\/\/sklep.edudomo.pl\/wp-content\/uploads\/2020\/04\/IMG_0851.jpg\" \/>\n\t<meta property=\"og:image:width\" content=\"520\" \/>\n\t<meta property=\"og:image:height\" content=\"640\" \/>\n\t<meta property=\"og:image:type\" content=\"image\/jpeg\" \/>\n<meta name=\"twitter:card\" content=\"summary_large_image\" \/>\n<meta name=\"twitter:label1\" content=\"Estimated reading time\" \/>\n\t<meta name=\"twitter:data1\" content=\"1 minute\" \/>\n<script type=\"application\/ld+json\" class=\"yoast-schema-graph\">{\"@context\":\"https:\/\/schema.org\",\"@graph\":[{\"@type\":\"WebPage\",\"@id\":\"https:\/\/sklep.edudomo.pl\/sklep\/sensoryczny-zestaw-mozaik-do-plaskich-kwadratow-18-kart-na-5-figur\/\",\"url\":\"https:\/\/sklep.edudomo.pl\/sklep\/sensoryczny-zestaw-mozaik-do-plaskich-kwadratow-18-kart-na-5-figur\/\",\"name\":\"Mozaiki sensoryczne. Sensoryczny zestaw mozaik do p\u0142askich kwadrat\u00f3w. 18 Kart na 5 figur.\",\"isPartOf\":{\"@id\":\"https:\/\/sklep.edudomo.pl\/#website\"},\"primaryImageOfPage\":{\"@id\":\"https:\/\/sklep.edudomo.pl\/sklep\/sensoryczny-zestaw-mozaik-do-plaskich-kwadratow-18-kart-na-5-figur\/#primaryimage\"},\"image\":{\"@id\":\"https:\/\/sklep.edudomo.pl\/sklep\/sensoryczny-zestaw-mozaik-do-plaskich-kwadratow-18-kart-na-5-figur\/#primaryimage\"},\"thumbnailUrl\":\"https:\/\/sklep.edudomo.pl\/wp-content\/uploads\/2020\/04\/IMG_0851.jpg\",\"datePublished\":\"2020-04-08T12:07:38+00:00\",\"dateModified\":\"2025-11-25T17:42:15+00:00\",\"breadcrumb\":{\"@id\":\"https:\/\/sklep.edudomo.pl\/sklep\/sensoryczny-zestaw-mozaik-do-plaskich-kwadratow-18-kart-na-5-figur\/#breadcrumb\"},\"inLanguage\":\"en-GB\",\"potentialAction\":[{\"@type\":\"ReadAction\",\"target\":[\"https:\/\/sklep.edudomo.pl\/sklep\/sensoryczny-zestaw-mozaik-do-plaskich-kwadratow-18-kart-na-5-figur\/\"]}]},{\"@type\":\"ImageObject\",\"inLanguage\":\"en-GB\",\"@id\":\"https:\/\/sklep.edudomo.pl\/sklep\/sensoryczny-zestaw-mozaik-do-plaskich-kwadratow-18-kart-na-5-figur\/#primaryimage\",\"url\":\"https:\/\/sklep.edudomo.pl\/wp-content\/uploads\/2020\/04\/IMG_0851.jpg\",\"contentUrl\":\"https:\/\/sklep.edudomo.pl\/wp-content\/uploads\/2020\/04\/IMG_0851.jpg\",\"width\":520,\"height\":640,\"caption\":\"mozaiki sensoryczne karty do kwadrat\u00f3w\"},{\"@type\":\"BreadcrumbList\",\"@id\":\"https:\/\/sklep.edudomo.pl\/sklep\/sensoryczny-zestaw-mozaik-do-plaskich-kwadratow-18-kart-na-5-figur\/#breadcrumb\",\"itemListElement\":[{\"@type\":\"ListItem\",\"position\":1,\"name\":\"Strona g\u0142\u00f3wna\",\"item\":\"https:\/\/sklep.edudomo.pl\/\"},{\"@type\":\"ListItem\",\"position\":2,\"name\":\"Sklep\",\"item\":\"https:\/\/sklep.edudomo.pl\/\"},{\"@type\":\"ListItem\",\"position\":3,\"name\":\"Mozaiki sensoryczne. Sensoryczny zestaw mozaik do p\u0142askich kwadrat\u00f3w. 18 Kart na 5 figur.\"}]},{\"@type\":\"WebSite\",\"@id\":\"https:\/\/sklep.edudomo.pl\/#website\",\"url\":\"https:\/\/sklep.edudomo.pl\/\",\"name\":\"sklep EduDoMo\",\"description\":\"Edukacja Domowa. Terapia. Wspieranie Talent&oacute;w\",\"publisher\":{\"@id\":\"https:\/\/sklep.edudomo.pl\/#organization\"},\"potentialAction\":[{\"@type\":\"SearchAction\",\"target\":{\"@type\":\"EntryPoint\",\"urlTemplate\":\"https:\/\/sklep.edudomo.pl\/?s={search_term_string}\"},\"query-input\":{\"@type\":\"PropertyValueSpecification\",\"valueRequired\":true,\"valueName\":\"search_term_string\"}}],\"inLanguage\":\"en-GB\"},{\"@type\":\"Organization\",\"@id\":\"https:\/\/sklep.edudomo.pl\/#organization\",\"name\":\"EduDoMo\",\"url\":\"https:\/\/sklep.edudomo.pl\/\",\"logo\":{\"@type\":\"ImageObject\",\"inLanguage\":\"en-GB\",\"@id\":\"https:\/\/sklep.edudomo.pl\/#\/schema\/logo\/image\/\",\"url\":\"https:\/\/sklep.edudomo.pl\/wp-content\/uploads\/2019\/11\/cropped-logo-edudomo-sowa.jpg\",\"contentUrl\":\"https:\/\/sklep.edudomo.pl\/wp-content\/uploads\/2019\/11\/cropped-logo-edudomo-sowa.jpg\",\"width\":120,\"height\":120,\"caption\":\"EduDoMo\"},\"image\":{\"@id\":\"https:\/\/sklep.edudomo.pl\/#\/schema\/logo\/image\/\"}}]}<\/script>\n<!-- \/ Yoast SEO plugin. -->","yoast_head_json":{"title":"Mozaiki sensoryczne. Sensoryczny zestaw mozaik do p\u0142askich kwadrat\u00f3w. 18 Kart na 5 figur.","robots":{"index":"index","follow":"follow","max-snippet":"max-snippet:-1","max-image-preview":"max-image-preview:large","max-video-preview":"max-video-preview:-1"},"canonical":"https:\/\/sklep.edudomo.pl\/en\/sklep\/sensoryczny-zestaw-mozaik-do-plaskich-kwadratow-18-kart-na-5-figur\/","og_locale":"en_GB","og_type":"article","og_title":"[:pl]Mozaiki sensoryczne. Sensoryczny zestaw mozaik do p\u0142askich kwadrat\u00f3w. 18 Kart na 5 figur.[:] - sklep EduDoMo","og_description":"Mozaiki sensoryczne to grawerowane p\u0142ytki z wzorami. To uk\u0142adanka lewop\u00f3\u0142kulowa, kt\u00f3ra \u0107wiczy analiz\u0119 i syntez\u0119 oraz pami\u0119\u0107 na materiale atematycznym. Polega na odtworzeniu danego wzoru \u00a0poprzez uprzednie do\u015bwiadczenie go wizualnie oraz za pomoc\u0105 dotyku. Uk\u0142adanka ta pozwala uczy\u0107 dokonywania kategoryzacji oraz \u0107wiczy\u0107 zapami\u0119tywanie rozmieszczenia szeregu kwadrat\u00f3w tworz\u0105cych dany wz\u00f3r. &nbsp; Pocz\u0105tkowo dana karta mo\u017ce by\u0107Read More","og_url":"https:\/\/sklep.edudomo.pl\/en\/sklep\/sensoryczny-zestaw-mozaik-do-plaskich-kwadratow-18-kart-na-5-figur\/","og_site_name":"sklep EduDoMo","article_modified_time":"2025-11-25T17:42:15+00:00","og_image":[{"width":520,"height":640,"url":"https:\/\/sklep.edudomo.pl\/wp-content\/uploads\/2020\/04\/IMG_0851.jpg","type":"image\/jpeg"}],"twitter_card":"summary_large_image","twitter_misc":{"Estimated reading time":"1 minute"},"schema":{"@context":"https:\/\/schema.org","@graph":[{"@type":"WebPage","@id":"https:\/\/sklep.edudomo.pl\/sklep\/sensoryczny-zestaw-mozaik-do-plaskich-kwadratow-18-kart-na-5-figur\/","url":"https:\/\/sklep.edudomo.pl\/sklep\/sensoryczny-zestaw-mozaik-do-plaskich-kwadratow-18-kart-na-5-figur\/","name":"Mozaiki sensoryczne. Sensoryczny zestaw mozaik do p\u0142askich kwadrat\u00f3w. 18 Kart na 5 figur.","isPartOf":{"@id":"https:\/\/sklep.edudomo.pl\/#website"},"primaryImageOfPage":{"@id":"https:\/\/sklep.edudomo.pl\/sklep\/sensoryczny-zestaw-mozaik-do-plaskich-kwadratow-18-kart-na-5-figur\/#primaryimage"},"image":{"@id":"https:\/\/sklep.edudomo.pl\/sklep\/sensoryczny-zestaw-mozaik-do-plaskich-kwadratow-18-kart-na-5-figur\/#primaryimage"},"thumbnailUrl":"https:\/\/sklep.edudomo.pl\/wp-content\/uploads\/2020\/04\/IMG_0851.jpg","datePublished":"2020-04-08T12:07:38+00:00","dateModified":"2025-11-25T17:42:15+00:00","breadcrumb":{"@id":"https:\/\/sklep.edudomo.pl\/sklep\/sensoryczny-zestaw-mozaik-do-plaskich-kwadratow-18-kart-na-5-figur\/#breadcrumb"},"inLanguage":"en-GB","potentialAction":[{"@type":"ReadAction","target":["https:\/\/sklep.edudomo.pl\/sklep\/sensoryczny-zestaw-mozaik-do-plaskich-kwadratow-18-kart-na-5-figur\/"]}]},{"@type":"ImageObject","inLanguage":"en-GB","@id":"https:\/\/sklep.edudomo.pl\/sklep\/sensoryczny-zestaw-mozaik-do-plaskich-kwadratow-18-kart-na-5-figur\/#primaryimage","url":"https:\/\/sklep.edudomo.pl\/wp-content\/uploads\/2020\/04\/IMG_0851.jpg","contentUrl":"https:\/\/sklep.edudomo.pl\/wp-content\/uploads\/2020\/04\/IMG_0851.jpg","width":520,"height":640,"caption":"mozaiki sensoryczne karty do kwadrat\u00f3w"},{"@type":"BreadcrumbList","@id":"https:\/\/sklep.edudomo.pl\/sklep\/sensoryczny-zestaw-mozaik-do-plaskich-kwadratow-18-kart-na-5-figur\/#breadcrumb","itemListElement":[{"@type":"ListItem","position":1,"name":"Strona g\u0142\u00f3wna","item":"https:\/\/sklep.edudomo.pl\/"},{"@type":"ListItem","position":2,"name":"Sklep","item":"https:\/\/sklep.edudomo.pl\/"},{"@type":"ListItem","position":3,"name":"Mozaiki sensoryczne. Sensoryczny zestaw mozaik do p\u0142askich kwadrat\u00f3w. 18 Kart na 5 figur."}]},{"@type":"WebSite","@id":"https:\/\/sklep.edudomo.pl\/#website","url":"https:\/\/sklep.edudomo.pl\/","name":"sklep EduDoMo","description":"Edukacja Domowa. Terapia. Wspieranie Talent&oacute;w","publisher":{"@id":"https:\/\/sklep.edudomo.pl\/#organization"},"potentialAction":[{"@type":"SearchAction","target":{"@type":"EntryPoint","urlTemplate":"https:\/\/sklep.edudomo.pl\/?s={search_term_string}"},"query-input":{"@type":"PropertyValueSpecification","valueRequired":true,"valueName":"search_term_string"}}],"inLanguage":"en-GB"},{"@type":"Organization","@id":"https:\/\/sklep.edudomo.pl\/#organization","name":"EduDoMo","url":"https:\/\/sklep.edudomo.pl\/","logo":{"@type":"ImageObject","inLanguage":"en-GB","@id":"https:\/\/sklep.edudomo.pl\/#\/schema\/logo\/image\/","url":"https:\/\/sklep.edudomo.pl\/wp-content\/uploads\/2019\/11\/cropped-logo-edudomo-sowa.jpg","contentUrl":"https:\/\/sklep.edudomo.pl\/wp-content\/uploads\/2019\/11\/cropped-logo-edudomo-sowa.jpg","width":120,"height":120,"caption":"EduDoMo"},"image":{"@id":"https:\/\/sklep.edudomo.pl\/#\/schema\/logo\/image\/"}}]}},"jetpack_sharing_enabled":true,"_links":{"self":[{"href":"https:\/\/sklep.edudomo.pl\/en\/wp-json\/wp\/v2\/product\/1958","targetHints":{"allow":["GET"]}}],"collection":[{"href":"https:\/\/sklep.edudomo.pl\/en\/wp-json\/wp\/v2\/product"}],"about":[{"href":"https:\/\/sklep.edudomo.pl\/en\/wp-json\/wp\/v2\/types\/product"}],"replies":[{"embeddable":true,"href":"https:\/\/sklep.edudomo.pl\/en\/wp-json\/wp\/v2\/comments?post=1958"}],"wp:featuredmedia":[{"embeddable":true,"href":"https:\/\/sklep.edudomo.pl\/en\/wp-json\/wp\/v2\/media\/1961"}],"wp:attachment":[{"href":"https:\/\/sklep.edudomo.pl\/en\/wp-json\/wp\/v2\/media?parent=1958"}],"wp:term":[{"taxonomy":"product_brand","embeddable":true,"href":"https:\/\/sklep.edudomo.pl\/en\/wp-json\/wp\/v2\/product_brand?post=1958"},{"taxonomy":"product_cat","embeddable":true,"href":"https:\/\/sklep.edudomo.pl\/en\/wp-json\/wp\/v2\/product_cat?post=1958"},{"taxonomy":"product_tag","embeddable":true,"href":"https:\/\/sklep.edudomo.pl\/en\/wp-json\/wp\/v2\/product_tag?post=1958"}],"curies":[{"name":"wp","href":"https:\/\/api.w.org\/{rel}","templated":true}]}}