{"id":2016,"date":"2020-04-21T09:43:31","date_gmt":"2020-04-21T09:43:31","guid":{"rendered":"https:\/\/sklep.edudomo.pl\/?post_type=product&#038;p=2016"},"modified":"2025-10-26T06:10:44","modified_gmt":"2025-10-26T06:10:44","slug":"eduprimo-on-line-zumbakids","status":"publish","type":"product","link":"https:\/\/sklep.edudomo.pl\/en\/sklep\/eduprimo-on-line-zumbakids\/","title":{"rendered":"EduPrimo LOGOPEDA"},"content":{"rendered":"<p>prowadz\u0105cy:<\/p>\n<p>Joanna Dubiecka-Zabierzowska<\/p>\n<p>mgr pedagogiki spo\u0142eczno-opieku\u0144czej specjalno\u015b\u0107: terapia,<\/p>\n<p>specjalizacja: LOGOPEDIA<\/p>\n<p>specjalizacja: OLIGOFRENOPEDAGOGIKA<\/p>\n<p>&nbsp;<\/p>\n<p>cena obowi\u0105zuje za zaj\u0119cia terapeutyczne wg potrzeb Dziecka.<\/p>\n<p>czas trwania zaj\u0119\u0107 od 45 minut do 60minut<\/p>\n","protected":false},"excerpt":{"rendered":"<p>prowadz\u0105cy: Joanna Dubiecka-Zabierzowska mgr pedagogiki spo\u0142eczno-opieku\u0144czej specjalno\u015b\u0107: terapia, specjalizacja: LOGOPEDIA specjalizacja: OLIGOFRENOPEDAGOGIKA &nbsp; cena obowi\u0105zuje za zaj\u0119cia terapeutyczne wg potrzeb Dziecka. czas trwania zaj\u0119\u0107 od 45 minut do 60minut<\/p>\n","protected":false},"featured_media":2465,"comment_status":"open","ping_status":"closed","template":"","meta":[],"product_brand":[],"product_cat":[72],"product_tag":[],"class_list":{"0":"post-2016","1":"product","2":"type-product","3":"status-publish","4":"has-post-thumbnail","6":"product_cat-eduprimo_-on-line","7":"bookacti-activity","9":"first","10":"onbackorder","11":"virtual","12":"taxable","13":"purchasable","14":"product-type-simple"},"yoast_head":"<!-- This site is optimized with the Yoast SEO plugin v26.5 - https:\/\/yoast.com\/wordpress\/plugins\/seo\/ -->\n<title>EduPrimo LOGOPEDA<\/title>\n<meta name=\"robots\" content=\"index, follow, max-snippet:-1, max-image-preview:large, max-video-preview:-1\" \/>\n<link rel=\"canonical\" href=\"https:\/\/sklep.edudomo.pl\/en\/sklep\/eduprimo-on-line-zumbakids\/\" \/>\n<meta property=\"og:locale\" content=\"en_GB\" \/>\n<meta property=\"og:locale:alternate\" content=\"pl_PL\" \/>\n<meta property=\"og:type\" content=\"article\" \/>\n<meta property=\"og:title\" content=\"EduPrimo LOGOPEDA\" \/>\n<meta property=\"og:description\" content=\"prowadz\u0105cy: Joanna Dubiecka-Zabierzowska mgr pedagogiki spo\u0142eczno-opieku\u0144czej specjalno\u015b\u0107: terapia, specjalizacja: LOGOPEDIA specjalizacja: OLIGOFRENOPEDAGOGIKA &nbsp; cena obowi\u0105zuje za zaj\u0119cia terapeutyczne wg potrzeb Dziecka. czas trwania zaj\u0119\u0107 od 45 minut do 60minut\" \/>\n<meta property=\"og:url\" content=\"https:\/\/sklep.edudomo.pl\/en\/sklep\/eduprimo-on-line-zumbakids\/\" \/>\n<meta property=\"og:site_name\" content=\"sklep EduDoMo\" \/>\n<meta property=\"article:modified_time\" content=\"2025-10-26T06:10:44+00:00\" \/>\n<meta property=\"og:image\" content=\"https:\/\/sklep.edudomo.pl\/wp-content\/uploads\/2020\/05\/IMG_4654.jpg\" \/>\n\t<meta property=\"og:image:width\" content=\"828\" \/>\n\t<meta property=\"og:image:height\" content=\"797\" \/>\n\t<meta property=\"og:image:type\" content=\"image\/jpeg\" \/>\n<meta name=\"twitter:card\" content=\"summary_large_image\" \/>\n<meta name=\"twitter:label1\" content=\"Estimated reading time\" \/>\n\t<meta name=\"twitter:data1\" content=\"1 minute\" \/>\n<script type=\"application\/ld+json\" class=\"yoast-schema-graph\">{\"@context\":\"https:\/\/schema.org\",\"@graph\":[{\"@type\":\"WebPage\",\"@id\":\"https:\/\/sklep.edudomo.pl\/sklep\/eduprimo-on-line-zumbakids\/\",\"url\":\"https:\/\/sklep.edudomo.pl\/sklep\/eduprimo-on-line-zumbakids\/\",\"name\":\"EduPrimo LOGOPEDA\",\"isPartOf\":{\"@id\":\"https:\/\/sklep.edudomo.pl\/#website\"},\"primaryImageOfPage\":{\"@id\":\"https:\/\/sklep.edudomo.pl\/sklep\/eduprimo-on-line-zumbakids\/#primaryimage\"},\"image\":{\"@id\":\"https:\/\/sklep.edudomo.pl\/sklep\/eduprimo-on-line-zumbakids\/#primaryimage\"},\"thumbnailUrl\":\"https:\/\/sklep.edudomo.pl\/wp-content\/uploads\/2020\/05\/IMG_4654.jpg\",\"datePublished\":\"2020-04-21T09:43:31+00:00\",\"dateModified\":\"2025-10-26T06:10:44+00:00\",\"breadcrumb\":{\"@id\":\"https:\/\/sklep.edudomo.pl\/sklep\/eduprimo-on-line-zumbakids\/#breadcrumb\"},\"inLanguage\":\"en-GB\",\"potentialAction\":[{\"@type\":\"ReadAction\",\"target\":[\"https:\/\/sklep.edudomo.pl\/sklep\/eduprimo-on-line-zumbakids\/\"]}]},{\"@type\":\"ImageObject\",\"inLanguage\":\"en-GB\",\"@id\":\"https:\/\/sklep.edudomo.pl\/sklep\/eduprimo-on-line-zumbakids\/#primaryimage\",\"url\":\"https:\/\/sklep.edudomo.pl\/wp-content\/uploads\/2020\/05\/IMG_4654.jpg\",\"contentUrl\":\"https:\/\/sklep.edudomo.pl\/wp-content\/uploads\/2020\/05\/IMG_4654.jpg\",\"width\":828,\"height\":797,\"caption\":\"EduPrimo\"},{\"@type\":\"BreadcrumbList\",\"@id\":\"https:\/\/sklep.edudomo.pl\/sklep\/eduprimo-on-line-zumbakids\/#breadcrumb\",\"itemListElement\":[{\"@type\":\"ListItem\",\"position\":1,\"name\":\"Strona g\u0142\u00f3wna\",\"item\":\"https:\/\/sklep.edudomo.pl\/\"},{\"@type\":\"ListItem\",\"position\":2,\"name\":\"Sklep\",\"item\":\"https:\/\/sklep.edudomo.pl\/\"},{\"@type\":\"ListItem\",\"position\":3,\"name\":\"EduPrimo LOGOPEDA\"}]},{\"@type\":\"WebSite\",\"@id\":\"https:\/\/sklep.edudomo.pl\/#website\",\"url\":\"https:\/\/sklep.edudomo.pl\/\",\"name\":\"sklep EduDoMo\",\"description\":\"Edukacja Domowa. Terapia. Wspieranie Talent&oacute;w\",\"publisher\":{\"@id\":\"https:\/\/sklep.edudomo.pl\/#organization\"},\"potentialAction\":[{\"@type\":\"SearchAction\",\"target\":{\"@type\":\"EntryPoint\",\"urlTemplate\":\"https:\/\/sklep.edudomo.pl\/?s={search_term_string}\"},\"query-input\":{\"@type\":\"PropertyValueSpecification\",\"valueRequired\":true,\"valueName\":\"search_term_string\"}}],\"inLanguage\":\"en-GB\"},{\"@type\":\"Organization\",\"@id\":\"https:\/\/sklep.edudomo.pl\/#organization\",\"name\":\"EduDoMo\",\"url\":\"https:\/\/sklep.edudomo.pl\/\",\"logo\":{\"@type\":\"ImageObject\",\"inLanguage\":\"en-GB\",\"@id\":\"https:\/\/sklep.edudomo.pl\/#\/schema\/logo\/image\/\",\"url\":\"https:\/\/sklep.edudomo.pl\/wp-content\/uploads\/2019\/11\/cropped-logo-edudomo-sowa.jpg\",\"contentUrl\":\"https:\/\/sklep.edudomo.pl\/wp-content\/uploads\/2019\/11\/cropped-logo-edudomo-sowa.jpg\",\"width\":120,\"height\":120,\"caption\":\"EduDoMo\"},\"image\":{\"@id\":\"https:\/\/sklep.edudomo.pl\/#\/schema\/logo\/image\/\"}}]}<\/script>\n<!-- \/ Yoast SEO plugin. -->","yoast_head_json":{"title":"EduPrimo LOGOPEDA","robots":{"index":"index","follow":"follow","max-snippet":"max-snippet:-1","max-image-preview":"max-image-preview:large","max-video-preview":"max-video-preview:-1"},"canonical":"https:\/\/sklep.edudomo.pl\/en\/sklep\/eduprimo-on-line-zumbakids\/","og_locale":"en_GB","og_type":"article","og_title":"[:pl]EduPrimo LOGOPEDA[:] - sklep EduDoMo","og_description":"prowadz\u0105cy: Joanna Dubiecka-Zabierzowska mgr pedagogiki spo\u0142eczno-opieku\u0144czej specjalno\u015b\u0107: terapia, specjalizacja: LOGOPEDIA specjalizacja: OLIGOFRENOPEDAGOGIKA &nbsp; cena obowi\u0105zuje za zaj\u0119cia terapeutyczne wg potrzeb Dziecka. czas trwania zaj\u0119\u0107 od 45 minut do 60minut","og_url":"https:\/\/sklep.edudomo.pl\/en\/sklep\/eduprimo-on-line-zumbakids\/","og_site_name":"sklep EduDoMo","article_modified_time":"2025-10-26T06:10:44+00:00","og_image":[{"width":828,"height":797,"url":"https:\/\/sklep.edudomo.pl\/wp-content\/uploads\/2020\/05\/IMG_4654.jpg","type":"image\/jpeg"}],"twitter_card":"summary_large_image","twitter_misc":{"Estimated reading time":"1 minute"},"schema":{"@context":"https:\/\/schema.org","@graph":[{"@type":"WebPage","@id":"https:\/\/sklep.edudomo.pl\/sklep\/eduprimo-on-line-zumbakids\/","url":"https:\/\/sklep.edudomo.pl\/sklep\/eduprimo-on-line-zumbakids\/","name":"EduPrimo LOGOPEDA","isPartOf":{"@id":"https:\/\/sklep.edudomo.pl\/#website"},"primaryImageOfPage":{"@id":"https:\/\/sklep.edudomo.pl\/sklep\/eduprimo-on-line-zumbakids\/#primaryimage"},"image":{"@id":"https:\/\/sklep.edudomo.pl\/sklep\/eduprimo-on-line-zumbakids\/#primaryimage"},"thumbnailUrl":"https:\/\/sklep.edudomo.pl\/wp-content\/uploads\/2020\/05\/IMG_4654.jpg","datePublished":"2020-04-21T09:43:31+00:00","dateModified":"2025-10-26T06:10:44+00:00","breadcrumb":{"@id":"https:\/\/sklep.edudomo.pl\/sklep\/eduprimo-on-line-zumbakids\/#breadcrumb"},"inLanguage":"en-GB","potentialAction":[{"@type":"ReadAction","target":["https:\/\/sklep.edudomo.pl\/sklep\/eduprimo-on-line-zumbakids\/"]}]},{"@type":"ImageObject","inLanguage":"en-GB","@id":"https:\/\/sklep.edudomo.pl\/sklep\/eduprimo-on-line-zumbakids\/#primaryimage","url":"https:\/\/sklep.edudomo.pl\/wp-content\/uploads\/2020\/05\/IMG_4654.jpg","contentUrl":"https:\/\/sklep.edudomo.pl\/wp-content\/uploads\/2020\/05\/IMG_4654.jpg","width":828,"height":797,"caption":"EduPrimo"},{"@type":"BreadcrumbList","@id":"https:\/\/sklep.edudomo.pl\/sklep\/eduprimo-on-line-zumbakids\/#breadcrumb","itemListElement":[{"@type":"ListItem","position":1,"name":"Strona g\u0142\u00f3wna","item":"https:\/\/sklep.edudomo.pl\/"},{"@type":"ListItem","position":2,"name":"Sklep","item":"https:\/\/sklep.edudomo.pl\/"},{"@type":"ListItem","position":3,"name":"EduPrimo LOGOPEDA"}]},{"@type":"WebSite","@id":"https:\/\/sklep.edudomo.pl\/#website","url":"https:\/\/sklep.edudomo.pl\/","name":"sklep EduDoMo","description":"Edukacja Domowa. Terapia. Wspieranie Talent&oacute;w","publisher":{"@id":"https:\/\/sklep.edudomo.pl\/#organization"},"potentialAction":[{"@type":"SearchAction","target":{"@type":"EntryPoint","urlTemplate":"https:\/\/sklep.edudomo.pl\/?s={search_term_string}"},"query-input":{"@type":"PropertyValueSpecification","valueRequired":true,"valueName":"search_term_string"}}],"inLanguage":"en-GB"},{"@type":"Organization","@id":"https:\/\/sklep.edudomo.pl\/#organization","name":"EduDoMo","url":"https:\/\/sklep.edudomo.pl\/","logo":{"@type":"ImageObject","inLanguage":"en-GB","@id":"https:\/\/sklep.edudomo.pl\/#\/schema\/logo\/image\/","url":"https:\/\/sklep.edudomo.pl\/wp-content\/uploads\/2019\/11\/cropped-logo-edudomo-sowa.jpg","contentUrl":"https:\/\/sklep.edudomo.pl\/wp-content\/uploads\/2019\/11\/cropped-logo-edudomo-sowa.jpg","width":120,"height":120,"caption":"EduDoMo"},"image":{"@id":"https:\/\/sklep.edudomo.pl\/#\/schema\/logo\/image\/"}}]}},"jetpack_sharing_enabled":true,"_links":{"self":[{"href":"https:\/\/sklep.edudomo.pl\/en\/wp-json\/wp\/v2\/product\/2016","targetHints":{"allow":["GET"]}}],"collection":[{"href":"https:\/\/sklep.edudomo.pl\/en\/wp-json\/wp\/v2\/product"}],"about":[{"href":"https:\/\/sklep.edudomo.pl\/en\/wp-json\/wp\/v2\/types\/product"}],"replies":[{"embeddable":true,"href":"https:\/\/sklep.edudomo.pl\/en\/wp-json\/wp\/v2\/comments?post=2016"}],"wp:featuredmedia":[{"embeddable":true,"href":"https:\/\/sklep.edudomo.pl\/en\/wp-json\/wp\/v2\/media\/2465"}],"wp:attachment":[{"href":"https:\/\/sklep.edudomo.pl\/en\/wp-json\/wp\/v2\/media?parent=2016"}],"wp:term":[{"taxonomy":"product_brand","embeddable":true,"href":"https:\/\/sklep.edudomo.pl\/en\/wp-json\/wp\/v2\/product_brand?post=2016"},{"taxonomy":"product_cat","embeddable":true,"href":"https:\/\/sklep.edudomo.pl\/en\/wp-json\/wp\/v2\/product_cat?post=2016"},{"taxonomy":"product_tag","embeddable":true,"href":"https:\/\/sklep.edudomo.pl\/en\/wp-json\/wp\/v2\/product_tag?post=2016"}],"curies":[{"name":"wp","href":"https:\/\/api.w.org\/{rel}","templated":true}]}}