{"id":2019,"date":"2020-04-21T10:43:59","date_gmt":"2020-04-21T10:43:59","guid":{"rendered":"https:\/\/sklep.edudomo.pl\/?post_type=product&#038;p=2019"},"modified":"2025-11-25T17:41:39","modified_gmt":"2025-11-25T17:41:39","slug":"budowa-wulkanu-puzzle-edukacyjne","status":"publish","type":"product","link":"https:\/\/sklep.edudomo.pl\/en\/sklep\/budowa-wulkanu-puzzle-edukacyjne\/","title":{"rendered":"Budowa wulkanu. Puzzle edukacyjne."},"content":{"rendered":"<p><strong>Budowa wulkanu. Puzzle<\/strong> <strong>edukacyjne.<\/strong><\/p>\n<p>&#8211; karta do uzupe\u0142nienia cyfr, kt\u00f3re odpowiadaj\u0105 poszczeg\u00f3lnym cz\u0119\u015bciom wulkanu<\/p>\n<p>&#8211; karta kontrolna<\/p>\n<p>&#8211; 17 kart z pokolorowan\u0105 cz\u0119\u015bci\u0105 i podpisem<\/p>\n","protected":false},"excerpt":{"rendered":"<p>Budowa wulkanu. Puzzle edukacyjne. &#8211; karta do uzupe\u0142nienia cyfr, kt\u00f3re odpowiadaj\u0105 poszczeg\u00f3lnym cz\u0119\u015bciom wulkanu &#8211; karta kontrolna &#8211; 17 kart z pokolorowan\u0105 cz\u0119\u015bci\u0105 i podpisem<\/p>\n","protected":false},"featured_media":2020,"comment_status":"open","ping_status":"closed","template":"","meta":[],"product_brand":[],"product_cat":[87],"product_tag":[76],"class_list":{"0":"post-2019","1":"product","2":"type-product","3":"status-publish","4":"has-post-thumbnail","6":"product_cat-edukacja-przyrodnicza","7":"product_tag-budowa-wulkanu-puzzle-edukacyjne","9":"first","10":"onbackorder","11":"taxable","12":"shipping-taxable","13":"purchasable","14":"product-type-simple"},"yoast_head":"<!-- This site is optimized with the Yoast SEO plugin v26.5 - https:\/\/yoast.com\/wordpress\/plugins\/seo\/ -->\n<title>Budowa wulkanu. Puzzle edukacyjne.<\/title>\n<meta name=\"robots\" content=\"index, follow, max-snippet:-1, max-image-preview:large, max-video-preview:-1\" \/>\n<link rel=\"canonical\" href=\"https:\/\/sklep.edudomo.pl\/en\/sklep\/budowa-wulkanu-puzzle-edukacyjne\/\" \/>\n<meta property=\"og:locale\" content=\"en_GB\" \/>\n<meta property=\"og:locale:alternate\" content=\"pl_PL\" \/>\n<meta property=\"og:type\" content=\"article\" \/>\n<meta property=\"og:title\" content=\"Budowa wulkanu. Puzzle edukacyjne.\" \/>\n<meta property=\"og:description\" content=\"Budowa wulkanu. Puzzle edukacyjne. &#8211; karta do uzupe\u0142nienia cyfr, kt\u00f3re odpowiadaj\u0105 poszczeg\u00f3lnym cz\u0119\u015bciom wulkanu &#8211; karta kontrolna &#8211; 17 kart z pokolorowan\u0105 cz\u0119\u015bci\u0105 i podpisem\" \/>\n<meta property=\"og:url\" content=\"https:\/\/sklep.edudomo.pl\/en\/sklep\/budowa-wulkanu-puzzle-edukacyjne\/\" \/>\n<meta property=\"og:site_name\" content=\"sklep EduDoMo\" \/>\n<meta property=\"article:modified_time\" content=\"2025-11-25T17:41:39+00:00\" \/>\n<meta property=\"og:image\" content=\"https:\/\/sklep.edudomo.pl\/wp-content\/uploads\/2020\/04\/image0.jpeg\" \/>\n\t<meta property=\"og:image:width\" content=\"640\" \/>\n\t<meta property=\"og:image:height\" content=\"589\" \/>\n\t<meta property=\"og:image:type\" content=\"image\/jpeg\" \/>\n<meta name=\"twitter:card\" content=\"summary_large_image\" \/>\n<script type=\"application\/ld+json\" class=\"yoast-schema-graph\">{\"@context\":\"https:\/\/schema.org\",\"@graph\":[{\"@type\":\"WebPage\",\"@id\":\"https:\/\/sklep.edudomo.pl\/sklep\/budowa-wulkanu-puzzle-edukacyjne\/\",\"url\":\"https:\/\/sklep.edudomo.pl\/sklep\/budowa-wulkanu-puzzle-edukacyjne\/\",\"name\":\"Budowa wulkanu. Puzzle edukacyjne.\",\"isPartOf\":{\"@id\":\"https:\/\/sklep.edudomo.pl\/#website\"},\"primaryImageOfPage\":{\"@id\":\"https:\/\/sklep.edudomo.pl\/sklep\/budowa-wulkanu-puzzle-edukacyjne\/#primaryimage\"},\"image\":{\"@id\":\"https:\/\/sklep.edudomo.pl\/sklep\/budowa-wulkanu-puzzle-edukacyjne\/#primaryimage\"},\"thumbnailUrl\":\"https:\/\/sklep.edudomo.pl\/wp-content\/uploads\/2020\/04\/image0.jpeg\",\"datePublished\":\"2020-04-21T10:43:59+00:00\",\"dateModified\":\"2025-11-25T17:41:39+00:00\",\"breadcrumb\":{\"@id\":\"https:\/\/sklep.edudomo.pl\/sklep\/budowa-wulkanu-puzzle-edukacyjne\/#breadcrumb\"},\"inLanguage\":\"en-GB\",\"potentialAction\":[{\"@type\":\"ReadAction\",\"target\":[\"https:\/\/sklep.edudomo.pl\/sklep\/budowa-wulkanu-puzzle-edukacyjne\/\"]}]},{\"@type\":\"ImageObject\",\"inLanguage\":\"en-GB\",\"@id\":\"https:\/\/sklep.edudomo.pl\/sklep\/budowa-wulkanu-puzzle-edukacyjne\/#primaryimage\",\"url\":\"https:\/\/sklep.edudomo.pl\/wp-content\/uploads\/2020\/04\/image0.jpeg\",\"contentUrl\":\"https:\/\/sklep.edudomo.pl\/wp-content\/uploads\/2020\/04\/image0.jpeg\",\"width\":640,\"height\":589,\"caption\":\"Budowa wulkanu. Puzzle edukacyjne.\"},{\"@type\":\"BreadcrumbList\",\"@id\":\"https:\/\/sklep.edudomo.pl\/sklep\/budowa-wulkanu-puzzle-edukacyjne\/#breadcrumb\",\"itemListElement\":[{\"@type\":\"ListItem\",\"position\":1,\"name\":\"Strona g\u0142\u00f3wna\",\"item\":\"https:\/\/sklep.edudomo.pl\/\"},{\"@type\":\"ListItem\",\"position\":2,\"name\":\"Sklep\",\"item\":\"https:\/\/sklep.edudomo.pl\/\"},{\"@type\":\"ListItem\",\"position\":3,\"name\":\"Budowa wulkanu. Puzzle edukacyjne.\"}]},{\"@type\":\"WebSite\",\"@id\":\"https:\/\/sklep.edudomo.pl\/#website\",\"url\":\"https:\/\/sklep.edudomo.pl\/\",\"name\":\"sklep EduDoMo\",\"description\":\"Edukacja Domowa. Terapia. Wspieranie Talent&oacute;w\",\"publisher\":{\"@id\":\"https:\/\/sklep.edudomo.pl\/#organization\"},\"potentialAction\":[{\"@type\":\"SearchAction\",\"target\":{\"@type\":\"EntryPoint\",\"urlTemplate\":\"https:\/\/sklep.edudomo.pl\/?s={search_term_string}\"},\"query-input\":{\"@type\":\"PropertyValueSpecification\",\"valueRequired\":true,\"valueName\":\"search_term_string\"}}],\"inLanguage\":\"en-GB\"},{\"@type\":\"Organization\",\"@id\":\"https:\/\/sklep.edudomo.pl\/#organization\",\"name\":\"EduDoMo\",\"url\":\"https:\/\/sklep.edudomo.pl\/\",\"logo\":{\"@type\":\"ImageObject\",\"inLanguage\":\"en-GB\",\"@id\":\"https:\/\/sklep.edudomo.pl\/#\/schema\/logo\/image\/\",\"url\":\"https:\/\/sklep.edudomo.pl\/wp-content\/uploads\/2019\/11\/cropped-logo-edudomo-sowa.jpg\",\"contentUrl\":\"https:\/\/sklep.edudomo.pl\/wp-content\/uploads\/2019\/11\/cropped-logo-edudomo-sowa.jpg\",\"width\":120,\"height\":120,\"caption\":\"EduDoMo\"},\"image\":{\"@id\":\"https:\/\/sklep.edudomo.pl\/#\/schema\/logo\/image\/\"}}]}<\/script>\n<!-- \/ Yoast SEO plugin. -->","yoast_head_json":{"title":"Budowa wulkanu. Puzzle edukacyjne.","robots":{"index":"index","follow":"follow","max-snippet":"max-snippet:-1","max-image-preview":"max-image-preview:large","max-video-preview":"max-video-preview:-1"},"canonical":"https:\/\/sklep.edudomo.pl\/en\/sklep\/budowa-wulkanu-puzzle-edukacyjne\/","og_locale":"en_GB","og_type":"article","og_title":"[:pl]Budowa wulkanu. Puzzle edukacyjne.[:] - sklep EduDoMo","og_description":"Budowa wulkanu. Puzzle edukacyjne. &#8211; karta do uzupe\u0142nienia cyfr, kt\u00f3re odpowiadaj\u0105 poszczeg\u00f3lnym cz\u0119\u015bciom wulkanu &#8211; karta kontrolna &#8211; 17 kart z pokolorowan\u0105 cz\u0119\u015bci\u0105 i podpisem","og_url":"https:\/\/sklep.edudomo.pl\/en\/sklep\/budowa-wulkanu-puzzle-edukacyjne\/","og_site_name":"sklep EduDoMo","article_modified_time":"2025-11-25T17:41:39+00:00","og_image":[{"width":640,"height":589,"url":"https:\/\/sklep.edudomo.pl\/wp-content\/uploads\/2020\/04\/image0.jpeg","type":"image\/jpeg"}],"twitter_card":"summary_large_image","schema":{"@context":"https:\/\/schema.org","@graph":[{"@type":"WebPage","@id":"https:\/\/sklep.edudomo.pl\/sklep\/budowa-wulkanu-puzzle-edukacyjne\/","url":"https:\/\/sklep.edudomo.pl\/sklep\/budowa-wulkanu-puzzle-edukacyjne\/","name":"Budowa wulkanu. Puzzle edukacyjne.","isPartOf":{"@id":"https:\/\/sklep.edudomo.pl\/#website"},"primaryImageOfPage":{"@id":"https:\/\/sklep.edudomo.pl\/sklep\/budowa-wulkanu-puzzle-edukacyjne\/#primaryimage"},"image":{"@id":"https:\/\/sklep.edudomo.pl\/sklep\/budowa-wulkanu-puzzle-edukacyjne\/#primaryimage"},"thumbnailUrl":"https:\/\/sklep.edudomo.pl\/wp-content\/uploads\/2020\/04\/image0.jpeg","datePublished":"2020-04-21T10:43:59+00:00","dateModified":"2025-11-25T17:41:39+00:00","breadcrumb":{"@id":"https:\/\/sklep.edudomo.pl\/sklep\/budowa-wulkanu-puzzle-edukacyjne\/#breadcrumb"},"inLanguage":"en-GB","potentialAction":[{"@type":"ReadAction","target":["https:\/\/sklep.edudomo.pl\/sklep\/budowa-wulkanu-puzzle-edukacyjne\/"]}]},{"@type":"ImageObject","inLanguage":"en-GB","@id":"https:\/\/sklep.edudomo.pl\/sklep\/budowa-wulkanu-puzzle-edukacyjne\/#primaryimage","url":"https:\/\/sklep.edudomo.pl\/wp-content\/uploads\/2020\/04\/image0.jpeg","contentUrl":"https:\/\/sklep.edudomo.pl\/wp-content\/uploads\/2020\/04\/image0.jpeg","width":640,"height":589,"caption":"Budowa wulkanu. Puzzle edukacyjne."},{"@type":"BreadcrumbList","@id":"https:\/\/sklep.edudomo.pl\/sklep\/budowa-wulkanu-puzzle-edukacyjne\/#breadcrumb","itemListElement":[{"@type":"ListItem","position":1,"name":"Strona g\u0142\u00f3wna","item":"https:\/\/sklep.edudomo.pl\/"},{"@type":"ListItem","position":2,"name":"Sklep","item":"https:\/\/sklep.edudomo.pl\/"},{"@type":"ListItem","position":3,"name":"Budowa wulkanu. Puzzle edukacyjne."}]},{"@type":"WebSite","@id":"https:\/\/sklep.edudomo.pl\/#website","url":"https:\/\/sklep.edudomo.pl\/","name":"sklep EduDoMo","description":"Edukacja Domowa. Terapia. Wspieranie Talent&oacute;w","publisher":{"@id":"https:\/\/sklep.edudomo.pl\/#organization"},"potentialAction":[{"@type":"SearchAction","target":{"@type":"EntryPoint","urlTemplate":"https:\/\/sklep.edudomo.pl\/?s={search_term_string}"},"query-input":{"@type":"PropertyValueSpecification","valueRequired":true,"valueName":"search_term_string"}}],"inLanguage":"en-GB"},{"@type":"Organization","@id":"https:\/\/sklep.edudomo.pl\/#organization","name":"EduDoMo","url":"https:\/\/sklep.edudomo.pl\/","logo":{"@type":"ImageObject","inLanguage":"en-GB","@id":"https:\/\/sklep.edudomo.pl\/#\/schema\/logo\/image\/","url":"https:\/\/sklep.edudomo.pl\/wp-content\/uploads\/2019\/11\/cropped-logo-edudomo-sowa.jpg","contentUrl":"https:\/\/sklep.edudomo.pl\/wp-content\/uploads\/2019\/11\/cropped-logo-edudomo-sowa.jpg","width":120,"height":120,"caption":"EduDoMo"},"image":{"@id":"https:\/\/sklep.edudomo.pl\/#\/schema\/logo\/image\/"}}]}},"jetpack_sharing_enabled":true,"_links":{"self":[{"href":"https:\/\/sklep.edudomo.pl\/en\/wp-json\/wp\/v2\/product\/2019","targetHints":{"allow":["GET"]}}],"collection":[{"href":"https:\/\/sklep.edudomo.pl\/en\/wp-json\/wp\/v2\/product"}],"about":[{"href":"https:\/\/sklep.edudomo.pl\/en\/wp-json\/wp\/v2\/types\/product"}],"replies":[{"embeddable":true,"href":"https:\/\/sklep.edudomo.pl\/en\/wp-json\/wp\/v2\/comments?post=2019"}],"wp:featuredmedia":[{"embeddable":true,"href":"https:\/\/sklep.edudomo.pl\/en\/wp-json\/wp\/v2\/media\/2020"}],"wp:attachment":[{"href":"https:\/\/sklep.edudomo.pl\/en\/wp-json\/wp\/v2\/media?parent=2019"}],"wp:term":[{"taxonomy":"product_brand","embeddable":true,"href":"https:\/\/sklep.edudomo.pl\/en\/wp-json\/wp\/v2\/product_brand?post=2019"},{"taxonomy":"product_cat","embeddable":true,"href":"https:\/\/sklep.edudomo.pl\/en\/wp-json\/wp\/v2\/product_cat?post=2019"},{"taxonomy":"product_tag","embeddable":true,"href":"https:\/\/sklep.edudomo.pl\/en\/wp-json\/wp\/v2\/product_tag?post=2019"}],"curies":[{"name":"wp","href":"https:\/\/api.w.org\/{rel}","templated":true}]}}