{"id":2040,"date":"2020-04-25T10:57:18","date_gmt":"2020-04-25T10:57:18","guid":{"rendered":"https:\/\/sklep.edudomo.pl\/?post_type=product&#038;p=2040"},"modified":"2025-11-25T17:41:26","modified_gmt":"2025-11-25T17:41:26","slug":"tablica-pitagorasa","status":"publish","type":"product","link":"https:\/\/sklep.edudomo.pl\/en\/sklep\/tablica-pitagorasa\/","title":{"rendered":"Tablica Pitagorasa"},"content":{"rendered":"<p>Tablica Pitagorasa.<\/p>\n<p>To dwie plansze, jedna z tabliczk\u0105 mno\u017cenia a druga plansza to tablica kredowa do uzupe\u0142nienia.<\/p>\n<p>Obydwie plansze s\u0105 o wymiarach 36,5cmx31,5cm<\/p>\n<p>ang<\/p>\n<p>Multiplication table: A board with multiplication table. Have fun checking and writing down the answers!<\/p>\n<p>IT<\/p>\n<p>Tavola pitagorica<\/p>\n<p>&nbsp;<\/p>\n<p>Sono due tavole:la prima \u00e8 una tavola pitagorica, la seconda &#8211; una lavagna da completare. Entrambe le tavole misurano 36,5 cm x 31,5 cm<\/p>\n<p>&nbsp;<\/p>\n","protected":false},"excerpt":{"rendered":"<p>Tablica Pitagorasa. To dwie plansze, jedna z tabliczk\u0105 mno\u017cenia a druga plansza to tablica kredowa do uzupe\u0142nienia. Obydwie plansze s\u0105 o wymiarach 36,5cmx31,5cm ang Multiplication table: A board with multiplication table. Have fun checking and writing down the answers! IT Tavola pitagorica &nbsp; Sono due tavole:la prima \u00e8 una tavola pitagorica, la seconda &#8211; una<span class=\"read-more-faq\"><a href=\"https:\/\/sklep.edudomo.pl\/en\/sklep\/tablica-pitagorasa\/\">Read More<\/a><\/span><\/p>\n","protected":false},"featured_media":2041,"comment_status":"open","ping_status":"closed","template":"","meta":[],"product_brand":[],"product_cat":[85],"product_tag":[],"class_list":{"0":"post-2040","1":"product","2":"type-product","3":"status-publish","4":"has-post-thumbnail","6":"product_cat-eukacja-matematyczna","8":"first","9":"onbackorder","10":"taxable","11":"shipping-taxable","12":"purchasable","13":"product-type-simple"},"yoast_head":"<!-- This site is optimized with the Yoast SEO plugin v26.5 - https:\/\/yoast.com\/wordpress\/plugins\/seo\/ -->\n<title>Tablica Pitagorasa<\/title>\n<meta name=\"robots\" content=\"index, follow, max-snippet:-1, max-image-preview:large, max-video-preview:-1\" \/>\n<link rel=\"canonical\" href=\"https:\/\/sklep.edudomo.pl\/en\/sklep\/tablica-pitagorasa\/\" \/>\n<meta property=\"og:locale\" content=\"en_GB\" \/>\n<meta property=\"og:locale:alternate\" content=\"pl_PL\" \/>\n<meta property=\"og:type\" content=\"article\" \/>\n<meta property=\"og:title\" content=\"Tablica Pitagorasa\" \/>\n<meta property=\"og:description\" content=\"Tablica Pitagorasa. To dwie plansze, jedna z tabliczk\u0105 mno\u017cenia a druga plansza to tablica kredowa do uzupe\u0142nienia. Obydwie plansze s\u0105 o wymiarach 36,5cmx31,5cm ang Multiplication table: A board with multiplication table. Have fun checking and writing down the answers! IT Tavola pitagorica &nbsp; Sono due tavole:la prima \u00e8 una tavola pitagorica, la seconda &#8211; unaRead More\" \/>\n<meta property=\"og:url\" content=\"https:\/\/sklep.edudomo.pl\/en\/sklep\/tablica-pitagorasa\/\" \/>\n<meta property=\"og:site_name\" content=\"sklep EduDoMo\" \/>\n<meta property=\"article:modified_time\" content=\"2025-11-25T17:41:26+00:00\" \/>\n<meta property=\"og:image\" content=\"https:\/\/sklep.edudomo.pl\/wp-content\/uploads\/2020\/04\/IMG_1334.jpg\" \/>\n\t<meta property=\"og:image:width\" content=\"640\" \/>\n\t<meta property=\"og:image:height\" content=\"459\" \/>\n\t<meta property=\"og:image:type\" content=\"image\/jpeg\" \/>\n<meta name=\"twitter:card\" content=\"summary_large_image\" \/>\n<script type=\"application\/ld+json\" class=\"yoast-schema-graph\">{\"@context\":\"https:\/\/schema.org\",\"@graph\":[{\"@type\":\"WebPage\",\"@id\":\"https:\/\/sklep.edudomo.pl\/sklep\/tablica-pitagorasa\/\",\"url\":\"https:\/\/sklep.edudomo.pl\/sklep\/tablica-pitagorasa\/\",\"name\":\"Tablica Pitagorasa\",\"isPartOf\":{\"@id\":\"https:\/\/sklep.edudomo.pl\/#website\"},\"primaryImageOfPage\":{\"@id\":\"https:\/\/sklep.edudomo.pl\/sklep\/tablica-pitagorasa\/#primaryimage\"},\"image\":{\"@id\":\"https:\/\/sklep.edudomo.pl\/sklep\/tablica-pitagorasa\/#primaryimage\"},\"thumbnailUrl\":\"https:\/\/sklep.edudomo.pl\/wp-content\/uploads\/2020\/04\/IMG_1334.jpg\",\"datePublished\":\"2020-04-25T10:57:18+00:00\",\"dateModified\":\"2025-11-25T17:41:26+00:00\",\"breadcrumb\":{\"@id\":\"https:\/\/sklep.edudomo.pl\/sklep\/tablica-pitagorasa\/#breadcrumb\"},\"inLanguage\":\"en-GB\",\"potentialAction\":[{\"@type\":\"ReadAction\",\"target\":[\"https:\/\/sklep.edudomo.pl\/sklep\/tablica-pitagorasa\/\"]}]},{\"@type\":\"ImageObject\",\"inLanguage\":\"en-GB\",\"@id\":\"https:\/\/sklep.edudomo.pl\/sklep\/tablica-pitagorasa\/#primaryimage\",\"url\":\"https:\/\/sklep.edudomo.pl\/wp-content\/uploads\/2020\/04\/IMG_1334.jpg\",\"contentUrl\":\"https:\/\/sklep.edudomo.pl\/wp-content\/uploads\/2020\/04\/IMG_1334.jpg\",\"width\":640,\"height\":459,\"caption\":\"tabliczka mno\u017cenia\"},{\"@type\":\"BreadcrumbList\",\"@id\":\"https:\/\/sklep.edudomo.pl\/sklep\/tablica-pitagorasa\/#breadcrumb\",\"itemListElement\":[{\"@type\":\"ListItem\",\"position\":1,\"name\":\"Strona g\u0142\u00f3wna\",\"item\":\"https:\/\/sklep.edudomo.pl\/\"},{\"@type\":\"ListItem\",\"position\":2,\"name\":\"Sklep\",\"item\":\"https:\/\/sklep.edudomo.pl\/\"},{\"@type\":\"ListItem\",\"position\":3,\"name\":\"Tablica Pitagorasa\"}]},{\"@type\":\"WebSite\",\"@id\":\"https:\/\/sklep.edudomo.pl\/#website\",\"url\":\"https:\/\/sklep.edudomo.pl\/\",\"name\":\"sklep EduDoMo\",\"description\":\"Edukacja Domowa. Terapia. Wspieranie Talent&oacute;w\",\"publisher\":{\"@id\":\"https:\/\/sklep.edudomo.pl\/#organization\"},\"potentialAction\":[{\"@type\":\"SearchAction\",\"target\":{\"@type\":\"EntryPoint\",\"urlTemplate\":\"https:\/\/sklep.edudomo.pl\/?s={search_term_string}\"},\"query-input\":{\"@type\":\"PropertyValueSpecification\",\"valueRequired\":true,\"valueName\":\"search_term_string\"}}],\"inLanguage\":\"en-GB\"},{\"@type\":\"Organization\",\"@id\":\"https:\/\/sklep.edudomo.pl\/#organization\",\"name\":\"EduDoMo\",\"url\":\"https:\/\/sklep.edudomo.pl\/\",\"logo\":{\"@type\":\"ImageObject\",\"inLanguage\":\"en-GB\",\"@id\":\"https:\/\/sklep.edudomo.pl\/#\/schema\/logo\/image\/\",\"url\":\"https:\/\/sklep.edudomo.pl\/wp-content\/uploads\/2019\/11\/cropped-logo-edudomo-sowa.jpg\",\"contentUrl\":\"https:\/\/sklep.edudomo.pl\/wp-content\/uploads\/2019\/11\/cropped-logo-edudomo-sowa.jpg\",\"width\":120,\"height\":120,\"caption\":\"EduDoMo\"},\"image\":{\"@id\":\"https:\/\/sklep.edudomo.pl\/#\/schema\/logo\/image\/\"}}]}<\/script>\n<!-- \/ Yoast SEO plugin. -->","yoast_head_json":{"title":"Tablica Pitagorasa","robots":{"index":"index","follow":"follow","max-snippet":"max-snippet:-1","max-image-preview":"max-image-preview:large","max-video-preview":"max-video-preview:-1"},"canonical":"https:\/\/sklep.edudomo.pl\/en\/sklep\/tablica-pitagorasa\/","og_locale":"en_GB","og_type":"article","og_title":"[:pl]Tablica Pitagorasa[:] - sklep EduDoMo","og_description":"Tablica Pitagorasa. To dwie plansze, jedna z tabliczk\u0105 mno\u017cenia a druga plansza to tablica kredowa do uzupe\u0142nienia. Obydwie plansze s\u0105 o wymiarach 36,5cmx31,5cm ang Multiplication table: A board with multiplication table. Have fun checking and writing down the answers! IT Tavola pitagorica &nbsp; Sono due tavole:la prima \u00e8 una tavola pitagorica, la seconda &#8211; unaRead More","og_url":"https:\/\/sklep.edudomo.pl\/en\/sklep\/tablica-pitagorasa\/","og_site_name":"sklep EduDoMo","article_modified_time":"2025-11-25T17:41:26+00:00","og_image":[{"width":640,"height":459,"url":"https:\/\/sklep.edudomo.pl\/wp-content\/uploads\/2020\/04\/IMG_1334.jpg","type":"image\/jpeg"}],"twitter_card":"summary_large_image","schema":{"@context":"https:\/\/schema.org","@graph":[{"@type":"WebPage","@id":"https:\/\/sklep.edudomo.pl\/sklep\/tablica-pitagorasa\/","url":"https:\/\/sklep.edudomo.pl\/sklep\/tablica-pitagorasa\/","name":"Tablica Pitagorasa","isPartOf":{"@id":"https:\/\/sklep.edudomo.pl\/#website"},"primaryImageOfPage":{"@id":"https:\/\/sklep.edudomo.pl\/sklep\/tablica-pitagorasa\/#primaryimage"},"image":{"@id":"https:\/\/sklep.edudomo.pl\/sklep\/tablica-pitagorasa\/#primaryimage"},"thumbnailUrl":"https:\/\/sklep.edudomo.pl\/wp-content\/uploads\/2020\/04\/IMG_1334.jpg","datePublished":"2020-04-25T10:57:18+00:00","dateModified":"2025-11-25T17:41:26+00:00","breadcrumb":{"@id":"https:\/\/sklep.edudomo.pl\/sklep\/tablica-pitagorasa\/#breadcrumb"},"inLanguage":"en-GB","potentialAction":[{"@type":"ReadAction","target":["https:\/\/sklep.edudomo.pl\/sklep\/tablica-pitagorasa\/"]}]},{"@type":"ImageObject","inLanguage":"en-GB","@id":"https:\/\/sklep.edudomo.pl\/sklep\/tablica-pitagorasa\/#primaryimage","url":"https:\/\/sklep.edudomo.pl\/wp-content\/uploads\/2020\/04\/IMG_1334.jpg","contentUrl":"https:\/\/sklep.edudomo.pl\/wp-content\/uploads\/2020\/04\/IMG_1334.jpg","width":640,"height":459,"caption":"tabliczka mno\u017cenia"},{"@type":"BreadcrumbList","@id":"https:\/\/sklep.edudomo.pl\/sklep\/tablica-pitagorasa\/#breadcrumb","itemListElement":[{"@type":"ListItem","position":1,"name":"Strona g\u0142\u00f3wna","item":"https:\/\/sklep.edudomo.pl\/"},{"@type":"ListItem","position":2,"name":"Sklep","item":"https:\/\/sklep.edudomo.pl\/"},{"@type":"ListItem","position":3,"name":"Tablica Pitagorasa"}]},{"@type":"WebSite","@id":"https:\/\/sklep.edudomo.pl\/#website","url":"https:\/\/sklep.edudomo.pl\/","name":"sklep EduDoMo","description":"Edukacja Domowa. Terapia. Wspieranie Talent&oacute;w","publisher":{"@id":"https:\/\/sklep.edudomo.pl\/#organization"},"potentialAction":[{"@type":"SearchAction","target":{"@type":"EntryPoint","urlTemplate":"https:\/\/sklep.edudomo.pl\/?s={search_term_string}"},"query-input":{"@type":"PropertyValueSpecification","valueRequired":true,"valueName":"search_term_string"}}],"inLanguage":"en-GB"},{"@type":"Organization","@id":"https:\/\/sklep.edudomo.pl\/#organization","name":"EduDoMo","url":"https:\/\/sklep.edudomo.pl\/","logo":{"@type":"ImageObject","inLanguage":"en-GB","@id":"https:\/\/sklep.edudomo.pl\/#\/schema\/logo\/image\/","url":"https:\/\/sklep.edudomo.pl\/wp-content\/uploads\/2019\/11\/cropped-logo-edudomo-sowa.jpg","contentUrl":"https:\/\/sklep.edudomo.pl\/wp-content\/uploads\/2019\/11\/cropped-logo-edudomo-sowa.jpg","width":120,"height":120,"caption":"EduDoMo"},"image":{"@id":"https:\/\/sklep.edudomo.pl\/#\/schema\/logo\/image\/"}}]}},"jetpack_sharing_enabled":true,"_links":{"self":[{"href":"https:\/\/sklep.edudomo.pl\/en\/wp-json\/wp\/v2\/product\/2040","targetHints":{"allow":["GET"]}}],"collection":[{"href":"https:\/\/sklep.edudomo.pl\/en\/wp-json\/wp\/v2\/product"}],"about":[{"href":"https:\/\/sklep.edudomo.pl\/en\/wp-json\/wp\/v2\/types\/product"}],"replies":[{"embeddable":true,"href":"https:\/\/sklep.edudomo.pl\/en\/wp-json\/wp\/v2\/comments?post=2040"}],"wp:featuredmedia":[{"embeddable":true,"href":"https:\/\/sklep.edudomo.pl\/en\/wp-json\/wp\/v2\/media\/2041"}],"wp:attachment":[{"href":"https:\/\/sklep.edudomo.pl\/en\/wp-json\/wp\/v2\/media?parent=2040"}],"wp:term":[{"taxonomy":"product_brand","embeddable":true,"href":"https:\/\/sklep.edudomo.pl\/en\/wp-json\/wp\/v2\/product_brand?post=2040"},{"taxonomy":"product_cat","embeddable":true,"href":"https:\/\/sklep.edudomo.pl\/en\/wp-json\/wp\/v2\/product_cat?post=2040"},{"taxonomy":"product_tag","embeddable":true,"href":"https:\/\/sklep.edudomo.pl\/en\/wp-json\/wp\/v2\/product_tag?post=2040"}],"curies":[{"name":"wp","href":"https:\/\/api.w.org\/{rel}","templated":true}]}}