{"id":2219,"date":"2020-05-17T08:34:37","date_gmt":"2020-05-17T08:34:37","guid":{"rendered":"https:\/\/sklep.edudomo.pl\/?post_type=product&#038;p=2219"},"modified":"2025-11-25T17:46:54","modified_gmt":"2025-11-25T17:46:54","slug":"formy-geograficzne-puzzle-wody-i-lady","status":"publish","type":"product","link":"https:\/\/sklep.edudomo.pl\/en\/sklep\/formy-geograficzne-puzzle-wody-i-lady\/","title":{"rendered":"Formy geograficzne. Puzzle: wody i l\u0105dy"},"content":{"rendered":"<p>Formy geograficzne. Puzzle: wody i l\u0105dy.<\/p>\n<p>Formy geograficzne. Puzzle: wody i l\u0105dy, to edukacyjna uk\u0142adanka, gdzie najpierw nale\u017cy u\u0142o\u017cy\u0107 niebieskie ko\u0142o: wody, a nast\u0119pnie po konturze nale\u017cy u\u0142o\u017cy\u0107 be\u017cowy: l\u0105dy.<\/p>\n<p>-wraz z naszymi kartami &#8220;Formy geograficzne&#8221;, uk\u0142adanka tworzy \u015bwietny zestaw edukacyjny.<\/p>\n<p>Gracz uk\u0142adaj\u0105c elementy puzzli, bawi si\u0119 i zarazem uczy si\u0119 dostrzega\u0107 kszta\u0142t\u00f3w form geograficznych oraz zale\u017cno\u015bci mi\u0119dzy l\u0105dem a wod\u0105.<\/p>\n<p>Zestaw zawiera\u00a0 niebiesk\u0105 uk\u0142adank\u0119, kt\u00f3ra po z\u0142o\u017ceniu tworzy ko\u0142o o \u015brednicy 59cm oraz drewniane elementy, kt\u00f3re s\u0105 nak\u0142adane na pierwsz\u0105 warstw\u0119.<\/p>\n<p>ang<\/p>\n<p>Landforms. Puzzle: water and land.<\/p>\n<p>Landforms. Puzzle: water and land is an educational puzzle in which you have to arrange a blue circle (waters) and then, place the light pieces (lands) following the outlined shapes.<\/p>\n<p>When paired with our \u201eLandforms\u201d cards, the puzzle makes an excellent educational set.<\/p>\n<p>By arranging the puzzle pieces, the player not only has fun, but also learns about the shapes of landforms and the relationship between land and water.<\/p>\n<p>The set consists of blue puzzle pieces that, after being put together, form a circle (diameter: 59 cm) and light pieces to put on the first layer.<\/p>\n<p>&nbsp;<\/p>\n","protected":false},"excerpt":{"rendered":"<p>Formy geograficzne. Puzzle: wody i l\u0105dy. Formy geograficzne. Puzzle: wody i l\u0105dy, to edukacyjna uk\u0142adanka, gdzie najpierw nale\u017cy u\u0142o\u017cy\u0107 niebieskie ko\u0142o: wody, a nast\u0119pnie po konturze nale\u017cy u\u0142o\u017cy\u0107 be\u017cowy: l\u0105dy. -wraz z naszymi kartami &#8220;Formy geograficzne&#8221;, uk\u0142adanka tworzy \u015bwietny zestaw edukacyjny. Gracz uk\u0142adaj\u0105c elementy puzzli, bawi si\u0119 i zarazem uczy si\u0119 dostrzega\u0107 kszta\u0142t\u00f3w form geograficznych<span class=\"read-more-faq\"><a href=\"https:\/\/sklep.edudomo.pl\/en\/sklep\/formy-geograficzne-puzzle-wody-i-lady\/\">Read More<\/a><\/span><\/p>\n","protected":false},"featured_media":6121,"comment_status":"open","ping_status":"closed","template":"","meta":[],"product_brand":[],"product_cat":[84,87],"product_tag":[],"class_list":{"0":"post-2219","1":"product","2":"type-product","3":"status-publish","4":"has-post-thumbnail","6":"product_cat-edukacja-kosmiczna","7":"product_cat-edukacja-przyrodnicza","9":"first","10":"onbackorder","11":"taxable","12":"shipping-taxable","13":"purchasable","14":"product-type-simple"},"yoast_head":"<!-- This site is optimized with the Yoast SEO plugin v26.5 - https:\/\/yoast.com\/wordpress\/plugins\/seo\/ -->\n<title>Formy geograficzne. Puzzle: wody i l\u0105dy<\/title>\n<meta name=\"robots\" content=\"index, follow, max-snippet:-1, max-image-preview:large, max-video-preview:-1\" \/>\n<link rel=\"canonical\" href=\"https:\/\/sklep.edudomo.pl\/en\/sklep\/formy-geograficzne-puzzle-wody-i-lady\/\" \/>\n<meta property=\"og:locale\" content=\"en_GB\" \/>\n<meta property=\"og:locale:alternate\" content=\"pl_PL\" \/>\n<meta property=\"og:type\" content=\"article\" \/>\n<meta property=\"og:title\" content=\"Formy geograficzne. Puzzle: wody i l\u0105dy\" \/>\n<meta property=\"og:description\" content=\"Formy geograficzne. Puzzle: wody i l\u0105dy. Formy geograficzne. Puzzle: wody i l\u0105dy, to edukacyjna uk\u0142adanka, gdzie najpierw nale\u017cy u\u0142o\u017cy\u0107 niebieskie ko\u0142o: wody, a nast\u0119pnie po konturze nale\u017cy u\u0142o\u017cy\u0107 be\u017cowy: l\u0105dy. -wraz z naszymi kartami &#8220;Formy geograficzne&#8221;, uk\u0142adanka tworzy \u015bwietny zestaw edukacyjny. Gracz uk\u0142adaj\u0105c elementy puzzli, bawi si\u0119 i zarazem uczy si\u0119 dostrzega\u0107 kszta\u0142t\u00f3w form geograficznychRead More\" \/>\n<meta property=\"og:url\" content=\"https:\/\/sklep.edudomo.pl\/en\/sklep\/formy-geograficzne-puzzle-wody-i-lady\/\" \/>\n<meta property=\"og:site_name\" content=\"sklep EduDoMo\" \/>\n<meta property=\"article:modified_time\" content=\"2025-11-25T17:46:54+00:00\" \/>\n<meta property=\"og:image\" content=\"https:\/\/sklep.edudomo.pl\/wp-content\/uploads\/2020\/05\/IMG_8664.jpg\" \/>\n\t<meta property=\"og:image:width\" content=\"622\" \/>\n\t<meta property=\"og:image:height\" content=\"640\" \/>\n\t<meta property=\"og:image:type\" content=\"image\/jpeg\" \/>\n<meta name=\"twitter:card\" content=\"summary_large_image\" \/>\n<meta name=\"twitter:label1\" content=\"Estimated reading time\" \/>\n\t<meta name=\"twitter:data1\" content=\"2 minutes\" \/>\n<script type=\"application\/ld+json\" class=\"yoast-schema-graph\">{\"@context\":\"https:\/\/schema.org\",\"@graph\":[{\"@type\":\"WebPage\",\"@id\":\"https:\/\/sklep.edudomo.pl\/sklep\/formy-geograficzne-puzzle-wody-i-lady\/\",\"url\":\"https:\/\/sklep.edudomo.pl\/sklep\/formy-geograficzne-puzzle-wody-i-lady\/\",\"name\":\"Formy geograficzne. Puzzle: wody i l\u0105dy\",\"isPartOf\":{\"@id\":\"https:\/\/sklep.edudomo.pl\/#website\"},\"primaryImageOfPage\":{\"@id\":\"https:\/\/sklep.edudomo.pl\/sklep\/formy-geograficzne-puzzle-wody-i-lady\/#primaryimage\"},\"image\":{\"@id\":\"https:\/\/sklep.edudomo.pl\/sklep\/formy-geograficzne-puzzle-wody-i-lady\/#primaryimage\"},\"thumbnailUrl\":\"https:\/\/sklep.edudomo.pl\/wp-content\/uploads\/2020\/05\/IMG_8664.jpg\",\"datePublished\":\"2020-05-17T08:34:37+00:00\",\"dateModified\":\"2025-11-25T17:46:54+00:00\",\"breadcrumb\":{\"@id\":\"https:\/\/sklep.edudomo.pl\/sklep\/formy-geograficzne-puzzle-wody-i-lady\/#breadcrumb\"},\"inLanguage\":\"en-GB\",\"potentialAction\":[{\"@type\":\"ReadAction\",\"target\":[\"https:\/\/sklep.edudomo.pl\/sklep\/formy-geograficzne-puzzle-wody-i-lady\/\"]}]},{\"@type\":\"ImageObject\",\"inLanguage\":\"en-GB\",\"@id\":\"https:\/\/sklep.edudomo.pl\/sklep\/formy-geograficzne-puzzle-wody-i-lady\/#primaryimage\",\"url\":\"https:\/\/sklep.edudomo.pl\/wp-content\/uploads\/2020\/05\/IMG_8664.jpg\",\"contentUrl\":\"https:\/\/sklep.edudomo.pl\/wp-content\/uploads\/2020\/05\/IMG_8664.jpg\",\"width\":622,\"height\":640,\"caption\":\"formy wody i l\u0105dy\"},{\"@type\":\"BreadcrumbList\",\"@id\":\"https:\/\/sklep.edudomo.pl\/sklep\/formy-geograficzne-puzzle-wody-i-lady\/#breadcrumb\",\"itemListElement\":[{\"@type\":\"ListItem\",\"position\":1,\"name\":\"Strona g\u0142\u00f3wna\",\"item\":\"https:\/\/sklep.edudomo.pl\/\"},{\"@type\":\"ListItem\",\"position\":2,\"name\":\"Sklep\",\"item\":\"https:\/\/sklep.edudomo.pl\/\"},{\"@type\":\"ListItem\",\"position\":3,\"name\":\"Formy geograficzne. Puzzle: wody i l\u0105dy\"}]},{\"@type\":\"WebSite\",\"@id\":\"https:\/\/sklep.edudomo.pl\/#website\",\"url\":\"https:\/\/sklep.edudomo.pl\/\",\"name\":\"sklep EduDoMo\",\"description\":\"Edukacja Domowa. Terapia. Wspieranie Talent&oacute;w\",\"publisher\":{\"@id\":\"https:\/\/sklep.edudomo.pl\/#organization\"},\"potentialAction\":[{\"@type\":\"SearchAction\",\"target\":{\"@type\":\"EntryPoint\",\"urlTemplate\":\"https:\/\/sklep.edudomo.pl\/?s={search_term_string}\"},\"query-input\":{\"@type\":\"PropertyValueSpecification\",\"valueRequired\":true,\"valueName\":\"search_term_string\"}}],\"inLanguage\":\"en-GB\"},{\"@type\":\"Organization\",\"@id\":\"https:\/\/sklep.edudomo.pl\/#organization\",\"name\":\"EduDoMo\",\"url\":\"https:\/\/sklep.edudomo.pl\/\",\"logo\":{\"@type\":\"ImageObject\",\"inLanguage\":\"en-GB\",\"@id\":\"https:\/\/sklep.edudomo.pl\/#\/schema\/logo\/image\/\",\"url\":\"https:\/\/sklep.edudomo.pl\/wp-content\/uploads\/2019\/11\/cropped-logo-edudomo-sowa.jpg\",\"contentUrl\":\"https:\/\/sklep.edudomo.pl\/wp-content\/uploads\/2019\/11\/cropped-logo-edudomo-sowa.jpg\",\"width\":120,\"height\":120,\"caption\":\"EduDoMo\"},\"image\":{\"@id\":\"https:\/\/sklep.edudomo.pl\/#\/schema\/logo\/image\/\"}}]}<\/script>\n<!-- \/ Yoast SEO plugin. -->","yoast_head_json":{"title":"Formy geograficzne. Puzzle: wody i l\u0105dy","robots":{"index":"index","follow":"follow","max-snippet":"max-snippet:-1","max-image-preview":"max-image-preview:large","max-video-preview":"max-video-preview:-1"},"canonical":"https:\/\/sklep.edudomo.pl\/en\/sklep\/formy-geograficzne-puzzle-wody-i-lady\/","og_locale":"en_GB","og_type":"article","og_title":"[:pl]Formy geograficzne. Puzzle: wody i l\u0105dy[:en]Formy geograficzne. Puzzle: wody i l\u0105dy[:] - sklep EduDoMo","og_description":"Formy geograficzne. Puzzle: wody i l\u0105dy. Formy geograficzne. Puzzle: wody i l\u0105dy, to edukacyjna uk\u0142adanka, gdzie najpierw nale\u017cy u\u0142o\u017cy\u0107 niebieskie ko\u0142o: wody, a nast\u0119pnie po konturze nale\u017cy u\u0142o\u017cy\u0107 be\u017cowy: l\u0105dy. -wraz z naszymi kartami &#8220;Formy geograficzne&#8221;, uk\u0142adanka tworzy \u015bwietny zestaw edukacyjny. Gracz uk\u0142adaj\u0105c elementy puzzli, bawi si\u0119 i zarazem uczy si\u0119 dostrzega\u0107 kszta\u0142t\u00f3w form geograficznychRead More","og_url":"https:\/\/sklep.edudomo.pl\/en\/sklep\/formy-geograficzne-puzzle-wody-i-lady\/","og_site_name":"sklep EduDoMo","article_modified_time":"2025-11-25T17:46:54+00:00","og_image":[{"width":622,"height":640,"url":"https:\/\/sklep.edudomo.pl\/wp-content\/uploads\/2020\/05\/IMG_8664.jpg","type":"image\/jpeg"}],"twitter_card":"summary_large_image","twitter_misc":{"Estimated reading time":"2 minutes"},"schema":{"@context":"https:\/\/schema.org","@graph":[{"@type":"WebPage","@id":"https:\/\/sklep.edudomo.pl\/sklep\/formy-geograficzne-puzzle-wody-i-lady\/","url":"https:\/\/sklep.edudomo.pl\/sklep\/formy-geograficzne-puzzle-wody-i-lady\/","name":"Formy geograficzne. Puzzle: wody i l\u0105dy","isPartOf":{"@id":"https:\/\/sklep.edudomo.pl\/#website"},"primaryImageOfPage":{"@id":"https:\/\/sklep.edudomo.pl\/sklep\/formy-geograficzne-puzzle-wody-i-lady\/#primaryimage"},"image":{"@id":"https:\/\/sklep.edudomo.pl\/sklep\/formy-geograficzne-puzzle-wody-i-lady\/#primaryimage"},"thumbnailUrl":"https:\/\/sklep.edudomo.pl\/wp-content\/uploads\/2020\/05\/IMG_8664.jpg","datePublished":"2020-05-17T08:34:37+00:00","dateModified":"2025-11-25T17:46:54+00:00","breadcrumb":{"@id":"https:\/\/sklep.edudomo.pl\/sklep\/formy-geograficzne-puzzle-wody-i-lady\/#breadcrumb"},"inLanguage":"en-GB","potentialAction":[{"@type":"ReadAction","target":["https:\/\/sklep.edudomo.pl\/sklep\/formy-geograficzne-puzzle-wody-i-lady\/"]}]},{"@type":"ImageObject","inLanguage":"en-GB","@id":"https:\/\/sklep.edudomo.pl\/sklep\/formy-geograficzne-puzzle-wody-i-lady\/#primaryimage","url":"https:\/\/sklep.edudomo.pl\/wp-content\/uploads\/2020\/05\/IMG_8664.jpg","contentUrl":"https:\/\/sklep.edudomo.pl\/wp-content\/uploads\/2020\/05\/IMG_8664.jpg","width":622,"height":640,"caption":"formy wody i l\u0105dy"},{"@type":"BreadcrumbList","@id":"https:\/\/sklep.edudomo.pl\/sklep\/formy-geograficzne-puzzle-wody-i-lady\/#breadcrumb","itemListElement":[{"@type":"ListItem","position":1,"name":"Strona g\u0142\u00f3wna","item":"https:\/\/sklep.edudomo.pl\/"},{"@type":"ListItem","position":2,"name":"Sklep","item":"https:\/\/sklep.edudomo.pl\/"},{"@type":"ListItem","position":3,"name":"Formy geograficzne. Puzzle: wody i l\u0105dy"}]},{"@type":"WebSite","@id":"https:\/\/sklep.edudomo.pl\/#website","url":"https:\/\/sklep.edudomo.pl\/","name":"sklep EduDoMo","description":"Edukacja Domowa. Terapia. Wspieranie Talent&oacute;w","publisher":{"@id":"https:\/\/sklep.edudomo.pl\/#organization"},"potentialAction":[{"@type":"SearchAction","target":{"@type":"EntryPoint","urlTemplate":"https:\/\/sklep.edudomo.pl\/?s={search_term_string}"},"query-input":{"@type":"PropertyValueSpecification","valueRequired":true,"valueName":"search_term_string"}}],"inLanguage":"en-GB"},{"@type":"Organization","@id":"https:\/\/sklep.edudomo.pl\/#organization","name":"EduDoMo","url":"https:\/\/sklep.edudomo.pl\/","logo":{"@type":"ImageObject","inLanguage":"en-GB","@id":"https:\/\/sklep.edudomo.pl\/#\/schema\/logo\/image\/","url":"https:\/\/sklep.edudomo.pl\/wp-content\/uploads\/2019\/11\/cropped-logo-edudomo-sowa.jpg","contentUrl":"https:\/\/sklep.edudomo.pl\/wp-content\/uploads\/2019\/11\/cropped-logo-edudomo-sowa.jpg","width":120,"height":120,"caption":"EduDoMo"},"image":{"@id":"https:\/\/sklep.edudomo.pl\/#\/schema\/logo\/image\/"}}]}},"jetpack_sharing_enabled":true,"_links":{"self":[{"href":"https:\/\/sklep.edudomo.pl\/en\/wp-json\/wp\/v2\/product\/2219","targetHints":{"allow":["GET"]}}],"collection":[{"href":"https:\/\/sklep.edudomo.pl\/en\/wp-json\/wp\/v2\/product"}],"about":[{"href":"https:\/\/sklep.edudomo.pl\/en\/wp-json\/wp\/v2\/types\/product"}],"replies":[{"embeddable":true,"href":"https:\/\/sklep.edudomo.pl\/en\/wp-json\/wp\/v2\/comments?post=2219"}],"wp:featuredmedia":[{"embeddable":true,"href":"https:\/\/sklep.edudomo.pl\/en\/wp-json\/wp\/v2\/media\/6121"}],"wp:attachment":[{"href":"https:\/\/sklep.edudomo.pl\/en\/wp-json\/wp\/v2\/media?parent=2219"}],"wp:term":[{"taxonomy":"product_brand","embeddable":true,"href":"https:\/\/sklep.edudomo.pl\/en\/wp-json\/wp\/v2\/product_brand?post=2219"},{"taxonomy":"product_cat","embeddable":true,"href":"https:\/\/sklep.edudomo.pl\/en\/wp-json\/wp\/v2\/product_cat?post=2219"},{"taxonomy":"product_tag","embeddable":true,"href":"https:\/\/sklep.edudomo.pl\/en\/wp-json\/wp\/v2\/product_tag?post=2219"}],"curies":[{"name":"wp","href":"https:\/\/api.w.org\/{rel}","templated":true}]}}