{"id":2363,"date":"2020-06-19T17:17:37","date_gmt":"2020-06-19T17:17:37","guid":{"rendered":"https:\/\/sklep.edudomo.pl\/?post_type=product&#038;p=2363"},"modified":"2025-11-25T17:39:27","modified_gmt":"2025-11-25T17:39:27","slug":"cykl-zycia-gwiazd-szablony-kontrolne-z-etykietkami","status":"publish","type":"product","link":"https:\/\/sklep.edudomo.pl\/en\/sklep\/cykl-zycia-gwiazd-szablony-kontrolne-z-etykietkami\/","title":{"rendered":"Cykl \u017cycia gwiazd. Szablony kontrolne z etykietkami"},"content":{"rendered":"<p>Cykl \u017cycia gwiazd. Szablony kontrolne z etykietkami. 6 cykli w zale\u017cno\u015bci od mas gwiazd.<\/p>\n<p>Zestaw zawiera<\/p>\n<p>Szablony z gwiazdami oraz etykietki.<\/p>\n<p>Szalony te mog\u0105 pos\u0142u\u017cy\u0107 jako karty do nauki nazewnictwa element\u00f3w przedstawiaj\u0105cych gwiazdy w ich etapach \u017cycia. Pe\u0142ni\u0105 funkcj\u0119 kontroli b\u0142\u0119du, ale r\u00f3wnie\u017c mo\u017cna je uk\u0142ada\u0107 w linii i tworzy\u0107 liniow\u0105 drog\u0119 \u017cycia gwiazd.<\/p>\n","protected":false},"excerpt":{"rendered":"<p>Cykl \u017cycia gwiazd. Szablony kontrolne z etykietkami. 6 cykli w zale\u017cno\u015bci od mas gwiazd. Zestaw zawiera Szablony z gwiazdami oraz etykietki. Szalony te mog\u0105 pos\u0142u\u017cy\u0107 jako karty do nauki nazewnictwa element\u00f3w przedstawiaj\u0105cych gwiazdy w ich etapach \u017cycia. Pe\u0142ni\u0105 funkcj\u0119 kontroli b\u0142\u0119du, ale r\u00f3wnie\u017c mo\u017cna je uk\u0142ada\u0107 w linii i tworzy\u0107 liniow\u0105 drog\u0119 \u017cycia gwiazd.<\/p>\n","protected":false},"featured_media":2364,"comment_status":"open","ping_status":"closed","template":"","meta":[],"product_brand":[],"product_cat":[84],"product_tag":[],"class_list":{"0":"post-2363","1":"product","2":"type-product","3":"status-publish","4":"has-post-thumbnail","6":"product_cat-edukacja-kosmiczna","8":"first","9":"onbackorder","10":"taxable","11":"shipping-taxable","12":"purchasable","13":"product-type-simple"},"yoast_head":"<!-- This site is optimized with the Yoast SEO plugin v26.5 - https:\/\/yoast.com\/wordpress\/plugins\/seo\/ -->\n<title>Cykl \u017cycia gwiazd. Szablony kontrolne z etykietkami<\/title>\n<meta name=\"robots\" content=\"index, follow, max-snippet:-1, max-image-preview:large, max-video-preview:-1\" \/>\n<link rel=\"canonical\" href=\"https:\/\/sklep.edudomo.pl\/en\/sklep\/cykl-zycia-gwiazd-szablony-kontrolne-z-etykietkami\/\" \/>\n<meta property=\"og:locale\" content=\"en_GB\" \/>\n<meta property=\"og:locale:alternate\" content=\"pl_PL\" \/>\n<meta property=\"og:type\" content=\"article\" \/>\n<meta property=\"og:title\" content=\"Cykl \u017cycia gwiazd. Szablony kontrolne z etykietkami\" \/>\n<meta property=\"og:description\" content=\"Cykl \u017cycia gwiazd. Szablony kontrolne z etykietkami. 6 cykli w zale\u017cno\u015bci od mas gwiazd. Zestaw zawiera Szablony z gwiazdami oraz etykietki. Szalony te mog\u0105 pos\u0142u\u017cy\u0107 jako karty do nauki nazewnictwa element\u00f3w przedstawiaj\u0105cych gwiazdy w ich etapach \u017cycia. Pe\u0142ni\u0105 funkcj\u0119 kontroli b\u0142\u0119du, ale r\u00f3wnie\u017c mo\u017cna je uk\u0142ada\u0107 w linii i tworzy\u0107 liniow\u0105 drog\u0119 \u017cycia gwiazd.\" \/>\n<meta property=\"og:url\" content=\"https:\/\/sklep.edudomo.pl\/en\/sklep\/cykl-zycia-gwiazd-szablony-kontrolne-z-etykietkami\/\" \/>\n<meta property=\"og:site_name\" content=\"sklep EduDoMo\" \/>\n<meta property=\"article:modified_time\" content=\"2025-11-25T17:39:27+00:00\" \/>\n<meta property=\"og:image\" content=\"https:\/\/sklep.edudomo.pl\/wp-content\/uploads\/2020\/06\/IMG_3221.jpg\" \/>\n\t<meta property=\"og:image:width\" content=\"1413\" \/>\n\t<meta property=\"og:image:height\" content=\"1011\" \/>\n\t<meta property=\"og:image:type\" content=\"image\/jpeg\" \/>\n<meta name=\"twitter:card\" content=\"summary_large_image\" \/>\n<script type=\"application\/ld+json\" class=\"yoast-schema-graph\">{\"@context\":\"https:\/\/schema.org\",\"@graph\":[{\"@type\":\"WebPage\",\"@id\":\"https:\/\/sklep.edudomo.pl\/sklep\/cykl-zycia-gwiazd-szablony-kontrolne-z-etykietkami\/\",\"url\":\"https:\/\/sklep.edudomo.pl\/sklep\/cykl-zycia-gwiazd-szablony-kontrolne-z-etykietkami\/\",\"name\":\"Cykl \u017cycia gwiazd. Szablony kontrolne z etykietkami\",\"isPartOf\":{\"@id\":\"https:\/\/sklep.edudomo.pl\/#website\"},\"primaryImageOfPage\":{\"@id\":\"https:\/\/sklep.edudomo.pl\/sklep\/cykl-zycia-gwiazd-szablony-kontrolne-z-etykietkami\/#primaryimage\"},\"image\":{\"@id\":\"https:\/\/sklep.edudomo.pl\/sklep\/cykl-zycia-gwiazd-szablony-kontrolne-z-etykietkami\/#primaryimage\"},\"thumbnailUrl\":\"https:\/\/sklep.edudomo.pl\/wp-content\/uploads\/2020\/06\/IMG_3221.jpg\",\"datePublished\":\"2020-06-19T17:17:37+00:00\",\"dateModified\":\"2025-11-25T17:39:27+00:00\",\"breadcrumb\":{\"@id\":\"https:\/\/sklep.edudomo.pl\/sklep\/cykl-zycia-gwiazd-szablony-kontrolne-z-etykietkami\/#breadcrumb\"},\"inLanguage\":\"en-GB\",\"potentialAction\":[{\"@type\":\"ReadAction\",\"target\":[\"https:\/\/sklep.edudomo.pl\/sklep\/cykl-zycia-gwiazd-szablony-kontrolne-z-etykietkami\/\"]}]},{\"@type\":\"ImageObject\",\"inLanguage\":\"en-GB\",\"@id\":\"https:\/\/sklep.edudomo.pl\/sklep\/cykl-zycia-gwiazd-szablony-kontrolne-z-etykietkami\/#primaryimage\",\"url\":\"https:\/\/sklep.edudomo.pl\/wp-content\/uploads\/2020\/06\/IMG_3221.jpg\",\"contentUrl\":\"https:\/\/sklep.edudomo.pl\/wp-content\/uploads\/2020\/06\/IMG_3221.jpg\",\"width\":1413,\"height\":1011,\"caption\":\"Cykl \u017cycia gwiazd. Szablony kontrolne z etykietkami\"},{\"@type\":\"BreadcrumbList\",\"@id\":\"https:\/\/sklep.edudomo.pl\/sklep\/cykl-zycia-gwiazd-szablony-kontrolne-z-etykietkami\/#breadcrumb\",\"itemListElement\":[{\"@type\":\"ListItem\",\"position\":1,\"name\":\"Strona g\u0142\u00f3wna\",\"item\":\"https:\/\/sklep.edudomo.pl\/\"},{\"@type\":\"ListItem\",\"position\":2,\"name\":\"Sklep\",\"item\":\"https:\/\/sklep.edudomo.pl\/\"},{\"@type\":\"ListItem\",\"position\":3,\"name\":\"Cykl \u017cycia gwiazd. Szablony kontrolne z etykietkami\"}]},{\"@type\":\"WebSite\",\"@id\":\"https:\/\/sklep.edudomo.pl\/#website\",\"url\":\"https:\/\/sklep.edudomo.pl\/\",\"name\":\"sklep EduDoMo\",\"description\":\"Edukacja Domowa. Terapia. Wspieranie Talent&oacute;w\",\"publisher\":{\"@id\":\"https:\/\/sklep.edudomo.pl\/#organization\"},\"potentialAction\":[{\"@type\":\"SearchAction\",\"target\":{\"@type\":\"EntryPoint\",\"urlTemplate\":\"https:\/\/sklep.edudomo.pl\/?s={search_term_string}\"},\"query-input\":{\"@type\":\"PropertyValueSpecification\",\"valueRequired\":true,\"valueName\":\"search_term_string\"}}],\"inLanguage\":\"en-GB\"},{\"@type\":\"Organization\",\"@id\":\"https:\/\/sklep.edudomo.pl\/#organization\",\"name\":\"EduDoMo\",\"url\":\"https:\/\/sklep.edudomo.pl\/\",\"logo\":{\"@type\":\"ImageObject\",\"inLanguage\":\"en-GB\",\"@id\":\"https:\/\/sklep.edudomo.pl\/#\/schema\/logo\/image\/\",\"url\":\"https:\/\/sklep.edudomo.pl\/wp-content\/uploads\/2019\/11\/cropped-logo-edudomo-sowa.jpg\",\"contentUrl\":\"https:\/\/sklep.edudomo.pl\/wp-content\/uploads\/2019\/11\/cropped-logo-edudomo-sowa.jpg\",\"width\":120,\"height\":120,\"caption\":\"EduDoMo\"},\"image\":{\"@id\":\"https:\/\/sklep.edudomo.pl\/#\/schema\/logo\/image\/\"}}]}<\/script>\n<!-- \/ Yoast SEO plugin. -->","yoast_head_json":{"title":"Cykl \u017cycia gwiazd. Szablony kontrolne z etykietkami","robots":{"index":"index","follow":"follow","max-snippet":"max-snippet:-1","max-image-preview":"max-image-preview:large","max-video-preview":"max-video-preview:-1"},"canonical":"https:\/\/sklep.edudomo.pl\/en\/sklep\/cykl-zycia-gwiazd-szablony-kontrolne-z-etykietkami\/","og_locale":"en_GB","og_type":"article","og_title":"[:pl]Cykl \u017cycia gwiazd. Szablony kontrolne z etykietkami[:] - sklep EduDoMo","og_description":"Cykl \u017cycia gwiazd. Szablony kontrolne z etykietkami. 6 cykli w zale\u017cno\u015bci od mas gwiazd. Zestaw zawiera Szablony z gwiazdami oraz etykietki. Szalony te mog\u0105 pos\u0142u\u017cy\u0107 jako karty do nauki nazewnictwa element\u00f3w przedstawiaj\u0105cych gwiazdy w ich etapach \u017cycia. Pe\u0142ni\u0105 funkcj\u0119 kontroli b\u0142\u0119du, ale r\u00f3wnie\u017c mo\u017cna je uk\u0142ada\u0107 w linii i tworzy\u0107 liniow\u0105 drog\u0119 \u017cycia gwiazd.","og_url":"https:\/\/sklep.edudomo.pl\/en\/sklep\/cykl-zycia-gwiazd-szablony-kontrolne-z-etykietkami\/","og_site_name":"sklep EduDoMo","article_modified_time":"2025-11-25T17:39:27+00:00","og_image":[{"width":1413,"height":1011,"url":"https:\/\/sklep.edudomo.pl\/wp-content\/uploads\/2020\/06\/IMG_3221.jpg","type":"image\/jpeg"}],"twitter_card":"summary_large_image","schema":{"@context":"https:\/\/schema.org","@graph":[{"@type":"WebPage","@id":"https:\/\/sklep.edudomo.pl\/sklep\/cykl-zycia-gwiazd-szablony-kontrolne-z-etykietkami\/","url":"https:\/\/sklep.edudomo.pl\/sklep\/cykl-zycia-gwiazd-szablony-kontrolne-z-etykietkami\/","name":"Cykl \u017cycia gwiazd. Szablony kontrolne z etykietkami","isPartOf":{"@id":"https:\/\/sklep.edudomo.pl\/#website"},"primaryImageOfPage":{"@id":"https:\/\/sklep.edudomo.pl\/sklep\/cykl-zycia-gwiazd-szablony-kontrolne-z-etykietkami\/#primaryimage"},"image":{"@id":"https:\/\/sklep.edudomo.pl\/sklep\/cykl-zycia-gwiazd-szablony-kontrolne-z-etykietkami\/#primaryimage"},"thumbnailUrl":"https:\/\/sklep.edudomo.pl\/wp-content\/uploads\/2020\/06\/IMG_3221.jpg","datePublished":"2020-06-19T17:17:37+00:00","dateModified":"2025-11-25T17:39:27+00:00","breadcrumb":{"@id":"https:\/\/sklep.edudomo.pl\/sklep\/cykl-zycia-gwiazd-szablony-kontrolne-z-etykietkami\/#breadcrumb"},"inLanguage":"en-GB","potentialAction":[{"@type":"ReadAction","target":["https:\/\/sklep.edudomo.pl\/sklep\/cykl-zycia-gwiazd-szablony-kontrolne-z-etykietkami\/"]}]},{"@type":"ImageObject","inLanguage":"en-GB","@id":"https:\/\/sklep.edudomo.pl\/sklep\/cykl-zycia-gwiazd-szablony-kontrolne-z-etykietkami\/#primaryimage","url":"https:\/\/sklep.edudomo.pl\/wp-content\/uploads\/2020\/06\/IMG_3221.jpg","contentUrl":"https:\/\/sklep.edudomo.pl\/wp-content\/uploads\/2020\/06\/IMG_3221.jpg","width":1413,"height":1011,"caption":"Cykl \u017cycia gwiazd. Szablony kontrolne z etykietkami"},{"@type":"BreadcrumbList","@id":"https:\/\/sklep.edudomo.pl\/sklep\/cykl-zycia-gwiazd-szablony-kontrolne-z-etykietkami\/#breadcrumb","itemListElement":[{"@type":"ListItem","position":1,"name":"Strona g\u0142\u00f3wna","item":"https:\/\/sklep.edudomo.pl\/"},{"@type":"ListItem","position":2,"name":"Sklep","item":"https:\/\/sklep.edudomo.pl\/"},{"@type":"ListItem","position":3,"name":"Cykl \u017cycia gwiazd. Szablony kontrolne z etykietkami"}]},{"@type":"WebSite","@id":"https:\/\/sklep.edudomo.pl\/#website","url":"https:\/\/sklep.edudomo.pl\/","name":"sklep EduDoMo","description":"Edukacja Domowa. Terapia. Wspieranie Talent&oacute;w","publisher":{"@id":"https:\/\/sklep.edudomo.pl\/#organization"},"potentialAction":[{"@type":"SearchAction","target":{"@type":"EntryPoint","urlTemplate":"https:\/\/sklep.edudomo.pl\/?s={search_term_string}"},"query-input":{"@type":"PropertyValueSpecification","valueRequired":true,"valueName":"search_term_string"}}],"inLanguage":"en-GB"},{"@type":"Organization","@id":"https:\/\/sklep.edudomo.pl\/#organization","name":"EduDoMo","url":"https:\/\/sklep.edudomo.pl\/","logo":{"@type":"ImageObject","inLanguage":"en-GB","@id":"https:\/\/sklep.edudomo.pl\/#\/schema\/logo\/image\/","url":"https:\/\/sklep.edudomo.pl\/wp-content\/uploads\/2019\/11\/cropped-logo-edudomo-sowa.jpg","contentUrl":"https:\/\/sklep.edudomo.pl\/wp-content\/uploads\/2019\/11\/cropped-logo-edudomo-sowa.jpg","width":120,"height":120,"caption":"EduDoMo"},"image":{"@id":"https:\/\/sklep.edudomo.pl\/#\/schema\/logo\/image\/"}}]}},"jetpack_sharing_enabled":true,"_links":{"self":[{"href":"https:\/\/sklep.edudomo.pl\/en\/wp-json\/wp\/v2\/product\/2363","targetHints":{"allow":["GET"]}}],"collection":[{"href":"https:\/\/sklep.edudomo.pl\/en\/wp-json\/wp\/v2\/product"}],"about":[{"href":"https:\/\/sklep.edudomo.pl\/en\/wp-json\/wp\/v2\/types\/product"}],"replies":[{"embeddable":true,"href":"https:\/\/sklep.edudomo.pl\/en\/wp-json\/wp\/v2\/comments?post=2363"}],"wp:featuredmedia":[{"embeddable":true,"href":"https:\/\/sklep.edudomo.pl\/en\/wp-json\/wp\/v2\/media\/2364"}],"wp:attachment":[{"href":"https:\/\/sklep.edudomo.pl\/en\/wp-json\/wp\/v2\/media?parent=2363"}],"wp:term":[{"taxonomy":"product_brand","embeddable":true,"href":"https:\/\/sklep.edudomo.pl\/en\/wp-json\/wp\/v2\/product_brand?post=2363"},{"taxonomy":"product_cat","embeddable":true,"href":"https:\/\/sklep.edudomo.pl\/en\/wp-json\/wp\/v2\/product_cat?post=2363"},{"taxonomy":"product_tag","embeddable":true,"href":"https:\/\/sklep.edudomo.pl\/en\/wp-json\/wp\/v2\/product_tag?post=2363"}],"curies":[{"name":"wp","href":"https:\/\/api.w.org\/{rel}","templated":true}]}}