{"id":2412,"date":"2020-07-04T08:05:39","date_gmt":"2020-07-04T08:05:39","guid":{"rendered":"https:\/\/sklep.edudomo.pl\/?post_type=product&#038;p=2412"},"modified":"2025-11-25T17:45:39","modified_gmt":"2025-11-25T17:45:39","slug":"ewolucja-wszechswiata","status":"publish","type":"product","link":"https:\/\/sklep.edudomo.pl\/en\/sklep\/ewolucja-wszechswiata\/","title":{"rendered":"Ewolucja Wszech\u015bwiata"},"content":{"rendered":"<p>Ewolucja Wszech\u015bwiata, to pomoc w formie uk\u0142adanki, kt\u00f3ra u\u0142atwi zar\u00f3wno prowadzenie zaj\u0119\u0107 z Wielkich Opowie\u015bci Marii Montessori.<\/p>\n<p>R\u00f3wnie\u017c, gdy uk\u0142adanka znajdzie si\u0119 w domu r\u0119kach dziecka jako zabawka- pozwoli w prosty spos\u00f3b wyt\u0142umaczy\u0107 jak powsta\u0142 wszech\u015bwiat.<\/p>\n<p>&nbsp;<\/p>\n<p>zestaw zawiera:<\/p>\n<p>* plansza o wymiarach 28cm na 58cm<\/p>\n<p>* 8 dwustronnych element\u00f3w. jedna strona to wycinek ilustracji z planszy, druga strona to kr\u00f3tkie opisy takie jak: wielki wybuch, inflacja kosmiczna, plazma kwarkowo- gluonowa, formowanie proton\u00f3w, reakcja termoj\u0105drowa, j\u0105dra wodoru, j\u0105dro helu, modele atomu helu i wodoru.<\/p>\n<p>ang<\/p>\n<p><u>The Evolution of the Universe<\/u><\/p>\n<p>The Evolution of the Universe is an educational tool in a form of a puzzle that helps to teach Maria Montessori\u2019s Great Lessons, as well as allows to explain the beginning of the Universe to your children at home.<\/p>\n<p>The set consists of:<\/p>\n<ul>\n<li>A rectangular board (28cm x 58cm)<\/li>\n<li>8 double-sided pieces. One side is a piece of illustration, the other one has short descriptions, such as: The Big Bang, cosmic inflation, etc.<\/li>\n<\/ul>\n","protected":false},"excerpt":{"rendered":"<p>Ewolucja Wszech\u015bwiata, to pomoc w formie uk\u0142adanki, kt\u00f3ra u\u0142atwi zar\u00f3wno prowadzenie zaj\u0119\u0107 z Wielkich Opowie\u015bci Marii Montessori. R\u00f3wnie\u017c, gdy uk\u0142adanka znajdzie si\u0119 w domu r\u0119kach dziecka jako zabawka- pozwoli w prosty spos\u00f3b wyt\u0142umaczy\u0107 jak powsta\u0142 wszech\u015bwiat. &nbsp; zestaw zawiera: * plansza o wymiarach 28cm na 58cm * 8 dwustronnych element\u00f3w. jedna strona to wycinek ilustracji<span class=\"read-more-faq\"><a href=\"https:\/\/sklep.edudomo.pl\/en\/sklep\/ewolucja-wszechswiata\/\">Read More<\/a><\/span><\/p>\n","protected":false},"featured_media":2414,"comment_status":"open","ping_status":"closed","template":"","meta":[],"product_brand":[],"product_cat":[84],"product_tag":[93,92],"class_list":{"0":"post-2412","1":"product","2":"type-product","3":"status-publish","4":"has-post-thumbnail","6":"product_cat-edukacja-kosmiczna","7":"product_tag-ewolucja-wszechswiata-edudomo","8":"product_tag-wszechswiat","9":"product_shipping_class-inpost-kurier-a","11":"first","12":"onbackorder","13":"taxable","14":"shipping-taxable","15":"purchasable","16":"product-type-simple"},"yoast_head":"<!-- This site is optimized with the Yoast SEO plugin v26.5 - https:\/\/yoast.com\/wordpress\/plugins\/seo\/ -->\n<title>Ewolucja Wszech\u015bwiata<\/title>\n<meta name=\"robots\" content=\"index, follow, max-snippet:-1, max-image-preview:large, max-video-preview:-1\" \/>\n<link rel=\"canonical\" href=\"https:\/\/sklep.edudomo.pl\/en\/sklep\/ewolucja-wszechswiata\/\" \/>\n<meta property=\"og:locale\" content=\"en_GB\" \/>\n<meta property=\"og:locale:alternate\" content=\"pl_PL\" \/>\n<meta property=\"og:type\" content=\"article\" \/>\n<meta property=\"og:title\" content=\"Ewolucja Wszech\u015bwiata\" \/>\n<meta property=\"og:description\" content=\"Ewolucja Wszech\u015bwiata, to pomoc w formie uk\u0142adanki, kt\u00f3ra u\u0142atwi zar\u00f3wno prowadzenie zaj\u0119\u0107 z Wielkich Opowie\u015bci Marii Montessori. R\u00f3wnie\u017c, gdy uk\u0142adanka znajdzie si\u0119 w domu r\u0119kach dziecka jako zabawka- pozwoli w prosty spos\u00f3b wyt\u0142umaczy\u0107 jak powsta\u0142 wszech\u015bwiat. &nbsp; zestaw zawiera: * plansza o wymiarach 28cm na 58cm * 8 dwustronnych element\u00f3w. jedna strona to wycinek ilustracjiRead More\" \/>\n<meta property=\"og:url\" content=\"https:\/\/sklep.edudomo.pl\/en\/sklep\/ewolucja-wszechswiata\/\" \/>\n<meta property=\"og:site_name\" content=\"sklep EduDoMo\" \/>\n<meta property=\"article:modified_time\" content=\"2025-11-25T17:45:39+00:00\" \/>\n<meta property=\"og:image\" content=\"https:\/\/sklep.edudomo.pl\/wp-content\/uploads\/2020\/07\/A9EF5A93-200D-4707-B942-B6E4EA08057F.jpg\" \/>\n\t<meta property=\"og:image:width\" content=\"1080\" \/>\n\t<meta property=\"og:image:height\" content=\"1073\" \/>\n\t<meta property=\"og:image:type\" content=\"image\/jpeg\" \/>\n<meta name=\"twitter:card\" content=\"summary_large_image\" \/>\n<meta name=\"twitter:label1\" content=\"Estimated reading time\" \/>\n\t<meta name=\"twitter:data1\" content=\"1 minute\" \/>\n<script type=\"application\/ld+json\" class=\"yoast-schema-graph\">{\"@context\":\"https:\/\/schema.org\",\"@graph\":[{\"@type\":\"WebPage\",\"@id\":\"https:\/\/sklep.edudomo.pl\/sklep\/ewolucja-wszechswiata\/\",\"url\":\"https:\/\/sklep.edudomo.pl\/sklep\/ewolucja-wszechswiata\/\",\"name\":\"Ewolucja Wszech\u015bwiata\",\"isPartOf\":{\"@id\":\"https:\/\/sklep.edudomo.pl\/#website\"},\"primaryImageOfPage\":{\"@id\":\"https:\/\/sklep.edudomo.pl\/sklep\/ewolucja-wszechswiata\/#primaryimage\"},\"image\":{\"@id\":\"https:\/\/sklep.edudomo.pl\/sklep\/ewolucja-wszechswiata\/#primaryimage\"},\"thumbnailUrl\":\"https:\/\/sklep.edudomo.pl\/wp-content\/uploads\/2020\/07\/A9EF5A93-200D-4707-B942-B6E4EA08057F.jpg\",\"datePublished\":\"2020-07-04T08:05:39+00:00\",\"dateModified\":\"2025-11-25T17:45:39+00:00\",\"breadcrumb\":{\"@id\":\"https:\/\/sklep.edudomo.pl\/sklep\/ewolucja-wszechswiata\/#breadcrumb\"},\"inLanguage\":\"en-GB\",\"potentialAction\":[{\"@type\":\"ReadAction\",\"target\":[\"https:\/\/sklep.edudomo.pl\/sklep\/ewolucja-wszechswiata\/\"]}]},{\"@type\":\"ImageObject\",\"inLanguage\":\"en-GB\",\"@id\":\"https:\/\/sklep.edudomo.pl\/sklep\/ewolucja-wszechswiata\/#primaryimage\",\"url\":\"https:\/\/sklep.edudomo.pl\/wp-content\/uploads\/2020\/07\/A9EF5A93-200D-4707-B942-B6E4EA08057F.jpg\",\"contentUrl\":\"https:\/\/sklep.edudomo.pl\/wp-content\/uploads\/2020\/07\/A9EF5A93-200D-4707-B942-B6E4EA08057F.jpg\",\"width\":1080,\"height\":1073,\"caption\":\"ewolucja wszech\u015bwiata\"},{\"@type\":\"BreadcrumbList\",\"@id\":\"https:\/\/sklep.edudomo.pl\/sklep\/ewolucja-wszechswiata\/#breadcrumb\",\"itemListElement\":[{\"@type\":\"ListItem\",\"position\":1,\"name\":\"Strona g\u0142\u00f3wna\",\"item\":\"https:\/\/sklep.edudomo.pl\/\"},{\"@type\":\"ListItem\",\"position\":2,\"name\":\"Sklep\",\"item\":\"https:\/\/sklep.edudomo.pl\/\"},{\"@type\":\"ListItem\",\"position\":3,\"name\":\"Ewolucja Wszech\u015bwiata\"}]},{\"@type\":\"WebSite\",\"@id\":\"https:\/\/sklep.edudomo.pl\/#website\",\"url\":\"https:\/\/sklep.edudomo.pl\/\",\"name\":\"sklep EduDoMo\",\"description\":\"Edukacja Domowa. Terapia. Wspieranie Talent&oacute;w\",\"publisher\":{\"@id\":\"https:\/\/sklep.edudomo.pl\/#organization\"},\"potentialAction\":[{\"@type\":\"SearchAction\",\"target\":{\"@type\":\"EntryPoint\",\"urlTemplate\":\"https:\/\/sklep.edudomo.pl\/?s={search_term_string}\"},\"query-input\":{\"@type\":\"PropertyValueSpecification\",\"valueRequired\":true,\"valueName\":\"search_term_string\"}}],\"inLanguage\":\"en-GB\"},{\"@type\":\"Organization\",\"@id\":\"https:\/\/sklep.edudomo.pl\/#organization\",\"name\":\"EduDoMo\",\"url\":\"https:\/\/sklep.edudomo.pl\/\",\"logo\":{\"@type\":\"ImageObject\",\"inLanguage\":\"en-GB\",\"@id\":\"https:\/\/sklep.edudomo.pl\/#\/schema\/logo\/image\/\",\"url\":\"https:\/\/sklep.edudomo.pl\/wp-content\/uploads\/2019\/11\/cropped-logo-edudomo-sowa.jpg\",\"contentUrl\":\"https:\/\/sklep.edudomo.pl\/wp-content\/uploads\/2019\/11\/cropped-logo-edudomo-sowa.jpg\",\"width\":120,\"height\":120,\"caption\":\"EduDoMo\"},\"image\":{\"@id\":\"https:\/\/sklep.edudomo.pl\/#\/schema\/logo\/image\/\"}}]}<\/script>\n<!-- \/ Yoast SEO plugin. -->","yoast_head_json":{"title":"Ewolucja Wszech\u015bwiata","robots":{"index":"index","follow":"follow","max-snippet":"max-snippet:-1","max-image-preview":"max-image-preview:large","max-video-preview":"max-video-preview:-1"},"canonical":"https:\/\/sklep.edudomo.pl\/en\/sklep\/ewolucja-wszechswiata\/","og_locale":"en_GB","og_type":"article","og_title":"[:pl]Ewolucja Wszech\u015bwiata[:] - sklep EduDoMo","og_description":"Ewolucja Wszech\u015bwiata, to pomoc w formie uk\u0142adanki, kt\u00f3ra u\u0142atwi zar\u00f3wno prowadzenie zaj\u0119\u0107 z Wielkich Opowie\u015bci Marii Montessori. R\u00f3wnie\u017c, gdy uk\u0142adanka znajdzie si\u0119 w domu r\u0119kach dziecka jako zabawka- pozwoli w prosty spos\u00f3b wyt\u0142umaczy\u0107 jak powsta\u0142 wszech\u015bwiat. &nbsp; zestaw zawiera: * plansza o wymiarach 28cm na 58cm * 8 dwustronnych element\u00f3w. jedna strona to wycinek ilustracjiRead More","og_url":"https:\/\/sklep.edudomo.pl\/en\/sklep\/ewolucja-wszechswiata\/","og_site_name":"sklep EduDoMo","article_modified_time":"2025-11-25T17:45:39+00:00","og_image":[{"width":1080,"height":1073,"url":"https:\/\/sklep.edudomo.pl\/wp-content\/uploads\/2020\/07\/A9EF5A93-200D-4707-B942-B6E4EA08057F.jpg","type":"image\/jpeg"}],"twitter_card":"summary_large_image","twitter_misc":{"Estimated reading time":"1 minute"},"schema":{"@context":"https:\/\/schema.org","@graph":[{"@type":"WebPage","@id":"https:\/\/sklep.edudomo.pl\/sklep\/ewolucja-wszechswiata\/","url":"https:\/\/sklep.edudomo.pl\/sklep\/ewolucja-wszechswiata\/","name":"Ewolucja Wszech\u015bwiata","isPartOf":{"@id":"https:\/\/sklep.edudomo.pl\/#website"},"primaryImageOfPage":{"@id":"https:\/\/sklep.edudomo.pl\/sklep\/ewolucja-wszechswiata\/#primaryimage"},"image":{"@id":"https:\/\/sklep.edudomo.pl\/sklep\/ewolucja-wszechswiata\/#primaryimage"},"thumbnailUrl":"https:\/\/sklep.edudomo.pl\/wp-content\/uploads\/2020\/07\/A9EF5A93-200D-4707-B942-B6E4EA08057F.jpg","datePublished":"2020-07-04T08:05:39+00:00","dateModified":"2025-11-25T17:45:39+00:00","breadcrumb":{"@id":"https:\/\/sklep.edudomo.pl\/sklep\/ewolucja-wszechswiata\/#breadcrumb"},"inLanguage":"en-GB","potentialAction":[{"@type":"ReadAction","target":["https:\/\/sklep.edudomo.pl\/sklep\/ewolucja-wszechswiata\/"]}]},{"@type":"ImageObject","inLanguage":"en-GB","@id":"https:\/\/sklep.edudomo.pl\/sklep\/ewolucja-wszechswiata\/#primaryimage","url":"https:\/\/sklep.edudomo.pl\/wp-content\/uploads\/2020\/07\/A9EF5A93-200D-4707-B942-B6E4EA08057F.jpg","contentUrl":"https:\/\/sklep.edudomo.pl\/wp-content\/uploads\/2020\/07\/A9EF5A93-200D-4707-B942-B6E4EA08057F.jpg","width":1080,"height":1073,"caption":"ewolucja wszech\u015bwiata"},{"@type":"BreadcrumbList","@id":"https:\/\/sklep.edudomo.pl\/sklep\/ewolucja-wszechswiata\/#breadcrumb","itemListElement":[{"@type":"ListItem","position":1,"name":"Strona g\u0142\u00f3wna","item":"https:\/\/sklep.edudomo.pl\/"},{"@type":"ListItem","position":2,"name":"Sklep","item":"https:\/\/sklep.edudomo.pl\/"},{"@type":"ListItem","position":3,"name":"Ewolucja Wszech\u015bwiata"}]},{"@type":"WebSite","@id":"https:\/\/sklep.edudomo.pl\/#website","url":"https:\/\/sklep.edudomo.pl\/","name":"sklep EduDoMo","description":"Edukacja Domowa. Terapia. Wspieranie Talent&oacute;w","publisher":{"@id":"https:\/\/sklep.edudomo.pl\/#organization"},"potentialAction":[{"@type":"SearchAction","target":{"@type":"EntryPoint","urlTemplate":"https:\/\/sklep.edudomo.pl\/?s={search_term_string}"},"query-input":{"@type":"PropertyValueSpecification","valueRequired":true,"valueName":"search_term_string"}}],"inLanguage":"en-GB"},{"@type":"Organization","@id":"https:\/\/sklep.edudomo.pl\/#organization","name":"EduDoMo","url":"https:\/\/sklep.edudomo.pl\/","logo":{"@type":"ImageObject","inLanguage":"en-GB","@id":"https:\/\/sklep.edudomo.pl\/#\/schema\/logo\/image\/","url":"https:\/\/sklep.edudomo.pl\/wp-content\/uploads\/2019\/11\/cropped-logo-edudomo-sowa.jpg","contentUrl":"https:\/\/sklep.edudomo.pl\/wp-content\/uploads\/2019\/11\/cropped-logo-edudomo-sowa.jpg","width":120,"height":120,"caption":"EduDoMo"},"image":{"@id":"https:\/\/sklep.edudomo.pl\/#\/schema\/logo\/image\/"}}]}},"jetpack_sharing_enabled":true,"_links":{"self":[{"href":"https:\/\/sklep.edudomo.pl\/en\/wp-json\/wp\/v2\/product\/2412","targetHints":{"allow":["GET"]}}],"collection":[{"href":"https:\/\/sklep.edudomo.pl\/en\/wp-json\/wp\/v2\/product"}],"about":[{"href":"https:\/\/sklep.edudomo.pl\/en\/wp-json\/wp\/v2\/types\/product"}],"replies":[{"embeddable":true,"href":"https:\/\/sklep.edudomo.pl\/en\/wp-json\/wp\/v2\/comments?post=2412"}],"wp:featuredmedia":[{"embeddable":true,"href":"https:\/\/sklep.edudomo.pl\/en\/wp-json\/wp\/v2\/media\/2414"}],"wp:attachment":[{"href":"https:\/\/sklep.edudomo.pl\/en\/wp-json\/wp\/v2\/media?parent=2412"}],"wp:term":[{"taxonomy":"product_brand","embeddable":true,"href":"https:\/\/sklep.edudomo.pl\/en\/wp-json\/wp\/v2\/product_brand?post=2412"},{"taxonomy":"product_cat","embeddable":true,"href":"https:\/\/sklep.edudomo.pl\/en\/wp-json\/wp\/v2\/product_cat?post=2412"},{"taxonomy":"product_tag","embeddable":true,"href":"https:\/\/sklep.edudomo.pl\/en\/wp-json\/wp\/v2\/product_tag?post=2412"}],"curies":[{"name":"wp","href":"https:\/\/api.w.org\/{rel}","templated":true}]}}