{"id":2457,"date":"2020-07-23T09:58:59","date_gmt":"2020-07-23T09:58:59","guid":{"rendered":"https:\/\/sklep.edudomo.pl\/?post_type=product&#038;p=2457"},"modified":"2025-11-25T17:44:46","modified_gmt":"2025-11-25T17:44:46","slug":"inia-czasu-edudomo","status":"publish","type":"product","link":"https:\/\/sklep.edudomo.pl\/en\/sklep\/inia-czasu-edudomo\/","title":{"rendered":"Linia czasu. EduDoMo"},"content":{"rendered":"<p>Inia czasu. EduDoMo<\/p>\n<p>Inia czasu EduDoMo to uk\u0142adanka, kt\u00f3r\u0105 u\u0142o\u017cy ka\u017cdy. Wystarczy, \u017ce wiesz jakie kolory eon\u00f3w przedstawione s\u0105 na zegarze eon\u00f3w.<\/p>\n<p>Kolejne podokresy uk\u0142ada\u0107 nale\u017cy od najciemniejszej barwy po coraz ja\u015bniejsz\u0105.<\/p>\n<p>D\u0142ugo\u015b\u0107 ka\u017cdego z element\u00f3w jest zeskalowana i przedstawia autentyczn\u0105 d\u0142ugo\u015b\u0107 czasow\u0105.<\/p>\n<p>Dane do naszej uk\u0142adanki zaczerpni\u0119te s\u0105 z najnowszej tabeli stratyfikacyjnej z 2019 roku<\/p>\n<p>ang<\/p>\n<p>EduDoMo Timeline is a puzzle that everyone can do. You only have to know colour codes for eons that are presented on the geologic time scale.<\/p>\n<p>Following eras and periods should be arranged in order from the darkest colour to the lightest one.<\/p>\n<p>The length of every element is scaled and represents authentic time length.<\/p>\n<p>Data for our puzzle is taken from the newest geologic time scale from 2019.<\/p>\n","protected":false},"excerpt":{"rendered":"<p>Inia czasu. EduDoMo Inia czasu EduDoMo to uk\u0142adanka, kt\u00f3r\u0105 u\u0142o\u017cy ka\u017cdy. Wystarczy, \u017ce wiesz jakie kolory eon\u00f3w przedstawione s\u0105 na zegarze eon\u00f3w. Kolejne podokresy uk\u0142ada\u0107 nale\u017cy od najciemniejszej barwy po coraz ja\u015bniejsz\u0105. D\u0142ugo\u015b\u0107 ka\u017cdego z element\u00f3w jest zeskalowana i przedstawia autentyczn\u0105 d\u0142ugo\u015b\u0107 czasow\u0105. Dane do naszej uk\u0142adanki zaczerpni\u0119te s\u0105 z najnowszej tabeli stratyfikacyjnej z 2019<span class=\"read-more-faq\"><a href=\"https:\/\/sklep.edudomo.pl\/en\/sklep\/inia-czasu-edudomo\/\">Read More<\/a><\/span><\/p>\n","protected":false},"featured_media":11336,"comment_status":"open","ping_status":"closed","template":"","meta":[],"product_brand":[],"product_cat":[84],"product_tag":[96],"class_list":{"0":"post-2457","1":"product","2":"type-product","3":"status-publish","4":"has-post-thumbnail","6":"product_cat-edukacja-kosmiczna","7":"product_tag-os-czasu-hgistoria-ziemi","9":"first","10":"onbackorder","11":"taxable","12":"shipping-taxable","13":"purchasable","14":"product-type-simple"},"yoast_head":"<!-- This site is optimized with the Yoast SEO plugin v26.5 - https:\/\/yoast.com\/wordpress\/plugins\/seo\/ -->\n<title>Linia czasu. EduDoMo<\/title>\n<meta name=\"robots\" content=\"index, follow, max-snippet:-1, max-image-preview:large, max-video-preview:-1\" \/>\n<link rel=\"canonical\" href=\"https:\/\/sklep.edudomo.pl\/en\/sklep\/inia-czasu-edudomo\/\" \/>\n<meta property=\"og:locale\" content=\"en_GB\" \/>\n<meta property=\"og:locale:alternate\" content=\"pl_PL\" \/>\n<meta property=\"og:type\" content=\"article\" \/>\n<meta property=\"og:title\" content=\"Linia czasu. EduDoMo\" \/>\n<meta property=\"og:description\" content=\"Inia czasu. EduDoMo Inia czasu EduDoMo to uk\u0142adanka, kt\u00f3r\u0105 u\u0142o\u017cy ka\u017cdy. Wystarczy, \u017ce wiesz jakie kolory eon\u00f3w przedstawione s\u0105 na zegarze eon\u00f3w. Kolejne podokresy uk\u0142ada\u0107 nale\u017cy od najciemniejszej barwy po coraz ja\u015bniejsz\u0105. D\u0142ugo\u015b\u0107 ka\u017cdego z element\u00f3w jest zeskalowana i przedstawia autentyczn\u0105 d\u0142ugo\u015b\u0107 czasow\u0105. Dane do naszej uk\u0142adanki zaczerpni\u0119te s\u0105 z najnowszej tabeli stratyfikacyjnej z 2019Read More\" \/>\n<meta property=\"og:url\" content=\"https:\/\/sklep.edudomo.pl\/en\/sklep\/inia-czasu-edudomo\/\" \/>\n<meta property=\"og:site_name\" content=\"sklep EduDoMo\" \/>\n<meta property=\"article:modified_time\" content=\"2025-11-25T17:44:46+00:00\" \/>\n<meta property=\"og:image\" content=\"https:\/\/sklep.edudomo.pl\/wp-content\/uploads\/2020\/07\/IMG_1220-scaled.jpeg\" \/>\n\t<meta property=\"og:image:width\" content=\"2560\" \/>\n\t<meta property=\"og:image:height\" content=\"1920\" \/>\n\t<meta property=\"og:image:type\" content=\"image\/jpeg\" \/>\n<meta name=\"twitter:card\" content=\"summary_large_image\" \/>\n<meta name=\"twitter:label1\" content=\"Estimated reading time\" \/>\n\t<meta name=\"twitter:data1\" content=\"1 minute\" \/>\n<script type=\"application\/ld+json\" class=\"yoast-schema-graph\">{\"@context\":\"https:\/\/schema.org\",\"@graph\":[{\"@type\":\"WebPage\",\"@id\":\"https:\/\/sklep.edudomo.pl\/sklep\/inia-czasu-edudomo\/\",\"url\":\"https:\/\/sklep.edudomo.pl\/sklep\/inia-czasu-edudomo\/\",\"name\":\"Linia czasu. EduDoMo\",\"isPartOf\":{\"@id\":\"https:\/\/sklep.edudomo.pl\/#website\"},\"primaryImageOfPage\":{\"@id\":\"https:\/\/sklep.edudomo.pl\/sklep\/inia-czasu-edudomo\/#primaryimage\"},\"image\":{\"@id\":\"https:\/\/sklep.edudomo.pl\/sklep\/inia-czasu-edudomo\/#primaryimage\"},\"thumbnailUrl\":\"https:\/\/sklep.edudomo.pl\/wp-content\/uploads\/2020\/07\/IMG_1220-scaled.jpeg\",\"datePublished\":\"2020-07-23T09:58:59+00:00\",\"dateModified\":\"2025-11-25T17:44:46+00:00\",\"breadcrumb\":{\"@id\":\"https:\/\/sklep.edudomo.pl\/sklep\/inia-czasu-edudomo\/#breadcrumb\"},\"inLanguage\":\"en-GB\",\"potentialAction\":[{\"@type\":\"ReadAction\",\"target\":[\"https:\/\/sklep.edudomo.pl\/sklep\/inia-czasu-edudomo\/\"]}]},{\"@type\":\"ImageObject\",\"inLanguage\":\"en-GB\",\"@id\":\"https:\/\/sklep.edudomo.pl\/sklep\/inia-czasu-edudomo\/#primaryimage\",\"url\":\"https:\/\/sklep.edudomo.pl\/wp-content\/uploads\/2020\/07\/IMG_1220-scaled.jpeg\",\"contentUrl\":\"https:\/\/sklep.edudomo.pl\/wp-content\/uploads\/2020\/07\/IMG_1220-scaled.jpeg\",\"width\":2560,\"height\":1920},{\"@type\":\"BreadcrumbList\",\"@id\":\"https:\/\/sklep.edudomo.pl\/sklep\/inia-czasu-edudomo\/#breadcrumb\",\"itemListElement\":[{\"@type\":\"ListItem\",\"position\":1,\"name\":\"Strona g\u0142\u00f3wna\",\"item\":\"https:\/\/sklep.edudomo.pl\/\"},{\"@type\":\"ListItem\",\"position\":2,\"name\":\"Sklep\",\"item\":\"https:\/\/sklep.edudomo.pl\/\"},{\"@type\":\"ListItem\",\"position\":3,\"name\":\"Linia czasu. EduDoMo\"}]},{\"@type\":\"WebSite\",\"@id\":\"https:\/\/sklep.edudomo.pl\/#website\",\"url\":\"https:\/\/sklep.edudomo.pl\/\",\"name\":\"sklep EduDoMo\",\"description\":\"Edukacja Domowa. Terapia. Wspieranie Talent&oacute;w\",\"publisher\":{\"@id\":\"https:\/\/sklep.edudomo.pl\/#organization\"},\"potentialAction\":[{\"@type\":\"SearchAction\",\"target\":{\"@type\":\"EntryPoint\",\"urlTemplate\":\"https:\/\/sklep.edudomo.pl\/?s={search_term_string}\"},\"query-input\":{\"@type\":\"PropertyValueSpecification\",\"valueRequired\":true,\"valueName\":\"search_term_string\"}}],\"inLanguage\":\"en-GB\"},{\"@type\":\"Organization\",\"@id\":\"https:\/\/sklep.edudomo.pl\/#organization\",\"name\":\"EduDoMo\",\"url\":\"https:\/\/sklep.edudomo.pl\/\",\"logo\":{\"@type\":\"ImageObject\",\"inLanguage\":\"en-GB\",\"@id\":\"https:\/\/sklep.edudomo.pl\/#\/schema\/logo\/image\/\",\"url\":\"https:\/\/sklep.edudomo.pl\/wp-content\/uploads\/2019\/11\/cropped-logo-edudomo-sowa.jpg\",\"contentUrl\":\"https:\/\/sklep.edudomo.pl\/wp-content\/uploads\/2019\/11\/cropped-logo-edudomo-sowa.jpg\",\"width\":120,\"height\":120,\"caption\":\"EduDoMo\"},\"image\":{\"@id\":\"https:\/\/sklep.edudomo.pl\/#\/schema\/logo\/image\/\"}}]}<\/script>\n<!-- \/ Yoast SEO plugin. -->","yoast_head_json":{"title":"Linia czasu. EduDoMo","robots":{"index":"index","follow":"follow","max-snippet":"max-snippet:-1","max-image-preview":"max-image-preview:large","max-video-preview":"max-video-preview:-1"},"canonical":"https:\/\/sklep.edudomo.pl\/en\/sklep\/inia-czasu-edudomo\/","og_locale":"en_GB","og_type":"article","og_title":"[:pl]Linia czasu. EduDoMo[:en]Linia czasu. EduDoMo[:] - sklep EduDoMo","og_description":"Inia czasu. EduDoMo Inia czasu EduDoMo to uk\u0142adanka, kt\u00f3r\u0105 u\u0142o\u017cy ka\u017cdy. Wystarczy, \u017ce wiesz jakie kolory eon\u00f3w przedstawione s\u0105 na zegarze eon\u00f3w. Kolejne podokresy uk\u0142ada\u0107 nale\u017cy od najciemniejszej barwy po coraz ja\u015bniejsz\u0105. D\u0142ugo\u015b\u0107 ka\u017cdego z element\u00f3w jest zeskalowana i przedstawia autentyczn\u0105 d\u0142ugo\u015b\u0107 czasow\u0105. Dane do naszej uk\u0142adanki zaczerpni\u0119te s\u0105 z najnowszej tabeli stratyfikacyjnej z 2019Read More","og_url":"https:\/\/sklep.edudomo.pl\/en\/sklep\/inia-czasu-edudomo\/","og_site_name":"sklep EduDoMo","article_modified_time":"2025-11-25T17:44:46+00:00","og_image":[{"width":2560,"height":1920,"url":"https:\/\/sklep.edudomo.pl\/wp-content\/uploads\/2020\/07\/IMG_1220-scaled.jpeg","type":"image\/jpeg"}],"twitter_card":"summary_large_image","twitter_misc":{"Estimated reading time":"1 minute"},"schema":{"@context":"https:\/\/schema.org","@graph":[{"@type":"WebPage","@id":"https:\/\/sklep.edudomo.pl\/sklep\/inia-czasu-edudomo\/","url":"https:\/\/sklep.edudomo.pl\/sklep\/inia-czasu-edudomo\/","name":"Linia czasu. EduDoMo","isPartOf":{"@id":"https:\/\/sklep.edudomo.pl\/#website"},"primaryImageOfPage":{"@id":"https:\/\/sklep.edudomo.pl\/sklep\/inia-czasu-edudomo\/#primaryimage"},"image":{"@id":"https:\/\/sklep.edudomo.pl\/sklep\/inia-czasu-edudomo\/#primaryimage"},"thumbnailUrl":"https:\/\/sklep.edudomo.pl\/wp-content\/uploads\/2020\/07\/IMG_1220-scaled.jpeg","datePublished":"2020-07-23T09:58:59+00:00","dateModified":"2025-11-25T17:44:46+00:00","breadcrumb":{"@id":"https:\/\/sklep.edudomo.pl\/sklep\/inia-czasu-edudomo\/#breadcrumb"},"inLanguage":"en-GB","potentialAction":[{"@type":"ReadAction","target":["https:\/\/sklep.edudomo.pl\/sklep\/inia-czasu-edudomo\/"]}]},{"@type":"ImageObject","inLanguage":"en-GB","@id":"https:\/\/sklep.edudomo.pl\/sklep\/inia-czasu-edudomo\/#primaryimage","url":"https:\/\/sklep.edudomo.pl\/wp-content\/uploads\/2020\/07\/IMG_1220-scaled.jpeg","contentUrl":"https:\/\/sklep.edudomo.pl\/wp-content\/uploads\/2020\/07\/IMG_1220-scaled.jpeg","width":2560,"height":1920},{"@type":"BreadcrumbList","@id":"https:\/\/sklep.edudomo.pl\/sklep\/inia-czasu-edudomo\/#breadcrumb","itemListElement":[{"@type":"ListItem","position":1,"name":"Strona g\u0142\u00f3wna","item":"https:\/\/sklep.edudomo.pl\/"},{"@type":"ListItem","position":2,"name":"Sklep","item":"https:\/\/sklep.edudomo.pl\/"},{"@type":"ListItem","position":3,"name":"Linia czasu. EduDoMo"}]},{"@type":"WebSite","@id":"https:\/\/sklep.edudomo.pl\/#website","url":"https:\/\/sklep.edudomo.pl\/","name":"sklep EduDoMo","description":"Edukacja Domowa. Terapia. Wspieranie Talent&oacute;w","publisher":{"@id":"https:\/\/sklep.edudomo.pl\/#organization"},"potentialAction":[{"@type":"SearchAction","target":{"@type":"EntryPoint","urlTemplate":"https:\/\/sklep.edudomo.pl\/?s={search_term_string}"},"query-input":{"@type":"PropertyValueSpecification","valueRequired":true,"valueName":"search_term_string"}}],"inLanguage":"en-GB"},{"@type":"Organization","@id":"https:\/\/sklep.edudomo.pl\/#organization","name":"EduDoMo","url":"https:\/\/sklep.edudomo.pl\/","logo":{"@type":"ImageObject","inLanguage":"en-GB","@id":"https:\/\/sklep.edudomo.pl\/#\/schema\/logo\/image\/","url":"https:\/\/sklep.edudomo.pl\/wp-content\/uploads\/2019\/11\/cropped-logo-edudomo-sowa.jpg","contentUrl":"https:\/\/sklep.edudomo.pl\/wp-content\/uploads\/2019\/11\/cropped-logo-edudomo-sowa.jpg","width":120,"height":120,"caption":"EduDoMo"},"image":{"@id":"https:\/\/sklep.edudomo.pl\/#\/schema\/logo\/image\/"}}]}},"jetpack_sharing_enabled":true,"_links":{"self":[{"href":"https:\/\/sklep.edudomo.pl\/en\/wp-json\/wp\/v2\/product\/2457","targetHints":{"allow":["GET"]}}],"collection":[{"href":"https:\/\/sklep.edudomo.pl\/en\/wp-json\/wp\/v2\/product"}],"about":[{"href":"https:\/\/sklep.edudomo.pl\/en\/wp-json\/wp\/v2\/types\/product"}],"replies":[{"embeddable":true,"href":"https:\/\/sklep.edudomo.pl\/en\/wp-json\/wp\/v2\/comments?post=2457"}],"wp:featuredmedia":[{"embeddable":true,"href":"https:\/\/sklep.edudomo.pl\/en\/wp-json\/wp\/v2\/media\/11336"}],"wp:attachment":[{"href":"https:\/\/sklep.edudomo.pl\/en\/wp-json\/wp\/v2\/media?parent=2457"}],"wp:term":[{"taxonomy":"product_brand","embeddable":true,"href":"https:\/\/sklep.edudomo.pl\/en\/wp-json\/wp\/v2\/product_brand?post=2457"},{"taxonomy":"product_cat","embeddable":true,"href":"https:\/\/sklep.edudomo.pl\/en\/wp-json\/wp\/v2\/product_cat?post=2457"},{"taxonomy":"product_tag","embeddable":true,"href":"https:\/\/sklep.edudomo.pl\/en\/wp-json\/wp\/v2\/product_tag?post=2457"}],"curies":[{"name":"wp","href":"https:\/\/api.w.org\/{rel}","templated":true}]}}