{"id":2479,"date":"2020-08-02T07:33:15","date_gmt":"2020-08-02T07:33:15","guid":{"rendered":"https:\/\/sklep.edudomo.pl\/?post_type=product&#038;p=2479"},"modified":"2025-11-25T17:44:28","modified_gmt":"2025-11-25T17:44:28","slug":"lodzik-edudomo","status":"publish","type":"product","link":"https:\/\/sklep.edudomo.pl\/en\/sklep\/lodzik-edudomo\/","title":{"rendered":"\u0141odzik. EduDoMo AMMONITE"},"content":{"rendered":"<p>Ta uk\u0142adanka jest niezwyk\u0142a, bo to historia o sympatycznym \u0142odziku o nazwie Nuatilus. &#8211; specjalna rurka (syfon), to przewleczona przez otw\u00f3r czerwona nitka, kt\u00f3r\u0105 mo\u017cna uk\u0142ada\u0107 w rowku i opowiada\u0107 histori\u0119 o \u0142odziku.<\/p>\n<p>To puzzle w sk\u0142ad kt\u00f3rych wchodzi plansza z przekrojem amonita o wymiarach 23cm x 29cm oraz 13 element\u00f3w do u\u0142o\u017cenia<\/p>\n<p>&nbsp;<\/p>\n<p>The special tube (siphonal canal) is shown as a red thread that you can place in the groove and tell the story about the Nautilida.<\/p>\n<p>A set consists of:<\/p>\n<ul>\n<li>a board (23cm x 29cm) with a cross-section of an ammonite<\/li>\n<li>13 pieces to place on the board<\/li>\n<\/ul>\n<p>This puzzle is extraordinary, because it\u2019s a story about a friendly Nautilida named Nuatilus. It used to build a protective shell around itself, and when it outgrew the shell, it closed and left the room that was too tight and built another one. That\u2019s how its entire life looked like \u2013 it collected bigger and bigger homes that were connected with a tube. It could pour water in and out through the tube \u2013 thanks to that it moved very fast, like a jet.<\/p>\n<p>When it filled its rooms with water, it submerged, and when it poured the water out, it emerged \u2013 just like a submarine.<\/p>\n<p>It also shot ink to cover its tracks.<\/p>\n<p>Isn\u2019t it an amazing and resourceful animal?<\/p>\n<p>Do you know what was the name of the first submarine?<\/p>\n<p>&nbsp;<\/p>\n","protected":false},"excerpt":{"rendered":"<p>Ta uk\u0142adanka jest niezwyk\u0142a, bo to historia o sympatycznym \u0142odziku o nazwie Nuatilus. &#8211; specjalna rurka (syfon), to przewleczona przez otw\u00f3r czerwona nitka, kt\u00f3r\u0105 mo\u017cna uk\u0142ada\u0107 w rowku i opowiada\u0107 histori\u0119 o \u0142odziku. To puzzle w sk\u0142ad kt\u00f3rych wchodzi plansza z przekrojem amonita o wymiarach 23cm x 29cm oraz 13 element\u00f3w do u\u0142o\u017cenia &nbsp; The<span class=\"read-more-faq\"><a href=\"https:\/\/sklep.edudomo.pl\/en\/sklep\/lodzik-edudomo\/\">Read More<\/a><\/span><\/p>\n","protected":false},"featured_media":2481,"comment_status":"open","ping_status":"closed","template":"","meta":[],"product_brand":[],"product_cat":[84],"product_tag":[],"class_list":{"0":"post-2479","1":"product","2":"type-product","3":"status-publish","4":"has-post-thumbnail","6":"product_cat-edukacja-kosmiczna","7":"product_shipping_class-inpost-kurier-a","9":"first","10":"onbackorder","11":"taxable","12":"shipping-taxable","13":"purchasable","14":"product-type-simple"},"yoast_head":"<!-- This site is optimized with the Yoast SEO plugin v26.5 - https:\/\/yoast.com\/wordpress\/plugins\/seo\/ -->\n<title>\u0141odzik. EduDoMo AMMONITE<\/title>\n<meta name=\"robots\" content=\"index, follow, max-snippet:-1, max-image-preview:large, max-video-preview:-1\" \/>\n<link rel=\"canonical\" href=\"https:\/\/sklep.edudomo.pl\/en\/sklep\/lodzik-edudomo\/\" \/>\n<meta property=\"og:locale\" content=\"en_GB\" \/>\n<meta property=\"og:locale:alternate\" content=\"pl_PL\" \/>\n<meta property=\"og:type\" content=\"article\" \/>\n<meta property=\"og:title\" content=\"\u0141odzik. EduDoMo AMMONITE\" \/>\n<meta property=\"og:description\" content=\"Ta uk\u0142adanka jest niezwyk\u0142a, bo to historia o sympatycznym \u0142odziku o nazwie Nuatilus. &#8211; specjalna rurka (syfon), to przewleczona przez otw\u00f3r czerwona nitka, kt\u00f3r\u0105 mo\u017cna uk\u0142ada\u0107 w rowku i opowiada\u0107 histori\u0119 o \u0142odziku. To puzzle w sk\u0142ad kt\u00f3rych wchodzi plansza z przekrojem amonita o wymiarach 23cm x 29cm oraz 13 element\u00f3w do u\u0142o\u017cenia &nbsp; TheRead More\" \/>\n<meta property=\"og:url\" content=\"https:\/\/sklep.edudomo.pl\/en\/sklep\/lodzik-edudomo\/\" \/>\n<meta property=\"og:site_name\" content=\"sklep EduDoMo\" \/>\n<meta property=\"article:modified_time\" content=\"2025-11-25T17:44:28+00:00\" \/>\n<meta property=\"og:image\" content=\"https:\/\/sklep.edudomo.pl\/wp-content\/uploads\/2020\/08\/\u0142odzik-EduDoMo-2.jpg\" \/>\n\t<meta property=\"og:image:width\" content=\"1081\" \/>\n\t<meta property=\"og:image:height\" content=\"1081\" \/>\n\t<meta property=\"og:image:type\" content=\"image\/jpeg\" \/>\n<meta name=\"twitter:card\" content=\"summary_large_image\" \/>\n<meta name=\"twitter:label1\" content=\"Estimated reading time\" \/>\n\t<meta name=\"twitter:data1\" content=\"1 minute\" \/>\n<script type=\"application\/ld+json\" class=\"yoast-schema-graph\">{\"@context\":\"https:\/\/schema.org\",\"@graph\":[{\"@type\":\"WebPage\",\"@id\":\"https:\/\/sklep.edudomo.pl\/sklep\/lodzik-edudomo\/\",\"url\":\"https:\/\/sklep.edudomo.pl\/sklep\/lodzik-edudomo\/\",\"name\":\"\u0141odzik. EduDoMo AMMONITE\",\"isPartOf\":{\"@id\":\"https:\/\/sklep.edudomo.pl\/#website\"},\"primaryImageOfPage\":{\"@id\":\"https:\/\/sklep.edudomo.pl\/sklep\/lodzik-edudomo\/#primaryimage\"},\"image\":{\"@id\":\"https:\/\/sklep.edudomo.pl\/sklep\/lodzik-edudomo\/#primaryimage\"},\"thumbnailUrl\":\"https:\/\/sklep.edudomo.pl\/wp-content\/uploads\/2020\/08\/\u0142odzik-EduDoMo-2.jpg\",\"datePublished\":\"2020-08-02T07:33:15+00:00\",\"dateModified\":\"2025-11-25T17:44:28+00:00\",\"breadcrumb\":{\"@id\":\"https:\/\/sklep.edudomo.pl\/sklep\/lodzik-edudomo\/#breadcrumb\"},\"inLanguage\":\"en-GB\",\"potentialAction\":[{\"@type\":\"ReadAction\",\"target\":[\"https:\/\/sklep.edudomo.pl\/sklep\/lodzik-edudomo\/\"]}]},{\"@type\":\"ImageObject\",\"inLanguage\":\"en-GB\",\"@id\":\"https:\/\/sklep.edudomo.pl\/sklep\/lodzik-edudomo\/#primaryimage\",\"url\":\"https:\/\/sklep.edudomo.pl\/wp-content\/uploads\/2020\/08\/\u0142odzik-EduDoMo-2.jpg\",\"contentUrl\":\"https:\/\/sklep.edudomo.pl\/wp-content\/uploads\/2020\/08\/\u0142odzik-EduDoMo-2.jpg\",\"width\":1081,\"height\":1081},{\"@type\":\"BreadcrumbList\",\"@id\":\"https:\/\/sklep.edudomo.pl\/sklep\/lodzik-edudomo\/#breadcrumb\",\"itemListElement\":[{\"@type\":\"ListItem\",\"position\":1,\"name\":\"Strona g\u0142\u00f3wna\",\"item\":\"https:\/\/sklep.edudomo.pl\/\"},{\"@type\":\"ListItem\",\"position\":2,\"name\":\"Sklep\",\"item\":\"https:\/\/sklep.edudomo.pl\/\"},{\"@type\":\"ListItem\",\"position\":3,\"name\":\"\u0141odzik. EduDoMo AMMONITE\"}]},{\"@type\":\"WebSite\",\"@id\":\"https:\/\/sklep.edudomo.pl\/#website\",\"url\":\"https:\/\/sklep.edudomo.pl\/\",\"name\":\"sklep EduDoMo\",\"description\":\"Edukacja Domowa. Terapia. Wspieranie Talent&oacute;w\",\"publisher\":{\"@id\":\"https:\/\/sklep.edudomo.pl\/#organization\"},\"potentialAction\":[{\"@type\":\"SearchAction\",\"target\":{\"@type\":\"EntryPoint\",\"urlTemplate\":\"https:\/\/sklep.edudomo.pl\/?s={search_term_string}\"},\"query-input\":{\"@type\":\"PropertyValueSpecification\",\"valueRequired\":true,\"valueName\":\"search_term_string\"}}],\"inLanguage\":\"en-GB\"},{\"@type\":\"Organization\",\"@id\":\"https:\/\/sklep.edudomo.pl\/#organization\",\"name\":\"EduDoMo\",\"url\":\"https:\/\/sklep.edudomo.pl\/\",\"logo\":{\"@type\":\"ImageObject\",\"inLanguage\":\"en-GB\",\"@id\":\"https:\/\/sklep.edudomo.pl\/#\/schema\/logo\/image\/\",\"url\":\"https:\/\/sklep.edudomo.pl\/wp-content\/uploads\/2019\/11\/cropped-logo-edudomo-sowa.jpg\",\"contentUrl\":\"https:\/\/sklep.edudomo.pl\/wp-content\/uploads\/2019\/11\/cropped-logo-edudomo-sowa.jpg\",\"width\":120,\"height\":120,\"caption\":\"EduDoMo\"},\"image\":{\"@id\":\"https:\/\/sklep.edudomo.pl\/#\/schema\/logo\/image\/\"}}]}<\/script>\n<!-- \/ Yoast SEO plugin. -->","yoast_head_json":{"title":"\u0141odzik. EduDoMo AMMONITE","robots":{"index":"index","follow":"follow","max-snippet":"max-snippet:-1","max-image-preview":"max-image-preview:large","max-video-preview":"max-video-preview:-1"},"canonical":"https:\/\/sklep.edudomo.pl\/en\/sklep\/lodzik-edudomo\/","og_locale":"en_GB","og_type":"article","og_title":"[:pl]\u0141odzik. EduDoMo AMMONITE[:] - sklep EduDoMo","og_description":"Ta uk\u0142adanka jest niezwyk\u0142a, bo to historia o sympatycznym \u0142odziku o nazwie Nuatilus. &#8211; specjalna rurka (syfon), to przewleczona przez otw\u00f3r czerwona nitka, kt\u00f3r\u0105 mo\u017cna uk\u0142ada\u0107 w rowku i opowiada\u0107 histori\u0119 o \u0142odziku. To puzzle w sk\u0142ad kt\u00f3rych wchodzi plansza z przekrojem amonita o wymiarach 23cm x 29cm oraz 13 element\u00f3w do u\u0142o\u017cenia &nbsp; TheRead More","og_url":"https:\/\/sklep.edudomo.pl\/en\/sklep\/lodzik-edudomo\/","og_site_name":"sklep EduDoMo","article_modified_time":"2025-11-25T17:44:28+00:00","og_image":[{"width":1081,"height":1081,"url":"https:\/\/sklep.edudomo.pl\/wp-content\/uploads\/2020\/08\/\u0142odzik-EduDoMo-2.jpg","type":"image\/jpeg"}],"twitter_card":"summary_large_image","twitter_misc":{"Estimated reading time":"1 minute"},"schema":{"@context":"https:\/\/schema.org","@graph":[{"@type":"WebPage","@id":"https:\/\/sklep.edudomo.pl\/sklep\/lodzik-edudomo\/","url":"https:\/\/sklep.edudomo.pl\/sklep\/lodzik-edudomo\/","name":"\u0141odzik. EduDoMo AMMONITE","isPartOf":{"@id":"https:\/\/sklep.edudomo.pl\/#website"},"primaryImageOfPage":{"@id":"https:\/\/sklep.edudomo.pl\/sklep\/lodzik-edudomo\/#primaryimage"},"image":{"@id":"https:\/\/sklep.edudomo.pl\/sklep\/lodzik-edudomo\/#primaryimage"},"thumbnailUrl":"https:\/\/sklep.edudomo.pl\/wp-content\/uploads\/2020\/08\/\u0142odzik-EduDoMo-2.jpg","datePublished":"2020-08-02T07:33:15+00:00","dateModified":"2025-11-25T17:44:28+00:00","breadcrumb":{"@id":"https:\/\/sklep.edudomo.pl\/sklep\/lodzik-edudomo\/#breadcrumb"},"inLanguage":"en-GB","potentialAction":[{"@type":"ReadAction","target":["https:\/\/sklep.edudomo.pl\/sklep\/lodzik-edudomo\/"]}]},{"@type":"ImageObject","inLanguage":"en-GB","@id":"https:\/\/sklep.edudomo.pl\/sklep\/lodzik-edudomo\/#primaryimage","url":"https:\/\/sklep.edudomo.pl\/wp-content\/uploads\/2020\/08\/\u0142odzik-EduDoMo-2.jpg","contentUrl":"https:\/\/sklep.edudomo.pl\/wp-content\/uploads\/2020\/08\/\u0142odzik-EduDoMo-2.jpg","width":1081,"height":1081},{"@type":"BreadcrumbList","@id":"https:\/\/sklep.edudomo.pl\/sklep\/lodzik-edudomo\/#breadcrumb","itemListElement":[{"@type":"ListItem","position":1,"name":"Strona g\u0142\u00f3wna","item":"https:\/\/sklep.edudomo.pl\/"},{"@type":"ListItem","position":2,"name":"Sklep","item":"https:\/\/sklep.edudomo.pl\/"},{"@type":"ListItem","position":3,"name":"\u0141odzik. EduDoMo AMMONITE"}]},{"@type":"WebSite","@id":"https:\/\/sklep.edudomo.pl\/#website","url":"https:\/\/sklep.edudomo.pl\/","name":"sklep EduDoMo","description":"Edukacja Domowa. Terapia. Wspieranie Talent&oacute;w","publisher":{"@id":"https:\/\/sklep.edudomo.pl\/#organization"},"potentialAction":[{"@type":"SearchAction","target":{"@type":"EntryPoint","urlTemplate":"https:\/\/sklep.edudomo.pl\/?s={search_term_string}"},"query-input":{"@type":"PropertyValueSpecification","valueRequired":true,"valueName":"search_term_string"}}],"inLanguage":"en-GB"},{"@type":"Organization","@id":"https:\/\/sklep.edudomo.pl\/#organization","name":"EduDoMo","url":"https:\/\/sklep.edudomo.pl\/","logo":{"@type":"ImageObject","inLanguage":"en-GB","@id":"https:\/\/sklep.edudomo.pl\/#\/schema\/logo\/image\/","url":"https:\/\/sklep.edudomo.pl\/wp-content\/uploads\/2019\/11\/cropped-logo-edudomo-sowa.jpg","contentUrl":"https:\/\/sklep.edudomo.pl\/wp-content\/uploads\/2019\/11\/cropped-logo-edudomo-sowa.jpg","width":120,"height":120,"caption":"EduDoMo"},"image":{"@id":"https:\/\/sklep.edudomo.pl\/#\/schema\/logo\/image\/"}}]}},"jetpack_sharing_enabled":true,"_links":{"self":[{"href":"https:\/\/sklep.edudomo.pl\/en\/wp-json\/wp\/v2\/product\/2479","targetHints":{"allow":["GET"]}}],"collection":[{"href":"https:\/\/sklep.edudomo.pl\/en\/wp-json\/wp\/v2\/product"}],"about":[{"href":"https:\/\/sklep.edudomo.pl\/en\/wp-json\/wp\/v2\/types\/product"}],"replies":[{"embeddable":true,"href":"https:\/\/sklep.edudomo.pl\/en\/wp-json\/wp\/v2\/comments?post=2479"}],"wp:featuredmedia":[{"embeddable":true,"href":"https:\/\/sklep.edudomo.pl\/en\/wp-json\/wp\/v2\/media\/2481"}],"wp:attachment":[{"href":"https:\/\/sklep.edudomo.pl\/en\/wp-json\/wp\/v2\/media?parent=2479"}],"wp:term":[{"taxonomy":"product_brand","embeddable":true,"href":"https:\/\/sklep.edudomo.pl\/en\/wp-json\/wp\/v2\/product_brand?post=2479"},{"taxonomy":"product_cat","embeddable":true,"href":"https:\/\/sklep.edudomo.pl\/en\/wp-json\/wp\/v2\/product_cat?post=2479"},{"taxonomy":"product_tag","embeddable":true,"href":"https:\/\/sklep.edudomo.pl\/en\/wp-json\/wp\/v2\/product_tag?post=2479"}],"curies":[{"name":"wp","href":"https:\/\/api.w.org\/{rel}","templated":true}]}}