{"id":2625,"date":"2020-09-21T20:55:54","date_gmt":"2020-09-21T20:55:54","guid":{"rendered":"https:\/\/sklep.edudomo.pl\/en\/?post_type=product&#038;p=2625"},"modified":"2023-06-12T18:53:44","modified_gmt":"2023-06-12T18:53:44","slug":"pudelko-edudomo","status":"publish","type":"product","link":"https:\/\/sklep.edudomo.pl\/en\/sklep\/pudelko-edudomo\/","title":{"rendered":"Pude\u0142ko EduDoMo"},"content":{"rendered":"<p>Pude\u0142ko EduDoMo, to dwa nak\u0142adaj\u0105ce na siebie pojemniki.<\/p>\n<p>G\u00f3rne z zasuwk\u0105 i z otworem po \u015brodku. Dolne z przegr\u00f3dk\u0105 wy\u015bcielone czerwonym i zielonym filcem.<\/p>\n<p>Jest to pomoc edukacyjna, kt\u00f3ra jest znakomitym narz\u0119dziem do wprowadzenia nauki rachunku prawdopodobie\u0144stwa.<\/p>\n<p>Gracz wrzuca 20 kul na zasuwk\u0119 a po odsuni\u0119ciu jej, kule wpadaj\u0105 przed otw\u00f3r i losowo wybieraj\u0105 jedn\u0105 z dw\u00f3ch przegr\u00f3dek.<\/p>\n<p>Zestaw zawiera:<\/p>\n<p>20 szklanych kolorowych kul<\/p>\n<p>2 pude\u0142ka<\/p>\n<p>&nbsp;<\/p>\n","protected":false},"excerpt":{"rendered":"<p>Pude\u0142ko EduDoMo, to dwa nak\u0142adaj\u0105ce na siebie pojemniki. G\u00f3rne z zasuwk\u0105 i z otworem po \u015brodku. Dolne z przegr\u00f3dk\u0105 wy\u015bcielone czerwonym i zielonym filcem. Jest to pomoc edukacyjna, kt\u00f3ra jest znakomitym narz\u0119dziem do wprowadzenia nauki rachunku prawdopodobie\u0144stwa. Gracz wrzuca 20 kul na zasuwk\u0119 a po odsuni\u0119ciu jej, kule wpadaj\u0105 przed otw\u00f3r i losowo wybieraj\u0105 jedn\u0105<span class=\"read-more-faq\"><a href=\"https:\/\/sklep.edudomo.pl\/en\/sklep\/pudelko-edudomo\/\">Read More<\/a><\/span><\/p>\n","protected":false},"featured_media":2627,"comment_status":"open","ping_status":"closed","template":"","meta":[],"product_brand":[],"product_cat":[85,86],"product_tag":[],"class_list":{"0":"post-2625","1":"product","2":"type-product","3":"status-publish","4":"has-post-thumbnail","6":"product_cat-eukacja-matematyczna","7":"product_cat-material-sensoryczny","8":"product_shipping_class-inpost-kurier-a","10":"first","11":"onbackorder","12":"taxable","13":"shipping-taxable","14":"purchasable","15":"product-type-simple"},"yoast_head":"<!-- This site is optimized with the Yoast SEO plugin v26.5 - https:\/\/yoast.com\/wordpress\/plugins\/seo\/ -->\n<title>Pude\u0142ko EduDoMo<\/title>\n<meta name=\"robots\" content=\"index, follow, max-snippet:-1, max-image-preview:large, max-video-preview:-1\" \/>\n<link rel=\"canonical\" href=\"https:\/\/sklep.edudomo.pl\/en\/sklep\/pudelko-edudomo\/\" \/>\n<meta property=\"og:locale\" content=\"en_GB\" \/>\n<meta property=\"og:locale:alternate\" content=\"pl_PL\" \/>\n<meta property=\"og:type\" content=\"article\" \/>\n<meta property=\"og:title\" content=\"Pude\u0142ko EduDoMo\" \/>\n<meta property=\"og:description\" content=\"Pude\u0142ko EduDoMo, to dwa nak\u0142adaj\u0105ce na siebie pojemniki. G\u00f3rne z zasuwk\u0105 i z otworem po \u015brodku. Dolne z przegr\u00f3dk\u0105 wy\u015bcielone czerwonym i zielonym filcem. Jest to pomoc edukacyjna, kt\u00f3ra jest znakomitym narz\u0119dziem do wprowadzenia nauki rachunku prawdopodobie\u0144stwa. Gracz wrzuca 20 kul na zasuwk\u0119 a po odsuni\u0119ciu jej, kule wpadaj\u0105 przed otw\u00f3r i losowo wybieraj\u0105 jedn\u0105Read More\" \/>\n<meta property=\"og:url\" content=\"https:\/\/sklep.edudomo.pl\/en\/sklep\/pudelko-edudomo\/\" \/>\n<meta property=\"og:site_name\" content=\"sklep EduDoMo\" \/>\n<meta property=\"article:modified_time\" content=\"2023-06-12T18:53:44+00:00\" \/>\n<meta property=\"og:image\" content=\"https:\/\/sklep.edudomo.pl\/wp-content\/uploads\/2020\/09\/IMG_0880.jpg\" \/>\n\t<meta property=\"og:image:width\" content=\"2191\" \/>\n\t<meta property=\"og:image:height\" content=\"2377\" \/>\n\t<meta property=\"og:image:type\" content=\"image\/jpeg\" \/>\n<meta name=\"twitter:card\" content=\"summary_large_image\" \/>\n<meta name=\"twitter:label1\" content=\"Estimated reading time\" \/>\n\t<meta name=\"twitter:data1\" content=\"1 minute\" \/>\n<script type=\"application\/ld+json\" class=\"yoast-schema-graph\">{\"@context\":\"https:\/\/schema.org\",\"@graph\":[{\"@type\":\"WebPage\",\"@id\":\"https:\/\/sklep.edudomo.pl\/sklep\/pudelko-edudomo\/\",\"url\":\"https:\/\/sklep.edudomo.pl\/sklep\/pudelko-edudomo\/\",\"name\":\"Pude\u0142ko EduDoMo\",\"isPartOf\":{\"@id\":\"https:\/\/sklep.edudomo.pl\/#website\"},\"primaryImageOfPage\":{\"@id\":\"https:\/\/sklep.edudomo.pl\/sklep\/pudelko-edudomo\/#primaryimage\"},\"image\":{\"@id\":\"https:\/\/sklep.edudomo.pl\/sklep\/pudelko-edudomo\/#primaryimage\"},\"thumbnailUrl\":\"https:\/\/sklep.edudomo.pl\/wp-content\/uploads\/2020\/09\/IMG_0880.jpg\",\"datePublished\":\"2020-09-21T20:55:54+00:00\",\"dateModified\":\"2023-06-12T18:53:44+00:00\",\"breadcrumb\":{\"@id\":\"https:\/\/sklep.edudomo.pl\/sklep\/pudelko-edudomo\/#breadcrumb\"},\"inLanguage\":\"en-GB\",\"potentialAction\":[{\"@type\":\"ReadAction\",\"target\":[\"https:\/\/sklep.edudomo.pl\/sklep\/pudelko-edudomo\/\"]}]},{\"@type\":\"ImageObject\",\"inLanguage\":\"en-GB\",\"@id\":\"https:\/\/sklep.edudomo.pl\/sklep\/pudelko-edudomo\/#primaryimage\",\"url\":\"https:\/\/sklep.edudomo.pl\/wp-content\/uploads\/2020\/09\/IMG_0880.jpg\",\"contentUrl\":\"https:\/\/sklep.edudomo.pl\/wp-content\/uploads\/2020\/09\/IMG_0880.jpg\",\"width\":2191,\"height\":2377,\"caption\":\"Pude\u0142ko EduDoMo\"},{\"@type\":\"BreadcrumbList\",\"@id\":\"https:\/\/sklep.edudomo.pl\/sklep\/pudelko-edudomo\/#breadcrumb\",\"itemListElement\":[{\"@type\":\"ListItem\",\"position\":1,\"name\":\"Strona g\u0142\u00f3wna\",\"item\":\"https:\/\/sklep.edudomo.pl\/\"},{\"@type\":\"ListItem\",\"position\":2,\"name\":\"Sklep\",\"item\":\"https:\/\/sklep.edudomo.pl\/\"},{\"@type\":\"ListItem\",\"position\":3,\"name\":\"Pude\u0142ko EduDoMo\"}]},{\"@type\":\"WebSite\",\"@id\":\"https:\/\/sklep.edudomo.pl\/#website\",\"url\":\"https:\/\/sklep.edudomo.pl\/\",\"name\":\"sklep EduDoMo\",\"description\":\"Edukacja Domowa. Terapia. Wspieranie Talent&oacute;w\",\"publisher\":{\"@id\":\"https:\/\/sklep.edudomo.pl\/#organization\"},\"potentialAction\":[{\"@type\":\"SearchAction\",\"target\":{\"@type\":\"EntryPoint\",\"urlTemplate\":\"https:\/\/sklep.edudomo.pl\/?s={search_term_string}\"},\"query-input\":{\"@type\":\"PropertyValueSpecification\",\"valueRequired\":true,\"valueName\":\"search_term_string\"}}],\"inLanguage\":\"en-GB\"},{\"@type\":\"Organization\",\"@id\":\"https:\/\/sklep.edudomo.pl\/#organization\",\"name\":\"EduDoMo\",\"url\":\"https:\/\/sklep.edudomo.pl\/\",\"logo\":{\"@type\":\"ImageObject\",\"inLanguage\":\"en-GB\",\"@id\":\"https:\/\/sklep.edudomo.pl\/#\/schema\/logo\/image\/\",\"url\":\"https:\/\/sklep.edudomo.pl\/wp-content\/uploads\/2019\/11\/cropped-logo-edudomo-sowa.jpg\",\"contentUrl\":\"https:\/\/sklep.edudomo.pl\/wp-content\/uploads\/2019\/11\/cropped-logo-edudomo-sowa.jpg\",\"width\":120,\"height\":120,\"caption\":\"EduDoMo\"},\"image\":{\"@id\":\"https:\/\/sklep.edudomo.pl\/#\/schema\/logo\/image\/\"}}]}<\/script>\n<!-- \/ Yoast SEO plugin. -->","yoast_head_json":{"title":"Pude\u0142ko EduDoMo","robots":{"index":"index","follow":"follow","max-snippet":"max-snippet:-1","max-image-preview":"max-image-preview:large","max-video-preview":"max-video-preview:-1"},"canonical":"https:\/\/sklep.edudomo.pl\/en\/sklep\/pudelko-edudomo\/","og_locale":"en_GB","og_type":"article","og_title":"[:pl]Pude\u0142ko EduDoMo[:en]Pude\u0142ko EduDoMo[:] - sklep EduDoMo","og_description":"Pude\u0142ko EduDoMo, to dwa nak\u0142adaj\u0105ce na siebie pojemniki. G\u00f3rne z zasuwk\u0105 i z otworem po \u015brodku. Dolne z przegr\u00f3dk\u0105 wy\u015bcielone czerwonym i zielonym filcem. Jest to pomoc edukacyjna, kt\u00f3ra jest znakomitym narz\u0119dziem do wprowadzenia nauki rachunku prawdopodobie\u0144stwa. Gracz wrzuca 20 kul na zasuwk\u0119 a po odsuni\u0119ciu jej, kule wpadaj\u0105 przed otw\u00f3r i losowo wybieraj\u0105 jedn\u0105Read More","og_url":"https:\/\/sklep.edudomo.pl\/en\/sklep\/pudelko-edudomo\/","og_site_name":"sklep EduDoMo","article_modified_time":"2023-06-12T18:53:44+00:00","og_image":[{"width":2191,"height":2377,"url":"https:\/\/sklep.edudomo.pl\/wp-content\/uploads\/2020\/09\/IMG_0880.jpg","type":"image\/jpeg"}],"twitter_card":"summary_large_image","twitter_misc":{"Estimated reading time":"1 minute"},"schema":{"@context":"https:\/\/schema.org","@graph":[{"@type":"WebPage","@id":"https:\/\/sklep.edudomo.pl\/sklep\/pudelko-edudomo\/","url":"https:\/\/sklep.edudomo.pl\/sklep\/pudelko-edudomo\/","name":"Pude\u0142ko EduDoMo","isPartOf":{"@id":"https:\/\/sklep.edudomo.pl\/#website"},"primaryImageOfPage":{"@id":"https:\/\/sklep.edudomo.pl\/sklep\/pudelko-edudomo\/#primaryimage"},"image":{"@id":"https:\/\/sklep.edudomo.pl\/sklep\/pudelko-edudomo\/#primaryimage"},"thumbnailUrl":"https:\/\/sklep.edudomo.pl\/wp-content\/uploads\/2020\/09\/IMG_0880.jpg","datePublished":"2020-09-21T20:55:54+00:00","dateModified":"2023-06-12T18:53:44+00:00","breadcrumb":{"@id":"https:\/\/sklep.edudomo.pl\/sklep\/pudelko-edudomo\/#breadcrumb"},"inLanguage":"en-GB","potentialAction":[{"@type":"ReadAction","target":["https:\/\/sklep.edudomo.pl\/sklep\/pudelko-edudomo\/"]}]},{"@type":"ImageObject","inLanguage":"en-GB","@id":"https:\/\/sklep.edudomo.pl\/sklep\/pudelko-edudomo\/#primaryimage","url":"https:\/\/sklep.edudomo.pl\/wp-content\/uploads\/2020\/09\/IMG_0880.jpg","contentUrl":"https:\/\/sklep.edudomo.pl\/wp-content\/uploads\/2020\/09\/IMG_0880.jpg","width":2191,"height":2377,"caption":"Pude\u0142ko EduDoMo"},{"@type":"BreadcrumbList","@id":"https:\/\/sklep.edudomo.pl\/sklep\/pudelko-edudomo\/#breadcrumb","itemListElement":[{"@type":"ListItem","position":1,"name":"Strona g\u0142\u00f3wna","item":"https:\/\/sklep.edudomo.pl\/"},{"@type":"ListItem","position":2,"name":"Sklep","item":"https:\/\/sklep.edudomo.pl\/"},{"@type":"ListItem","position":3,"name":"Pude\u0142ko EduDoMo"}]},{"@type":"WebSite","@id":"https:\/\/sklep.edudomo.pl\/#website","url":"https:\/\/sklep.edudomo.pl\/","name":"sklep EduDoMo","description":"Edukacja Domowa. Terapia. Wspieranie Talent&oacute;w","publisher":{"@id":"https:\/\/sklep.edudomo.pl\/#organization"},"potentialAction":[{"@type":"SearchAction","target":{"@type":"EntryPoint","urlTemplate":"https:\/\/sklep.edudomo.pl\/?s={search_term_string}"},"query-input":{"@type":"PropertyValueSpecification","valueRequired":true,"valueName":"search_term_string"}}],"inLanguage":"en-GB"},{"@type":"Organization","@id":"https:\/\/sklep.edudomo.pl\/#organization","name":"EduDoMo","url":"https:\/\/sklep.edudomo.pl\/","logo":{"@type":"ImageObject","inLanguage":"en-GB","@id":"https:\/\/sklep.edudomo.pl\/#\/schema\/logo\/image\/","url":"https:\/\/sklep.edudomo.pl\/wp-content\/uploads\/2019\/11\/cropped-logo-edudomo-sowa.jpg","contentUrl":"https:\/\/sklep.edudomo.pl\/wp-content\/uploads\/2019\/11\/cropped-logo-edudomo-sowa.jpg","width":120,"height":120,"caption":"EduDoMo"},"image":{"@id":"https:\/\/sklep.edudomo.pl\/#\/schema\/logo\/image\/"}}]}},"jetpack_sharing_enabled":true,"_links":{"self":[{"href":"https:\/\/sklep.edudomo.pl\/en\/wp-json\/wp\/v2\/product\/2625","targetHints":{"allow":["GET"]}}],"collection":[{"href":"https:\/\/sklep.edudomo.pl\/en\/wp-json\/wp\/v2\/product"}],"about":[{"href":"https:\/\/sklep.edudomo.pl\/en\/wp-json\/wp\/v2\/types\/product"}],"replies":[{"embeddable":true,"href":"https:\/\/sklep.edudomo.pl\/en\/wp-json\/wp\/v2\/comments?post=2625"}],"wp:featuredmedia":[{"embeddable":true,"href":"https:\/\/sklep.edudomo.pl\/en\/wp-json\/wp\/v2\/media\/2627"}],"wp:attachment":[{"href":"https:\/\/sklep.edudomo.pl\/en\/wp-json\/wp\/v2\/media?parent=2625"}],"wp:term":[{"taxonomy":"product_brand","embeddable":true,"href":"https:\/\/sklep.edudomo.pl\/en\/wp-json\/wp\/v2\/product_brand?post=2625"},{"taxonomy":"product_cat","embeddable":true,"href":"https:\/\/sklep.edudomo.pl\/en\/wp-json\/wp\/v2\/product_cat?post=2625"},{"taxonomy":"product_tag","embeddable":true,"href":"https:\/\/sklep.edudomo.pl\/en\/wp-json\/wp\/v2\/product_tag?post=2625"}],"curies":[{"name":"wp","href":"https:\/\/api.w.org\/{rel}","templated":true}]}}