{"id":3516,"date":"2020-12-10T22:04:10","date_gmt":"2020-12-10T22:04:10","guid":{"rendered":"https:\/\/sklep.edudomo.pl\/?post_type=product&#038;p=3516"},"modified":"2025-10-26T06:09:50","modified_gmt":"2025-10-26T06:09:50","slug":"chanukiah","status":"publish","type":"product","link":"https:\/\/sklep.edudomo.pl\/en\/sklep\/chanukiah\/","title":{"rendered":"Chanukiah"},"content":{"rendered":"<p>&nbsp;<\/p>\n<p>Chanukiah, puzzle RELIGIJNE. Uk\u0142adanka s\u0142u\u017cy do opowiada\u0144 oraz nauki kolejno\u015bci zapalania \u015bwiec.<\/p>\n<p><strong>Chanukija<\/strong> (<a href=\"https:\/\/pl.wikipedia.org\/wiki\/J%C4%99zyk_hebrajski\">hebr.<\/a>\u00a0\u200f\u05d7\u05e0\u05d5\u05db\u05d9\u05d4\u200e) \u2013 dziewi\u0119cioramienny \u015bwiecznik \u017cydowski zapalany podczas \u015bwi\u0119ta <a href=\"https:\/\/pl.wikipedia.org\/wiki\/Chanuka\">Chanuka<\/a>.<\/p>\n<p>Zgodnie z tradycj\u0105 chanukija powinna sta\u0107 przy drzwiach frontowych domu lub, gdy drzwi domu nie znajduj\u0105 si\u0119 na froncie, ustawiana jest na parapecie okna wychodz\u0105cego na ulic\u0119, tak, aby przechodnie mogli j\u0105 zobaczy\u0107.<\/p>\n<p>Chanuka trwa przez 8 dni, w czasie kt\u00f3rych zapala si\u0119 kolejne \u015bwieczki \u2013 po jednej na ka\u017cdy dzie\u0144.<\/p>\n<p>Jedna ze \u015bwiec \u2013 <em>Szamasz<\/em> \u2013 jest \u015bwiec\u0105 dodatkow\u0105, dziewi\u0105t\u0105, kt\u00f3r\u0105 zapala si\u0119 pozosta\u0142e. <em>Szamasz<\/em> powinien by\u0107 troch\u0119 oddalony od pozosta\u0142ych \u015bwieczek lub znajdowa\u0107 si\u0119 nieco powy\u017cej nich. \u015awiece zapalane s\u0105 o zmierzchu lub w chwili pojawienia si\u0119 pierwszych gwiazd na niebie (w przypadku stref podbiegunowych przyjmuje si\u0119 czas Jerozolimy).<\/p>\n<p>\u015awiece ustawiane s\u0105 nast\u0119puj\u0105co: najpierw <em>Szamasz<\/em>, nast\u0119pnie zaczyna si\u0119 od prawej strony. Ka\u017cdego dnia dostawia si\u0119 jedn\u0105 \u015bwieczk\u0119 wi\u0119cej w kolejno\u015bci od strony prawej do lewej. Zapala si\u0119 najpierw <em>Szamasz<\/em>, nast\u0119pnie \u015bwieczk\u0119 najbardziej po lewej stronie i zapala si\u0119 kolejne z prawej.<\/p>\n<p>Je\u017celi chanukija stoi przy drzwiach, najpierw dostawiamy \u015bwieczki najbli\u017cej drzwi.<\/p>\n<p>W <a href=\"https:\/\/pl.wikipedia.org\/wiki\/Synagoga\">synagodze<\/a> \u015bwiece chanukowe zapala si\u0119 mi\u0119dzy <em>Minch\u0105<\/em> a <em>Maariwem<\/em>, za\u015b chanukij\u0119 ustawia si\u0119 przy po\u0142udniowej \u015bcianie budynku, za\u015b \u015bwiece od strony wschodniej na zach\u00f3d. \u015awiece nale\u017cy zapala\u0107 przed zapalaniem \u015bwiec szabatowych i powinny by\u0107 one wystarczaj\u0105co d\u0142ugie (lub wystarczaj\u0105co pe\u0142ne oliwy) by nie zgas\u0142y przed ko\u0144cem nabo\u017ce\u0144stwa. Zapalanie \u015bwiec w sobot\u0119 wieczorem odbywa si\u0119 tu\u017c przed lub po <em>Hawdali<\/em> (modlitwie wieczornej w sobot\u0119 oznaczaj\u0105cej koniec <a href=\"https:\/\/pl.wikipedia.org\/wiki\/Szabat\">Szabatu<\/a>).<\/p>\n<p>Dobrze widziane jest, aby kobiety zapalaj\u0105ce \u015bwiece przez p\u00f3\u0142 godziny p\u00f3\u017aniej nie wykonywa\u0142y \u017cadnych prac. P\u0142omienia chanukiji nie wolno w \u017caden spos\u00f3b wykorzystywa\u0107, w <a href=\"https:\/\/pl.wikipedia.org\/wiki\/Szabat\">Szabat<\/a> trzeba r\u00f3wnie\u017c uwa\u017ca\u0107, by np. podmuch wiatru z otwieranych drzwi nie zdmuchn\u0105\u0142 p\u0142omieni. Tradycyjnie spo\u017cywa si\u0119 w czasie Chanuki produkty mleczne.<\/p>\n<p>-wielko\u015b\u0107 planszy 30cmX30cm<\/p>\n","protected":false},"excerpt":{"rendered":"<p>&nbsp; Chanukiah, puzzle RELIGIJNE. Uk\u0142adanka s\u0142u\u017cy do opowiada\u0144 oraz nauki kolejno\u015bci zapalania \u015bwiec. Chanukija (hebr.\u00a0\u200f\u05d7\u05e0\u05d5\u05db\u05d9\u05d4\u200e) \u2013 dziewi\u0119cioramienny \u015bwiecznik \u017cydowski zapalany podczas \u015bwi\u0119ta Chanuka. Zgodnie z tradycj\u0105 chanukija powinna sta\u0107 przy drzwiach frontowych domu lub, gdy drzwi domu nie znajduj\u0105 si\u0119 na froncie, ustawiana jest na parapecie okna wychodz\u0105cego na ulic\u0119, tak, aby przechodnie mogli j\u0105<span class=\"read-more-faq\"><a href=\"https:\/\/sklep.edudomo.pl\/en\/sklep\/chanukiah\/\">Read More<\/a><\/span><\/p>\n","protected":false},"featured_media":3517,"comment_status":"open","ping_status":"closed","template":"","meta":[],"product_brand":[],"product_cat":[111],"product_tag":[],"class_list":{"0":"post-3516","1":"product","2":"type-product","3":"status-publish","4":"has-post-thumbnail","6":"product_cat-religia","7":"product_shipping_class-inpost-kurier-a","9":"first","10":"onbackorder","11":"taxable","12":"shipping-taxable","13":"purchasable","14":"product-type-simple"},"yoast_head":"<!-- This site is optimized with the Yoast SEO plugin v26.5 - https:\/\/yoast.com\/wordpress\/plugins\/seo\/ -->\n<title>Chanukiah<\/title>\n<meta name=\"robots\" content=\"index, follow, max-snippet:-1, max-image-preview:large, max-video-preview:-1\" \/>\n<link rel=\"canonical\" href=\"https:\/\/sklep.edudomo.pl\/en\/sklep\/chanukiah\/\" \/>\n<meta property=\"og:locale\" content=\"en_GB\" \/>\n<meta property=\"og:locale:alternate\" content=\"pl_PL\" \/>\n<meta property=\"og:type\" content=\"article\" \/>\n<meta property=\"og:title\" content=\"Chanukiah\" \/>\n<meta property=\"og:description\" content=\"&nbsp; Chanukiah, puzzle RELIGIJNE. Uk\u0142adanka s\u0142u\u017cy do opowiada\u0144 oraz nauki kolejno\u015bci zapalania \u015bwiec. Chanukija (hebr.\u00a0\u200f\u05d7\u05e0\u05d5\u05db\u05d9\u05d4\u200e) \u2013 dziewi\u0119cioramienny \u015bwiecznik \u017cydowski zapalany podczas \u015bwi\u0119ta Chanuka. Zgodnie z tradycj\u0105 chanukija powinna sta\u0107 przy drzwiach frontowych domu lub, gdy drzwi domu nie znajduj\u0105 si\u0119 na froncie, ustawiana jest na parapecie okna wychodz\u0105cego na ulic\u0119, tak, aby przechodnie mogli j\u0105Read More\" \/>\n<meta property=\"og:url\" content=\"https:\/\/sklep.edudomo.pl\/en\/sklep\/chanukiah\/\" \/>\n<meta property=\"og:site_name\" content=\"sklep EduDoMo\" \/>\n<meta property=\"article:modified_time\" content=\"2025-10-26T06:09:50+00:00\" \/>\n<meta property=\"og:image\" content=\"https:\/\/sklep.edudomo.pl\/wp-content\/uploads\/2020\/12\/chanukija.jpeg\" \/>\n\t<meta property=\"og:image:width\" content=\"1440\" \/>\n\t<meta property=\"og:image:height\" content=\"1440\" \/>\n\t<meta property=\"og:image:type\" content=\"image\/jpeg\" \/>\n<meta name=\"twitter:card\" content=\"summary_large_image\" \/>\n<meta name=\"twitter:label1\" content=\"Estimated reading time\" \/>\n\t<meta name=\"twitter:data1\" content=\"2 minutes\" \/>\n<script type=\"application\/ld+json\" class=\"yoast-schema-graph\">{\"@context\":\"https:\/\/schema.org\",\"@graph\":[{\"@type\":\"WebPage\",\"@id\":\"https:\/\/sklep.edudomo.pl\/sklep\/chanukiah\/\",\"url\":\"https:\/\/sklep.edudomo.pl\/sklep\/chanukiah\/\",\"name\":\"Chanukiah\",\"isPartOf\":{\"@id\":\"https:\/\/sklep.edudomo.pl\/#website\"},\"primaryImageOfPage\":{\"@id\":\"https:\/\/sklep.edudomo.pl\/sklep\/chanukiah\/#primaryimage\"},\"image\":{\"@id\":\"https:\/\/sklep.edudomo.pl\/sklep\/chanukiah\/#primaryimage\"},\"thumbnailUrl\":\"https:\/\/sklep.edudomo.pl\/wp-content\/uploads\/2020\/12\/chanukija.jpeg\",\"datePublished\":\"2020-12-10T22:04:10+00:00\",\"dateModified\":\"2025-10-26T06:09:50+00:00\",\"breadcrumb\":{\"@id\":\"https:\/\/sklep.edudomo.pl\/sklep\/chanukiah\/#breadcrumb\"},\"inLanguage\":\"en-GB\",\"potentialAction\":[{\"@type\":\"ReadAction\",\"target\":[\"https:\/\/sklep.edudomo.pl\/sklep\/chanukiah\/\"]}]},{\"@type\":\"ImageObject\",\"inLanguage\":\"en-GB\",\"@id\":\"https:\/\/sklep.edudomo.pl\/sklep\/chanukiah\/#primaryimage\",\"url\":\"https:\/\/sklep.edudomo.pl\/wp-content\/uploads\/2020\/12\/chanukija.jpeg\",\"contentUrl\":\"https:\/\/sklep.edudomo.pl\/wp-content\/uploads\/2020\/12\/chanukija.jpeg\",\"width\":1440,\"height\":1440,\"caption\":\"Chanukiah, puzzle RELIGIJNE\"},{\"@type\":\"BreadcrumbList\",\"@id\":\"https:\/\/sklep.edudomo.pl\/sklep\/chanukiah\/#breadcrumb\",\"itemListElement\":[{\"@type\":\"ListItem\",\"position\":1,\"name\":\"Strona g\u0142\u00f3wna\",\"item\":\"https:\/\/sklep.edudomo.pl\/\"},{\"@type\":\"ListItem\",\"position\":2,\"name\":\"Sklep\",\"item\":\"https:\/\/sklep.edudomo.pl\/\"},{\"@type\":\"ListItem\",\"position\":3,\"name\":\"Chanukiah\"}]},{\"@type\":\"WebSite\",\"@id\":\"https:\/\/sklep.edudomo.pl\/#website\",\"url\":\"https:\/\/sklep.edudomo.pl\/\",\"name\":\"sklep EduDoMo\",\"description\":\"Edukacja Domowa. Terapia. Wspieranie Talent&oacute;w\",\"publisher\":{\"@id\":\"https:\/\/sklep.edudomo.pl\/#organization\"},\"potentialAction\":[{\"@type\":\"SearchAction\",\"target\":{\"@type\":\"EntryPoint\",\"urlTemplate\":\"https:\/\/sklep.edudomo.pl\/?s={search_term_string}\"},\"query-input\":{\"@type\":\"PropertyValueSpecification\",\"valueRequired\":true,\"valueName\":\"search_term_string\"}}],\"inLanguage\":\"en-GB\"},{\"@type\":\"Organization\",\"@id\":\"https:\/\/sklep.edudomo.pl\/#organization\",\"name\":\"EduDoMo\",\"url\":\"https:\/\/sklep.edudomo.pl\/\",\"logo\":{\"@type\":\"ImageObject\",\"inLanguage\":\"en-GB\",\"@id\":\"https:\/\/sklep.edudomo.pl\/#\/schema\/logo\/image\/\",\"url\":\"https:\/\/sklep.edudomo.pl\/wp-content\/uploads\/2019\/11\/cropped-logo-edudomo-sowa.jpg\",\"contentUrl\":\"https:\/\/sklep.edudomo.pl\/wp-content\/uploads\/2019\/11\/cropped-logo-edudomo-sowa.jpg\",\"width\":120,\"height\":120,\"caption\":\"EduDoMo\"},\"image\":{\"@id\":\"https:\/\/sklep.edudomo.pl\/#\/schema\/logo\/image\/\"}}]}<\/script>\n<!-- \/ Yoast SEO plugin. -->","yoast_head_json":{"title":"Chanukiah","robots":{"index":"index","follow":"follow","max-snippet":"max-snippet:-1","max-image-preview":"max-image-preview:large","max-video-preview":"max-video-preview:-1"},"canonical":"https:\/\/sklep.edudomo.pl\/en\/sklep\/chanukiah\/","og_locale":"en_GB","og_type":"article","og_title":"[:pl]Chanukiah[:] - sklep EduDoMo","og_description":"&nbsp; Chanukiah, puzzle RELIGIJNE. Uk\u0142adanka s\u0142u\u017cy do opowiada\u0144 oraz nauki kolejno\u015bci zapalania \u015bwiec. Chanukija (hebr.\u00a0\u200f\u05d7\u05e0\u05d5\u05db\u05d9\u05d4\u200e) \u2013 dziewi\u0119cioramienny \u015bwiecznik \u017cydowski zapalany podczas \u015bwi\u0119ta Chanuka. Zgodnie z tradycj\u0105 chanukija powinna sta\u0107 przy drzwiach frontowych domu lub, gdy drzwi domu nie znajduj\u0105 si\u0119 na froncie, ustawiana jest na parapecie okna wychodz\u0105cego na ulic\u0119, tak, aby przechodnie mogli j\u0105Read More","og_url":"https:\/\/sklep.edudomo.pl\/en\/sklep\/chanukiah\/","og_site_name":"sklep EduDoMo","article_modified_time":"2025-10-26T06:09:50+00:00","og_image":[{"width":1440,"height":1440,"url":"https:\/\/sklep.edudomo.pl\/wp-content\/uploads\/2020\/12\/chanukija.jpeg","type":"image\/jpeg"}],"twitter_card":"summary_large_image","twitter_misc":{"Estimated reading time":"2 minutes"},"schema":{"@context":"https:\/\/schema.org","@graph":[{"@type":"WebPage","@id":"https:\/\/sklep.edudomo.pl\/sklep\/chanukiah\/","url":"https:\/\/sklep.edudomo.pl\/sklep\/chanukiah\/","name":"Chanukiah","isPartOf":{"@id":"https:\/\/sklep.edudomo.pl\/#website"},"primaryImageOfPage":{"@id":"https:\/\/sklep.edudomo.pl\/sklep\/chanukiah\/#primaryimage"},"image":{"@id":"https:\/\/sklep.edudomo.pl\/sklep\/chanukiah\/#primaryimage"},"thumbnailUrl":"https:\/\/sklep.edudomo.pl\/wp-content\/uploads\/2020\/12\/chanukija.jpeg","datePublished":"2020-12-10T22:04:10+00:00","dateModified":"2025-10-26T06:09:50+00:00","breadcrumb":{"@id":"https:\/\/sklep.edudomo.pl\/sklep\/chanukiah\/#breadcrumb"},"inLanguage":"en-GB","potentialAction":[{"@type":"ReadAction","target":["https:\/\/sklep.edudomo.pl\/sklep\/chanukiah\/"]}]},{"@type":"ImageObject","inLanguage":"en-GB","@id":"https:\/\/sklep.edudomo.pl\/sklep\/chanukiah\/#primaryimage","url":"https:\/\/sklep.edudomo.pl\/wp-content\/uploads\/2020\/12\/chanukija.jpeg","contentUrl":"https:\/\/sklep.edudomo.pl\/wp-content\/uploads\/2020\/12\/chanukija.jpeg","width":1440,"height":1440,"caption":"Chanukiah, puzzle RELIGIJNE"},{"@type":"BreadcrumbList","@id":"https:\/\/sklep.edudomo.pl\/sklep\/chanukiah\/#breadcrumb","itemListElement":[{"@type":"ListItem","position":1,"name":"Strona g\u0142\u00f3wna","item":"https:\/\/sklep.edudomo.pl\/"},{"@type":"ListItem","position":2,"name":"Sklep","item":"https:\/\/sklep.edudomo.pl\/"},{"@type":"ListItem","position":3,"name":"Chanukiah"}]},{"@type":"WebSite","@id":"https:\/\/sklep.edudomo.pl\/#website","url":"https:\/\/sklep.edudomo.pl\/","name":"sklep EduDoMo","description":"Edukacja Domowa. Terapia. Wspieranie Talent&oacute;w","publisher":{"@id":"https:\/\/sklep.edudomo.pl\/#organization"},"potentialAction":[{"@type":"SearchAction","target":{"@type":"EntryPoint","urlTemplate":"https:\/\/sklep.edudomo.pl\/?s={search_term_string}"},"query-input":{"@type":"PropertyValueSpecification","valueRequired":true,"valueName":"search_term_string"}}],"inLanguage":"en-GB"},{"@type":"Organization","@id":"https:\/\/sklep.edudomo.pl\/#organization","name":"EduDoMo","url":"https:\/\/sklep.edudomo.pl\/","logo":{"@type":"ImageObject","inLanguage":"en-GB","@id":"https:\/\/sklep.edudomo.pl\/#\/schema\/logo\/image\/","url":"https:\/\/sklep.edudomo.pl\/wp-content\/uploads\/2019\/11\/cropped-logo-edudomo-sowa.jpg","contentUrl":"https:\/\/sklep.edudomo.pl\/wp-content\/uploads\/2019\/11\/cropped-logo-edudomo-sowa.jpg","width":120,"height":120,"caption":"EduDoMo"},"image":{"@id":"https:\/\/sklep.edudomo.pl\/#\/schema\/logo\/image\/"}}]}},"jetpack_sharing_enabled":true,"_links":{"self":[{"href":"https:\/\/sklep.edudomo.pl\/en\/wp-json\/wp\/v2\/product\/3516","targetHints":{"allow":["GET"]}}],"collection":[{"href":"https:\/\/sklep.edudomo.pl\/en\/wp-json\/wp\/v2\/product"}],"about":[{"href":"https:\/\/sklep.edudomo.pl\/en\/wp-json\/wp\/v2\/types\/product"}],"replies":[{"embeddable":true,"href":"https:\/\/sklep.edudomo.pl\/en\/wp-json\/wp\/v2\/comments?post=3516"}],"wp:featuredmedia":[{"embeddable":true,"href":"https:\/\/sklep.edudomo.pl\/en\/wp-json\/wp\/v2\/media\/3517"}],"wp:attachment":[{"href":"https:\/\/sklep.edudomo.pl\/en\/wp-json\/wp\/v2\/media?parent=3516"}],"wp:term":[{"taxonomy":"product_brand","embeddable":true,"href":"https:\/\/sklep.edudomo.pl\/en\/wp-json\/wp\/v2\/product_brand?post=3516"},{"taxonomy":"product_cat","embeddable":true,"href":"https:\/\/sklep.edudomo.pl\/en\/wp-json\/wp\/v2\/product_cat?post=3516"},{"taxonomy":"product_tag","embeddable":true,"href":"https:\/\/sklep.edudomo.pl\/en\/wp-json\/wp\/v2\/product_tag?post=3516"}],"curies":[{"name":"wp","href":"https:\/\/api.w.org\/{rel}","templated":true}]}}