{"id":3527,"date":"2020-12-13T07:34:59","date_gmt":"2020-12-13T07:34:59","guid":{"rendered":"https:\/\/sklep.edudomo.pl\/?post_type=product&#038;p=3527"},"modified":"2025-10-26T06:09:50","modified_gmt":"2025-10-26T06:09:50","slug":"czerwone-trojkaty-montessori","status":"publish","type":"product","link":"https:\/\/sklep.edudomo.pl\/en\/sklep\/czerwone-trojkaty-montessori\/","title":{"rendered":"Czerwone tr\u00f3jk\u0105ty Montessori"},"content":{"rendered":"<p>Czerwone tr\u00f3jk\u0105ty Montessori w\u00a0 ramkach, z kt\u00f3rych 3 s\u0105 podzielone na cz\u0119\u015bci a jedno ca\u0142e.<\/p>\n<p>Pomoc s\u0142u\u017cy do przedstawienia i wprowadzenia poj\u0119\u0107: &#8220;przystawanie&#8221;, &#8220;podobie\u0144stwo&#8221;, &#8220;r\u00f3wnowa\u017cno\u015b\u0107&#8221;<br \/>\n-elementy s\u0105 wykonane z drewna i s\u0105 minimalnie mniejsze od ramek, aby mo\u017cna by\u0142o nimi manipulowa\u0107<\/p>\n<p>Pomoc przeznaczona jest dla wykwalifikowanych nauczycieli i nie zawiera instrukcji!<\/p>\n","protected":false},"excerpt":{"rendered":"<p>Czerwone tr\u00f3jk\u0105ty Montessori w\u00a0 ramkach, z kt\u00f3rych 3 s\u0105 podzielone na cz\u0119\u015bci a jedno ca\u0142e. Pomoc s\u0142u\u017cy do przedstawienia i wprowadzenia poj\u0119\u0107: &#8220;przystawanie&#8221;, &#8220;podobie\u0144stwo&#8221;, &#8220;r\u00f3wnowa\u017cno\u015b\u0107&#8221; -elementy s\u0105 wykonane z drewna i s\u0105 minimalnie mniejsze od ramek, aby mo\u017cna by\u0142o nimi manipulowa\u0107 Pomoc przeznaczona jest dla wykwalifikowanych nauczycieli i nie zawiera instrukcji!<\/p>\n","protected":false},"featured_media":4441,"comment_status":"open","ping_status":"closed","template":"","meta":[],"product_brand":[],"product_cat":[85],"product_tag":[],"class_list":{"0":"post-3527","1":"product","2":"type-product","3":"status-publish","4":"has-post-thumbnail","6":"product_cat-eukacja-matematyczna","7":"product_shipping_class-inpost-kurier-a","9":"first","10":"onbackorder","11":"taxable","12":"shipping-taxable","13":"purchasable","14":"product-type-simple"},"yoast_head":"<!-- This site is optimized with the Yoast SEO plugin v26.5 - https:\/\/yoast.com\/wordpress\/plugins\/seo\/ -->\n<title>Czerwone tr\u00f3jk\u0105ty Montessori<\/title>\n<meta name=\"robots\" content=\"index, follow, max-snippet:-1, max-image-preview:large, max-video-preview:-1\" \/>\n<link rel=\"canonical\" href=\"https:\/\/sklep.edudomo.pl\/en\/sklep\/czerwone-trojkaty-montessori\/\" \/>\n<meta property=\"og:locale\" content=\"en_GB\" \/>\n<meta property=\"og:locale:alternate\" content=\"pl_PL\" \/>\n<meta property=\"og:type\" content=\"article\" \/>\n<meta property=\"og:title\" content=\"Czerwone tr\u00f3jk\u0105ty Montessori\" \/>\n<meta property=\"og:description\" content=\"Czerwone tr\u00f3jk\u0105ty Montessori w\u00a0 ramkach, z kt\u00f3rych 3 s\u0105 podzielone na cz\u0119\u015bci a jedno ca\u0142e. Pomoc s\u0142u\u017cy do przedstawienia i wprowadzenia poj\u0119\u0107: &#8220;przystawanie&#8221;, &#8220;podobie\u0144stwo&#8221;, &#8220;r\u00f3wnowa\u017cno\u015b\u0107&#8221; -elementy s\u0105 wykonane z drewna i s\u0105 minimalnie mniejsze od ramek, aby mo\u017cna by\u0142o nimi manipulowa\u0107 Pomoc przeznaczona jest dla wykwalifikowanych nauczycieli i nie zawiera instrukcji!\" \/>\n<meta property=\"og:url\" content=\"https:\/\/sklep.edudomo.pl\/en\/sklep\/czerwone-trojkaty-montessori\/\" \/>\n<meta property=\"og:site_name\" content=\"sklep EduDoMo\" \/>\n<meta property=\"article:modified_time\" content=\"2025-10-26T06:09:50+00:00\" \/>\n<meta property=\"og:image\" content=\"https:\/\/sklep.edudomo.pl\/wp-content\/uploads\/2020\/12\/trojkaty.jpg\" \/>\n\t<meta property=\"og:image:width\" content=\"640\" \/>\n\t<meta property=\"og:image:height\" content=\"448\" \/>\n\t<meta property=\"og:image:type\" content=\"image\/jpeg\" \/>\n<meta name=\"twitter:card\" content=\"summary_large_image\" \/>\n<meta name=\"twitter:label1\" content=\"Estimated reading time\" \/>\n\t<meta name=\"twitter:data1\" content=\"1 minute\" \/>\n<script type=\"application\/ld+json\" class=\"yoast-schema-graph\">{\"@context\":\"https:\/\/schema.org\",\"@graph\":[{\"@type\":\"WebPage\",\"@id\":\"https:\/\/sklep.edudomo.pl\/sklep\/czerwone-trojkaty-montessori\/\",\"url\":\"https:\/\/sklep.edudomo.pl\/sklep\/czerwone-trojkaty-montessori\/\",\"name\":\"Czerwone tr\u00f3jk\u0105ty Montessori\",\"isPartOf\":{\"@id\":\"https:\/\/sklep.edudomo.pl\/#website\"},\"primaryImageOfPage\":{\"@id\":\"https:\/\/sklep.edudomo.pl\/sklep\/czerwone-trojkaty-montessori\/#primaryimage\"},\"image\":{\"@id\":\"https:\/\/sklep.edudomo.pl\/sklep\/czerwone-trojkaty-montessori\/#primaryimage\"},\"thumbnailUrl\":\"https:\/\/sklep.edudomo.pl\/wp-content\/uploads\/2020\/12\/trojkaty.jpg\",\"datePublished\":\"2020-12-13T07:34:59+00:00\",\"dateModified\":\"2025-10-26T06:09:50+00:00\",\"breadcrumb\":{\"@id\":\"https:\/\/sklep.edudomo.pl\/sklep\/czerwone-trojkaty-montessori\/#breadcrumb\"},\"inLanguage\":\"en-GB\",\"potentialAction\":[{\"@type\":\"ReadAction\",\"target\":[\"https:\/\/sklep.edudomo.pl\/sklep\/czerwone-trojkaty-montessori\/\"]}]},{\"@type\":\"ImageObject\",\"inLanguage\":\"en-GB\",\"@id\":\"https:\/\/sklep.edudomo.pl\/sklep\/czerwone-trojkaty-montessori\/#primaryimage\",\"url\":\"https:\/\/sklep.edudomo.pl\/wp-content\/uploads\/2020\/12\/trojkaty.jpg\",\"contentUrl\":\"https:\/\/sklep.edudomo.pl\/wp-content\/uploads\/2020\/12\/trojkaty.jpg\",\"width\":640,\"height\":448,\"caption\":\"Czerwone tr\u00f3jk\u0105ty Montessori\"},{\"@type\":\"BreadcrumbList\",\"@id\":\"https:\/\/sklep.edudomo.pl\/sklep\/czerwone-trojkaty-montessori\/#breadcrumb\",\"itemListElement\":[{\"@type\":\"ListItem\",\"position\":1,\"name\":\"Strona g\u0142\u00f3wna\",\"item\":\"https:\/\/sklep.edudomo.pl\/\"},{\"@type\":\"ListItem\",\"position\":2,\"name\":\"Sklep\",\"item\":\"https:\/\/sklep.edudomo.pl\/\"},{\"@type\":\"ListItem\",\"position\":3,\"name\":\"Czerwone tr\u00f3jk\u0105ty Montessori\"}]},{\"@type\":\"WebSite\",\"@id\":\"https:\/\/sklep.edudomo.pl\/#website\",\"url\":\"https:\/\/sklep.edudomo.pl\/\",\"name\":\"sklep EduDoMo\",\"description\":\"Edukacja Domowa. Terapia. Wspieranie Talent&oacute;w\",\"publisher\":{\"@id\":\"https:\/\/sklep.edudomo.pl\/#organization\"},\"potentialAction\":[{\"@type\":\"SearchAction\",\"target\":{\"@type\":\"EntryPoint\",\"urlTemplate\":\"https:\/\/sklep.edudomo.pl\/?s={search_term_string}\"},\"query-input\":{\"@type\":\"PropertyValueSpecification\",\"valueRequired\":true,\"valueName\":\"search_term_string\"}}],\"inLanguage\":\"en-GB\"},{\"@type\":\"Organization\",\"@id\":\"https:\/\/sklep.edudomo.pl\/#organization\",\"name\":\"EduDoMo\",\"url\":\"https:\/\/sklep.edudomo.pl\/\",\"logo\":{\"@type\":\"ImageObject\",\"inLanguage\":\"en-GB\",\"@id\":\"https:\/\/sklep.edudomo.pl\/#\/schema\/logo\/image\/\",\"url\":\"https:\/\/sklep.edudomo.pl\/wp-content\/uploads\/2019\/11\/cropped-logo-edudomo-sowa.jpg\",\"contentUrl\":\"https:\/\/sklep.edudomo.pl\/wp-content\/uploads\/2019\/11\/cropped-logo-edudomo-sowa.jpg\",\"width\":120,\"height\":120,\"caption\":\"EduDoMo\"},\"image\":{\"@id\":\"https:\/\/sklep.edudomo.pl\/#\/schema\/logo\/image\/\"}}]}<\/script>\n<!-- \/ Yoast SEO plugin. -->","yoast_head_json":{"title":"Czerwone tr\u00f3jk\u0105ty Montessori","robots":{"index":"index","follow":"follow","max-snippet":"max-snippet:-1","max-image-preview":"max-image-preview:large","max-video-preview":"max-video-preview:-1"},"canonical":"https:\/\/sklep.edudomo.pl\/en\/sklep\/czerwone-trojkaty-montessori\/","og_locale":"en_GB","og_type":"article","og_title":"[:pl]Czerwone tr\u00f3jk\u0105ty Montessori[:] - sklep EduDoMo","og_description":"Czerwone tr\u00f3jk\u0105ty Montessori w\u00a0 ramkach, z kt\u00f3rych 3 s\u0105 podzielone na cz\u0119\u015bci a jedno ca\u0142e. Pomoc s\u0142u\u017cy do przedstawienia i wprowadzenia poj\u0119\u0107: &#8220;przystawanie&#8221;, &#8220;podobie\u0144stwo&#8221;, &#8220;r\u00f3wnowa\u017cno\u015b\u0107&#8221; -elementy s\u0105 wykonane z drewna i s\u0105 minimalnie mniejsze od ramek, aby mo\u017cna by\u0142o nimi manipulowa\u0107 Pomoc przeznaczona jest dla wykwalifikowanych nauczycieli i nie zawiera instrukcji!","og_url":"https:\/\/sklep.edudomo.pl\/en\/sklep\/czerwone-trojkaty-montessori\/","og_site_name":"sklep EduDoMo","article_modified_time":"2025-10-26T06:09:50+00:00","og_image":[{"width":640,"height":448,"url":"https:\/\/sklep.edudomo.pl\/wp-content\/uploads\/2020\/12\/trojkaty.jpg","type":"image\/jpeg"}],"twitter_card":"summary_large_image","twitter_misc":{"Estimated reading time":"1 minute"},"schema":{"@context":"https:\/\/schema.org","@graph":[{"@type":"WebPage","@id":"https:\/\/sklep.edudomo.pl\/sklep\/czerwone-trojkaty-montessori\/","url":"https:\/\/sklep.edudomo.pl\/sklep\/czerwone-trojkaty-montessori\/","name":"Czerwone tr\u00f3jk\u0105ty Montessori","isPartOf":{"@id":"https:\/\/sklep.edudomo.pl\/#website"},"primaryImageOfPage":{"@id":"https:\/\/sklep.edudomo.pl\/sklep\/czerwone-trojkaty-montessori\/#primaryimage"},"image":{"@id":"https:\/\/sklep.edudomo.pl\/sklep\/czerwone-trojkaty-montessori\/#primaryimage"},"thumbnailUrl":"https:\/\/sklep.edudomo.pl\/wp-content\/uploads\/2020\/12\/trojkaty.jpg","datePublished":"2020-12-13T07:34:59+00:00","dateModified":"2025-10-26T06:09:50+00:00","breadcrumb":{"@id":"https:\/\/sklep.edudomo.pl\/sklep\/czerwone-trojkaty-montessori\/#breadcrumb"},"inLanguage":"en-GB","potentialAction":[{"@type":"ReadAction","target":["https:\/\/sklep.edudomo.pl\/sklep\/czerwone-trojkaty-montessori\/"]}]},{"@type":"ImageObject","inLanguage":"en-GB","@id":"https:\/\/sklep.edudomo.pl\/sklep\/czerwone-trojkaty-montessori\/#primaryimage","url":"https:\/\/sklep.edudomo.pl\/wp-content\/uploads\/2020\/12\/trojkaty.jpg","contentUrl":"https:\/\/sklep.edudomo.pl\/wp-content\/uploads\/2020\/12\/trojkaty.jpg","width":640,"height":448,"caption":"Czerwone tr\u00f3jk\u0105ty Montessori"},{"@type":"BreadcrumbList","@id":"https:\/\/sklep.edudomo.pl\/sklep\/czerwone-trojkaty-montessori\/#breadcrumb","itemListElement":[{"@type":"ListItem","position":1,"name":"Strona g\u0142\u00f3wna","item":"https:\/\/sklep.edudomo.pl\/"},{"@type":"ListItem","position":2,"name":"Sklep","item":"https:\/\/sklep.edudomo.pl\/"},{"@type":"ListItem","position":3,"name":"Czerwone tr\u00f3jk\u0105ty Montessori"}]},{"@type":"WebSite","@id":"https:\/\/sklep.edudomo.pl\/#website","url":"https:\/\/sklep.edudomo.pl\/","name":"sklep EduDoMo","description":"Edukacja Domowa. Terapia. Wspieranie Talent&oacute;w","publisher":{"@id":"https:\/\/sklep.edudomo.pl\/#organization"},"potentialAction":[{"@type":"SearchAction","target":{"@type":"EntryPoint","urlTemplate":"https:\/\/sklep.edudomo.pl\/?s={search_term_string}"},"query-input":{"@type":"PropertyValueSpecification","valueRequired":true,"valueName":"search_term_string"}}],"inLanguage":"en-GB"},{"@type":"Organization","@id":"https:\/\/sklep.edudomo.pl\/#organization","name":"EduDoMo","url":"https:\/\/sklep.edudomo.pl\/","logo":{"@type":"ImageObject","inLanguage":"en-GB","@id":"https:\/\/sklep.edudomo.pl\/#\/schema\/logo\/image\/","url":"https:\/\/sklep.edudomo.pl\/wp-content\/uploads\/2019\/11\/cropped-logo-edudomo-sowa.jpg","contentUrl":"https:\/\/sklep.edudomo.pl\/wp-content\/uploads\/2019\/11\/cropped-logo-edudomo-sowa.jpg","width":120,"height":120,"caption":"EduDoMo"},"image":{"@id":"https:\/\/sklep.edudomo.pl\/#\/schema\/logo\/image\/"}}]}},"jetpack_sharing_enabled":true,"_links":{"self":[{"href":"https:\/\/sklep.edudomo.pl\/en\/wp-json\/wp\/v2\/product\/3527","targetHints":{"allow":["GET"]}}],"collection":[{"href":"https:\/\/sklep.edudomo.pl\/en\/wp-json\/wp\/v2\/product"}],"about":[{"href":"https:\/\/sklep.edudomo.pl\/en\/wp-json\/wp\/v2\/types\/product"}],"replies":[{"embeddable":true,"href":"https:\/\/sklep.edudomo.pl\/en\/wp-json\/wp\/v2\/comments?post=3527"}],"wp:featuredmedia":[{"embeddable":true,"href":"https:\/\/sklep.edudomo.pl\/en\/wp-json\/wp\/v2\/media\/4441"}],"wp:attachment":[{"href":"https:\/\/sklep.edudomo.pl\/en\/wp-json\/wp\/v2\/media?parent=3527"}],"wp:term":[{"taxonomy":"product_brand","embeddable":true,"href":"https:\/\/sklep.edudomo.pl\/en\/wp-json\/wp\/v2\/product_brand?post=3527"},{"taxonomy":"product_cat","embeddable":true,"href":"https:\/\/sklep.edudomo.pl\/en\/wp-json\/wp\/v2\/product_cat?post=3527"},{"taxonomy":"product_tag","embeddable":true,"href":"https:\/\/sklep.edudomo.pl\/en\/wp-json\/wp\/v2\/product_tag?post=3527"}],"curies":[{"name":"wp","href":"https:\/\/api.w.org\/{rel}","templated":true}]}}