{"id":3567,"date":"2020-12-17T12:00:46","date_gmt":"2020-12-17T12:00:46","guid":{"rendered":"https:\/\/sklep.edudomo.pl\/?post_type=product&#038;p=3567"},"modified":"2025-11-25T17:26:55","modified_gmt":"2025-11-25T17:26:55","slug":"twierdzenie-pitagorasa-przypadek-3","status":"publish","type":"product","link":"https:\/\/sklep.edudomo.pl\/en\/sklep\/twierdzenie-pitagorasa-przypadek-3\/","title":{"rendered":"Twierdzenie Pitagorasa. przypadek 3"},"content":{"rendered":"<p>Twierdzenie Pitagorasa. przypadek 3<br \/>\n-na prostok\u0105tnej tablicy uk\u0142adane s\u0105 wy\u017csze elementy wykonane z drewna i s\u0105 minimalnie mniejsze od ramek, aby mo\u017cna by\u0142o nimi manipulowa\u0107<br \/>\nPomoc przeznaczona jest dla wykwalifikowanych nauczycieli i nie zawiera instrukcji!<\/p>\n","protected":false},"excerpt":{"rendered":"<p>Twierdzenie Pitagorasa. przypadek 3 -na prostok\u0105tnej tablicy uk\u0142adane s\u0105 wy\u017csze elementy wykonane z drewna i s\u0105 minimalnie mniejsze od ramek, aby mo\u017cna by\u0142o nimi manipulowa\u0107 Pomoc przeznaczona jest dla wykwalifikowanych nauczycieli i nie zawiera instrukcji!<\/p>\n","protected":false},"featured_media":3568,"comment_status":"open","ping_status":"closed","template":"","meta":[],"product_brand":[],"product_cat":[85],"product_tag":[],"class_list":{"0":"post-3567","1":"product","2":"type-product","3":"status-publish","4":"has-post-thumbnail","6":"product_cat-eukacja-matematyczna","7":"product_shipping_class-inpost-kurier-a","9":"first","10":"onbackorder","11":"taxable","12":"shipping-taxable","13":"purchasable","14":"product-type-simple"},"yoast_head":"<!-- This site is optimized with the Yoast SEO plugin v26.5 - https:\/\/yoast.com\/wordpress\/plugins\/seo\/ -->\n<title>Twierdzenie Pitagorasa. przypadek 3<\/title>\n<meta name=\"robots\" content=\"index, follow, max-snippet:-1, max-image-preview:large, max-video-preview:-1\" \/>\n<link rel=\"canonical\" href=\"https:\/\/sklep.edudomo.pl\/en\/sklep\/twierdzenie-pitagorasa-przypadek-3\/\" \/>\n<meta property=\"og:locale\" content=\"en_GB\" \/>\n<meta property=\"og:locale:alternate\" content=\"pl_PL\" \/>\n<meta property=\"og:type\" content=\"article\" \/>\n<meta property=\"og:title\" content=\"Twierdzenie Pitagorasa. przypadek 3\" \/>\n<meta property=\"og:description\" content=\"Twierdzenie Pitagorasa. przypadek 3 -na prostok\u0105tnej tablicy uk\u0142adane s\u0105 wy\u017csze elementy wykonane z drewna i s\u0105 minimalnie mniejsze od ramek, aby mo\u017cna by\u0142o nimi manipulowa\u0107 Pomoc przeznaczona jest dla wykwalifikowanych nauczycieli i nie zawiera instrukcji!\" \/>\n<meta property=\"og:url\" content=\"https:\/\/sklep.edudomo.pl\/en\/sklep\/twierdzenie-pitagorasa-przypadek-3\/\" \/>\n<meta property=\"og:site_name\" content=\"sklep EduDoMo\" \/>\n<meta property=\"article:modified_time\" content=\"2025-11-25T17:26:55+00:00\" \/>\n<meta property=\"og:image\" content=\"https:\/\/sklep.edudomo.pl\/wp-content\/uploads\/2020\/12\/pitagoras-3.jpg\" \/>\n\t<meta property=\"og:image:width\" content=\"2241\" \/>\n\t<meta property=\"og:image:height\" content=\"1279\" \/>\n\t<meta property=\"og:image:type\" content=\"image\/jpeg\" \/>\n<meta name=\"twitter:card\" content=\"summary_large_image\" \/>\n<script type=\"application\/ld+json\" class=\"yoast-schema-graph\">{\"@context\":\"https:\/\/schema.org\",\"@graph\":[{\"@type\":\"WebPage\",\"@id\":\"https:\/\/sklep.edudomo.pl\/sklep\/twierdzenie-pitagorasa-przypadek-3\/\",\"url\":\"https:\/\/sklep.edudomo.pl\/sklep\/twierdzenie-pitagorasa-przypadek-3\/\",\"name\":\"Twierdzenie Pitagorasa. przypadek 3\",\"isPartOf\":{\"@id\":\"https:\/\/sklep.edudomo.pl\/#website\"},\"primaryImageOfPage\":{\"@id\":\"https:\/\/sklep.edudomo.pl\/sklep\/twierdzenie-pitagorasa-przypadek-3\/#primaryimage\"},\"image\":{\"@id\":\"https:\/\/sklep.edudomo.pl\/sklep\/twierdzenie-pitagorasa-przypadek-3\/#primaryimage\"},\"thumbnailUrl\":\"https:\/\/sklep.edudomo.pl\/wp-content\/uploads\/2020\/12\/pitagoras-3.jpg\",\"datePublished\":\"2020-12-17T12:00:46+00:00\",\"dateModified\":\"2025-11-25T17:26:55+00:00\",\"breadcrumb\":{\"@id\":\"https:\/\/sklep.edudomo.pl\/sklep\/twierdzenie-pitagorasa-przypadek-3\/#breadcrumb\"},\"inLanguage\":\"en-GB\",\"potentialAction\":[{\"@type\":\"ReadAction\",\"target\":[\"https:\/\/sklep.edudomo.pl\/sklep\/twierdzenie-pitagorasa-przypadek-3\/\"]}]},{\"@type\":\"ImageObject\",\"inLanguage\":\"en-GB\",\"@id\":\"https:\/\/sklep.edudomo.pl\/sklep\/twierdzenie-pitagorasa-przypadek-3\/#primaryimage\",\"url\":\"https:\/\/sklep.edudomo.pl\/wp-content\/uploads\/2020\/12\/pitagoras-3.jpg\",\"contentUrl\":\"https:\/\/sklep.edudomo.pl\/wp-content\/uploads\/2020\/12\/pitagoras-3.jpg\",\"width\":2241,\"height\":1279,\"caption\":\"Twierdzenie Pitagorasa. przypadek 3\"},{\"@type\":\"BreadcrumbList\",\"@id\":\"https:\/\/sklep.edudomo.pl\/sklep\/twierdzenie-pitagorasa-przypadek-3\/#breadcrumb\",\"itemListElement\":[{\"@type\":\"ListItem\",\"position\":1,\"name\":\"Strona g\u0142\u00f3wna\",\"item\":\"https:\/\/sklep.edudomo.pl\/\"},{\"@type\":\"ListItem\",\"position\":2,\"name\":\"Sklep\",\"item\":\"https:\/\/sklep.edudomo.pl\/\"},{\"@type\":\"ListItem\",\"position\":3,\"name\":\"Twierdzenie Pitagorasa. przypadek 3\"}]},{\"@type\":\"WebSite\",\"@id\":\"https:\/\/sklep.edudomo.pl\/#website\",\"url\":\"https:\/\/sklep.edudomo.pl\/\",\"name\":\"sklep EduDoMo\",\"description\":\"Edukacja Domowa. Terapia. Wspieranie Talent&oacute;w\",\"publisher\":{\"@id\":\"https:\/\/sklep.edudomo.pl\/#organization\"},\"potentialAction\":[{\"@type\":\"SearchAction\",\"target\":{\"@type\":\"EntryPoint\",\"urlTemplate\":\"https:\/\/sklep.edudomo.pl\/?s={search_term_string}\"},\"query-input\":{\"@type\":\"PropertyValueSpecification\",\"valueRequired\":true,\"valueName\":\"search_term_string\"}}],\"inLanguage\":\"en-GB\"},{\"@type\":\"Organization\",\"@id\":\"https:\/\/sklep.edudomo.pl\/#organization\",\"name\":\"EduDoMo\",\"url\":\"https:\/\/sklep.edudomo.pl\/\",\"logo\":{\"@type\":\"ImageObject\",\"inLanguage\":\"en-GB\",\"@id\":\"https:\/\/sklep.edudomo.pl\/#\/schema\/logo\/image\/\",\"url\":\"https:\/\/sklep.edudomo.pl\/wp-content\/uploads\/2019\/11\/cropped-logo-edudomo-sowa.jpg\",\"contentUrl\":\"https:\/\/sklep.edudomo.pl\/wp-content\/uploads\/2019\/11\/cropped-logo-edudomo-sowa.jpg\",\"width\":120,\"height\":120,\"caption\":\"EduDoMo\"},\"image\":{\"@id\":\"https:\/\/sklep.edudomo.pl\/#\/schema\/logo\/image\/\"}}]}<\/script>\n<!-- \/ Yoast SEO plugin. -->","yoast_head_json":{"title":"Twierdzenie Pitagorasa. przypadek 3","robots":{"index":"index","follow":"follow","max-snippet":"max-snippet:-1","max-image-preview":"max-image-preview:large","max-video-preview":"max-video-preview:-1"},"canonical":"https:\/\/sklep.edudomo.pl\/en\/sklep\/twierdzenie-pitagorasa-przypadek-3\/","og_locale":"en_GB","og_type":"article","og_title":"[:pl]Twierdzenie Pitagorasa. przypadek 3[:] - sklep EduDoMo","og_description":"Twierdzenie Pitagorasa. przypadek 3 -na prostok\u0105tnej tablicy uk\u0142adane s\u0105 wy\u017csze elementy wykonane z drewna i s\u0105 minimalnie mniejsze od ramek, aby mo\u017cna by\u0142o nimi manipulowa\u0107 Pomoc przeznaczona jest dla wykwalifikowanych nauczycieli i nie zawiera instrukcji!","og_url":"https:\/\/sklep.edudomo.pl\/en\/sklep\/twierdzenie-pitagorasa-przypadek-3\/","og_site_name":"sklep EduDoMo","article_modified_time":"2025-11-25T17:26:55+00:00","og_image":[{"width":2241,"height":1279,"url":"https:\/\/sklep.edudomo.pl\/wp-content\/uploads\/2020\/12\/pitagoras-3.jpg","type":"image\/jpeg"}],"twitter_card":"summary_large_image","schema":{"@context":"https:\/\/schema.org","@graph":[{"@type":"WebPage","@id":"https:\/\/sklep.edudomo.pl\/sklep\/twierdzenie-pitagorasa-przypadek-3\/","url":"https:\/\/sklep.edudomo.pl\/sklep\/twierdzenie-pitagorasa-przypadek-3\/","name":"Twierdzenie Pitagorasa. przypadek 3","isPartOf":{"@id":"https:\/\/sklep.edudomo.pl\/#website"},"primaryImageOfPage":{"@id":"https:\/\/sklep.edudomo.pl\/sklep\/twierdzenie-pitagorasa-przypadek-3\/#primaryimage"},"image":{"@id":"https:\/\/sklep.edudomo.pl\/sklep\/twierdzenie-pitagorasa-przypadek-3\/#primaryimage"},"thumbnailUrl":"https:\/\/sklep.edudomo.pl\/wp-content\/uploads\/2020\/12\/pitagoras-3.jpg","datePublished":"2020-12-17T12:00:46+00:00","dateModified":"2025-11-25T17:26:55+00:00","breadcrumb":{"@id":"https:\/\/sklep.edudomo.pl\/sklep\/twierdzenie-pitagorasa-przypadek-3\/#breadcrumb"},"inLanguage":"en-GB","potentialAction":[{"@type":"ReadAction","target":["https:\/\/sklep.edudomo.pl\/sklep\/twierdzenie-pitagorasa-przypadek-3\/"]}]},{"@type":"ImageObject","inLanguage":"en-GB","@id":"https:\/\/sklep.edudomo.pl\/sklep\/twierdzenie-pitagorasa-przypadek-3\/#primaryimage","url":"https:\/\/sklep.edudomo.pl\/wp-content\/uploads\/2020\/12\/pitagoras-3.jpg","contentUrl":"https:\/\/sklep.edudomo.pl\/wp-content\/uploads\/2020\/12\/pitagoras-3.jpg","width":2241,"height":1279,"caption":"Twierdzenie Pitagorasa. przypadek 3"},{"@type":"BreadcrumbList","@id":"https:\/\/sklep.edudomo.pl\/sklep\/twierdzenie-pitagorasa-przypadek-3\/#breadcrumb","itemListElement":[{"@type":"ListItem","position":1,"name":"Strona g\u0142\u00f3wna","item":"https:\/\/sklep.edudomo.pl\/"},{"@type":"ListItem","position":2,"name":"Sklep","item":"https:\/\/sklep.edudomo.pl\/"},{"@type":"ListItem","position":3,"name":"Twierdzenie Pitagorasa. przypadek 3"}]},{"@type":"WebSite","@id":"https:\/\/sklep.edudomo.pl\/#website","url":"https:\/\/sklep.edudomo.pl\/","name":"sklep EduDoMo","description":"Edukacja Domowa. Terapia. Wspieranie Talent&oacute;w","publisher":{"@id":"https:\/\/sklep.edudomo.pl\/#organization"},"potentialAction":[{"@type":"SearchAction","target":{"@type":"EntryPoint","urlTemplate":"https:\/\/sklep.edudomo.pl\/?s={search_term_string}"},"query-input":{"@type":"PropertyValueSpecification","valueRequired":true,"valueName":"search_term_string"}}],"inLanguage":"en-GB"},{"@type":"Organization","@id":"https:\/\/sklep.edudomo.pl\/#organization","name":"EduDoMo","url":"https:\/\/sklep.edudomo.pl\/","logo":{"@type":"ImageObject","inLanguage":"en-GB","@id":"https:\/\/sklep.edudomo.pl\/#\/schema\/logo\/image\/","url":"https:\/\/sklep.edudomo.pl\/wp-content\/uploads\/2019\/11\/cropped-logo-edudomo-sowa.jpg","contentUrl":"https:\/\/sklep.edudomo.pl\/wp-content\/uploads\/2019\/11\/cropped-logo-edudomo-sowa.jpg","width":120,"height":120,"caption":"EduDoMo"},"image":{"@id":"https:\/\/sklep.edudomo.pl\/#\/schema\/logo\/image\/"}}]}},"jetpack_sharing_enabled":true,"_links":{"self":[{"href":"https:\/\/sklep.edudomo.pl\/en\/wp-json\/wp\/v2\/product\/3567","targetHints":{"allow":["GET"]}}],"collection":[{"href":"https:\/\/sklep.edudomo.pl\/en\/wp-json\/wp\/v2\/product"}],"about":[{"href":"https:\/\/sklep.edudomo.pl\/en\/wp-json\/wp\/v2\/types\/product"}],"replies":[{"embeddable":true,"href":"https:\/\/sklep.edudomo.pl\/en\/wp-json\/wp\/v2\/comments?post=3567"}],"wp:featuredmedia":[{"embeddable":true,"href":"https:\/\/sklep.edudomo.pl\/en\/wp-json\/wp\/v2\/media\/3568"}],"wp:attachment":[{"href":"https:\/\/sklep.edudomo.pl\/en\/wp-json\/wp\/v2\/media?parent=3567"}],"wp:term":[{"taxonomy":"product_brand","embeddable":true,"href":"https:\/\/sklep.edudomo.pl\/en\/wp-json\/wp\/v2\/product_brand?post=3567"},{"taxonomy":"product_cat","embeddable":true,"href":"https:\/\/sklep.edudomo.pl\/en\/wp-json\/wp\/v2\/product_cat?post=3567"},{"taxonomy":"product_tag","embeddable":true,"href":"https:\/\/sklep.edudomo.pl\/en\/wp-json\/wp\/v2\/product_tag?post=3567"}],"curies":[{"name":"wp","href":"https:\/\/api.w.org\/{rel}","templated":true}]}}