{"id":3650,"date":"2020-12-29T14:07:07","date_gmt":"2020-12-29T14:07:07","guid":{"rendered":"https:\/\/sklep.edudomo.pl\/?post_type=product&#038;p=3650"},"modified":"2025-11-25T17:26:24","modified_gmt":"2025-11-25T17:26:24","slug":"stonehenge-puzzle-przestrzenne","status":"publish","type":"product","link":"https:\/\/sklep.edudomo.pl\/en\/sklep\/stonehenge-puzzle-przestrzenne\/","title":{"rendered":"Stonehenge. Puzzle przestrzenne."},"content":{"rendered":"<p>Bardziej naukowe teorie m\u00f3wi\u0105 o tym, \u017ce Stonehenge pe\u0142ni\u0142o rol\u0119 wielkiego kalendarza, dzi\u0119ki kt\u00f3remu mo\u017cna by\u0142o przewidzie\u0107 za\u0107mienia s\u0142o\u0144ca i ksi\u0119\u017cyca, a tak\u017ce wielu innych proces\u00f3w zachodz\u0105cych we wszech\u015bwiecie. Uk\u0142ad kamieni w kr\u0119gach mia\u0142 umo\u017cliwi\u0107 obserwacj\u0119 astronomiczn\u0105 najwa\u017cniejszych w\u00f3wczas cia\u0142 niebieskich.<br \/>\nTym samym, najbardziej prawdopodobn\u0105 rol\u0105 kamiennej konstrukcji, by\u0142a ch\u0119\u0107 uzyskania wiedzy na temat otaczaj\u0105cego staro\u017cytnych \u015bwiata i zachodz\u0105cych w nim proces\u00f3w. Jednocze\u015bnie \u00f3wczesna nauka nie mog\u0142a istnie\u0107 bez po\u0142\u0105czenia z wierzeniami i magi\u0105. Zatem Stonehenge mo\u017cna uzna\u0107 za najstarsze obserwatorium astronomiczna, \u015bwi\u0105tyni\u0119 oraz miejsce kultu w jednym.<\/p>\n<p>Puzzle przestrzenne EduDoMo Stonehenge to plansza o wymiarach 30cm x 31cm oraz elementy do u\u0142o\u017cenia gdzie najmniejszy element mierzy 1 cm x 0.7cm a najwi\u0119kszy 4,5cm x 3,2cm<\/p>\n","protected":false},"excerpt":{"rendered":"<p>Bardziej naukowe teorie m\u00f3wi\u0105 o tym, \u017ce Stonehenge pe\u0142ni\u0142o rol\u0119 wielkiego kalendarza, dzi\u0119ki kt\u00f3remu mo\u017cna by\u0142o przewidzie\u0107 za\u0107mienia s\u0142o\u0144ca i ksi\u0119\u017cyca, a tak\u017ce wielu innych proces\u00f3w zachodz\u0105cych we wszech\u015bwiecie. Uk\u0142ad kamieni w kr\u0119gach mia\u0142 umo\u017cliwi\u0107 obserwacj\u0119 astronomiczn\u0105 najwa\u017cniejszych w\u00f3wczas cia\u0142 niebieskich. Tym samym, najbardziej prawdopodobn\u0105 rol\u0105 kamiennej konstrukcji, by\u0142a ch\u0119\u0107 uzyskania wiedzy na temat otaczaj\u0105cego<span class=\"read-more-faq\"><a href=\"https:\/\/sklep.edudomo.pl\/en\/sklep\/stonehenge-puzzle-przestrzenne\/\">Read More<\/a><\/span><\/p>\n","protected":false},"featured_media":3651,"comment_status":"open","ping_status":"closed","template":"","meta":[],"product_brand":[],"product_cat":[84,111],"product_tag":[],"class_list":{"0":"post-3650","1":"product","2":"type-product","3":"status-publish","4":"has-post-thumbnail","6":"product_cat-edukacja-kosmiczna","7":"product_cat-religia","8":"product_shipping_class-inpost-kurier-a","10":"first","11":"onbackorder","12":"taxable","13":"shipping-taxable","14":"purchasable","15":"product-type-simple"},"yoast_head":"<!-- This site is optimized with the Yoast SEO plugin v26.5 - https:\/\/yoast.com\/wordpress\/plugins\/seo\/ -->\n<title>Stonehenge. Puzzle przestrzenne.<\/title>\n<meta name=\"robots\" content=\"index, follow, max-snippet:-1, max-image-preview:large, max-video-preview:-1\" \/>\n<link rel=\"canonical\" href=\"https:\/\/sklep.edudomo.pl\/en\/sklep\/stonehenge-puzzle-przestrzenne\/\" \/>\n<meta property=\"og:locale\" content=\"en_GB\" \/>\n<meta property=\"og:locale:alternate\" content=\"pl_PL\" \/>\n<meta property=\"og:type\" content=\"article\" \/>\n<meta property=\"og:title\" content=\"Stonehenge. Puzzle przestrzenne.\" \/>\n<meta property=\"og:description\" content=\"Bardziej naukowe teorie m\u00f3wi\u0105 o tym, \u017ce Stonehenge pe\u0142ni\u0142o rol\u0119 wielkiego kalendarza, dzi\u0119ki kt\u00f3remu mo\u017cna by\u0142o przewidzie\u0107 za\u0107mienia s\u0142o\u0144ca i ksi\u0119\u017cyca, a tak\u017ce wielu innych proces\u00f3w zachodz\u0105cych we wszech\u015bwiecie. Uk\u0142ad kamieni w kr\u0119gach mia\u0142 umo\u017cliwi\u0107 obserwacj\u0119 astronomiczn\u0105 najwa\u017cniejszych w\u00f3wczas cia\u0142 niebieskich. Tym samym, najbardziej prawdopodobn\u0105 rol\u0105 kamiennej konstrukcji, by\u0142a ch\u0119\u0107 uzyskania wiedzy na temat otaczaj\u0105cegoRead More\" \/>\n<meta property=\"og:url\" content=\"https:\/\/sklep.edudomo.pl\/en\/sklep\/stonehenge-puzzle-przestrzenne\/\" \/>\n<meta property=\"og:site_name\" content=\"sklep EduDoMo\" \/>\n<meta property=\"article:modified_time\" content=\"2025-11-25T17:26:24+00:00\" \/>\n<meta property=\"og:image\" content=\"https:\/\/sklep.edudomo.pl\/wp-content\/uploads\/2020\/12\/IMG_2774-scaled.jpg\" \/>\n\t<meta property=\"og:image:width\" content=\"2418\" \/>\n\t<meta property=\"og:image:height\" content=\"2560\" \/>\n\t<meta property=\"og:image:type\" content=\"image\/jpeg\" \/>\n<meta name=\"twitter:card\" content=\"summary_large_image\" \/>\n<meta name=\"twitter:label1\" content=\"Estimated reading time\" \/>\n\t<meta name=\"twitter:data1\" content=\"1 minute\" \/>\n<script type=\"application\/ld+json\" class=\"yoast-schema-graph\">{\"@context\":\"https:\/\/schema.org\",\"@graph\":[{\"@type\":\"WebPage\",\"@id\":\"https:\/\/sklep.edudomo.pl\/sklep\/stonehenge-puzzle-przestrzenne\/\",\"url\":\"https:\/\/sklep.edudomo.pl\/sklep\/stonehenge-puzzle-przestrzenne\/\",\"name\":\"Stonehenge. Puzzle przestrzenne.\",\"isPartOf\":{\"@id\":\"https:\/\/sklep.edudomo.pl\/#website\"},\"primaryImageOfPage\":{\"@id\":\"https:\/\/sklep.edudomo.pl\/sklep\/stonehenge-puzzle-przestrzenne\/#primaryimage\"},\"image\":{\"@id\":\"https:\/\/sklep.edudomo.pl\/sklep\/stonehenge-puzzle-przestrzenne\/#primaryimage\"},\"thumbnailUrl\":\"https:\/\/sklep.edudomo.pl\/wp-content\/uploads\/2020\/12\/IMG_2774-scaled.jpg\",\"datePublished\":\"2020-12-29T14:07:07+00:00\",\"dateModified\":\"2025-11-25T17:26:24+00:00\",\"breadcrumb\":{\"@id\":\"https:\/\/sklep.edudomo.pl\/sklep\/stonehenge-puzzle-przestrzenne\/#breadcrumb\"},\"inLanguage\":\"en-GB\",\"potentialAction\":[{\"@type\":\"ReadAction\",\"target\":[\"https:\/\/sklep.edudomo.pl\/sklep\/stonehenge-puzzle-przestrzenne\/\"]}]},{\"@type\":\"ImageObject\",\"inLanguage\":\"en-GB\",\"@id\":\"https:\/\/sklep.edudomo.pl\/sklep\/stonehenge-puzzle-przestrzenne\/#primaryimage\",\"url\":\"https:\/\/sklep.edudomo.pl\/wp-content\/uploads\/2020\/12\/IMG_2774-scaled.jpg\",\"contentUrl\":\"https:\/\/sklep.edudomo.pl\/wp-content\/uploads\/2020\/12\/IMG_2774-scaled.jpg\",\"width\":2418,\"height\":2560,\"caption\":\"Stonehenge\"},{\"@type\":\"BreadcrumbList\",\"@id\":\"https:\/\/sklep.edudomo.pl\/sklep\/stonehenge-puzzle-przestrzenne\/#breadcrumb\",\"itemListElement\":[{\"@type\":\"ListItem\",\"position\":1,\"name\":\"Strona g\u0142\u00f3wna\",\"item\":\"https:\/\/sklep.edudomo.pl\/\"},{\"@type\":\"ListItem\",\"position\":2,\"name\":\"Sklep\",\"item\":\"https:\/\/sklep.edudomo.pl\/\"},{\"@type\":\"ListItem\",\"position\":3,\"name\":\"Stonehenge. Puzzle przestrzenne.\"}]},{\"@type\":\"WebSite\",\"@id\":\"https:\/\/sklep.edudomo.pl\/#website\",\"url\":\"https:\/\/sklep.edudomo.pl\/\",\"name\":\"sklep EduDoMo\",\"description\":\"Edukacja Domowa. Terapia. Wspieranie Talent&oacute;w\",\"publisher\":{\"@id\":\"https:\/\/sklep.edudomo.pl\/#organization\"},\"potentialAction\":[{\"@type\":\"SearchAction\",\"target\":{\"@type\":\"EntryPoint\",\"urlTemplate\":\"https:\/\/sklep.edudomo.pl\/?s={search_term_string}\"},\"query-input\":{\"@type\":\"PropertyValueSpecification\",\"valueRequired\":true,\"valueName\":\"search_term_string\"}}],\"inLanguage\":\"en-GB\"},{\"@type\":\"Organization\",\"@id\":\"https:\/\/sklep.edudomo.pl\/#organization\",\"name\":\"EduDoMo\",\"url\":\"https:\/\/sklep.edudomo.pl\/\",\"logo\":{\"@type\":\"ImageObject\",\"inLanguage\":\"en-GB\",\"@id\":\"https:\/\/sklep.edudomo.pl\/#\/schema\/logo\/image\/\",\"url\":\"https:\/\/sklep.edudomo.pl\/wp-content\/uploads\/2019\/11\/cropped-logo-edudomo-sowa.jpg\",\"contentUrl\":\"https:\/\/sklep.edudomo.pl\/wp-content\/uploads\/2019\/11\/cropped-logo-edudomo-sowa.jpg\",\"width\":120,\"height\":120,\"caption\":\"EduDoMo\"},\"image\":{\"@id\":\"https:\/\/sklep.edudomo.pl\/#\/schema\/logo\/image\/\"}}]}<\/script>\n<!-- \/ Yoast SEO plugin. -->","yoast_head_json":{"title":"Stonehenge. Puzzle przestrzenne.","robots":{"index":"index","follow":"follow","max-snippet":"max-snippet:-1","max-image-preview":"max-image-preview:large","max-video-preview":"max-video-preview:-1"},"canonical":"https:\/\/sklep.edudomo.pl\/en\/sklep\/stonehenge-puzzle-przestrzenne\/","og_locale":"en_GB","og_type":"article","og_title":"[:pl]Stonehenge. Puzzle przestrzenne.[:] - sklep EduDoMo","og_description":"Bardziej naukowe teorie m\u00f3wi\u0105 o tym, \u017ce Stonehenge pe\u0142ni\u0142o rol\u0119 wielkiego kalendarza, dzi\u0119ki kt\u00f3remu mo\u017cna by\u0142o przewidzie\u0107 za\u0107mienia s\u0142o\u0144ca i ksi\u0119\u017cyca, a tak\u017ce wielu innych proces\u00f3w zachodz\u0105cych we wszech\u015bwiecie. Uk\u0142ad kamieni w kr\u0119gach mia\u0142 umo\u017cliwi\u0107 obserwacj\u0119 astronomiczn\u0105 najwa\u017cniejszych w\u00f3wczas cia\u0142 niebieskich. Tym samym, najbardziej prawdopodobn\u0105 rol\u0105 kamiennej konstrukcji, by\u0142a ch\u0119\u0107 uzyskania wiedzy na temat otaczaj\u0105cegoRead More","og_url":"https:\/\/sklep.edudomo.pl\/en\/sklep\/stonehenge-puzzle-przestrzenne\/","og_site_name":"sklep EduDoMo","article_modified_time":"2025-11-25T17:26:24+00:00","og_image":[{"width":2418,"height":2560,"url":"https:\/\/sklep.edudomo.pl\/wp-content\/uploads\/2020\/12\/IMG_2774-scaled.jpg","type":"image\/jpeg"}],"twitter_card":"summary_large_image","twitter_misc":{"Estimated reading time":"1 minute"},"schema":{"@context":"https:\/\/schema.org","@graph":[{"@type":"WebPage","@id":"https:\/\/sklep.edudomo.pl\/sklep\/stonehenge-puzzle-przestrzenne\/","url":"https:\/\/sklep.edudomo.pl\/sklep\/stonehenge-puzzle-przestrzenne\/","name":"Stonehenge. Puzzle przestrzenne.","isPartOf":{"@id":"https:\/\/sklep.edudomo.pl\/#website"},"primaryImageOfPage":{"@id":"https:\/\/sklep.edudomo.pl\/sklep\/stonehenge-puzzle-przestrzenne\/#primaryimage"},"image":{"@id":"https:\/\/sklep.edudomo.pl\/sklep\/stonehenge-puzzle-przestrzenne\/#primaryimage"},"thumbnailUrl":"https:\/\/sklep.edudomo.pl\/wp-content\/uploads\/2020\/12\/IMG_2774-scaled.jpg","datePublished":"2020-12-29T14:07:07+00:00","dateModified":"2025-11-25T17:26:24+00:00","breadcrumb":{"@id":"https:\/\/sklep.edudomo.pl\/sklep\/stonehenge-puzzle-przestrzenne\/#breadcrumb"},"inLanguage":"en-GB","potentialAction":[{"@type":"ReadAction","target":["https:\/\/sklep.edudomo.pl\/sklep\/stonehenge-puzzle-przestrzenne\/"]}]},{"@type":"ImageObject","inLanguage":"en-GB","@id":"https:\/\/sklep.edudomo.pl\/sklep\/stonehenge-puzzle-przestrzenne\/#primaryimage","url":"https:\/\/sklep.edudomo.pl\/wp-content\/uploads\/2020\/12\/IMG_2774-scaled.jpg","contentUrl":"https:\/\/sklep.edudomo.pl\/wp-content\/uploads\/2020\/12\/IMG_2774-scaled.jpg","width":2418,"height":2560,"caption":"Stonehenge"},{"@type":"BreadcrumbList","@id":"https:\/\/sklep.edudomo.pl\/sklep\/stonehenge-puzzle-przestrzenne\/#breadcrumb","itemListElement":[{"@type":"ListItem","position":1,"name":"Strona g\u0142\u00f3wna","item":"https:\/\/sklep.edudomo.pl\/"},{"@type":"ListItem","position":2,"name":"Sklep","item":"https:\/\/sklep.edudomo.pl\/"},{"@type":"ListItem","position":3,"name":"Stonehenge. Puzzle przestrzenne."}]},{"@type":"WebSite","@id":"https:\/\/sklep.edudomo.pl\/#website","url":"https:\/\/sklep.edudomo.pl\/","name":"sklep EduDoMo","description":"Edukacja Domowa. Terapia. Wspieranie Talent&oacute;w","publisher":{"@id":"https:\/\/sklep.edudomo.pl\/#organization"},"potentialAction":[{"@type":"SearchAction","target":{"@type":"EntryPoint","urlTemplate":"https:\/\/sklep.edudomo.pl\/?s={search_term_string}"},"query-input":{"@type":"PropertyValueSpecification","valueRequired":true,"valueName":"search_term_string"}}],"inLanguage":"en-GB"},{"@type":"Organization","@id":"https:\/\/sklep.edudomo.pl\/#organization","name":"EduDoMo","url":"https:\/\/sklep.edudomo.pl\/","logo":{"@type":"ImageObject","inLanguage":"en-GB","@id":"https:\/\/sklep.edudomo.pl\/#\/schema\/logo\/image\/","url":"https:\/\/sklep.edudomo.pl\/wp-content\/uploads\/2019\/11\/cropped-logo-edudomo-sowa.jpg","contentUrl":"https:\/\/sklep.edudomo.pl\/wp-content\/uploads\/2019\/11\/cropped-logo-edudomo-sowa.jpg","width":120,"height":120,"caption":"EduDoMo"},"image":{"@id":"https:\/\/sklep.edudomo.pl\/#\/schema\/logo\/image\/"}}]}},"jetpack_sharing_enabled":true,"_links":{"self":[{"href":"https:\/\/sklep.edudomo.pl\/en\/wp-json\/wp\/v2\/product\/3650","targetHints":{"allow":["GET"]}}],"collection":[{"href":"https:\/\/sklep.edudomo.pl\/en\/wp-json\/wp\/v2\/product"}],"about":[{"href":"https:\/\/sklep.edudomo.pl\/en\/wp-json\/wp\/v2\/types\/product"}],"replies":[{"embeddable":true,"href":"https:\/\/sklep.edudomo.pl\/en\/wp-json\/wp\/v2\/comments?post=3650"}],"wp:featuredmedia":[{"embeddable":true,"href":"https:\/\/sklep.edudomo.pl\/en\/wp-json\/wp\/v2\/media\/3651"}],"wp:attachment":[{"href":"https:\/\/sklep.edudomo.pl\/en\/wp-json\/wp\/v2\/media?parent=3650"}],"wp:term":[{"taxonomy":"product_brand","embeddable":true,"href":"https:\/\/sklep.edudomo.pl\/en\/wp-json\/wp\/v2\/product_brand?post=3650"},{"taxonomy":"product_cat","embeddable":true,"href":"https:\/\/sklep.edudomo.pl\/en\/wp-json\/wp\/v2\/product_cat?post=3650"},{"taxonomy":"product_tag","embeddable":true,"href":"https:\/\/sklep.edudomo.pl\/en\/wp-json\/wp\/v2\/product_tag?post=3650"}],"curies":[{"name":"wp","href":"https:\/\/api.w.org\/{rel}","templated":true}]}}