{"id":3722,"date":"2021-01-02T14:09:09","date_gmt":"2021-01-02T14:09:09","guid":{"rendered":"https:\/\/sklep.edudomo.pl\/?post_type=product&#038;p=3722"},"modified":"2025-01-13T12:49:09","modified_gmt":"2025-01-13T12:49:09","slug":"zegar-stref-czasowych","status":"publish","type":"product","link":"https:\/\/sklep.edudomo.pl\/en\/sklep\/zegar-stref-czasowych\/","title":{"rendered":"Zegar stref czasowych. The Time Zones Clock"},"content":{"rendered":"<p>Zegar stref czasowych.<br \/>\nTo plansza z 24 godzinn\u0105 tarcz\u0105 zegara. Przedstawia ona o\u015bwietlenie Ziemi od godziny 6 do 18. Nad ka\u017cd\u0105 z godzin jest otw\u00f3r na po\u0142o\u017cenie per\u0142y lub koralika.<br \/>\nNa \u015brodku nak\u0142adamy \u201eZiemi\u0119\u201d 4 wymienne ko\u0142a przedstawiaj\u0105ce Ziemi\u0119 podzielon\u0105 na po\u0142udniki, co 15 stopni, bo tak zmienia si\u0119 strefa czasowa.<br \/>\n2 Ko\u0142a to wizerunki biegun\u00f3w- p\u00f3\u0142nocnego i po\u0142udniowego. S\u0142u\u017c\u0105 one do wprowadzenia gracza w kosmiczny \u015awiat i pokazania mu, w kt\u00f3r\u0105 stron\u0119 kr\u0119ci si\u0119 Ziemia wzgl\u0119dem S\u0142o\u0144ca. Plansza ta, r\u00f3wnie\u017c jest tarcz\u0105 wskazuj\u0105c\u0105 podzia\u0142 na po\u0142udniki, gdzie mo\u017cna dopasowa\u0107 plakietki z nazwami miast.<br \/>\n2 kolejne ko\u0142a maj\u0105 wypisane miasta, w miejsca adekwatnie do ich po\u0142o\u017cenia na kuli ziemskiej. Mog\u0105 pe\u0142ni\u0107 funkcj\u0119 kontroli dla plakietek u\u0142o\u017conych wcze\u015bniej. Dzi\u0119ki zegarowi dowiemy si\u0119 jaka jest godzina w danym mie\u015bcie na \u015awiecie.<br \/>\nDodatkowo osadzone per\u0142y pomog\u0105 nawet najm\u0142odszemu oszacowa\u0107 jaka jest r\u00f3\u017cnica mi\u0119dzy godzinami w danym mie\u015bcie.<\/p>\n<p>Zestaw zawiera:<br \/>\n-g\u0142\u00f3wna plansza tarcza zegara<br \/>\n-2 dwustronne ko\u0142a, jedno z map\u0105 a drugie z wypisanymi miastami na po\u0142udnikach<\/p>\n<p>UWAGA<\/p>\n<p>plansza z jednym ko\u0142em jest ta\u0144sza o 150z\u0142 po wpisaniu kodu &#8220;wersjapodstawowa&#8221;<\/p>\n<p>ang.<br \/>\nThe Time Zones Clock<br \/>\nIt\u2019s a board with 24-hour clock face. It depicts the illumination of Earth from 6am to 6pm. There are holes above the hours to place beads in.<br \/>\nThere are four \u201cEarths\u201d (discs) to place on the board \u2013 they have meridians every 15 degrees (because one time zone is 15 degrees). Two of them are depictions of the North and the South Pole. Their role is to introduce the world of astronomy to children and to show them which way the Earth revolves around the Sun. They also teach about Earth\u2019s meridians \u2013 children can match names of cities (on plates) with them.<br \/>\nAs for the two other discs \u2013 there are names of cities written on them. The clock tells us what time is it in those cities.<br \/>\nMoreover, if you place beads on the clock, even a small child will be able to estimate the difference of time between cities.<br \/>\nA set consists of:<br \/>\n\u2013 the main board: the face of the clock<br \/>\n\u2013 two double-sided discs<\/p>\n","protected":false},"excerpt":{"rendered":"<p>Zegar stref czasowych. To plansza z 24 godzinn\u0105 tarcz\u0105 zegara. Przedstawia ona o\u015bwietlenie Ziemi od godziny 6 do 18. Nad ka\u017cd\u0105 z godzin jest otw\u00f3r na po\u0142o\u017cenie per\u0142y lub koralika. Na \u015brodku nak\u0142adamy \u201eZiemi\u0119\u201d 4 wymienne ko\u0142a przedstawiaj\u0105ce Ziemi\u0119 podzielon\u0105 na po\u0142udniki, co 15 stopni, bo tak zmienia si\u0119 strefa czasowa. 2 Ko\u0142a to wizerunki<span class=\"read-more-faq\"><a href=\"https:\/\/sklep.edudomo.pl\/en\/sklep\/zegar-stref-czasowych\/\">Read More<\/a><\/span><\/p>\n","protected":false},"featured_media":0,"comment_status":"open","ping_status":"closed","template":"","meta":[],"product_brand":[],"product_cat":[],"product_tag":[],"class_list":{"0":"post-3722","1":"product","2":"type-product","3":"status-publish","6":"first","7":"outofstock","8":"taxable","9":"shipping-taxable","10":"purchasable","11":"product-type-simple"},"yoast_head":"<!-- This site is optimized with the Yoast SEO plugin v26.5 - https:\/\/yoast.com\/wordpress\/plugins\/seo\/ -->\n<title>Zegar stref czasowych. The Time Zones Clock<\/title>\n<meta name=\"robots\" content=\"index, follow, max-snippet:-1, max-image-preview:large, max-video-preview:-1\" \/>\n<link rel=\"canonical\" href=\"https:\/\/sklep.edudomo.pl\/en\/sklep\/zegar-stref-czasowych\/\" \/>\n<meta property=\"og:locale\" content=\"en_GB\" \/>\n<meta property=\"og:locale:alternate\" content=\"pl_PL\" \/>\n<meta property=\"og:type\" content=\"article\" \/>\n<meta property=\"og:title\" content=\"Zegar stref czasowych. The Time Zones Clock\" \/>\n<meta property=\"og:description\" content=\"Zegar stref czasowych. To plansza z 24 godzinn\u0105 tarcz\u0105 zegara. Przedstawia ona o\u015bwietlenie Ziemi od godziny 6 do 18. Nad ka\u017cd\u0105 z godzin jest otw\u00f3r na po\u0142o\u017cenie per\u0142y lub koralika. Na \u015brodku nak\u0142adamy \u201eZiemi\u0119\u201d 4 wymienne ko\u0142a przedstawiaj\u0105ce Ziemi\u0119 podzielon\u0105 na po\u0142udniki, co 15 stopni, bo tak zmienia si\u0119 strefa czasowa. 2 Ko\u0142a to wizerunkiRead More\" \/>\n<meta property=\"og:url\" content=\"https:\/\/sklep.edudomo.pl\/en\/sklep\/zegar-stref-czasowych\/\" \/>\n<meta property=\"og:site_name\" content=\"sklep EduDoMo\" \/>\n<meta property=\"article:modified_time\" content=\"2025-01-13T12:49:09+00:00\" \/>\n<meta name=\"twitter:card\" content=\"summary_large_image\" \/>\n<meta name=\"twitter:label1\" content=\"Estimated reading time\" \/>\n\t<meta name=\"twitter:data1\" content=\"3 minutes\" \/>\n<script type=\"application\/ld+json\" class=\"yoast-schema-graph\">{\"@context\":\"https:\/\/schema.org\",\"@graph\":[{\"@type\":\"WebPage\",\"@id\":\"https:\/\/sklep.edudomo.pl\/sklep\/zegar-stref-czasowych\/\",\"url\":\"https:\/\/sklep.edudomo.pl\/sklep\/zegar-stref-czasowych\/\",\"name\":\"Zegar stref czasowych. The Time Zones Clock\",\"isPartOf\":{\"@id\":\"https:\/\/sklep.edudomo.pl\/#website\"},\"datePublished\":\"2021-01-02T14:09:09+00:00\",\"dateModified\":\"2025-01-13T12:49:09+00:00\",\"breadcrumb\":{\"@id\":\"https:\/\/sklep.edudomo.pl\/sklep\/zegar-stref-czasowych\/#breadcrumb\"},\"inLanguage\":\"en-GB\",\"potentialAction\":[{\"@type\":\"ReadAction\",\"target\":[\"https:\/\/sklep.edudomo.pl\/sklep\/zegar-stref-czasowych\/\"]}]},{\"@type\":\"BreadcrumbList\",\"@id\":\"https:\/\/sklep.edudomo.pl\/sklep\/zegar-stref-czasowych\/#breadcrumb\",\"itemListElement\":[{\"@type\":\"ListItem\",\"position\":1,\"name\":\"Strona g\u0142\u00f3wna\",\"item\":\"https:\/\/sklep.edudomo.pl\/\"},{\"@type\":\"ListItem\",\"position\":2,\"name\":\"Sklep\",\"item\":\"https:\/\/sklep.edudomo.pl\/\"},{\"@type\":\"ListItem\",\"position\":3,\"name\":\"Zegar stref czasowych. The Time Zones Clock\"}]},{\"@type\":\"WebSite\",\"@id\":\"https:\/\/sklep.edudomo.pl\/#website\",\"url\":\"https:\/\/sklep.edudomo.pl\/\",\"name\":\"sklep EduDoMo\",\"description\":\"Edukacja Domowa. Terapia. Wspieranie Talent&oacute;w\",\"publisher\":{\"@id\":\"https:\/\/sklep.edudomo.pl\/#organization\"},\"potentialAction\":[{\"@type\":\"SearchAction\",\"target\":{\"@type\":\"EntryPoint\",\"urlTemplate\":\"https:\/\/sklep.edudomo.pl\/?s={search_term_string}\"},\"query-input\":{\"@type\":\"PropertyValueSpecification\",\"valueRequired\":true,\"valueName\":\"search_term_string\"}}],\"inLanguage\":\"en-GB\"},{\"@type\":\"Organization\",\"@id\":\"https:\/\/sklep.edudomo.pl\/#organization\",\"name\":\"EduDoMo\",\"url\":\"https:\/\/sklep.edudomo.pl\/\",\"logo\":{\"@type\":\"ImageObject\",\"inLanguage\":\"en-GB\",\"@id\":\"https:\/\/sklep.edudomo.pl\/#\/schema\/logo\/image\/\",\"url\":\"https:\/\/sklep.edudomo.pl\/wp-content\/uploads\/2019\/11\/cropped-logo-edudomo-sowa.jpg\",\"contentUrl\":\"https:\/\/sklep.edudomo.pl\/wp-content\/uploads\/2019\/11\/cropped-logo-edudomo-sowa.jpg\",\"width\":120,\"height\":120,\"caption\":\"EduDoMo\"},\"image\":{\"@id\":\"https:\/\/sklep.edudomo.pl\/#\/schema\/logo\/image\/\"}}]}<\/script>\n<!-- \/ Yoast SEO plugin. -->","yoast_head_json":{"title":"Zegar stref czasowych. The Time Zones Clock","robots":{"index":"index","follow":"follow","max-snippet":"max-snippet:-1","max-image-preview":"max-image-preview:large","max-video-preview":"max-video-preview:-1"},"canonical":"https:\/\/sklep.edudomo.pl\/en\/sklep\/zegar-stref-czasowych\/","og_locale":"en_GB","og_type":"article","og_title":"[:pl]Zegar stref czasowych. The Time Zones Clock[:] - sklep EduDoMo","og_description":"Zegar stref czasowych. To plansza z 24 godzinn\u0105 tarcz\u0105 zegara. Przedstawia ona o\u015bwietlenie Ziemi od godziny 6 do 18. Nad ka\u017cd\u0105 z godzin jest otw\u00f3r na po\u0142o\u017cenie per\u0142y lub koralika. Na \u015brodku nak\u0142adamy \u201eZiemi\u0119\u201d 4 wymienne ko\u0142a przedstawiaj\u0105ce Ziemi\u0119 podzielon\u0105 na po\u0142udniki, co 15 stopni, bo tak zmienia si\u0119 strefa czasowa. 2 Ko\u0142a to wizerunkiRead More","og_url":"https:\/\/sklep.edudomo.pl\/en\/sklep\/zegar-stref-czasowych\/","og_site_name":"sklep EduDoMo","article_modified_time":"2025-01-13T12:49:09+00:00","twitter_card":"summary_large_image","twitter_misc":{"Estimated reading time":"3 minutes"},"schema":{"@context":"https:\/\/schema.org","@graph":[{"@type":"WebPage","@id":"https:\/\/sklep.edudomo.pl\/sklep\/zegar-stref-czasowych\/","url":"https:\/\/sklep.edudomo.pl\/sklep\/zegar-stref-czasowych\/","name":"Zegar stref czasowych. The Time Zones Clock","isPartOf":{"@id":"https:\/\/sklep.edudomo.pl\/#website"},"datePublished":"2021-01-02T14:09:09+00:00","dateModified":"2025-01-13T12:49:09+00:00","breadcrumb":{"@id":"https:\/\/sklep.edudomo.pl\/sklep\/zegar-stref-czasowych\/#breadcrumb"},"inLanguage":"en-GB","potentialAction":[{"@type":"ReadAction","target":["https:\/\/sklep.edudomo.pl\/sklep\/zegar-stref-czasowych\/"]}]},{"@type":"BreadcrumbList","@id":"https:\/\/sklep.edudomo.pl\/sklep\/zegar-stref-czasowych\/#breadcrumb","itemListElement":[{"@type":"ListItem","position":1,"name":"Strona g\u0142\u00f3wna","item":"https:\/\/sklep.edudomo.pl\/"},{"@type":"ListItem","position":2,"name":"Sklep","item":"https:\/\/sklep.edudomo.pl\/"},{"@type":"ListItem","position":3,"name":"Zegar stref czasowych. The Time Zones Clock"}]},{"@type":"WebSite","@id":"https:\/\/sklep.edudomo.pl\/#website","url":"https:\/\/sklep.edudomo.pl\/","name":"sklep EduDoMo","description":"Edukacja Domowa. Terapia. Wspieranie Talent&oacute;w","publisher":{"@id":"https:\/\/sklep.edudomo.pl\/#organization"},"potentialAction":[{"@type":"SearchAction","target":{"@type":"EntryPoint","urlTemplate":"https:\/\/sklep.edudomo.pl\/?s={search_term_string}"},"query-input":{"@type":"PropertyValueSpecification","valueRequired":true,"valueName":"search_term_string"}}],"inLanguage":"en-GB"},{"@type":"Organization","@id":"https:\/\/sklep.edudomo.pl\/#organization","name":"EduDoMo","url":"https:\/\/sklep.edudomo.pl\/","logo":{"@type":"ImageObject","inLanguage":"en-GB","@id":"https:\/\/sklep.edudomo.pl\/#\/schema\/logo\/image\/","url":"https:\/\/sklep.edudomo.pl\/wp-content\/uploads\/2019\/11\/cropped-logo-edudomo-sowa.jpg","contentUrl":"https:\/\/sklep.edudomo.pl\/wp-content\/uploads\/2019\/11\/cropped-logo-edudomo-sowa.jpg","width":120,"height":120,"caption":"EduDoMo"},"image":{"@id":"https:\/\/sklep.edudomo.pl\/#\/schema\/logo\/image\/"}}]}},"jetpack_sharing_enabled":true,"_links":{"self":[{"href":"https:\/\/sklep.edudomo.pl\/en\/wp-json\/wp\/v2\/product\/3722","targetHints":{"allow":["GET"]}}],"collection":[{"href":"https:\/\/sklep.edudomo.pl\/en\/wp-json\/wp\/v2\/product"}],"about":[{"href":"https:\/\/sklep.edudomo.pl\/en\/wp-json\/wp\/v2\/types\/product"}],"replies":[{"embeddable":true,"href":"https:\/\/sklep.edudomo.pl\/en\/wp-json\/wp\/v2\/comments?post=3722"}],"wp:attachment":[{"href":"https:\/\/sklep.edudomo.pl\/en\/wp-json\/wp\/v2\/media?parent=3722"}],"wp:term":[{"taxonomy":"product_brand","embeddable":true,"href":"https:\/\/sklep.edudomo.pl\/en\/wp-json\/wp\/v2\/product_brand?post=3722"},{"taxonomy":"product_cat","embeddable":true,"href":"https:\/\/sklep.edudomo.pl\/en\/wp-json\/wp\/v2\/product_cat?post=3722"},{"taxonomy":"product_tag","embeddable":true,"href":"https:\/\/sklep.edudomo.pl\/en\/wp-json\/wp\/v2\/product_tag?post=3722"}],"curies":[{"name":"wp","href":"https:\/\/api.w.org\/{rel}","templated":true}]}}