{"id":3848,"date":"2021-01-15T18:01:34","date_gmt":"2021-01-15T18:01:34","guid":{"rendered":"https:\/\/sklep.edudomo.pl\/?post_type=product&#038;p=3848"},"modified":"2025-11-25T17:25:08","modified_gmt":"2025-11-25T17:25:08","slug":"analiza-zdania-2-tablica-ze-strzalkami-edudomo","status":"publish","type":"product","link":"https:\/\/sklep.edudomo.pl\/en\/sklep\/analiza-zdania-2-tablica-ze-strzalkami-edudomo\/","title":{"rendered":"Analiza zdania 2. Tablica ze strza\u0142kami EduDoMo PL"},"content":{"rendered":"<p>Analiza zdania 2. Dwie tablice ze strza\u0142kami EduDoMo &#8211; kompletny zestaw w j\u0119zyku polskim<\/p>\n<p>-tablica o wymiarach 47cm x 44cm oraz tablica 19,5cm x 44cm<\/p>\n<p>-3 skrzynki strza\u0142ek wg metodycznych za\u0142o\u017ce\u0144 Marii Montessori<\/p>\n<p>&nbsp;<\/p>\n<p>Pomoc przeznaczona jest dla wykwalifikowanych nauczycieli i nie zawiera instrukcji!<\/p>\n","protected":false},"excerpt":{"rendered":"<p>Analiza zdania 2. Dwie tablice ze strza\u0142kami EduDoMo &#8211; kompletny zestaw w j\u0119zyku polskim -tablica o wymiarach 47cm x 44cm oraz tablica 19,5cm x 44cm -3 skrzynki strza\u0142ek wg metodycznych za\u0142o\u017ce\u0144 Marii Montessori &nbsp; Pomoc przeznaczona jest dla wykwalifikowanych nauczycieli i nie zawiera instrukcji!<\/p>\n","protected":false},"featured_media":7711,"comment_status":"open","ping_status":"closed","template":"","meta":[],"product_brand":[],"product_cat":[88],"product_tag":[],"class_list":{"0":"post-3848","1":"product","2":"type-product","3":"status-publish","4":"has-post-thumbnail","6":"product_cat-material-jezykowy","7":"product_shipping_class-inpost-kurier-d","9":"first","10":"onbackorder","11":"taxable","12":"shipping-taxable","13":"purchasable","14":"product-type-simple"},"yoast_head":"<!-- This site is optimized with the Yoast SEO plugin v26.5 - https:\/\/yoast.com\/wordpress\/plugins\/seo\/ -->\n<title>Analiza zdania 2. Tablica ze strza\u0142kami EduDoMo PL<\/title>\n<meta name=\"robots\" content=\"index, follow, max-snippet:-1, max-image-preview:large, max-video-preview:-1\" \/>\n<link rel=\"canonical\" href=\"https:\/\/sklep.edudomo.pl\/en\/sklep\/analiza-zdania-2-tablica-ze-strzalkami-edudomo\/\" \/>\n<meta property=\"og:locale\" content=\"en_GB\" \/>\n<meta property=\"og:locale:alternate\" content=\"pl_PL\" \/>\n<meta property=\"og:type\" content=\"article\" \/>\n<meta property=\"og:title\" content=\"Analiza zdania 2. Tablica ze strza\u0142kami EduDoMo PL\" \/>\n<meta property=\"og:description\" content=\"Analiza zdania 2. Dwie tablice ze strza\u0142kami EduDoMo &#8211; kompletny zestaw w j\u0119zyku polskim -tablica o wymiarach 47cm x 44cm oraz tablica 19,5cm x 44cm -3 skrzynki strza\u0142ek wg metodycznych za\u0142o\u017ce\u0144 Marii Montessori &nbsp; Pomoc przeznaczona jest dla wykwalifikowanych nauczycieli i nie zawiera instrukcji!\" \/>\n<meta property=\"og:url\" content=\"https:\/\/sklep.edudomo.pl\/en\/sklep\/analiza-zdania-2-tablica-ze-strzalkami-edudomo\/\" \/>\n<meta property=\"og:site_name\" content=\"sklep EduDoMo\" \/>\n<meta property=\"article:modified_time\" content=\"2025-11-25T17:25:08+00:00\" \/>\n<meta property=\"og:image\" content=\"https:\/\/sklep.edudomo.pl\/wp-content\/uploads\/2021\/01\/IMG_2644.jpg\" \/>\n\t<meta property=\"og:image:width\" content=\"640\" \/>\n\t<meta property=\"og:image:height\" content=\"592\" \/>\n\t<meta property=\"og:image:type\" content=\"image\/jpeg\" \/>\n<meta name=\"twitter:card\" content=\"summary_large_image\" \/>\n<script type=\"application\/ld+json\" class=\"yoast-schema-graph\">{\"@context\":\"https:\/\/schema.org\",\"@graph\":[{\"@type\":\"WebPage\",\"@id\":\"https:\/\/sklep.edudomo.pl\/sklep\/analiza-zdania-2-tablica-ze-strzalkami-edudomo\/\",\"url\":\"https:\/\/sklep.edudomo.pl\/sklep\/analiza-zdania-2-tablica-ze-strzalkami-edudomo\/\",\"name\":\"Analiza zdania 2. Tablica ze strza\u0142kami EduDoMo PL\",\"isPartOf\":{\"@id\":\"https:\/\/sklep.edudomo.pl\/#website\"},\"primaryImageOfPage\":{\"@id\":\"https:\/\/sklep.edudomo.pl\/sklep\/analiza-zdania-2-tablica-ze-strzalkami-edudomo\/#primaryimage\"},\"image\":{\"@id\":\"https:\/\/sklep.edudomo.pl\/sklep\/analiza-zdania-2-tablica-ze-strzalkami-edudomo\/#primaryimage\"},\"thumbnailUrl\":\"https:\/\/sklep.edudomo.pl\/wp-content\/uploads\/2021\/01\/IMG_2644.jpg\",\"datePublished\":\"2021-01-15T18:01:34+00:00\",\"dateModified\":\"2025-11-25T17:25:08+00:00\",\"breadcrumb\":{\"@id\":\"https:\/\/sklep.edudomo.pl\/sklep\/analiza-zdania-2-tablica-ze-strzalkami-edudomo\/#breadcrumb\"},\"inLanguage\":\"en-GB\",\"potentialAction\":[{\"@type\":\"ReadAction\",\"target\":[\"https:\/\/sklep.edudomo.pl\/sklep\/analiza-zdania-2-tablica-ze-strzalkami-edudomo\/\"]}]},{\"@type\":\"ImageObject\",\"inLanguage\":\"en-GB\",\"@id\":\"https:\/\/sklep.edudomo.pl\/sklep\/analiza-zdania-2-tablica-ze-strzalkami-edudomo\/#primaryimage\",\"url\":\"https:\/\/sklep.edudomo.pl\/wp-content\/uploads\/2021\/01\/IMG_2644.jpg\",\"contentUrl\":\"https:\/\/sklep.edudomo.pl\/wp-content\/uploads\/2021\/01\/IMG_2644.jpg\",\"width\":640,\"height\":592,\"caption\":\"Analiza Zadania\"},{\"@type\":\"BreadcrumbList\",\"@id\":\"https:\/\/sklep.edudomo.pl\/sklep\/analiza-zdania-2-tablica-ze-strzalkami-edudomo\/#breadcrumb\",\"itemListElement\":[{\"@type\":\"ListItem\",\"position\":1,\"name\":\"Strona g\u0142\u00f3wna\",\"item\":\"https:\/\/sklep.edudomo.pl\/\"},{\"@type\":\"ListItem\",\"position\":2,\"name\":\"Sklep\",\"item\":\"https:\/\/sklep.edudomo.pl\/\"},{\"@type\":\"ListItem\",\"position\":3,\"name\":\"Analiza zdania 2. Tablica ze strza\u0142kami EduDoMo PL\"}]},{\"@type\":\"WebSite\",\"@id\":\"https:\/\/sklep.edudomo.pl\/#website\",\"url\":\"https:\/\/sklep.edudomo.pl\/\",\"name\":\"sklep EduDoMo\",\"description\":\"Edukacja Domowa. Terapia. Wspieranie Talent&oacute;w\",\"publisher\":{\"@id\":\"https:\/\/sklep.edudomo.pl\/#organization\"},\"potentialAction\":[{\"@type\":\"SearchAction\",\"target\":{\"@type\":\"EntryPoint\",\"urlTemplate\":\"https:\/\/sklep.edudomo.pl\/?s={search_term_string}\"},\"query-input\":{\"@type\":\"PropertyValueSpecification\",\"valueRequired\":true,\"valueName\":\"search_term_string\"}}],\"inLanguage\":\"en-GB\"},{\"@type\":\"Organization\",\"@id\":\"https:\/\/sklep.edudomo.pl\/#organization\",\"name\":\"EduDoMo\",\"url\":\"https:\/\/sklep.edudomo.pl\/\",\"logo\":{\"@type\":\"ImageObject\",\"inLanguage\":\"en-GB\",\"@id\":\"https:\/\/sklep.edudomo.pl\/#\/schema\/logo\/image\/\",\"url\":\"https:\/\/sklep.edudomo.pl\/wp-content\/uploads\/2019\/11\/cropped-logo-edudomo-sowa.jpg\",\"contentUrl\":\"https:\/\/sklep.edudomo.pl\/wp-content\/uploads\/2019\/11\/cropped-logo-edudomo-sowa.jpg\",\"width\":120,\"height\":120,\"caption\":\"EduDoMo\"},\"image\":{\"@id\":\"https:\/\/sklep.edudomo.pl\/#\/schema\/logo\/image\/\"}}]}<\/script>\n<!-- \/ Yoast SEO plugin. -->","yoast_head_json":{"title":"Analiza zdania 2. Tablica ze strza\u0142kami EduDoMo PL","robots":{"index":"index","follow":"follow","max-snippet":"max-snippet:-1","max-image-preview":"max-image-preview:large","max-video-preview":"max-video-preview:-1"},"canonical":"https:\/\/sklep.edudomo.pl\/en\/sklep\/analiza-zdania-2-tablica-ze-strzalkami-edudomo\/","og_locale":"en_GB","og_type":"article","og_title":"[:pl]Analiza zdania 2. Tablica ze strza\u0142kami EduDoMo PL[:] - sklep EduDoMo","og_description":"Analiza zdania 2. Dwie tablice ze strza\u0142kami EduDoMo &#8211; kompletny zestaw w j\u0119zyku polskim -tablica o wymiarach 47cm x 44cm oraz tablica 19,5cm x 44cm -3 skrzynki strza\u0142ek wg metodycznych za\u0142o\u017ce\u0144 Marii Montessori &nbsp; Pomoc przeznaczona jest dla wykwalifikowanych nauczycieli i nie zawiera instrukcji!","og_url":"https:\/\/sklep.edudomo.pl\/en\/sklep\/analiza-zdania-2-tablica-ze-strzalkami-edudomo\/","og_site_name":"sklep EduDoMo","article_modified_time":"2025-11-25T17:25:08+00:00","og_image":[{"width":640,"height":592,"url":"https:\/\/sklep.edudomo.pl\/wp-content\/uploads\/2021\/01\/IMG_2644.jpg","type":"image\/jpeg"}],"twitter_card":"summary_large_image","schema":{"@context":"https:\/\/schema.org","@graph":[{"@type":"WebPage","@id":"https:\/\/sklep.edudomo.pl\/sklep\/analiza-zdania-2-tablica-ze-strzalkami-edudomo\/","url":"https:\/\/sklep.edudomo.pl\/sklep\/analiza-zdania-2-tablica-ze-strzalkami-edudomo\/","name":"Analiza zdania 2. Tablica ze strza\u0142kami EduDoMo PL","isPartOf":{"@id":"https:\/\/sklep.edudomo.pl\/#website"},"primaryImageOfPage":{"@id":"https:\/\/sklep.edudomo.pl\/sklep\/analiza-zdania-2-tablica-ze-strzalkami-edudomo\/#primaryimage"},"image":{"@id":"https:\/\/sklep.edudomo.pl\/sklep\/analiza-zdania-2-tablica-ze-strzalkami-edudomo\/#primaryimage"},"thumbnailUrl":"https:\/\/sklep.edudomo.pl\/wp-content\/uploads\/2021\/01\/IMG_2644.jpg","datePublished":"2021-01-15T18:01:34+00:00","dateModified":"2025-11-25T17:25:08+00:00","breadcrumb":{"@id":"https:\/\/sklep.edudomo.pl\/sklep\/analiza-zdania-2-tablica-ze-strzalkami-edudomo\/#breadcrumb"},"inLanguage":"en-GB","potentialAction":[{"@type":"ReadAction","target":["https:\/\/sklep.edudomo.pl\/sklep\/analiza-zdania-2-tablica-ze-strzalkami-edudomo\/"]}]},{"@type":"ImageObject","inLanguage":"en-GB","@id":"https:\/\/sklep.edudomo.pl\/sklep\/analiza-zdania-2-tablica-ze-strzalkami-edudomo\/#primaryimage","url":"https:\/\/sklep.edudomo.pl\/wp-content\/uploads\/2021\/01\/IMG_2644.jpg","contentUrl":"https:\/\/sklep.edudomo.pl\/wp-content\/uploads\/2021\/01\/IMG_2644.jpg","width":640,"height":592,"caption":"Analiza Zadania"},{"@type":"BreadcrumbList","@id":"https:\/\/sklep.edudomo.pl\/sklep\/analiza-zdania-2-tablica-ze-strzalkami-edudomo\/#breadcrumb","itemListElement":[{"@type":"ListItem","position":1,"name":"Strona g\u0142\u00f3wna","item":"https:\/\/sklep.edudomo.pl\/"},{"@type":"ListItem","position":2,"name":"Sklep","item":"https:\/\/sklep.edudomo.pl\/"},{"@type":"ListItem","position":3,"name":"Analiza zdania 2. Tablica ze strza\u0142kami EduDoMo PL"}]},{"@type":"WebSite","@id":"https:\/\/sklep.edudomo.pl\/#website","url":"https:\/\/sklep.edudomo.pl\/","name":"sklep EduDoMo","description":"Edukacja Domowa. Terapia. Wspieranie Talent&oacute;w","publisher":{"@id":"https:\/\/sklep.edudomo.pl\/#organization"},"potentialAction":[{"@type":"SearchAction","target":{"@type":"EntryPoint","urlTemplate":"https:\/\/sklep.edudomo.pl\/?s={search_term_string}"},"query-input":{"@type":"PropertyValueSpecification","valueRequired":true,"valueName":"search_term_string"}}],"inLanguage":"en-GB"},{"@type":"Organization","@id":"https:\/\/sklep.edudomo.pl\/#organization","name":"EduDoMo","url":"https:\/\/sklep.edudomo.pl\/","logo":{"@type":"ImageObject","inLanguage":"en-GB","@id":"https:\/\/sklep.edudomo.pl\/#\/schema\/logo\/image\/","url":"https:\/\/sklep.edudomo.pl\/wp-content\/uploads\/2019\/11\/cropped-logo-edudomo-sowa.jpg","contentUrl":"https:\/\/sklep.edudomo.pl\/wp-content\/uploads\/2019\/11\/cropped-logo-edudomo-sowa.jpg","width":120,"height":120,"caption":"EduDoMo"},"image":{"@id":"https:\/\/sklep.edudomo.pl\/#\/schema\/logo\/image\/"}}]}},"jetpack_sharing_enabled":true,"_links":{"self":[{"href":"https:\/\/sklep.edudomo.pl\/en\/wp-json\/wp\/v2\/product\/3848","targetHints":{"allow":["GET"]}}],"collection":[{"href":"https:\/\/sklep.edudomo.pl\/en\/wp-json\/wp\/v2\/product"}],"about":[{"href":"https:\/\/sklep.edudomo.pl\/en\/wp-json\/wp\/v2\/types\/product"}],"replies":[{"embeddable":true,"href":"https:\/\/sklep.edudomo.pl\/en\/wp-json\/wp\/v2\/comments?post=3848"}],"wp:featuredmedia":[{"embeddable":true,"href":"https:\/\/sklep.edudomo.pl\/en\/wp-json\/wp\/v2\/media\/7711"}],"wp:attachment":[{"href":"https:\/\/sklep.edudomo.pl\/en\/wp-json\/wp\/v2\/media?parent=3848"}],"wp:term":[{"taxonomy":"product_brand","embeddable":true,"href":"https:\/\/sklep.edudomo.pl\/en\/wp-json\/wp\/v2\/product_brand?post=3848"},{"taxonomy":"product_cat","embeddable":true,"href":"https:\/\/sklep.edudomo.pl\/en\/wp-json\/wp\/v2\/product_cat?post=3848"},{"taxonomy":"product_tag","embeddable":true,"href":"https:\/\/sklep.edudomo.pl\/en\/wp-json\/wp\/v2\/product_tag?post=3848"}],"curies":[{"name":"wp","href":"https:\/\/api.w.org\/{rel}","templated":true}]}}