{"id":3899,"date":"2021-01-25T11:31:27","date_gmt":"2021-01-25T11:31:27","guid":{"rendered":"https:\/\/sklep.edudomo.pl\/?post_type=product&#038;p=3899"},"modified":"2025-11-25T17:24:47","modified_gmt":"2025-11-25T17:24:47","slug":"linia-czasu-edudomo-epoki-1","status":"publish","type":"product","link":"https:\/\/sklep.edudomo.pl\/en\/sklep\/linia-czasu-edudomo-epoki-1\/","title":{"rendered":"Linia czasu EduDoMo. Epoki 1."},"content":{"rendered":"<p>Uk\u0142adanka EduDoMo linia czasu. Epoki 1<\/p>\n<p>to tablica kontrolna do puzzli: Uk\u0142adanka EduDoMo linia czasu. Epoki 2, ale mo\u017cna j\u0105 u\u017cywa\u0107 osobno ucz\u0105c si\u0119 wa\u017cnych wydarze\u0144 historycznych i element\u00f3w charakterystycznych dla danej epoki.<\/p>\n<p>Zestaw zawiera:<\/p>\n<ul>\n<li>plansza o wymiarach 53cm x 28cm<\/li>\n<li>9 k\u00f3\u0142 z wizerunkami wydarze\u0144 lub charakterystycznych element\u00f3w dla danej epoki. Na rewersach okr\u0105g\u0142ych tabliczek widniej\u0105 nazwy, kt\u00f3re pe\u0142ni\u0105 funkcj\u0119 kontroli.<\/li>\n<\/ul>\n","protected":false},"excerpt":{"rendered":"<p>Uk\u0142adanka EduDoMo linia czasu. Epoki 1 to tablica kontrolna do puzzli: Uk\u0142adanka EduDoMo linia czasu. Epoki 2, ale mo\u017cna j\u0105 u\u017cywa\u0107 osobno ucz\u0105c si\u0119 wa\u017cnych wydarze\u0144 historycznych i element\u00f3w charakterystycznych dla danej epoki. Zestaw zawiera: plansza o wymiarach 53cm x 28cm 9 k\u00f3\u0142 z wizerunkami wydarze\u0144 lub charakterystycznych element\u00f3w dla danej epoki. Na rewersach okr\u0105g\u0142ych<span class=\"read-more-faq\"><a href=\"https:\/\/sklep.edudomo.pl\/en\/sklep\/linia-czasu-edudomo-epoki-1\/\">Read More<\/a><\/span><\/p>\n","protected":false},"featured_media":3900,"comment_status":"open","ping_status":"closed","template":"","meta":[],"product_brand":[],"product_cat":[],"product_tag":[119],"class_list":{"0":"post-3899","1":"product","2":"type-product","3":"status-publish","4":"has-post-thumbnail","6":"product_tag-ukladanka-edudomo-linia-czasu-epoki-1","7":"product_shipping_class-inpost-kurier-a","9":"first","10":"onbackorder","11":"taxable","12":"shipping-taxable","13":"purchasable","14":"product-type-simple"},"yoast_head":"<!-- This site is optimized with the Yoast SEO plugin v26.5 - https:\/\/yoast.com\/wordpress\/plugins\/seo\/ -->\n<title>Linia czasu EduDoMo. Epoki 1.<\/title>\n<meta name=\"robots\" content=\"index, follow, max-snippet:-1, max-image-preview:large, max-video-preview:-1\" \/>\n<link rel=\"canonical\" href=\"https:\/\/sklep.edudomo.pl\/en\/sklep\/linia-czasu-edudomo-epoki-1\/\" \/>\n<meta property=\"og:locale\" content=\"en_GB\" \/>\n<meta property=\"og:locale:alternate\" content=\"pl_PL\" \/>\n<meta property=\"og:type\" content=\"article\" \/>\n<meta property=\"og:title\" content=\"Linia czasu EduDoMo. Epoki 1.\" \/>\n<meta property=\"og:description\" content=\"Uk\u0142adanka EduDoMo linia czasu. Epoki 1 to tablica kontrolna do puzzli: Uk\u0142adanka EduDoMo linia czasu. Epoki 2, ale mo\u017cna j\u0105 u\u017cywa\u0107 osobno ucz\u0105c si\u0119 wa\u017cnych wydarze\u0144 historycznych i element\u00f3w charakterystycznych dla danej epoki. Zestaw zawiera: plansza o wymiarach 53cm x 28cm 9 k\u00f3\u0142 z wizerunkami wydarze\u0144 lub charakterystycznych element\u00f3w dla danej epoki. Na rewersach okr\u0105g\u0142ychRead More\" \/>\n<meta property=\"og:url\" content=\"https:\/\/sklep.edudomo.pl\/en\/sklep\/linia-czasu-edudomo-epoki-1\/\" \/>\n<meta property=\"og:site_name\" content=\"sklep EduDoMo\" \/>\n<meta property=\"article:modified_time\" content=\"2025-11-25T17:24:47+00:00\" \/>\n<meta property=\"og:image\" content=\"https:\/\/sklep.edudomo.pl\/wp-content\/uploads\/2021\/01\/IMG_3376-scaled.jpg\" \/>\n\t<meta property=\"og:image:width\" content=\"2560\" \/>\n\t<meta property=\"og:image:height\" content=\"1855\" \/>\n\t<meta property=\"og:image:type\" content=\"image\/jpeg\" \/>\n<meta name=\"twitter:card\" content=\"summary_large_image\" \/>\n<script type=\"application\/ld+json\" class=\"yoast-schema-graph\">{\"@context\":\"https:\/\/schema.org\",\"@graph\":[{\"@type\":\"WebPage\",\"@id\":\"https:\/\/sklep.edudomo.pl\/sklep\/linia-czasu-edudomo-epoki-1\/\",\"url\":\"https:\/\/sklep.edudomo.pl\/sklep\/linia-czasu-edudomo-epoki-1\/\",\"name\":\"Linia czasu EduDoMo. Epoki 1.\",\"isPartOf\":{\"@id\":\"https:\/\/sklep.edudomo.pl\/#website\"},\"primaryImageOfPage\":{\"@id\":\"https:\/\/sklep.edudomo.pl\/sklep\/linia-czasu-edudomo-epoki-1\/#primaryimage\"},\"image\":{\"@id\":\"https:\/\/sklep.edudomo.pl\/sklep\/linia-czasu-edudomo-epoki-1\/#primaryimage\"},\"thumbnailUrl\":\"https:\/\/sklep.edudomo.pl\/wp-content\/uploads\/2021\/01\/IMG_3376-scaled.jpg\",\"datePublished\":\"2021-01-25T11:31:27+00:00\",\"dateModified\":\"2025-11-25T17:24:47+00:00\",\"breadcrumb\":{\"@id\":\"https:\/\/sklep.edudomo.pl\/sklep\/linia-czasu-edudomo-epoki-1\/#breadcrumb\"},\"inLanguage\":\"en-GB\",\"potentialAction\":[{\"@type\":\"ReadAction\",\"target\":[\"https:\/\/sklep.edudomo.pl\/sklep\/linia-czasu-edudomo-epoki-1\/\"]}]},{\"@type\":\"ImageObject\",\"inLanguage\":\"en-GB\",\"@id\":\"https:\/\/sklep.edudomo.pl\/sklep\/linia-czasu-edudomo-epoki-1\/#primaryimage\",\"url\":\"https:\/\/sklep.edudomo.pl\/wp-content\/uploads\/2021\/01\/IMG_3376-scaled.jpg\",\"contentUrl\":\"https:\/\/sklep.edudomo.pl\/wp-content\/uploads\/2021\/01\/IMG_3376-scaled.jpg\",\"width\":2560,\"height\":1855,\"caption\":\"Uk\u0142adanka EduDoMo linia czasu. Epoki 1.\"},{\"@type\":\"BreadcrumbList\",\"@id\":\"https:\/\/sklep.edudomo.pl\/sklep\/linia-czasu-edudomo-epoki-1\/#breadcrumb\",\"itemListElement\":[{\"@type\":\"ListItem\",\"position\":1,\"name\":\"Strona g\u0142\u00f3wna\",\"item\":\"https:\/\/sklep.edudomo.pl\/\"},{\"@type\":\"ListItem\",\"position\":2,\"name\":\"Sklep\",\"item\":\"https:\/\/sklep.edudomo.pl\/\"},{\"@type\":\"ListItem\",\"position\":3,\"name\":\"Linia czasu EduDoMo. Epoki 1.\"}]},{\"@type\":\"WebSite\",\"@id\":\"https:\/\/sklep.edudomo.pl\/#website\",\"url\":\"https:\/\/sklep.edudomo.pl\/\",\"name\":\"sklep EduDoMo\",\"description\":\"Edukacja Domowa. Terapia. Wspieranie Talent&oacute;w\",\"publisher\":{\"@id\":\"https:\/\/sklep.edudomo.pl\/#organization\"},\"potentialAction\":[{\"@type\":\"SearchAction\",\"target\":{\"@type\":\"EntryPoint\",\"urlTemplate\":\"https:\/\/sklep.edudomo.pl\/?s={search_term_string}\"},\"query-input\":{\"@type\":\"PropertyValueSpecification\",\"valueRequired\":true,\"valueName\":\"search_term_string\"}}],\"inLanguage\":\"en-GB\"},{\"@type\":\"Organization\",\"@id\":\"https:\/\/sklep.edudomo.pl\/#organization\",\"name\":\"EduDoMo\",\"url\":\"https:\/\/sklep.edudomo.pl\/\",\"logo\":{\"@type\":\"ImageObject\",\"inLanguage\":\"en-GB\",\"@id\":\"https:\/\/sklep.edudomo.pl\/#\/schema\/logo\/image\/\",\"url\":\"https:\/\/sklep.edudomo.pl\/wp-content\/uploads\/2019\/11\/cropped-logo-edudomo-sowa.jpg\",\"contentUrl\":\"https:\/\/sklep.edudomo.pl\/wp-content\/uploads\/2019\/11\/cropped-logo-edudomo-sowa.jpg\",\"width\":120,\"height\":120,\"caption\":\"EduDoMo\"},\"image\":{\"@id\":\"https:\/\/sklep.edudomo.pl\/#\/schema\/logo\/image\/\"}}]}<\/script>\n<!-- \/ Yoast SEO plugin. -->","yoast_head_json":{"title":"Linia czasu EduDoMo. Epoki 1.","robots":{"index":"index","follow":"follow","max-snippet":"max-snippet:-1","max-image-preview":"max-image-preview:large","max-video-preview":"max-video-preview:-1"},"canonical":"https:\/\/sklep.edudomo.pl\/en\/sklep\/linia-czasu-edudomo-epoki-1\/","og_locale":"en_GB","og_type":"article","og_title":"[:pl]Linia czasu EduDoMo. Epoki 1.[:] - sklep EduDoMo","og_description":"Uk\u0142adanka EduDoMo linia czasu. Epoki 1 to tablica kontrolna do puzzli: Uk\u0142adanka EduDoMo linia czasu. Epoki 2, ale mo\u017cna j\u0105 u\u017cywa\u0107 osobno ucz\u0105c si\u0119 wa\u017cnych wydarze\u0144 historycznych i element\u00f3w charakterystycznych dla danej epoki. Zestaw zawiera: plansza o wymiarach 53cm x 28cm 9 k\u00f3\u0142 z wizerunkami wydarze\u0144 lub charakterystycznych element\u00f3w dla danej epoki. Na rewersach okr\u0105g\u0142ychRead More","og_url":"https:\/\/sklep.edudomo.pl\/en\/sklep\/linia-czasu-edudomo-epoki-1\/","og_site_name":"sklep EduDoMo","article_modified_time":"2025-11-25T17:24:47+00:00","og_image":[{"width":2560,"height":1855,"url":"https:\/\/sklep.edudomo.pl\/wp-content\/uploads\/2021\/01\/IMG_3376-scaled.jpg","type":"image\/jpeg"}],"twitter_card":"summary_large_image","schema":{"@context":"https:\/\/schema.org","@graph":[{"@type":"WebPage","@id":"https:\/\/sklep.edudomo.pl\/sklep\/linia-czasu-edudomo-epoki-1\/","url":"https:\/\/sklep.edudomo.pl\/sklep\/linia-czasu-edudomo-epoki-1\/","name":"Linia czasu EduDoMo. Epoki 1.","isPartOf":{"@id":"https:\/\/sklep.edudomo.pl\/#website"},"primaryImageOfPage":{"@id":"https:\/\/sklep.edudomo.pl\/sklep\/linia-czasu-edudomo-epoki-1\/#primaryimage"},"image":{"@id":"https:\/\/sklep.edudomo.pl\/sklep\/linia-czasu-edudomo-epoki-1\/#primaryimage"},"thumbnailUrl":"https:\/\/sklep.edudomo.pl\/wp-content\/uploads\/2021\/01\/IMG_3376-scaled.jpg","datePublished":"2021-01-25T11:31:27+00:00","dateModified":"2025-11-25T17:24:47+00:00","breadcrumb":{"@id":"https:\/\/sklep.edudomo.pl\/sklep\/linia-czasu-edudomo-epoki-1\/#breadcrumb"},"inLanguage":"en-GB","potentialAction":[{"@type":"ReadAction","target":["https:\/\/sklep.edudomo.pl\/sklep\/linia-czasu-edudomo-epoki-1\/"]}]},{"@type":"ImageObject","inLanguage":"en-GB","@id":"https:\/\/sklep.edudomo.pl\/sklep\/linia-czasu-edudomo-epoki-1\/#primaryimage","url":"https:\/\/sklep.edudomo.pl\/wp-content\/uploads\/2021\/01\/IMG_3376-scaled.jpg","contentUrl":"https:\/\/sklep.edudomo.pl\/wp-content\/uploads\/2021\/01\/IMG_3376-scaled.jpg","width":2560,"height":1855,"caption":"Uk\u0142adanka EduDoMo linia czasu. Epoki 1."},{"@type":"BreadcrumbList","@id":"https:\/\/sklep.edudomo.pl\/sklep\/linia-czasu-edudomo-epoki-1\/#breadcrumb","itemListElement":[{"@type":"ListItem","position":1,"name":"Strona g\u0142\u00f3wna","item":"https:\/\/sklep.edudomo.pl\/"},{"@type":"ListItem","position":2,"name":"Sklep","item":"https:\/\/sklep.edudomo.pl\/"},{"@type":"ListItem","position":3,"name":"Linia czasu EduDoMo. Epoki 1."}]},{"@type":"WebSite","@id":"https:\/\/sklep.edudomo.pl\/#website","url":"https:\/\/sklep.edudomo.pl\/","name":"sklep EduDoMo","description":"Edukacja Domowa. Terapia. Wspieranie Talent&oacute;w","publisher":{"@id":"https:\/\/sklep.edudomo.pl\/#organization"},"potentialAction":[{"@type":"SearchAction","target":{"@type":"EntryPoint","urlTemplate":"https:\/\/sklep.edudomo.pl\/?s={search_term_string}"},"query-input":{"@type":"PropertyValueSpecification","valueRequired":true,"valueName":"search_term_string"}}],"inLanguage":"en-GB"},{"@type":"Organization","@id":"https:\/\/sklep.edudomo.pl\/#organization","name":"EduDoMo","url":"https:\/\/sklep.edudomo.pl\/","logo":{"@type":"ImageObject","inLanguage":"en-GB","@id":"https:\/\/sklep.edudomo.pl\/#\/schema\/logo\/image\/","url":"https:\/\/sklep.edudomo.pl\/wp-content\/uploads\/2019\/11\/cropped-logo-edudomo-sowa.jpg","contentUrl":"https:\/\/sklep.edudomo.pl\/wp-content\/uploads\/2019\/11\/cropped-logo-edudomo-sowa.jpg","width":120,"height":120,"caption":"EduDoMo"},"image":{"@id":"https:\/\/sklep.edudomo.pl\/#\/schema\/logo\/image\/"}}]}},"jetpack_sharing_enabled":true,"_links":{"self":[{"href":"https:\/\/sklep.edudomo.pl\/en\/wp-json\/wp\/v2\/product\/3899","targetHints":{"allow":["GET"]}}],"collection":[{"href":"https:\/\/sklep.edudomo.pl\/en\/wp-json\/wp\/v2\/product"}],"about":[{"href":"https:\/\/sklep.edudomo.pl\/en\/wp-json\/wp\/v2\/types\/product"}],"replies":[{"embeddable":true,"href":"https:\/\/sklep.edudomo.pl\/en\/wp-json\/wp\/v2\/comments?post=3899"}],"wp:featuredmedia":[{"embeddable":true,"href":"https:\/\/sklep.edudomo.pl\/en\/wp-json\/wp\/v2\/media\/3900"}],"wp:attachment":[{"href":"https:\/\/sklep.edudomo.pl\/en\/wp-json\/wp\/v2\/media?parent=3899"}],"wp:term":[{"taxonomy":"product_brand","embeddable":true,"href":"https:\/\/sklep.edudomo.pl\/en\/wp-json\/wp\/v2\/product_brand?post=3899"},{"taxonomy":"product_cat","embeddable":true,"href":"https:\/\/sklep.edudomo.pl\/en\/wp-json\/wp\/v2\/product_cat?post=3899"},{"taxonomy":"product_tag","embeddable":true,"href":"https:\/\/sklep.edudomo.pl\/en\/wp-json\/wp\/v2\/product_tag?post=3899"}],"curies":[{"name":"wp","href":"https:\/\/api.w.org\/{rel}","templated":true}]}}