{"id":3912,"date":"2021-01-26T13:18:34","date_gmt":"2021-01-26T13:18:34","guid":{"rendered":"https:\/\/sklep.edudomo.pl\/?post_type=product&#038;p=3912"},"modified":"2025-11-25T17:24:38","modified_gmt":"2025-11-25T17:24:38","slug":"szablony-6-tac-figur-geometrycznych","status":"publish","type":"product","link":"https:\/\/sklep.edudomo.pl\/en\/sklep\/szablony-6-tac-figur-geometrycznych\/","title":{"rendered":"Szablony: 7 tac figur geometrycznych"},"content":{"rendered":"<p>Szablony: 7 tac figur geometrycznych<\/p>\n<p>To materia\u0142 dydaktyczny, kt\u00f3ry s\u0142u\u017cy sensorycznemu poznaniu, badaniu i nazywaniu przez dziecko kszta\u0142t\u00f3w oraz w\u0142a\u015bciwo\u015bci figur geometrycznych.<\/p>\n<p>Zestaw zawiera:<\/p>\n<p>-taca k\u00f3\u0142,<\/p>\n<p>-taca prostok\u0105t\u00f3w,<\/p>\n<p>-taca tr\u00f3jk\u0105t\u00f3w<\/p>\n<p>-taca wielok\u0105t\u00f3w foremnych,<\/p>\n<p>-taca czworok\u0105t\u00f3w,<\/p>\n<p>-taca figur sferycznych<\/p>\n<p>Jest to materia\u0142 Montessori i nie zawiera instrukcji.<\/p>\n","protected":false},"excerpt":{"rendered":"<p>Szablony: 7 tac figur geometrycznych To materia\u0142 dydaktyczny, kt\u00f3ry s\u0142u\u017cy sensorycznemu poznaniu, badaniu i nazywaniu przez dziecko kszta\u0142t\u00f3w oraz w\u0142a\u015bciwo\u015bci figur geometrycznych. Zestaw zawiera: -taca k\u00f3\u0142, -taca prostok\u0105t\u00f3w, -taca tr\u00f3jk\u0105t\u00f3w -taca wielok\u0105t\u00f3w foremnych, -taca czworok\u0105t\u00f3w, -taca figur sferycznych Jest to materia\u0142 Montessori i nie zawiera instrukcji.<\/p>\n","protected":false},"featured_media":3930,"comment_status":"open","ping_status":"closed","template":"","meta":[],"product_brand":[],"product_cat":[85,86],"product_tag":[],"class_list":{"0":"post-3912","1":"product","2":"type-product","3":"status-publish","4":"has-post-thumbnail","6":"product_cat-eukacja-matematyczna","7":"product_cat-material-sensoryczny","9":"first","10":"onbackorder","11":"taxable","12":"shipping-taxable","13":"purchasable","14":"product-type-simple"},"yoast_head":"<!-- This site is optimized with the Yoast SEO plugin v26.5 - https:\/\/yoast.com\/wordpress\/plugins\/seo\/ -->\n<title>Szablony: 7 tac figur geometrycznych<\/title>\n<meta name=\"robots\" content=\"index, follow, max-snippet:-1, max-image-preview:large, max-video-preview:-1\" \/>\n<link rel=\"canonical\" href=\"https:\/\/sklep.edudomo.pl\/en\/sklep\/szablony-6-tac-figur-geometrycznych\/\" \/>\n<meta property=\"og:locale\" content=\"en_GB\" \/>\n<meta property=\"og:locale:alternate\" content=\"pl_PL\" \/>\n<meta property=\"og:type\" content=\"article\" \/>\n<meta property=\"og:title\" content=\"Szablony: 7 tac figur geometrycznych\" \/>\n<meta property=\"og:description\" content=\"Szablony: 7 tac figur geometrycznych To materia\u0142 dydaktyczny, kt\u00f3ry s\u0142u\u017cy sensorycznemu poznaniu, badaniu i nazywaniu przez dziecko kszta\u0142t\u00f3w oraz w\u0142a\u015bciwo\u015bci figur geometrycznych. Zestaw zawiera: -taca k\u00f3\u0142, -taca prostok\u0105t\u00f3w, -taca tr\u00f3jk\u0105t\u00f3w -taca wielok\u0105t\u00f3w foremnych, -taca czworok\u0105t\u00f3w, -taca figur sferycznych Jest to materia\u0142 Montessori i nie zawiera instrukcji.\" \/>\n<meta property=\"og:url\" content=\"https:\/\/sklep.edudomo.pl\/en\/sklep\/szablony-6-tac-figur-geometrycznych\/\" \/>\n<meta property=\"og:site_name\" content=\"sklep EduDoMo\" \/>\n<meta property=\"article:modified_time\" content=\"2025-11-25T17:24:38+00:00\" \/>\n<meta property=\"og:image\" content=\"https:\/\/sklep.edudomo.pl\/wp-content\/uploads\/2021\/01\/IMG_3516.jpg\" \/>\n\t<meta property=\"og:image:width\" content=\"320\" \/>\n\t<meta property=\"og:image:height\" content=\"222\" \/>\n\t<meta property=\"og:image:type\" content=\"image\/jpeg\" \/>\n<meta name=\"twitter:card\" content=\"summary_large_image\" \/>\n<script type=\"application\/ld+json\" class=\"yoast-schema-graph\">{\"@context\":\"https:\/\/schema.org\",\"@graph\":[{\"@type\":\"WebPage\",\"@id\":\"https:\/\/sklep.edudomo.pl\/sklep\/szablony-6-tac-figur-geometrycznych\/\",\"url\":\"https:\/\/sklep.edudomo.pl\/sklep\/szablony-6-tac-figur-geometrycznych\/\",\"name\":\"Szablony: 7 tac figur geometrycznych\",\"isPartOf\":{\"@id\":\"https:\/\/sklep.edudomo.pl\/#website\"},\"primaryImageOfPage\":{\"@id\":\"https:\/\/sklep.edudomo.pl\/sklep\/szablony-6-tac-figur-geometrycznych\/#primaryimage\"},\"image\":{\"@id\":\"https:\/\/sklep.edudomo.pl\/sklep\/szablony-6-tac-figur-geometrycznych\/#primaryimage\"},\"thumbnailUrl\":\"https:\/\/sklep.edudomo.pl\/wp-content\/uploads\/2021\/01\/IMG_3516.jpg\",\"datePublished\":\"2021-01-26T13:18:34+00:00\",\"dateModified\":\"2025-11-25T17:24:38+00:00\",\"breadcrumb\":{\"@id\":\"https:\/\/sklep.edudomo.pl\/sklep\/szablony-6-tac-figur-geometrycznych\/#breadcrumb\"},\"inLanguage\":\"en-GB\",\"potentialAction\":[{\"@type\":\"ReadAction\",\"target\":[\"https:\/\/sklep.edudomo.pl\/sklep\/szablony-6-tac-figur-geometrycznych\/\"]}]},{\"@type\":\"ImageObject\",\"inLanguage\":\"en-GB\",\"@id\":\"https:\/\/sklep.edudomo.pl\/sklep\/szablony-6-tac-figur-geometrycznych\/#primaryimage\",\"url\":\"https:\/\/sklep.edudomo.pl\/wp-content\/uploads\/2021\/01\/IMG_3516.jpg\",\"contentUrl\":\"https:\/\/sklep.edudomo.pl\/wp-content\/uploads\/2021\/01\/IMG_3516.jpg\",\"width\":320,\"height\":222,\"caption\":\"figury geometryczne\"},{\"@type\":\"BreadcrumbList\",\"@id\":\"https:\/\/sklep.edudomo.pl\/sklep\/szablony-6-tac-figur-geometrycznych\/#breadcrumb\",\"itemListElement\":[{\"@type\":\"ListItem\",\"position\":1,\"name\":\"Strona g\u0142\u00f3wna\",\"item\":\"https:\/\/sklep.edudomo.pl\/\"},{\"@type\":\"ListItem\",\"position\":2,\"name\":\"Sklep\",\"item\":\"https:\/\/sklep.edudomo.pl\/\"},{\"@type\":\"ListItem\",\"position\":3,\"name\":\"Szablony: 7 tac figur geometrycznych\"}]},{\"@type\":\"WebSite\",\"@id\":\"https:\/\/sklep.edudomo.pl\/#website\",\"url\":\"https:\/\/sklep.edudomo.pl\/\",\"name\":\"sklep EduDoMo\",\"description\":\"Edukacja Domowa. Terapia. Wspieranie Talent&oacute;w\",\"publisher\":{\"@id\":\"https:\/\/sklep.edudomo.pl\/#organization\"},\"potentialAction\":[{\"@type\":\"SearchAction\",\"target\":{\"@type\":\"EntryPoint\",\"urlTemplate\":\"https:\/\/sklep.edudomo.pl\/?s={search_term_string}\"},\"query-input\":{\"@type\":\"PropertyValueSpecification\",\"valueRequired\":true,\"valueName\":\"search_term_string\"}}],\"inLanguage\":\"en-GB\"},{\"@type\":\"Organization\",\"@id\":\"https:\/\/sklep.edudomo.pl\/#organization\",\"name\":\"EduDoMo\",\"url\":\"https:\/\/sklep.edudomo.pl\/\",\"logo\":{\"@type\":\"ImageObject\",\"inLanguage\":\"en-GB\",\"@id\":\"https:\/\/sklep.edudomo.pl\/#\/schema\/logo\/image\/\",\"url\":\"https:\/\/sklep.edudomo.pl\/wp-content\/uploads\/2019\/11\/cropped-logo-edudomo-sowa.jpg\",\"contentUrl\":\"https:\/\/sklep.edudomo.pl\/wp-content\/uploads\/2019\/11\/cropped-logo-edudomo-sowa.jpg\",\"width\":120,\"height\":120,\"caption\":\"EduDoMo\"},\"image\":{\"@id\":\"https:\/\/sklep.edudomo.pl\/#\/schema\/logo\/image\/\"}}]}<\/script>\n<!-- \/ Yoast SEO plugin. -->","yoast_head_json":{"title":"Szablony: 7 tac figur geometrycznych","robots":{"index":"index","follow":"follow","max-snippet":"max-snippet:-1","max-image-preview":"max-image-preview:large","max-video-preview":"max-video-preview:-1"},"canonical":"https:\/\/sklep.edudomo.pl\/en\/sklep\/szablony-6-tac-figur-geometrycznych\/","og_locale":"en_GB","og_type":"article","og_title":"[:pl]Szablony: 7 tac figur geometrycznych[:] - sklep EduDoMo","og_description":"Szablony: 7 tac figur geometrycznych To materia\u0142 dydaktyczny, kt\u00f3ry s\u0142u\u017cy sensorycznemu poznaniu, badaniu i nazywaniu przez dziecko kszta\u0142t\u00f3w oraz w\u0142a\u015bciwo\u015bci figur geometrycznych. Zestaw zawiera: -taca k\u00f3\u0142, -taca prostok\u0105t\u00f3w, -taca tr\u00f3jk\u0105t\u00f3w -taca wielok\u0105t\u00f3w foremnych, -taca czworok\u0105t\u00f3w, -taca figur sferycznych Jest to materia\u0142 Montessori i nie zawiera instrukcji.","og_url":"https:\/\/sklep.edudomo.pl\/en\/sklep\/szablony-6-tac-figur-geometrycznych\/","og_site_name":"sklep EduDoMo","article_modified_time":"2025-11-25T17:24:38+00:00","og_image":[{"width":320,"height":222,"url":"https:\/\/sklep.edudomo.pl\/wp-content\/uploads\/2021\/01\/IMG_3516.jpg","type":"image\/jpeg"}],"twitter_card":"summary_large_image","schema":{"@context":"https:\/\/schema.org","@graph":[{"@type":"WebPage","@id":"https:\/\/sklep.edudomo.pl\/sklep\/szablony-6-tac-figur-geometrycznych\/","url":"https:\/\/sklep.edudomo.pl\/sklep\/szablony-6-tac-figur-geometrycznych\/","name":"Szablony: 7 tac figur geometrycznych","isPartOf":{"@id":"https:\/\/sklep.edudomo.pl\/#website"},"primaryImageOfPage":{"@id":"https:\/\/sklep.edudomo.pl\/sklep\/szablony-6-tac-figur-geometrycznych\/#primaryimage"},"image":{"@id":"https:\/\/sklep.edudomo.pl\/sklep\/szablony-6-tac-figur-geometrycznych\/#primaryimage"},"thumbnailUrl":"https:\/\/sklep.edudomo.pl\/wp-content\/uploads\/2021\/01\/IMG_3516.jpg","datePublished":"2021-01-26T13:18:34+00:00","dateModified":"2025-11-25T17:24:38+00:00","breadcrumb":{"@id":"https:\/\/sklep.edudomo.pl\/sklep\/szablony-6-tac-figur-geometrycznych\/#breadcrumb"},"inLanguage":"en-GB","potentialAction":[{"@type":"ReadAction","target":["https:\/\/sklep.edudomo.pl\/sklep\/szablony-6-tac-figur-geometrycznych\/"]}]},{"@type":"ImageObject","inLanguage":"en-GB","@id":"https:\/\/sklep.edudomo.pl\/sklep\/szablony-6-tac-figur-geometrycznych\/#primaryimage","url":"https:\/\/sklep.edudomo.pl\/wp-content\/uploads\/2021\/01\/IMG_3516.jpg","contentUrl":"https:\/\/sklep.edudomo.pl\/wp-content\/uploads\/2021\/01\/IMG_3516.jpg","width":320,"height":222,"caption":"figury geometryczne"},{"@type":"BreadcrumbList","@id":"https:\/\/sklep.edudomo.pl\/sklep\/szablony-6-tac-figur-geometrycznych\/#breadcrumb","itemListElement":[{"@type":"ListItem","position":1,"name":"Strona g\u0142\u00f3wna","item":"https:\/\/sklep.edudomo.pl\/"},{"@type":"ListItem","position":2,"name":"Sklep","item":"https:\/\/sklep.edudomo.pl\/"},{"@type":"ListItem","position":3,"name":"Szablony: 7 tac figur geometrycznych"}]},{"@type":"WebSite","@id":"https:\/\/sklep.edudomo.pl\/#website","url":"https:\/\/sklep.edudomo.pl\/","name":"sklep EduDoMo","description":"Edukacja Domowa. Terapia. Wspieranie Talent&oacute;w","publisher":{"@id":"https:\/\/sklep.edudomo.pl\/#organization"},"potentialAction":[{"@type":"SearchAction","target":{"@type":"EntryPoint","urlTemplate":"https:\/\/sklep.edudomo.pl\/?s={search_term_string}"},"query-input":{"@type":"PropertyValueSpecification","valueRequired":true,"valueName":"search_term_string"}}],"inLanguage":"en-GB"},{"@type":"Organization","@id":"https:\/\/sklep.edudomo.pl\/#organization","name":"EduDoMo","url":"https:\/\/sklep.edudomo.pl\/","logo":{"@type":"ImageObject","inLanguage":"en-GB","@id":"https:\/\/sklep.edudomo.pl\/#\/schema\/logo\/image\/","url":"https:\/\/sklep.edudomo.pl\/wp-content\/uploads\/2019\/11\/cropped-logo-edudomo-sowa.jpg","contentUrl":"https:\/\/sklep.edudomo.pl\/wp-content\/uploads\/2019\/11\/cropped-logo-edudomo-sowa.jpg","width":120,"height":120,"caption":"EduDoMo"},"image":{"@id":"https:\/\/sklep.edudomo.pl\/#\/schema\/logo\/image\/"}}]}},"jetpack_sharing_enabled":true,"_links":{"self":[{"href":"https:\/\/sklep.edudomo.pl\/en\/wp-json\/wp\/v2\/product\/3912","targetHints":{"allow":["GET"]}}],"collection":[{"href":"https:\/\/sklep.edudomo.pl\/en\/wp-json\/wp\/v2\/product"}],"about":[{"href":"https:\/\/sklep.edudomo.pl\/en\/wp-json\/wp\/v2\/types\/product"}],"replies":[{"embeddable":true,"href":"https:\/\/sklep.edudomo.pl\/en\/wp-json\/wp\/v2\/comments?post=3912"}],"wp:featuredmedia":[{"embeddable":true,"href":"https:\/\/sklep.edudomo.pl\/en\/wp-json\/wp\/v2\/media\/3930"}],"wp:attachment":[{"href":"https:\/\/sklep.edudomo.pl\/en\/wp-json\/wp\/v2\/media?parent=3912"}],"wp:term":[{"taxonomy":"product_brand","embeddable":true,"href":"https:\/\/sklep.edudomo.pl\/en\/wp-json\/wp\/v2\/product_brand?post=3912"},{"taxonomy":"product_cat","embeddable":true,"href":"https:\/\/sklep.edudomo.pl\/en\/wp-json\/wp\/v2\/product_cat?post=3912"},{"taxonomy":"product_tag","embeddable":true,"href":"https:\/\/sklep.edudomo.pl\/en\/wp-json\/wp\/v2\/product_tag?post=3912"}],"curies":[{"name":"wp","href":"https:\/\/api.w.org\/{rel}","templated":true}]}}