{"id":3975,"date":"2021-01-29T20:21:06","date_gmt":"2021-01-29T20:21:06","guid":{"rendered":"https:\/\/sklep.edudomo.pl\/?post_type=product&#038;p=3975"},"modified":"2025-11-25T17:23:23","modified_gmt":"2025-11-25T17:23:23","slug":"rzeczownik-deklinacja","status":"publish","type":"product","link":"https:\/\/sklep.edudomo.pl\/en\/sklep\/rzeczownik-deklinacja\/","title":{"rendered":"RZECZOWNIK. Deklinacja"},"content":{"rendered":"<p>RZECZOWNIK. Deklinacja<\/p>\n<p>Uk\u0142adanka o wymiarach 20cmx20cm, kt\u00f3ra przedstawia tr\u00f3jk\u0105t r\u00f3wnoboczny z zapisanymi przypadkami rzeczownika.<\/p>\n<p>Czarne elementy, kt\u00f3re nale\u017cy u\u0142o\u017cy\u0107 to pytania do poszczeg\u00f3lnych przypadk\u00f3w.<\/p>\n<p>Kontrol\u0105 b\u0142\u0119du jest prawid\u0142owe u\u0142o\u017cenie puzzli.<\/p>\n","protected":false},"excerpt":{"rendered":"<p>RZECZOWNIK. Deklinacja Uk\u0142adanka o wymiarach 20cmx20cm, kt\u00f3ra przedstawia tr\u00f3jk\u0105t r\u00f3wnoboczny z zapisanymi przypadkami rzeczownika. Czarne elementy, kt\u00f3re nale\u017cy u\u0142o\u017cy\u0107 to pytania do poszczeg\u00f3lnych przypadk\u00f3w. Kontrol\u0105 b\u0142\u0119du jest prawid\u0142owe u\u0142o\u017cenie puzzli.<\/p>\n","protected":false},"featured_media":10853,"comment_status":"open","ping_status":"closed","template":"","meta":[],"product_brand":[],"product_cat":[88],"product_tag":[],"class_list":{"0":"post-3975","1":"product","2":"type-product","3":"status-publish","4":"has-post-thumbnail","6":"product_cat-material-jezykowy","7":"product_shipping_class-inpost-kurier-a","9":"first","10":"onbackorder","11":"taxable","12":"shipping-taxable","13":"purchasable","14":"product-type-simple"},"yoast_head":"<!-- This site is optimized with the Yoast SEO plugin v26.5 - https:\/\/yoast.com\/wordpress\/plugins\/seo\/ -->\n<title>RZECZOWNIK. Deklinacja<\/title>\n<meta name=\"robots\" content=\"index, follow, max-snippet:-1, max-image-preview:large, max-video-preview:-1\" \/>\n<link rel=\"canonical\" href=\"https:\/\/sklep.edudomo.pl\/en\/sklep\/rzeczownik-deklinacja\/\" \/>\n<meta property=\"og:locale\" content=\"en_GB\" \/>\n<meta property=\"og:locale:alternate\" content=\"pl_PL\" \/>\n<meta property=\"og:type\" content=\"article\" \/>\n<meta property=\"og:title\" content=\"RZECZOWNIK. Deklinacja\" \/>\n<meta property=\"og:description\" content=\"RZECZOWNIK. Deklinacja Uk\u0142adanka o wymiarach 20cmx20cm, kt\u00f3ra przedstawia tr\u00f3jk\u0105t r\u00f3wnoboczny z zapisanymi przypadkami rzeczownika. Czarne elementy, kt\u00f3re nale\u017cy u\u0142o\u017cy\u0107 to pytania do poszczeg\u00f3lnych przypadk\u00f3w. Kontrol\u0105 b\u0142\u0119du jest prawid\u0142owe u\u0142o\u017cenie puzzli.\" \/>\n<meta property=\"og:url\" content=\"https:\/\/sklep.edudomo.pl\/en\/sklep\/rzeczownik-deklinacja\/\" \/>\n<meta property=\"og:site_name\" content=\"sklep EduDoMo\" \/>\n<meta property=\"article:modified_time\" content=\"2025-11-25T17:23:23+00:00\" \/>\n<meta property=\"og:image\" content=\"https:\/\/sklep.edudomo.pl\/wp-content\/uploads\/2022\/02\/IMG_6469.jpg\" \/>\n\t<meta property=\"og:image:width\" content=\"640\" \/>\n\t<meta property=\"og:image:height\" content=\"576\" \/>\n\t<meta property=\"og:image:type\" content=\"image\/jpeg\" \/>\n<meta name=\"twitter:card\" content=\"summary_large_image\" \/>\n<meta name=\"twitter:label1\" content=\"Estimated reading time\" \/>\n\t<meta name=\"twitter:data1\" content=\"1 minute\" \/>\n<script type=\"application\/ld+json\" class=\"yoast-schema-graph\">{\"@context\":\"https:\/\/schema.org\",\"@graph\":[{\"@type\":\"WebPage\",\"@id\":\"https:\/\/sklep.edudomo.pl\/sklep\/rzeczownik-deklinacja\/\",\"url\":\"https:\/\/sklep.edudomo.pl\/sklep\/rzeczownik-deklinacja\/\",\"name\":\"RZECZOWNIK. Deklinacja\",\"isPartOf\":{\"@id\":\"https:\/\/sklep.edudomo.pl\/#website\"},\"primaryImageOfPage\":{\"@id\":\"https:\/\/sklep.edudomo.pl\/sklep\/rzeczownik-deklinacja\/#primaryimage\"},\"image\":{\"@id\":\"https:\/\/sklep.edudomo.pl\/sklep\/rzeczownik-deklinacja\/#primaryimage\"},\"thumbnailUrl\":\"https:\/\/sklep.edudomo.pl\/wp-content\/uploads\/2022\/02\/IMG_6469.jpg\",\"datePublished\":\"2021-01-29T20:21:06+00:00\",\"dateModified\":\"2025-11-25T17:23:23+00:00\",\"breadcrumb\":{\"@id\":\"https:\/\/sklep.edudomo.pl\/sklep\/rzeczownik-deklinacja\/#breadcrumb\"},\"inLanguage\":\"en-GB\",\"potentialAction\":[{\"@type\":\"ReadAction\",\"target\":[\"https:\/\/sklep.edudomo.pl\/sklep\/rzeczownik-deklinacja\/\"]}]},{\"@type\":\"ImageObject\",\"inLanguage\":\"en-GB\",\"@id\":\"https:\/\/sklep.edudomo.pl\/sklep\/rzeczownik-deklinacja\/#primaryimage\",\"url\":\"https:\/\/sklep.edudomo.pl\/wp-content\/uploads\/2022\/02\/IMG_6469.jpg\",\"contentUrl\":\"https:\/\/sklep.edudomo.pl\/wp-content\/uploads\/2022\/02\/IMG_6469.jpg\",\"width\":640,\"height\":576,\"caption\":\"rzeczownik\"},{\"@type\":\"BreadcrumbList\",\"@id\":\"https:\/\/sklep.edudomo.pl\/sklep\/rzeczownik-deklinacja\/#breadcrumb\",\"itemListElement\":[{\"@type\":\"ListItem\",\"position\":1,\"name\":\"Strona g\u0142\u00f3wna\",\"item\":\"https:\/\/sklep.edudomo.pl\/\"},{\"@type\":\"ListItem\",\"position\":2,\"name\":\"Sklep\",\"item\":\"https:\/\/sklep.edudomo.pl\/\"},{\"@type\":\"ListItem\",\"position\":3,\"name\":\"RZECZOWNIK. Deklinacja\"}]},{\"@type\":\"WebSite\",\"@id\":\"https:\/\/sklep.edudomo.pl\/#website\",\"url\":\"https:\/\/sklep.edudomo.pl\/\",\"name\":\"sklep EduDoMo\",\"description\":\"Edukacja Domowa. Terapia. Wspieranie Talent&oacute;w\",\"publisher\":{\"@id\":\"https:\/\/sklep.edudomo.pl\/#organization\"},\"potentialAction\":[{\"@type\":\"SearchAction\",\"target\":{\"@type\":\"EntryPoint\",\"urlTemplate\":\"https:\/\/sklep.edudomo.pl\/?s={search_term_string}\"},\"query-input\":{\"@type\":\"PropertyValueSpecification\",\"valueRequired\":true,\"valueName\":\"search_term_string\"}}],\"inLanguage\":\"en-GB\"},{\"@type\":\"Organization\",\"@id\":\"https:\/\/sklep.edudomo.pl\/#organization\",\"name\":\"EduDoMo\",\"url\":\"https:\/\/sklep.edudomo.pl\/\",\"logo\":{\"@type\":\"ImageObject\",\"inLanguage\":\"en-GB\",\"@id\":\"https:\/\/sklep.edudomo.pl\/#\/schema\/logo\/image\/\",\"url\":\"https:\/\/sklep.edudomo.pl\/wp-content\/uploads\/2019\/11\/cropped-logo-edudomo-sowa.jpg\",\"contentUrl\":\"https:\/\/sklep.edudomo.pl\/wp-content\/uploads\/2019\/11\/cropped-logo-edudomo-sowa.jpg\",\"width\":120,\"height\":120,\"caption\":\"EduDoMo\"},\"image\":{\"@id\":\"https:\/\/sklep.edudomo.pl\/#\/schema\/logo\/image\/\"}}]}<\/script>\n<!-- \/ Yoast SEO plugin. -->","yoast_head_json":{"title":"RZECZOWNIK. Deklinacja","robots":{"index":"index","follow":"follow","max-snippet":"max-snippet:-1","max-image-preview":"max-image-preview:large","max-video-preview":"max-video-preview:-1"},"canonical":"https:\/\/sklep.edudomo.pl\/en\/sklep\/rzeczownik-deklinacja\/","og_locale":"en_GB","og_type":"article","og_title":"[:pl]RZECZOWNIK. Deklinacja[:] - sklep EduDoMo","og_description":"RZECZOWNIK. Deklinacja Uk\u0142adanka o wymiarach 20cmx20cm, kt\u00f3ra przedstawia tr\u00f3jk\u0105t r\u00f3wnoboczny z zapisanymi przypadkami rzeczownika. Czarne elementy, kt\u00f3re nale\u017cy u\u0142o\u017cy\u0107 to pytania do poszczeg\u00f3lnych przypadk\u00f3w. Kontrol\u0105 b\u0142\u0119du jest prawid\u0142owe u\u0142o\u017cenie puzzli.","og_url":"https:\/\/sklep.edudomo.pl\/en\/sklep\/rzeczownik-deklinacja\/","og_site_name":"sklep EduDoMo","article_modified_time":"2025-11-25T17:23:23+00:00","og_image":[{"width":640,"height":576,"url":"https:\/\/sklep.edudomo.pl\/wp-content\/uploads\/2022\/02\/IMG_6469.jpg","type":"image\/jpeg"}],"twitter_card":"summary_large_image","twitter_misc":{"Estimated reading time":"1 minute"},"schema":{"@context":"https:\/\/schema.org","@graph":[{"@type":"WebPage","@id":"https:\/\/sklep.edudomo.pl\/sklep\/rzeczownik-deklinacja\/","url":"https:\/\/sklep.edudomo.pl\/sklep\/rzeczownik-deklinacja\/","name":"RZECZOWNIK. Deklinacja","isPartOf":{"@id":"https:\/\/sklep.edudomo.pl\/#website"},"primaryImageOfPage":{"@id":"https:\/\/sklep.edudomo.pl\/sklep\/rzeczownik-deklinacja\/#primaryimage"},"image":{"@id":"https:\/\/sklep.edudomo.pl\/sklep\/rzeczownik-deklinacja\/#primaryimage"},"thumbnailUrl":"https:\/\/sklep.edudomo.pl\/wp-content\/uploads\/2022\/02\/IMG_6469.jpg","datePublished":"2021-01-29T20:21:06+00:00","dateModified":"2025-11-25T17:23:23+00:00","breadcrumb":{"@id":"https:\/\/sklep.edudomo.pl\/sklep\/rzeczownik-deklinacja\/#breadcrumb"},"inLanguage":"en-GB","potentialAction":[{"@type":"ReadAction","target":["https:\/\/sklep.edudomo.pl\/sklep\/rzeczownik-deklinacja\/"]}]},{"@type":"ImageObject","inLanguage":"en-GB","@id":"https:\/\/sklep.edudomo.pl\/sklep\/rzeczownik-deklinacja\/#primaryimage","url":"https:\/\/sklep.edudomo.pl\/wp-content\/uploads\/2022\/02\/IMG_6469.jpg","contentUrl":"https:\/\/sklep.edudomo.pl\/wp-content\/uploads\/2022\/02\/IMG_6469.jpg","width":640,"height":576,"caption":"rzeczownik"},{"@type":"BreadcrumbList","@id":"https:\/\/sklep.edudomo.pl\/sklep\/rzeczownik-deklinacja\/#breadcrumb","itemListElement":[{"@type":"ListItem","position":1,"name":"Strona g\u0142\u00f3wna","item":"https:\/\/sklep.edudomo.pl\/"},{"@type":"ListItem","position":2,"name":"Sklep","item":"https:\/\/sklep.edudomo.pl\/"},{"@type":"ListItem","position":3,"name":"RZECZOWNIK. Deklinacja"}]},{"@type":"WebSite","@id":"https:\/\/sklep.edudomo.pl\/#website","url":"https:\/\/sklep.edudomo.pl\/","name":"sklep EduDoMo","description":"Edukacja Domowa. Terapia. Wspieranie Talent&oacute;w","publisher":{"@id":"https:\/\/sklep.edudomo.pl\/#organization"},"potentialAction":[{"@type":"SearchAction","target":{"@type":"EntryPoint","urlTemplate":"https:\/\/sklep.edudomo.pl\/?s={search_term_string}"},"query-input":{"@type":"PropertyValueSpecification","valueRequired":true,"valueName":"search_term_string"}}],"inLanguage":"en-GB"},{"@type":"Organization","@id":"https:\/\/sklep.edudomo.pl\/#organization","name":"EduDoMo","url":"https:\/\/sklep.edudomo.pl\/","logo":{"@type":"ImageObject","inLanguage":"en-GB","@id":"https:\/\/sklep.edudomo.pl\/#\/schema\/logo\/image\/","url":"https:\/\/sklep.edudomo.pl\/wp-content\/uploads\/2019\/11\/cropped-logo-edudomo-sowa.jpg","contentUrl":"https:\/\/sklep.edudomo.pl\/wp-content\/uploads\/2019\/11\/cropped-logo-edudomo-sowa.jpg","width":120,"height":120,"caption":"EduDoMo"},"image":{"@id":"https:\/\/sklep.edudomo.pl\/#\/schema\/logo\/image\/"}}]}},"jetpack_sharing_enabled":true,"_links":{"self":[{"href":"https:\/\/sklep.edudomo.pl\/en\/wp-json\/wp\/v2\/product\/3975","targetHints":{"allow":["GET"]}}],"collection":[{"href":"https:\/\/sklep.edudomo.pl\/en\/wp-json\/wp\/v2\/product"}],"about":[{"href":"https:\/\/sklep.edudomo.pl\/en\/wp-json\/wp\/v2\/types\/product"}],"replies":[{"embeddable":true,"href":"https:\/\/sklep.edudomo.pl\/en\/wp-json\/wp\/v2\/comments?post=3975"}],"wp:featuredmedia":[{"embeddable":true,"href":"https:\/\/sklep.edudomo.pl\/en\/wp-json\/wp\/v2\/media\/10853"}],"wp:attachment":[{"href":"https:\/\/sklep.edudomo.pl\/en\/wp-json\/wp\/v2\/media?parent=3975"}],"wp:term":[{"taxonomy":"product_brand","embeddable":true,"href":"https:\/\/sklep.edudomo.pl\/en\/wp-json\/wp\/v2\/product_brand?post=3975"},{"taxonomy":"product_cat","embeddable":true,"href":"https:\/\/sklep.edudomo.pl\/en\/wp-json\/wp\/v2\/product_cat?post=3975"},{"taxonomy":"product_tag","embeddable":true,"href":"https:\/\/sklep.edudomo.pl\/en\/wp-json\/wp\/v2\/product_tag?post=3975"}],"curies":[{"name":"wp","href":"https:\/\/api.w.org\/{rel}","templated":true}]}}