{"id":4004,"date":"2021-01-31T21:57:36","date_gmt":"2021-01-31T21:57:36","guid":{"rendered":"https:\/\/sklep.edudomo.pl\/?post_type=product&#038;p=4004"},"modified":"2025-11-25T17:48:05","modified_gmt":"2025-11-25T17:48:05","slug":"czasownik","status":"publish","type":"product","link":"https:\/\/sklep.edudomo.pl\/en\/sklep\/czasownik\/","title":{"rendered":"Czasownik."},"content":{"rendered":"<p style=\"margin: 0cm 0cm 7.5pt 0cm;\"><span style=\"font-size: 10.5pt; font-family: 'Arial',sans-serif; color: #4a4a4a;\">Czasownik.<\/span><\/p>\n<p style=\"box-sizing: inherit; caret-color: #4a4a4a; -webkit-tap-highlight-color: rgba(0, 0, 0, 0); -webkit-text-size-adjust: 100%; margin: 0cm 0cm 7.5pt 0cm;\"><span style=\"font-size: 10.5pt; font-family: 'Arial',sans-serif; color: #4a4a4a;\">Uk\u0142adanka o wymiarach 16,5 cm x 49cm, kt\u00f3ra przedstawia 4 czerwone ko\u0142a.\u00a0<\/span><\/p>\n<p>Uk\u0142adanka CZASOWNIK to \u00a04 ko\u0142a wiedzy<\/p>\n<p>&nbsp;<\/p>\n<ol>\n<li>Pierwsze ko\u0142o wprowadzenie do poj\u0119cia czasownika. W \u015brodku Montessoria\u0144ski symbol: czerwone ko\u0142o. A wok\u00f3\u0142 niego okr\u0119g podzielony na 3 cz\u0119\u015bci z zapisanymi pytaniami, kt\u00f3re mo\u017cna osobno k\u0142a\u015b\u0107 na otworze i popycha\u0107 palcem, aby wykona\u0142y obr\u00f3t.<\/li>\n<\/ol>\n<p>Na elementach zapisane s\u0105 pytania, kt\u00f3re wskazuj\u0105 na strony czasownika.<\/p>\n<p>Co robi?- kr\u0119ci si\u0119 (strona zwrotna),<\/p>\n<p>Co robi? \/ Co robisz? Ja kr\u0119c\u0119 ko\u0142em (strona czynna),<\/p>\n<p>Co si\u0119 dzieje? Kr\u0119ci si\u0119 ( strona zwrotna)<\/p>\n<p>Co si\u0119 dzieje? &#8211; Ja kr\u0119c\u0119 ko\u0142em (strona czynna)<\/p>\n<p>Co si\u0119 z kim\u015b (czym\u015b) dzieje? (strona bierna) ko\u0142o jest kr\u0119cone przeze mnie.<\/p>\n<p>&nbsp;<\/p>\n<ol start=\"2\">\n<li>Liczba i osoba: u\u0142o\u017cone ko\u0142o analizujemy kolejno odkrywaj\u0105c wybrane elementy np \u201eS\u0104\u201d -a) Odkrywamy go, aby sprawdzi\u0107 poprawno\u015b\u0107 w podpowiedzi:<\/li>\n<\/ol>\n<p>Oni s\u0105? One s\u0105? Oraz, aby odczyta\u0107 osob\u0119. -b) Odkrywamy fragmenty po\u0142owy ko\u0142a i odczytujemy liczb\u0119.<\/p>\n<p>&nbsp;<\/p>\n<ol start=\"3\">\n<li>Rodzaj<\/li>\n<\/ol>\n<p>Dla czasu tera\u017aniejszego nie da si\u0119 okre\u015bli\u0107 formy. Na przyk\u0142ad czasownik BY\u0106 przyjmuje form\u0119 jest JEST\/ S\u0104 .<\/p>\n<p>Rodzaj czasownika mo\u017cna okre\u015bli\u0107 w czasie przesz\u0142ym, przysz\u0142ym z\u0142o\u017conym i trybie przypuszczaj\u0105cym.<\/p>\n<p>Uk\u0142adanka przedstawia odmian\u0119 w czasie przesz\u0142ym z podzia\u0142em na liczb\u0119 mnog\u0105: zewn\u0119trzny okr\u0105g oraz liczb\u0119 pojedyncz\u0105 wewn\u0119trzny okr\u0105g<\/p>\n<p>BY\u0141 \u2013 r. m\u0119ski,\u00a0 BY\u0141A -r. \u017ce\u0144ski, \u00a0BY\u0141O-r.nijaki, BYLi \u2013 r. m\u0119skoosobowy,<\/p>\n<p>BY\u0141Y-r. niem\u0119skoosobowy dwa razy i tu \u0142atwo wida\u0107 jaka zachodzi zale\u017cno\u015b\u0107 i kt\u00f3ra forma jak si\u0119 zamienia.<\/p>\n<p>Uwaga! Nale\u017cy pami\u0119ta\u0107, \u017ce istniej\u0105 czasowniki w czasie przesz\u0142ym w liczbie pojedynczej w rodzaju m\u0119skim, kt\u00f3re okre\u015blaj\u0105\u00a0 rzeczowniki nieb\u0119d\u0105ce osobami: np. pies, garnek, dom &#8230;<\/p>\n<p>w liczbie mnogiej przechodz\u0105 do rodzaju niemeskoosobowego ! (BY\u0141\u2014->BY\u0141Y)<\/p>\n<p>&nbsp;<\/p>\n<ol start=\"4\">\n<li>Czas na naszej uk\u0142adance przedstawiony jest jako ko\u0142o z podzia\u0142em na 3 cz\u0119\u015bci- elementami mo\u017cna manipulowa\u0107 a w otwory przek\u0142ada\u0107 np. koralik i odpowiada\u0107 gdzie by\u0142, gdzie jest a gdzie b\u0119dzie&#8230;<\/li>\n<\/ol>\n<p>&nbsp;<\/p>\n<p>\u017bycz\u0119 mi\u0142ej zabawy,<\/p>\n<p>autor,\u00a0 Joanna Dubiecka- Zabierzowska<\/p>\n<p>&nbsp;<\/p>\n","protected":false},"excerpt":{"rendered":"<p>Czasownik. Uk\u0142adanka o wymiarach 16,5 cm x 49cm, kt\u00f3ra przedstawia 4 czerwone ko\u0142a.\u00a0 Uk\u0142adanka CZASOWNIK to \u00a04 ko\u0142a wiedzy &nbsp; Pierwsze ko\u0142o wprowadzenie do poj\u0119cia czasownika. W \u015brodku Montessoria\u0144ski symbol: czerwone ko\u0142o. A wok\u00f3\u0142 niego okr\u0119g podzielony na 3 cz\u0119\u015bci z zapisanymi pytaniami, kt\u00f3re mo\u017cna osobno k\u0142a\u015b\u0107 na otworze i popycha\u0107 palcem, aby wykona\u0142y obr\u00f3t.<span class=\"read-more-faq\"><a href=\"https:\/\/sklep.edudomo.pl\/en\/sklep\/czasownik\/\">Read More<\/a><\/span><\/p>\n","protected":false},"featured_media":11638,"comment_status":"open","ping_status":"closed","template":"","meta":[],"product_brand":[],"product_cat":[88],"product_tag":[121],"class_list":{"0":"post-4004","1":"product","2":"type-product","3":"status-publish","4":"has-post-thumbnail","6":"product_cat-material-jezykowy","7":"product_tag-czasownik","8":"product_shipping_class-inpost-kurier-a","10":"first","11":"onbackorder","12":"taxable","13":"shipping-taxable","14":"purchasable","15":"product-type-simple"},"yoast_head":"<!-- This site is optimized with the Yoast SEO plugin v26.5 - https:\/\/yoast.com\/wordpress\/plugins\/seo\/ -->\n<title>Czasownik.<\/title>\n<meta name=\"robots\" content=\"index, follow, max-snippet:-1, max-image-preview:large, max-video-preview:-1\" \/>\n<link rel=\"canonical\" href=\"https:\/\/sklep.edudomo.pl\/en\/sklep\/czasownik\/\" \/>\n<meta property=\"og:locale\" content=\"en_GB\" \/>\n<meta property=\"og:locale:alternate\" content=\"pl_PL\" \/>\n<meta property=\"og:type\" content=\"article\" \/>\n<meta property=\"og:title\" content=\"Czasownik.\" \/>\n<meta property=\"og:description\" content=\"Czasownik. Uk\u0142adanka o wymiarach 16,5 cm x 49cm, kt\u00f3ra przedstawia 4 czerwone ko\u0142a.\u00a0 Uk\u0142adanka CZASOWNIK to \u00a04 ko\u0142a wiedzy &nbsp; Pierwsze ko\u0142o wprowadzenie do poj\u0119cia czasownika. W \u015brodku Montessoria\u0144ski symbol: czerwone ko\u0142o. A wok\u00f3\u0142 niego okr\u0119g podzielony na 3 cz\u0119\u015bci z zapisanymi pytaniami, kt\u00f3re mo\u017cna osobno k\u0142a\u015b\u0107 na otworze i popycha\u0107 palcem, aby wykona\u0142y obr\u00f3t.Read More\" \/>\n<meta property=\"og:url\" content=\"https:\/\/sklep.edudomo.pl\/en\/sklep\/czasownik\/\" \/>\n<meta property=\"og:site_name\" content=\"sklep EduDoMo\" \/>\n<meta property=\"article:modified_time\" content=\"2025-11-25T17:48:05+00:00\" \/>\n<meta property=\"og:image\" content=\"https:\/\/sklep.edudomo.pl\/wp-content\/uploads\/2021\/01\/IMG_2790.jpeg\" \/>\n\t<meta property=\"og:image:width\" content=\"1170\" \/>\n\t<meta property=\"og:image:height\" content=\"1160\" \/>\n\t<meta property=\"og:image:type\" content=\"image\/jpeg\" \/>\n<meta name=\"twitter:card\" content=\"summary_large_image\" \/>\n<meta name=\"twitter:label1\" content=\"Estimated reading time\" \/>\n\t<meta name=\"twitter:data1\" content=\"2 minutes\" \/>\n<script type=\"application\/ld+json\" class=\"yoast-schema-graph\">{\"@context\":\"https:\/\/schema.org\",\"@graph\":[{\"@type\":\"WebPage\",\"@id\":\"https:\/\/sklep.edudomo.pl\/sklep\/czasownik\/\",\"url\":\"https:\/\/sklep.edudomo.pl\/sklep\/czasownik\/\",\"name\":\"Czasownik.\",\"isPartOf\":{\"@id\":\"https:\/\/sklep.edudomo.pl\/#website\"},\"primaryImageOfPage\":{\"@id\":\"https:\/\/sklep.edudomo.pl\/sklep\/czasownik\/#primaryimage\"},\"image\":{\"@id\":\"https:\/\/sklep.edudomo.pl\/sklep\/czasownik\/#primaryimage\"},\"thumbnailUrl\":\"https:\/\/sklep.edudomo.pl\/wp-content\/uploads\/2021\/01\/IMG_2790.jpeg\",\"datePublished\":\"2021-01-31T21:57:36+00:00\",\"dateModified\":\"2025-11-25T17:48:05+00:00\",\"breadcrumb\":{\"@id\":\"https:\/\/sklep.edudomo.pl\/sklep\/czasownik\/#breadcrumb\"},\"inLanguage\":\"en-GB\",\"potentialAction\":[{\"@type\":\"ReadAction\",\"target\":[\"https:\/\/sklep.edudomo.pl\/sklep\/czasownik\/\"]}]},{\"@type\":\"ImageObject\",\"inLanguage\":\"en-GB\",\"@id\":\"https:\/\/sklep.edudomo.pl\/sklep\/czasownik\/#primaryimage\",\"url\":\"https:\/\/sklep.edudomo.pl\/wp-content\/uploads\/2021\/01\/IMG_2790.jpeg\",\"contentUrl\":\"https:\/\/sklep.edudomo.pl\/wp-content\/uploads\/2021\/01\/IMG_2790.jpeg\",\"width\":1170,\"height\":1160},{\"@type\":\"BreadcrumbList\",\"@id\":\"https:\/\/sklep.edudomo.pl\/sklep\/czasownik\/#breadcrumb\",\"itemListElement\":[{\"@type\":\"ListItem\",\"position\":1,\"name\":\"Strona g\u0142\u00f3wna\",\"item\":\"https:\/\/sklep.edudomo.pl\/\"},{\"@type\":\"ListItem\",\"position\":2,\"name\":\"Sklep\",\"item\":\"https:\/\/sklep.edudomo.pl\/\"},{\"@type\":\"ListItem\",\"position\":3,\"name\":\"Czasownik.\"}]},{\"@type\":\"WebSite\",\"@id\":\"https:\/\/sklep.edudomo.pl\/#website\",\"url\":\"https:\/\/sklep.edudomo.pl\/\",\"name\":\"sklep EduDoMo\",\"description\":\"Edukacja Domowa. Terapia. Wspieranie Talent&oacute;w\",\"publisher\":{\"@id\":\"https:\/\/sklep.edudomo.pl\/#organization\"},\"potentialAction\":[{\"@type\":\"SearchAction\",\"target\":{\"@type\":\"EntryPoint\",\"urlTemplate\":\"https:\/\/sklep.edudomo.pl\/?s={search_term_string}\"},\"query-input\":{\"@type\":\"PropertyValueSpecification\",\"valueRequired\":true,\"valueName\":\"search_term_string\"}}],\"inLanguage\":\"en-GB\"},{\"@type\":\"Organization\",\"@id\":\"https:\/\/sklep.edudomo.pl\/#organization\",\"name\":\"EduDoMo\",\"url\":\"https:\/\/sklep.edudomo.pl\/\",\"logo\":{\"@type\":\"ImageObject\",\"inLanguage\":\"en-GB\",\"@id\":\"https:\/\/sklep.edudomo.pl\/#\/schema\/logo\/image\/\",\"url\":\"https:\/\/sklep.edudomo.pl\/wp-content\/uploads\/2019\/11\/cropped-logo-edudomo-sowa.jpg\",\"contentUrl\":\"https:\/\/sklep.edudomo.pl\/wp-content\/uploads\/2019\/11\/cropped-logo-edudomo-sowa.jpg\",\"width\":120,\"height\":120,\"caption\":\"EduDoMo\"},\"image\":{\"@id\":\"https:\/\/sklep.edudomo.pl\/#\/schema\/logo\/image\/\"}}]}<\/script>\n<!-- \/ Yoast SEO plugin. -->","yoast_head_json":{"title":"Czasownik.","robots":{"index":"index","follow":"follow","max-snippet":"max-snippet:-1","max-image-preview":"max-image-preview:large","max-video-preview":"max-video-preview:-1"},"canonical":"https:\/\/sklep.edudomo.pl\/en\/sklep\/czasownik\/","og_locale":"en_GB","og_type":"article","og_title":"[:pl]Czasownik.[:en]Czasownik.[:] - sklep EduDoMo","og_description":"Czasownik. Uk\u0142adanka o wymiarach 16,5 cm x 49cm, kt\u00f3ra przedstawia 4 czerwone ko\u0142a.\u00a0 Uk\u0142adanka CZASOWNIK to \u00a04 ko\u0142a wiedzy &nbsp; Pierwsze ko\u0142o wprowadzenie do poj\u0119cia czasownika. W \u015brodku Montessoria\u0144ski symbol: czerwone ko\u0142o. A wok\u00f3\u0142 niego okr\u0119g podzielony na 3 cz\u0119\u015bci z zapisanymi pytaniami, kt\u00f3re mo\u017cna osobno k\u0142a\u015b\u0107 na otworze i popycha\u0107 palcem, aby wykona\u0142y obr\u00f3t.Read More","og_url":"https:\/\/sklep.edudomo.pl\/en\/sklep\/czasownik\/","og_site_name":"sklep EduDoMo","article_modified_time":"2025-11-25T17:48:05+00:00","og_image":[{"width":1170,"height":1160,"url":"https:\/\/sklep.edudomo.pl\/wp-content\/uploads\/2021\/01\/IMG_2790.jpeg","type":"image\/jpeg"}],"twitter_card":"summary_large_image","twitter_misc":{"Estimated reading time":"2 minutes"},"schema":{"@context":"https:\/\/schema.org","@graph":[{"@type":"WebPage","@id":"https:\/\/sklep.edudomo.pl\/sklep\/czasownik\/","url":"https:\/\/sklep.edudomo.pl\/sklep\/czasownik\/","name":"Czasownik.","isPartOf":{"@id":"https:\/\/sklep.edudomo.pl\/#website"},"primaryImageOfPage":{"@id":"https:\/\/sklep.edudomo.pl\/sklep\/czasownik\/#primaryimage"},"image":{"@id":"https:\/\/sklep.edudomo.pl\/sklep\/czasownik\/#primaryimage"},"thumbnailUrl":"https:\/\/sklep.edudomo.pl\/wp-content\/uploads\/2021\/01\/IMG_2790.jpeg","datePublished":"2021-01-31T21:57:36+00:00","dateModified":"2025-11-25T17:48:05+00:00","breadcrumb":{"@id":"https:\/\/sklep.edudomo.pl\/sklep\/czasownik\/#breadcrumb"},"inLanguage":"en-GB","potentialAction":[{"@type":"ReadAction","target":["https:\/\/sklep.edudomo.pl\/sklep\/czasownik\/"]}]},{"@type":"ImageObject","inLanguage":"en-GB","@id":"https:\/\/sklep.edudomo.pl\/sklep\/czasownik\/#primaryimage","url":"https:\/\/sklep.edudomo.pl\/wp-content\/uploads\/2021\/01\/IMG_2790.jpeg","contentUrl":"https:\/\/sklep.edudomo.pl\/wp-content\/uploads\/2021\/01\/IMG_2790.jpeg","width":1170,"height":1160},{"@type":"BreadcrumbList","@id":"https:\/\/sklep.edudomo.pl\/sklep\/czasownik\/#breadcrumb","itemListElement":[{"@type":"ListItem","position":1,"name":"Strona g\u0142\u00f3wna","item":"https:\/\/sklep.edudomo.pl\/"},{"@type":"ListItem","position":2,"name":"Sklep","item":"https:\/\/sklep.edudomo.pl\/"},{"@type":"ListItem","position":3,"name":"Czasownik."}]},{"@type":"WebSite","@id":"https:\/\/sklep.edudomo.pl\/#website","url":"https:\/\/sklep.edudomo.pl\/","name":"sklep EduDoMo","description":"Edukacja Domowa. Terapia. Wspieranie Talent&oacute;w","publisher":{"@id":"https:\/\/sklep.edudomo.pl\/#organization"},"potentialAction":[{"@type":"SearchAction","target":{"@type":"EntryPoint","urlTemplate":"https:\/\/sklep.edudomo.pl\/?s={search_term_string}"},"query-input":{"@type":"PropertyValueSpecification","valueRequired":true,"valueName":"search_term_string"}}],"inLanguage":"en-GB"},{"@type":"Organization","@id":"https:\/\/sklep.edudomo.pl\/#organization","name":"EduDoMo","url":"https:\/\/sklep.edudomo.pl\/","logo":{"@type":"ImageObject","inLanguage":"en-GB","@id":"https:\/\/sklep.edudomo.pl\/#\/schema\/logo\/image\/","url":"https:\/\/sklep.edudomo.pl\/wp-content\/uploads\/2019\/11\/cropped-logo-edudomo-sowa.jpg","contentUrl":"https:\/\/sklep.edudomo.pl\/wp-content\/uploads\/2019\/11\/cropped-logo-edudomo-sowa.jpg","width":120,"height":120,"caption":"EduDoMo"},"image":{"@id":"https:\/\/sklep.edudomo.pl\/#\/schema\/logo\/image\/"}}]}},"jetpack_sharing_enabled":true,"_links":{"self":[{"href":"https:\/\/sklep.edudomo.pl\/en\/wp-json\/wp\/v2\/product\/4004","targetHints":{"allow":["GET"]}}],"collection":[{"href":"https:\/\/sklep.edudomo.pl\/en\/wp-json\/wp\/v2\/product"}],"about":[{"href":"https:\/\/sklep.edudomo.pl\/en\/wp-json\/wp\/v2\/types\/product"}],"replies":[{"embeddable":true,"href":"https:\/\/sklep.edudomo.pl\/en\/wp-json\/wp\/v2\/comments?post=4004"}],"wp:featuredmedia":[{"embeddable":true,"href":"https:\/\/sklep.edudomo.pl\/en\/wp-json\/wp\/v2\/media\/11638"}],"wp:attachment":[{"href":"https:\/\/sklep.edudomo.pl\/en\/wp-json\/wp\/v2\/media?parent=4004"}],"wp:term":[{"taxonomy":"product_brand","embeddable":true,"href":"https:\/\/sklep.edudomo.pl\/en\/wp-json\/wp\/v2\/product_brand?post=4004"},{"taxonomy":"product_cat","embeddable":true,"href":"https:\/\/sklep.edudomo.pl\/en\/wp-json\/wp\/v2\/product_cat?post=4004"},{"taxonomy":"product_tag","embeddable":true,"href":"https:\/\/sklep.edudomo.pl\/en\/wp-json\/wp\/v2\/product_tag?post=4004"}],"curies":[{"name":"wp","href":"https:\/\/api.w.org\/{rel}","templated":true}]}}