{"id":4093,"date":"2021-02-07T06:55:24","date_gmt":"2021-02-07T06:55:24","guid":{"rendered":"https:\/\/sklep.edudomo.pl\/?post_type=product&#038;p=4093"},"modified":"2025-11-25T17:23:12","modified_gmt":"2025-11-25T17:23:12","slug":"liczby-majow-mayan-numeral-system","status":"publish","type":"product","link":"https:\/\/sklep.edudomo.pl\/en\/sklep\/liczby-majow-mayan-numeral-system\/","title":{"rendered":"Liczby Maj\u00f3w. Mayan numeral system."},"content":{"rendered":"<p>Liczby Maj\u00f3w. Mayan numeral system.<\/p>\n<p>Drewniany zestaw logiczny, kt\u00f3ry zawieraj\u0105 karty wielko\u015bci 7cm x 5,5 cm z liczbami zapisane wg systemu liczbowego Maj\u00f3w.<\/p>\n<p>Liczby zapisane s\u0105 od 1-30, nast\u0119pnie dziesi\u0105tkami do stu oraz setkami do tysi\u0105ca.<\/p>\n<p>Na rewersach widnieje wyt\u0142umaczenie jak skonstruowana jest liczba.<\/p>\n<p>Do zestawu do\u0142\u0105czone s\u0105 \u017cetony do samodzielnego zbudowania liczby. 10 \u017ceton\u00f3w przedstawiaj\u0105cych domkni\u0119te oczy, 10 patyczk\u00f3w wielo\u015bci 5 cm, 10 br\u0105zowych pere\u0142, 10 podstawek do pere\u0142 z 4 otworami.<\/p>\n","protected":false},"excerpt":{"rendered":"<p>Liczby Maj\u00f3w. Mayan numeral system. Drewniany zestaw logiczny, kt\u00f3ry zawieraj\u0105 karty wielko\u015bci 7cm x 5,5 cm z liczbami zapisane wg systemu liczbowego Maj\u00f3w. Liczby zapisane s\u0105 od 1-30, nast\u0119pnie dziesi\u0105tkami do stu oraz setkami do tysi\u0105ca. Na rewersach widnieje wyt\u0142umaczenie jak skonstruowana jest liczba. Do zestawu do\u0142\u0105czone s\u0105 \u017cetony do samodzielnego zbudowania liczby. 10 \u017ceton\u00f3w<span class=\"read-more-faq\"><a href=\"https:\/\/sklep.edudomo.pl\/en\/sklep\/liczby-majow-mayan-numeral-system\/\">Read More<\/a><\/span><\/p>\n","protected":false},"featured_media":4094,"comment_status":"open","ping_status":"closed","template":"","meta":[],"product_brand":[],"product_cat":[85,88,86],"product_tag":[122],"class_list":{"0":"post-4093","1":"product","2":"type-product","3":"status-publish","4":"has-post-thumbnail","6":"product_cat-eukacja-matematyczna","7":"product_cat-material-jezykowy","8":"product_cat-material-sensoryczny","9":"product_tag-system-liczbowy-majow","10":"product_shipping_class-inpost-kurier-a","12":"first","13":"onbackorder","14":"taxable","15":"shipping-taxable","16":"purchasable","17":"product-type-simple"},"yoast_head":"<!-- This site is optimized with the Yoast SEO plugin v26.5 - https:\/\/yoast.com\/wordpress\/plugins\/seo\/ -->\n<title>Liczby Maj\u00f3w. Mayan numeral system.<\/title>\n<meta name=\"robots\" content=\"index, follow, max-snippet:-1, max-image-preview:large, max-video-preview:-1\" \/>\n<link rel=\"canonical\" href=\"https:\/\/sklep.edudomo.pl\/en\/sklep\/liczby-majow-mayan-numeral-system\/\" \/>\n<meta property=\"og:locale\" content=\"en_GB\" \/>\n<meta property=\"og:locale:alternate\" content=\"pl_PL\" \/>\n<meta property=\"og:type\" content=\"article\" \/>\n<meta property=\"og:title\" content=\"Liczby Maj\u00f3w. Mayan numeral system.\" \/>\n<meta property=\"og:description\" content=\"Liczby Maj\u00f3w. Mayan numeral system. Drewniany zestaw logiczny, kt\u00f3ry zawieraj\u0105 karty wielko\u015bci 7cm x 5,5 cm z liczbami zapisane wg systemu liczbowego Maj\u00f3w. Liczby zapisane s\u0105 od 1-30, nast\u0119pnie dziesi\u0105tkami do stu oraz setkami do tysi\u0105ca. Na rewersach widnieje wyt\u0142umaczenie jak skonstruowana jest liczba. Do zestawu do\u0142\u0105czone s\u0105 \u017cetony do samodzielnego zbudowania liczby. 10 \u017ceton\u00f3wRead More\" \/>\n<meta property=\"og:url\" content=\"https:\/\/sklep.edudomo.pl\/en\/sklep\/liczby-majow-mayan-numeral-system\/\" \/>\n<meta property=\"og:site_name\" content=\"sklep EduDoMo\" \/>\n<meta property=\"article:modified_time\" content=\"2025-11-25T17:23:12+00:00\" \/>\n<meta property=\"og:image\" content=\"https:\/\/sklep.edudomo.pl\/wp-content\/uploads\/2021\/02\/majan.jpg\" \/>\n\t<meta property=\"og:image:width\" content=\"480\" \/>\n\t<meta property=\"og:image:height\" content=\"516\" \/>\n\t<meta property=\"og:image:type\" content=\"image\/jpeg\" \/>\n<meta name=\"twitter:card\" content=\"summary_large_image\" \/>\n<script type=\"application\/ld+json\" class=\"yoast-schema-graph\">{\"@context\":\"https:\/\/schema.org\",\"@graph\":[{\"@type\":\"WebPage\",\"@id\":\"https:\/\/sklep.edudomo.pl\/sklep\/liczby-majow-mayan-numeral-system\/\",\"url\":\"https:\/\/sklep.edudomo.pl\/sklep\/liczby-majow-mayan-numeral-system\/\",\"name\":\"Liczby Maj\u00f3w. Mayan numeral system.\",\"isPartOf\":{\"@id\":\"https:\/\/sklep.edudomo.pl\/#website\"},\"primaryImageOfPage\":{\"@id\":\"https:\/\/sklep.edudomo.pl\/sklep\/liczby-majow-mayan-numeral-system\/#primaryimage\"},\"image\":{\"@id\":\"https:\/\/sklep.edudomo.pl\/sklep\/liczby-majow-mayan-numeral-system\/#primaryimage\"},\"thumbnailUrl\":\"https:\/\/sklep.edudomo.pl\/wp-content\/uploads\/2021\/02\/majan.jpg\",\"datePublished\":\"2021-02-07T06:55:24+00:00\",\"dateModified\":\"2025-11-25T17:23:12+00:00\",\"breadcrumb\":{\"@id\":\"https:\/\/sklep.edudomo.pl\/sklep\/liczby-majow-mayan-numeral-system\/#breadcrumb\"},\"inLanguage\":\"en-GB\",\"potentialAction\":[{\"@type\":\"ReadAction\",\"target\":[\"https:\/\/sklep.edudomo.pl\/sklep\/liczby-majow-mayan-numeral-system\/\"]}]},{\"@type\":\"ImageObject\",\"inLanguage\":\"en-GB\",\"@id\":\"https:\/\/sklep.edudomo.pl\/sklep\/liczby-majow-mayan-numeral-system\/#primaryimage\",\"url\":\"https:\/\/sklep.edudomo.pl\/wp-content\/uploads\/2021\/02\/majan.jpg\",\"contentUrl\":\"https:\/\/sklep.edudomo.pl\/wp-content\/uploads\/2021\/02\/majan.jpg\",\"width\":480,\"height\":516,\"caption\":\"Liczby Maj\u00f3w. Mayan numeral system.\"},{\"@type\":\"BreadcrumbList\",\"@id\":\"https:\/\/sklep.edudomo.pl\/sklep\/liczby-majow-mayan-numeral-system\/#breadcrumb\",\"itemListElement\":[{\"@type\":\"ListItem\",\"position\":1,\"name\":\"Strona g\u0142\u00f3wna\",\"item\":\"https:\/\/sklep.edudomo.pl\/\"},{\"@type\":\"ListItem\",\"position\":2,\"name\":\"Sklep\",\"item\":\"https:\/\/sklep.edudomo.pl\/\"},{\"@type\":\"ListItem\",\"position\":3,\"name\":\"Liczby Maj\u00f3w. Mayan numeral system.\"}]},{\"@type\":\"WebSite\",\"@id\":\"https:\/\/sklep.edudomo.pl\/#website\",\"url\":\"https:\/\/sklep.edudomo.pl\/\",\"name\":\"sklep EduDoMo\",\"description\":\"Edukacja Domowa. Terapia. Wspieranie Talent&oacute;w\",\"publisher\":{\"@id\":\"https:\/\/sklep.edudomo.pl\/#organization\"},\"potentialAction\":[{\"@type\":\"SearchAction\",\"target\":{\"@type\":\"EntryPoint\",\"urlTemplate\":\"https:\/\/sklep.edudomo.pl\/?s={search_term_string}\"},\"query-input\":{\"@type\":\"PropertyValueSpecification\",\"valueRequired\":true,\"valueName\":\"search_term_string\"}}],\"inLanguage\":\"en-GB\"},{\"@type\":\"Organization\",\"@id\":\"https:\/\/sklep.edudomo.pl\/#organization\",\"name\":\"EduDoMo\",\"url\":\"https:\/\/sklep.edudomo.pl\/\",\"logo\":{\"@type\":\"ImageObject\",\"inLanguage\":\"en-GB\",\"@id\":\"https:\/\/sklep.edudomo.pl\/#\/schema\/logo\/image\/\",\"url\":\"https:\/\/sklep.edudomo.pl\/wp-content\/uploads\/2019\/11\/cropped-logo-edudomo-sowa.jpg\",\"contentUrl\":\"https:\/\/sklep.edudomo.pl\/wp-content\/uploads\/2019\/11\/cropped-logo-edudomo-sowa.jpg\",\"width\":120,\"height\":120,\"caption\":\"EduDoMo\"},\"image\":{\"@id\":\"https:\/\/sklep.edudomo.pl\/#\/schema\/logo\/image\/\"}}]}<\/script>\n<!-- \/ Yoast SEO plugin. -->","yoast_head_json":{"title":"Liczby Maj\u00f3w. Mayan numeral system.","robots":{"index":"index","follow":"follow","max-snippet":"max-snippet:-1","max-image-preview":"max-image-preview:large","max-video-preview":"max-video-preview:-1"},"canonical":"https:\/\/sklep.edudomo.pl\/en\/sklep\/liczby-majow-mayan-numeral-system\/","og_locale":"en_GB","og_type":"article","og_title":"[:pl]Liczby Maj\u00f3w. Mayan numeral system.[:] - sklep EduDoMo","og_description":"Liczby Maj\u00f3w. Mayan numeral system. Drewniany zestaw logiczny, kt\u00f3ry zawieraj\u0105 karty wielko\u015bci 7cm x 5,5 cm z liczbami zapisane wg systemu liczbowego Maj\u00f3w. Liczby zapisane s\u0105 od 1-30, nast\u0119pnie dziesi\u0105tkami do stu oraz setkami do tysi\u0105ca. Na rewersach widnieje wyt\u0142umaczenie jak skonstruowana jest liczba. Do zestawu do\u0142\u0105czone s\u0105 \u017cetony do samodzielnego zbudowania liczby. 10 \u017ceton\u00f3wRead More","og_url":"https:\/\/sklep.edudomo.pl\/en\/sklep\/liczby-majow-mayan-numeral-system\/","og_site_name":"sklep EduDoMo","article_modified_time":"2025-11-25T17:23:12+00:00","og_image":[{"width":480,"height":516,"url":"https:\/\/sklep.edudomo.pl\/wp-content\/uploads\/2021\/02\/majan.jpg","type":"image\/jpeg"}],"twitter_card":"summary_large_image","schema":{"@context":"https:\/\/schema.org","@graph":[{"@type":"WebPage","@id":"https:\/\/sklep.edudomo.pl\/sklep\/liczby-majow-mayan-numeral-system\/","url":"https:\/\/sklep.edudomo.pl\/sklep\/liczby-majow-mayan-numeral-system\/","name":"Liczby Maj\u00f3w. Mayan numeral system.","isPartOf":{"@id":"https:\/\/sklep.edudomo.pl\/#website"},"primaryImageOfPage":{"@id":"https:\/\/sklep.edudomo.pl\/sklep\/liczby-majow-mayan-numeral-system\/#primaryimage"},"image":{"@id":"https:\/\/sklep.edudomo.pl\/sklep\/liczby-majow-mayan-numeral-system\/#primaryimage"},"thumbnailUrl":"https:\/\/sklep.edudomo.pl\/wp-content\/uploads\/2021\/02\/majan.jpg","datePublished":"2021-02-07T06:55:24+00:00","dateModified":"2025-11-25T17:23:12+00:00","breadcrumb":{"@id":"https:\/\/sklep.edudomo.pl\/sklep\/liczby-majow-mayan-numeral-system\/#breadcrumb"},"inLanguage":"en-GB","potentialAction":[{"@type":"ReadAction","target":["https:\/\/sklep.edudomo.pl\/sklep\/liczby-majow-mayan-numeral-system\/"]}]},{"@type":"ImageObject","inLanguage":"en-GB","@id":"https:\/\/sklep.edudomo.pl\/sklep\/liczby-majow-mayan-numeral-system\/#primaryimage","url":"https:\/\/sklep.edudomo.pl\/wp-content\/uploads\/2021\/02\/majan.jpg","contentUrl":"https:\/\/sklep.edudomo.pl\/wp-content\/uploads\/2021\/02\/majan.jpg","width":480,"height":516,"caption":"Liczby Maj\u00f3w. Mayan numeral system."},{"@type":"BreadcrumbList","@id":"https:\/\/sklep.edudomo.pl\/sklep\/liczby-majow-mayan-numeral-system\/#breadcrumb","itemListElement":[{"@type":"ListItem","position":1,"name":"Strona g\u0142\u00f3wna","item":"https:\/\/sklep.edudomo.pl\/"},{"@type":"ListItem","position":2,"name":"Sklep","item":"https:\/\/sklep.edudomo.pl\/"},{"@type":"ListItem","position":3,"name":"Liczby Maj\u00f3w. Mayan numeral system."}]},{"@type":"WebSite","@id":"https:\/\/sklep.edudomo.pl\/#website","url":"https:\/\/sklep.edudomo.pl\/","name":"sklep EduDoMo","description":"Edukacja Domowa. Terapia. Wspieranie Talent&oacute;w","publisher":{"@id":"https:\/\/sklep.edudomo.pl\/#organization"},"potentialAction":[{"@type":"SearchAction","target":{"@type":"EntryPoint","urlTemplate":"https:\/\/sklep.edudomo.pl\/?s={search_term_string}"},"query-input":{"@type":"PropertyValueSpecification","valueRequired":true,"valueName":"search_term_string"}}],"inLanguage":"en-GB"},{"@type":"Organization","@id":"https:\/\/sklep.edudomo.pl\/#organization","name":"EduDoMo","url":"https:\/\/sklep.edudomo.pl\/","logo":{"@type":"ImageObject","inLanguage":"en-GB","@id":"https:\/\/sklep.edudomo.pl\/#\/schema\/logo\/image\/","url":"https:\/\/sklep.edudomo.pl\/wp-content\/uploads\/2019\/11\/cropped-logo-edudomo-sowa.jpg","contentUrl":"https:\/\/sklep.edudomo.pl\/wp-content\/uploads\/2019\/11\/cropped-logo-edudomo-sowa.jpg","width":120,"height":120,"caption":"EduDoMo"},"image":{"@id":"https:\/\/sklep.edudomo.pl\/#\/schema\/logo\/image\/"}}]}},"jetpack_sharing_enabled":true,"_links":{"self":[{"href":"https:\/\/sklep.edudomo.pl\/en\/wp-json\/wp\/v2\/product\/4093","targetHints":{"allow":["GET"]}}],"collection":[{"href":"https:\/\/sklep.edudomo.pl\/en\/wp-json\/wp\/v2\/product"}],"about":[{"href":"https:\/\/sklep.edudomo.pl\/en\/wp-json\/wp\/v2\/types\/product"}],"replies":[{"embeddable":true,"href":"https:\/\/sklep.edudomo.pl\/en\/wp-json\/wp\/v2\/comments?post=4093"}],"wp:featuredmedia":[{"embeddable":true,"href":"https:\/\/sklep.edudomo.pl\/en\/wp-json\/wp\/v2\/media\/4094"}],"wp:attachment":[{"href":"https:\/\/sklep.edudomo.pl\/en\/wp-json\/wp\/v2\/media?parent=4093"}],"wp:term":[{"taxonomy":"product_brand","embeddable":true,"href":"https:\/\/sklep.edudomo.pl\/en\/wp-json\/wp\/v2\/product_brand?post=4093"},{"taxonomy":"product_cat","embeddable":true,"href":"https:\/\/sklep.edudomo.pl\/en\/wp-json\/wp\/v2\/product_cat?post=4093"},{"taxonomy":"product_tag","embeddable":true,"href":"https:\/\/sklep.edudomo.pl\/en\/wp-json\/wp\/v2\/product_tag?post=4093"}],"curies":[{"name":"wp","href":"https:\/\/api.w.org\/{rel}","templated":true}]}}