{"id":4423,"date":"2021-03-07T06:15:05","date_gmt":"2021-03-07T06:15:05","guid":{"rendered":"https:\/\/sklep.edudomo.pl\/?post_type=product&#038;p=4423"},"modified":"2025-11-25T17:21:09","modified_gmt":"2025-11-25T17:21:09","slug":"przedsprzedaz-kamien-edudomo-probki-pisma-na-plytkach-na-plycie","status":"publish","type":"product","link":"https:\/\/sklep.edudomo.pl\/en\/sklep\/przedsprzedaz-kamien-edudomo-probki-pisma-na-plytkach-na-plycie\/","title":{"rendered":"The EduDoMo Stone -different writing systems to arrange chronologically"},"content":{"rendered":"<p>The EduDoMo Stone is a sensory puzzle \u2013 different writing systems to arrange chronologically.<\/p>\n<p>When the pieces are correctly arranged, the shape of the stone is similar to the Rosetta Stone.<\/p>\n<p>The pieces can be arranged and labelled on the floor or on the already labelled board \u2013 the latter method will be the error control.<\/p>\n<p>Size: 42cm x 35cm<\/p>\n","protected":false},"excerpt":{"rendered":"<p>The EduDoMo Stone is a sensory puzzle \u2013 different writing systems to arrange chronologically. When the pieces are correctly arranged, the shape of the stone is similar to the Rosetta Stone. The pieces can be arranged and labelled on the floor or on the already labelled board \u2013 the latter method will be the error<span class=\"read-more-faq\"><a href=\"https:\/\/sklep.edudomo.pl\/en\/sklep\/przedsprzedaz-kamien-edudomo-probki-pisma-na-plytkach-na-plycie\/\">Read More<\/a><\/span><\/p>\n","protected":false},"featured_media":4481,"comment_status":"open","ping_status":"closed","template":"","meta":[],"product_brand":[],"product_cat":[84,120,88,86],"product_tag":[],"class_list":{"0":"post-4423","1":"product","2":"type-product","3":"status-publish","4":"has-post-thumbnail","6":"product_cat-edukacja-kosmiczna","7":"product_cat-historia","8":"product_cat-material-jezykowy","9":"product_cat-material-sensoryczny","10":"product_shipping_class-inpost-kurier-a","12":"first","13":"onbackorder","14":"taxable","15":"shipping-taxable","16":"purchasable","17":"product-type-simple"},"yoast_head":"<!-- This site is optimized with the Yoast SEO plugin v26.5 - https:\/\/yoast.com\/wordpress\/plugins\/seo\/ -->\n<title>The EduDoMo Stone -different writing systems to arrange chronologically<\/title>\n<meta name=\"robots\" content=\"index, follow, max-snippet:-1, max-image-preview:large, max-video-preview:-1\" \/>\n<link rel=\"canonical\" href=\"https:\/\/sklep.edudomo.pl\/en\/sklep\/przedsprzedaz-kamien-edudomo-probki-pisma-na-plytkach-na-plycie\/\" \/>\n<meta property=\"og:locale\" content=\"en_GB\" \/>\n<meta property=\"og:locale:alternate\" content=\"pl_PL\" \/>\n<meta property=\"og:type\" content=\"article\" \/>\n<meta property=\"og:title\" content=\"The EduDoMo Stone -different writing systems to arrange chronologically\" \/>\n<meta property=\"og:description\" content=\"The EduDoMo Stone is a sensory puzzle \u2013 different writing systems to arrange chronologically. When the pieces are correctly arranged, the shape of the stone is similar to the Rosetta Stone. The pieces can be arranged and labelled on the floor or on the already labelled board \u2013 the latter method will be the errorRead More\" \/>\n<meta property=\"og:url\" content=\"https:\/\/sklep.edudomo.pl\/en\/sklep\/przedsprzedaz-kamien-edudomo-probki-pisma-na-plytkach-na-plycie\/\" \/>\n<meta property=\"og:site_name\" content=\"sklep EduDoMo\" \/>\n<meta property=\"article:modified_time\" content=\"2025-11-25T17:21:09+00:00\" \/>\n<meta property=\"og:image\" content=\"https:\/\/sklep.edudomo.pl\/wp-content\/uploads\/2021\/03\/IMG_5152.jpg\" \/>\n\t<meta property=\"og:image:width\" content=\"525\" \/>\n\t<meta property=\"og:image:height\" content=\"640\" \/>\n\t<meta property=\"og:image:type\" content=\"image\/jpeg\" \/>\n<meta name=\"twitter:card\" content=\"summary_large_image\" \/>\n<meta name=\"twitter:label1\" content=\"Estimated reading time\" \/>\n\t<meta name=\"twitter:data1\" content=\"1 minute\" \/>\n<script type=\"application\/ld+json\" class=\"yoast-schema-graph\">{\"@context\":\"https:\/\/schema.org\",\"@graph\":[{\"@type\":\"WebPage\",\"@id\":\"https:\/\/sklep.edudomo.pl\/sklep\/przedsprzedaz-kamien-edudomo-probki-pisma-na-plytkach-na-plycie\/\",\"url\":\"https:\/\/sklep.edudomo.pl\/sklep\/przedsprzedaz-kamien-edudomo-probki-pisma-na-plytkach-na-plycie\/\",\"name\":\"The EduDoMo Stone -different writing systems to arrange chronologically\",\"isPartOf\":{\"@id\":\"https:\/\/sklep.edudomo.pl\/#website\"},\"primaryImageOfPage\":{\"@id\":\"https:\/\/sklep.edudomo.pl\/sklep\/przedsprzedaz-kamien-edudomo-probki-pisma-na-plytkach-na-plycie\/#primaryimage\"},\"image\":{\"@id\":\"https:\/\/sklep.edudomo.pl\/sklep\/przedsprzedaz-kamien-edudomo-probki-pisma-na-plytkach-na-plycie\/#primaryimage\"},\"thumbnailUrl\":\"https:\/\/sklep.edudomo.pl\/wp-content\/uploads\/2021\/03\/IMG_5152.jpg\",\"datePublished\":\"2021-03-07T06:15:05+00:00\",\"dateModified\":\"2025-11-25T17:21:09+00:00\",\"breadcrumb\":{\"@id\":\"https:\/\/sklep.edudomo.pl\/sklep\/przedsprzedaz-kamien-edudomo-probki-pisma-na-plytkach-na-plycie\/#breadcrumb\"},\"inLanguage\":\"en-GB\",\"potentialAction\":[{\"@type\":\"ReadAction\",\"target\":[\"https:\/\/sklep.edudomo.pl\/sklep\/przedsprzedaz-kamien-edudomo-probki-pisma-na-plytkach-na-plycie\/\"]}]},{\"@type\":\"ImageObject\",\"inLanguage\":\"en-GB\",\"@id\":\"https:\/\/sklep.edudomo.pl\/sklep\/przedsprzedaz-kamien-edudomo-probki-pisma-na-plytkach-na-plycie\/#primaryimage\",\"url\":\"https:\/\/sklep.edudomo.pl\/wp-content\/uploads\/2021\/03\/IMG_5152.jpg\",\"contentUrl\":\"https:\/\/sklep.edudomo.pl\/wp-content\/uploads\/2021\/03\/IMG_5152.jpg\",\"width\":525,\"height\":640,\"caption\":\"Kamie\u0144 Ewolucja Pisma\"},{\"@type\":\"BreadcrumbList\",\"@id\":\"https:\/\/sklep.edudomo.pl\/sklep\/przedsprzedaz-kamien-edudomo-probki-pisma-na-plytkach-na-plycie\/#breadcrumb\",\"itemListElement\":[{\"@type\":\"ListItem\",\"position\":1,\"name\":\"Strona g\u0142\u00f3wna\",\"item\":\"https:\/\/sklep.edudomo.pl\/\"},{\"@type\":\"ListItem\",\"position\":2,\"name\":\"Sklep\",\"item\":\"https:\/\/sklep.edudomo.pl\/\"},{\"@type\":\"ListItem\",\"position\":3,\"name\":\"Kamie\u0144 EduDoMo -pr\u00f3bki pisma na p\u0142ytkach na planszy. The EduDoMo Stone -different writing systems to arrange chronologically\"}]},{\"@type\":\"WebSite\",\"@id\":\"https:\/\/sklep.edudomo.pl\/#website\",\"url\":\"https:\/\/sklep.edudomo.pl\/\",\"name\":\"sklep EduDoMo\",\"description\":\"Edukacja Domowa. Terapia. Wspieranie Talent&oacute;w\",\"publisher\":{\"@id\":\"https:\/\/sklep.edudomo.pl\/#organization\"},\"potentialAction\":[{\"@type\":\"SearchAction\",\"target\":{\"@type\":\"EntryPoint\",\"urlTemplate\":\"https:\/\/sklep.edudomo.pl\/?s={search_term_string}\"},\"query-input\":{\"@type\":\"PropertyValueSpecification\",\"valueRequired\":true,\"valueName\":\"search_term_string\"}}],\"inLanguage\":\"en-GB\"},{\"@type\":\"Organization\",\"@id\":\"https:\/\/sklep.edudomo.pl\/#organization\",\"name\":\"EduDoMo\",\"url\":\"https:\/\/sklep.edudomo.pl\/\",\"logo\":{\"@type\":\"ImageObject\",\"inLanguage\":\"en-GB\",\"@id\":\"https:\/\/sklep.edudomo.pl\/#\/schema\/logo\/image\/\",\"url\":\"https:\/\/sklep.edudomo.pl\/wp-content\/uploads\/2019\/11\/cropped-logo-edudomo-sowa.jpg\",\"contentUrl\":\"https:\/\/sklep.edudomo.pl\/wp-content\/uploads\/2019\/11\/cropped-logo-edudomo-sowa.jpg\",\"width\":120,\"height\":120,\"caption\":\"EduDoMo\"},\"image\":{\"@id\":\"https:\/\/sklep.edudomo.pl\/#\/schema\/logo\/image\/\"}}]}<\/script>\n<!-- \/ Yoast SEO plugin. -->","yoast_head_json":{"title":"The EduDoMo Stone -different writing systems to arrange chronologically","robots":{"index":"index","follow":"follow","max-snippet":"max-snippet:-1","max-image-preview":"max-image-preview:large","max-video-preview":"max-video-preview:-1"},"canonical":"https:\/\/sklep.edudomo.pl\/en\/sklep\/przedsprzedaz-kamien-edudomo-probki-pisma-na-plytkach-na-plycie\/","og_locale":"en_GB","og_type":"article","og_title":"[:pl]Kamie\u0144 EduDoMo -pr\u00f3bki pisma na p\u0142ytkach na planszy. The EduDoMo Stone -different writing systems to arrange chronologically[:en]The EduDoMo Stone -different writing systems to arrange chronologically[:] - sklep EduDoMo","og_description":"The EduDoMo Stone is a sensory puzzle \u2013 different writing systems to arrange chronologically. When the pieces are correctly arranged, the shape of the stone is similar to the Rosetta Stone. The pieces can be arranged and labelled on the floor or on the already labelled board \u2013 the latter method will be the errorRead More","og_url":"https:\/\/sklep.edudomo.pl\/en\/sklep\/przedsprzedaz-kamien-edudomo-probki-pisma-na-plytkach-na-plycie\/","og_site_name":"sklep EduDoMo","article_modified_time":"2025-11-25T17:21:09+00:00","og_image":[{"width":525,"height":640,"url":"https:\/\/sklep.edudomo.pl\/wp-content\/uploads\/2021\/03\/IMG_5152.jpg","type":"image\/jpeg"}],"twitter_card":"summary_large_image","twitter_misc":{"Estimated reading time":"1 minute"},"schema":{"@context":"https:\/\/schema.org","@graph":[{"@type":"WebPage","@id":"https:\/\/sklep.edudomo.pl\/sklep\/przedsprzedaz-kamien-edudomo-probki-pisma-na-plytkach-na-plycie\/","url":"https:\/\/sklep.edudomo.pl\/sklep\/przedsprzedaz-kamien-edudomo-probki-pisma-na-plytkach-na-plycie\/","name":"The EduDoMo Stone -different writing systems to arrange chronologically","isPartOf":{"@id":"https:\/\/sklep.edudomo.pl\/#website"},"primaryImageOfPage":{"@id":"https:\/\/sklep.edudomo.pl\/sklep\/przedsprzedaz-kamien-edudomo-probki-pisma-na-plytkach-na-plycie\/#primaryimage"},"image":{"@id":"https:\/\/sklep.edudomo.pl\/sklep\/przedsprzedaz-kamien-edudomo-probki-pisma-na-plytkach-na-plycie\/#primaryimage"},"thumbnailUrl":"https:\/\/sklep.edudomo.pl\/wp-content\/uploads\/2021\/03\/IMG_5152.jpg","datePublished":"2021-03-07T06:15:05+00:00","dateModified":"2025-11-25T17:21:09+00:00","breadcrumb":{"@id":"https:\/\/sklep.edudomo.pl\/sklep\/przedsprzedaz-kamien-edudomo-probki-pisma-na-plytkach-na-plycie\/#breadcrumb"},"inLanguage":"en-GB","potentialAction":[{"@type":"ReadAction","target":["https:\/\/sklep.edudomo.pl\/sklep\/przedsprzedaz-kamien-edudomo-probki-pisma-na-plytkach-na-plycie\/"]}]},{"@type":"ImageObject","inLanguage":"en-GB","@id":"https:\/\/sklep.edudomo.pl\/sklep\/przedsprzedaz-kamien-edudomo-probki-pisma-na-plytkach-na-plycie\/#primaryimage","url":"https:\/\/sklep.edudomo.pl\/wp-content\/uploads\/2021\/03\/IMG_5152.jpg","contentUrl":"https:\/\/sklep.edudomo.pl\/wp-content\/uploads\/2021\/03\/IMG_5152.jpg","width":525,"height":640,"caption":"Kamie\u0144 Ewolucja Pisma"},{"@type":"BreadcrumbList","@id":"https:\/\/sklep.edudomo.pl\/sklep\/przedsprzedaz-kamien-edudomo-probki-pisma-na-plytkach-na-plycie\/#breadcrumb","itemListElement":[{"@type":"ListItem","position":1,"name":"Strona g\u0142\u00f3wna","item":"https:\/\/sklep.edudomo.pl\/"},{"@type":"ListItem","position":2,"name":"Sklep","item":"https:\/\/sklep.edudomo.pl\/"},{"@type":"ListItem","position":3,"name":"Kamie\u0144 EduDoMo -pr\u00f3bki pisma na p\u0142ytkach na planszy. The EduDoMo Stone -different writing systems to arrange chronologically"}]},{"@type":"WebSite","@id":"https:\/\/sklep.edudomo.pl\/#website","url":"https:\/\/sklep.edudomo.pl\/","name":"sklep EduDoMo","description":"Edukacja Domowa. Terapia. Wspieranie Talent&oacute;w","publisher":{"@id":"https:\/\/sklep.edudomo.pl\/#organization"},"potentialAction":[{"@type":"SearchAction","target":{"@type":"EntryPoint","urlTemplate":"https:\/\/sklep.edudomo.pl\/?s={search_term_string}"},"query-input":{"@type":"PropertyValueSpecification","valueRequired":true,"valueName":"search_term_string"}}],"inLanguage":"en-GB"},{"@type":"Organization","@id":"https:\/\/sklep.edudomo.pl\/#organization","name":"EduDoMo","url":"https:\/\/sklep.edudomo.pl\/","logo":{"@type":"ImageObject","inLanguage":"en-GB","@id":"https:\/\/sklep.edudomo.pl\/#\/schema\/logo\/image\/","url":"https:\/\/sklep.edudomo.pl\/wp-content\/uploads\/2019\/11\/cropped-logo-edudomo-sowa.jpg","contentUrl":"https:\/\/sklep.edudomo.pl\/wp-content\/uploads\/2019\/11\/cropped-logo-edudomo-sowa.jpg","width":120,"height":120,"caption":"EduDoMo"},"image":{"@id":"https:\/\/sklep.edudomo.pl\/#\/schema\/logo\/image\/"}}]}},"jetpack_sharing_enabled":true,"_links":{"self":[{"href":"https:\/\/sklep.edudomo.pl\/en\/wp-json\/wp\/v2\/product\/4423","targetHints":{"allow":["GET"]}}],"collection":[{"href":"https:\/\/sklep.edudomo.pl\/en\/wp-json\/wp\/v2\/product"}],"about":[{"href":"https:\/\/sklep.edudomo.pl\/en\/wp-json\/wp\/v2\/types\/product"}],"replies":[{"embeddable":true,"href":"https:\/\/sklep.edudomo.pl\/en\/wp-json\/wp\/v2\/comments?post=4423"}],"wp:featuredmedia":[{"embeddable":true,"href":"https:\/\/sklep.edudomo.pl\/en\/wp-json\/wp\/v2\/media\/4481"}],"wp:attachment":[{"href":"https:\/\/sklep.edudomo.pl\/en\/wp-json\/wp\/v2\/media?parent=4423"}],"wp:term":[{"taxonomy":"product_brand","embeddable":true,"href":"https:\/\/sklep.edudomo.pl\/en\/wp-json\/wp\/v2\/product_brand?post=4423"},{"taxonomy":"product_cat","embeddable":true,"href":"https:\/\/sklep.edudomo.pl\/en\/wp-json\/wp\/v2\/product_cat?post=4423"},{"taxonomy":"product_tag","embeddable":true,"href":"https:\/\/sklep.edudomo.pl\/en\/wp-json\/wp\/v2\/product_tag?post=4423"}],"curies":[{"name":"wp","href":"https:\/\/api.w.org\/{rel}","templated":true}]}}